{"id":17,"date":"2024-01-28T20:04:47","date_gmt":"2024-01-28T19:04:47","guid":{"rendered":"https:\/\/wi.pb.edu.pl\/35lat\/?page_id=17"},"modified":"2024-06-25T09:45:05","modified_gmt":"2024-06-25T07:45:05","slug":"home","status":"publish","type":"page","link":"https:\/\/wi.pb.edu.pl\/35lat\/","title":{"rendered":""},"content":{"rendered":"<div class=\"img-full\"><img decoding=\"async\" src=\"https:\/\/wi.pb.edu.pl\/35lat\/wp-content\/uploads\/sites\/6\/2024\/03\/2024-03-jubileusz-35-lecie_WI-v2.jpg\" alt=\"Jubileusz Wydzia\u0142u Informatyki\"><\/div>\n<div>\n<table style=\"border-collapse: collapse;width: 100%\">\n<tbody>\n<tr>\n<td style=\"width: 9.29376%\"><img decoding=\"async\" src=\"https:\/\/wi.pb.edu.pl\/35lat\/wp-content\/uploads\/sites\/6\/2024\/06\/marszalek_woj_podlaskiego-scaled.jpg\" height=\"100\"><\/td>\n<td style=\"width: 90.7062%\"><span style=\"color: inherit;font-family: Saira, sans-serif;font-size: 2.4rem\">Wydarzenie wspierane przez Wojew\u00f3dztwo Podlaskie<\/span><\/td>\n<\/tr>\n<tr>\n<td style=\"width: 9.29376%\"><img loading=\"lazy\" decoding=\"async\" class=\"alignnone size-medium wp-image-1016\" src=\"https:\/\/wi.pb.edu.pl\/35lat\/wp-content\/uploads\/sites\/6\/2024\/06\/Bialystok_logotyp-300x195.png\" alt=\"\" width=\"300\" height=\"195\" srcset=\"https:\/\/wi.pb.edu.pl\/35lat\/wp-content\/uploads\/sites\/6\/2024\/06\/Bialystok_logotyp-300x195.png 300w, https:\/\/wi.pb.edu.pl\/35lat\/wp-content\/uploads\/sites\/6\/2024\/06\/Bialystok_logotyp-1024x665.png 1024w, https:\/\/wi.pb.edu.pl\/35lat\/wp-content\/uploads\/sites\/6\/2024\/06\/Bialystok_logotyp-768x499.png 768w, https:\/\/wi.pb.edu.pl\/35lat\/wp-content\/uploads\/sites\/6\/2024\/06\/Bialystok_logotyp-1536x998.png 1536w, https:\/\/wi.pb.edu.pl\/35lat\/wp-content\/uploads\/sites\/6\/2024\/06\/Bialystok_logotyp.png 1920w\" sizes=\"auto, (max-width: 300px) 100vw, 300px\" \/><\/td>\n<td style=\"width: 90.7062%\"><span style=\"color: inherit;font-family: Saira, sans-serif;font-size: 2.4rem\">Wydarzenie wspierane przez Miasto Bia\u0142ystok<\/span><\/td>\n<\/tr>\n<\/tbody>\n<\/table>\n<\/div>\n<p>&nbsp;<\/p>\n<div class=\"row\">\n<div class=\"col-sm-4 text-center\"><a class=\"button text-center animated zoomIn lead\" style=\"width: 100%\" href=\"\/35lat\/pakiety-sponsorskie\/\">Pakiety sponsorskie<\/a><\/div>\n<div class=\"col-sm-4 text-center\"><a class=\"button text-center animated zoomIn lead\" style=\"width: 100%\" href=\"\/35lat\/rejestracja\/\">Rejestracja na zjazd absolwent\u00f3w<\/a><\/div>\n<div class=\"col-sm-4 text-center\"><a class=\"button text-center animated zoomIn lead\" style=\"width: 100%\" href=\"https:\/\/wi.pb.edu.pl\/35lat\/wplaty-za-udzial-w-bankiecie-jubileuszowym\/\">Wp\u0142aty za udzia\u0142 w Bankiecie Jubileuszowym<\/a><\/div>\n<\/div>\n<div>&nbsp;<\/div>\n<div>&nbsp;<\/div>\n<h2 style=\"font-size: 3rem\"><a style=\"text-decoration: none\" title=\"poka\u017c wszystkie\" href=\"\/35lat\/aktualnosci\/\">Aktualno\u015bci <i class=\"fa fa-caret-right\" aria-hidden=\"true\"><\/i><\/a><\/h2>\n  <div class=\"box news-box\">\r\n    <div class=\"row\">\r\n      <!--Array\n(\n    [post_type] => post\n    [paged] => 1\n    [orderby] => Array\n        (\n            [meta_value_num] => DESC\n            [date] => DESC\n        )\n\n    [meta_query] => Array\n        (\n            [relation] => OR\n            [0] => Array\n                (\n                    [key] => on_top\n                    [compare] => NOT EXISTS\n                )\n\n            [1] => Array\n                (\n                    [key] => on_top\n                )\n\n        )\n\n    [category__in] => 1\n    [posts_per_page] => 4\n)\n-->\r\n                        <div class=\"col-sm-3\">\r\n            <article class=\"format-standard\">\n    <span class=\"date text-right\"><i class=\"fa fa-calendar\"><\/i> 28-01-2024<\/span>\n    <a href=\"https:\/\/wi.pb.edu.pl\/35lat\/2024\/01\/28\/35-lecie-wydzialu-informatyki\/\">\n      <div class=\"article-image\">\n        <img loading=\"lazy\" decoding=\"async\" width=\"480\" height=\"320\" src=\"https:\/\/wi.pb.edu.pl\/35lat\/wp-content\/uploads\/sites\/6\/2024\/01\/35-lecie_WI-480x320.jpg\" class=\"attachment-hp-box-size size-hp-box-size wp-post-image\" alt=\"\" \/>      <\/div>\n      <h3>35. lecie Wydzia\u0142u Informatyki<\/h3>\n      Serdecznie witamy na stronie internetowej, po\u015bwi\u0119conej obchodom 35-lecia Wydzia\u0142u Informatyki Politechniki    <\/a>\n<\/article>          <\/div>\r\n                  <div class=\"col-sm-3\">\r\n            <article class=\"format-standard\">\n    <span class=\"date text-right\"><i class=\"fa fa-calendar\"><\/i> 13-05-2024<\/span>\n    <a href=\"https:\/\/wi.pb.edu.pl\/35lat\/2024\/05\/13\/sciencechallenge-1\/\">\n      <div class=\"article-image\">\n        <img loading=\"lazy\" decoding=\"async\" width=\"480\" height=\"320\" src=\"https:\/\/wi.pb.edu.pl\/35lat\/wp-content\/uploads\/sites\/6\/2024\/05\/scienceChallenge_480_320-480x320.jpg\" class=\"attachment-hp-box-size size-hp-box-size wp-post-image\" alt=\"\" srcset=\"https:\/\/wi.pb.edu.pl\/35lat\/wp-content\/uploads\/sites\/6\/2024\/05\/scienceChallenge_480_320-480x320.jpg 480w, https:\/\/wi.pb.edu.pl\/35lat\/wp-content\/uploads\/sites\/6\/2024\/05\/scienceChallenge_480_320-300x200.jpg 300w, https:\/\/wi.pb.edu.pl\/35lat\/wp-content\/uploads\/sites\/6\/2024\/05\/scienceChallenge_480_320.jpg 599w\" sizes=\"auto, (max-width: 480px) 100vw, 480px\" \/>      <\/div>\n      <h3>ScienceChallenge #1<\/h3>\n      Za nami pierwsza edycja Science Challenge, konkursu skierowanego do student\u00f3w Politechniki    <\/a>\n<\/article>          <\/div>\r\n                  <div class=\"col-sm-3\">\r\n            <article class=\"format-standard\">\n    <span class=\"date text-right\"><i class=\"fa fa-calendar\"><\/i> 17-04-2024<\/span>\n    <a href=\"https:\/\/wi.pb.edu.pl\/35lat\/2024\/04\/17\/kawiarnia-sciencekultura-dezinformacja-jak-zyc-w-cyfrowym-labiryncie\/\">\n      <div class=\"article-image\">\n        <img loading=\"lazy\" decoding=\"async\" width=\"480\" height=\"320\" src=\"https:\/\/wi.pb.edu.pl\/35lat\/wp-content\/uploads\/sites\/6\/2024\/04\/2024-04-Kawiarnia-2160x1350px-2048x1280-1-480x320.jpg\" class=\"attachment-hp-box-size size-hp-box-size wp-post-image\" alt=\"\" \/>      <\/div>\n      <h3>Kawiarnia ScienceKultura: Dezinformacja \u2013 jak \u017cy\u0107 w cyfrowym labiryncie?<\/h3>\n      W dniu 9 kwietnia 2024r.&nbsp; odby\u0142a si\u0119 kolejna edycja kawiarni naukowej    <\/a>\n<\/article>          <\/div>\r\n                  <div class=\"col-sm-3\">\r\n            <article class=\"format-standard\">\n    <span class=\"date text-right\"><i class=\"fa fa-calendar\"><\/i> 26-03-2024<\/span>\n    <a href=\"https:\/\/wi.pb.edu.pl\/35lat\/2024\/03\/26\/ii-turniej-szachowy-o-puchar-rektora-pb\/\">\n      <div class=\"article-image\">\n        <img loading=\"lazy\" decoding=\"async\" width=\"480\" height=\"320\" src=\"https:\/\/wi.pb.edu.pl\/35lat\/wp-content\/uploads\/sites\/6\/2024\/03\/35_lecie_WI_turniej_szachowy.jpg\" class=\"attachment-hp-box-size size-hp-box-size wp-post-image\" alt=\"\" srcset=\"https:\/\/wi.pb.edu.pl\/35lat\/wp-content\/uploads\/sites\/6\/2024\/03\/35_lecie_WI_turniej_szachowy.jpg 480w, https:\/\/wi.pb.edu.pl\/35lat\/wp-content\/uploads\/sites\/6\/2024\/03\/35_lecie_WI_turniej_szachowy-300x200.jpg 300w\" sizes=\"auto, (max-width: 480px) 100vw, 480px\" \/>      <\/div>\n      <h3>II Turniej Szachowy o Puchar Rektora PB<\/h3>\n      6 kwietnia 2024 r. w Centrum Nowoczesnego Kszta\u0142cenia odb\u0119dzie si\u0119 II    <\/a>\n<\/article>          <\/div>\r\n                  <\/div>\r\n          <\/div>\r\n\n<div class=\"h1 text-center\"><span style=\"font-size: 24pt\">Patroni honorowi<\/span><\/div>\n<div class=\"organizer-logos\"><a class=\"patronat-logos-item-h180\" href=\"https:\/\/www.bialystok.pl\/\" target=\"_blank\" rel=\"noopener\"><img decoding=\"async\" style=\"padding-right: 100px\" src=\"https:\/\/wi.pb.edu.pl\/35lat\/wp-content\/uploads\/sites\/6\/2024\/06\/herb-honorowy-patronat-jpg-scaled.jpg\" alt=\"Prezydent Bia\u0142egostoku - patronat logo\"><\/a>&nbsp;&nbsp;&nbsp;&nbsp;&nbsp;&nbsp;&nbsp;&nbsp;<br \/>\n&nbsp;&nbsp;&nbsp;&nbsp;&nbsp;&nbsp;&nbsp;&nbsp;<a class=\"patronat-logos-item-h100\" href=\"https:\/\/puw.bip.gov.pl\/\" target=\"_blank\" rel=\"noopener\"><img decoding=\"async\" style=\"padding-right: 100px\" src=\"https:\/\/wi.pb.edu.pl\/35lat\/wp-content\/uploads\/sites\/6\/2024\/06\/wojewoda_logotyp.jpg\" alt=\"Wojewoda podlaski patronat - logo\"><\/a>&nbsp;&nbsp;&nbsp;&nbsp;&nbsp;&nbsp;&nbsp;&nbsp;<br \/>\n&nbsp;&nbsp;&nbsp;&nbsp;&nbsp;&nbsp;&nbsp;&nbsp;<a class=\"patronat-logos-item-h180\" href=\"https:\/\/bip.wrotapodlasia.pl\/wojewodztwo\/urzad_mar\/\" target=\"_blank\" rel=\"noopener\"><img decoding=\"async\" style=\"height: 50px\" src=\"https:\/\/wi.pb.edu.pl\/35lat\/wp-content\/uploads\/sites\/6\/2024\/06\/marszalek_herb_z_podpisem.jpg\" alt=\"Marsza\u0142ek Wojew\u00f3dztwa Podlaskiego patronat - logo\"><\/a><\/div>\n<div class=\"organizer-logos\"><a class=\"patronat-logos-item\" href=\"https:\/\/pb.edu.pl\/\" target=\"_blank\" rel=\"noopener\"><img decoding=\"async\" style=\"height: 50px\" src=\"https:\/\/wi.pb.edu.pl\/35lat\/wp-content\/uploads\/sites\/6\/2024\/05\/logo-Patronat-Rektor-PB-kolor-podstawowy-na-bialym_392_100.jpg\" alt=\"Rektor Politechniki Bia\u0142ostockiej logo\"><\/a><\/div>\n<div class=\"organizer-logos\"><a class=\"patronat-logos-item\" href=\"https:\/\/nask.pl\/\" target=\"_blank\" rel=\"noopener\"><img decoding=\"async\" style=\"height: 50px\" src=\"https:\/\/wi.pb.edu.pl\/35lat\/wp-content\/uploads\/sites\/6\/2024\/05\/NASK_logo_RGB_BLACK.png\" alt=\"NASK logo\"><\/a><br \/>\n<a class=\"patronat-logos-item\" href=\"https:\/\/https:\/\/portal.pti.org.pl\/\" target=\"_blank\" rel=\"noopener\"><img decoding=\"async\" style=\"height: 50px\" src=\"https:\/\/wi.pb.edu.pl\/35lat\/wp-content\/uploads\/sites\/6\/2024\/05\/logo_PTI_RGB-01.png\" alt=\"PTI logo\"><\/a><br \/>\n<a class=\"patronat-logos-item\" href=\"https:\/\/opi.org.pl\/\" target=\"_blank\" rel=\"noopener\"><img decoding=\"async\" style=\"height: 50px\" src=\"https:\/\/wi.pb.edu.pl\/35lat\/wp-content\/uploads\/sites\/6\/2024\/05\/logo-OPI-PIB-podstawowe_pelne_rgb_400px.jpg\" alt=\"OPI logo\"><\/a><\/div>\n<div class=\"h1 text-center\"><span style=\"font-size: 24pt\">Patroni medialni<\/span><\/div>\n<div class=\"organizer-logos\"><a class=\"patronat-medialny-logos-item\" href=\"https:\/\/www.radio.bialystok.pl\/\" target=\"_blank\" rel=\"noopener\"><img decoding=\"async\" src=\"https:\/\/wi.pb.edu.pl\/35lat\/wp-content\/uploads\/sites\/6\/2024\/05\/PRB_tm_min.jpg\" alt=\"Polskie Radio Bia\u0142ystok logo\"><\/a><br \/>\n<a class=\"patronat-medialny-logos-item\" href=\"https:\/\/akadera.bialystok.pl\/\" rel=\"noopener\"><img decoding=\"async\" src=\"https:\/\/wi.pb.edu.pl\/35lat\/wp-content\/uploads\/sites\/6\/2024\/05\/logo_akadera_czarne_v1.png\" alt=\"Radio Akadera logo\"><\/a><\/div>\n<div class=\"h1 text-center\"><span style=\"font-size: 24pt\">Partnerzy strategiczni<\/span><\/div>\n<div class=\"organizer-logos\"><a class=\"organizatorzy-logos-item_h75\" href=\"https:\/\/bip.wrotapodlasia.pl\/wojewodztwo\/urzad_mar\/\" target=\"_blank\" rel=\"noopener\"><img decoding=\"async\" src=\"https:\/\/wi.pb.edu.pl\/35lat\/wp-content\/uploads\/sites\/6\/2024\/06\/marszalek_woj_podlaskiego-scaled.jpg\" alt=\"cronn logo\"><\/a><br \/>\n<a class=\"organizatorzy-logos-item_h75\" href=\"https:\/\/www.cronn.de\/index-en\" target=\"_blank\" rel=\"noopener\"><img decoding=\"async\" src=\"https:\/\/wi.pb.edu.pl\/35lat\/wp-content\/uploads\/sites\/6\/2024\/05\/cronn-logo_name_czarny_200_v1.png\" alt=\"cronn logo\"><\/a><br \/>\n<a class=\"organizatorzy-logos-item_h65\" href=\"https:\/\/pl.kan-therm.com\/\" target=\"_blank\" rel=\"noopener\"><img decoding=\"async\" src=\"https:\/\/wi.pb.edu.pl\/35lat\/wp-content\/uploads\/sites\/6\/2024\/05\/logo-kan-therm-multisystem-24-05-27-RGB-36-88-147.jpg\" alt=\"KAN logo\"><\/a><br \/>\n<a class=\"organizatorzy-logos-item\" href=\"https:\/\/mBank.pl\/\" target=\"_blank\" rel=\"noopener\"><img decoding=\"async\" src=\"https:\/\/wi.pb.edu.pl\/35lat\/wp-content\/uploads\/sites\/6\/2024\/05\/mBank_logo_RGB.png\" alt=\"mBank logo\"><\/a><\/div>\n<div class=\"h1 text-center\"><span style=\"font-size: 24pt\">Partnerzy<\/span><\/div>\n<div class=\"organizer-logos\"><a class=\"organizer-logos-item\" href=\"https:\/\/spyro-soft.com\/\" target=\"_blank\" rel=\"noopener\"><img decoding=\"async\" src=\"https:\/\/wi.pb.edu.pl\/35lat\/wp-content\/uploads\/sites\/6\/2024\/05\/Spyrosoft_h_min.png\" alt=\"Spyrosoft logo\"><\/a><br \/>\n<a class=\"organizatorzy-logos-item_h75\" href=\"https:\/\/https:\/\/www.yuniversalpodlaski.pl\/\" target=\"_blank\" rel=\"noopener\"><img decoding=\"async\" src=\"https:\/\/wi.pb.edu.pl\/35lat\/wp-content\/uploads\/sites\/6\/2024\/05\/logo_yp_h_80.jpg\" alt=\"YUNIVERSAL PODLASKI logo\"><\/a><br \/>\n<a class=\"organizer-logos-item\" href=\"https:\/\/bayesfusion.com\" target=\"_blank\" rel=\"noopener\"><img decoding=\"async\" src=\"https:\/\/wi.pb.edu.pl\/35lat\/wp-content\/uploads\/sites\/6\/2024\/05\/Letterhead.png\" alt=\"bayesfusion logo\"><\/a><br \/>\n<a class=\"organizer-logos-item\" href=\"https:\/\/sii.pl\/oddzial\/bialystok\/\" target=\"_blank\" rel=\"noopener\"><img decoding=\"async\" src=\"https:\/\/wi.pb.edu.pl\/35lat\/wp-content\/uploads\/sites\/6\/2024\/05\/sii_logo_przezroczyste_width_200.png\" alt=\"Sii logo\"><\/a><br \/>\n<a class=\"organizer-logos-item\" href=\"https:\/\/lbpro.net\" target=\"_blank\" rel=\"noopener\"><img decoding=\"async\" src=\"https:\/\/wi.pb.edu.pl\/35lat\/wp-content\/uploads\/sites\/6\/2024\/05\/lbPRO_h_100.png\" alt=\"LBPro logo\"><\/a><br \/>\n<a class=\"organizer-logos-item\" href=\"https:\/\/www.infinity-group.pl\/pl-pl\" target=\"_blank\" rel=\"noopener\"><img decoding=\"async\" src=\"https:\/\/wi.pb.edu.pl\/35lat\/wp-content\/uploads\/sites\/6\/2024\/05\/infinity.png\" alt=\"Infinity Group logo\"><\/a><br \/>\n<a class=\"organizer-logos-item\" href=\"https:\/\/ds360.pl\/\" target=\"_blank\" rel=\"noopener\"><img decoding=\"async\" src=\"https:\/\/wi.pb.edu.pl\/35lat\/wp-content\/uploads\/sites\/6\/2024\/05\/czarne-pelne-logo-DS360.png\" alt=\"DS360 logo\"><\/a><br \/>\n<a class=\"organizer-logos-item\" href=\"https:\/\/www.zeto.bialystok.pl\/\" target=\"_blank\" rel=\"noopener\"><img decoding=\"async\" src=\"https:\/\/wi.pb.edu.pl\/35lat\/wp-content\/uploads\/sites\/6\/2024\/06\/logo_ZETO-mniejsze.jpg\" alt=\"ZETO logo\"><\/a><\/div>\n<hr>\n","protected":false},"excerpt":{"rendered":"<p>Wydarzenie wspierane przez Wojew\u00f3dztwo Podlaskie Wydarzenie wspierane przez Miasto Bia\u0142ystok &nbsp; Pakiety sponsorskie Rejestracja na<a class=\"read-more\" href=\"https:\/\/wi.pb.edu.pl\/35lat\/2024\/01\/28\/35-lecie-wydzialu-informatyki\/\" title=\"Poka\u017c artyku\u0142 35. lecie Wydzia\u0142u Informatyki\">wi\u0119cej<\/a><\/p>\n","protected":false},"author":2,"featured_media":0,"parent":0,"menu_order":1,"comment_status":"closed","ping_status":"closed","template":"","meta":{"inline_featured_image":false,"ngg_post_thumbnail":0,"footnotes":""},"class_list":["post-17","page","type-page","status-publish","hentry"],"acf":[],"yoast_head":"<!-- This site is optimized with the Yoast SEO plugin v26.4 - https:\/\/yoast.com\/wordpress\/plugins\/seo\/ -->\n<title>Jubileusz 35-lat Wydzia\u0142u Informatyki<\/title>\n<meta name=\"robots\" content=\"index, follow, max-snippet:-1, max-image-preview:large, max-video-preview:-1\" \/>\n<link rel=\"canonical\" href=\"https:\/\/wi.pb.edu.pl\/35lat\/\" \/>\n<meta property=\"og:locale\" content=\"pl_PL\" \/>\n<meta property=\"og:type\" content=\"article\" \/>\n<meta property=\"og:title\" content=\"Jubileusz 35-lat Wydzia\u0142u Informatyki\" \/>\n<meta property=\"og:description\" content=\"Wydarzenie wspierane przez Wojew\u00f3dztwo Podlaskie Wydarzenie wspierane przez Miasto Bia\u0142ystok &nbsp; Pakiety sponsorskie Rejestracja nawi\u0119cej\" \/>\n<meta property=\"og:url\" content=\"https:\/\/wi.pb.edu.pl\/35lat\/\" \/>\n<meta property=\"og:site_name\" content=\"Jubileusz 35-lat Wydzia\u0142u Informatyki\" \/>\n<meta property=\"article:modified_time\" content=\"2024-06-25T07:45:05+00:00\" \/>\n<meta property=\"og:image\" content=\"https:\/\/wi.pb.edu.pl\/35lat\/wp-content\/uploads\/sites\/6\/2024\/03\/2024-03-jubileusz-35-lecie_WI-v2.jpg\" \/>\n<meta name=\"twitter:card\" content=\"summary_large_image\" \/>\n<meta name=\"twitter:label1\" content=\"Szacowany czas czytania\" \/>\n\t<meta name=\"twitter:data1\" content=\"6 minut\" \/>\n<script type=\"application\/ld+json\" class=\"yoast-schema-graph\">{\"@context\":\"https:\/\/schema.org\",\"@graph\":[{\"@type\":\"WebPage\",\"@id\":\"https:\/\/wi.pb.edu.pl\/35lat\/\",\"url\":\"https:\/\/wi.pb.edu.pl\/35lat\/\",\"name\":\"Jubileusz 35-lat Wydzia\u0142u Informatyki\",\"isPartOf\":{\"@id\":\"https:\/\/wi.pb.edu.pl\/35lat\/#website\"},\"primaryImageOfPage\":{\"@id\":\"https:\/\/wi.pb.edu.pl\/35lat\/#primaryimage\"},\"image\":{\"@id\":\"https:\/\/wi.pb.edu.pl\/35lat\/#primaryimage\"},\"thumbnailUrl\":\"https:\/\/wi.pb.edu.pl\/35lat\/wp-content\/uploads\/sites\/6\/2024\/03\/2024-03-jubileusz-35-lecie_WI-v2.jpg\",\"datePublished\":\"2024-01-28T19:04:47+00:00\",\"dateModified\":\"2024-06-25T07:45:05+00:00\",\"inLanguage\":\"pl-PL\",\"potentialAction\":[{\"@type\":\"ReadAction\",\"target\":[\"https:\/\/wi.pb.edu.pl\/35lat\/\"]}]},{\"@type\":\"ImageObject\",\"inLanguage\":\"pl-PL\",\"@id\":\"https:\/\/wi.pb.edu.pl\/35lat\/#primaryimage\",\"url\":\"https:\/\/wi.pb.edu.pl\/35lat\/wp-content\/uploads\/sites\/6\/2024\/03\/2024-03-jubileusz-35-lecie_WI-v2.jpg\",\"contentUrl\":\"https:\/\/wi.pb.edu.pl\/35lat\/wp-content\/uploads\/sites\/6\/2024\/03\/2024-03-jubileusz-35-lecie_WI-v2.jpg\",\"width\":1920,\"height\":686,\"caption\":\"ubileusz Wydzia\u0142u Informatyki\"},{\"@type\":\"WebSite\",\"@id\":\"https:\/\/wi.pb.edu.pl\/35lat\/#website\",\"url\":\"https:\/\/wi.pb.edu.pl\/35lat\/\",\"name\":\"Jubileusz 35-lat Wydzia\u0142u Informatyki\",\"description\":\"\",\"potentialAction\":[{\"@type\":\"SearchAction\",\"target\":{\"@type\":\"EntryPoint\",\"urlTemplate\":\"https:\/\/wi.pb.edu.pl\/35lat\/?s={search_term_string}\"},\"query-input\":{\"@type\":\"PropertyValueSpecification\",\"valueRequired\":true,\"valueName\":\"search_term_string\"}}],\"inLanguage\":\"pl-PL\"}]}<\/script>\n<!-- \/ Yoast SEO plugin. -->","yoast_head_json":{"title":"Jubileusz 35-lat Wydzia\u0142u Informatyki","robots":{"index":"index","follow":"follow","max-snippet":"max-snippet:-1","max-image-preview":"max-image-preview:large","max-video-preview":"max-video-preview:-1"},"canonical":"https:\/\/wi.pb.edu.pl\/35lat\/","og_locale":"pl_PL","og_type":"article","og_title":"Jubileusz 35-lat Wydzia\u0142u Informatyki","og_description":"Wydarzenie wspierane przez Wojew\u00f3dztwo Podlaskie Wydarzenie wspierane przez Miasto Bia\u0142ystok &nbsp; Pakiety sponsorskie Rejestracja nawi\u0119cej","og_url":"https:\/\/wi.pb.edu.pl\/35lat\/","og_site_name":"Jubileusz 35-lat Wydzia\u0142u Informatyki","article_modified_time":"2024-06-25T07:45:05+00:00","og_image":[{"url":"https:\/\/wi.pb.edu.pl\/35lat\/wp-content\/uploads\/sites\/6\/2024\/03\/2024-03-jubileusz-35-lecie_WI-v2.jpg","type":"","width":"","height":""}],"twitter_card":"summary_large_image","twitter_misc":{"Szacowany czas czytania":"6 minut"},"schema":{"@context":"https:\/\/schema.org","@graph":[{"@type":"WebPage","@id":"https:\/\/wi.pb.edu.pl\/35lat\/","url":"https:\/\/wi.pb.edu.pl\/35lat\/","name":"Jubileusz 35-lat Wydzia\u0142u Informatyki","isPartOf":{"@id":"https:\/\/wi.pb.edu.pl\/35lat\/#website"},"primaryImageOfPage":{"@id":"https:\/\/wi.pb.edu.pl\/35lat\/#primaryimage"},"image":{"@id":"https:\/\/wi.pb.edu.pl\/35lat\/#primaryimage"},"thumbnailUrl":"https:\/\/wi.pb.edu.pl\/35lat\/wp-content\/uploads\/sites\/6\/2024\/03\/2024-03-jubileusz-35-lecie_WI-v2.jpg","datePublished":"2024-01-28T19:04:47+00:00","dateModified":"2024-06-25T07:45:05+00:00","inLanguage":"pl-PL","potentialAction":[{"@type":"ReadAction","target":["https:\/\/wi.pb.edu.pl\/35lat\/"]}]},{"@type":"ImageObject","inLanguage":"pl-PL","@id":"https:\/\/wi.pb.edu.pl\/35lat\/#primaryimage","url":"https:\/\/wi.pb.edu.pl\/35lat\/wp-content\/uploads\/sites\/6\/2024\/03\/2024-03-jubileusz-35-lecie_WI-v2.jpg","contentUrl":"https:\/\/wi.pb.edu.pl\/35lat\/wp-content\/uploads\/sites\/6\/2024\/03\/2024-03-jubileusz-35-lecie_WI-v2.jpg","width":1920,"height":686,"caption":"ubileusz Wydzia\u0142u Informatyki"},{"@type":"WebSite","@id":"https:\/\/wi.pb.edu.pl\/35lat\/#website","url":"https:\/\/wi.pb.edu.pl\/35lat\/","name":"Jubileusz 35-lat Wydzia\u0142u Informatyki","description":"","potentialAction":[{"@type":"SearchAction","target":{"@type":"EntryPoint","urlTemplate":"https:\/\/wi.pb.edu.pl\/35lat\/?s={search_term_string}"},"query-input":{"@type":"PropertyValueSpecification","valueRequired":true,"valueName":"search_term_string"}}],"inLanguage":"pl-PL"}]}},"_links":{"self":[{"href":"https:\/\/wi.pb.edu.pl\/35lat\/wp-json\/wp\/v2\/pages\/17","targetHints":{"allow":["GET"]}}],"collection":[{"href":"https:\/\/wi.pb.edu.pl\/35lat\/wp-json\/wp\/v2\/pages"}],"about":[{"href":"https:\/\/wi.pb.edu.pl\/35lat\/wp-json\/wp\/v2\/types\/page"}],"author":[{"embeddable":true,"href":"https:\/\/wi.pb.edu.pl\/35lat\/wp-json\/wp\/v2\/users\/2"}],"replies":[{"embeddable":true,"href":"https:\/\/wi.pb.edu.pl\/35lat\/wp-json\/wp\/v2\/comments?post=17"}],"version-history":[{"count":239,"href":"https:\/\/wi.pb.edu.pl\/35lat\/wp-json\/wp\/v2\/pages\/17\/revisions"}],"predecessor-version":[{"id":1017,"href":"https:\/\/wi.pb.edu.pl\/35lat\/wp-json\/wp\/v2\/pages\/17\/revisions\/1017"}],"wp:attachment":[{"href":"https:\/\/wi.pb.edu.pl\/35lat\/wp-json\/wp\/v2\/media?parent=17"}],"curies":[{"name":"wp","href":"https:\/\/api.w.org\/{rel}","templated":true}]}}