{"id":361,"date":"2024-03-13T21:30:31","date_gmt":"2024-03-13T20:30:31","guid":{"rendered":"https:\/\/wi.pb.edu.pl\/35lat\/?page_id=361"},"modified":"2024-03-13T21:50:29","modified_gmt":"2024-03-13T20:50:29","slug":"aktualnosci","status":"publish","type":"page","link":"https:\/\/wi.pb.edu.pl\/35lat\/aktualnosci\/","title":{"rendered":"Aktualno\u015bci"},"content":{"rendered":"  <div class=\"box news-box\">\r\n    <div class=\"row\">\r\n      <!--Array\n(\n    [post_type] => post\n    [paged] => 1\n    [orderby] => Array\n        (\n            [meta_value_num] => DESC\n            [date] => DESC\n        )\n\n    [meta_query] => Array\n        (\n            [relation] => OR\n            [0] => Array\n                (\n                    [key] => on_top\n                    [compare] => NOT EXISTS\n                )\n\n            [1] => Array\n                (\n                    [key] => on_top\n                )\n\n        )\n\n    [category__in] => 1\n)\n-->\r\n                        <div class=\"col-sm-3\">\r\n            <article class=\"format-standard\">\n    <span class=\"date text-right\"><i class=\"fa fa-calendar\"><\/i> 28-01-2024<\/span>\n    <a href=\"https:\/\/wi.pb.edu.pl\/35lat\/2024\/01\/28\/35-lecie-wydzialu-informatyki\/\">\n      <div class=\"article-image\">\n        <img loading=\"lazy\" decoding=\"async\" width=\"480\" height=\"320\" src=\"https:\/\/wi.pb.edu.pl\/35lat\/wp-content\/uploads\/sites\/6\/2024\/01\/35-lecie_WI-480x320.jpg\" class=\"attachment-hp-box-size size-hp-box-size wp-post-image\" alt=\"\" \/>      <\/div>\n      <h3>35. lecie Wydzia\u0142u Informatyki<\/h3>\n      Serdecznie witamy na stronie internetowej, po\u015bwi\u0119conej obchodom 35-lecia Wydzia\u0142u Informatyki Politechniki    <\/a>\n<\/article>          <\/div>\r\n                  <div class=\"col-sm-3\">\r\n            <article class=\"format-standard\">\n    <span class=\"date text-right\"><i class=\"fa fa-calendar\"><\/i> 13-05-2024<\/span>\n    <a href=\"https:\/\/wi.pb.edu.pl\/35lat\/2024\/05\/13\/sciencechallenge-1\/\">\n      <div class=\"article-image\">\n        <img loading=\"lazy\" decoding=\"async\" width=\"480\" height=\"320\" src=\"https:\/\/wi.pb.edu.pl\/35lat\/wp-content\/uploads\/sites\/6\/2024\/05\/scienceChallenge_480_320-480x320.jpg\" class=\"attachment-hp-box-size size-hp-box-size wp-post-image\" alt=\"\" srcset=\"https:\/\/wi.pb.edu.pl\/35lat\/wp-content\/uploads\/sites\/6\/2024\/05\/scienceChallenge_480_320-480x320.jpg 480w, https:\/\/wi.pb.edu.pl\/35lat\/wp-content\/uploads\/sites\/6\/2024\/05\/scienceChallenge_480_320-300x200.jpg 300w, https:\/\/wi.pb.edu.pl\/35lat\/wp-content\/uploads\/sites\/6\/2024\/05\/scienceChallenge_480_320.jpg 599w\" sizes=\"auto, (max-width: 480px) 100vw, 480px\" \/>      <\/div>\n      <h3>ScienceChallenge #1<\/h3>\n      Za nami pierwsza edycja Science Challenge, konkursu skierowanego do student\u00f3w Politechniki    <\/a>\n<\/article>          <\/div>\r\n                  <div class=\"col-sm-3\">\r\n            <article class=\"format-standard\">\n    <span class=\"date text-right\"><i class=\"fa fa-calendar\"><\/i> 17-04-2024<\/span>\n    <a href=\"https:\/\/wi.pb.edu.pl\/35lat\/2024\/04\/17\/kawiarnia-sciencekultura-dezinformacja-jak-zyc-w-cyfrowym-labiryncie\/\">\n      <div class=\"article-image\">\n        <img loading=\"lazy\" decoding=\"async\" width=\"480\" height=\"320\" src=\"https:\/\/wi.pb.edu.pl\/35lat\/wp-content\/uploads\/sites\/6\/2024\/04\/2024-04-Kawiarnia-2160x1350px-2048x1280-1-480x320.jpg\" class=\"attachment-hp-box-size size-hp-box-size wp-post-image\" alt=\"\" \/>      <\/div>\n      <h3>Kawiarnia ScienceKultura: Dezinformacja \u2013 jak \u017cy\u0107 w cyfrowym labiryncie?<\/h3>\n      W dniu 9 kwietnia 2024r.&nbsp; odby\u0142a si\u0119 kolejna edycja kawiarni naukowej    <\/a>\n<\/article>          <\/div>\r\n                  <div class=\"col-sm-3\">\r\n            <article class=\"format-standard\">\n    <span class=\"date text-right\"><i class=\"fa fa-calendar\"><\/i> 26-03-2024<\/span>\n    <a href=\"https:\/\/wi.pb.edu.pl\/35lat\/2024\/03\/26\/ii-turniej-szachowy-o-puchar-rektora-pb\/\">\n      <div class=\"article-image\">\n        <img loading=\"lazy\" decoding=\"async\" width=\"480\" height=\"320\" src=\"https:\/\/wi.pb.edu.pl\/35lat\/wp-content\/uploads\/sites\/6\/2024\/03\/35_lecie_WI_turniej_szachowy.jpg\" class=\"attachment-hp-box-size size-hp-box-size wp-post-image\" alt=\"\" srcset=\"https:\/\/wi.pb.edu.pl\/35lat\/wp-content\/uploads\/sites\/6\/2024\/03\/35_lecie_WI_turniej_szachowy.jpg 480w, https:\/\/wi.pb.edu.pl\/35lat\/wp-content\/uploads\/sites\/6\/2024\/03\/35_lecie_WI_turniej_szachowy-300x200.jpg 300w\" sizes=\"auto, (max-width: 480px) 100vw, 480px\" \/>      <\/div>\n      <h3>II Turniej Szachowy o Puchar Rektora PB<\/h3>\n      6 kwietnia 2024 r. w Centrum Nowoczesnego Kszta\u0142cenia odb\u0119dzie si\u0119 II    <\/a>\n<\/article>          <\/div>\r\n                  <div class=\"col-sm-3\">\r\n            <article class=\"format-standard\">\n    <span class=\"date text-right\"><i class=\"fa fa-calendar\"><\/i> 26-03-2024<\/span>\n    <a href=\"https:\/\/wi.pb.edu.pl\/35lat\/2024\/03\/26\/kawiarnia-sciencekultura\/\">\n      <div class=\"article-image\">\n        <img loading=\"lazy\" decoding=\"async\" width=\"480\" height=\"320\" src=\"https:\/\/wi.pb.edu.pl\/35lat\/wp-content\/uploads\/sites\/6\/2024\/03\/6kawiarnia-naukowa_www-480x320.jpg\" class=\"attachment-hp-box-size size-hp-box-size wp-post-image\" alt=\"\" srcset=\"https:\/\/wi.pb.edu.pl\/35lat\/wp-content\/uploads\/sites\/6\/2024\/03\/6kawiarnia-naukowa_www-480x320.jpg 480w, https:\/\/wi.pb.edu.pl\/35lat\/wp-content\/uploads\/sites\/6\/2024\/03\/6kawiarnia-naukowa_www-300x200.jpg 300w, https:\/\/wi.pb.edu.pl\/35lat\/wp-content\/uploads\/sites\/6\/2024\/03\/6kawiarnia-naukowa_www-1024x683.jpg 1024w, https:\/\/wi.pb.edu.pl\/35lat\/wp-content\/uploads\/sites\/6\/2024\/03\/6kawiarnia-naukowa_www-768x512.jpg 768w, https:\/\/wi.pb.edu.pl\/35lat\/wp-content\/uploads\/sites\/6\/2024\/03\/6kawiarnia-naukowa_www.jpg 1200w\" sizes=\"auto, (max-width: 480px) 100vw, 480px\" \/>      <\/div>\n      <h3>Kawiarnia ScienceKultura<\/h3>\n      Kawiarni\u0105 naukow\u0105 ScienceKultura w dniu 14.03.2024 r.&nbsp; zainaugurowali\u015bmy wydarzenia satelitarne realizowane    <\/a>\n<\/article>          <\/div>\r\n                  <\/div>\r\n          <\/div>\r\n\n","protected":false},"excerpt":{"rendered":"","protected":false},"author":2,"featured_media":0,"parent":0,"menu_order":2,"comment_status":"closed","ping_status":"closed","template":"","meta":{"inline_featured_image":false,"ngg_post_thumbnail":0,"footnotes":""},"class_list":["post-361","page","type-page","status-publish","hentry"],"acf":[],"yoast_head":"<!-- This site is optimized with the Yoast SEO plugin v26.4 - https:\/\/yoast.com\/wordpress\/plugins\/seo\/ -->\n<title>Aktualno\u015bci - Jubileusz 35-lat Wydzia\u0142u Informatyki<\/title>\n<meta name=\"robots\" content=\"index, follow, max-snippet:-1, max-image-preview:large, max-video-preview:-1\" \/>\n<link rel=\"canonical\" href=\"https:\/\/wi.pb.edu.pl\/35lat\/aktualnosci\/\" \/>\n<meta property=\"og:locale\" content=\"pl_PL\" \/>\n<meta property=\"og:type\" content=\"article\" \/>\n<meta property=\"og:title\" content=\"Aktualno\u015bci - Jubileusz 35-lat Wydzia\u0142u Informatyki\" \/>\n<meta property=\"og:url\" content=\"https:\/\/wi.pb.edu.pl\/35lat\/aktualnosci\/\" \/>\n<meta property=\"og:site_name\" content=\"Jubileusz 35-lat Wydzia\u0142u Informatyki\" \/>\n<meta property=\"article:modified_time\" content=\"2024-03-13T20:50:29+00:00\" \/>\n<meta name=\"twitter:card\" content=\"summary_large_image\" \/>\n<script type=\"application\/ld+json\" class=\"yoast-schema-graph\">{\"@context\":\"https:\/\/schema.org\",\"@graph\":[{\"@type\":\"WebPage\",\"@id\":\"https:\/\/wi.pb.edu.pl\/35lat\/aktualnosci\/\",\"url\":\"https:\/\/wi.pb.edu.pl\/35lat\/aktualnosci\/\",\"name\":\"Aktualno\u015bci - Jubileusz 35-lat Wydzia\u0142u Informatyki\",\"isPartOf\":{\"@id\":\"https:\/\/wi.pb.edu.pl\/35lat\/#website\"},\"datePublished\":\"2024-03-13T20:30:31+00:00\",\"dateModified\":\"2024-03-13T20:50:29+00:00\",\"breadcrumb\":{\"@id\":\"https:\/\/wi.pb.edu.pl\/35lat\/aktualnosci\/#breadcrumb\"},\"inLanguage\":\"pl-PL\",\"potentialAction\":[{\"@type\":\"ReadAction\",\"target\":[\"https:\/\/wi.pb.edu.pl\/35lat\/aktualnosci\/\"]}]},{\"@type\":\"BreadcrumbList\",\"@id\":\"https:\/\/wi.pb.edu.pl\/35lat\/aktualnosci\/#breadcrumb\",\"itemListElement\":[{\"@type\":\"ListItem\",\"position\":1,\"name\":\"Strona g\u0142\u00f3wna\",\"item\":\"https:\/\/wi.pb.edu.pl\/35lat\/\"},{\"@type\":\"ListItem\",\"position\":2,\"name\":\"Aktualno\u015bci\"}]},{\"@type\":\"WebSite\",\"@id\":\"https:\/\/wi.pb.edu.pl\/35lat\/#website\",\"url\":\"https:\/\/wi.pb.edu.pl\/35lat\/\",\"name\":\"Jubileusz 35-lat Wydzia\u0142u Informatyki\",\"description\":\"\",\"potentialAction\":[{\"@type\":\"SearchAction\",\"target\":{\"@type\":\"EntryPoint\",\"urlTemplate\":\"https:\/\/wi.pb.edu.pl\/35lat\/?s={search_term_string}\"},\"query-input\":{\"@type\":\"PropertyValueSpecification\",\"valueRequired\":true,\"valueName\":\"search_term_string\"}}],\"inLanguage\":\"pl-PL\"}]}<\/script>\n<!-- \/ Yoast SEO plugin. -->","yoast_head_json":{"title":"Aktualno\u015bci - Jubileusz 35-lat Wydzia\u0142u Informatyki","robots":{"index":"index","follow":"follow","max-snippet":"max-snippet:-1","max-image-preview":"max-image-preview:large","max-video-preview":"max-video-preview:-1"},"canonical":"https:\/\/wi.pb.edu.pl\/35lat\/aktualnosci\/","og_locale":"pl_PL","og_type":"article","og_title":"Aktualno\u015bci - Jubileusz 35-lat Wydzia\u0142u Informatyki","og_url":"https:\/\/wi.pb.edu.pl\/35lat\/aktualnosci\/","og_site_name":"Jubileusz 35-lat Wydzia\u0142u Informatyki","article_modified_time":"2024-03-13T20:50:29+00:00","twitter_card":"summary_large_image","schema":{"@context":"https:\/\/schema.org","@graph":[{"@type":"WebPage","@id":"https:\/\/wi.pb.edu.pl\/35lat\/aktualnosci\/","url":"https:\/\/wi.pb.edu.pl\/35lat\/aktualnosci\/","name":"Aktualno\u015bci - Jubileusz 35-lat Wydzia\u0142u Informatyki","isPartOf":{"@id":"https:\/\/wi.pb.edu.pl\/35lat\/#website"},"datePublished":"2024-03-13T20:30:31+00:00","dateModified":"2024-03-13T20:50:29+00:00","breadcrumb":{"@id":"https:\/\/wi.pb.edu.pl\/35lat\/aktualnosci\/#breadcrumb"},"inLanguage":"pl-PL","potentialAction":[{"@type":"ReadAction","target":["https:\/\/wi.pb.edu.pl\/35lat\/aktualnosci\/"]}]},{"@type":"BreadcrumbList","@id":"https:\/\/wi.pb.edu.pl\/35lat\/aktualnosci\/#breadcrumb","itemListElement":[{"@type":"ListItem","position":1,"name":"Strona g\u0142\u00f3wna","item":"https:\/\/wi.pb.edu.pl\/35lat\/"},{"@type":"ListItem","position":2,"name":"Aktualno\u015bci"}]},{"@type":"WebSite","@id":"https:\/\/wi.pb.edu.pl\/35lat\/#website","url":"https:\/\/wi.pb.edu.pl\/35lat\/","name":"Jubileusz 35-lat Wydzia\u0142u Informatyki","description":"","potentialAction":[{"@type":"SearchAction","target":{"@type":"EntryPoint","urlTemplate":"https:\/\/wi.pb.edu.pl\/35lat\/?s={search_term_string}"},"query-input":{"@type":"PropertyValueSpecification","valueRequired":true,"valueName":"search_term_string"}}],"inLanguage":"pl-PL"}]}},"_links":{"self":[{"href":"https:\/\/wi.pb.edu.pl\/35lat\/wp-json\/wp\/v2\/pages\/361","targetHints":{"allow":["GET"]}}],"collection":[{"href":"https:\/\/wi.pb.edu.pl\/35lat\/wp-json\/wp\/v2\/pages"}],"about":[{"href":"https:\/\/wi.pb.edu.pl\/35lat\/wp-json\/wp\/v2\/types\/page"}],"author":[{"embeddable":true,"href":"https:\/\/wi.pb.edu.pl\/35lat\/wp-json\/wp\/v2\/users\/2"}],"replies":[{"embeddable":true,"href":"https:\/\/wi.pb.edu.pl\/35lat\/wp-json\/wp\/v2\/comments?post=361"}],"version-history":[{"count":2,"href":"https:\/\/wi.pb.edu.pl\/35lat\/wp-json\/wp\/v2\/pages\/361\/revisions"}],"predecessor-version":[{"id":364,"href":"https:\/\/wi.pb.edu.pl\/35lat\/wp-json\/wp\/v2\/pages\/361\/revisions\/364"}],"wp:attachment":[{"href":"https:\/\/wi.pb.edu.pl\/35lat\/wp-json\/wp\/v2\/media?parent=361"}],"curies":[{"name":"wp","href":"https:\/\/api.w.org\/{rel}","templated":true}]}}