{"id":375,"date":"2024-03-13T21:50:44","date_gmt":"2024-03-13T20:50:44","guid":{"rendered":"https:\/\/wi.pb.edu.pl\/35lat\/?page_id=375"},"modified":"2024-05-09T12:50:19","modified_gmt":"2024-05-09T10:50:19","slug":"harmonogram","status":"publish","type":"page","link":"https:\/\/wi.pb.edu.pl\/35lat\/harmonogram\/","title":{"rendered":"Wydarzenia towarzysz\u0105ce"},"content":{"rendered":"<table style=\"border-collapse: collapse;width: 100%\">\n<tbody>\n<tr>\n<td style=\"width: 6.5292%;text-align: center\"><span style=\"font-size: 24pt\">\u2705<\/span><\/td>\n<td style=\"width: 10.3952%;text-align: center\"><span style=\"font-size: 14pt\">14.03.2024 r.<\/span><\/td>\n<td style=\"width: 61.9415%\"><div class=\"panel-group\" id=\"custom-collapse-0\">\n<div class=\"panel panel-default\">\n\t\t\t\t<div class=\"panel-heading\">\n\t\t\t\t\t<div class=\"panel-title\">\n\t\t\t\t\t\t<a class=\"collapsed h4\" data-toggle=\"collapse\" data-parent=\"#custom-collapse-0\" href=\"#custom-collapse-0-0\">Kawiarnia ScienceKultura Pi-\u0119knio AI<\/a>\n\t\t\t\t\t<\/div>\n\t\t\t\t<\/div>\n\t\t\t\t<div id=\"custom-collapse-0-0\" class=\"panel-collapse collapse\">\n\t\t\t\t\t<div class=\"panel-body\">\n<p><img decoding=\"async\" class=\"size-medium wp-image-484 alignleft\" src=\"https:\/\/wi.pb.edu.pl\/35lat\/wp-content\/uploads\/sites\/6\/2024\/03\/6kawiarnia-naukowa_www-300x200.jpg\" alt=\"\" width=\"150\" srcset=\"https:\/\/wi.pb.edu.pl\/35lat\/wp-content\/uploads\/sites\/6\/2024\/03\/6kawiarnia-naukowa_www-300x200.jpg 300w, https:\/\/wi.pb.edu.pl\/35lat\/wp-content\/uploads\/sites\/6\/2024\/03\/6kawiarnia-naukowa_www-1024x683.jpg 1024w, https:\/\/wi.pb.edu.pl\/35lat\/wp-content\/uploads\/sites\/6\/2024\/03\/6kawiarnia-naukowa_www-768x512.jpg 768w, https:\/\/wi.pb.edu.pl\/35lat\/wp-content\/uploads\/sites\/6\/2024\/03\/6kawiarnia-naukowa_www-480x320.jpg 480w, https:\/\/wi.pb.edu.pl\/35lat\/wp-content\/uploads\/sites\/6\/2024\/03\/6kawiarnia-naukowa_www.jpg 1200w\" sizes=\"(max-width: 300px) 100vw, 300px\" \/><\/p>\n<p>Kawiarnia Naukowa to element&nbsp;<a title=\"\" href=\"https:\/\/pb.edu.pl\/science-kultura\/dzialania\/kawiarnie-naukowe\/\">projektu \u201eSCIENCE-KULTURA\u201d<\/a> programu realizowanego przez Wydzia\u0142 Informatyki Politechniki Bia\u0142ostockiej, ze \u015brodk\u00f3w Ministerstwa Edukacji i Nauki w ramach Programu Spo\u0142eczna Odpowiedzialno\u015b\u0107 Nauki \u2013 Popularyzacja nauki i promocja sportu. Celem dzia\u0142a\u0144 jest by\u0142y przekazaniem konkretnej wiedzy w spos\u00f3b dost\u0119pny dla szerokiego grona odbiorc\u00f3w.<\/p>\n<p>Sz\u00f3sta edycja Kawiarni zatytu\u0142owana 'Pi-\u0119knio AI&#8217; b\u0119dzie towarzyszy\u0142a obchodom Mi\u0119dzynarodowego Dnia Liczby Pi i wpisywa\u0142a si\u0119 w Jubileusz 35-lecia Wydzia\u0142u Informatyki PB.<\/p>\n<p><a href=\"https:\/\/www.facebook.com\/profile.php?id=100090776360228\">Szczeg\u00f3\u0142y<\/a><\/p>\n<\/div>\n\t\t\t\t<\/div>\n\t\t\t<\/div>\n<\/div><\/td>\n<\/tr>\n<tr>\n<td style=\"width: 6.5292%;text-align: center\"><span style=\"font-size: 24pt\">\u2705<\/span><\/td>\n<td style=\"width: 10.3952%;text-align: center\"><span style=\"font-size: 14pt\">06.04.2024 r.<\/span><\/td>\n<td style=\"width: 61.9415%\"><div class=\"panel-group\" id=\"custom-collapse-1\">\n<div class=\"panel panel-default\">\n\t\t\t\t<div class=\"panel-heading\">\n\t\t\t\t\t<div class=\"panel-title\">\n\t\t\t\t\t\t<a class=\"collapsed h4\" data-toggle=\"collapse\" data-parent=\"#custom-collapse-1\" href=\"#custom-collapse-1-1\"> II Turniej Szachowy o Puchar Rektora PB - Turniej na 35 szachownic (6 kwietnia 2024 r.)<\/a>\n\t\t\t\t\t<\/div>\n\t\t\t\t<\/div>\n\t\t\t\t<div id=\"custom-collapse-1-1\" class=\"panel-collapse collapse\">\n\t\t\t\t\t<div class=\"panel-body\">\n<p><img decoding=\"async\" class=\"size-medium wp-image-490 alignleft\" src=\"https:\/\/wi.pb.edu.pl\/35lat\/wp-content\/uploads\/sites\/6\/2024\/03\/2024-03-jubileusz-35-lecie_WI-turniej-szachowy_www-480x300-1-300x188.jpg\" alt=\"\" width=\"150\" srcset=\"https:\/\/wi.pb.edu.pl\/35lat\/wp-content\/uploads\/sites\/6\/2024\/03\/2024-03-jubileusz-35-lecie_WI-turniej-szachowy_www-480x300-1-300x188.jpg 300w, https:\/\/wi.pb.edu.pl\/35lat\/wp-content\/uploads\/sites\/6\/2024\/03\/2024-03-jubileusz-35-lecie_WI-turniej-szachowy_www-480x300-1.jpg 480w\" sizes=\"(max-width: 300px) 100vw, 300px\" \/><\/p>\n<p>Formu\u0142a konkursu ma charakter otwarty, udzia\u0142 mog\u0105 wzi\u0105\u0107 wszyscy, zar\u00f3wno pracownicy, studenci, jak i uczniowie szk\u00f3\u0142 \u015brednich oraz podstawowych, a tak\u017ce sympatycy naszej uczelni, szachi\u015bci. Udzia\u0142 jest bezp\u0142atny. W tym roku turniej nawi\u0105zuje do Jubileuszu 35-lecia Wydzia\u0142u Informatyki. St\u0105d has\u0142o turnieju .Turniej na 35 szachownic&#8217;.<\/p>\n<p><a href=\"https:\/\/pb.edu.pl\/jubileuszpb\/wydarzenia\/ii-turniej-szachowy-o-puchar-rektora-politechniki-bialostockiej\/\">Szczeg\u00f3\u0142y<\/a><\/p>\n<\/div>\n\t\t\t\t<\/div>\n\t\t\t<\/div>\n<\/div><\/td>\n<\/tr>\n<tr>\n<td style=\"width: 6.5292%;text-align: center\"><span style=\"font-size: 24pt\">\u2705<\/span><\/td>\n<td style=\"width: 10.3952%;text-align: center\"><span style=\"font-size: 14pt\">09.04.2024 r.<\/span><\/td>\n<td style=\"width: 61.9415%\"><div class=\"panel-group\" id=\"custom-collapse-2\">\n<div class=\"panel panel-default\">\n\t\t\t\t<div class=\"panel-heading\">\n\t\t\t\t\t<div class=\"panel-title\">\n\t\t\t\t\t\t<a class=\"collapsed h4\" data-toggle=\"collapse\" data-parent=\"#custom-collapse-2\" href=\"#custom-collapse-2-2\">Kawiarnia ScienceKultura - Dezinformacja - jak \u017cy\u0107 w cyfrowym labiryncie? <\/a>\n\t\t\t\t\t<\/div>\n\t\t\t\t<\/div>\n\t\t\t\t<div id=\"custom-collapse-2-2\" class=\"panel-collapse collapse\">\n\t\t\t\t\t<div class=\"panel-body\">\n<p><img decoding=\"async\" class=\"size-medium wp-image-641 alignleft\" src=\"https:\/\/wi.pb.edu.pl\/35lat\/wp-content\/uploads\/sites\/6\/2024\/04\/2024-04-Kawiarnia-2160x1350px-2048x1280-1-300x188.jpg\" alt=\"\" width=\"150\" srcset=\"https:\/\/wi.pb.edu.pl\/35lat\/wp-content\/uploads\/sites\/6\/2024\/04\/2024-04-Kawiarnia-2160x1350px-2048x1280-1-300x188.jpg 300w, https:\/\/wi.pb.edu.pl\/35lat\/wp-content\/uploads\/sites\/6\/2024\/04\/2024-04-Kawiarnia-2160x1350px-2048x1280-1-1024x640.jpg 1024w, https:\/\/wi.pb.edu.pl\/35lat\/wp-content\/uploads\/sites\/6\/2024\/04\/2024-04-Kawiarnia-2160x1350px-2048x1280-1-768x480.jpg 768w, https:\/\/wi.pb.edu.pl\/35lat\/wp-content\/uploads\/sites\/6\/2024\/04\/2024-04-Kawiarnia-2160x1350px-2048x1280-1-1536x960.jpg 1536w, https:\/\/wi.pb.edu.pl\/35lat\/wp-content\/uploads\/sites\/6\/2024\/04\/2024-04-Kawiarnia-2160x1350px-2048x1280-1.jpg 2048w\" sizes=\"(max-width: 300px) 100vw, 300px\" \/><\/p>\n<p>Kawiarnia Naukowa to element <a title=\"\" href=\"https:\/\/pb.edu.pl\/science-kultura\/dzialania\/kawiarnie-naukowe\/\">projektu \u201eSCIENCE-KULTURA\u201d<\/a> programu realizowanego przez Wydzia\u0142 Informatyki Politechniki Bia\u0142ostockiej, ze \u015brodk\u00f3w Ministerstwa Edukacji i Nauki w ramach Programu Spo\u0142eczna Odpowiedzialno\u015b\u0107 Nauki \u2013 Popularyzacja nauki i promocja sportu. Celem dzia\u0142a\u0144 jest&nbsp; przekazanie konkretnej wiedzy w spos\u00f3b dost\u0119pny dla szerokiego grona odbiorc\u00f3w.<\/p>\n<p>Tematem przewodnim si\u00f3dmej edycji Kawiarni jest dezinformacja. Jej tytu\u0142 to 'Dezinformacja &#8211; jak \u017cy\u0107 w cyfrowym labiryncie?. Swoj\u0105 wiedz\u0105 i do\u015bwiadczeniem w walce z dezinformacj\u0105 podziel\u0105 si\u0119 z nami Marta Rogalewska i Kamil Gory\u0144<\/p>\n<p><a href=\"https:\/\/pb.edu.pl\/polecamy\/vii-kawiarnia-naukowa-projektu-science-kultura\/\">Szczeg\u00f3\u0142y<\/a><\/p>\n<p>&nbsp;<\/p>\n<\/div>\n\t\t\t\t<\/div>\n\t\t\t<\/div>\n<\/div><\/td>\n<\/tr>\n<tr>\n<td style=\"width: 6.5292%;text-align: center\"><span style=\"font-size: 24pt\">\u2705<\/span><\/td>\n<td style=\"width: 10.3952%;text-align: center\"><span style=\"font-size: 14pt\">12.04.2024 r.<\/span><\/td>\n<td style=\"width: 61.9415%\"><div class=\"panel-group\" id=\"custom-collapse-3\">\n<div class=\"panel panel-default\">\n\t\t\t\t<div class=\"panel-heading\">\n\t\t\t\t\t<div class=\"panel-title\">\n\t\t\t\t\t\t<a class=\"collapsed h4\" data-toggle=\"collapse\" data-parent=\"#custom-collapse-3\" href=\"#custom-collapse-3-3\">Gala konkursu 'Matematyka stosowana' <\/a>\n\t\t\t\t\t<\/div>\n\t\t\t\t<\/div>\n\t\t\t\t<div id=\"custom-collapse-3-3\" class=\"panel-collapse collapse\">\n\t\t\t\t\t<div class=\"panel-body\">\n<p><img decoding=\"async\" class=\"size-medium wp-image-488 alignleft\" src=\"https:\/\/wi.pb.edu.pl\/35lat\/wp-content\/uploads\/sites\/6\/2024\/03\/matematyka_stosowana-300x225.jpg\" alt=\"\" width=\"150\" srcset=\"https:\/\/wi.pb.edu.pl\/35lat\/wp-content\/uploads\/sites\/6\/2024\/03\/matematyka_stosowana-300x225.jpg 300w, https:\/\/wi.pb.edu.pl\/35lat\/wp-content\/uploads\/sites\/6\/2024\/03\/matematyka_stosowana-768x576.jpg 768w, https:\/\/wi.pb.edu.pl\/35lat\/wp-content\/uploads\/sites\/6\/2024\/03\/matematyka_stosowana.jpg 960w\" sizes=\"(max-width: 300px) 100vw, 300px\" \/><\/p>\n<p>Konkurs \u201eMatematyka stosowana\u201d jest konkursem o indeks na dowolny kierunek studi\u00f3w dziennych prowadzony na Politechnice Bia\u0142ostockiej. W roku szkolnym 2023\/2024 odb\u0119dzie si\u0119 dziewi\u0105ta edycja tego konkursu. Organizatorem jest Centrum Popularyzacji Matematyki SIGNUM dzia\u0142aj\u0105ce przy Wydziale Informatyki PB.<\/p>\n<p><a href=\"https:\/\/signum.pb.edu.pl\/konkurs\/\">Szczeg\u00f3\u0142y<\/a><\/p>\n<p>&nbsp;<\/p>\n<\/div>\n\t\t\t\t<\/div>\n\t\t\t<\/div>\n<\/div><\/td>\n<\/tr>\n<tr>\n<td style=\"width: 6.5292%;text-align: center\"><span style=\"font-size: 36pt\">&nbsp;<\/span><\/td>\n<td style=\"width: 10.3952%;text-align: center\"><span style=\"font-size: 14pt\">28.05.2024 r.<\/span><span style=\"font-size: 14pt\">&nbsp;<\/span><\/td>\n<td style=\"width: 61.9415%\"><div class=\"panel-group\" id=\"custom-collapse-4\">\n<div class=\"panel panel-default\">\n\t\t\t\t<div class=\"panel-heading\">\n\t\t\t\t\t<div class=\"panel-title\">\n\t\t\t\t\t\t<a class=\"collapsed h4\" data-toggle=\"collapse\" data-parent=\"#custom-collapse-4\" href=\"#custom-collapse-4-4\">D\u017cemik <\/a>\n\t\t\t\t\t<\/div>\n\t\t\t\t<\/div>\n\t\t\t\t<div id=\"custom-collapse-4-4\" class=\"panel-collapse collapse\">\n\t\t\t\t\t<div class=\"panel-body\">\nD\u017cemik<br \/>\n<i><\/i><\/p>\n<p>Konkurs pisania gier komputerowych skierowany do dzieci i m\u0142odzie\u017cy ze szk\u00f3\u0142 podstawowych i \u015brednich do 18 roku \u017cycia.&nbsp;<\/p>\n<p><i>Szczeg\u00f3\u0142y w trakcie ustalania &#8230;<\/i><br \/>\n<\/div>\n\t\t\t\t<\/div>\n\t\t\t<\/div>\n<\/div><\/td>\n<\/tr>\n<tr>\n<td style=\"width: 6.5292%;text-align: center\"><span style=\"font-size: 36pt\">&nbsp;<\/span><\/td>\n<td style=\"width: 10.3952%;text-align: center\"><span style=\"font-size: 14pt\">31.05.2024 r.&nbsp;<\/span><\/td>\n<td style=\"width: 61.9415%\"><div class=\"panel-group\" id=\"custom-collapse-5\">\n<div class=\"panel panel-default\">\n\t\t\t\t<div class=\"panel-heading\">\n\t\t\t\t\t<div class=\"panel-title\">\n\t\t\t\t\t\t<a class=\"collapsed h4\" data-toggle=\"collapse\" data-parent=\"#custom-collapse-5\" href=\"#custom-collapse-5-5\">BialJam<\/a>\n\t\t\t\t\t<\/div>\n\t\t\t\t<\/div>\n\t\t\t\t<div id=\"custom-collapse-5-5\" class=\"panel-collapse collapse\">\n\t\t\t\t\t<div class=\"panel-body\">\nBialJam<br \/>\n<i>Szczeg\u00f3\u0142y w trakcie ustalania &#8230;<\/i><br \/>\n<\/div>\n\t\t\t\t<\/div>\n\t\t\t<\/div>\n<\/div><\/td>\n<\/tr>\n<tr>\n<td style=\"width: 6.5292%;text-align: center\"><span style=\"font-size: 36pt\">&nbsp;<\/span><\/td>\n<td style=\"width: 10.3952%;text-align: center\"><span style=\"font-size: 14pt\">11.06.2024 r.&nbsp;<\/span><\/td>\n<td style=\"width: 61.9415%\"><div class=\"panel-group\" id=\"custom-collapse-6\">\n<div class=\"panel panel-default\">\n\t\t\t\t<div class=\"panel-heading\">\n\t\t\t\t\t<div class=\"panel-title\">\n\t\t\t\t\t\t<a class=\"collapsed h4\" data-toggle=\"collapse\" data-parent=\"#custom-collapse-6\" href=\"#custom-collapse-6-6\">Bezpiecze\u0144stwo w Cyberprzestrzeni <\/a>\n\t\t\t\t\t<\/div>\n\t\t\t\t<\/div>\n\t\t\t\t<div id=\"custom-collapse-6-6\" class=\"panel-collapse collapse\">\n\t\t\t\t\t<div class=\"panel-body\">\nKonferencja z obszaru Cyberezbpecze\u0144stwa skierowana <\/p>\n<p><i>Szczeg\u00f3\u0142y w trakcie ustalania &#8230;<\/i><br \/>\n<\/div>\n\t\t\t\t<\/div>\n\t\t\t<\/div>\n<\/div><\/td>\n<\/tr>\n<tr>\n<td style=\"width: 6.5292%;text-align: center\"><span style=\"font-size: 36pt\">&nbsp;<\/span><\/td>\n<td style=\"width: 10.3952%;text-align: center\"><span style=\"font-size: 14pt\">05.06.2024 r<\/span>.<\/td>\n<td style=\"width: 61.9415%\"><div class=\"panel-group\" id=\"custom-collapse-7\">\n<div class=\"panel panel-default\">\n\t\t\t\t<div class=\"panel-heading\">\n\t\t\t\t\t<div class=\"panel-title\">\n\t\t\t\t\t\t<a class=\"collapsed h4\" data-toggle=\"collapse\" data-parent=\"#custom-collapse-7\" href=\"#custom-collapse-7-7\">Dzie\u0144 Informatyka<\/a>\n\t\t\t\t\t<\/div>\n\t\t\t\t<\/div>\n\t\t\t\t<div id=\"custom-collapse-7-7\" class=\"panel-collapse collapse\">\n\t\t\t\t\t<div class=\"panel-body\">\n\u015awi\u0119to student\u00f3w na Wydziale Informatyki. Studenci \u015bwi\u0119tuj\u0105 Dzie\u0144 Informatyka \u0142\u0105cznie z Firmami wsp\u00f3\u0142pracuj\u0105cymi z Wydzia\u0142em. Podczas wydarzenia, studenci maj\u0105 okazj\u0119 uczestniczy\u0107 w r\u00f3\u017cnorodnych atrakcjach i aktywno\u015bciach organizowanych przez naszych partner\u00f3w biznesowych. Stoiska promocyjne firm oferuj\u0105 nie tylko cenne informacje merytoryczne, ale tak\u017ce mo\u017cliwo\u015b\u0107 posilenia si\u0119 smacznymi przek\u0105skami i napojami.<\/p>\n<p><i>Szczeg\u00f3\u0142y w trakcie ustalania &#8230;<\/i><br \/>\n<\/div>\n\t\t\t\t<\/div>\n\t\t\t<\/div>\n<\/div><\/td>\n<\/tr>\n<tr>\n<td style=\"width: 6.5292%;text-align: center\"><span style=\"font-size: 36pt\">&nbsp;<\/span><\/td>\n<td style=\"width: 10.3952%;text-align: center\"><span style=\"font-size: 14pt\">&nbsp;27.11.2024 r.<\/span><\/td>\n<td style=\"width: 61.9415%\"><div class=\"panel-group\" id=\"custom-collapse-8\">\n<div class=\"panel panel-default\">\n\t\t\t\t<div class=\"panel-heading\">\n\t\t\t\t\t<div class=\"panel-title\">\n\t\t\t\t\t\t<a class=\"collapsed h4\" data-toggle=\"collapse\" data-parent=\"#custom-collapse-8\" href=\"#custom-collapse-8-8\">Bia\u0142ostocki Test Informatyk\u00f3w <\/a>\n\t\t\t\t\t<\/div>\n\t\t\t\t<\/div>\n\t\t\t\t<div id=\"custom-collapse-8-8\" class=\"panel-collapse collapse\">\n\t\t\t\t\t<div class=\"panel-body\">\n<p>Bia\u0142ostocki Test Informatyk\u00f3w (BTI) \u2013 to bardzo dobry przyk\u0142ad wsp\u00f3\u0142pracy Wydzia\u0142u Informatyki Politechniki Bia\u0142ostockiej z bran\u017c\u0105 IT. Konkurs ma pokaza\u0107, jak studenci s\u0105 praktycznie przygotowywani do wej\u015bcia na rynek pracy. To nie s\u0105 zwyk\u0142e zadania \u201ena zaliczenie przedmiotu\u201d. Pytania konkursowe s\u0105 przygotowywane przez firmy z bran\u017cy IT. Konkurs BTI organizowany jest od wielu lat, wsp\u00f3lnie z lokalnymi liderami bran\u017cy IT.<br \/>\nWydarzenie jest te\u017c okazj\u0105 do spotkania z firmami z bran\u017cy IT, a mo\u017ce tak\u017ce potencjalnymi pracodawcami. Poprzez stoiska promocyjne firmy maj\u0105 mo\u017cliwo\u015b\u0107 dotarcia nie tylko do uczestnik\u00f3w konkursu, ale do innych student\u00f3w Wydzia\u0142u Informatyki. Dla student\u00f3w to tak\u017ce niepowtarzalna okazja do rozmowy z potencjalnymi przysz\u0142ymi pracodawcami.<\/p>\n<p><a href=\"https:\/\/pb.edu.pl\/bti\">Szczeg\u00f3\u0142y<\/a><\/p>\n<\/div>\n\t\t\t\t<\/div>\n\t\t\t<\/div>\n<\/div><\/td>\n<\/tr>\n<\/tbody>\n<\/table>\n<p>&nbsp;<\/p>\n<p>&nbsp;<\/p>\n<p>&nbsp;<\/p>\n<p>&nbsp;<\/p>\n<p>&nbsp;<\/p>\n<p>&nbsp;<\/p>\n<p>&nbsp;<\/p>\n<p>&nbsp;<\/p>\n","protected":false},"excerpt":{"rendered":"<p>\u2705 14.03.2024 r. \u2705 06.04.2024 r. \u2705 09.04.2024 r. \u2705 12.04.2024 r. &nbsp; 28.05.2024 r.&nbsp;<a class=\"read-more\" href=\"https:\/\/wi.pb.edu.pl\/35lat\/harmonogram\/\" title=\"Poka\u017c artyku\u0142 Wydarzenia towarzysz\u0105ce\">wi\u0119cej<\/a><\/p>\n","protected":false},"author":2,"featured_media":0,"parent":0,"menu_order":3,"comment_status":"closed","ping_status":"closed","template":"","meta":{"inline_featured_image":false,"ngg_post_thumbnail":0,"footnotes":""},"class_list":["post-375","page","type-page","status-publish","hentry"],"acf":[],"yoast_head":"<!-- This site is optimized with the Yoast SEO plugin v26.4 - https:\/\/yoast.com\/wordpress\/plugins\/seo\/ -->\n<title>Wydarzenia towarzysz\u0105ce - Jubileusz 35-lat Wydzia\u0142u Informatyki<\/title>\n<meta name=\"robots\" content=\"index, follow, max-snippet:-1, max-image-preview:large, max-video-preview:-1\" \/>\n<link rel=\"canonical\" href=\"https:\/\/wi.pb.edu.pl\/35lat\/harmonogram\/\" \/>\n<meta property=\"og:locale\" content=\"pl_PL\" \/>\n<meta property=\"og:type\" content=\"article\" \/>\n<meta property=\"og:title\" content=\"Wydarzenia towarzysz\u0105ce - Jubileusz 35-lat Wydzia\u0142u Informatyki\" \/>\n<meta property=\"og:description\" content=\"\u2705 14.03.2024 r. \u2705 06.04.2024 r. \u2705 09.04.2024 r. \u2705 12.04.2024 r. &nbsp; 28.05.2024 r.&nbsp;wi\u0119cej\" \/>\n<meta property=\"og:url\" content=\"https:\/\/wi.pb.edu.pl\/35lat\/harmonogram\/\" \/>\n<meta property=\"og:site_name\" content=\"Jubileusz 35-lat Wydzia\u0142u Informatyki\" \/>\n<meta property=\"article:modified_time\" content=\"2024-05-09T10:50:19+00:00\" \/>\n<meta property=\"og:image\" content=\"https:\/\/wi.pb.edu.pl\/35lat\/wp-content\/uploads\/sites\/6\/2024\/03\/6kawiarnia-naukowa_www-300x200.jpg\" \/>\n<meta name=\"twitter:card\" content=\"summary_large_image\" \/>\n<meta name=\"twitter:label1\" content=\"Szacowany czas czytania\" \/>\n\t<meta name=\"twitter:data1\" content=\"4 minuty\" \/>\n<script type=\"application\/ld+json\" class=\"yoast-schema-graph\">{\"@context\":\"https:\/\/schema.org\",\"@graph\":[{\"@type\":\"WebPage\",\"@id\":\"https:\/\/wi.pb.edu.pl\/35lat\/harmonogram\/\",\"url\":\"https:\/\/wi.pb.edu.pl\/35lat\/harmonogram\/\",\"name\":\"Wydarzenia towarzysz\u0105ce - Jubileusz 35-lat Wydzia\u0142u Informatyki\",\"isPartOf\":{\"@id\":\"https:\/\/wi.pb.edu.pl\/35lat\/#website\"},\"primaryImageOfPage\":{\"@id\":\"https:\/\/wi.pb.edu.pl\/35lat\/harmonogram\/#primaryimage\"},\"image\":{\"@id\":\"https:\/\/wi.pb.edu.pl\/35lat\/harmonogram\/#primaryimage\"},\"thumbnailUrl\":\"https:\/\/wi.pb.edu.pl\/35lat\/wp-content\/uploads\/sites\/6\/2024\/03\/6kawiarnia-naukowa_www-300x200.jpg\",\"datePublished\":\"2024-03-13T20:50:44+00:00\",\"dateModified\":\"2024-05-09T10:50:19+00:00\",\"breadcrumb\":{\"@id\":\"https:\/\/wi.pb.edu.pl\/35lat\/harmonogram\/#breadcrumb\"},\"inLanguage\":\"pl-PL\",\"potentialAction\":[{\"@type\":\"ReadAction\",\"target\":[\"https:\/\/wi.pb.edu.pl\/35lat\/harmonogram\/\"]}]},{\"@type\":\"ImageObject\",\"inLanguage\":\"pl-PL\",\"@id\":\"https:\/\/wi.pb.edu.pl\/35lat\/harmonogram\/#primaryimage\",\"url\":\"https:\/\/wi.pb.edu.pl\/35lat\/wp-content\/uploads\/sites\/6\/2024\/03\/6kawiarnia-naukowa_www.jpg\",\"contentUrl\":\"https:\/\/wi.pb.edu.pl\/35lat\/wp-content\/uploads\/sites\/6\/2024\/03\/6kawiarnia-naukowa_www.jpg\",\"width\":1200,\"height\":800},{\"@type\":\"BreadcrumbList\",\"@id\":\"https:\/\/wi.pb.edu.pl\/35lat\/harmonogram\/#breadcrumb\",\"itemListElement\":[{\"@type\":\"ListItem\",\"position\":1,\"name\":\"Strona g\u0142\u00f3wna\",\"item\":\"https:\/\/wi.pb.edu.pl\/35lat\/\"},{\"@type\":\"ListItem\",\"position\":2,\"name\":\"Wydarzenia towarzysz\u0105ce\"}]},{\"@type\":\"WebSite\",\"@id\":\"https:\/\/wi.pb.edu.pl\/35lat\/#website\",\"url\":\"https:\/\/wi.pb.edu.pl\/35lat\/\",\"name\":\"Jubileusz 35-lat Wydzia\u0142u Informatyki\",\"description\":\"\",\"potentialAction\":[{\"@type\":\"SearchAction\",\"target\":{\"@type\":\"EntryPoint\",\"urlTemplate\":\"https:\/\/wi.pb.edu.pl\/35lat\/?s={search_term_string}\"},\"query-input\":{\"@type\":\"PropertyValueSpecification\",\"valueRequired\":true,\"valueName\":\"search_term_string\"}}],\"inLanguage\":\"pl-PL\"}]}<\/script>\n<!-- \/ Yoast SEO plugin. -->","yoast_head_json":{"title":"Wydarzenia towarzysz\u0105ce - Jubileusz 35-lat Wydzia\u0142u Informatyki","robots":{"index":"index","follow":"follow","max-snippet":"max-snippet:-1","max-image-preview":"max-image-preview:large","max-video-preview":"max-video-preview:-1"},"canonical":"https:\/\/wi.pb.edu.pl\/35lat\/harmonogram\/","og_locale":"pl_PL","og_type":"article","og_title":"Wydarzenia towarzysz\u0105ce - Jubileusz 35-lat Wydzia\u0142u Informatyki","og_description":"\u2705 14.03.2024 r. \u2705 06.04.2024 r. \u2705 09.04.2024 r. \u2705 12.04.2024 r. &nbsp; 28.05.2024 r.&nbsp;wi\u0119cej","og_url":"https:\/\/wi.pb.edu.pl\/35lat\/harmonogram\/","og_site_name":"Jubileusz 35-lat Wydzia\u0142u Informatyki","article_modified_time":"2024-05-09T10:50:19+00:00","og_image":[{"url":"https:\/\/wi.pb.edu.pl\/35lat\/wp-content\/uploads\/sites\/6\/2024\/03\/6kawiarnia-naukowa_www-300x200.jpg","type":"","width":"","height":""}],"twitter_card":"summary_large_image","twitter_misc":{"Szacowany czas czytania":"4 minuty"},"schema":{"@context":"https:\/\/schema.org","@graph":[{"@type":"WebPage","@id":"https:\/\/wi.pb.edu.pl\/35lat\/harmonogram\/","url":"https:\/\/wi.pb.edu.pl\/35lat\/harmonogram\/","name":"Wydarzenia towarzysz\u0105ce - Jubileusz 35-lat Wydzia\u0142u Informatyki","isPartOf":{"@id":"https:\/\/wi.pb.edu.pl\/35lat\/#website"},"primaryImageOfPage":{"@id":"https:\/\/wi.pb.edu.pl\/35lat\/harmonogram\/#primaryimage"},"image":{"@id":"https:\/\/wi.pb.edu.pl\/35lat\/harmonogram\/#primaryimage"},"thumbnailUrl":"https:\/\/wi.pb.edu.pl\/35lat\/wp-content\/uploads\/sites\/6\/2024\/03\/6kawiarnia-naukowa_www-300x200.jpg","datePublished":"2024-03-13T20:50:44+00:00","dateModified":"2024-05-09T10:50:19+00:00","breadcrumb":{"@id":"https:\/\/wi.pb.edu.pl\/35lat\/harmonogram\/#breadcrumb"},"inLanguage":"pl-PL","potentialAction":[{"@type":"ReadAction","target":["https:\/\/wi.pb.edu.pl\/35lat\/harmonogram\/"]}]},{"@type":"ImageObject","inLanguage":"pl-PL","@id":"https:\/\/wi.pb.edu.pl\/35lat\/harmonogram\/#primaryimage","url":"https:\/\/wi.pb.edu.pl\/35lat\/wp-content\/uploads\/sites\/6\/2024\/03\/6kawiarnia-naukowa_www.jpg","contentUrl":"https:\/\/wi.pb.edu.pl\/35lat\/wp-content\/uploads\/sites\/6\/2024\/03\/6kawiarnia-naukowa_www.jpg","width":1200,"height":800},{"@type":"BreadcrumbList","@id":"https:\/\/wi.pb.edu.pl\/35lat\/harmonogram\/#breadcrumb","itemListElement":[{"@type":"ListItem","position":1,"name":"Strona g\u0142\u00f3wna","item":"https:\/\/wi.pb.edu.pl\/35lat\/"},{"@type":"ListItem","position":2,"name":"Wydarzenia towarzysz\u0105ce"}]},{"@type":"WebSite","@id":"https:\/\/wi.pb.edu.pl\/35lat\/#website","url":"https:\/\/wi.pb.edu.pl\/35lat\/","name":"Jubileusz 35-lat Wydzia\u0142u Informatyki","description":"","potentialAction":[{"@type":"SearchAction","target":{"@type":"EntryPoint","urlTemplate":"https:\/\/wi.pb.edu.pl\/35lat\/?s={search_term_string}"},"query-input":{"@type":"PropertyValueSpecification","valueRequired":true,"valueName":"search_term_string"}}],"inLanguage":"pl-PL"}]}},"_links":{"self":[{"href":"https:\/\/wi.pb.edu.pl\/35lat\/wp-json\/wp\/v2\/pages\/375","targetHints":{"allow":["GET"]}}],"collection":[{"href":"https:\/\/wi.pb.edu.pl\/35lat\/wp-json\/wp\/v2\/pages"}],"about":[{"href":"https:\/\/wi.pb.edu.pl\/35lat\/wp-json\/wp\/v2\/types\/page"}],"author":[{"embeddable":true,"href":"https:\/\/wi.pb.edu.pl\/35lat\/wp-json\/wp\/v2\/users\/2"}],"replies":[{"embeddable":true,"href":"https:\/\/wi.pb.edu.pl\/35lat\/wp-json\/wp\/v2\/comments?post=375"}],"version-history":[{"count":69,"href":"https:\/\/wi.pb.edu.pl\/35lat\/wp-json\/wp\/v2\/pages\/375\/revisions"}],"predecessor-version":[{"id":757,"href":"https:\/\/wi.pb.edu.pl\/35lat\/wp-json\/wp\/v2\/pages\/375\/revisions\/757"}],"wp:attachment":[{"href":"https:\/\/wi.pb.edu.pl\/35lat\/wp-json\/wp\/v2\/media?parent=375"}],"curies":[{"name":"wp","href":"https:\/\/api.w.org\/{rel}","templated":true}]}}