{"id":378,"date":"2024-03-13T21:52:05","date_gmt":"2024-03-13T20:52:05","guid":{"rendered":"https:\/\/wi.pb.edu.pl\/35lat\/?page_id=378"},"modified":"2024-03-25T11:15:44","modified_gmt":"2024-03-25T10:15:44","slug":"historia","status":"publish","type":"page","link":"https:\/\/wi.pb.edu.pl\/35lat\/historia\/","title":{"rendered":"O Wydziale"},"content":{"rendered":"<p><img loading=\"lazy\" decoding=\"async\" class=\"size-medium wp-image-395 alignleft\" src=\"https:\/\/wi.pb.edu.pl\/35lat\/wp-content\/uploads\/sites\/6\/2024\/01\/35-lecie_WI-300x188.jpg\" alt=\"35 lat Wydzia\u0142u Informatyki\" width=\"300\" height=\"188\" srcset=\"https:\/\/wi.pb.edu.pl\/35lat\/wp-content\/uploads\/sites\/6\/2024\/01\/35-lecie_WI-300x188.jpg 300w, https:\/\/wi.pb.edu.pl\/35lat\/wp-content\/uploads\/sites\/6\/2024\/01\/35-lecie_WI.jpg 600w\" sizes=\"auto, (max-width: 300px) 100vw, 300px\" \/>Wydzia\u0142 Informatyki Politechniki Bia\u0142ostockiej jest najsilniejszym o\u015brodkiem edukacji informatycznej w Polsce wschodniej. Historia Wydzia\u0142u rozpocz\u0119\u0142a si\u0119 1 lipca 1989 r., kiedy to na bazie O\u015brodka Elektronicznej Techniki Obliczeniowej Politechniki Bia\u0142ostockiej zosta\u0142 utworzony Instytut Informatyki. Instytut Informatyki zosta\u0142 przekszta\u0142cony w Wydzia\u0142 Informatyki w roku 2001. W tym samym roku Wydzia\u0142 zdoby\u0142 uprawnienia do nadawania stopnia doktora nauk technicznych w dyscyplinie informatyka. W roku 2016 Wydzia\u0142 Informatyki otrzyma\u0142 uprawnienia do nadawania stopnia doktora habilitowanego nauk technicznych w dyscyplinie informatyka. Od roku akademickiego 2017\/18 zosta\u0142y uruchomione studia doktoranckie z informatyki.<\/p>\n<p>Wa\u017cnym czynnikiem rozwoju Wydzia\u0142u Informatyki jest stopniowe rozszerzanie oferty dydaktycznej. Wydzia\u0142 prowadzi obecnie kszta\u0142cenie na trzech kierunkach studi\u00f3w in\u017cynierskich I stopnia: informatyka, matematyka stosowana, informatyka i ekonometria oraz na dw\u00f3ch kierunkach studi\u00f3w II stopnia: informatyka i matematyka stosowana. Wszystkie programy kszta\u0142cenia s\u0105 przygotowane r\u00f3wnie\u017c do prowadzenia studi\u00f3w w j\u0119zyku angielskim. Wydzia\u0142 mo\u017ce pochwali\u0107 si\u0119 te\u017c bogat\u0105 ofert\u0105 studi\u00f3w podyplomowych. Programy kszta\u0142cenia na studiach wszystkich stopni s\u0105 konsultowane z otoczeniem spo\u0142eczno-gospodarczym. W roku 2012 Rada Wydzia\u0142u Informatyki powo\u0142a\u0142a Rad\u0119 Przedsi\u0119biorc\u00f3w, kt\u00f3rej dzia\u0142alno\u015b\u0107 przynosi korzystne zmiany w modyfikacji program\u00f3w nauczania poprzez ich dostosowanie do potrzeb rynku pracy.<\/p>\n<p>Wydzia\u0142 mo\u017ce si\u0119 poszczyci\u0107 \u015bwietnie przygotowan\u0105 kadr\u0105 naukowo-badawcz\u0105. Na Wydziale zatrudnionych jest 98 pracownik\u00f3w, w tym 22 profesor\u00f3w i doktor\u00f3w habilitowanych oraz 46 doktor\u00f3w. W sk\u0142ad struktury organizacyjnej Wydzia\u0142u wchodzi pi\u0119\u0107 katedr: Katedra Oprogramowania, Katedra Medi\u00f3w Cyfrowych i Grafiki Komputerowej, Katedra Matematyki, Katedra Informatyki Teoretycznej, Katedra System\u00f3w Informacyjnych i Sieci Komputerowych. Przy Wydziale dzia\u0142a Centrum Popularyzacji Matematyki \u201eSignum\u201d.<\/p>\n<p>&nbsp;<\/p>\n<p>Szczeg\u00f3\u0142y zwi\u0105zane z Wydzia\u0142em Informatyki zawarte s\u0105 na stronie: <a href=\"https:\/\/wi.pb.edu.pl\">wi.pb.edu.pl<\/a>.<\/p>\n","protected":false},"excerpt":{"rendered":"<p>Wydzia\u0142 Informatyki Politechniki Bia\u0142ostockiej jest najsilniejszym o\u015brodkiem edukacji informatycznej w Polsce wschodniej. Historia Wydzia\u0142u rozpocz\u0119\u0142a<a class=\"read-more\" href=\"https:\/\/wi.pb.edu.pl\/35lat\/historia\/\" title=\"Poka\u017c artyku\u0142 O Wydziale\">wi\u0119cej<\/a><\/p>\n","protected":false},"author":2,"featured_media":0,"parent":0,"menu_order":4,"comment_status":"closed","ping_status":"closed","template":"","meta":{"inline_featured_image":false,"ngg_post_thumbnail":0,"footnotes":""},"class_list":["post-378","page","type-page","status-publish","hentry"],"acf":[],"yoast_head":"<!-- This site is optimized with the Yoast SEO plugin v26.4 - https:\/\/yoast.com\/wordpress\/plugins\/seo\/ -->\n<title>O Wydziale - Jubileusz 35-lat Wydzia\u0142u Informatyki<\/title>\n<meta name=\"robots\" content=\"index, follow, max-snippet:-1, max-image-preview:large, max-video-preview:-1\" \/>\n<link rel=\"canonical\" href=\"https:\/\/wi.pb.edu.pl\/35lat\/historia\/\" \/>\n<meta property=\"og:locale\" content=\"pl_PL\" \/>\n<meta property=\"og:type\" content=\"article\" \/>\n<meta property=\"og:title\" content=\"O Wydziale - Jubileusz 35-lat Wydzia\u0142u Informatyki\" \/>\n<meta property=\"og:description\" content=\"Wydzia\u0142 Informatyki Politechniki Bia\u0142ostockiej jest najsilniejszym o\u015brodkiem edukacji informatycznej w Polsce wschodniej. Historia Wydzia\u0142u rozpocz\u0119\u0142awi\u0119cej\" \/>\n<meta property=\"og:url\" content=\"https:\/\/wi.pb.edu.pl\/35lat\/historia\/\" \/>\n<meta property=\"og:site_name\" content=\"Jubileusz 35-lat Wydzia\u0142u Informatyki\" \/>\n<meta property=\"article:modified_time\" content=\"2024-03-25T10:15:44+00:00\" \/>\n<meta property=\"og:image\" content=\"https:\/\/wi.pb.edu.pl\/35lat\/wp-content\/uploads\/sites\/6\/2024\/01\/35-lecie_WI-300x188.jpg\" \/>\n<meta name=\"twitter:card\" content=\"summary_large_image\" \/>\n<meta name=\"twitter:label1\" content=\"Szacowany czas czytania\" \/>\n\t<meta name=\"twitter:data1\" content=\"2 minuty\" \/>\n<script type=\"application\/ld+json\" class=\"yoast-schema-graph\">{\"@context\":\"https:\/\/schema.org\",\"@graph\":[{\"@type\":\"WebPage\",\"@id\":\"https:\/\/wi.pb.edu.pl\/35lat\/historia\/\",\"url\":\"https:\/\/wi.pb.edu.pl\/35lat\/historia\/\",\"name\":\"O Wydziale - Jubileusz 35-lat Wydzia\u0142u Informatyki\",\"isPartOf\":{\"@id\":\"https:\/\/wi.pb.edu.pl\/35lat\/#website\"},\"primaryImageOfPage\":{\"@id\":\"https:\/\/wi.pb.edu.pl\/35lat\/historia\/#primaryimage\"},\"image\":{\"@id\":\"https:\/\/wi.pb.edu.pl\/35lat\/historia\/#primaryimage\"},\"thumbnailUrl\":\"https:\/\/wi.pb.edu.pl\/35lat\/wp-content\/uploads\/sites\/6\/2024\/01\/35-lecie_WI-300x188.jpg\",\"datePublished\":\"2024-03-13T20:52:05+00:00\",\"dateModified\":\"2024-03-25T10:15:44+00:00\",\"breadcrumb\":{\"@id\":\"https:\/\/wi.pb.edu.pl\/35lat\/historia\/#breadcrumb\"},\"inLanguage\":\"pl-PL\",\"potentialAction\":[{\"@type\":\"ReadAction\",\"target\":[\"https:\/\/wi.pb.edu.pl\/35lat\/historia\/\"]}]},{\"@type\":\"ImageObject\",\"inLanguage\":\"pl-PL\",\"@id\":\"https:\/\/wi.pb.edu.pl\/35lat\/historia\/#primaryimage\",\"url\":\"https:\/\/wi.pb.edu.pl\/35lat\/wp-content\/uploads\/sites\/6\/2024\/01\/35-lecie_WI.jpg\",\"contentUrl\":\"https:\/\/wi.pb.edu.pl\/35lat\/wp-content\/uploads\/sites\/6\/2024\/01\/35-lecie_WI.jpg\",\"width\":600,\"height\":375,\"caption\":\"35 lat Wydzia\u0142u Informatyki\"},{\"@type\":\"BreadcrumbList\",\"@id\":\"https:\/\/wi.pb.edu.pl\/35lat\/historia\/#breadcrumb\",\"itemListElement\":[{\"@type\":\"ListItem\",\"position\":1,\"name\":\"Strona g\u0142\u00f3wna\",\"item\":\"https:\/\/wi.pb.edu.pl\/35lat\/\"},{\"@type\":\"ListItem\",\"position\":2,\"name\":\"O Wydziale\"}]},{\"@type\":\"WebSite\",\"@id\":\"https:\/\/wi.pb.edu.pl\/35lat\/#website\",\"url\":\"https:\/\/wi.pb.edu.pl\/35lat\/\",\"name\":\"Jubileusz 35-lat Wydzia\u0142u Informatyki\",\"description\":\"\",\"potentialAction\":[{\"@type\":\"SearchAction\",\"target\":{\"@type\":\"EntryPoint\",\"urlTemplate\":\"https:\/\/wi.pb.edu.pl\/35lat\/?s={search_term_string}\"},\"query-input\":{\"@type\":\"PropertyValueSpecification\",\"valueRequired\":true,\"valueName\":\"search_term_string\"}}],\"inLanguage\":\"pl-PL\"}]}<\/script>\n<!-- \/ Yoast SEO plugin. -->","yoast_head_json":{"title":"O Wydziale - Jubileusz 35-lat Wydzia\u0142u Informatyki","robots":{"index":"index","follow":"follow","max-snippet":"max-snippet:-1","max-image-preview":"max-image-preview:large","max-video-preview":"max-video-preview:-1"},"canonical":"https:\/\/wi.pb.edu.pl\/35lat\/historia\/","og_locale":"pl_PL","og_type":"article","og_title":"O Wydziale - Jubileusz 35-lat Wydzia\u0142u Informatyki","og_description":"Wydzia\u0142 Informatyki Politechniki Bia\u0142ostockiej jest najsilniejszym o\u015brodkiem edukacji informatycznej w Polsce wschodniej. Historia Wydzia\u0142u rozpocz\u0119\u0142awi\u0119cej","og_url":"https:\/\/wi.pb.edu.pl\/35lat\/historia\/","og_site_name":"Jubileusz 35-lat Wydzia\u0142u Informatyki","article_modified_time":"2024-03-25T10:15:44+00:00","og_image":[{"url":"https:\/\/wi.pb.edu.pl\/35lat\/wp-content\/uploads\/sites\/6\/2024\/01\/35-lecie_WI-300x188.jpg","type":"","width":"","height":""}],"twitter_card":"summary_large_image","twitter_misc":{"Szacowany czas czytania":"2 minuty"},"schema":{"@context":"https:\/\/schema.org","@graph":[{"@type":"WebPage","@id":"https:\/\/wi.pb.edu.pl\/35lat\/historia\/","url":"https:\/\/wi.pb.edu.pl\/35lat\/historia\/","name":"O Wydziale - Jubileusz 35-lat Wydzia\u0142u Informatyki","isPartOf":{"@id":"https:\/\/wi.pb.edu.pl\/35lat\/#website"},"primaryImageOfPage":{"@id":"https:\/\/wi.pb.edu.pl\/35lat\/historia\/#primaryimage"},"image":{"@id":"https:\/\/wi.pb.edu.pl\/35lat\/historia\/#primaryimage"},"thumbnailUrl":"https:\/\/wi.pb.edu.pl\/35lat\/wp-content\/uploads\/sites\/6\/2024\/01\/35-lecie_WI-300x188.jpg","datePublished":"2024-03-13T20:52:05+00:00","dateModified":"2024-03-25T10:15:44+00:00","breadcrumb":{"@id":"https:\/\/wi.pb.edu.pl\/35lat\/historia\/#breadcrumb"},"inLanguage":"pl-PL","potentialAction":[{"@type":"ReadAction","target":["https:\/\/wi.pb.edu.pl\/35lat\/historia\/"]}]},{"@type":"ImageObject","inLanguage":"pl-PL","@id":"https:\/\/wi.pb.edu.pl\/35lat\/historia\/#primaryimage","url":"https:\/\/wi.pb.edu.pl\/35lat\/wp-content\/uploads\/sites\/6\/2024\/01\/35-lecie_WI.jpg","contentUrl":"https:\/\/wi.pb.edu.pl\/35lat\/wp-content\/uploads\/sites\/6\/2024\/01\/35-lecie_WI.jpg","width":600,"height":375,"caption":"35 lat Wydzia\u0142u Informatyki"},{"@type":"BreadcrumbList","@id":"https:\/\/wi.pb.edu.pl\/35lat\/historia\/#breadcrumb","itemListElement":[{"@type":"ListItem","position":1,"name":"Strona g\u0142\u00f3wna","item":"https:\/\/wi.pb.edu.pl\/35lat\/"},{"@type":"ListItem","position":2,"name":"O Wydziale"}]},{"@type":"WebSite","@id":"https:\/\/wi.pb.edu.pl\/35lat\/#website","url":"https:\/\/wi.pb.edu.pl\/35lat\/","name":"Jubileusz 35-lat Wydzia\u0142u Informatyki","description":"","potentialAction":[{"@type":"SearchAction","target":{"@type":"EntryPoint","urlTemplate":"https:\/\/wi.pb.edu.pl\/35lat\/?s={search_term_string}"},"query-input":{"@type":"PropertyValueSpecification","valueRequired":true,"valueName":"search_term_string"}}],"inLanguage":"pl-PL"}]}},"_links":{"self":[{"href":"https:\/\/wi.pb.edu.pl\/35lat\/wp-json\/wp\/v2\/pages\/378","targetHints":{"allow":["GET"]}}],"collection":[{"href":"https:\/\/wi.pb.edu.pl\/35lat\/wp-json\/wp\/v2\/pages"}],"about":[{"href":"https:\/\/wi.pb.edu.pl\/35lat\/wp-json\/wp\/v2\/types\/page"}],"author":[{"embeddable":true,"href":"https:\/\/wi.pb.edu.pl\/35lat\/wp-json\/wp\/v2\/users\/2"}],"replies":[{"embeddable":true,"href":"https:\/\/wi.pb.edu.pl\/35lat\/wp-json\/wp\/v2\/comments?post=378"}],"version-history":[{"count":7,"href":"https:\/\/wi.pb.edu.pl\/35lat\/wp-json\/wp\/v2\/pages\/378\/revisions"}],"predecessor-version":[{"id":566,"href":"https:\/\/wi.pb.edu.pl\/35lat\/wp-json\/wp\/v2\/pages\/378\/revisions\/566"}],"wp:attachment":[{"href":"https:\/\/wi.pb.edu.pl\/35lat\/wp-json\/wp\/v2\/media?parent=378"}],"curies":[{"name":"wp","href":"https:\/\/api.w.org\/{rel}","templated":true}]}}