{"id":625,"date":"2024-03-26T15:33:16","date_gmt":"2024-03-26T14:33:16","guid":{"rendered":"https:\/\/wi.pb.edu.pl\/35lat\/?page_id=625"},"modified":"2024-05-09T20:32:50","modified_gmt":"2024-05-09T18:32:50","slug":"gala-jubileuszowa","status":"publish","type":"page","link":"https:\/\/wi.pb.edu.pl\/35lat\/gala-jubileuszowa\/","title":{"rendered":"Gala Jubileuszowa"},"content":{"rendered":"<p><img loading=\"lazy\" decoding=\"async\" class=\"size-medium wp-image-395 alignleft\" src=\"https:\/\/wi.pb.edu.pl\/35lat\/wp-content\/uploads\/sites\/6\/2024\/01\/35-lecie_WI-300x188.jpg\" alt=\"35 lat Wydzia\u0142u Informatyki\" width=\"300\" height=\"188\" srcset=\"https:\/\/wi.pb.edu.pl\/35lat\/wp-content\/uploads\/sites\/6\/2024\/01\/35-lecie_WI-300x188.jpg 300w, https:\/\/wi.pb.edu.pl\/35lat\/wp-content\/uploads\/sites\/6\/2024\/01\/35-lecie_WI.jpg 600w\" sizes=\"auto, (max-width: 300px) 100vw, 300px\" \/><\/p>\n<p>Z okazji 35-lecia dzia\u0142alno\u015bci naukowo-dydaktycznej Wydzia\u0142u Informatyki Politechniki Bia\u0142ostockiej organizowanych jest wiele wydarze\u0144 upami\u0119tniaj\u0105cych Jubileusz. Centralnym punktem Jubileuszu b\u0119dzie Uroczysta Gala Jubileuszowa po\u0142\u0105czona ze zjazdem absolwent\u00f3w w dniu 14.06.2024 r.<\/p>\n<p>&nbsp;<\/p>\n<p>&nbsp;<\/p>\n<p>&nbsp;<\/p>\n<p>&nbsp;<\/p>\n<p>&nbsp;<\/p>\n<h2>Program Gali Jubileuszowej<\/h2>\n<p>&nbsp;<\/p>\n<p>&nbsp;<\/p>\n<table style=\"width: 92.7177%;height: 169px\">\n<tbody>\n<tr style=\"height: 65px\">\n<td style=\"width: 14.5053%;height: 65px\" width=\"97\">12:15 &#8211; 14:15:<\/td>\n<td style=\"width: 173.565%;height: 65px\" width=\"469\"><strong>Nadanie tytu\u0142u Honorowego Profesora Politechniki Bia\u0142ostockiej Profesorowi Leonowi Bobrowskiemu<\/strong><\/p>\n<p>Uroczysto\u015b\u0107 z udzia\u0142em Jej Magnificencji Rektor Politechniki Bia\u0142ostockiej, dr hab. in\u017c. Marty Kosior-Kazberuk, prof. PB, Senatu Politechniki Bia\u0142ostockiej i Ch\u00f3ru Politechniki Bia\u0142ostockiej pod dyrekcj\u0105 prof. Wioletty Mi\u0142kowskiej.<\/p>\n<p>Wyk\u0142ad okoliczno\u015bciowy prof. Leona Bobrowskiego nt. <em>Eksploracja z norm\u0105 L1 wysoko-wymiarowych zbior\u00f3w danych<\/em><\/p>\n<p><em>Wydzia\u0142 Informatyki PB, Aula 23C<\/em><\/td>\n<\/tr>\n<tr>\n<td>&nbsp;<\/td>\n<\/tr>\n<tr style=\"height: 52px\">\n<td style=\"width: 14.5053%;height: 52px\" width=\"97\">15:15 -18:15<\/td>\n<td style=\"width: 173.565%;height: 52px\" width=\"469\"><strong>Zjazd absolwent\u00f3w Wydzia\u0142u Informatyki Politechniki Bia\u0142ostockiej<\/strong><\/p>\n<p>Wyst\u0105pienia absolwent\u00f3w \/ Sesja wspomnie\u0144 \/ Quiz o historii Wydzia\u0142u Informatyki PB i inne.<\/p>\n<p><em>Wydzia\u0142 Informatyki PB, Aula 23C<\/em><\/td>\n<\/tr>\n<tr>\n<td>&nbsp;<\/td>\n<\/tr>\n<tr style=\"height: 52px\">\n<td style=\"width: 14.5053%;height: 52px\" width=\"97\">19:30<\/td>\n<td style=\"width: 173.565%;height: 52px\" width=\"469\"><strong>Bankiet w Restauracji Trzy Po Trzy<\/strong><\/p>\n<p>Okazja do nieformalnych spotka\u0144, wspomnie\u0144, wymiany kontakt\u00f3w oraz budowania wi\u0119zi mi\u0119dzy obecnymi i by\u0142ymi cz\u0142onkami spo\u0142eczno\u015bci akademickiej Wydzia\u0142u Informatyki Politechniki Bia\u0142ostockiej.<\/p>\n<p><em>Restauracja \u201eTrzy Po Trzy\u201d<\/em><\/td>\n<\/tr>\n<\/tbody>\n<\/table>\n<p>&nbsp;<\/p>\n","protected":false},"excerpt":{"rendered":"<p>Z okazji 35-lecia dzia\u0142alno\u015bci naukowo-dydaktycznej Wydzia\u0142u Informatyki Politechniki Bia\u0142ostockiej organizowanych jest wiele wydarze\u0144 upami\u0119tniaj\u0105cych Jubileusz.<a class=\"read-more\" href=\"https:\/\/wi.pb.edu.pl\/35lat\/gala-jubileuszowa\/\" title=\"Poka\u017c artyku\u0142 Gala Jubileuszowa\">wi\u0119cej<\/a><\/p>\n","protected":false},"author":12,"featured_media":0,"parent":0,"menu_order":0,"comment_status":"closed","ping_status":"closed","template":"","meta":{"inline_featured_image":false,"ngg_post_thumbnail":0,"footnotes":""},"class_list":["post-625","page","type-page","status-publish","hentry"],"acf":[],"yoast_head":"<!-- This site is optimized with the Yoast SEO plugin v26.4 - https:\/\/yoast.com\/wordpress\/plugins\/seo\/ -->\n<title>Gala Jubileuszowa - Jubileusz 35-lat Wydzia\u0142u Informatyki<\/title>\n<meta name=\"robots\" content=\"index, follow, max-snippet:-1, max-image-preview:large, max-video-preview:-1\" \/>\n<link rel=\"canonical\" href=\"https:\/\/wi.pb.edu.pl\/35lat\/gala-jubileuszowa\/\" \/>\n<meta property=\"og:locale\" content=\"pl_PL\" \/>\n<meta property=\"og:type\" content=\"article\" \/>\n<meta property=\"og:title\" content=\"Gala Jubileuszowa - Jubileusz 35-lat Wydzia\u0142u Informatyki\" \/>\n<meta property=\"og:description\" content=\"Z okazji 35-lecia dzia\u0142alno\u015bci naukowo-dydaktycznej Wydzia\u0142u Informatyki Politechniki Bia\u0142ostockiej organizowanych jest wiele wydarze\u0144 upami\u0119tniaj\u0105cych Jubileusz.wi\u0119cej\" \/>\n<meta property=\"og:url\" content=\"https:\/\/wi.pb.edu.pl\/35lat\/gala-jubileuszowa\/\" \/>\n<meta property=\"og:site_name\" content=\"Jubileusz 35-lat Wydzia\u0142u Informatyki\" \/>\n<meta property=\"article:modified_time\" content=\"2024-05-09T18:32:50+00:00\" \/>\n<meta property=\"og:image\" content=\"https:\/\/wi.pb.edu.pl\/35lat\/wp-content\/uploads\/sites\/6\/2024\/01\/35-lecie_WI-300x188.jpg\" \/>\n<meta name=\"twitter:card\" content=\"summary_large_image\" \/>\n<meta name=\"twitter:label1\" content=\"Szacowany czas czytania\" \/>\n\t<meta name=\"twitter:data1\" content=\"2 minuty\" \/>\n<script type=\"application\/ld+json\" class=\"yoast-schema-graph\">{\"@context\":\"https:\/\/schema.org\",\"@graph\":[{\"@type\":\"WebPage\",\"@id\":\"https:\/\/wi.pb.edu.pl\/35lat\/gala-jubileuszowa\/\",\"url\":\"https:\/\/wi.pb.edu.pl\/35lat\/gala-jubileuszowa\/\",\"name\":\"Gala Jubileuszowa - Jubileusz 35-lat Wydzia\u0142u Informatyki\",\"isPartOf\":{\"@id\":\"https:\/\/wi.pb.edu.pl\/35lat\/#website\"},\"primaryImageOfPage\":{\"@id\":\"https:\/\/wi.pb.edu.pl\/35lat\/gala-jubileuszowa\/#primaryimage\"},\"image\":{\"@id\":\"https:\/\/wi.pb.edu.pl\/35lat\/gala-jubileuszowa\/#primaryimage\"},\"thumbnailUrl\":\"https:\/\/wi.pb.edu.pl\/35lat\/wp-content\/uploads\/sites\/6\/2024\/01\/35-lecie_WI-300x188.jpg\",\"datePublished\":\"2024-03-26T14:33:16+00:00\",\"dateModified\":\"2024-05-09T18:32:50+00:00\",\"breadcrumb\":{\"@id\":\"https:\/\/wi.pb.edu.pl\/35lat\/gala-jubileuszowa\/#breadcrumb\"},\"inLanguage\":\"pl-PL\",\"potentialAction\":[{\"@type\":\"ReadAction\",\"target\":[\"https:\/\/wi.pb.edu.pl\/35lat\/gala-jubileuszowa\/\"]}]},{\"@type\":\"ImageObject\",\"inLanguage\":\"pl-PL\",\"@id\":\"https:\/\/wi.pb.edu.pl\/35lat\/gala-jubileuszowa\/#primaryimage\",\"url\":\"https:\/\/wi.pb.edu.pl\/35lat\/wp-content\/uploads\/sites\/6\/2024\/01\/35-lecie_WI.jpg\",\"contentUrl\":\"https:\/\/wi.pb.edu.pl\/35lat\/wp-content\/uploads\/sites\/6\/2024\/01\/35-lecie_WI.jpg\",\"width\":600,\"height\":375,\"caption\":\"35 lat Wydzia\u0142u Informatyki\"},{\"@type\":\"BreadcrumbList\",\"@id\":\"https:\/\/wi.pb.edu.pl\/35lat\/gala-jubileuszowa\/#breadcrumb\",\"itemListElement\":[{\"@type\":\"ListItem\",\"position\":1,\"name\":\"Strona g\u0142\u00f3wna\",\"item\":\"https:\/\/wi.pb.edu.pl\/35lat\/\"},{\"@type\":\"ListItem\",\"position\":2,\"name\":\"Gala Jubileuszowa\"}]},{\"@type\":\"WebSite\",\"@id\":\"https:\/\/wi.pb.edu.pl\/35lat\/#website\",\"url\":\"https:\/\/wi.pb.edu.pl\/35lat\/\",\"name\":\"Jubileusz 35-lat Wydzia\u0142u Informatyki\",\"description\":\"\",\"potentialAction\":[{\"@type\":\"SearchAction\",\"target\":{\"@type\":\"EntryPoint\",\"urlTemplate\":\"https:\/\/wi.pb.edu.pl\/35lat\/?s={search_term_string}\"},\"query-input\":{\"@type\":\"PropertyValueSpecification\",\"valueRequired\":true,\"valueName\":\"search_term_string\"}}],\"inLanguage\":\"pl-PL\"}]}<\/script>\n<!-- \/ Yoast SEO plugin. -->","yoast_head_json":{"title":"Gala Jubileuszowa - Jubileusz 35-lat Wydzia\u0142u Informatyki","robots":{"index":"index","follow":"follow","max-snippet":"max-snippet:-1","max-image-preview":"max-image-preview:large","max-video-preview":"max-video-preview:-1"},"canonical":"https:\/\/wi.pb.edu.pl\/35lat\/gala-jubileuszowa\/","og_locale":"pl_PL","og_type":"article","og_title":"Gala Jubileuszowa - Jubileusz 35-lat Wydzia\u0142u Informatyki","og_description":"Z okazji 35-lecia dzia\u0142alno\u015bci naukowo-dydaktycznej Wydzia\u0142u Informatyki Politechniki Bia\u0142ostockiej organizowanych jest wiele wydarze\u0144 upami\u0119tniaj\u0105cych Jubileusz.wi\u0119cej","og_url":"https:\/\/wi.pb.edu.pl\/35lat\/gala-jubileuszowa\/","og_site_name":"Jubileusz 35-lat Wydzia\u0142u Informatyki","article_modified_time":"2024-05-09T18:32:50+00:00","og_image":[{"url":"https:\/\/wi.pb.edu.pl\/35lat\/wp-content\/uploads\/sites\/6\/2024\/01\/35-lecie_WI-300x188.jpg","type":"","width":"","height":""}],"twitter_card":"summary_large_image","twitter_misc":{"Szacowany czas czytania":"2 minuty"},"schema":{"@context":"https:\/\/schema.org","@graph":[{"@type":"WebPage","@id":"https:\/\/wi.pb.edu.pl\/35lat\/gala-jubileuszowa\/","url":"https:\/\/wi.pb.edu.pl\/35lat\/gala-jubileuszowa\/","name":"Gala Jubileuszowa - Jubileusz 35-lat Wydzia\u0142u Informatyki","isPartOf":{"@id":"https:\/\/wi.pb.edu.pl\/35lat\/#website"},"primaryImageOfPage":{"@id":"https:\/\/wi.pb.edu.pl\/35lat\/gala-jubileuszowa\/#primaryimage"},"image":{"@id":"https:\/\/wi.pb.edu.pl\/35lat\/gala-jubileuszowa\/#primaryimage"},"thumbnailUrl":"https:\/\/wi.pb.edu.pl\/35lat\/wp-content\/uploads\/sites\/6\/2024\/01\/35-lecie_WI-300x188.jpg","datePublished":"2024-03-26T14:33:16+00:00","dateModified":"2024-05-09T18:32:50+00:00","breadcrumb":{"@id":"https:\/\/wi.pb.edu.pl\/35lat\/gala-jubileuszowa\/#breadcrumb"},"inLanguage":"pl-PL","potentialAction":[{"@type":"ReadAction","target":["https:\/\/wi.pb.edu.pl\/35lat\/gala-jubileuszowa\/"]}]},{"@type":"ImageObject","inLanguage":"pl-PL","@id":"https:\/\/wi.pb.edu.pl\/35lat\/gala-jubileuszowa\/#primaryimage","url":"https:\/\/wi.pb.edu.pl\/35lat\/wp-content\/uploads\/sites\/6\/2024\/01\/35-lecie_WI.jpg","contentUrl":"https:\/\/wi.pb.edu.pl\/35lat\/wp-content\/uploads\/sites\/6\/2024\/01\/35-lecie_WI.jpg","width":600,"height":375,"caption":"35 lat Wydzia\u0142u Informatyki"},{"@type":"BreadcrumbList","@id":"https:\/\/wi.pb.edu.pl\/35lat\/gala-jubileuszowa\/#breadcrumb","itemListElement":[{"@type":"ListItem","position":1,"name":"Strona g\u0142\u00f3wna","item":"https:\/\/wi.pb.edu.pl\/35lat\/"},{"@type":"ListItem","position":2,"name":"Gala Jubileuszowa"}]},{"@type":"WebSite","@id":"https:\/\/wi.pb.edu.pl\/35lat\/#website","url":"https:\/\/wi.pb.edu.pl\/35lat\/","name":"Jubileusz 35-lat Wydzia\u0142u Informatyki","description":"","potentialAction":[{"@type":"SearchAction","target":{"@type":"EntryPoint","urlTemplate":"https:\/\/wi.pb.edu.pl\/35lat\/?s={search_term_string}"},"query-input":{"@type":"PropertyValueSpecification","valueRequired":true,"valueName":"search_term_string"}}],"inLanguage":"pl-PL"}]}},"_links":{"self":[{"href":"https:\/\/wi.pb.edu.pl\/35lat\/wp-json\/wp\/v2\/pages\/625","targetHints":{"allow":["GET"]}}],"collection":[{"href":"https:\/\/wi.pb.edu.pl\/35lat\/wp-json\/wp\/v2\/pages"}],"about":[{"href":"https:\/\/wi.pb.edu.pl\/35lat\/wp-json\/wp\/v2\/types\/page"}],"author":[{"embeddable":true,"href":"https:\/\/wi.pb.edu.pl\/35lat\/wp-json\/wp\/v2\/users\/12"}],"replies":[{"embeddable":true,"href":"https:\/\/wi.pb.edu.pl\/35lat\/wp-json\/wp\/v2\/comments?post=625"}],"version-history":[{"count":10,"href":"https:\/\/wi.pb.edu.pl\/35lat\/wp-json\/wp\/v2\/pages\/625\/revisions"}],"predecessor-version":[{"id":760,"href":"https:\/\/wi.pb.edu.pl\/35lat\/wp-json\/wp\/v2\/pages\/625\/revisions\/760"}],"wp:attachment":[{"href":"https:\/\/wi.pb.edu.pl\/35lat\/wp-json\/wp\/v2\/media?parent=625"}],"curies":[{"name":"wp","href":"https:\/\/api.w.org\/{rel}","templated":true}]}}