{"id":89,"date":"2024-02-09T01:24:35","date_gmt":"2024-02-09T00:24:35","guid":{"rendered":"https:\/\/wi.pb.edu.pl\/35lat\/?page_id=89"},"modified":"2024-04-19T08:54:12","modified_gmt":"2024-04-19T06:54:12","slug":"kontakt","status":"publish","type":"page","link":"https:\/\/wi.pb.edu.pl\/35lat\/kontakt\/","title":{"rendered":"Kontakt"},"content":{"rendered":"<div>\n<h2>Komitet organizacyjny obchod\u00f3w 35-lecia Wydzia\u0142u Informatyki PB<\/h2>\n<p>dr hab. in\u017c. Ireneusz Mrozek, prof. PB &#8211; przewodnicz\u0105cy<br \/>\ndr in\u017c. Eugenia Bus\u0142owska<br \/>\ndr in\u017c. Tomasz Grze\u015b<br \/>\ndr in\u017c. Krzysztof Jurczuk<br \/>\ndr in\u017c. Magdalena Kacprzak<br \/>\ndr hab. in\u017c. Wojciech Kwedlo<br \/>\nmgr Agnieszka Makarec<br \/>\nmgr Wioleta Obidzi\u0144ska<br \/>\nmgr Joanna Panasiuk<br \/>\ndr hab. in\u017c Zenon Sosnowski, prof. PB<br \/>\nin\u017c. Krzysztof Szwabowski &#8211; Samorz\u0105d Student\u00f3w WI<br \/>\ndr in\u017c. Pawe\u0142 Tadejko<br \/>\ndr in\u017c. Magadalena Topczewska<\/p>\n<\/div>\n<div>\n<h2>Dane teleadresowe<\/h2>\n<p>Wydzia\u0142 Informatyki Politechniki Bia\u0142ostockiej<br \/>\nul. Wiejska 45a<br \/>\n15-351 Bia\u0142ystok<\/p>\n<p><i class=\"fa fa-phone\"><\/i> 85 746-90-50,&nbsp;&nbsp;&nbsp;<i class=\"fal fa-envelope\"><\/i> <a href=\"mailto:wi.35lat@pb.edu.pl\">wi.35lat [at] pb.edu.pl<\/a><\/p>\n<\/div>\n","protected":false},"excerpt":{"rendered":"<p>Komitet organizacyjny obchod\u00f3w 35-lecia Wydzia\u0142u Informatyki PB dr hab. in\u017c. Ireneusz Mrozek, prof. PB &#8211;<a class=\"read-more\" href=\"https:\/\/wi.pb.edu.pl\/35lat\/kontakt\/\" title=\"Poka\u017c artyku\u0142 Kontakt\">wi\u0119cej<\/a><\/p>\n","protected":false},"author":2,"featured_media":0,"parent":0,"menu_order":0,"comment_status":"closed","ping_status":"closed","template":"","meta":{"inline_featured_image":false,"ngg_post_thumbnail":0,"footnotes":""},"class_list":["post-89","page","type-page","status-publish","hentry"],"acf":[],"yoast_head":"<!-- This site is optimized with the Yoast SEO plugin v26.4 - https:\/\/yoast.com\/wordpress\/plugins\/seo\/ -->\n<title>Kontakt - Jubileusz 35-lat Wydzia\u0142u Informatyki<\/title>\n<meta name=\"robots\" content=\"index, follow, max-snippet:-1, max-image-preview:large, max-video-preview:-1\" \/>\n<link rel=\"canonical\" href=\"https:\/\/wi.pb.edu.pl\/35lat\/kontakt\/\" \/>\n<meta property=\"og:locale\" content=\"pl_PL\" \/>\n<meta property=\"og:type\" content=\"article\" \/>\n<meta property=\"og:title\" content=\"Kontakt - Jubileusz 35-lat Wydzia\u0142u Informatyki\" \/>\n<meta property=\"og:description\" content=\"Komitet organizacyjny obchod\u00f3w 35-lecia Wydzia\u0142u Informatyki PB dr hab. in\u017c. Ireneusz Mrozek, prof. PB &#8211;wi\u0119cej\" \/>\n<meta property=\"og:url\" content=\"https:\/\/wi.pb.edu.pl\/35lat\/kontakt\/\" \/>\n<meta property=\"og:site_name\" content=\"Jubileusz 35-lat Wydzia\u0142u Informatyki\" \/>\n<meta property=\"article:modified_time\" content=\"2024-04-19T06:54:12+00:00\" \/>\n<meta name=\"twitter:card\" content=\"summary_large_image\" \/>\n<meta name=\"twitter:label1\" content=\"Szacowany czas czytania\" \/>\n\t<meta name=\"twitter:data1\" content=\"1 minuta\" \/>\n<script type=\"application\/ld+json\" class=\"yoast-schema-graph\">{\"@context\":\"https:\/\/schema.org\",\"@graph\":[{\"@type\":\"WebPage\",\"@id\":\"https:\/\/wi.pb.edu.pl\/35lat\/kontakt\/\",\"url\":\"https:\/\/wi.pb.edu.pl\/35lat\/kontakt\/\",\"name\":\"Kontakt - Jubileusz 35-lat Wydzia\u0142u Informatyki\",\"isPartOf\":{\"@id\":\"https:\/\/wi.pb.edu.pl\/35lat\/#website\"},\"datePublished\":\"2024-02-09T00:24:35+00:00\",\"dateModified\":\"2024-04-19T06:54:12+00:00\",\"breadcrumb\":{\"@id\":\"https:\/\/wi.pb.edu.pl\/35lat\/kontakt\/#breadcrumb\"},\"inLanguage\":\"pl-PL\",\"potentialAction\":[{\"@type\":\"ReadAction\",\"target\":[\"https:\/\/wi.pb.edu.pl\/35lat\/kontakt\/\"]}]},{\"@type\":\"BreadcrumbList\",\"@id\":\"https:\/\/wi.pb.edu.pl\/35lat\/kontakt\/#breadcrumb\",\"itemListElement\":[{\"@type\":\"ListItem\",\"position\":1,\"name\":\"Strona g\u0142\u00f3wna\",\"item\":\"https:\/\/wi.pb.edu.pl\/35lat\/\"},{\"@type\":\"ListItem\",\"position\":2,\"name\":\"Kontakt\"}]},{\"@type\":\"WebSite\",\"@id\":\"https:\/\/wi.pb.edu.pl\/35lat\/#website\",\"url\":\"https:\/\/wi.pb.edu.pl\/35lat\/\",\"name\":\"Jubileusz 35-lat Wydzia\u0142u Informatyki\",\"description\":\"\",\"potentialAction\":[{\"@type\":\"SearchAction\",\"target\":{\"@type\":\"EntryPoint\",\"urlTemplate\":\"https:\/\/wi.pb.edu.pl\/35lat\/?s={search_term_string}\"},\"query-input\":{\"@type\":\"PropertyValueSpecification\",\"valueRequired\":true,\"valueName\":\"search_term_string\"}}],\"inLanguage\":\"pl-PL\"}]}<\/script>\n<!-- \/ Yoast SEO plugin. -->","yoast_head_json":{"title":"Kontakt - Jubileusz 35-lat Wydzia\u0142u Informatyki","robots":{"index":"index","follow":"follow","max-snippet":"max-snippet:-1","max-image-preview":"max-image-preview:large","max-video-preview":"max-video-preview:-1"},"canonical":"https:\/\/wi.pb.edu.pl\/35lat\/kontakt\/","og_locale":"pl_PL","og_type":"article","og_title":"Kontakt - Jubileusz 35-lat Wydzia\u0142u Informatyki","og_description":"Komitet organizacyjny obchod\u00f3w 35-lecia Wydzia\u0142u Informatyki PB dr hab. in\u017c. Ireneusz Mrozek, prof. PB &#8211;wi\u0119cej","og_url":"https:\/\/wi.pb.edu.pl\/35lat\/kontakt\/","og_site_name":"Jubileusz 35-lat Wydzia\u0142u Informatyki","article_modified_time":"2024-04-19T06:54:12+00:00","twitter_card":"summary_large_image","twitter_misc":{"Szacowany czas czytania":"1 minuta"},"schema":{"@context":"https:\/\/schema.org","@graph":[{"@type":"WebPage","@id":"https:\/\/wi.pb.edu.pl\/35lat\/kontakt\/","url":"https:\/\/wi.pb.edu.pl\/35lat\/kontakt\/","name":"Kontakt - Jubileusz 35-lat Wydzia\u0142u Informatyki","isPartOf":{"@id":"https:\/\/wi.pb.edu.pl\/35lat\/#website"},"datePublished":"2024-02-09T00:24:35+00:00","dateModified":"2024-04-19T06:54:12+00:00","breadcrumb":{"@id":"https:\/\/wi.pb.edu.pl\/35lat\/kontakt\/#breadcrumb"},"inLanguage":"pl-PL","potentialAction":[{"@type":"ReadAction","target":["https:\/\/wi.pb.edu.pl\/35lat\/kontakt\/"]}]},{"@type":"BreadcrumbList","@id":"https:\/\/wi.pb.edu.pl\/35lat\/kontakt\/#breadcrumb","itemListElement":[{"@type":"ListItem","position":1,"name":"Strona g\u0142\u00f3wna","item":"https:\/\/wi.pb.edu.pl\/35lat\/"},{"@type":"ListItem","position":2,"name":"Kontakt"}]},{"@type":"WebSite","@id":"https:\/\/wi.pb.edu.pl\/35lat\/#website","url":"https:\/\/wi.pb.edu.pl\/35lat\/","name":"Jubileusz 35-lat Wydzia\u0142u Informatyki","description":"","potentialAction":[{"@type":"SearchAction","target":{"@type":"EntryPoint","urlTemplate":"https:\/\/wi.pb.edu.pl\/35lat\/?s={search_term_string}"},"query-input":{"@type":"PropertyValueSpecification","valueRequired":true,"valueName":"search_term_string"}}],"inLanguage":"pl-PL"}]}},"_links":{"self":[{"href":"https:\/\/wi.pb.edu.pl\/35lat\/wp-json\/wp\/v2\/pages\/89","targetHints":{"allow":["GET"]}}],"collection":[{"href":"https:\/\/wi.pb.edu.pl\/35lat\/wp-json\/wp\/v2\/pages"}],"about":[{"href":"https:\/\/wi.pb.edu.pl\/35lat\/wp-json\/wp\/v2\/types\/page"}],"author":[{"embeddable":true,"href":"https:\/\/wi.pb.edu.pl\/35lat\/wp-json\/wp\/v2\/users\/2"}],"replies":[{"embeddable":true,"href":"https:\/\/wi.pb.edu.pl\/35lat\/wp-json\/wp\/v2\/comments?post=89"}],"version-history":[{"count":17,"href":"https:\/\/wi.pb.edu.pl\/35lat\/wp-json\/wp\/v2\/pages\/89\/revisions"}],"predecessor-version":[{"id":673,"href":"https:\/\/wi.pb.edu.pl\/35lat\/wp-json\/wp\/v2\/pages\/89\/revisions\/673"}],"wp:attachment":[{"href":"https:\/\/wi.pb.edu.pl\/35lat\/wp-json\/wp\/v2\/media?parent=89"}],"curies":[{"name":"wp","href":"https:\/\/api.w.org\/{rel}","templated":true}]}}