{"id":958,"date":"2024-06-08T16:47:21","date_gmt":"2024-06-08T14:47:21","guid":{"rendered":"https:\/\/wi.pb.edu.pl\/35lat\/?page_id=958"},"modified":"2024-06-08T16:54:21","modified_gmt":"2024-06-08T14:54:21","slug":"wplaty-za-udzial-w-bankiecie-jubileuszowym","status":"publish","type":"page","link":"https:\/\/wi.pb.edu.pl\/35lat\/wplaty-za-udzial-w-bankiecie-jubileuszowym\/","title":{"rendered":"Wp\u0142aty za udzia\u0142 w Bankiecie Jubileuszowym"},"content":{"rendered":"<p>Wp\u0142aty w kwocie 320 z\u0142, za udzia\u0142 w Bankiecie Jubileuszowym po\u0142\u0105czonym ze&nbsp; Zjazdem Absolwent\u00f3w, prosimy&nbsp; dokona\u0107 najp\u00f3\u017aniej do dnia 10.06.2024 r na konto:<\/p>\n<p><strong>Fundacja na rzecz rozwoju Politechniki Bia\u0142ostockiej<br \/>\nul. Zwierzyniecka 6\/3, 15-333 Bia\u0142ystok<\/strong><br \/>\nnr konta: <strong>95 1240 1154 1111 0000 2149 7977<\/strong><br \/>\ntytu\u0142em: <strong> 35 lat WI &#8211; zjazd, imi\u0119 i nazwisko<\/strong><\/p>\n<p>Osoby, kt\u00f3re nie b\u0119d\u0105 mog\u0142y wykona\u0107 przelewu do tego dnia, bardzo prosz\u0119 o kontakt (wi.rozwoj@pb.edu.pl, tel. (85) 746 90 50)<\/p>\n","protected":false},"excerpt":{"rendered":"<p>Wp\u0142aty w kwocie 320 z\u0142, za udzia\u0142 w Bankiecie Jubileuszowym po\u0142\u0105czonym ze&nbsp; Zjazdem Absolwent\u00f3w, prosimy&nbsp;<a class=\"read-more\" href=\"https:\/\/wi.pb.edu.pl\/35lat\/wplaty-za-udzial-w-bankiecie-jubileuszowym\/\" title=\"Poka\u017c artyku\u0142 Wp\u0142aty za udzia\u0142 w Bankiecie Jubileuszowym\">wi\u0119cej<\/a><\/p>\n","protected":false},"author":12,"featured_media":0,"parent":0,"menu_order":0,"comment_status":"closed","ping_status":"closed","template":"","meta":{"inline_featured_image":false,"ngg_post_thumbnail":0,"footnotes":""},"class_list":["post-958","page","type-page","status-publish","hentry"],"acf":[],"yoast_head":"<!-- This site is optimized with the Yoast SEO plugin v26.4 - https:\/\/yoast.com\/wordpress\/plugins\/seo\/ -->\n<title>Wp\u0142aty za udzia\u0142 w Bankiecie Jubileuszowym - Jubileusz 35-lat Wydzia\u0142u Informatyki<\/title>\n<meta name=\"robots\" content=\"index, follow, max-snippet:-1, max-image-preview:large, max-video-preview:-1\" \/>\n<link rel=\"canonical\" href=\"https:\/\/wi.pb.edu.pl\/35lat\/wplaty-za-udzial-w-bankiecie-jubileuszowym\/\" \/>\n<meta property=\"og:locale\" content=\"pl_PL\" \/>\n<meta property=\"og:type\" content=\"article\" \/>\n<meta property=\"og:title\" content=\"Wp\u0142aty za udzia\u0142 w Bankiecie Jubileuszowym - Jubileusz 35-lat Wydzia\u0142u Informatyki\" \/>\n<meta property=\"og:description\" content=\"Wp\u0142aty w kwocie 320 z\u0142, za udzia\u0142 w Bankiecie Jubileuszowym po\u0142\u0105czonym ze&nbsp; Zjazdem Absolwent\u00f3w, prosimy&nbsp;wi\u0119cej\" \/>\n<meta property=\"og:url\" content=\"https:\/\/wi.pb.edu.pl\/35lat\/wplaty-za-udzial-w-bankiecie-jubileuszowym\/\" \/>\n<meta property=\"og:site_name\" content=\"Jubileusz 35-lat Wydzia\u0142u Informatyki\" \/>\n<meta property=\"article:modified_time\" content=\"2024-06-08T14:54:21+00:00\" \/>\n<meta name=\"twitter:card\" content=\"summary_large_image\" \/>\n<meta name=\"twitter:label1\" content=\"Szacowany czas czytania\" \/>\n\t<meta name=\"twitter:data1\" content=\"1 minuta\" \/>\n<script type=\"application\/ld+json\" class=\"yoast-schema-graph\">{\"@context\":\"https:\/\/schema.org\",\"@graph\":[{\"@type\":\"WebPage\",\"@id\":\"https:\/\/wi.pb.edu.pl\/35lat\/wplaty-za-udzial-w-bankiecie-jubileuszowym\/\",\"url\":\"https:\/\/wi.pb.edu.pl\/35lat\/wplaty-za-udzial-w-bankiecie-jubileuszowym\/\",\"name\":\"Wp\u0142aty za udzia\u0142 w Bankiecie Jubileuszowym - Jubileusz 35-lat Wydzia\u0142u Informatyki\",\"isPartOf\":{\"@id\":\"https:\/\/wi.pb.edu.pl\/35lat\/#website\"},\"datePublished\":\"2024-06-08T14:47:21+00:00\",\"dateModified\":\"2024-06-08T14:54:21+00:00\",\"breadcrumb\":{\"@id\":\"https:\/\/wi.pb.edu.pl\/35lat\/wplaty-za-udzial-w-bankiecie-jubileuszowym\/#breadcrumb\"},\"inLanguage\":\"pl-PL\",\"potentialAction\":[{\"@type\":\"ReadAction\",\"target\":[\"https:\/\/wi.pb.edu.pl\/35lat\/wplaty-za-udzial-w-bankiecie-jubileuszowym\/\"]}]},{\"@type\":\"BreadcrumbList\",\"@id\":\"https:\/\/wi.pb.edu.pl\/35lat\/wplaty-za-udzial-w-bankiecie-jubileuszowym\/#breadcrumb\",\"itemListElement\":[{\"@type\":\"ListItem\",\"position\":1,\"name\":\"Strona g\u0142\u00f3wna\",\"item\":\"https:\/\/wi.pb.edu.pl\/35lat\/\"},{\"@type\":\"ListItem\",\"position\":2,\"name\":\"Wp\u0142aty za udzia\u0142 w Bankiecie Jubileuszowym\"}]},{\"@type\":\"WebSite\",\"@id\":\"https:\/\/wi.pb.edu.pl\/35lat\/#website\",\"url\":\"https:\/\/wi.pb.edu.pl\/35lat\/\",\"name\":\"Jubileusz 35-lat Wydzia\u0142u Informatyki\",\"description\":\"\",\"potentialAction\":[{\"@type\":\"SearchAction\",\"target\":{\"@type\":\"EntryPoint\",\"urlTemplate\":\"https:\/\/wi.pb.edu.pl\/35lat\/?s={search_term_string}\"},\"query-input\":{\"@type\":\"PropertyValueSpecification\",\"valueRequired\":true,\"valueName\":\"search_term_string\"}}],\"inLanguage\":\"pl-PL\"}]}<\/script>\n<!-- \/ Yoast SEO plugin. -->","yoast_head_json":{"title":"Wp\u0142aty za udzia\u0142 w Bankiecie Jubileuszowym - Jubileusz 35-lat Wydzia\u0142u Informatyki","robots":{"index":"index","follow":"follow","max-snippet":"max-snippet:-1","max-image-preview":"max-image-preview:large","max-video-preview":"max-video-preview:-1"},"canonical":"https:\/\/wi.pb.edu.pl\/35lat\/wplaty-za-udzial-w-bankiecie-jubileuszowym\/","og_locale":"pl_PL","og_type":"article","og_title":"Wp\u0142aty za udzia\u0142 w Bankiecie Jubileuszowym - Jubileusz 35-lat Wydzia\u0142u Informatyki","og_description":"Wp\u0142aty w kwocie 320 z\u0142, za udzia\u0142 w Bankiecie Jubileuszowym po\u0142\u0105czonym ze&nbsp; Zjazdem Absolwent\u00f3w, prosimy&nbsp;wi\u0119cej","og_url":"https:\/\/wi.pb.edu.pl\/35lat\/wplaty-za-udzial-w-bankiecie-jubileuszowym\/","og_site_name":"Jubileusz 35-lat Wydzia\u0142u Informatyki","article_modified_time":"2024-06-08T14:54:21+00:00","twitter_card":"summary_large_image","twitter_misc":{"Szacowany czas czytania":"1 minuta"},"schema":{"@context":"https:\/\/schema.org","@graph":[{"@type":"WebPage","@id":"https:\/\/wi.pb.edu.pl\/35lat\/wplaty-za-udzial-w-bankiecie-jubileuszowym\/","url":"https:\/\/wi.pb.edu.pl\/35lat\/wplaty-za-udzial-w-bankiecie-jubileuszowym\/","name":"Wp\u0142aty za udzia\u0142 w Bankiecie Jubileuszowym - Jubileusz 35-lat Wydzia\u0142u Informatyki","isPartOf":{"@id":"https:\/\/wi.pb.edu.pl\/35lat\/#website"},"datePublished":"2024-06-08T14:47:21+00:00","dateModified":"2024-06-08T14:54:21+00:00","breadcrumb":{"@id":"https:\/\/wi.pb.edu.pl\/35lat\/wplaty-za-udzial-w-bankiecie-jubileuszowym\/#breadcrumb"},"inLanguage":"pl-PL","potentialAction":[{"@type":"ReadAction","target":["https:\/\/wi.pb.edu.pl\/35lat\/wplaty-za-udzial-w-bankiecie-jubileuszowym\/"]}]},{"@type":"BreadcrumbList","@id":"https:\/\/wi.pb.edu.pl\/35lat\/wplaty-za-udzial-w-bankiecie-jubileuszowym\/#breadcrumb","itemListElement":[{"@type":"ListItem","position":1,"name":"Strona g\u0142\u00f3wna","item":"https:\/\/wi.pb.edu.pl\/35lat\/"},{"@type":"ListItem","position":2,"name":"Wp\u0142aty za udzia\u0142 w Bankiecie Jubileuszowym"}]},{"@type":"WebSite","@id":"https:\/\/wi.pb.edu.pl\/35lat\/#website","url":"https:\/\/wi.pb.edu.pl\/35lat\/","name":"Jubileusz 35-lat Wydzia\u0142u Informatyki","description":"","potentialAction":[{"@type":"SearchAction","target":{"@type":"EntryPoint","urlTemplate":"https:\/\/wi.pb.edu.pl\/35lat\/?s={search_term_string}"},"query-input":{"@type":"PropertyValueSpecification","valueRequired":true,"valueName":"search_term_string"}}],"inLanguage":"pl-PL"}]}},"_links":{"self":[{"href":"https:\/\/wi.pb.edu.pl\/35lat\/wp-json\/wp\/v2\/pages\/958","targetHints":{"allow":["GET"]}}],"collection":[{"href":"https:\/\/wi.pb.edu.pl\/35lat\/wp-json\/wp\/v2\/pages"}],"about":[{"href":"https:\/\/wi.pb.edu.pl\/35lat\/wp-json\/wp\/v2\/types\/page"}],"author":[{"embeddable":true,"href":"https:\/\/wi.pb.edu.pl\/35lat\/wp-json\/wp\/v2\/users\/12"}],"replies":[{"embeddable":true,"href":"https:\/\/wi.pb.edu.pl\/35lat\/wp-json\/wp\/v2\/comments?post=958"}],"version-history":[{"count":3,"href":"https:\/\/wi.pb.edu.pl\/35lat\/wp-json\/wp\/v2\/pages\/958\/revisions"}],"predecessor-version":[{"id":963,"href":"https:\/\/wi.pb.edu.pl\/35lat\/wp-json\/wp\/v2\/pages\/958\/revisions\/963"}],"wp:attachment":[{"href":"https:\/\/wi.pb.edu.pl\/35lat\/wp-json\/wp\/v2\/media?parent=958"}],"curies":[{"name":"wp","href":"https:\/\/api.w.org\/{rel}","templated":true}]}}