{"id":17,"date":"2024-01-28T20:04:47","date_gmt":"2024-01-28T19:04:47","guid":{"rendered":"https:\/\/wi.pb.edu.pl\/bialjam\/?page_id=17"},"modified":"2025-06-09T14:26:12","modified_gmt":"2025-06-09T12:26:12","slug":"home","status":"publish","type":"page","link":"https:\/\/wi.pb.edu.pl\/bialjam\/","title":{"rendered":"Home"},"content":{"rendered":"<div class=\"img-full\">\n    <img decoding=\"async\" class=\"img-background\" src=\"https:\/\/wi.pb.edu.pl\/bialjam\/wp-content\/uploads\/sites\/8\/2024\/11\/background_header.png\" alt=\"futurystyczna fala\"><\/p>\n<div class=\"img-full-text\">\n<div class=\"img-full-title\">BialJam 2025<\/div>\n<div>IX edycja<\/div>\n<div class=\"img-full-button\"><a href=\"https:\/\/wi.pb.edu.pl\/bialjam\/bialjam-2025\" class=\"btn btn-warning btn-lg\"> Wi\u0119cej&#8230; <\/a><\/div>\n<div>Bia\u0142ystok, 4 lipiec 2025<\/div>\n<\/p><\/div>\n<p>    <img decoding=\"async\" class=\"img-small\" src=\"https:\/\/wi.pb.edu.pl\/bialjam\/wp-content\/uploads\/sites\/8\/2024\/11\/bialjamlogozolte.png\" alt=\"Logo BialJam\" width=\"285\">\n<\/div>\n<\/div>\n<div style=\"background-color: #ffffff;padding: 50px\">\n<div class=\"container-homePage text-center\">\n<div class=\"row\">\n<div class=\"col-md-4\">\n<div style=\"padding-top: 50px\">\n                    <i class=\"fa-solid fa-gamepad fa-5x text-primary\"><\/i><\/p>\n<p><strong>Tworzenie Gier<\/strong><\/p>\n<p>Stw\u00f3rz gr\u0119 na zadany temat w 48H!<\/p>\n<\/p><\/div>\n<\/p><\/div>\n<div class=\"col-md-4\">\n<div style=\"padding-top: 50px\">\n                    <i class=\"fa-solid fa-comments fa-5x text-primary\"><\/i><\/p>\n<p><strong>Do\u015bwiadczenie<\/strong><\/p>\n<p>Spotkaj si\u0119 z lud\u017ami z tak\u0105 sam\u0105 zajawk\u0105!<\/p>\n<\/p><\/div>\n<\/p><\/div>\n<div class=\"col-md-4\">\n<div style=\"padding-top: 50px\">\n                    <i class=\"fa-solid fa-otter fa-5x text-primary\"><\/i><\/p>\n<p><strong>Dobra Zabawa<\/strong><\/p>\n<p>Programuj, tw\u00f3rz, baw si\u0119!<\/p>\n<\/p><\/div>\n<\/p><\/div>\n<\/p><\/div>\n<\/p><\/div>\n<\/div>\n<div class=\"p-5\" style=\"text-align: center;color: white;padding: 50px\">\n<div class=\"container-homePage\">\n<div class=\"row\">\n<div>\n<p class=\"h3 font-weight-bold\">CZYM JEST BIALJAM?<\/p>\n<p>\n                Impreza ma na celu przybli\u017cenie studentom i uczniom szk\u00f3\u0142 \u015brednich procesu tworzenia gier komputerowych oraz promowania gier jako formy nie tylko rozrywki, ale tak\u017ce dzie\u0142a sztuki, formy ekspresji i nauki.\n            <\/p>\n<p>\n                Wydarzenie dzieli si\u0119 na dwie cz\u0119\u015bci: prelekcje znanych osobisto\u015bci ze \u015bwiata polskiego game devu oraz 48-godzinny game jam, b\u0119d\u0105cy nie tylko mo\u017cliwo\u015bci\u0105 wygrania ciekawych nagr\u00f3d, ale tak\u017ce sprawdzenia swoich umiej\u0119tno\u015bci i uzyskania opinii na temat swojej pracy od innych tw\u00f3rc\u00f3w.\n            <\/p>\n<\/p><\/div>\n<\/p><\/div>\n<div class=\"row\">\n<div>\n<hr class=\"bg-white\">\n<p class=\"h3 font-weight-bold\">GDZIE I KIEDY SI\u0118 ODBYWA?<\/p>\n<p>\n                <strong>Data:<\/strong> 4-6 lipiec 2025 <br \/>\n                <strong>Miejsce:<\/strong> Wydzia\u0142 Informatyki Politechniki Bia\u0142ostockiej \u2013 Bia\u0142ystok, Wiejska 45A\n            <\/p>\n<\/p><\/div>\n<\/p><\/div>\n<\/p><\/div>\n<\/div>\n<div style=\"background-color: #ffffff;padding: 50px\">\n<div class=\"container-homePage text-center\">\n<div style=\"text-align: center\">\n<h2>Organizatorzy<\/h2>\n<\/p><\/div>\n<ul class=\"clients-bar-wrapper\">\n<li class=\"clients-bar-item\"><a href=\"https:\/\/pb.edu.pl\/sspb\/\" target=\"_blank\"><img decoding=\"async\" src=\"https:\/\/wi.pb.edu.pl\/bialjam\/wp-content\/uploads\/sites\/8\/2024\/12\/sspb-150x150.png\" alt=\"samorz\u0105d student\u00f3w politechniki bia\u0142ostockiej\"><\/a><\/li>\n<li class=\"clients-bar-item\"><a href=\"https:\/\/wi.pb.edu.pl\/\" target=\"_blank\"><img decoding=\"async\" src=\"https:\/\/wi.pb.edu.pl\/bialjam\/wp-content\/uploads\/sites\/8\/2024\/12\/wi-150x150.png\" alt=\"wydzia\u0142 informatyki politechniki bia\u0142ostockiej\"><\/a><\/li>\n<li class=\"clients-bar-item\"><a href=\"https:\/\/www.facebook.com\/VectorGameDev\" target=\"_blank\"><img decoding=\"async\" src=\"https:\/\/wi.pb.edu.pl\/bialjam\/wp-content\/uploads\/sites\/8\/2024\/12\/vector-150x150.png\" alt=\"skn vector\"><\/a><\/li>\n<li class=\"clients-bar-item\"><a href=\"https:\/\/pb.edu.pl\/\" target=\"_blank\"><img decoding=\"async\" src=\"https:\/\/wi.pb.edu.pl\/bialjam\/wp-content\/uploads\/sites\/8\/2024\/12\/pb-150x150.png\" alt=\"politechnika bia\u0142ostocka\"><\/a><\/li>\n<li class=\"clients-bar-item\"><a href=\"https:\/\/portal.pti.org.pl\/\" target=\"_blank\"><img decoding=\"async\" src=\"https:\/\/wi.pb.edu.pl\/bialjam\/wp-content\/uploads\/sites\/8\/2024\/05\/logo_O_BIALOSTOCKI1-1-150x150.png\" alt=\"\"><\/a><\/li>\n<\/ul>\n<div style=\"text-align: center\">\n<h2>Partnerzy edycji 2025<\/h2>\n<\/p><\/div>\n<ul class=\"clients-bar-wrapper\">\n<li class=\"clients-bar-item\"><a href=\"https:\/\/www.bialystok.pl\/\" target=\"_blank\" rel=\"noopener\"><img decoding=\"async\" src=\"https:\/\/wi.pb.edu.pl\/bialjam\/wp-content\/uploads\/sites\/8\/2024\/12\/bialystok-150x150.png\" alt=\"\"><\/a><\/li>\n<li class=\"clients-bar-item\"><a href=\"https:\/\/itwmbanku.pl\/\" target=\"_blank\" rel=\"noopener\"><img decoding=\"async\" src=\"https:\/\/wi.pb.edu.pl\/bialjam\/wp-content\/uploads\/sites\/8\/2024\/12\/mbank-150x150.png\" alt=\"\"><\/a><\/li>\n<li class=\"clients-bar-item\"><a href=\"https:\/\/sii.pl\/\" target=\"_blank\"><img decoding=\"async\" src=\"https:\/\/wi.pb.edu.pl\/bialjam\/wp-content\/uploads\/sites\/8\/2025\/05\/SII-150x150.png\" alt=\"Sii\"><\/a><\/li>\n<li class=\"clients-bar-item\"><a href=\"https:\/\/dreammachines.pl\/\" target=\"_blank\"><img decoding=\"async\" src=\"https:\/\/wi.pb.edu.pl\/bialjam\/wp-content\/uploads\/sites\/8\/2025\/05\/Dream-Machines-150x150.png\" alt=\"Dream Machines\"><\/a><\/li>\n<li class=\"clients-bar-item\"><a href=\"https:\/\/rockgame.pl\/\" target=\"_blank\" rel=\"noopener\"><img decoding=\"async\" src=\"https:\/\/wi.pb.edu.pl\/bialjam\/wp-content\/uploads\/sites\/8\/2024\/12\/rockgame-150x150.png\" alt=\"Rock Game\"><\/a><\/li>\n<li class=\"clients-bar-item\"><a href=\"https:\/\/branduptoday.pro\/\" target=\"_blank\" rel=\"noopener\"><img decoding=\"async\" src=\"https:\/\/wi.pb.edu.pl\/bialjam\/wp-content\/uploads\/sites\/8\/2025\/06\/BRANDUP-150x150.png\" alt=\"BRANDUP\"><\/a><\/li>\n<li class=\"clients-bar-item\"><a href=\"https:\/\/helios.pl\/bialystok\/kino-helios-alfa\/\" target=\"_blank\" rel=\"noopener\"><img decoding=\"async\" src=\"https:\/\/wi.pb.edu.pl\/bialjam\/wp-content\/uploads\/sites\/8\/2025\/06\/helios-150x150.png\" alt=\"Helios Bialystok\"><\/a><\/li>\n<li class=\"clients-bar-item\"><a href=\"https:\/\/www.across-alliance.eu\/\" target=\"_blank\" rel=\"noopener\"><img decoding=\"async\" src=\"https:\/\/wi.pb.edu.pl\/bialjam\/wp-content\/uploads\/sites\/8\/2025\/06\/across-150x150.png\" alt=\"Across\"><\/a><\/li>\n<\/ul><\/div>\n<\/div>\n<div class=\"text-center text-md-start\" style=\"margin: 50px 0\">\n<div class=\"row align-items-center\">\n<div class=\"col-md-8\" style=\"color: white\">\n<h2>Wi\u0119cej informacji o BialJamie 2025<\/h2>\n<\/p><\/div>\n<div class=\"col-md-4 text-center\">\n<div class=\"img-full-button\"><a href=\"https:\/\/wi.pb.edu.pl\/bialjam\/bialjam-2025\" class=\"btn btn-warning btn-lg\"> Wi\u0119cej&#8230; <\/a><\/div>\n<\/p><\/div>\n<\/p><\/div>\n<\/div>\n<div style=\"background-color: #ffffff;padding: 50px\">\n<div class=\"container-homePage\">\n<div class=\"row\">\n<div style=\"text-align: center;margin-bottom: 50px\">\n<h2>Koordynatorzy<\/h2>\n<p>Poznaj nasz team organizatorski na BialJam 2025<\/p>\n<\/p><\/div>\n<\/p><\/div>\n<div class=\"row\">\n<div class=\"col-xs-12 col-ms-6 col-sm-6\">\n<div class=\"card card-profile card-plain\">\n<div class=\"col-md-5\">\n<div class=\"card-image\">\n                            <img decoding=\"async\" class=\"img\" src=\"https:\/\/wi.pb.edu.pl\/bialjam\/wp-content\/uploads\/sites\/8\/2024\/12\/krzysiu.jpg\" alt=\"Krzysiek\">\n                        <\/div>\n<\/p><\/div>\n<div class=\"col-md-7\">\n<div class=\"content\">\n<h4 class=\"card-title\">Krzysiek<\/h4>\n<h6 class=\"category text-muted\">Koordynator G\u0142\u00f3wny<\/h6>\n<p class=\"card-description\">G\u0142owa naszego teamu, cz\u0142owiek rozumiej\u0105cy urz\u0119dniczy be\u0142kot i scalaj\u0105cy ekip\u0119.<\/p>\n<\/p><\/div>\n<\/p><\/div>\n<\/p><\/div>\n<\/p><\/div>\n<div class=\"col-xs-12 col-ms-6 col-sm-6\">\n<div class=\"card card-profile card-plain\">\n<div class=\"col-md-5\">\n<div class=\"card-image\">\n                            <img decoding=\"async\" class=\"img\" src=\"https:\/\/wi.pb.edu.pl\/bialjam\/wp-content\/uploads\/sites\/8\/2024\/12\/kamila.jpg\" alt=\"Kamila\">\n                        <\/div>\n<\/p><\/div>\n<div class=\"col-md-7\">\n<div class=\"content\">\n<h4 class=\"card-title\">Kamila<\/h4>\n<h6 class=\"category text-muted\">Koordynator ds. promocji<\/h6>\n<p class=\"card-description\">To z ni\u0105 najcz\u0119\u015bciej rozmawiacie na facebooku i w mailu, ogarnia sprawy internetowe i rzeczywiste, a przy okazji zrobi kilka grafik.<\/p>\n<\/p><\/div>\n<\/p><\/div>\n<\/p><\/div>\n<\/p><\/div>\n<div class=\"col-xs-12 col-ms-6 col-sm-6\">\n<div class=\"card card-profile card-plain\">\n<div class=\"col-md-5\">\n<div class=\"card-image\">\n                            <img decoding=\"async\" class=\"img\" src=\"https:\/\/wi.pb.edu.pl\/bialjam\/wp-content\/uploads\/sites\/8\/2024\/12\/bober.jpg\" alt=\"Micha\u0142\">\n                        <\/div>\n<\/p><\/div>\n<div class=\"col-md-7\">\n<div class=\"content\">\n<h4 class=\"card-title\">Micha\u0142<\/h4>\n<h6 class=\"category text-muted\">Koordynator ds. logistyki<\/h6>\n<p class=\"card-description\">Wie co a by\u0107, gdzie ma by\u0107 i kiedy b\u0119dzie. Je\u015bli masz pytania &#8211; wal do niego!<\/p>\n<\/p><\/div>\n<\/p><\/div>\n<\/p><\/div>\n<\/p><\/div>\n<div class=\"col-xs-12 col-ms-6 col-sm-6\">\n<div class=\"card card-profile card-plain\">\n<div class=\"col-md-5\">\n<div class=\"card-image\">\n                            <img decoding=\"async\" class=\"img\" src=\"https:\/\/wi.pb.edu.pl\/bialjam\/wp-content\/uploads\/sites\/8\/2024\/12\/paker.jpg\" alt=\"Pawe\u0142\">\n                        <\/div>\n<\/p><\/div>\n<div class=\"col-md-7\">\n<div class=\"content\">\n<h4 class=\"card-title\">Pawe\u0142<\/h4>\n<h6 class=\"category text-muted\">Koordynator ds. technicznych<\/h6>\n<p class=\"card-description\">Je\u017celi macie problem z Internetem, pr\u0105dem lub rzutnikiem to jest Wasz\u0105 jedyn\u0105 nadziej\u0105.<\/p>\n<\/p><\/div>\n<\/p><\/div>\n<\/p><\/div>\n<\/p><\/div>\n<div class=\"col-xs-12 col-ms-6 col-sm-6\">\n<div class=\"card card-profile card-plain\">\n<div class=\"col-md-5\">\n<div class=\"card-image\">\n                            <img decoding=\"async\" class=\"img\" src=\"https:\/\/wi.pb.edu.pl\/bialjam\/wp-content\/uploads\/sites\/8\/2025\/04\/maciek.png\" alt=\"Maciek\">\n                        <\/div>\n<\/p><\/div>\n<div class=\"col-md-7\">\n<div class=\"content\">\n<h4 class=\"card-title\">Maciek<\/h4>\n<h6 class=\"category text-muted\">Koordynator ds. wsp\u00f3\u0142pracy<\/h6>\n<p class=\"card-description\">Odpowiada za kontakty z naszymi partnerami i wszelkie inicjatywy zwi\u0105zane z wsp\u00f3\u0142prac\u0105 zewn\u0119trzn\u0105. Je\u015bli masz pomys\u0142 na wsp\u00f3lne dzia\u0142anie \u2013 zg\u0142o\u015b si\u0119 do niego!<\/p>\n<\/p><\/div>\n<\/p><\/div>\n<\/p><\/div>\n<\/p><\/div>\n<div class=\"col-xs-12 col-ms-6 col-sm-6\">\n<div class=\"card card-profile card-plain\">\n<div class=\"col-md-5\">\n<div class=\"card-image\">\n                            <img decoding=\"async\" class=\"img\" src=\"https:\/\/wi.pb.edu.pl\/bialjam\/wp-content\/uploads\/sites\/8\/2025\/04\/konrad.jpeg\" alt=\"Konrad\">\n                        <\/div>\n<\/p><\/div>\n<div class=\"col-md-7\">\n<div class=\"content\">\n<h4 class=\"card-title\">Konrad<\/h4>\n<h6 class=\"category text-muted\">Wsparcie merytoryczne<\/h6>\n<p class=\"card-description\">Widzi problem tam gdzie b\u0119dzie. Wie co zrobi\u0107 \u017ceby by\u0142o dobrze.<\/p>\n<\/p><\/div>\n<\/p><\/div>\n<\/p><\/div>\n<\/p><\/div>\n<\/p><\/div>\n<\/p><\/div>\n<\/div>\n<div style=\"background-color: #ffffff;padding: 50px\">\n<div class=\"container-homePage\">\n<div class=\"row\">\n<div style=\"text-align: center;margin-bottom: 50px\">\n<h2>Aktualno\u015bci<\/h2>\n<p>nowe wpisy na stronie<\/p>\n<\/p><\/div>\n<\/p><\/div>\n  <div class=\"box news-box\">\r\n    <div class=\"row\">\r\n      <!--Array\n(\n    [post_type] => post\n    [paged] => 1\n    [orderby] => Array\n        (\n            [meta_value_num] => DESC\n            [date] => DESC\n        )\n\n    [meta_query] => Array\n        (\n            [relation] => OR\n            [0] => Array\n                (\n                    [key] => on_top\n                    [compare] => NOT EXISTS\n                )\n\n            [1] => Array\n                (\n                    [key] => on_top\n                )\n\n        )\n\n    [posts_per_page] => 4\n)\n-->\r\n                        <div class=\"col-sm-3\">\r\n            <article class=\"format-standard\">\n    <span class=\"date text-right\"><i class=\"fa fa-calendar\"><\/i> 26-05-2024<\/span>\n    <a href=\"https:\/\/wi.pb.edu.pl\/bialjam\/2024\/05\/26\/harmonogram-2024\/\">\n      <div class=\"article-image\">\n              <\/div>\n      <h3>Harmonogram 2024<\/h3>\n          <\/a>\n<\/article>          <\/div>\r\n                  <div class=\"col-sm-3\">\r\n            <article class=\"format-standard\">\n    <span class=\"date text-right\"><i class=\"fa fa-calendar\"><\/i> 01-05-2024<\/span>\n    <a href=\"https:\/\/wi.pb.edu.pl\/bialjam\/2024\/05\/01\/rejestracja-2024\/\">\n      <div class=\"article-image\">\n              <\/div>\n      <h3>Rejestracja 2024<\/h3>\n      Sta\u0142o si\u0119! Rejestracja na BialJam wystartowa\u0142a! Po raz 8 zapraszamy mi\u0142o\u015bnik\u00f3w    <\/a>\n<\/article>          <\/div>\r\n                  <div class=\"col-sm-3\">\r\n            <article class=\"format-standard\">\n    <span class=\"date text-right\"><i class=\"fa fa-calendar\"><\/i> 21-02-2024<\/span>\n    <a href=\"https:\/\/wi.pb.edu.pl\/bialjam\/2024\/02\/21\/hello-world\/\">\n      <div class=\"article-image\">\n              <\/div>\n      <h3>Hello World<\/h3>\n      Cze\u015b\u0107, u nas wszystko dobrze. Na tyle dobrze, \u017ce przychodzimy z    <\/a>\n<\/article>          <\/div>\r\n                  <div class=\"col-sm-3\">\r\n            <article class=\"format-standard\">\n    <span class=\"date text-right\"><i class=\"fa fa-calendar\"><\/i> 07-06-2023<\/span>\n    <a href=\"https:\/\/wi.pb.edu.pl\/bialjam\/2023\/06\/07\/harmonogram-2023\/\">\n      <div class=\"article-image\">\n              <\/div>\n      <h3>Harmonogram 2023<\/h3>\n      Hej, podajemy harmonogram tegorocznej edycji: 9 czerwiec (pi\u0105tek) 10:00-12:00 &#8211; Rejestracja    <\/a>\n<\/article>          <\/div>\r\n                  <\/div>\r\n          <\/div>\r\n<\/div>\n<\/div>\n","protected":false},"excerpt":{"rendered":"<p>BialJam 2025 IX edycja Bia\u0142ystok, 4 lipiec 2025 Tworzenie Gier Stw\u00f3rz gr\u0119 na zadany temat<a class=\"read-more\" href=\"https:\/\/wi.pb.edu.pl\/bialjam\/2024\/05\/26\/harmonogram-2024\/\" title=\"Poka\u017c artyku\u0142 Harmonogram 2024\">wi\u0119cej<\/a><\/p>\n","protected":false},"author":2,"featured_media":76,"parent":0,"menu_order":1,"comment_status":"closed","ping_status":"closed","template":"templates\/dzial.php","meta":{"inline_featured_image":false,"ngg_post_thumbnail":0,"footnotes":""},"class_list":["post-17","page","type-page","status-publish","has-post-thumbnail","hentry"],"acf":[],"yoast_head":"<!-- This site is optimized with the Yoast SEO plugin v26.4 - https:\/\/yoast.com\/wordpress\/plugins\/seo\/ -->\n<title>BialJam<\/title>\n<meta name=\"robots\" content=\"index, follow, max-snippet:-1, max-image-preview:large, max-video-preview:-1\" \/>\n<link rel=\"canonical\" href=\"https:\/\/wi.pb.edu.pl\/bialjam\/\" \/>\n<meta property=\"og:locale\" content=\"pl_PL\" \/>\n<meta property=\"og:type\" content=\"article\" \/>\n<meta property=\"og:title\" content=\"BialJam\" \/>\n<meta property=\"og:description\" content=\"BialJam 2025 IX edycja Bia\u0142ystok, 4 lipiec 2025 Tworzenie Gier Stw\u00f3rz gr\u0119 na zadany tematwi\u0119cej\" \/>\n<meta property=\"og:url\" content=\"https:\/\/wi.pb.edu.pl\/bialjam\/\" \/>\n<meta property=\"og:site_name\" content=\"BialJam\" \/>\n<meta property=\"article:modified_time\" content=\"2025-06-09T12:26:12+00:00\" \/>\n<meta property=\"og:image\" content=\"https:\/\/wi.pb.edu.pl\/bialjam\/wp-content\/uploads\/sites\/8\/2024\/11\/background0.png\" \/>\n\t<meta property=\"og:image:width\" content=\"1920\" \/>\n\t<meta property=\"og:image:height\" content=\"1001\" \/>\n\t<meta property=\"og:image:type\" content=\"image\/png\" \/>\n<meta name=\"twitter:card\" content=\"summary_large_image\" \/>\n<meta name=\"twitter:label1\" content=\"Szacowany czas czytania\" \/>\n\t<meta name=\"twitter:data1\" content=\"7 minut\" \/>\n<script type=\"application\/ld+json\" class=\"yoast-schema-graph\">{\"@context\":\"https:\/\/schema.org\",\"@graph\":[{\"@type\":\"WebPage\",\"@id\":\"https:\/\/wi.pb.edu.pl\/bialjam\/\",\"url\":\"https:\/\/wi.pb.edu.pl\/bialjam\/\",\"name\":\"BialJam\",\"isPartOf\":{\"@id\":\"https:\/\/wi.pb.edu.pl\/bialjam\/#website\"},\"primaryImageOfPage\":{\"@id\":\"https:\/\/wi.pb.edu.pl\/bialjam\/#primaryimage\"},\"image\":{\"@id\":\"https:\/\/wi.pb.edu.pl\/bialjam\/#primaryimage\"},\"thumbnailUrl\":\"https:\/\/wi.pb.edu.pl\/bialjam\/wp-content\/uploads\/sites\/8\/2024\/11\/background0.png\",\"datePublished\":\"2024-01-28T19:04:47+00:00\",\"dateModified\":\"2025-06-09T12:26:12+00:00\",\"breadcrumb\":{\"@id\":\"https:\/\/wi.pb.edu.pl\/bialjam\/#breadcrumb\"},\"inLanguage\":\"pl-PL\",\"potentialAction\":[{\"@type\":\"ReadAction\",\"target\":[\"https:\/\/wi.pb.edu.pl\/bialjam\/\"]}]},{\"@type\":\"ImageObject\",\"inLanguage\":\"pl-PL\",\"@id\":\"https:\/\/wi.pb.edu.pl\/bialjam\/#primaryimage\",\"url\":\"https:\/\/wi.pb.edu.pl\/bialjam\/wp-content\/uploads\/sites\/8\/2024\/11\/background0.png\",\"contentUrl\":\"https:\/\/wi.pb.edu.pl\/bialjam\/wp-content\/uploads\/sites\/8\/2024\/11\/background0.png\",\"width\":1920,\"height\":1001},{\"@type\":\"BreadcrumbList\",\"@id\":\"https:\/\/wi.pb.edu.pl\/bialjam\/#breadcrumb\",\"itemListElement\":[{\"@type\":\"ListItem\",\"position\":1,\"name\":\"Strona g\u0142\u00f3wna\",\"item\":\"https:\/\/wi.pb.edu.pl\/bialjam\/\"},{\"@type\":\"ListItem\",\"position\":2,\"name\":\"Home\"}]},{\"@type\":\"WebSite\",\"@id\":\"https:\/\/wi.pb.edu.pl\/bialjam\/#website\",\"url\":\"https:\/\/wi.pb.edu.pl\/bialjam\/\",\"name\":\"BialJam\",\"description\":\"Bia\u0142ostocki Konkurs Tworzenia Gier \",\"potentialAction\":[{\"@type\":\"SearchAction\",\"target\":{\"@type\":\"EntryPoint\",\"urlTemplate\":\"https:\/\/wi.pb.edu.pl\/bialjam\/?s={search_term_string}\"},\"query-input\":{\"@type\":\"PropertyValueSpecification\",\"valueRequired\":true,\"valueName\":\"search_term_string\"}}],\"inLanguage\":\"pl-PL\"}]}<\/script>\n<!-- \/ Yoast SEO plugin. -->","yoast_head_json":{"title":"BialJam","robots":{"index":"index","follow":"follow","max-snippet":"max-snippet:-1","max-image-preview":"max-image-preview:large","max-video-preview":"max-video-preview:-1"},"canonical":"https:\/\/wi.pb.edu.pl\/bialjam\/","og_locale":"pl_PL","og_type":"article","og_title":"BialJam","og_description":"BialJam 2025 IX edycja Bia\u0142ystok, 4 lipiec 2025 Tworzenie Gier Stw\u00f3rz gr\u0119 na zadany tematwi\u0119cej","og_url":"https:\/\/wi.pb.edu.pl\/bialjam\/","og_site_name":"BialJam","article_modified_time":"2025-06-09T12:26:12+00:00","og_image":[{"width":1920,"height":1001,"url":"https:\/\/wi.pb.edu.pl\/bialjam\/wp-content\/uploads\/sites\/8\/2024\/11\/background0.png","type":"image\/png"}],"twitter_card":"summary_large_image","twitter_misc":{"Szacowany czas czytania":"7 minut"},"schema":{"@context":"https:\/\/schema.org","@graph":[{"@type":"WebPage","@id":"https:\/\/wi.pb.edu.pl\/bialjam\/","url":"https:\/\/wi.pb.edu.pl\/bialjam\/","name":"BialJam","isPartOf":{"@id":"https:\/\/wi.pb.edu.pl\/bialjam\/#website"},"primaryImageOfPage":{"@id":"https:\/\/wi.pb.edu.pl\/bialjam\/#primaryimage"},"image":{"@id":"https:\/\/wi.pb.edu.pl\/bialjam\/#primaryimage"},"thumbnailUrl":"https:\/\/wi.pb.edu.pl\/bialjam\/wp-content\/uploads\/sites\/8\/2024\/11\/background0.png","datePublished":"2024-01-28T19:04:47+00:00","dateModified":"2025-06-09T12:26:12+00:00","breadcrumb":{"@id":"https:\/\/wi.pb.edu.pl\/bialjam\/#breadcrumb"},"inLanguage":"pl-PL","potentialAction":[{"@type":"ReadAction","target":["https:\/\/wi.pb.edu.pl\/bialjam\/"]}]},{"@type":"ImageObject","inLanguage":"pl-PL","@id":"https:\/\/wi.pb.edu.pl\/bialjam\/#primaryimage","url":"https:\/\/wi.pb.edu.pl\/bialjam\/wp-content\/uploads\/sites\/8\/2024\/11\/background0.png","contentUrl":"https:\/\/wi.pb.edu.pl\/bialjam\/wp-content\/uploads\/sites\/8\/2024\/11\/background0.png","width":1920,"height":1001},{"@type":"BreadcrumbList","@id":"https:\/\/wi.pb.edu.pl\/bialjam\/#breadcrumb","itemListElement":[{"@type":"ListItem","position":1,"name":"Strona g\u0142\u00f3wna","item":"https:\/\/wi.pb.edu.pl\/bialjam\/"},{"@type":"ListItem","position":2,"name":"Home"}]},{"@type":"WebSite","@id":"https:\/\/wi.pb.edu.pl\/bialjam\/#website","url":"https:\/\/wi.pb.edu.pl\/bialjam\/","name":"BialJam","description":"Bia\u0142ostocki Konkurs Tworzenia Gier ","potentialAction":[{"@type":"SearchAction","target":{"@type":"EntryPoint","urlTemplate":"https:\/\/wi.pb.edu.pl\/bialjam\/?s={search_term_string}"},"query-input":{"@type":"PropertyValueSpecification","valueRequired":true,"valueName":"search_term_string"}}],"inLanguage":"pl-PL"}]}},"_links":{"self":[{"href":"https:\/\/wi.pb.edu.pl\/bialjam\/wp-json\/wp\/v2\/pages\/17","targetHints":{"allow":["GET"]}}],"collection":[{"href":"https:\/\/wi.pb.edu.pl\/bialjam\/wp-json\/wp\/v2\/pages"}],"about":[{"href":"https:\/\/wi.pb.edu.pl\/bialjam\/wp-json\/wp\/v2\/types\/page"}],"author":[{"embeddable":true,"href":"https:\/\/wi.pb.edu.pl\/bialjam\/wp-json\/wp\/v2\/users\/2"}],"replies":[{"embeddable":true,"href":"https:\/\/wi.pb.edu.pl\/bialjam\/wp-json\/wp\/v2\/comments?post=17"}],"version-history":[{"count":91,"href":"https:\/\/wi.pb.edu.pl\/bialjam\/wp-json\/wp\/v2\/pages\/17\/revisions"}],"predecessor-version":[{"id":831,"href":"https:\/\/wi.pb.edu.pl\/bialjam\/wp-json\/wp\/v2\/pages\/17\/revisions\/831"}],"wp:featuredmedia":[{"embeddable":true,"href":"https:\/\/wi.pb.edu.pl\/bialjam\/wp-json\/wp\/v2\/media\/76"}],"wp:attachment":[{"href":"https:\/\/wi.pb.edu.pl\/bialjam\/wp-json\/wp\/v2\/media?parent=17"}],"curies":[{"name":"wp","href":"https:\/\/api.w.org\/{rel}","templated":true}]}}