{"id":325,"date":"2024-12-16T12:56:45","date_gmt":"2024-12-16T11:56:45","guid":{"rendered":"https:\/\/wi.pb.edu.pl\/bialjam\/?page_id=325"},"modified":"2024-12-28T21:42:43","modified_gmt":"2024-12-28T20:42:43","slug":"bialjam-2023","status":"publish","type":"page","link":"https:\/\/wi.pb.edu.pl\/bialjam\/bialjam-2023\/","title":{"rendered":"BialJam 2023"},"content":{"rendered":"<h4 class=\"wp-block-heading\"><a href=\"https:\/\/itch.io\/jam\/bialjam-2023\/feed\" target=\"_blank\" rel=\"noreferrer noopener\" data-type=\"URL\" data-id=\"https:\/\/itch.io\/jam\/bialjam-2023\/feed\">Oficjalne repozytorium itch.io<\/a><\/h4>\n<p><strong>Wpisy (<\/strong><a href=\"https:\/\/bialjam.wi.pb.edu.pl\/category\/2023\/\">tag 2023<\/a><strong>)<\/strong><\/p>\n<hr class=\"wp-block-separator has-alpha-channel-opacity\">\n<p><strong>Data:<\/strong> 9-11.06.2023<\/p>\n<p><strong>Miejsce:<\/strong> Wydzia\u0142 Informatyki Politechniki Bia\u0142ostockiej \u2013 Bia\u0142ystok, Wiejska 45A<\/p>\n<p><strong>Wydarzenie:<\/strong> <a href=\"https:\/\/fb.me\/e\/12aYiBB8j\" target=\"_blank\" rel=\"noreferrer noopener\" data-type=\"URL\" data-id=\"https:\/\/fb.me\/e\/12aYiBB8j\">GameJam BialJam 2023<\/a><\/p>\n<hr class=\"wp-block-separator has-alpha-channel-opacity\">\n<p>Temat przewodni:&nbsp;<span style=\"color: #000080\"><strong>WIKINGOWIE<\/strong><\/span><\/p>\n<p>Has\u0142o dodatkowe: <span style=\"color: #000080\"><strong>RUNY<\/strong><\/span><\/p>\n<p>Kategoria Dodatkowa WORD Bia\u0142ystok: <span style=\"color: #000080\"><strong>PRAWO JAZDY \/ BEZPIECZE\u0143STWO RUCHU DROGOWEGO<\/strong><\/span><\/p>\n<hr class=\"wp-block-separator has-alpha-channel-opacity\">\n<h6 class=\"wp-block-heading\">Prelegent:<\/h6>\n<ul>\n<li>Rados\u0142aw Smyk<\/li>\n<\/ul>\n<hr class=\"wp-block-separator has-alpha-channel-opacity\">\n<h6 class=\"wp-block-heading\">Zwyci\u0119zcy:<\/h6>\n<p><span style=\"color: #000080\"><strong>I MIEJSCE<\/strong><\/span>&nbsp;\u2013 dru\u017cyna \u201e<strong>Reckless<\/strong>\u201d (Klaudia Kojro, Kajetan Radulski) z gr\u0105 \u201e<strong>KinSheep<\/strong>\u201e<\/p>\n<p><span style=\"color: #000080\"><strong>II MIEJSCE<\/strong><\/span>&nbsp;\u2013 dru\u017cyna \u201e<strong>KubekLodem<\/strong>\u201d (Alicja Grutkowska, Daniel Kawczy\u0144ski, Maciej Maj, Tomasz Piasecki, Sebastian Szczepa\u0144ski) z gr\u0105 \u201e<strong>Nordic Licence<\/strong>\u201e<\/p>\n<p><span style=\"color: #000080\"><strong>III MIEJSCE<\/strong><\/span>&nbsp;\u2013 dru\u017cyna \u201e<strong>Chilli Batatas <img decoding=\"async\" class=\"emoji\" role=\"img\" src=\"https:\/\/s.w.org\/images\/core\/emoji\/14.0.0\/svg\/1f336.svg\" alt=\"?\ufe0f\"><\/strong>\u201d (Gra\u017cyna Pietruszka, Piotr Szekalski, Piotr Kosek, Sebastian Brasiak, Jan \u0141api\u0144ski) z gr\u0105 \u201e<strong>Drakkar<\/strong>\u201e<\/p>\n<hr class=\"wp-block-separator has-alpha-channel-opacity\">\n<h6 class=\"wp-block-heading\">Wyr\u00f3\u017cnienia:<\/h6>\n<p><strong><span style=\"color: #000080\">KATEGORIA NAGRODA PUBLICZNO\u015aCI<\/span><\/strong> \u2013 dru\u017cyna \u201e<strong>Reckless<\/strong>\u201d (Klaudia Kojro, Kajetan Radulski) z gr\u0105 \u201e<strong>KinSheep<\/strong>\u201e<\/p>\n<p><strong><span style=\"color: #000080\">KATEGORIA WORD BIA\u0141YSTOK<\/span><\/strong> \u2013 dru\u017cyna \u201e<strong>Hummus z Nutell\u0105<\/strong>\u201d (Adam Karolin, Kacper Bochan, Bart\u0142omiej Chmielewski, Marcel Herman, Tomasz D\u0105browski) z gr\u0105 \u201e<strong>Road to Valhalla<\/strong>\u201e<\/p>\n<p><span style=\"color: #000080\"><strong>KATEGORIA CO-OP<\/strong><\/span> \u2013 dru\u017cyna \u201e<strong>Error 418<\/strong>\u201d (Mateusz Gawlik-Ka\u0142u\u017cny, Kamil Jaworski) z gr\u0105 \u201e<strong>HELP! Vikings keep on griefing my island!<\/strong>\u201e<\/p>\n<p><span style=\"color: #000080\"><strong>KATEGORIA GRAFIKA 3D<\/strong><\/span> \u2013 dru\u017cyna \u201e<strong>Dzikie-Kolonia<\/strong>\u201d (Andrzej Brol, Adam Brol, Kostiantyn Katkov, Anna \u0141api\u0144ska) z gr\u0105 \u201e<strong>Runebreaker<\/strong>\u201e<\/p>\n<p><span style=\"color: #000080\"><strong>KATEGORIA ORYGINALNY POMYS\u0141<\/strong><\/span> \u2013 dru\u017cyna \u201e<strong>Angry Barbers<\/strong>\u201d (Janusz Lejtan, Joanna Lejtan, \u0141ukasz Nalepa, Justyna Kry\u015bcio, Szymon Rzosi\u0144ski) z gr\u0105 \u201e<strong>Vikings Barber Shop<\/strong>\u201e<\/p>\n<p><span style=\"color: #000080\"><strong>KATEGORIA SP\u00d3JNA STYLISTYKA<\/strong><\/span> \u2013 dru\u017cyna \u201e<strong>Studenci Wykl\u0119ci w BialJamie Zakl\u0119ci<\/strong>\u201d (Micha\u0142 Kowalczuk, Krzysztof Kauza, Natalia Dyszy, Jakub Hapunik, \u0141ukasz Kosmaty) z gr\u0105 \u201e<strong>Stra\u017cnik Prawa \u2013 Akcja \u201eWiking\u201d<\/strong>\u201e<\/p>\n<p><span style=\"color: #000080\"><strong>KATEGORIA PO\u0141\u0104CZENIE TEMAT\u00d3W<\/strong><\/span> \u2013 dru\u017cyna \u201e<strong>Smok Ziemny<\/strong>\u201d (Piotr Ma\u0142yszek, Pawe\u0142 Nikitin, Daniel Posto\u0142owicz, Adam Rogowski, Szymon Sawo\u0144) z gr\u0105 \u201e<strong>Viking\u2019s driving license exam with dragons<\/strong>\u201e<\/p>\n<p><span style=\"color: #000080\"><strong>KATEGORIA SOLO<\/strong><\/span> \u2013 dru\u017cyna \u201e<strong>Bogu\u015b<\/strong>\u201d (Zbigniew Skowron) z gr\u0105 \u201e<strong>Kunek Bogu\u015b<\/strong>\u201e<\/p>\n<p><strong><span style=\"color: #000080\">NAJLEPSZA INTERPRETACJA HAS\u0141A DODATKOWEGO<\/span><\/strong> \u2013 dru\u017cyna \u201e<strong>Enviro<\/strong>\u201d (Mateusz Wo\u017aniak, Bart\u0142omiej Cup, \u0141ukasz Niedziela) z gr\u0105 \u201e<strong>Victor Viking<\/strong>\u201e<\/p>\n<hr class=\"wp-block-separator has-alpha-channel-opacity\">\n<h6 class=\"wp-block-heading\">Jury (alfabetycznie):<\/h6>\n<ul>\n<li>mgr in\u017c. Izabela Kartowicz-Stolarska<\/li>\n<li>Dawid Koz\u0142owski<\/li>\n<li>dr in\u017c. Marcin Skoczylas<\/li>\n<li>Rados\u0142aw Smyk<\/li>\n<li>Krzysztof Szwabowski<\/li>\n<\/ul>\n<h6 class=\"wp-block-heading\">Organizatorzy (alfabetycznie):<\/h6>\n<ul>\n<li>Studenci&nbsp;<em>Wydzia\u0142u Informatyki&nbsp;<\/em>oraz&nbsp;<em>Wydzia\u0142u Elektrycznego<\/em>:\n<ul>\n<li><strong>Kamila Adamska, Micha\u0142 Bobrowski, Konrad Ciborowski, Aleksandra Dziwi\u0144ska, Pawe\u0142 Jakimiuk, Maciej Koty\u0144ski, Jan Olempijuk, Krzysztof Szwabowski<\/strong><\/li>\n<\/ul>\n<\/li>\n<\/ul>\n<ul>\n<li>Pracownicy&nbsp;<em>Politechniki Bia\u0142ostockiej<\/em>:\n<ul>\n<li><strong>dr hab Dorota Mozyrska<\/strong>,&nbsp;<strong>dr in\u017c. Marcin Skoczylas<\/strong><\/li>\n<\/ul>\n<\/li>\n<\/ul>\n<div class=\"container-homePage text-center\">\n<div style=\"text-align: center\">\n<h2>Partnerzy<\/h2>\n<\/p><\/div>\n<ul class=\"clients-bar-wrapper\">\n<li class=\"clients-bar-item\"><a href=\"https:\/\/word.bialystok.pl\/\" target=\"_blank\"><img decoding=\"async\" src=\"https:\/\/wi.pb.edu.pl\/bialjam\/wp-content\/uploads\/sites\/8\/2024\/12\/word-150x150.png\" alt=\"\"><\/a><\/li>\n<li class=\"clients-bar-item\"><a href=\"https:\/\/galaktus.pl\/pl\/\" target=\"_blank\"><img decoding=\"async\" src=\"https:\/\/wi.pb.edu.pl\/bialjam\/wp-content\/uploads\/sites\/8\/2024\/12\/galaktus-150x150.png\" alt=\"\"><\/a><\/li>\n<li class=\"clients-bar-item\"><a href=\"https:\/\/nofluffjobs.com\/?utm_source=website&amp;utm_medium=link&amp;utm_campaign=up&amp;utm_content=bialjam\" target=\"_blank\"><img decoding=\"async\" src=\"https:\/\/wi.pb.edu.pl\/bialjam\/wp-content\/uploads\/sites\/8\/2024\/12\/nofluffjobs-150x150.png\" alt=\"\"><\/a><\/li>\n<li class=\"clients-bar-item\"><a href=\"https:\/\/evermotion.org\/\" target=\"_blank\"><img decoding=\"async\" src=\"https:\/\/wi.pb.edu.pl\/bialjam\/wp-content\/uploads\/sites\/8\/2024\/12\/evermotion-150x150.png\" alt=\"\"><\/a><\/li>\n<li class=\"clients-bar-item\"><a href=\"https:\/\/www.kruko.io\/\" target=\"_blank\"><img decoding=\"async\" src=\"https:\/\/wi.pb.edu.pl\/bialjam\/wp-content\/uploads\/sites\/8\/2024\/12\/kruko-150x150.png\" alt=\"\"><\/a><\/li>\n<\/ul>\n<\/div>\n<hr class=\"wp-block-separator has-alpha-channel-opacity\">\n<div class=\"container-homePage text-center\">\n<div style=\"text-align: center\">\n<h2>Patronat medialny<\/h2>\n<\/p><\/div>\n<ul class=\"clients-bar-wrapper\">\n<li class=\"clients-bar-item\"><a href=\"https:\/\/akadera.bialystok.pl\/\" target=\"_blank\"><img decoding=\"async\" src=\"https:\/\/wi.pb.edu.pl\/bialjam\/wp-content\/uploads\/sites\/8\/2024\/12\/akadera-150x150.png\" alt=\"\"><\/a><\/li>\n<\/ul>\n<\/div>\n<hr class=\"wp-block-separator has-alpha-channel-opacity\">\n<div class=\"container-homePage text-center\">\n<div style=\"text-align: center\">\n<h2>Organizatorzy<\/h2>\n<\/p><\/div>\n<ul class=\"clients-bar-wrapper\">\n<li class=\"clients-bar-item\"><a href=\"https:\/\/pb.edu.pl\/sspb\/\" target=\"_blank\"><img decoding=\"async\" src=\"https:\/\/wi.pb.edu.pl\/bialjam\/wp-content\/uploads\/sites\/8\/2024\/12\/sspb-150x150.png\" alt=\"\"><\/a><\/li>\n<li class=\"clients-bar-item\"><a href=\"https:\/\/wi.pb.edu.pl\/\" target=\"_blank\"><img decoding=\"async\" src=\"https:\/\/wi.pb.edu.pl\/bialjam\/wp-content\/uploads\/sites\/8\/2024\/12\/wi-150x150.png\" alt=\"\"><\/a><\/li>\n<li class=\"clients-bar-item\"><a href=\"https:\/\/www.facebook.com\/VectorGameDev\" target=\"_blank\"><img decoding=\"async\" src=\"https:\/\/wi.pb.edu.pl\/bialjam\/wp-content\/uploads\/sites\/8\/2024\/12\/vector-150x150.png\" alt=\"\"><\/a><\/li>\n<li class=\"clients-bar-item\"><a href=\"https:\/\/pb.edu.pl\/\" target=\"_blank\"><img decoding=\"async\" src=\"https:\/\/wi.pb.edu.pl\/bialjam\/wp-content\/uploads\/sites\/8\/2024\/12\/pb-150x150.png\" alt=\"\"><\/a><\/li>\n<li class=\"clients-bar-item\"><a href=\"https:\/\/portal.pti.org.pl\/\" target=\"_blank\"><img decoding=\"async\" src=\"https:\/\/wi.pb.edu.pl\/bialjam\/wp-content\/uploads\/sites\/8\/2024\/12\/pti-150x150.png\" alt=\"\"><\/a><\/li>\n<\/ul>\n<\/div>\n","protected":false},"excerpt":{"rendered":"<p>Oficjalne repozytorium itch.io Wpisy (tag 2023) Data: 9-11.06.2023 Miejsce: Wydzia\u0142 Informatyki Politechniki Bia\u0142ostockiej \u2013 Bia\u0142ystok,<a class=\"read-more\" href=\"https:\/\/wi.pb.edu.pl\/bialjam\/bialjam-2023\/\" title=\"Poka\u017c artyku\u0142 BialJam 2023\">wi\u0119cej<\/a><\/p>\n","protected":false},"author":12,"featured_media":0,"parent":0,"menu_order":0,"comment_status":"closed","ping_status":"closed","template":"","meta":{"inline_featured_image":false,"ngg_post_thumbnail":0,"footnotes":""},"class_list":["post-325","page","type-page","status-publish","hentry"],"acf":[],"yoast_head":"<!-- This site is optimized with the Yoast SEO plugin v26.4 - https:\/\/yoast.com\/wordpress\/plugins\/seo\/ -->\n<title>BialJam 2023 - BialJam<\/title>\n<meta name=\"robots\" content=\"index, follow, max-snippet:-1, max-image-preview:large, max-video-preview:-1\" \/>\n<link rel=\"canonical\" href=\"https:\/\/wi.pb.edu.pl\/bialjam\/bialjam-2023\/\" \/>\n<meta property=\"og:locale\" content=\"pl_PL\" \/>\n<meta property=\"og:type\" content=\"article\" \/>\n<meta property=\"og:title\" content=\"BialJam 2023 - BialJam\" \/>\n<meta property=\"og:description\" content=\"Oficjalne repozytorium itch.io Wpisy (tag 2023) Data: 9-11.06.2023 Miejsce: Wydzia\u0142 Informatyki Politechniki Bia\u0142ostockiej \u2013 Bia\u0142ystok,wi\u0119cej\" \/>\n<meta property=\"og:url\" content=\"https:\/\/wi.pb.edu.pl\/bialjam\/bialjam-2023\/\" \/>\n<meta property=\"og:site_name\" content=\"BialJam\" \/>\n<meta property=\"article:modified_time\" content=\"2024-12-28T20:42:43+00:00\" \/>\n<meta property=\"og:image\" content=\"https:\/\/s.w.org\/images\/core\/emoji\/14.0.0\/svg\/1f336.svg\" \/>\n<meta name=\"twitter:card\" content=\"summary_large_image\" \/>\n<meta name=\"twitter:label1\" content=\"Szacowany czas czytania\" \/>\n\t<meta name=\"twitter:data1\" content=\"5 minut\" \/>\n<script type=\"application\/ld+json\" class=\"yoast-schema-graph\">{\"@context\":\"https:\/\/schema.org\",\"@graph\":[{\"@type\":\"WebPage\",\"@id\":\"https:\/\/wi.pb.edu.pl\/bialjam\/bialjam-2023\/\",\"url\":\"https:\/\/wi.pb.edu.pl\/bialjam\/bialjam-2023\/\",\"name\":\"BialJam 2023 - BialJam\",\"isPartOf\":{\"@id\":\"https:\/\/wi.pb.edu.pl\/bialjam\/#website\"},\"primaryImageOfPage\":{\"@id\":\"https:\/\/wi.pb.edu.pl\/bialjam\/bialjam-2023\/#primaryimage\"},\"image\":{\"@id\":\"https:\/\/wi.pb.edu.pl\/bialjam\/bialjam-2023\/#primaryimage\"},\"thumbnailUrl\":\"https:\/\/s.w.org\/images\/core\/emoji\/14.0.0\/svg\/1f336.svg\",\"datePublished\":\"2024-12-16T11:56:45+00:00\",\"dateModified\":\"2024-12-28T20:42:43+00:00\",\"breadcrumb\":{\"@id\":\"https:\/\/wi.pb.edu.pl\/bialjam\/bialjam-2023\/#breadcrumb\"},\"inLanguage\":\"pl-PL\",\"potentialAction\":[{\"@type\":\"ReadAction\",\"target\":[\"https:\/\/wi.pb.edu.pl\/bialjam\/bialjam-2023\/\"]}]},{\"@type\":\"ImageObject\",\"inLanguage\":\"pl-PL\",\"@id\":\"https:\/\/wi.pb.edu.pl\/bialjam\/bialjam-2023\/#primaryimage\",\"url\":\"https:\/\/s.w.org\/images\/core\/emoji\/14.0.0\/svg\/1f336.svg\",\"contentUrl\":\"https:\/\/s.w.org\/images\/core\/emoji\/14.0.0\/svg\/1f336.svg\"},{\"@type\":\"BreadcrumbList\",\"@id\":\"https:\/\/wi.pb.edu.pl\/bialjam\/bialjam-2023\/#breadcrumb\",\"itemListElement\":[{\"@type\":\"ListItem\",\"position\":1,\"name\":\"Strona g\u0142\u00f3wna\",\"item\":\"https:\/\/wi.pb.edu.pl\/bialjam\/\"},{\"@type\":\"ListItem\",\"position\":2,\"name\":\"BialJam 2023\"}]},{\"@type\":\"WebSite\",\"@id\":\"https:\/\/wi.pb.edu.pl\/bialjam\/#website\",\"url\":\"https:\/\/wi.pb.edu.pl\/bialjam\/\",\"name\":\"BialJam\",\"description\":\"Bia\u0142ostocki Konkurs Tworzenia Gier \",\"potentialAction\":[{\"@type\":\"SearchAction\",\"target\":{\"@type\":\"EntryPoint\",\"urlTemplate\":\"https:\/\/wi.pb.edu.pl\/bialjam\/?s={search_term_string}\"},\"query-input\":{\"@type\":\"PropertyValueSpecification\",\"valueRequired\":true,\"valueName\":\"search_term_string\"}}],\"inLanguage\":\"pl-PL\"}]}<\/script>\n<!-- \/ Yoast SEO plugin. -->","yoast_head_json":{"title":"BialJam 2023 - BialJam","robots":{"index":"index","follow":"follow","max-snippet":"max-snippet:-1","max-image-preview":"max-image-preview:large","max-video-preview":"max-video-preview:-1"},"canonical":"https:\/\/wi.pb.edu.pl\/bialjam\/bialjam-2023\/","og_locale":"pl_PL","og_type":"article","og_title":"BialJam 2023 - BialJam","og_description":"Oficjalne repozytorium itch.io Wpisy (tag 2023) Data: 9-11.06.2023 Miejsce: Wydzia\u0142 Informatyki Politechniki Bia\u0142ostockiej \u2013 Bia\u0142ystok,wi\u0119cej","og_url":"https:\/\/wi.pb.edu.pl\/bialjam\/bialjam-2023\/","og_site_name":"BialJam","article_modified_time":"2024-12-28T20:42:43+00:00","og_image":[{"url":"https:\/\/s.w.org\/images\/core\/emoji\/14.0.0\/svg\/1f336.svg","type":"","width":"","height":""}],"twitter_card":"summary_large_image","twitter_misc":{"Szacowany czas czytania":"5 minut"},"schema":{"@context":"https:\/\/schema.org","@graph":[{"@type":"WebPage","@id":"https:\/\/wi.pb.edu.pl\/bialjam\/bialjam-2023\/","url":"https:\/\/wi.pb.edu.pl\/bialjam\/bialjam-2023\/","name":"BialJam 2023 - BialJam","isPartOf":{"@id":"https:\/\/wi.pb.edu.pl\/bialjam\/#website"},"primaryImageOfPage":{"@id":"https:\/\/wi.pb.edu.pl\/bialjam\/bialjam-2023\/#primaryimage"},"image":{"@id":"https:\/\/wi.pb.edu.pl\/bialjam\/bialjam-2023\/#primaryimage"},"thumbnailUrl":"https:\/\/s.w.org\/images\/core\/emoji\/14.0.0\/svg\/1f336.svg","datePublished":"2024-12-16T11:56:45+00:00","dateModified":"2024-12-28T20:42:43+00:00","breadcrumb":{"@id":"https:\/\/wi.pb.edu.pl\/bialjam\/bialjam-2023\/#breadcrumb"},"inLanguage":"pl-PL","potentialAction":[{"@type":"ReadAction","target":["https:\/\/wi.pb.edu.pl\/bialjam\/bialjam-2023\/"]}]},{"@type":"ImageObject","inLanguage":"pl-PL","@id":"https:\/\/wi.pb.edu.pl\/bialjam\/bialjam-2023\/#primaryimage","url":"https:\/\/s.w.org\/images\/core\/emoji\/14.0.0\/svg\/1f336.svg","contentUrl":"https:\/\/s.w.org\/images\/core\/emoji\/14.0.0\/svg\/1f336.svg"},{"@type":"BreadcrumbList","@id":"https:\/\/wi.pb.edu.pl\/bialjam\/bialjam-2023\/#breadcrumb","itemListElement":[{"@type":"ListItem","position":1,"name":"Strona g\u0142\u00f3wna","item":"https:\/\/wi.pb.edu.pl\/bialjam\/"},{"@type":"ListItem","position":2,"name":"BialJam 2023"}]},{"@type":"WebSite","@id":"https:\/\/wi.pb.edu.pl\/bialjam\/#website","url":"https:\/\/wi.pb.edu.pl\/bialjam\/","name":"BialJam","description":"Bia\u0142ostocki Konkurs Tworzenia Gier ","potentialAction":[{"@type":"SearchAction","target":{"@type":"EntryPoint","urlTemplate":"https:\/\/wi.pb.edu.pl\/bialjam\/?s={search_term_string}"},"query-input":{"@type":"PropertyValueSpecification","valueRequired":true,"valueName":"search_term_string"}}],"inLanguage":"pl-PL"}]}},"_links":{"self":[{"href":"https:\/\/wi.pb.edu.pl\/bialjam\/wp-json\/wp\/v2\/pages\/325","targetHints":{"allow":["GET"]}}],"collection":[{"href":"https:\/\/wi.pb.edu.pl\/bialjam\/wp-json\/wp\/v2\/pages"}],"about":[{"href":"https:\/\/wi.pb.edu.pl\/bialjam\/wp-json\/wp\/v2\/types\/page"}],"author":[{"embeddable":true,"href":"https:\/\/wi.pb.edu.pl\/bialjam\/wp-json\/wp\/v2\/users\/12"}],"replies":[{"embeddable":true,"href":"https:\/\/wi.pb.edu.pl\/bialjam\/wp-json\/wp\/v2\/comments?post=325"}],"version-history":[{"count":6,"href":"https:\/\/wi.pb.edu.pl\/bialjam\/wp-json\/wp\/v2\/pages\/325\/revisions"}],"predecessor-version":[{"id":479,"href":"https:\/\/wi.pb.edu.pl\/bialjam\/wp-json\/wp\/v2\/pages\/325\/revisions\/479"}],"wp:attachment":[{"href":"https:\/\/wi.pb.edu.pl\/bialjam\/wp-json\/wp\/v2\/media?parent=325"}],"curies":[{"name":"wp","href":"https:\/\/api.w.org\/{rel}","templated":true}]}}