{"id":327,"date":"2024-12-16T12:58:19","date_gmt":"2024-12-16T11:58:19","guid":{"rendered":"https:\/\/wi.pb.edu.pl\/bialjam\/?page_id=327"},"modified":"2024-12-23T11:05:00","modified_gmt":"2024-12-23T10:05:00","slug":"bialjam-2022","status":"publish","type":"page","link":"https:\/\/wi.pb.edu.pl\/bialjam\/bialjam-2022\/","title":{"rendered":"BialJam 2022"},"content":{"rendered":"<h4 class=\"wp-block-heading\"><a href=\"https:\/\/itch.io\/jam\/bialjam-2022\" data-type=\"URL\" data-id=\"https:\/\/itch.io\/jam\/bialjam-2022\">Oficjalne repozytorium itch.io<\/a>.<\/h4>\n<h6 class=\"wp-block-heading\">Wpisy (<a href=\"https:\/\/bialjam.wi.pb.edu.pl\/category\/2022\/\" data-type=\"URL\" data-id=\"http:\/\/212.33.90.85\/bialjam\/pl\/category\/2022\/\">tag 2022<\/a>)<\/h6>\n<hr class=\"wp-block-separator has-alpha-channel-opacity\">\n<p>Temat przewodni: <strong><span style=\"color: #000080\">ROZMIAR MA ZNACZENIE<\/span><\/strong><\/p>\n<p>Has\u0142o dodatkowe: <span style=\"color: #000080\"><strong>NA OPAK<\/strong><\/span><\/p>\n<hr class=\"wp-block-separator has-alpha-channel-opacity\">\n<h6 class=\"wp-block-heading\">Prelegenci:<\/h6>\n<ul>\n<li>Dawid Koz\u0142owski<\/li>\n<\/ul>\n<hr class=\"wp-block-separator has-alpha-channel-opacity\">\n<h6 class=\"wp-block-heading\">Zwyci\u0119zcy:<\/h6>\n<p><strong><span style=\"color: #000080\">I MIEJSCE<\/span><\/strong> \u2013 dru\u017cyna Hot Potato z gr\u0105 \u201eFortress\u201d<\/p>\n<p><span style=\"color: #000080\"><strong>II MIEJSCE<\/strong><\/span> \u2013 dru\u017cyna Egid Studio z gr\u0105 \u201eDuck Duck\u201d<\/p>\n<p><span style=\"color: #000080\"><strong>III MIEJSCE<\/strong><\/span> \u2013 dru\u017cyna&nbsp;<a href=\"https:\/\/www.facebook.com\/AngryAngelGames-659215970885768\/?fref=mentions\">AngryAngelGames<\/a> z gr\u0105 \u201eFlea Man\u201d<\/p>\n<hr class=\"wp-block-separator has-alpha-channel-opacity\">\n<h6 class=\"wp-block-heading\">Wyr\u00f3\u017cnienia:<\/h6>\n<p><span style=\"color: #000080\"><strong>KATEGORIA NAGRODA PUBLICZNO\u015aCI<\/strong><\/span> \u2013 dru\u017cyna Hot Potato z gr\u0105 \u201eFortress\u201d<\/p>\n<p><span style=\"color: #000080\"><strong>KATEGORIA MUZYKA<\/strong> <\/span>\u2013 dru\u017cyna Egid Studio z gr\u0105 \u201eDuck Duck\u201d<\/p>\n<p><strong><span style=\"color: #000080\">KATEGORIA GRAFIKA <\/span><\/strong>\u2013 dru\u017cyna Kiwipasta z gr\u0105 \u201eSnowperson Builder\u201d<\/p>\n<p><strong><span style=\"color: #000080\">KATEGORIA RETRO<\/span><\/strong> \u2013 dru\u017cyna Zwickau z gr\u0105 \u201eInflation Ball\u201d<\/p>\n<p><span style=\"color: #000080\"><strong>KATEGORIA NAJLEPSZA GRA CO-OP<\/strong><\/span> \u2013 dru\u017cyna Kiwipasta z gr\u0105 \u201eSnowperson Builder\u201d<\/p>\n<p><strong><span style=\"color: #000080\">KATEGORIA WYKORZYSTANIE NOWOCZESNYCH TECHNOLOGII<\/span><\/strong> \u2013 dru\u017cyna Makrohard z gr\u0105 \u201eSize doesn\u2019t exist it is only perception of a human mind\u201d<\/p>\n<p><span style=\"color: #000080\"><strong>KATEGORIA DYNAMIKA ROZGRYWKI <\/strong><\/span>\u2013 dru\u017cyna Wojownicy Tekstylno\u015bci z gr\u0105 \u201eNitrogen\u201d<\/p>\n<p><span style=\"color: #000080\"><strong>KATEGORIA NAJLEPSZY DUBBING <\/strong><\/span>\u2013 dru\u017cyna MSB z gr\u0105 \u201ePsycho Shrew\u201d<\/p>\n<p><strong><span style=\"color: #000080\">NAJLEPSZA INTERPRETACJA HAS\u0141A DODATKOWEGO<\/span><\/strong> \u2013 dru\u017cyna Hot Potato z gr\u0105 \u201eFortress\u201d<\/p>\n<hr class=\"wp-block-separator has-alpha-channel-opacity\">\n<h6 class=\"wp-block-heading\">Jury (alfabetycznie):<\/h6>\n<ul>\n<li>Konrad Ciborowski<\/li>\n<li>dr in\u017c.&nbsp;\u0141ukasz Gadomer,<\/li>\n<li>mgr in\u017c. Izabela Kartowicz-Stolarska,<\/li>\n<li>Krzysztof Szwabowski<\/li>\n<\/ul>\n<hr class=\"wp-block-separator has-alpha-channel-opacity\">\n<h6 class=\"wp-block-heading\">Organizatorzy (alfabetycznie):<\/h6>\n<ul>\n<li>Studenci&nbsp;<em>Wydzia\u0142u Informatyki<\/em>, <em>Wydzia\u0142u Architektury <\/em>oraz <em>Wydzia\u0142u Elektrycznego<\/em>:\n<ul>\n<li><strong>Kamila Adamska, Micha\u0142 Bobrowski, Bartek Chmielewski, Konrad Ciborowski, Pawe\u0142 Jakimiuk, Marcin Korzunowicz, Micha\u0142 Kowalczuk, Jan Olempijuk, Monika Siennicka, Krzysztof Szwabowski<\/strong><\/li>\n<\/ul>\n<\/li>\n<\/ul>\n<ul>\n<li>Pracownicy&nbsp;<em>Politechniki Bia\u0142ostockiej<\/em>:\n<ul>\n<li><strong>dr Dorota Mozyrska<\/strong>, <strong>dr in\u017c. Marcin Skoczylas<\/strong><\/li>\n<\/ul>\n<\/li>\n<\/ul>\n<hr class=\"wp-block-separator has-alpha-channel-opacity\">\n<div class=\"container-homePage text-center\">\n<div style=\"text-align: center\">\n<h2>Partnerzy<\/h2>\n<\/p><\/div>\n<ul class=\"clients-bar-wrapper\">\n<li class=\"clients-bar-item\"><a href=\"https:\/\/galaktus.pl\/\" target=\"_blank\"><img decoding=\"async\" src=\"https:\/\/wi.pb.edu.pl\/bialjam\/wp-content\/uploads\/sites\/8\/2024\/12\/galaktus-150x150.png\" alt=\"\"><\/a><\/li>\n<li class=\"clients-bar-item\"><a href=\"https:\/\/www.softserveinc.com\/en-us\" target=\"_blank\"><img decoding=\"async\" src=\"https:\/\/wi.pb.edu.pl\/bialjam\/wp-content\/uploads\/sites\/8\/2024\/12\/softserve-150x150.png\" alt=\"\"><\/a><\/li>\n<li class=\"clients-bar-item\"><a href=\"https:\/\/www.grupazpr.pl\/\" target=\"_blank\"><img decoding=\"async\" src=\"https:\/\/wi.pb.edu.pl\/bialjam\/wp-content\/uploads\/sites\/8\/2024\/12\/grupazpr-150x150.png\" alt=\"\"><\/a><\/li>\n<li class=\"clients-bar-item\"><a href=\"https:\/\/ttpsc.com\/pl\/\" target=\"_blank\"><img decoding=\"async\" src=\"https:\/\/wi.pb.edu.pl\/bialjam\/wp-content\/uploads\/sites\/8\/2024\/12\/ttpsc-150x150.png\" alt=\"\"><\/a><\/li>\n<li class=\"clients-bar-item\"><a href=\"https:\/\/ds360.pl\/\" target=\"_blank\"><img decoding=\"async\" src=\"https:\/\/wi.pb.edu.pl\/bialjam\/wp-content\/uploads\/sites\/8\/2024\/12\/ds360-150x150.png\" alt=\"\"><\/a><\/li>\n<\/ul>\n<\/div>\n<hr class=\"wp-block-separator has-alpha-channel-opacity\">\n<div class=\"container-homePage text-center\">\n<div style=\"text-align: center\">\n<h2>Patronat medialny<\/h2>\n<\/p><\/div>\n<ul class=\"clients-bar-wrapper\">\n<li class=\"clients-bar-item\"><a href=\"https:\/\/pystok.org\/\" target=\"_blank\"><img decoding=\"async\" src=\"https:\/\/wi.pb.edu.pl\/bialjam\/wp-content\/uploads\/sites\/8\/2024\/12\/pystok-150x150.png\" alt=\"\"><\/a><\/li>\n<\/ul>\n<\/div>\n<hr class=\"wp-block-separator has-alpha-channel-opacity\">\n<div class=\"container-homePage text-center\">\n<div style=\"text-align: center\">\n<h2>Organizatorzy<\/h2>\n<\/p><\/div>\n<ul class=\"clients-bar-wrapper\">\n<li class=\"clients-bar-item\"><a href=\"https:\/\/pb.edu.pl\/sspb\/\" target=\"_blank\"><img decoding=\"async\" src=\"https:\/\/wi.pb.edu.pl\/bialjam\/wp-content\/uploads\/sites\/8\/2024\/12\/sspb-150x150.png\" alt=\"\"><\/a><\/li>\n<li class=\"clients-bar-item\"><a href=\"https:\/\/wi.pb.edu.pl\/\" target=\"_blank\"><img decoding=\"async\" src=\"https:\/\/wi.pb.edu.pl\/bialjam\/wp-content\/uploads\/sites\/8\/2024\/12\/wi-150x150.png\" alt=\"\"><\/a><\/li>\n<li class=\"clients-bar-item\"><a href=\"https:\/\/www.facebook.com\/VectorGameDev\" target=\"_blank\"><img decoding=\"async\" src=\"https:\/\/wi.pb.edu.pl\/bialjam\/wp-content\/uploads\/sites\/8\/2024\/12\/vector-150x150.png\" alt=\"\"><\/a><\/li>\n<li class=\"clients-bar-item\"><a href=\"https:\/\/pb.edu.pl\/\" target=\"_blank\"><img decoding=\"async\" src=\"https:\/\/wi.pb.edu.pl\/bialjam\/wp-content\/uploads\/sites\/8\/2024\/12\/pb-150x150.png\" alt=\"\"><\/a><\/li>\n<li class=\"clients-bar-item\"><a href=\"https:\/\/portal.pti.org.pl\/\" target=\"_blank\"><img decoding=\"async\" src=\"https:\/\/wi.pb.edu.pl\/bialjam\/wp-content\/uploads\/sites\/8\/2024\/12\/pti-150x150.png\" alt=\"\"><\/a><\/li>\n<\/ul>\n<\/div>\n","protected":false},"excerpt":{"rendered":"<p>Oficjalne repozytorium itch.io. Wpisy (tag 2022) Temat przewodni: ROZMIAR MA ZNACZENIE Has\u0142o dodatkowe: NA OPAK<a class=\"read-more\" href=\"https:\/\/wi.pb.edu.pl\/bialjam\/bialjam-2022\/\" title=\"Poka\u017c artyku\u0142 BialJam 2022\">wi\u0119cej<\/a><\/p>\n","protected":false},"author":12,"featured_media":0,"parent":0,"menu_order":0,"comment_status":"closed","ping_status":"closed","template":"","meta":{"inline_featured_image":false,"ngg_post_thumbnail":0,"footnotes":""},"class_list":["post-327","page","type-page","status-publish","hentry"],"acf":[],"yoast_head":"<!-- This site is optimized with the Yoast SEO plugin v26.4 - https:\/\/yoast.com\/wordpress\/plugins\/seo\/ -->\n<title>BialJam 2022 - BialJam<\/title>\n<meta name=\"robots\" content=\"index, follow, max-snippet:-1, max-image-preview:large, max-video-preview:-1\" \/>\n<link rel=\"canonical\" href=\"https:\/\/wi.pb.edu.pl\/bialjam\/bialjam-2022\/\" \/>\n<meta property=\"og:locale\" content=\"pl_PL\" \/>\n<meta property=\"og:type\" content=\"article\" \/>\n<meta property=\"og:title\" content=\"BialJam 2022 - BialJam\" \/>\n<meta property=\"og:description\" content=\"Oficjalne repozytorium itch.io. Wpisy (tag 2022) Temat przewodni: ROZMIAR MA ZNACZENIE Has\u0142o dodatkowe: NA OPAKwi\u0119cej\" \/>\n<meta property=\"og:url\" content=\"https:\/\/wi.pb.edu.pl\/bialjam\/bialjam-2022\/\" \/>\n<meta property=\"og:site_name\" content=\"BialJam\" \/>\n<meta property=\"article:modified_time\" content=\"2024-12-23T10:05:00+00:00\" \/>\n<meta property=\"og:image\" content=\"https:\/\/wi.pb.edu.pl\/bialjam\/wp-content\/uploads\/sites\/8\/2024\/12\/galaktus-150x150.png\" \/>\n<meta name=\"twitter:card\" content=\"summary_large_image\" \/>\n<meta name=\"twitter:label1\" content=\"Szacowany czas czytania\" \/>\n\t<meta name=\"twitter:data1\" content=\"4 minuty\" \/>\n<script type=\"application\/ld+json\" class=\"yoast-schema-graph\">{\"@context\":\"https:\/\/schema.org\",\"@graph\":[{\"@type\":\"WebPage\",\"@id\":\"https:\/\/wi.pb.edu.pl\/bialjam\/bialjam-2022\/\",\"url\":\"https:\/\/wi.pb.edu.pl\/bialjam\/bialjam-2022\/\",\"name\":\"BialJam 2022 - BialJam\",\"isPartOf\":{\"@id\":\"https:\/\/wi.pb.edu.pl\/bialjam\/#website\"},\"primaryImageOfPage\":{\"@id\":\"https:\/\/wi.pb.edu.pl\/bialjam\/bialjam-2022\/#primaryimage\"},\"image\":{\"@id\":\"https:\/\/wi.pb.edu.pl\/bialjam\/bialjam-2022\/#primaryimage\"},\"thumbnailUrl\":\"https:\/\/wi.pb.edu.pl\/bialjam\/wp-content\/uploads\/sites\/8\/2024\/12\/galaktus-150x150.png\",\"datePublished\":\"2024-12-16T11:58:19+00:00\",\"dateModified\":\"2024-12-23T10:05:00+00:00\",\"breadcrumb\":{\"@id\":\"https:\/\/wi.pb.edu.pl\/bialjam\/bialjam-2022\/#breadcrumb\"},\"inLanguage\":\"pl-PL\",\"potentialAction\":[{\"@type\":\"ReadAction\",\"target\":[\"https:\/\/wi.pb.edu.pl\/bialjam\/bialjam-2022\/\"]}]},{\"@type\":\"ImageObject\",\"inLanguage\":\"pl-PL\",\"@id\":\"https:\/\/wi.pb.edu.pl\/bialjam\/bialjam-2022\/#primaryimage\",\"url\":\"https:\/\/wi.pb.edu.pl\/bialjam\/wp-content\/uploads\/sites\/8\/2024\/12\/galaktus.png\",\"contentUrl\":\"https:\/\/wi.pb.edu.pl\/bialjam\/wp-content\/uploads\/sites\/8\/2024\/12\/galaktus.png\",\"width\":300,\"height\":300},{\"@type\":\"BreadcrumbList\",\"@id\":\"https:\/\/wi.pb.edu.pl\/bialjam\/bialjam-2022\/#breadcrumb\",\"itemListElement\":[{\"@type\":\"ListItem\",\"position\":1,\"name\":\"Strona g\u0142\u00f3wna\",\"item\":\"https:\/\/wi.pb.edu.pl\/bialjam\/\"},{\"@type\":\"ListItem\",\"position\":2,\"name\":\"BialJam 2022\"}]},{\"@type\":\"WebSite\",\"@id\":\"https:\/\/wi.pb.edu.pl\/bialjam\/#website\",\"url\":\"https:\/\/wi.pb.edu.pl\/bialjam\/\",\"name\":\"BialJam\",\"description\":\"Bia\u0142ostocki Konkurs Tworzenia Gier \",\"potentialAction\":[{\"@type\":\"SearchAction\",\"target\":{\"@type\":\"EntryPoint\",\"urlTemplate\":\"https:\/\/wi.pb.edu.pl\/bialjam\/?s={search_term_string}\"},\"query-input\":{\"@type\":\"PropertyValueSpecification\",\"valueRequired\":true,\"valueName\":\"search_term_string\"}}],\"inLanguage\":\"pl-PL\"}]}<\/script>\n<!-- \/ Yoast SEO plugin. -->","yoast_head_json":{"title":"BialJam 2022 - BialJam","robots":{"index":"index","follow":"follow","max-snippet":"max-snippet:-1","max-image-preview":"max-image-preview:large","max-video-preview":"max-video-preview:-1"},"canonical":"https:\/\/wi.pb.edu.pl\/bialjam\/bialjam-2022\/","og_locale":"pl_PL","og_type":"article","og_title":"BialJam 2022 - BialJam","og_description":"Oficjalne repozytorium itch.io. Wpisy (tag 2022) Temat przewodni: ROZMIAR MA ZNACZENIE Has\u0142o dodatkowe: NA OPAKwi\u0119cej","og_url":"https:\/\/wi.pb.edu.pl\/bialjam\/bialjam-2022\/","og_site_name":"BialJam","article_modified_time":"2024-12-23T10:05:00+00:00","og_image":[{"url":"https:\/\/wi.pb.edu.pl\/bialjam\/wp-content\/uploads\/sites\/8\/2024\/12\/galaktus-150x150.png","type":"","width":"","height":""}],"twitter_card":"summary_large_image","twitter_misc":{"Szacowany czas czytania":"4 minuty"},"schema":{"@context":"https:\/\/schema.org","@graph":[{"@type":"WebPage","@id":"https:\/\/wi.pb.edu.pl\/bialjam\/bialjam-2022\/","url":"https:\/\/wi.pb.edu.pl\/bialjam\/bialjam-2022\/","name":"BialJam 2022 - BialJam","isPartOf":{"@id":"https:\/\/wi.pb.edu.pl\/bialjam\/#website"},"primaryImageOfPage":{"@id":"https:\/\/wi.pb.edu.pl\/bialjam\/bialjam-2022\/#primaryimage"},"image":{"@id":"https:\/\/wi.pb.edu.pl\/bialjam\/bialjam-2022\/#primaryimage"},"thumbnailUrl":"https:\/\/wi.pb.edu.pl\/bialjam\/wp-content\/uploads\/sites\/8\/2024\/12\/galaktus-150x150.png","datePublished":"2024-12-16T11:58:19+00:00","dateModified":"2024-12-23T10:05:00+00:00","breadcrumb":{"@id":"https:\/\/wi.pb.edu.pl\/bialjam\/bialjam-2022\/#breadcrumb"},"inLanguage":"pl-PL","potentialAction":[{"@type":"ReadAction","target":["https:\/\/wi.pb.edu.pl\/bialjam\/bialjam-2022\/"]}]},{"@type":"ImageObject","inLanguage":"pl-PL","@id":"https:\/\/wi.pb.edu.pl\/bialjam\/bialjam-2022\/#primaryimage","url":"https:\/\/wi.pb.edu.pl\/bialjam\/wp-content\/uploads\/sites\/8\/2024\/12\/galaktus.png","contentUrl":"https:\/\/wi.pb.edu.pl\/bialjam\/wp-content\/uploads\/sites\/8\/2024\/12\/galaktus.png","width":300,"height":300},{"@type":"BreadcrumbList","@id":"https:\/\/wi.pb.edu.pl\/bialjam\/bialjam-2022\/#breadcrumb","itemListElement":[{"@type":"ListItem","position":1,"name":"Strona g\u0142\u00f3wna","item":"https:\/\/wi.pb.edu.pl\/bialjam\/"},{"@type":"ListItem","position":2,"name":"BialJam 2022"}]},{"@type":"WebSite","@id":"https:\/\/wi.pb.edu.pl\/bialjam\/#website","url":"https:\/\/wi.pb.edu.pl\/bialjam\/","name":"BialJam","description":"Bia\u0142ostocki Konkurs Tworzenia Gier ","potentialAction":[{"@type":"SearchAction","target":{"@type":"EntryPoint","urlTemplate":"https:\/\/wi.pb.edu.pl\/bialjam\/?s={search_term_string}"},"query-input":{"@type":"PropertyValueSpecification","valueRequired":true,"valueName":"search_term_string"}}],"inLanguage":"pl-PL"}]}},"_links":{"self":[{"href":"https:\/\/wi.pb.edu.pl\/bialjam\/wp-json\/wp\/v2\/pages\/327","targetHints":{"allow":["GET"]}}],"collection":[{"href":"https:\/\/wi.pb.edu.pl\/bialjam\/wp-json\/wp\/v2\/pages"}],"about":[{"href":"https:\/\/wi.pb.edu.pl\/bialjam\/wp-json\/wp\/v2\/types\/page"}],"author":[{"embeddable":true,"href":"https:\/\/wi.pb.edu.pl\/bialjam\/wp-json\/wp\/v2\/users\/12"}],"replies":[{"embeddable":true,"href":"https:\/\/wi.pb.edu.pl\/bialjam\/wp-json\/wp\/v2\/comments?post=327"}],"version-history":[{"count":7,"href":"https:\/\/wi.pb.edu.pl\/bialjam\/wp-json\/wp\/v2\/pages\/327\/revisions"}],"predecessor-version":[{"id":443,"href":"https:\/\/wi.pb.edu.pl\/bialjam\/wp-json\/wp\/v2\/pages\/327\/revisions\/443"}],"wp:attachment":[{"href":"https:\/\/wi.pb.edu.pl\/bialjam\/wp-json\/wp\/v2\/media?parent=327"}],"curies":[{"name":"wp","href":"https:\/\/api.w.org\/{rel}","templated":true}]}}