{"id":331,"date":"2024-12-16T12:59:42","date_gmt":"2024-12-16T11:59:42","guid":{"rendered":"https:\/\/wi.pb.edu.pl\/bialjam\/?page_id=331"},"modified":"2024-12-28T21:28:19","modified_gmt":"2024-12-28T20:28:19","slug":"bialjam-2018","status":"publish","type":"page","link":"https:\/\/wi.pb.edu.pl\/bialjam\/bialjam-2018\/","title":{"rendered":"BialJam 2018"},"content":{"rendered":"<h4 class=\"wp-block-heading\"><a href=\"https:\/\/itch.io\/jam\/bialjam2018\">Oficjalne repozytorium itch.io<\/a><\/h4>\n<h6 class=\"wp-block-heading\">Wpisy (<a href=\"https:\/\/bialjam.wi.pb.edu.pl\/category\/2018\/\">tag 2018<\/a>)<\/h6>\n<hr class=\"wp-block-separator has-alpha-channel-opacity\">\n<p>Temat przewodni: <span style=\"color: #000080\"><strong>JANUSZE<\/strong><\/span><\/p>\n<p>Has\u0142o dodatkowe: <span style=\"color: #000080\"><strong>PORTAL<\/strong><\/span><\/p>\n<hr class=\"wp-block-separator has-alpha-channel-opacity\">\n<h6 class=\"wp-block-heading\">Prelegenci:<\/h6>\n<ul>\n<li>Micha\u0142 Jadczuk<\/li>\n<li>\u0141ukasz Gadomer<\/li>\n<li>Jan Romanowski i Maciej Kucharczyk<\/li>\n<\/ul>\n<hr class=\"wp-block-separator has-alpha-channel-opacity\">\n<h6 class=\"wp-block-heading\">Zwyci\u0119zcy:<\/h6>\n<p><span style=\"color: #000080\"><strong>I MIEJSCE<\/strong><\/span> \u2013 dru\u017cyna <strong>FLEX<\/strong> (Wiktor Truskolawski, Maciej Koz\u0142owski) z gr\u0105 <strong>Niedziela Handlowa<\/strong><\/p>\n<p><span style=\"color: #000080\"><strong>II MIEJSCE<\/strong><\/span> \u2013 dru\u017cyna <strong>My tylko na pizz\u0119<\/strong> (Agata Mr\u00f3z, Maciej Iwaniuk, Martyna Markiewicz, Adam Pietrowski, Mateusz Gryc) z gr\u0105 <strong>Janusze na OLY<\/strong><\/p>\n<p><span style=\"color: #000080\"><strong>III MIEJSCE<\/strong><\/span> \u2013 dru\u017cyna&nbsp;<a href=\"https:\/\/www.facebook.com\/AngryAngelGames-659215970885768\/?fref=mentions\">AngryAngelGames<\/a>&nbsp;(Joanna Lejtan, Janusz Lejtan, Konrad Ciborowski) z gr\u0105 <strong>Janush &amp; Famili Band<\/strong><\/p>\n<p><span style=\"color: #000080\"><strong>WYR\u00d3\u017bNIENIE ZA NAJLEPSZ\u0104 GRAFIK\u0118<\/strong><\/span> \u2013 dru\u017cyna <strong>EMKA <\/strong>(Katarzyna Kozaczkiewicz, Mateusz Choi\u0144ski, Krzysztof Ruczaj, Piotr Szekalski) z gr\u0105 <strong>Ja, N\u00f3\u017c<\/strong><\/p>\n<p><span style=\"color: #000080\"><strong>WYR\u00d3\u017bNIENIE ZA NAJLEPSZ\u0104 MUZYK\u0118<\/strong><\/span> \u2013 dru\u017cyna <strong>Hob-Bits <\/strong>(Daria Ostapczuk, Marta Nazarkiewicz, El\u017cbieta Gibulska, Kacper Chociej, Kamil Poniatowski) z gr\u0105 <strong>Jan Uszek<\/strong><\/p>\n<p><span style=\"color: #000080\"><strong>WYR\u00d3\u017bNIENIE ZA NAJLEPSZE WYKORZYSTANIE PORTALU<\/strong><\/span> \u2013 dru\u017cyna <strong>Recompile <\/strong>(Aleksander Borowski, Kacper Dzier\u017cek, Kuba Panasiuk, Szymon Hutnik, Dawid Alimowski) z gr\u0105 <strong>Bargain Hunter<\/strong><\/p>\n<hr class=\"wp-block-separator has-alpha-channel-opacity\">\n<h6 class=\"wp-block-heading\">Jury (alfabetycznie):<\/h6>\n<ul>\n<li>\u0141ukasz Gadomer,<\/li>\n<li>Izabela Kartowicz-Stolarska,<\/li>\n<li>dr in\u017c. Maciej Kopczy\u0144ski,<\/li>\n<li>Dominik Opolski,<\/li>\n<li>Karolina S\u0119torek,<\/li>\n<li>dr in\u017c. Marek Tab\u0119dzki.<\/li>\n<\/ul>\n<hr class=\"wp-block-separator has-alpha-channel-opacity\">\n<h6 class=\"wp-block-heading\">Organizatorzy (alfabetycznie):<\/h6>\n<ul>\n<li>Studenci&nbsp;<em>Wydzia\u0142u Informatyki<\/em>:\n<ul>\n<li><strong>Karolina S\u0119torek,&nbsp;Julita Gawe\u0142ko,&nbsp;Joanna Zawadzka,&nbsp;Ewelina Bosko,&nbsp;Arek \u0141upi\u0144ski,&nbsp;Artur Mogielnicki,&nbsp;Marcin Safiejko,&nbsp;Karol Karski,&nbsp;Marcin Niezbecki,&nbsp;Filip Snarski.<\/strong><\/li>\n<\/ul>\n<\/li>\n<li>Pracownicy&nbsp;<em>Politechniki Bia\u0142ostockiej<\/em>:\n<ul>\n<li><strong>prof.<\/strong>&nbsp;<strong>Dorota Mozyrska, dr in\u017c. Marcin Skoczylas<\/strong>.<\/li>\n<\/ul>\n<\/li>\n<\/ul>\n<hr class=\"wp-block-separator has-alpha-channel-opacity\">\n<div class=\"container-homePage text-center\">\n<div style=\"text-align: center\">\n<h2>Partnerzy<\/h2>\n<\/p><\/div>\n<ul class=\"clients-bar-wrapper\">\n<li class=\"clients-bar-item\"><a href=\"https:\/\/www.bialystok.pl\/\" target=\"_blank\"><img decoding=\"async\" src=\"https:\/\/wi.pb.edu.pl\/bialjam\/wp-content\/uploads\/sites\/8\/2024\/12\/bialystok-150x150.png\" alt=\"\"><\/a><\/li>\n<li class=\"clients-bar-item\"><a href=\"https:\/\/www.acaisoft.com\/\" target=\"_blank\"><img decoding=\"async\" src=\"https:\/\/wi.pb.edu.pl\/bialjam\/wp-content\/uploads\/sites\/8\/2024\/12\/acaisoft-150x150.png\" alt=\"\"><\/a><\/li>\n<li class=\"clients-bar-item\"><a href=\"https:\/\/ttpsc.com\/pl\/\" target=\"_blank\"><img decoding=\"async\" src=\"https:\/\/wi.pb.edu.pl\/bialjam\/wp-content\/uploads\/sites\/8\/2024\/12\/ttpsc-150x150.png\" alt=\"\"><\/a><\/li>\n<li class=\"clients-bar-item\"><a href=\"https:\/\/www.9bits.com\/pl\" target=\"_blank\"><img decoding=\"async\" src=\"https:\/\/wi.pb.edu.pl\/bialjam\/wp-content\/uploads\/sites\/8\/2024\/12\/9bits-150x150.png\" alt=\"\"><\/a><\/li>\n<li class=\"clients-bar-item\"><a href=\"\" target=\"_blank\"><img decoding=\"async\" src=\"https:\/\/wi.pb.edu.pl\/bialjam\/wp-content\/uploads\/sites\/8\/2024\/12\/polarbits-150x150.png\" alt=\"\"><\/a><\/li>\n<li class=\"clients-bar-item\"><a href=\"https:\/\/www.facebook.com\/cybersowavr\/?locale=pl_PL\" target=\"_blank\"><img decoding=\"async\" src=\"https:\/\/wi.pb.edu.pl\/bialjam\/wp-content\/uploads\/sites\/8\/2024\/12\/cybersowa-150x150.png\" alt=\"\"><\/a><\/li>\n<li class=\"clients-bar-item\"><a href=\"https:\/\/online.forgastro.pl\/wh-681658f9485b7abefdf623d695f02ba6\/menu\" target=\"_blank\"><img decoding=\"async\" src=\"https:\/\/wi.pb.edu.pl\/bialjam\/wp-content\/uploads\/sites\/8\/2024\/12\/retrospekcja-150x150.png\" alt=\"\"><\/a><\/li>\n<li class=\"clients-bar-item\"><a href=\"https:\/\/chillipizza.pl\/\" target=\"_blank\"><img decoding=\"async\" src=\"https:\/\/wi.pb.edu.pl\/bialjam\/wp-content\/uploads\/sites\/8\/2024\/12\/chillipizza-150x150.png\" alt=\"\"><\/a><\/li>\n<\/ul>\n<\/div>\n<hr class=\"wp-block-separator has-alpha-channel-opacity\">\n<div class=\"container-homePage text-center\">\n<div style=\"text-align: center\">\n<h2>Organizatorzy<\/h2>\n<\/p><\/div>\n<ul class=\"clients-bar-wrapper\">\n<li class=\"clients-bar-item\"><a href=\"https:\/\/wi.pb.edu.pl\/\" target=\"_blank\"><img decoding=\"async\" src=\"https:\/\/wi.pb.edu.pl\/bialjam\/wp-content\/uploads\/sites\/8\/2024\/12\/wi-150x150.png\" alt=\"\"><\/a><\/li>\n<li class=\"clients-bar-item\"><a href=\"https:\/\/pb.edu.pl\/\" target=\"_blank\"><img decoding=\"async\" src=\"https:\/\/wi.pb.edu.pl\/bialjam\/wp-content\/uploads\/sites\/8\/2024\/12\/pb-150x150.png\" alt=\"\"><\/a><\/li>\n<li class=\"clients-bar-item\"><a href=\"https:\/\/portal.pti.org.pl\/\" target=\"_blank\"><img decoding=\"async\" src=\"https:\/\/wi.pb.edu.pl\/bialjam\/wp-content\/uploads\/sites\/8\/2024\/12\/pti-150x150.png\" alt=\"\"><\/a><\/li>\n<\/ul>\n<\/div>\n","protected":false},"excerpt":{"rendered":"<p>Oficjalne repozytorium itch.io Wpisy (tag 2018) Temat przewodni: JANUSZE Has\u0142o dodatkowe: PORTAL Prelegenci: Micha\u0142 Jadczuk<a class=\"read-more\" href=\"https:\/\/wi.pb.edu.pl\/bialjam\/bialjam-2018\/\" title=\"Poka\u017c artyku\u0142 BialJam 2018\">wi\u0119cej<\/a><\/p>\n","protected":false},"author":12,"featured_media":0,"parent":0,"menu_order":0,"comment_status":"closed","ping_status":"closed","template":"","meta":{"inline_featured_image":false,"ngg_post_thumbnail":0,"footnotes":""},"class_list":["post-331","page","type-page","status-publish","hentry"],"acf":[],"yoast_head":"<!-- This site is optimized with the Yoast SEO plugin v26.4 - https:\/\/yoast.com\/wordpress\/plugins\/seo\/ -->\n<title>BialJam 2018 - BialJam<\/title>\n<meta name=\"robots\" content=\"index, follow, max-snippet:-1, max-image-preview:large, max-video-preview:-1\" \/>\n<link rel=\"canonical\" href=\"https:\/\/wi.pb.edu.pl\/bialjam\/bialjam-2018\/\" \/>\n<meta property=\"og:locale\" content=\"pl_PL\" \/>\n<meta property=\"og:type\" content=\"article\" \/>\n<meta property=\"og:title\" content=\"BialJam 2018 - BialJam\" \/>\n<meta property=\"og:description\" content=\"Oficjalne repozytorium itch.io Wpisy (tag 2018) Temat przewodni: JANUSZE Has\u0142o dodatkowe: PORTAL Prelegenci: Micha\u0142 Jadczukwi\u0119cej\" \/>\n<meta property=\"og:url\" content=\"https:\/\/wi.pb.edu.pl\/bialjam\/bialjam-2018\/\" \/>\n<meta property=\"og:site_name\" content=\"BialJam\" \/>\n<meta property=\"article:modified_time\" content=\"2024-12-28T20:28:19+00:00\" \/>\n<meta property=\"og:image\" content=\"https:\/\/wi.pb.edu.pl\/bialjam\/wp-content\/uploads\/sites\/8\/2024\/12\/bialystok-150x150.png\" \/>\n<meta name=\"twitter:card\" content=\"summary_large_image\" \/>\n<meta name=\"twitter:label1\" content=\"Szacowany czas czytania\" \/>\n\t<meta name=\"twitter:data1\" content=\"4 minuty\" \/>\n<script type=\"application\/ld+json\" class=\"yoast-schema-graph\">{\"@context\":\"https:\/\/schema.org\",\"@graph\":[{\"@type\":\"WebPage\",\"@id\":\"https:\/\/wi.pb.edu.pl\/bialjam\/bialjam-2018\/\",\"url\":\"https:\/\/wi.pb.edu.pl\/bialjam\/bialjam-2018\/\",\"name\":\"BialJam 2018 - BialJam\",\"isPartOf\":{\"@id\":\"https:\/\/wi.pb.edu.pl\/bialjam\/#website\"},\"primaryImageOfPage\":{\"@id\":\"https:\/\/wi.pb.edu.pl\/bialjam\/bialjam-2018\/#primaryimage\"},\"image\":{\"@id\":\"https:\/\/wi.pb.edu.pl\/bialjam\/bialjam-2018\/#primaryimage\"},\"thumbnailUrl\":\"https:\/\/wi.pb.edu.pl\/bialjam\/wp-content\/uploads\/sites\/8\/2024\/12\/bialystok-150x150.png\",\"datePublished\":\"2024-12-16T11:59:42+00:00\",\"dateModified\":\"2024-12-28T20:28:19+00:00\",\"breadcrumb\":{\"@id\":\"https:\/\/wi.pb.edu.pl\/bialjam\/bialjam-2018\/#breadcrumb\"},\"inLanguage\":\"pl-PL\",\"potentialAction\":[{\"@type\":\"ReadAction\",\"target\":[\"https:\/\/wi.pb.edu.pl\/bialjam\/bialjam-2018\/\"]}]},{\"@type\":\"ImageObject\",\"inLanguage\":\"pl-PL\",\"@id\":\"https:\/\/wi.pb.edu.pl\/bialjam\/bialjam-2018\/#primaryimage\",\"url\":\"https:\/\/wi.pb.edu.pl\/bialjam\/wp-content\/uploads\/sites\/8\/2024\/12\/bialystok.png\",\"contentUrl\":\"https:\/\/wi.pb.edu.pl\/bialjam\/wp-content\/uploads\/sites\/8\/2024\/12\/bialystok.png\",\"width\":300,\"height\":300},{\"@type\":\"BreadcrumbList\",\"@id\":\"https:\/\/wi.pb.edu.pl\/bialjam\/bialjam-2018\/#breadcrumb\",\"itemListElement\":[{\"@type\":\"ListItem\",\"position\":1,\"name\":\"Strona g\u0142\u00f3wna\",\"item\":\"https:\/\/wi.pb.edu.pl\/bialjam\/\"},{\"@type\":\"ListItem\",\"position\":2,\"name\":\"BialJam 2018\"}]},{\"@type\":\"WebSite\",\"@id\":\"https:\/\/wi.pb.edu.pl\/bialjam\/#website\",\"url\":\"https:\/\/wi.pb.edu.pl\/bialjam\/\",\"name\":\"BialJam\",\"description\":\"Bia\u0142ostocki Konkurs Tworzenia Gier \",\"potentialAction\":[{\"@type\":\"SearchAction\",\"target\":{\"@type\":\"EntryPoint\",\"urlTemplate\":\"https:\/\/wi.pb.edu.pl\/bialjam\/?s={search_term_string}\"},\"query-input\":{\"@type\":\"PropertyValueSpecification\",\"valueRequired\":true,\"valueName\":\"search_term_string\"}}],\"inLanguage\":\"pl-PL\"}]}<\/script>\n<!-- \/ Yoast SEO plugin. -->","yoast_head_json":{"title":"BialJam 2018 - BialJam","robots":{"index":"index","follow":"follow","max-snippet":"max-snippet:-1","max-image-preview":"max-image-preview:large","max-video-preview":"max-video-preview:-1"},"canonical":"https:\/\/wi.pb.edu.pl\/bialjam\/bialjam-2018\/","og_locale":"pl_PL","og_type":"article","og_title":"BialJam 2018 - BialJam","og_description":"Oficjalne repozytorium itch.io Wpisy (tag 2018) Temat przewodni: JANUSZE Has\u0142o dodatkowe: PORTAL Prelegenci: Micha\u0142 Jadczukwi\u0119cej","og_url":"https:\/\/wi.pb.edu.pl\/bialjam\/bialjam-2018\/","og_site_name":"BialJam","article_modified_time":"2024-12-28T20:28:19+00:00","og_image":[{"url":"https:\/\/wi.pb.edu.pl\/bialjam\/wp-content\/uploads\/sites\/8\/2024\/12\/bialystok-150x150.png","type":"","width":"","height":""}],"twitter_card":"summary_large_image","twitter_misc":{"Szacowany czas czytania":"4 minuty"},"schema":{"@context":"https:\/\/schema.org","@graph":[{"@type":"WebPage","@id":"https:\/\/wi.pb.edu.pl\/bialjam\/bialjam-2018\/","url":"https:\/\/wi.pb.edu.pl\/bialjam\/bialjam-2018\/","name":"BialJam 2018 - BialJam","isPartOf":{"@id":"https:\/\/wi.pb.edu.pl\/bialjam\/#website"},"primaryImageOfPage":{"@id":"https:\/\/wi.pb.edu.pl\/bialjam\/bialjam-2018\/#primaryimage"},"image":{"@id":"https:\/\/wi.pb.edu.pl\/bialjam\/bialjam-2018\/#primaryimage"},"thumbnailUrl":"https:\/\/wi.pb.edu.pl\/bialjam\/wp-content\/uploads\/sites\/8\/2024\/12\/bialystok-150x150.png","datePublished":"2024-12-16T11:59:42+00:00","dateModified":"2024-12-28T20:28:19+00:00","breadcrumb":{"@id":"https:\/\/wi.pb.edu.pl\/bialjam\/bialjam-2018\/#breadcrumb"},"inLanguage":"pl-PL","potentialAction":[{"@type":"ReadAction","target":["https:\/\/wi.pb.edu.pl\/bialjam\/bialjam-2018\/"]}]},{"@type":"ImageObject","inLanguage":"pl-PL","@id":"https:\/\/wi.pb.edu.pl\/bialjam\/bialjam-2018\/#primaryimage","url":"https:\/\/wi.pb.edu.pl\/bialjam\/wp-content\/uploads\/sites\/8\/2024\/12\/bialystok.png","contentUrl":"https:\/\/wi.pb.edu.pl\/bialjam\/wp-content\/uploads\/sites\/8\/2024\/12\/bialystok.png","width":300,"height":300},{"@type":"BreadcrumbList","@id":"https:\/\/wi.pb.edu.pl\/bialjam\/bialjam-2018\/#breadcrumb","itemListElement":[{"@type":"ListItem","position":1,"name":"Strona g\u0142\u00f3wna","item":"https:\/\/wi.pb.edu.pl\/bialjam\/"},{"@type":"ListItem","position":2,"name":"BialJam 2018"}]},{"@type":"WebSite","@id":"https:\/\/wi.pb.edu.pl\/bialjam\/#website","url":"https:\/\/wi.pb.edu.pl\/bialjam\/","name":"BialJam","description":"Bia\u0142ostocki Konkurs Tworzenia Gier ","potentialAction":[{"@type":"SearchAction","target":{"@type":"EntryPoint","urlTemplate":"https:\/\/wi.pb.edu.pl\/bialjam\/?s={search_term_string}"},"query-input":{"@type":"PropertyValueSpecification","valueRequired":true,"valueName":"search_term_string"}}],"inLanguage":"pl-PL"}]}},"_links":{"self":[{"href":"https:\/\/wi.pb.edu.pl\/bialjam\/wp-json\/wp\/v2\/pages\/331","targetHints":{"allow":["GET"]}}],"collection":[{"href":"https:\/\/wi.pb.edu.pl\/bialjam\/wp-json\/wp\/v2\/pages"}],"about":[{"href":"https:\/\/wi.pb.edu.pl\/bialjam\/wp-json\/wp\/v2\/types\/page"}],"author":[{"embeddable":true,"href":"https:\/\/wi.pb.edu.pl\/bialjam\/wp-json\/wp\/v2\/users\/12"}],"replies":[{"embeddable":true,"href":"https:\/\/wi.pb.edu.pl\/bialjam\/wp-json\/wp\/v2\/comments?post=331"}],"version-history":[{"count":7,"href":"https:\/\/wi.pb.edu.pl\/bialjam\/wp-json\/wp\/v2\/pages\/331\/revisions"}],"predecessor-version":[{"id":475,"href":"https:\/\/wi.pb.edu.pl\/bialjam\/wp-json\/wp\/v2\/pages\/331\/revisions\/475"}],"wp:attachment":[{"href":"https:\/\/wi.pb.edu.pl\/bialjam\/wp-json\/wp\/v2\/media?parent=331"}],"curies":[{"name":"wp","href":"https:\/\/api.w.org\/{rel}","templated":true}]}}