{"id":380,"date":"2024-12-17T18:21:02","date_gmt":"2024-12-17T17:21:02","guid":{"rendered":"https:\/\/wi.pb.edu.pl\/bialjam\/?page_id=380"},"modified":"2025-06-25T18:27:07","modified_gmt":"2025-06-25T16:27:07","slug":"bialjam-2025","status":"publish","type":"page","link":"https:\/\/wi.pb.edu.pl\/bialjam\/bialjam-2025\/","title":{"rendered":"BialJam 2025"},"content":{"rendered":"<h4 class=\"wp-block-heading\">Oficjalne repozytorium itch.io<\/h4>\n<h4 class=\"wp-block-heading\"><strong>Wpisy (<\/strong><a href=\"https:\/\/bialjam.wi.pb.edu.pl\/category\/2025\/\">tag 2025<\/a><strong>)<\/strong><\/h4>\n<h4 class=\"wp-block-heading\"><a href=\"https:\/\/wi.pb.edu.pl\/bialjam\/rejestracja\/\">Rejestracja<\/a><\/h4>\n<hr class=\"wp-block-separator has-alpha-channel-opacity\">\n<p><strong>Data: <\/strong>4-6 lipiec 2025<\/p>\n<p><strong>Miejsce:<\/strong> Wydzia\u0142 Informatyki Politechniki Bia\u0142ostockiej \u2013 Bia\u0142ystok, Wiejska 45A<\/p>\n<p><strong>Wydarzenie:<\/strong> <a title=\"otworzy si\u0119 w nowej karcie\" href=\"https:\/\/www.facebook.com\/events\/1247798214014722\" target=\"_blank\" data-id=\"58\">GameJam BialJam 2025<\/a><\/p>\n<p><a title=\"otworzy si\u0119 w nowej karcie\" class=\"pdf\" href=\"https:\/\/wi.pb.edu.pl\/bialjam\/wp-content\/uploads\/sites\/8\/2025\/05\/REGULAMIN-BialJam-25-21.05.pdf\" target=\"_blank\" data-id=\"58\">Regulamin Konkursu Tworzenia Gier Komputerowych BialJam<\/a><\/p>\n<hr class=\"wp-block-separator has-alpha-channel-opacity\">\n<p>Temat przewodni: To wy go wybierzecie<\/p>\n<p>Has\u0142o dodatkowe: To my go wymy\u015blimy<\/p>\n<hr class=\"wp-block-separator has-alpha-channel-opacity\">\n<h6 class=\"wp-block-heading\" style=\"margin-bottom:30px\">Prelegenci:<\/h6>\n<div class=\"row\">\n<div class=\"col-md-3\">\n<div>\n            <img decoding=\"async\" src=\"https:\/\/wi.pb.edu.pl\/bialjam\/wp-content\/uploads\/sites\/8\/2025\/06\/marcin_lazowski.jpeg\" alt=\"Marcin \u0141azowski\" style=\"height: auto;border-radius: 8px\">\n        <\/div>\n<\/p><\/div>\n<div class=\"col-md-9\">\n<div class=\"content\">\n<h4 class=\"card-title\" style=\"margin-top: 0;margin-bottom: 0\">Marcin \u0141azowski<\/h4>\n<h6 class=\"category text-muted\" style=\"margin-top: 0\">Senior Game Designer w 11 bit studios<\/h6>\n<p style=\"text-align: justify\">\n                Pracuje przy <em>The Alters<\/em> \u2014 najnowszej produkcji studia 11 bit studios. Swoj\u0105 przygod\u0119 z Game Devem zacz\u0105\u0142 10 lat temu jako programista, dzisiaj zajmuje si\u0119 tworzeniem rozgrywki. W mi\u0119dzyczasie klepie swoje w\u0142asne ma\u0142e projekty z czystej mi\u0142o\u015bci do tworzenia.\n            <\/p>\n<h5 class=\"card-title\" style=\"margin-top: 10px\">Temat prelekcji<\/h5>\n<p style=\"text-align: justify\">\n                <strong>\u201cDesignerze, nie psuj testera! \u2013 czyli jak zbiera\u0107 feedback z ogrywek\u201d<\/strong><br \/>\n                Ka\u017cdy kto tworzy gr\u0119, czy to w wielkim studiu czy ze znajomymi po nocach pr\u0119dzej czy p\u00f3\u017aniej b\u0119dzie musia\u0142 da\u0107 j\u0105 komu\u015b do zagrania, a nast\u0119pnie zebra\u0107 feedback i go przeanalizowa\u0107. Opowie o tym jak si\u0119 do tego zabra\u0107 i jakich pu\u0142apek unika\u0107. Na sam koniec b\u0119dzie sekcja Q&amp;A, a w czasie eventu b\u0119dzie mo\u017cna zapyta\u0107 go o mentoring!\n            <\/p>\n<\/p><\/div>\n<\/p><\/div>\n<\/div>\n<div class=\"row\" style=\"margin-top: 50px\">\n<div class=\"col-md-3\">\n<div>\n            <img decoding=\"async\" src=\"https:\/\/wi.pb.edu.pl\/bialjam\/wp-content\/uploads\/sites\/8\/2025\/06\/mateusz_czerwinski-scaled.jpg\" alt=\"Mateusz Czerwi\u0144ski\" style=\"height: auto;border-radius: 8px\">\n        <\/div>\n<\/p><\/div>\n<div class=\"col-md-9\">\n<div class=\"content\">\n<h4 class=\"card-title\" style=\"margin-top: 0;margin-bottom: 0\">Mateusz Czerwi\u0144ski<\/h4>\n<h6 class=\"category text-muted\" style=\"margin-top: 0\"> CEO firmy BRANDUP<\/h6>\n<p style=\"text-align: justify\">\n                Mateusz doskonale rozumie potrzeb\u0119 dostosowywania komunikacji do szybko zmieniaj\u0105cych si\u0119 trend\u00f3w. Pracuj\u0105c z polskimi i zagranicznymi firmami pozna\u0142 znaczenie mi\u0119dzynarodowego planowania dzia\u0142a\u0144 szeroko rozumianego marketingu gier wideo. Do\u015bwiadczenie nabyte w pracy po stronie polskich wydawc\u00f3w gier niezale\u017cnych daje mu podstawy do tworzenia skutecznych strategii, a praca z zespo\u0142ami developerskimi pozwoli\u0142a spojrze\u0107 na ca\u0142y proces budowania rozpoznawalno\u015bci marki z perspektywy innej, ni\u017c marketingowa. <\/p>\n<h5 class=\"card-title\" style=\"margin-top: 10px\">Temat prelekcji<\/h5>\n<p style=\"text-align: justify\">\n                <strong>\u201cMarketing gier wideo, czyli co i w jakiej kolejno\u015bci zrobi\u0107, aby o Waszej grze us\u0142ysza\u0142 \u015bwiat\u201d<\/strong><br \/>\n                Macie pomys\u0142 na gr\u0119, zaczynacie go realizowa\u0107, po miesi\u0105cach ci\u0119\u017ckiej pracy wreszcie macie build. Wrzucacie go na Steam, Itch.io lub GameJolt, naciskacie czerwony guzik DEPLOY i\u2026 zagra\u0142y w ni\u0105 tylko Wasze mamy. Przecie\u017c dodali\u015bcie post na redditcie, \u017ce zrobili\u015bcie gr\u0119 i nawet zyskali\u015bcie kilka oraz komentarzy \u201cCool game!\u201d. Co zatem posz\u0142o nie tak. Spokojnie, Mateusz Wam wyt\u0142umaczy\n            <\/p>\n<\/p><\/div>\n<\/p><\/div>\n<\/div>\n<hr class=\"wp-block-separator has-alpha-channel-opacity\">\n<h6 class=\"wp-block-heading\">Zwyci\u0119zcy:<\/h6>\n<p>&nbsp;<\/p>\n<hr class=\"wp-block-separator has-alpha-channel-opacity\">\n<h6 class=\"wp-block-heading\">Wyr\u00f3\u017cnienia:<\/h6>\n<p>&nbsp;<\/p>\n<hr class=\"wp-block-separator has-alpha-channel-opacity\">\n<h6 class=\"wp-block-heading\">Partnerzy:<\/h6>\n<p>&nbsp;<\/p>\n<ul class=\"clients-bar-wrapper\">\n<li class=\"clients-bar-item\"><a href=\"https:\/\/www.bialystok.pl\/\" target=\"_blank\" rel=\"noopener\"><img decoding=\"async\" src=\"https:\/\/wi.pb.edu.pl\/bialjam\/wp-content\/uploads\/sites\/8\/2024\/12\/bialystok-150x150.png\" alt=\"\"><\/a><\/li>\n<li class=\"clients-bar-item\"><a href=\"https:\/\/itwmbanku.pl\/\" target=\"_blank\" rel=\"noopener\"><img decoding=\"async\" src=\"https:\/\/wi.pb.edu.pl\/bialjam\/wp-content\/uploads\/sites\/8\/2024\/12\/mbank-150x150.png\" alt=\"\"><\/a><\/li>\n<li class=\"clients-bar-item\"><a href=\"https:\/\/sii.pl\/\" target=\"_blank\"><img decoding=\"async\" src=\"https:\/\/wi.pb.edu.pl\/bialjam\/wp-content\/uploads\/sites\/8\/2025\/05\/SII-150x150.png\" alt=\"Sii\"><\/a><\/li>\n<li class=\"clients-bar-item\"><a href=\"https:\/\/dreammachines.pl\/\" target=\"_blank\"><img decoding=\"async\" src=\"https:\/\/wi.pb.edu.pl\/bialjam\/wp-content\/uploads\/sites\/8\/2025\/05\/Dream-Machines-150x150.png\" alt=\"Dream Machines\"><\/a><\/li>\n<li class=\"clients-bar-item\"><a href=\"https:\/\/rockgame.pl\/\" target=\"_blank\" rel=\"noopener\"><img decoding=\"async\" src=\"https:\/\/wi.pb.edu.pl\/bialjam\/wp-content\/uploads\/sites\/8\/2024\/12\/rockgame-150x150.png\" alt=\"Rock Game\"><\/a><\/li>\n<li class=\"clients-bar-item\"><a href=\"https:\/\/branduptoday.pro\/\" target=\"_blank\" rel=\"noopener\"><img decoding=\"async\" src=\"https:\/\/wi.pb.edu.pl\/bialjam\/wp-content\/uploads\/sites\/8\/2025\/06\/BRANDUP-150x150.png\" alt=\"BRANDUP\"><\/a><\/li>\n<li class=\"clients-bar-item\"><a href=\"https:\/\/helios.pl\/bialystok\/kino-helios-alfa\/\" target=\"_blank\" rel=\"noopener\"><img decoding=\"async\" src=\"https:\/\/wi.pb.edu.pl\/bialjam\/wp-content\/uploads\/sites\/8\/2025\/06\/helios-150x150.png\" alt=\"Helios Bialystok\"><\/a><\/li>\n<li class=\"clients-bar-item\"><a href=\"https:\/\/www.across-alliance.eu\/\" target=\"_blank\" rel=\"noopener\"><img decoding=\"async\" src=\"https:\/\/wi.pb.edu.pl\/bialjam\/wp-content\/uploads\/sites\/8\/2025\/06\/across-150x150.png\" alt=\"Across\"><\/a><\/li>\n<\/ul>\n<hr class=\"wp-block-separator has-alpha-channel-opacity\">\n<h6 class=\"wp-block-heading\">Organizatorzy:<\/h6>\n<ul class=\"clients-bar-wrapper\">\n<li class=\"clients-bar-item\"><a href=\"https:\/\/pb.edu.pl\/sspb\/\" target=\"_blank\"><img decoding=\"async\" src=\"https:\/\/wi.pb.edu.pl\/bialjam\/wp-content\/uploads\/sites\/8\/2024\/12\/sspb-150x150.png\" alt=\"\"><\/a><\/li>\n<li class=\"clients-bar-item\"><a href=\"https:\/\/wi.pb.edu.pl\/\" target=\"_blank\"><img decoding=\"async\" src=\"https:\/\/wi.pb.edu.pl\/bialjam\/wp-content\/uploads\/sites\/8\/2024\/12\/wi-150x150.png\" alt=\"\"><\/a><\/li>\n<li class=\"clients-bar-item\"><a href=\"https:\/\/www.facebook.com\/VectorGameDev\" target=\"_blank\"><img decoding=\"async\" src=\"https:\/\/wi.pb.edu.pl\/bialjam\/wp-content\/uploads\/sites\/8\/2024\/12\/vector-150x150.png\" alt=\"\"><\/a><\/li>\n<li class=\"clients-bar-item\"><a href=\"https:\/\/pb.edu.pl\/\" target=\"_blank\"><img decoding=\"async\" src=\"https:\/\/wi.pb.edu.pl\/bialjam\/wp-content\/uploads\/sites\/8\/2024\/12\/pb-150x150.png\" alt=\"\"><\/a><\/li>\n<li class=\"clients-bar-item\"><a href=\"https:\/\/portal.pti.org.pl\/\" target=\"_blank\"><img decoding=\"async\" src=\"https:\/\/wi.pb.edu.pl\/bialjam\/wp-content\/uploads\/sites\/8\/2024\/05\/logo_O_BIALOSTOCKI1-1-150x150.png\" alt=\"\"><\/a><\/li>\n<\/ul>\n<\/div>\n","protected":false},"excerpt":{"rendered":"<p>Oficjalne repozytorium itch.io Wpisy (tag 2025) Rejestracja Data: 4-6 lipiec 2025 Miejsce: Wydzia\u0142 Informatyki Politechniki<a class=\"read-more\" href=\"https:\/\/wi.pb.edu.pl\/bialjam\/bialjam-2025\/\" title=\"Poka\u017c artyku\u0142 BialJam 2025\">wi\u0119cej<\/a><\/p>\n","protected":false},"author":12,"featured_media":0,"parent":0,"menu_order":0,"comment_status":"closed","ping_status":"closed","template":"","meta":{"inline_featured_image":false,"ngg_post_thumbnail":0,"footnotes":""},"class_list":["post-380","page","type-page","status-publish","hentry"],"acf":[],"yoast_head":"<!-- This site is optimized with the Yoast SEO plugin v26.4 - https:\/\/yoast.com\/wordpress\/plugins\/seo\/ -->\n<title>BialJam 2025 - BialJam<\/title>\n<meta name=\"robots\" content=\"index, follow, max-snippet:-1, max-image-preview:large, max-video-preview:-1\" \/>\n<link rel=\"canonical\" href=\"https:\/\/wi.pb.edu.pl\/bialjam\/bialjam-2025\/\" \/>\n<meta property=\"og:locale\" content=\"pl_PL\" \/>\n<meta property=\"og:type\" content=\"article\" \/>\n<meta property=\"og:title\" content=\"BialJam 2025 - BialJam\" \/>\n<meta property=\"og:description\" content=\"Oficjalne repozytorium itch.io Wpisy (tag 2025) Rejestracja Data: 4-6 lipiec 2025 Miejsce: Wydzia\u0142 Informatyki Politechnikiwi\u0119cej\" \/>\n<meta property=\"og:url\" content=\"https:\/\/wi.pb.edu.pl\/bialjam\/bialjam-2025\/\" \/>\n<meta property=\"og:site_name\" content=\"BialJam\" \/>\n<meta property=\"article:modified_time\" content=\"2025-06-25T16:27:07+00:00\" \/>\n<meta property=\"og:image\" content=\"https:\/\/wi.pb.edu.pl\/bialjam\/wp-content\/uploads\/sites\/8\/2025\/06\/marcin_lazowski.jpeg\" \/>\n<meta name=\"twitter:card\" content=\"summary_large_image\" \/>\n<meta name=\"twitter:label1\" content=\"Szacowany czas czytania\" \/>\n\t<meta name=\"twitter:data1\" content=\"3 minuty\" \/>\n<script type=\"application\/ld+json\" class=\"yoast-schema-graph\">{\"@context\":\"https:\/\/schema.org\",\"@graph\":[{\"@type\":\"WebPage\",\"@id\":\"https:\/\/wi.pb.edu.pl\/bialjam\/bialjam-2025\/\",\"url\":\"https:\/\/wi.pb.edu.pl\/bialjam\/bialjam-2025\/\",\"name\":\"BialJam 2025 - BialJam\",\"isPartOf\":{\"@id\":\"https:\/\/wi.pb.edu.pl\/bialjam\/#website\"},\"primaryImageOfPage\":{\"@id\":\"https:\/\/wi.pb.edu.pl\/bialjam\/bialjam-2025\/#primaryimage\"},\"image\":{\"@id\":\"https:\/\/wi.pb.edu.pl\/bialjam\/bialjam-2025\/#primaryimage\"},\"thumbnailUrl\":\"https:\/\/wi.pb.edu.pl\/bialjam\/wp-content\/uploads\/sites\/8\/2025\/06\/marcin_lazowski.jpeg\",\"datePublished\":\"2024-12-17T17:21:02+00:00\",\"dateModified\":\"2025-06-25T16:27:07+00:00\",\"breadcrumb\":{\"@id\":\"https:\/\/wi.pb.edu.pl\/bialjam\/bialjam-2025\/#breadcrumb\"},\"inLanguage\":\"pl-PL\",\"potentialAction\":[{\"@type\":\"ReadAction\",\"target\":[\"https:\/\/wi.pb.edu.pl\/bialjam\/bialjam-2025\/\"]}]},{\"@type\":\"ImageObject\",\"inLanguage\":\"pl-PL\",\"@id\":\"https:\/\/wi.pb.edu.pl\/bialjam\/bialjam-2025\/#primaryimage\",\"url\":\"https:\/\/wi.pb.edu.pl\/bialjam\/wp-content\/uploads\/sites\/8\/2025\/06\/marcin_lazowski.jpeg\",\"contentUrl\":\"https:\/\/wi.pb.edu.pl\/bialjam\/wp-content\/uploads\/sites\/8\/2025\/06\/marcin_lazowski.jpeg\",\"width\":963,\"height\":963},{\"@type\":\"BreadcrumbList\",\"@id\":\"https:\/\/wi.pb.edu.pl\/bialjam\/bialjam-2025\/#breadcrumb\",\"itemListElement\":[{\"@type\":\"ListItem\",\"position\":1,\"name\":\"Strona g\u0142\u00f3wna\",\"item\":\"https:\/\/wi.pb.edu.pl\/bialjam\/\"},{\"@type\":\"ListItem\",\"position\":2,\"name\":\"BialJam 2025\"}]},{\"@type\":\"WebSite\",\"@id\":\"https:\/\/wi.pb.edu.pl\/bialjam\/#website\",\"url\":\"https:\/\/wi.pb.edu.pl\/bialjam\/\",\"name\":\"BialJam\",\"description\":\"Bia\u0142ostocki Konkurs Tworzenia Gier \",\"potentialAction\":[{\"@type\":\"SearchAction\",\"target\":{\"@type\":\"EntryPoint\",\"urlTemplate\":\"https:\/\/wi.pb.edu.pl\/bialjam\/?s={search_term_string}\"},\"query-input\":{\"@type\":\"PropertyValueSpecification\",\"valueRequired\":true,\"valueName\":\"search_term_string\"}}],\"inLanguage\":\"pl-PL\"}]}<\/script>\n<!-- \/ Yoast SEO plugin. -->","yoast_head_json":{"title":"BialJam 2025 - BialJam","robots":{"index":"index","follow":"follow","max-snippet":"max-snippet:-1","max-image-preview":"max-image-preview:large","max-video-preview":"max-video-preview:-1"},"canonical":"https:\/\/wi.pb.edu.pl\/bialjam\/bialjam-2025\/","og_locale":"pl_PL","og_type":"article","og_title":"BialJam 2025 - BialJam","og_description":"Oficjalne repozytorium itch.io Wpisy (tag 2025) Rejestracja Data: 4-6 lipiec 2025 Miejsce: Wydzia\u0142 Informatyki Politechnikiwi\u0119cej","og_url":"https:\/\/wi.pb.edu.pl\/bialjam\/bialjam-2025\/","og_site_name":"BialJam","article_modified_time":"2025-06-25T16:27:07+00:00","og_image":[{"url":"https:\/\/wi.pb.edu.pl\/bialjam\/wp-content\/uploads\/sites\/8\/2025\/06\/marcin_lazowski.jpeg","type":"","width":"","height":""}],"twitter_card":"summary_large_image","twitter_misc":{"Szacowany czas czytania":"3 minuty"},"schema":{"@context":"https:\/\/schema.org","@graph":[{"@type":"WebPage","@id":"https:\/\/wi.pb.edu.pl\/bialjam\/bialjam-2025\/","url":"https:\/\/wi.pb.edu.pl\/bialjam\/bialjam-2025\/","name":"BialJam 2025 - BialJam","isPartOf":{"@id":"https:\/\/wi.pb.edu.pl\/bialjam\/#website"},"primaryImageOfPage":{"@id":"https:\/\/wi.pb.edu.pl\/bialjam\/bialjam-2025\/#primaryimage"},"image":{"@id":"https:\/\/wi.pb.edu.pl\/bialjam\/bialjam-2025\/#primaryimage"},"thumbnailUrl":"https:\/\/wi.pb.edu.pl\/bialjam\/wp-content\/uploads\/sites\/8\/2025\/06\/marcin_lazowski.jpeg","datePublished":"2024-12-17T17:21:02+00:00","dateModified":"2025-06-25T16:27:07+00:00","breadcrumb":{"@id":"https:\/\/wi.pb.edu.pl\/bialjam\/bialjam-2025\/#breadcrumb"},"inLanguage":"pl-PL","potentialAction":[{"@type":"ReadAction","target":["https:\/\/wi.pb.edu.pl\/bialjam\/bialjam-2025\/"]}]},{"@type":"ImageObject","inLanguage":"pl-PL","@id":"https:\/\/wi.pb.edu.pl\/bialjam\/bialjam-2025\/#primaryimage","url":"https:\/\/wi.pb.edu.pl\/bialjam\/wp-content\/uploads\/sites\/8\/2025\/06\/marcin_lazowski.jpeg","contentUrl":"https:\/\/wi.pb.edu.pl\/bialjam\/wp-content\/uploads\/sites\/8\/2025\/06\/marcin_lazowski.jpeg","width":963,"height":963},{"@type":"BreadcrumbList","@id":"https:\/\/wi.pb.edu.pl\/bialjam\/bialjam-2025\/#breadcrumb","itemListElement":[{"@type":"ListItem","position":1,"name":"Strona g\u0142\u00f3wna","item":"https:\/\/wi.pb.edu.pl\/bialjam\/"},{"@type":"ListItem","position":2,"name":"BialJam 2025"}]},{"@type":"WebSite","@id":"https:\/\/wi.pb.edu.pl\/bialjam\/#website","url":"https:\/\/wi.pb.edu.pl\/bialjam\/","name":"BialJam","description":"Bia\u0142ostocki Konkurs Tworzenia Gier ","potentialAction":[{"@type":"SearchAction","target":{"@type":"EntryPoint","urlTemplate":"https:\/\/wi.pb.edu.pl\/bialjam\/?s={search_term_string}"},"query-input":{"@type":"PropertyValueSpecification","valueRequired":true,"valueName":"search_term_string"}}],"inLanguage":"pl-PL"}]}},"_links":{"self":[{"href":"https:\/\/wi.pb.edu.pl\/bialjam\/wp-json\/wp\/v2\/pages\/380","targetHints":{"allow":["GET"]}}],"collection":[{"href":"https:\/\/wi.pb.edu.pl\/bialjam\/wp-json\/wp\/v2\/pages"}],"about":[{"href":"https:\/\/wi.pb.edu.pl\/bialjam\/wp-json\/wp\/v2\/types\/page"}],"author":[{"embeddable":true,"href":"https:\/\/wi.pb.edu.pl\/bialjam\/wp-json\/wp\/v2\/users\/12"}],"replies":[{"embeddable":true,"href":"https:\/\/wi.pb.edu.pl\/bialjam\/wp-json\/wp\/v2\/comments?post=380"}],"version-history":[{"count":16,"href":"https:\/\/wi.pb.edu.pl\/bialjam\/wp-json\/wp\/v2\/pages\/380\/revisions"}],"predecessor-version":[{"id":839,"href":"https:\/\/wi.pb.edu.pl\/bialjam\/wp-json\/wp\/v2\/pages\/380\/revisions\/839"}],"wp:attachment":[{"href":"https:\/\/wi.pb.edu.pl\/bialjam\/wp-json\/wp\/v2\/media?parent=380"}],"curies":[{"name":"wp","href":"https:\/\/api.w.org\/{rel}","templated":true}]}}