{"id":459,"date":"2024-12-23T14:35:31","date_gmt":"2024-12-23T13:35:31","guid":{"rendered":"https:\/\/wi.pb.edu.pl\/bialjam\/?page_id=459"},"modified":"2024-12-28T21:26:38","modified_gmt":"2024-12-28T20:26:38","slug":"bialjam-2015","status":"publish","type":"page","link":"https:\/\/wi.pb.edu.pl\/bialjam\/bialjam-2015\/","title":{"rendered":"BialJam 2015"},"content":{"rendered":"<br \/>\n<h4 class=\"wp-block-heading\"><a href=\"https:\/\/bialjam.wi.pb.edu.pl\/gry\/#bialjam2015\">Spis gier<\/a><\/h4>\n<h4 class=\"wp-block-heading\"><a href=\"http:\/\/bialjam.github.io\/2015\/\">Gry on-line<\/a><\/h4>\n<h6 class=\"wp-block-heading\">Wpisy (<a href=\"https:\/\/bialjam.wi.pb.edu.pl\/category\/2015\/\">tag 2015<\/a>)<\/h6>\n<hr class=\"wp-block-separator has-alpha-channel-opacity\">\n<p>Temat przewodni:&nbsp;<strong>#YOLT You Only Live Twice<\/strong><\/p>\n<hr class=\"wp-block-separator has-alpha-channel-opacity\">\n<h6 class=\"wp-block-heading\">Prelegenci:<\/h6>\n<p><strong>Rafa\u0142 Waniek, Pawe\u0142 Mierzy\u0144ski (Evermotion)<\/strong> \u2013 \u201eEvermotion jest producentem najwy\u017cszej jako\u015bci modeli 3D wspomagaj\u0105cych tworzenie wizualizacji. Rozwijane przez nas produkty pomagaj\u0105 artystom 3d przyspieszaj\u0105c ich prac\u0119 i podnosz\u0105c jej jako\u015b\u0107. Jeste\u015bmy tw\u00f3rc\u0105 jednej z najwi\u0119kszych bibliotek modeli 3d, kt\u00f3ra charakteryzuje si\u0119 bardzo wysok\u0105 jako\u015bci\u0105 i estetyk\u0105 wykonania. Marki naszych produkt\u00f3w s\u0105 szeroko znane i doceniane w \u015brodowisku grafik\u00f3w i wizualizator\u00f3w 3d na ca\u0142ym \u015bwiecie. Kolekcje Archmodels dostarczaj\u0105 wysokiej jako\u015bci modeli 3d, kolekcje Archinteriors i Archexteriors zawieraj\u0105 fotorealistyczne sceny wn\u0119trz budynk\u00f3w i wizualizacje zewn\u0119trzne. Poza tworzeniem modeli i scen Evermotion opracowuje r\u00f3wnie\u017c tutoriale i dzieli si\u0119 swoj\u0105 wiedz\u0105 z zakresu grafiki 3d na portalu <a>evermotion.org<\/a>. Wsp\u00f3\u0142pracujemy z wieloma studiami z ca\u0142ego swiata miedzy innymi australijskim studiem plasticwax kt\u00f3re specjalizuje sie w tworzeniu cinematik\u00f3w do gier.\u201d<br \/><a href=\"http:\/\/youtu.be\/_cwWW8Gi9r4\"><\/a><a href=\"http:\/\/youtu.be\/j2Xr3UzziFU\">Nagranie<\/a><\/p>\n<p><strong>Daniel Sadowski (Nitreal Games)<\/strong> \u2013 Wsp\u00f3\u0142w\u0142a\u015bciciel studia Nitreal Games, gdzie pe\u0142ni rol\u0119 Creative Director\u2019a. W bran\u017cy od 8 lat. Profesjonanie zaczyna\u0142 w CD Projekt RED, gdzie pracowa\u0142 jako programista silnika\/3D nad grami Wied\u017amin, Wied\u017amin: Enhanced Edition oraz wczesnym prototypem Wied\u017amina 2. Od 2009 roku tworzy pod szyldem Nitreal Games jako producent, designer i scenarzysta oraz okazjonalnie jako programista. Wsp\u00f3\u0142tworzy\u0142 seri\u0119 promocyjnych gier dla miast: seri\u0119 Misja: Bielany, gry Pogo\u0144 w Czasie oraz Legionowska Rozgrywka; oraz komercyjn\u0105 seri\u0119 gier z gatunku casual time management: Gardens Inc., kt\u00f3rej trzecia cz\u0119\u015b\u0107 ukaza\u0142a si\u0119 pod koniec roku 2014. Obecnie pracuje nad \u201eTitan Storm\u201d \u2013 endlessem na mobile, portami Gardens Inc. na rynki mobile oraz kilkoma nowymi, nieujawnionymi grami na rynek casual. Opr\u00f3cz tego: wyk\u0142adowca i prowadz\u0105cy na specjalizacji Programowanie Gier na Polsko-Japo\u0144skiej Akademii Technik Komputerowych.<br \/><a href=\"http:\/\/youtu.be\/_cwWW8Gi9r4\">Nagranie<\/a><\/p>\n<p><strong>Tomasz Grochowiak (MoaCube)<\/strong> \u2013 Indie developer i wsp\u00f3\u0142za\u0142o\u017cyciel studia MoaCube. Tw\u00f3rca Cinders, Solstice i Bonfire. Zawodowo grami zajmuje si\u0119 ju\u017c od 8 lat. Rozpoczyna\u0142 jako p\u00f3\u0142-amator, wydaj\u0105c samodzielnie sw\u00f3j pierwszy tytu\u0142 \u2013 Magi. Potem przez 4 lata pracowa\u0142 w bran\u017cy \u2013 najpierw jako tester Wied\u017amina w CDProjekt RED, p\u00f3\u017aniej lead designer \/ project manager w Codeminion. Obecnie w\u0142a\u015bciciel i wspoza\u0142o\u017cyciel niezale\u017cnego studia MoaCube. Technicznie rz\u0119cz bior\u0105c designer, w praktyce cz\u0142owiek od wszystkiego.<br \/><a href=\"http:\/\/youtu.be\/GJEkBmUHbMo\">Nagranie<\/a><\/p>\n<p><strong>Maciej Mi\u0105sik (Pixel Crow)<\/strong>&nbsp;\u2013 Weteran polskiej bran\u017cy gier komputerowych. Tworzeniem gier zajmuje si\u0119 od pocz\u0105tku lat 90-tych ubieg\u0142ego wieku. Jego pierwsze gry to popularne w tamtych czasach Electro Man (u nas znany jako Electro Body) \u2013 rzekomo pierwsza profesjonalnie wyprodukowana w Polsce gra, Heartlight, Robbo, a tak\u017ce Fire Fight \u2013 pierwsza polska gra wydana przez Electronic Arts. P\u00f3\u017aniej pracowa\u0142 nad takimi znanymi grami jak Sentinel: Descendants in Time, Treasure Island, Reah: Face The Unknown czy nad seri\u0105 gier przygodowych Schizm. W latach 2005 \u2013 2010 pracowa\u0142 nad pierwszym Wied\u017aminem jako kierownik produkcji, a nast\u0119pnie nad Wied\u017aminem 2 jako producent ud\u017awi\u0119kowienia. W ostatnich latach zajmuje si\u0119 g\u0142\u00f3wnie edukacj\u0105 w obszarze produkcji gier komputerowych. Jest obecnym dyrektorem programowym kursu Game Dev School i by\u0142ym digitalfrontier.pl, wyk\u0142ada tak\u017ce projektowanie gier na Polsko-Japo\u0144skiej Akademii Technik Komputerowych oraz specyfik\u0119 produkcji gier w Warszawskiej Szkole Filmowej. W wolnym czasie prowadzi sw\u00f3j w\u0142asny blog miasik.net oraz pracuje nad nowym tajnym projektem w swoim nowym niezale\u017cnym studiu Pixel Crow.<br \/><a href=\"http:\/\/youtu.be\/ZgrvhslkUaw\">Nagranie<\/a><\/p>\n<hr class=\"wp-block-separator has-alpha-channel-opacity\">\n<h6 class=\"wp-block-heading\">Zwyci\u0119zcy:<\/h6>\n<p><strong>I MIEJSCE<\/strong>&nbsp;\u2013 dru\u017cyna <strong><strong>Szanowne Oszo\u0142omy<\/strong><\/strong> (\u0141ukasz Siewiorek i Krzysztof Siewiorek) z gr\u0105 <strong><strong>MARAMBILI<\/strong><\/strong><\/p>\n<p><strong>II MIEJSCE<\/strong>&nbsp;\u2013 dru\u017cyna <strong><strong>Psycho Limb<\/strong><\/strong> (Krzysztof&nbsp;Pachulski i Dominik Zgutka) z gr\u0105 <strong>NecroClassicism<\/strong><\/p>\n<p><strong>III MIEJSCE<\/strong>&nbsp;\u2013 dru\u017cyna <strong>M&amp;M<\/strong> (Marta Zajkowska i Micha\u0142 Jadczuk) z gr\u0105 <strong><strong>#YOLT<\/strong><\/strong><\/p>\n<p><strong>IV MIEJSCE<\/strong> \u2013 dru\u017cyna <strong>lilKriT<\/strong> (Piotr Filipiak) z gr\u0105 <strong><strong>#YOLT<\/strong><\/strong><\/p>\n<hr class=\"wp-block-separator has-alpha-channel-opacity\">\n<h6 class=\"wp-block-heading\">Organizatorzy:<\/h6>\n<ul>\n<li>Studenci&nbsp;<em>Wydzia\u0142u Informatyki<\/em>:&nbsp;\n<ul>\n<li><strong>Maciej Szczerba, \u0141ukasz \u015awiderski, \u0141ukasz Wysk<\/strong>.<\/li>\n<\/ul>\n<\/li>\n<li>Pracownicy&nbsp;<em>Politechniki Bia\u0142ostockiej<\/em>:&nbsp;\n<ul>\n<li><strong>dr Dorota Mozyrska, dr in\u017c. Marcin Skoczylas<\/strong><\/li>\n<\/ul>\n<\/li>\n<\/ul>\n<hr class=\"wp-block-separator has-alpha-channel-opacity\">\n<div class=\"container-homePage text-center\">\n<div style=\"text-align: center\">\n<h2>Partnerzy<\/h2>\n<\/p><\/div>\n<ul class=\"clients-bar-wrapper\">\n<li class=\"clients-bar-item\"><a href=\"https:\/\/www.bialystok.pl\/\" target=\"_blank\"><img decoding=\"async\" src=\"https:\/\/wi.pb.edu.pl\/bialjam\/wp-content\/uploads\/sites\/8\/2024\/12\/bialystok-150x150.png\" alt=\"\"><\/a><\/li>\n<li class=\"clients-bar-item\"><a href=\"https:\/\/www.facebook.com\/EXPBarBialystok\" target=\"_blank\"><img decoding=\"async\" src=\"https:\/\/wi.pb.edu.pl\/bialjam\/wp-content\/uploads\/sites\/8\/2024\/12\/expbar-150x150.png\" alt=\"\"><\/a><\/li>\n<li class=\"clients-bar-item\"><a href=\"https:\/\/www.qburst.com\/en-de\/\" target=\"_blank\"><img decoding=\"async\" src=\"https:\/\/wi.pb.edu.pl\/bialjam\/wp-content\/uploads\/sites\/8\/2024\/12\/qburst-150x150.png\" alt=\"\"><\/a><\/li>\n<li class=\"clients-bar-item\"><a href=\"http:\/\/codingfingers.com\/\" target=\"_blank\"><img decoding=\"async\" src=\"https:\/\/wi.pb.edu.pl\/bialjam\/wp-content\/uploads\/sites\/8\/2024\/12\/codingfingers-150x150.png\" alt=\"\"><\/a><\/li>\n<li class=\"clients-bar-item\"><a href=\"http:\/\/www.bulaispola.com\/\" target=\"_blank\"><img decoding=\"async\" src=\"https:\/\/wi.pb.edu.pl\/bialjam\/wp-content\/uploads\/sites\/8\/2024\/12\/bulaispola-150x150.png\" alt=\"\"><\/a><\/li>\n<\/ul>\n<\/div>\n<hr class=\"wp-block-separator has-alpha-channel-opacity\">\n<div class=\"container-homePage text-center\">\n<div style=\"text-align: center\">\n<h2>Organizatorzy<\/h2>\n<\/p><\/div>\n<ul class=\"clients-bar-wrapper\">\n<li class=\"clients-bar-item\"><a href=\"https:\/\/wi.pb.edu.pl\/\" target=\"_blank\"><img decoding=\"async\" src=\"https:\/\/wi.pb.edu.pl\/bialjam\/wp-content\/uploads\/sites\/8\/2024\/12\/wi-150x150.png\" alt=\"\"><\/a><\/li>\n<li class=\"clients-bar-item\"><a href=\"https:\/\/pb.edu.pl\/\" target=\"_blank\"><img decoding=\"async\" src=\"https:\/\/wi.pb.edu.pl\/bialjam\/wp-content\/uploads\/sites\/8\/2024\/12\/pb-150x150.png\" alt=\"\"><\/a><\/li>\n<\/ul>\n<\/div>\n","protected":false},"excerpt":{"rendered":"<p>Spis gier Gry on-line Wpisy (tag 2015) Temat przewodni:&nbsp;#YOLT You Only Live Twice Prelegenci: Rafa\u0142<a class=\"read-more\" href=\"https:\/\/wi.pb.edu.pl\/bialjam\/bialjam-2015\/\" title=\"Poka\u017c artyku\u0142 BialJam 2015\">wi\u0119cej<\/a><\/p>\n","protected":false},"author":12,"featured_media":0,"parent":0,"menu_order":0,"comment_status":"closed","ping_status":"closed","template":"","meta":{"inline_featured_image":false,"ngg_post_thumbnail":0,"footnotes":""},"class_list":["post-459","page","type-page","status-publish","hentry"],"acf":[],"yoast_head":"<!-- This site is optimized with the Yoast SEO plugin v26.4 - https:\/\/yoast.com\/wordpress\/plugins\/seo\/ -->\n<title>BialJam 2015 - BialJam<\/title>\n<meta name=\"robots\" content=\"index, follow, max-snippet:-1, max-image-preview:large, max-video-preview:-1\" \/>\n<link rel=\"canonical\" href=\"https:\/\/wi.pb.edu.pl\/bialjam\/bialjam-2015\/\" \/>\n<meta property=\"og:locale\" content=\"pl_PL\" \/>\n<meta property=\"og:type\" content=\"article\" \/>\n<meta property=\"og:title\" content=\"BialJam 2015 - BialJam\" \/>\n<meta property=\"og:description\" content=\"Spis gier Gry on-line Wpisy (tag 2015) Temat przewodni:&nbsp;#YOLT You Only Live Twice Prelegenci: Rafa\u0142wi\u0119cej\" \/>\n<meta property=\"og:url\" content=\"https:\/\/wi.pb.edu.pl\/bialjam\/bialjam-2015\/\" \/>\n<meta property=\"og:site_name\" content=\"BialJam\" \/>\n<meta property=\"article:modified_time\" content=\"2024-12-28T20:26:38+00:00\" \/>\n<meta property=\"og:image\" content=\"https:\/\/wi.pb.edu.pl\/bialjam\/wp-content\/uploads\/sites\/8\/2024\/12\/bialystok-150x150.png\" \/>\n<meta name=\"twitter:card\" content=\"summary_large_image\" \/>\n<meta name=\"twitter:label1\" content=\"Szacowany czas czytania\" \/>\n\t<meta name=\"twitter:data1\" content=\"6 minut\" \/>\n<script type=\"application\/ld+json\" class=\"yoast-schema-graph\">{\"@context\":\"https:\/\/schema.org\",\"@graph\":[{\"@type\":\"WebPage\",\"@id\":\"https:\/\/wi.pb.edu.pl\/bialjam\/bialjam-2015\/\",\"url\":\"https:\/\/wi.pb.edu.pl\/bialjam\/bialjam-2015\/\",\"name\":\"BialJam 2015 - BialJam\",\"isPartOf\":{\"@id\":\"https:\/\/wi.pb.edu.pl\/bialjam\/#website\"},\"primaryImageOfPage\":{\"@id\":\"https:\/\/wi.pb.edu.pl\/bialjam\/bialjam-2015\/#primaryimage\"},\"image\":{\"@id\":\"https:\/\/wi.pb.edu.pl\/bialjam\/bialjam-2015\/#primaryimage\"},\"thumbnailUrl\":\"https:\/\/wi.pb.edu.pl\/bialjam\/wp-content\/uploads\/sites\/8\/2024\/12\/bialystok-150x150.png\",\"datePublished\":\"2024-12-23T13:35:31+00:00\",\"dateModified\":\"2024-12-28T20:26:38+00:00\",\"breadcrumb\":{\"@id\":\"https:\/\/wi.pb.edu.pl\/bialjam\/bialjam-2015\/#breadcrumb\"},\"inLanguage\":\"pl-PL\",\"potentialAction\":[{\"@type\":\"ReadAction\",\"target\":[\"https:\/\/wi.pb.edu.pl\/bialjam\/bialjam-2015\/\"]}]},{\"@type\":\"ImageObject\",\"inLanguage\":\"pl-PL\",\"@id\":\"https:\/\/wi.pb.edu.pl\/bialjam\/bialjam-2015\/#primaryimage\",\"url\":\"https:\/\/wi.pb.edu.pl\/bialjam\/wp-content\/uploads\/sites\/8\/2024\/12\/bialystok.png\",\"contentUrl\":\"https:\/\/wi.pb.edu.pl\/bialjam\/wp-content\/uploads\/sites\/8\/2024\/12\/bialystok.png\",\"width\":300,\"height\":300},{\"@type\":\"BreadcrumbList\",\"@id\":\"https:\/\/wi.pb.edu.pl\/bialjam\/bialjam-2015\/#breadcrumb\",\"itemListElement\":[{\"@type\":\"ListItem\",\"position\":1,\"name\":\"Strona g\u0142\u00f3wna\",\"item\":\"https:\/\/wi.pb.edu.pl\/bialjam\/\"},{\"@type\":\"ListItem\",\"position\":2,\"name\":\"BialJam 2015\"}]},{\"@type\":\"WebSite\",\"@id\":\"https:\/\/wi.pb.edu.pl\/bialjam\/#website\",\"url\":\"https:\/\/wi.pb.edu.pl\/bialjam\/\",\"name\":\"BialJam\",\"description\":\"Bia\u0142ostocki Konkurs Tworzenia Gier \",\"potentialAction\":[{\"@type\":\"SearchAction\",\"target\":{\"@type\":\"EntryPoint\",\"urlTemplate\":\"https:\/\/wi.pb.edu.pl\/bialjam\/?s={search_term_string}\"},\"query-input\":{\"@type\":\"PropertyValueSpecification\",\"valueRequired\":true,\"valueName\":\"search_term_string\"}}],\"inLanguage\":\"pl-PL\"}]}<\/script>\n<!-- \/ Yoast SEO plugin. -->","yoast_head_json":{"title":"BialJam 2015 - BialJam","robots":{"index":"index","follow":"follow","max-snippet":"max-snippet:-1","max-image-preview":"max-image-preview:large","max-video-preview":"max-video-preview:-1"},"canonical":"https:\/\/wi.pb.edu.pl\/bialjam\/bialjam-2015\/","og_locale":"pl_PL","og_type":"article","og_title":"BialJam 2015 - BialJam","og_description":"Spis gier Gry on-line Wpisy (tag 2015) Temat przewodni:&nbsp;#YOLT You Only Live Twice Prelegenci: Rafa\u0142wi\u0119cej","og_url":"https:\/\/wi.pb.edu.pl\/bialjam\/bialjam-2015\/","og_site_name":"BialJam","article_modified_time":"2024-12-28T20:26:38+00:00","og_image":[{"url":"https:\/\/wi.pb.edu.pl\/bialjam\/wp-content\/uploads\/sites\/8\/2024\/12\/bialystok-150x150.png","type":"","width":"","height":""}],"twitter_card":"summary_large_image","twitter_misc":{"Szacowany czas czytania":"6 minut"},"schema":{"@context":"https:\/\/schema.org","@graph":[{"@type":"WebPage","@id":"https:\/\/wi.pb.edu.pl\/bialjam\/bialjam-2015\/","url":"https:\/\/wi.pb.edu.pl\/bialjam\/bialjam-2015\/","name":"BialJam 2015 - BialJam","isPartOf":{"@id":"https:\/\/wi.pb.edu.pl\/bialjam\/#website"},"primaryImageOfPage":{"@id":"https:\/\/wi.pb.edu.pl\/bialjam\/bialjam-2015\/#primaryimage"},"image":{"@id":"https:\/\/wi.pb.edu.pl\/bialjam\/bialjam-2015\/#primaryimage"},"thumbnailUrl":"https:\/\/wi.pb.edu.pl\/bialjam\/wp-content\/uploads\/sites\/8\/2024\/12\/bialystok-150x150.png","datePublished":"2024-12-23T13:35:31+00:00","dateModified":"2024-12-28T20:26:38+00:00","breadcrumb":{"@id":"https:\/\/wi.pb.edu.pl\/bialjam\/bialjam-2015\/#breadcrumb"},"inLanguage":"pl-PL","potentialAction":[{"@type":"ReadAction","target":["https:\/\/wi.pb.edu.pl\/bialjam\/bialjam-2015\/"]}]},{"@type":"ImageObject","inLanguage":"pl-PL","@id":"https:\/\/wi.pb.edu.pl\/bialjam\/bialjam-2015\/#primaryimage","url":"https:\/\/wi.pb.edu.pl\/bialjam\/wp-content\/uploads\/sites\/8\/2024\/12\/bialystok.png","contentUrl":"https:\/\/wi.pb.edu.pl\/bialjam\/wp-content\/uploads\/sites\/8\/2024\/12\/bialystok.png","width":300,"height":300},{"@type":"BreadcrumbList","@id":"https:\/\/wi.pb.edu.pl\/bialjam\/bialjam-2015\/#breadcrumb","itemListElement":[{"@type":"ListItem","position":1,"name":"Strona g\u0142\u00f3wna","item":"https:\/\/wi.pb.edu.pl\/bialjam\/"},{"@type":"ListItem","position":2,"name":"BialJam 2015"}]},{"@type":"WebSite","@id":"https:\/\/wi.pb.edu.pl\/bialjam\/#website","url":"https:\/\/wi.pb.edu.pl\/bialjam\/","name":"BialJam","description":"Bia\u0142ostocki Konkurs Tworzenia Gier ","potentialAction":[{"@type":"SearchAction","target":{"@type":"EntryPoint","urlTemplate":"https:\/\/wi.pb.edu.pl\/bialjam\/?s={search_term_string}"},"query-input":{"@type":"PropertyValueSpecification","valueRequired":true,"valueName":"search_term_string"}}],"inLanguage":"pl-PL"}]}},"_links":{"self":[{"href":"https:\/\/wi.pb.edu.pl\/bialjam\/wp-json\/wp\/v2\/pages\/459","targetHints":{"allow":["GET"]}}],"collection":[{"href":"https:\/\/wi.pb.edu.pl\/bialjam\/wp-json\/wp\/v2\/pages"}],"about":[{"href":"https:\/\/wi.pb.edu.pl\/bialjam\/wp-json\/wp\/v2\/types\/page"}],"author":[{"embeddable":true,"href":"https:\/\/wi.pb.edu.pl\/bialjam\/wp-json\/wp\/v2\/users\/12"}],"replies":[{"embeddable":true,"href":"https:\/\/wi.pb.edu.pl\/bialjam\/wp-json\/wp\/v2\/comments?post=459"}],"version-history":[{"count":4,"href":"https:\/\/wi.pb.edu.pl\/bialjam\/wp-json\/wp\/v2\/pages\/459\/revisions"}],"predecessor-version":[{"id":474,"href":"https:\/\/wi.pb.edu.pl\/bialjam\/wp-json\/wp\/v2\/pages\/459\/revisions\/474"}],"wp:attachment":[{"href":"https:\/\/wi.pb.edu.pl\/bialjam\/wp-json\/wp\/v2\/media?parent=459"}],"curies":[{"name":"wp","href":"https:\/\/api.w.org\/{rel}","templated":true}]}}