{"id":56,"date":"2024-01-28T21:50:55","date_gmt":"2024-01-28T20:50:55","guid":{"rendered":"https:\/\/wi.pb.edu.pl\/bialjam\/?page_id=56"},"modified":"2025-04-15T00:32:32","modified_gmt":"2025-04-14T22:32:32","slug":"aktualnosci","status":"publish","type":"page","link":"https:\/\/wi.pb.edu.pl\/bialjam\/aktualnosci\/","title":{"rendered":"Aktualno\u015bci"},"content":{"rendered":"  <div class=\"box news-box\">\r\n    <div class=\"row\">\r\n      <!--Array\n(\n    [post_type] => post\n    [paged] => 1\n    [orderby] => Array\n        (\n            [meta_value_num] => DESC\n            [date] => DESC\n        )\n\n    [meta_query] => Array\n        (\n            [relation] => OR\n            [0] => Array\n                (\n                    [key] => on_top\n                    [compare] => NOT EXISTS\n                )\n\n            [1] => Array\n                (\n                    [key] => on_top\n                )\n\n        )\n\n)\n-->\r\n                        <div class=\"col-sm-3\">\r\n            <article class=\"format-standard\">\n    <span class=\"date text-right\"><i class=\"fa fa-calendar\"><\/i> 26-05-2024<\/span>\n    <a href=\"https:\/\/wi.pb.edu.pl\/bialjam\/2024\/05\/26\/harmonogram-2024\/\">\n      <div class=\"article-image\">\n              <\/div>\n      <h3>Harmonogram 2024<\/h3>\n          <\/a>\n<\/article>          <\/div>\r\n                  <div class=\"col-sm-3\">\r\n            <article class=\"format-standard\">\n    <span class=\"date text-right\"><i class=\"fa fa-calendar\"><\/i> 01-05-2024<\/span>\n    <a href=\"https:\/\/wi.pb.edu.pl\/bialjam\/2024\/05\/01\/rejestracja-2024\/\">\n      <div class=\"article-image\">\n              <\/div>\n      <h3>Rejestracja 2024<\/h3>\n      Sta\u0142o si\u0119! Rejestracja na BialJam wystartowa\u0142a! Po raz 8 zapraszamy mi\u0142o\u015bnik\u00f3w    <\/a>\n<\/article>          <\/div>\r\n                  <div class=\"col-sm-3\">\r\n            <article class=\"format-standard\">\n    <span class=\"date text-right\"><i class=\"fa fa-calendar\"><\/i> 21-02-2024<\/span>\n    <a href=\"https:\/\/wi.pb.edu.pl\/bialjam\/2024\/02\/21\/hello-world\/\">\n      <div class=\"article-image\">\n              <\/div>\n      <h3>Hello World<\/h3>\n      Cze\u015b\u0107, u nas wszystko dobrze. Na tyle dobrze, \u017ce przychodzimy z    <\/a>\n<\/article>          <\/div>\r\n                  <div class=\"col-sm-3\">\r\n            <article class=\"format-standard\">\n    <span class=\"date text-right\"><i class=\"fa fa-calendar\"><\/i> 07-06-2023<\/span>\n    <a href=\"https:\/\/wi.pb.edu.pl\/bialjam\/2023\/06\/07\/harmonogram-2023\/\">\n      <div class=\"article-image\">\n              <\/div>\n      <h3>Harmonogram 2023<\/h3>\n      Hej, podajemy harmonogram tegorocznej edycji: 9 czerwiec (pi\u0105tek) 10:00-12:00 &#8211; Rejestracja    <\/a>\n<\/article>          <\/div>\r\n                  <div class=\"col-sm-3\">\r\n            <article class=\"format-standard\">\n    <span class=\"date text-right\"><i class=\"fa fa-calendar\"><\/i> 09-05-2023<\/span>\n    <a href=\"https:\/\/wi.pb.edu.pl\/bialjam\/2023\/05\/09\/rejestracja-2023\/\">\n      <div class=\"article-image\">\n              <\/div>\n      <h3>Rejestracja 2023<\/h3>\n      Sta\u0142o si\u0119! Rejestracja na BialJam wystartowa\u0142a. Po raz 7 zapraszamy mi\u0142o\u015bnik\u00f3w    <\/a>\n<\/article>          <\/div>\r\n                  <div class=\"col-sm-3\">\r\n            <article class=\"format-standard\">\n    <span class=\"date text-right\"><i class=\"fa fa-calendar\"><\/i> 05-05-2023<\/span>\n    <a href=\"https:\/\/wi.pb.edu.pl\/bialjam\/2023\/05\/05\/bialjam-2023-nadchodzi\/\">\n      <div class=\"article-image\">\n              <\/div>\n      <h3>BialJam 2023 &#8211; Nadchodzi<\/h3>\n      Najwi\u0119kszy hackathon po\u015bwi\u0119cony tworzeniu gier na Podlasiu, 48h szalonej zabawy, \u015bwietny    <\/a>\n<\/article>          <\/div>\r\n                  <div class=\"col-sm-3\">\r\n            <article class=\"format-standard\">\n    <span class=\"date text-right\"><i class=\"fa fa-calendar\"><\/i> 20-06-2022<\/span>\n    <a href=\"https:\/\/wi.pb.edu.pl\/bialjam\/2022\/06\/20\/harmonogram-2022\/\">\n      <div class=\"article-image\">\n              <\/div>\n      <h3>Harmonogram 2022<\/h3>\n      Hej, podajemy harmonogram tegorocznej edycji: 1 lipiec (pi\u0105tek) 11:00-12:00 &#8211; Rejestracja    <\/a>\n<\/article>          <\/div>\r\n                  <div class=\"col-sm-3\">\r\n            <article class=\"format-standard\">\n    <span class=\"date text-right\"><i class=\"fa fa-calendar\"><\/i> 24-05-2022<\/span>\n    <a href=\"https:\/\/wi.pb.edu.pl\/bialjam\/2022\/05\/24\/bialjam-2022-reaktywacja\/\">\n      <div class=\"article-image\">\n              <\/div>\n      <h3>BialJam 2022 &#8211; reaktywacja<\/h3>\n      BialJam powraca! Po 2 latach covidowej nieobecno\u015bci, najwiekszy GameJam na Podlasiu    <\/a>\n<\/article>          <\/div>\r\n                  <div class=\"col-sm-3\">\r\n            <article class=\"format-standard\">\n    <span class=\"date text-right\"><i class=\"fa fa-calendar\"><\/i> 09-07-2019<\/span>\n    <a href=\"https:\/\/wi.pb.edu.pl\/bialjam\/2019\/07\/09\/podsumowanie-edycji-2019\/\">\n      <div class=\"article-image\">\n              <\/div>\n      <h3>Podsumowanie edycji 2019<\/h3>\n      BialJam 2019 za nami! Dok\u0142adnie\u00a0miesi\u0105c temu uczestnicy naszego gamejamu zmagali si\u0119    <\/a>\n<\/article>          <\/div>\r\n                  <div class=\"col-sm-3\">\r\n            <article class=\"format-standard\">\n    <span class=\"date text-right\"><i class=\"fa fa-calendar\"><\/i> 21-05-2019<\/span>\n    <a href=\"https:\/\/wi.pb.edu.pl\/bialjam\/2019\/05\/21\/rejestracja-2019\/\">\n      <div class=\"article-image\">\n              <\/div>\n      <h3>Rejestracja 2019<\/h3>\n      UWAGA!!! Zosta\u0142o ju\u017c tylko kilka wolnych miejsc, wi\u0119c je\u015bli jeszcze nie    <\/a>\n<\/article>          <\/div>\r\n                  <\/div>\r\n    \n\t<nav class=\"navigation pagination\" aria-label=\"Stronicowanie wpis\u00f3w\">\n\t\t<h2 class=\"screen-reader-text\">Stronicowanie wpis\u00f3w<\/h2>\n\t\t<div class=\"nav-links\"><span aria-current=\"page\" class=\"page-numbers current\">1<\/span>\n<a class=\"page-numbers\" href=\"https:\/\/wi.pb.edu.pl\/bialjam\/wp-json\/wp\/v2\/pages\/56\/page\/2\/\">2<\/a>\n<a class=\"page-numbers\" href=\"https:\/\/wi.pb.edu.pl\/bialjam\/wp-json\/wp\/v2\/pages\/56\/page\/3\/\">3<\/a>\n<a class=\"page-numbers\" href=\"https:\/\/wi.pb.edu.pl\/bialjam\/wp-json\/wp\/v2\/pages\/56\/page\/4\/\">4<\/a>\n<a class=\"next page-numbers\" href=\"https:\/\/wi.pb.edu.pl\/bialjam\/wp-json\/wp\/v2\/pages\/56\/page\/2\/\">Nast\u0119pne<\/a><\/div>\n\t<\/nav>      <\/div>\r\n\n","protected":false},"excerpt":{"rendered":"","protected":false},"author":2,"featured_media":0,"parent":0,"menu_order":7,"comment_status":"closed","ping_status":"closed","template":"","meta":{"inline_featured_image":false,"ngg_post_thumbnail":0,"footnotes":""},"class_list":["post-56","page","type-page","status-publish","hentry"],"acf":[],"yoast_head":"<!-- This site is optimized with the Yoast SEO plugin v26.4 - https:\/\/yoast.com\/wordpress\/plugins\/seo\/ -->\n<title>Aktualno\u015bci - BialJam<\/title>\n<meta name=\"robots\" content=\"index, follow, max-snippet:-1, max-image-preview:large, max-video-preview:-1\" \/>\n<link rel=\"canonical\" href=\"https:\/\/wi.pb.edu.pl\/bialjam\/aktualnosci\/\" \/>\n<meta property=\"og:locale\" content=\"pl_PL\" \/>\n<meta property=\"og:type\" content=\"article\" \/>\n<meta property=\"og:title\" content=\"Aktualno\u015bci - BialJam\" \/>\n<meta property=\"og:url\" content=\"https:\/\/wi.pb.edu.pl\/bialjam\/aktualnosci\/\" \/>\n<meta property=\"og:site_name\" content=\"BialJam\" \/>\n<meta property=\"article:modified_time\" content=\"2025-04-14T22:32:32+00:00\" \/>\n<meta name=\"twitter:card\" content=\"summary_large_image\" \/>\n<meta name=\"twitter:label1\" content=\"Szacowany czas czytania\" \/>\n\t<meta name=\"twitter:data1\" content=\"1 minuta\" \/>\n<script type=\"application\/ld+json\" class=\"yoast-schema-graph\">{\"@context\":\"https:\/\/schema.org\",\"@graph\":[{\"@type\":\"WebPage\",\"@id\":\"https:\/\/wi.pb.edu.pl\/bialjam\/aktualnosci\/\",\"url\":\"https:\/\/wi.pb.edu.pl\/bialjam\/aktualnosci\/\",\"name\":\"Aktualno\u015bci - BialJam\",\"isPartOf\":{\"@id\":\"https:\/\/wi.pb.edu.pl\/bialjam\/#website\"},\"datePublished\":\"2024-01-28T20:50:55+00:00\",\"dateModified\":\"2025-04-14T22:32:32+00:00\",\"breadcrumb\":{\"@id\":\"https:\/\/wi.pb.edu.pl\/bialjam\/aktualnosci\/#breadcrumb\"},\"inLanguage\":\"pl-PL\",\"potentialAction\":[{\"@type\":\"ReadAction\",\"target\":[\"https:\/\/wi.pb.edu.pl\/bialjam\/aktualnosci\/\"]}]},{\"@type\":\"BreadcrumbList\",\"@id\":\"https:\/\/wi.pb.edu.pl\/bialjam\/aktualnosci\/#breadcrumb\",\"itemListElement\":[{\"@type\":\"ListItem\",\"position\":1,\"name\":\"Strona g\u0142\u00f3wna\",\"item\":\"https:\/\/wi.pb.edu.pl\/bialjam\/\"},{\"@type\":\"ListItem\",\"position\":2,\"name\":\"Aktualno\u015bci\"}]},{\"@type\":\"WebSite\",\"@id\":\"https:\/\/wi.pb.edu.pl\/bialjam\/#website\",\"url\":\"https:\/\/wi.pb.edu.pl\/bialjam\/\",\"name\":\"BialJam\",\"description\":\"Bia\u0142ostocki Konkurs Tworzenia Gier \",\"potentialAction\":[{\"@type\":\"SearchAction\",\"target\":{\"@type\":\"EntryPoint\",\"urlTemplate\":\"https:\/\/wi.pb.edu.pl\/bialjam\/?s={search_term_string}\"},\"query-input\":{\"@type\":\"PropertyValueSpecification\",\"valueRequired\":true,\"valueName\":\"search_term_string\"}}],\"inLanguage\":\"pl-PL\"}]}<\/script>\n<!-- \/ Yoast SEO plugin. -->","yoast_head_json":{"title":"Aktualno\u015bci - BialJam","robots":{"index":"index","follow":"follow","max-snippet":"max-snippet:-1","max-image-preview":"max-image-preview:large","max-video-preview":"max-video-preview:-1"},"canonical":"https:\/\/wi.pb.edu.pl\/bialjam\/aktualnosci\/","og_locale":"pl_PL","og_type":"article","og_title":"Aktualno\u015bci - BialJam","og_url":"https:\/\/wi.pb.edu.pl\/bialjam\/aktualnosci\/","og_site_name":"BialJam","article_modified_time":"2025-04-14T22:32:32+00:00","twitter_card":"summary_large_image","twitter_misc":{"Szacowany czas czytania":"1 minuta"},"schema":{"@context":"https:\/\/schema.org","@graph":[{"@type":"WebPage","@id":"https:\/\/wi.pb.edu.pl\/bialjam\/aktualnosci\/","url":"https:\/\/wi.pb.edu.pl\/bialjam\/aktualnosci\/","name":"Aktualno\u015bci - BialJam","isPartOf":{"@id":"https:\/\/wi.pb.edu.pl\/bialjam\/#website"},"datePublished":"2024-01-28T20:50:55+00:00","dateModified":"2025-04-14T22:32:32+00:00","breadcrumb":{"@id":"https:\/\/wi.pb.edu.pl\/bialjam\/aktualnosci\/#breadcrumb"},"inLanguage":"pl-PL","potentialAction":[{"@type":"ReadAction","target":["https:\/\/wi.pb.edu.pl\/bialjam\/aktualnosci\/"]}]},{"@type":"BreadcrumbList","@id":"https:\/\/wi.pb.edu.pl\/bialjam\/aktualnosci\/#breadcrumb","itemListElement":[{"@type":"ListItem","position":1,"name":"Strona g\u0142\u00f3wna","item":"https:\/\/wi.pb.edu.pl\/bialjam\/"},{"@type":"ListItem","position":2,"name":"Aktualno\u015bci"}]},{"@type":"WebSite","@id":"https:\/\/wi.pb.edu.pl\/bialjam\/#website","url":"https:\/\/wi.pb.edu.pl\/bialjam\/","name":"BialJam","description":"Bia\u0142ostocki Konkurs Tworzenia Gier ","potentialAction":[{"@type":"SearchAction","target":{"@type":"EntryPoint","urlTemplate":"https:\/\/wi.pb.edu.pl\/bialjam\/?s={search_term_string}"},"query-input":{"@type":"PropertyValueSpecification","valueRequired":true,"valueName":"search_term_string"}}],"inLanguage":"pl-PL"}]}},"_links":{"self":[{"href":"https:\/\/wi.pb.edu.pl\/bialjam\/wp-json\/wp\/v2\/pages\/56","targetHints":{"allow":["GET"]}}],"collection":[{"href":"https:\/\/wi.pb.edu.pl\/bialjam\/wp-json\/wp\/v2\/pages"}],"about":[{"href":"https:\/\/wi.pb.edu.pl\/bialjam\/wp-json\/wp\/v2\/types\/page"}],"author":[{"embeddable":true,"href":"https:\/\/wi.pb.edu.pl\/bialjam\/wp-json\/wp\/v2\/users\/2"}],"replies":[{"embeddable":true,"href":"https:\/\/wi.pb.edu.pl\/bialjam\/wp-json\/wp\/v2\/comments?post=56"}],"version-history":[{"count":3,"href":"https:\/\/wi.pb.edu.pl\/bialjam\/wp-json\/wp\/v2\/pages\/56\/revisions"}],"predecessor-version":[{"id":595,"href":"https:\/\/wi.pb.edu.pl\/bialjam\/wp-json\/wp\/v2\/pages\/56\/revisions\/595"}],"wp:attachment":[{"href":"https:\/\/wi.pb.edu.pl\/bialjam\/wp-json\/wp\/v2\/media?parent=56"}],"curies":[{"name":"wp","href":"https:\/\/api.w.org\/{rel}","templated":true}]}}