{"id":62,"date":"2024-01-29T23:35:34","date_gmt":"2024-01-29T22:35:34","guid":{"rendered":"https:\/\/wi.pb.edu.pl\/bialjam\/?page_id=62"},"modified":"2024-12-30T13:42:41","modified_gmt":"2024-12-30T12:42:41","slug":"bialjam-2024","status":"publish","type":"page","link":"https:\/\/wi.pb.edu.pl\/bialjam\/bialjam-2024\/","title":{"rendered":"BialJam 2024"},"content":{"rendered":"<h4 class=\"wp-block-heading\"><a href=\"https:\/\/itch.io\/jam\/bialjam-2024\" target=\"_blank\" rel=\"noreferrer noopener\" data-type=\"URL\" data-id=\"https:\/\/itch.io\/jam\/bialjam-2023\/feed\">Oficjalne repozytorium itch.io<\/a><\/h4>\n<h4 class=\"wp-block-heading\"><strong>Wpisy (<\/strong><a href=\"https:\/\/bialjam.wi.pb.edu.pl\/category\/2024\/\">tag 2024<\/a><strong>)<\/strong><\/h4>\n<hr class=\"wp-block-separator has-alpha-channel-opacity\">\n<p><strong>Data:<\/strong> 30 maj \u2013 1 czerwiec 2024<\/p>\n<p><strong>Miejsce:<\/strong> Wydzia\u0142 Informatyki Politechniki Bia\u0142ostockiej \u2013 Bia\u0142ystok, Wiejska 45A<\/p>\n<p><strong>Wydarzenie:<\/strong> <strong><a href=\"https:\/\/www.facebook.com\/events\/1155967451964795\" data-type=\"link\" data-id=\"https:\/\/www.facebook.com\/events\/1155967451964795\">GameJam BialJam 2024<\/a><\/strong><\/p>\n<hr class=\"wp-block-separator has-alpha-channel-opacity\">\n<p>Temat przewodni:&nbsp;<span style=\"color: #000080\"><strong>ANOMALIE<\/strong><\/span><\/p>\n<p>Has\u0142o dodatkowe: <span style=\"color: #000080\"><strong>BOBER<\/strong><\/span><\/p>\n<hr class=\"wp-block-separator has-alpha-channel-opacity\">\n<h6 class=\"wp-block-heading\">Prelegent:<\/h6>\n<ul>\n<li><strong>\u0141ukasz Grynasz<\/strong>, &nbsp;<span class=\"html-span xdj266r x11i5rnm xat24cr x1mh8g0r xexx8yu x4uap5 x18d9i69 xkhd6sd x1hl2dhg x16tdsg8 x1vvkbs\"><a class=\"x1i10hfl xjbqb8w x1ejq31n xd10rxx x1sy0etr x17r0tee x972fbf xcfux6l x1qhh985 xm0m39n x9f619 x1ypdohk xt0psk2 xe8uvvx xdj266r x11i5rnm xat24cr x1mh8g0r xexx8yu x4uap5 x18d9i69 xkhd6sd x16tdsg8 x1hl2dhg xggy1nq x1a2a7pz x1sur9pj xkrqix3 xzsf02u x1s688f\" role=\"link\" href=\"https:\/\/rockgame.pl\/\"><span class=\"xt0psk2\">RockGame<\/span><\/a><\/span><\/li>\n<\/ul>\n<hr class=\"wp-block-separator has-alpha-channel-opacity\">\n<h6 class=\"wp-block-heading\">Jury (alfabetycznie):<\/h6>\n<ul>\n<li><strong>Krzysztof D\u0105browski<\/strong> (mBank)<\/li>\n<li><strong>\u0141ukasz Grynasz<\/strong> (RockGame)<\/li>\n<li><strong>Izabela Kartowicz-Stolarska<\/strong><\/li>\n<li><strong>Marcin Skoczylas<\/strong><\/li>\n<li><strong>Krzysztof Szwabowski<\/strong><\/li>\n<li><strong>Adrian Twardowski<\/strong><\/li>\n<\/ul>\n<hr class=\"wp-block-separator has-alpha-channel-opacity\">\n<h6 class=\"wp-block-heading\">Zwyci\u0119zcy:<\/h6>\n<p><span style=\"color: #000080\"><strong>NAGRODA JURY<\/strong><\/span> \u2013 dru\u017cyna \u201e<strong>Chomiki Jeremiasza<\/strong>\u201d (<span data-sheets-root=\"1\">Kamila J. Chmielowiec, Marika Ciupa, Rafa\u0142 Fundowicz, Kacper Bochan, Mateusz Koz\u0142owski<\/span>) z gr\u0105 \u201e<strong>Shadow Mirror<\/strong>\u201e<\/p>\n<p><span style=\"color: #000080\"><strong>NAGRODA PUBLICZNO\u015aCI<\/strong><\/span> \u2013 dru\u017cyna \u201e<strong>Ballers Inc.<\/strong>\u201d (<span data-sheets-root=\"1\">Pawe\u0142 Niewierowski, Bartosz Karolczak, Jan Hapunik, David Brokowski, Maciej Koz\u0142owski<\/span>) z gr\u0105 \u201e<strong>Bober Bowling 2<\/strong>\u201e<\/p>\n<hr class=\"wp-block-separator has-alpha-channel-opacity\">\n<h6 class=\"wp-block-heading\">Wyr\u00f3\u017cnienia:<\/h6>\n<p><span style=\"color: #000080\"><strong>NAJLEPIEJ WYKORZYSTANY TEMAT<\/strong><\/span>&nbsp;<span style=\"color: #000080\"><b>PRZEWODNI <\/b><\/span>\u2013 dru\u017cyna \u201e<strong>Giganci BialJamu<\/strong>\u201d (<span data-sheets-root=\"1\">Mateusz Izdebski, Eryk \u015aliwowski, Micha\u0142 Kossakowski, Jakub Werykowski, Krzysztof Sobolewski<\/span>) z gr\u0105 \u201e<strong>Is Someone Here?<\/strong>\u201e<\/p>\n<p><span style=\"color: #000080\"><b><strong>NAJLEPIEJ WYKORZYSTANY <\/strong>TEMAT DODATKOWY <\/b><\/span>\u2013 dru\u017cyna \u201e<strong>Walk around and find out<\/strong>\u201d (<span data-sheets-root=\"1\">Mateusz Gawlik-Ka\u0142u\u017cny, Kamil Jaworski<\/span>) z gr\u0105 \u201e<strong>Sir, ngl, we are cooked<\/strong>\u201e<\/p>\n<p><span style=\"color: #000080\"><b>GRAFIKA <\/b><\/span>\u2013 dru\u017cyna \u201e<strong>EGID Studio<\/strong>\u201d (<span data-sheets-root=\"1\">Justyna Kry\u015bcio, Szymon Rzosi\u0144ski, Karolina Margielewicz, Jakub Chmielewski, Micha\u0142 Kowalczuk<\/span>) z gr\u0105 \u201e<strong>The Jammers<\/strong>\u201e<\/p>\n<p><span style=\"color: #000080\"><b>AUDIO <\/b><\/span>\u2013 dru\u017cyna \u201e<strong>Kult Bobera<\/strong>\u201d (<span data-sheets-root=\"1\">Katarzyna Do\u0142\u0119ga, Kuba Hapunik, Mateusz Pogrebniak, Natalia Dyszy, Krzysztof Kauza<\/span>) z gr\u0105 \u201e<strong>Cult of the Bobrhulhu<\/strong>\u201e<\/p>\n<p><span style=\"color: #000080\"><b>NAJLEPSZY KLIMAT <\/b><\/span>\u2013 dru\u017cyna \u201e<strong>PolySleep&nbsp;<\/strong>\u201d (<span data-sheets-root=\"1\">Anna \u0141api\u0144ska, Andrzej Brol, Kostiantyn Katkov, Jan Dzi\u0119giel, Daria Ka\u0142owska<\/span>) z gr\u0105 \u201e<strong>HyperSomnia&nbsp;<\/strong>\u201e<\/p>\n<p><span style=\"color: #000080\"><b>RETRO GAMIG SPECIAL <\/b><\/span>\u2013 dru\u017cyna \u201e<strong>Zwickau&nbsp;<\/strong>\u201d (<span data-sheets-root=\"1\">Bogus\u0142aw Krajewski, Miko\u0142aj wysocki, Kapitan Krzysztof \u017bubil<\/span>) z gr\u0105 \u201e<strong>BIAL.ITCH Project<\/strong>\u201e<\/p>\n<p><span style=\"color: #000080\"><b>CLOSE TO METAL SPECIAL <\/b><\/span>\u2013 dru\u017cyna \u201e<strong>Team Blue<\/strong>\u201d (<span data-sheets-root=\"1\">Adam Rogowski, Szymon Sawo\u0144, Bartosz Siemaszkiewicz<\/span>) z gr\u0105 \u201e<strong>Interdimensional Foodtrack Simulator<\/strong>\u201e<\/p>\n<hr class=\"wp-block-separator has-alpha-channel-opacity\">\n<div class=\"container-homePage text-center\">\n<div style=\"text-align: center\">\n<h2>Partnerzy<\/h2>\n<\/div>\n<ul class=\"clients-bar-wrapper\">\n<li class=\"clients-bar-item\"><a href=\"https:\/\/www.bialystok.pl\/\" target=\"_blank\" rel=\"noopener\"><img decoding=\"async\" src=\"https:\/\/wi.pb.edu.pl\/bialjam\/wp-content\/uploads\/sites\/8\/2024\/12\/bialystok-150x150.png\" alt=\"\"><\/a><\/li>\n<li class=\"clients-bar-item\"><a href=\"https:\/\/itwmbanku.pl\/\" target=\"_blank\" rel=\"noopener\"><img decoding=\"async\" src=\"https:\/\/wi.pb.edu.pl\/bialjam\/wp-content\/uploads\/sites\/8\/2024\/12\/mbank-150x150.png\" alt=\"\"><\/a><\/li>\n<li class=\"clients-bar-item\"><a href=\"https:\/\/rockgame.pl\/\" target=\"_blank\" rel=\"noopener\"><img decoding=\"async\" src=\"https:\/\/wi.pb.edu.pl\/bialjam\/wp-content\/uploads\/sites\/8\/2024\/12\/rockgame-150x150.png\" alt=\"\"><\/a><\/li>\n<li class=\"clients-bar-item\"><a href=\"https:\/\/galaktus.pl\/pl\/\" target=\"_blank\" rel=\"noopener\"><img decoding=\"async\" src=\"https:\/\/wi.pb.edu.pl\/bialjam\/wp-content\/uploads\/sites\/8\/2024\/12\/galaktus-150x150.png\" alt=\"\"><\/a><\/li>\n<\/ul>\n<\/div>\n<hr class=\"wp-block-separator has-alpha-channel-opacity\">\n<div class=\"container-homePage text-center\">\n<div style=\"text-align: center\">\n<h2>Patronat medialny<\/h2>\n<\/p><\/div>\n<ul class=\"clients-bar-wrapper\">\n<li class=\"clients-bar-item\"><a href=\"https:\/\/akadera.bialystok.pl\/\" target=\"_blank\"><img decoding=\"async\" src=\"https:\/\/wi.pb.edu.pl\/bialjam\/wp-content\/uploads\/sites\/8\/2024\/12\/akadera-150x150.png\" alt=\"\"><\/a><\/li>\n<\/ul>\n<\/div>\n<hr class=\"wp-block-separator has-alpha-channel-opacity\">\n<div class=\"container-homePage text-center\">\n<div style=\"text-align: center\">\n<h2>Organizatorzy<\/h2>\n<\/div>\n<ul class=\"clients-bar-wrapper\">\n<li class=\"clients-bar-item\"><a href=\"https:\/\/pb.edu.pl\/sspb\/\" target=\"_blank\" rel=\"noopener\"><img decoding=\"async\" src=\"https:\/\/wi.pb.edu.pl\/bialjam\/wp-content\/uploads\/sites\/8\/2024\/12\/sspb-150x150.png\" alt=\"\"><\/a><\/li>\n<li class=\"clients-bar-item\"><a href=\"https:\/\/wi.pb.edu.pl\/\" target=\"_blank\" rel=\"noopener\"><img decoding=\"async\" src=\"https:\/\/wi.pb.edu.pl\/bialjam\/wp-content\/uploads\/sites\/8\/2024\/12\/wi-150x150.png\" alt=\"\"><\/a><\/li>\n<li class=\"clients-bar-item\"><a href=\"https:\/\/pb.edu.pl\/\" target=\"_blank\" rel=\"noopener\"><img decoding=\"async\" src=\"https:\/\/wi.pb.edu.pl\/bialjam\/wp-content\/uploads\/sites\/8\/2024\/12\/pb-150x150.png\" alt=\"\"><\/a><\/li>\n<li class=\"clients-bar-item\"><a href=\"https:\/\/www.facebook.com\/VectorGameDev\" target=\"_blank\" rel=\"noopener\"><img decoding=\"async\" src=\"https:\/\/wi.pb.edu.pl\/bialjam\/wp-content\/uploads\/sites\/8\/2024\/12\/vector-150x150.png\" alt=\"\"><\/a><\/li>\n<\/ul>\n<\/div>\n","protected":false},"excerpt":{"rendered":"<p>Oficjalne repozytorium itch.io Wpisy (tag 2024) Data: 30 maj \u2013 1 czerwiec 2024 Miejsce: Wydzia\u0142<a class=\"read-more\" href=\"https:\/\/wi.pb.edu.pl\/bialjam\/bialjam-2024\/\" title=\"Poka\u017c artyku\u0142 BialJam 2024\">wi\u0119cej<\/a><\/p>\n","protected":false},"author":2,"featured_media":0,"parent":0,"menu_order":2,"comment_status":"closed","ping_status":"closed","template":"","meta":{"inline_featured_image":false,"ngg_post_thumbnail":0,"footnotes":""},"class_list":["post-62","page","type-page","status-publish","hentry"],"acf":[],"yoast_head":"<!-- This site is optimized with the Yoast SEO plugin v26.4 - https:\/\/yoast.com\/wordpress\/plugins\/seo\/ -->\n<title>BialJam 2024 - BialJam<\/title>\n<meta name=\"robots\" content=\"index, follow, max-snippet:-1, max-image-preview:large, max-video-preview:-1\" \/>\n<link rel=\"canonical\" href=\"https:\/\/wi.pb.edu.pl\/bialjam\/bialjam-2024\/\" \/>\n<meta property=\"og:locale\" content=\"pl_PL\" \/>\n<meta property=\"og:type\" content=\"article\" \/>\n<meta property=\"og:title\" content=\"BialJam 2024 - BialJam\" \/>\n<meta property=\"og:description\" content=\"Oficjalne repozytorium itch.io Wpisy (tag 2024) Data: 30 maj \u2013 1 czerwiec 2024 Miejsce: Wydzia\u0142wi\u0119cej\" \/>\n<meta property=\"og:url\" content=\"https:\/\/wi.pb.edu.pl\/bialjam\/bialjam-2024\/\" \/>\n<meta property=\"og:site_name\" content=\"BialJam\" \/>\n<meta property=\"article:modified_time\" content=\"2024-12-30T12:42:41+00:00\" \/>\n<meta property=\"og:image\" content=\"https:\/\/wi.pb.edu.pl\/bialjam\/wp-content\/uploads\/sites\/8\/2024\/12\/bialystok-150x150.png\" \/>\n<meta name=\"twitter:card\" content=\"summary_large_image\" \/>\n<meta name=\"twitter:label1\" content=\"Szacowany czas czytania\" \/>\n\t<meta name=\"twitter:data1\" content=\"4 minuty\" \/>\n<script type=\"application\/ld+json\" class=\"yoast-schema-graph\">{\"@context\":\"https:\/\/schema.org\",\"@graph\":[{\"@type\":\"WebPage\",\"@id\":\"https:\/\/wi.pb.edu.pl\/bialjam\/bialjam-2024\/\",\"url\":\"https:\/\/wi.pb.edu.pl\/bialjam\/bialjam-2024\/\",\"name\":\"BialJam 2024 - BialJam\",\"isPartOf\":{\"@id\":\"https:\/\/wi.pb.edu.pl\/bialjam\/#website\"},\"primaryImageOfPage\":{\"@id\":\"https:\/\/wi.pb.edu.pl\/bialjam\/bialjam-2024\/#primaryimage\"},\"image\":{\"@id\":\"https:\/\/wi.pb.edu.pl\/bialjam\/bialjam-2024\/#primaryimage\"},\"thumbnailUrl\":\"https:\/\/wi.pb.edu.pl\/bialjam\/wp-content\/uploads\/sites\/8\/2024\/12\/bialystok-150x150.png\",\"datePublished\":\"2024-01-29T22:35:34+00:00\",\"dateModified\":\"2024-12-30T12:42:41+00:00\",\"breadcrumb\":{\"@id\":\"https:\/\/wi.pb.edu.pl\/bialjam\/bialjam-2024\/#breadcrumb\"},\"inLanguage\":\"pl-PL\",\"potentialAction\":[{\"@type\":\"ReadAction\",\"target\":[\"https:\/\/wi.pb.edu.pl\/bialjam\/bialjam-2024\/\"]}]},{\"@type\":\"ImageObject\",\"inLanguage\":\"pl-PL\",\"@id\":\"https:\/\/wi.pb.edu.pl\/bialjam\/bialjam-2024\/#primaryimage\",\"url\":\"https:\/\/wi.pb.edu.pl\/bialjam\/wp-content\/uploads\/sites\/8\/2024\/12\/bialystok.png\",\"contentUrl\":\"https:\/\/wi.pb.edu.pl\/bialjam\/wp-content\/uploads\/sites\/8\/2024\/12\/bialystok.png\",\"width\":300,\"height\":300},{\"@type\":\"BreadcrumbList\",\"@id\":\"https:\/\/wi.pb.edu.pl\/bialjam\/bialjam-2024\/#breadcrumb\",\"itemListElement\":[{\"@type\":\"ListItem\",\"position\":1,\"name\":\"Strona g\u0142\u00f3wna\",\"item\":\"https:\/\/wi.pb.edu.pl\/bialjam\/\"},{\"@type\":\"ListItem\",\"position\":2,\"name\":\"BialJam 2024\"}]},{\"@type\":\"WebSite\",\"@id\":\"https:\/\/wi.pb.edu.pl\/bialjam\/#website\",\"url\":\"https:\/\/wi.pb.edu.pl\/bialjam\/\",\"name\":\"BialJam\",\"description\":\"Bia\u0142ostocki Konkurs Tworzenia Gier \",\"potentialAction\":[{\"@type\":\"SearchAction\",\"target\":{\"@type\":\"EntryPoint\",\"urlTemplate\":\"https:\/\/wi.pb.edu.pl\/bialjam\/?s={search_term_string}\"},\"query-input\":{\"@type\":\"PropertyValueSpecification\",\"valueRequired\":true,\"valueName\":\"search_term_string\"}}],\"inLanguage\":\"pl-PL\"}]}<\/script>\n<!-- \/ Yoast SEO plugin. -->","yoast_head_json":{"title":"BialJam 2024 - BialJam","robots":{"index":"index","follow":"follow","max-snippet":"max-snippet:-1","max-image-preview":"max-image-preview:large","max-video-preview":"max-video-preview:-1"},"canonical":"https:\/\/wi.pb.edu.pl\/bialjam\/bialjam-2024\/","og_locale":"pl_PL","og_type":"article","og_title":"BialJam 2024 - BialJam","og_description":"Oficjalne repozytorium itch.io Wpisy (tag 2024) Data: 30 maj \u2013 1 czerwiec 2024 Miejsce: Wydzia\u0142wi\u0119cej","og_url":"https:\/\/wi.pb.edu.pl\/bialjam\/bialjam-2024\/","og_site_name":"BialJam","article_modified_time":"2024-12-30T12:42:41+00:00","og_image":[{"url":"https:\/\/wi.pb.edu.pl\/bialjam\/wp-content\/uploads\/sites\/8\/2024\/12\/bialystok-150x150.png","type":"","width":"","height":""}],"twitter_card":"summary_large_image","twitter_misc":{"Szacowany czas czytania":"4 minuty"},"schema":{"@context":"https:\/\/schema.org","@graph":[{"@type":"WebPage","@id":"https:\/\/wi.pb.edu.pl\/bialjam\/bialjam-2024\/","url":"https:\/\/wi.pb.edu.pl\/bialjam\/bialjam-2024\/","name":"BialJam 2024 - BialJam","isPartOf":{"@id":"https:\/\/wi.pb.edu.pl\/bialjam\/#website"},"primaryImageOfPage":{"@id":"https:\/\/wi.pb.edu.pl\/bialjam\/bialjam-2024\/#primaryimage"},"image":{"@id":"https:\/\/wi.pb.edu.pl\/bialjam\/bialjam-2024\/#primaryimage"},"thumbnailUrl":"https:\/\/wi.pb.edu.pl\/bialjam\/wp-content\/uploads\/sites\/8\/2024\/12\/bialystok-150x150.png","datePublished":"2024-01-29T22:35:34+00:00","dateModified":"2024-12-30T12:42:41+00:00","breadcrumb":{"@id":"https:\/\/wi.pb.edu.pl\/bialjam\/bialjam-2024\/#breadcrumb"},"inLanguage":"pl-PL","potentialAction":[{"@type":"ReadAction","target":["https:\/\/wi.pb.edu.pl\/bialjam\/bialjam-2024\/"]}]},{"@type":"ImageObject","inLanguage":"pl-PL","@id":"https:\/\/wi.pb.edu.pl\/bialjam\/bialjam-2024\/#primaryimage","url":"https:\/\/wi.pb.edu.pl\/bialjam\/wp-content\/uploads\/sites\/8\/2024\/12\/bialystok.png","contentUrl":"https:\/\/wi.pb.edu.pl\/bialjam\/wp-content\/uploads\/sites\/8\/2024\/12\/bialystok.png","width":300,"height":300},{"@type":"BreadcrumbList","@id":"https:\/\/wi.pb.edu.pl\/bialjam\/bialjam-2024\/#breadcrumb","itemListElement":[{"@type":"ListItem","position":1,"name":"Strona g\u0142\u00f3wna","item":"https:\/\/wi.pb.edu.pl\/bialjam\/"},{"@type":"ListItem","position":2,"name":"BialJam 2024"}]},{"@type":"WebSite","@id":"https:\/\/wi.pb.edu.pl\/bialjam\/#website","url":"https:\/\/wi.pb.edu.pl\/bialjam\/","name":"BialJam","description":"Bia\u0142ostocki Konkurs Tworzenia Gier ","potentialAction":[{"@type":"SearchAction","target":{"@type":"EntryPoint","urlTemplate":"https:\/\/wi.pb.edu.pl\/bialjam\/?s={search_term_string}"},"query-input":{"@type":"PropertyValueSpecification","valueRequired":true,"valueName":"search_term_string"}}],"inLanguage":"pl-PL"}]}},"_links":{"self":[{"href":"https:\/\/wi.pb.edu.pl\/bialjam\/wp-json\/wp\/v2\/pages\/62","targetHints":{"allow":["GET"]}}],"collection":[{"href":"https:\/\/wi.pb.edu.pl\/bialjam\/wp-json\/wp\/v2\/pages"}],"about":[{"href":"https:\/\/wi.pb.edu.pl\/bialjam\/wp-json\/wp\/v2\/types\/page"}],"author":[{"embeddable":true,"href":"https:\/\/wi.pb.edu.pl\/bialjam\/wp-json\/wp\/v2\/users\/2"}],"replies":[{"embeddable":true,"href":"https:\/\/wi.pb.edu.pl\/bialjam\/wp-json\/wp\/v2\/comments?post=62"}],"version-history":[{"count":10,"href":"https:\/\/wi.pb.edu.pl\/bialjam\/wp-json\/wp\/v2\/pages\/62\/revisions"}],"predecessor-version":[{"id":487,"href":"https:\/\/wi.pb.edu.pl\/bialjam\/wp-json\/wp\/v2\/pages\/62\/revisions\/487"}],"wp:attachment":[{"href":"https:\/\/wi.pb.edu.pl\/bialjam\/wp-json\/wp\/v2\/media?parent=62"}],"curies":[{"name":"wp","href":"https:\/\/api.w.org\/{rel}","templated":true}]}}