{"id":165,"date":"2025-04-03T09:50:18","date_gmt":"2025-04-03T07:50:18","guid":{"rendered":"https:\/\/wi.pb.edu.pl\/dzemik\/?page_id=165"},"modified":"2025-06-12T10:58:02","modified_gmt":"2025-06-12T08:58:02","slug":"konkurs-2025","status":"publish","type":"page","link":"https:\/\/wi.pb.edu.pl\/dzemik\/konkurs-2025\/","title":{"rendered":"D\u017cemik 2025"},"content":{"rendered":"<h2>Fina\u0142 konkursu D\u017cemik 2025<\/h2>\n<p>(11.06.2025 r.)<br \/>\nKonkurs D\u017cemik 2025 dobieg\u0142 ko\u0144ca \u2013 za nami emocjonuj\u0105ce prezentacje, kreatywne pomys\u0142y i imponuj\u0105ce projekty! Poni\u017cej przedstawiamy zwyci\u0119zc\u00f3w w poszczeg\u00f3lnych kategoriach:<\/p>\n<h3> Kategoria JUNIOR <\/h3>\n<p><b>I miejsce<\/b> &#8211; Kacper \u0141aski, Jakub Po\u0142udniak (Spo\u0142eczna Szko\u0142a Podstawowa nr 3 z Oddzia\u0142ami Dwuj\u0119zycznymi  Bia\u0142ostockiego Towarzystwa O\u015bwiatowego w Bia\u0142ymstoku)<br \/>\n<b>II miejsce<\/b> &#8211; Aleksandra Ko\u0142dys (Szko\u0142a Podstawowa Zgromadzenia Si\u00f3str Misjonarek \u015awi\u0119tej Rodziny im. b\u0142. Boles\u0142awy Lament w Bia\u0142ymstoku)<br \/>\n<b>III miejsce<\/b> &#8211; Micha\u0142 G\u00f3rczy\u0144ski (Katolicka Szko\u0142a Podstawowa imienia Matki Bo\u017cej Mi\u0142osierdzia w Bia\u0142ymstoku)<\/p>\n<h3> Kategoria KADET <\/h3>\n<p><b>I miejsce<\/b> &#8211; Micha\u0142 Wr\u00f3blewski, Krzysztof Wr\u00f3blewski (Szko\u0142a Podstawa Zespo\u0142u Kszta\u0142cenia i Wychowania w Bielk\u00f3wku)<br \/>\n<b>II miejsce<\/b> &#8211; Sebastian Dryl (Szko\u0142a Podstawowa nr 11 z Oddzia\u0142ami Integracyjnymi im Kornela Makuszy\u0144skiego w Bia\u0142ymstoku)<br \/>\n<b>III miejsce<\/b> &#8211; Julia Bajena (Szko\u0142a Podstawowa Nr 53 w Bia\u0142ymstoku z Oddzia\u0142ami Dwuj\u0119zycznymi)<\/p>\n<h3> Kategoria SENIOR <\/h3>\n<p><b>I miejsce<\/b> &#8211; Bartosz Cyrynowski, Bartosz Lubosz Ku\u0107 (Akademickie Liceum Og\u00f3lnokszta\u0142c\u0105ce Politechniki Bia\u0142ostockiej)<br \/>\n<b>II miejsce<\/b> &#8211; Ryszard Konopko, Micha\u0142 Jan Buczy\u0144ski (Akademickie Liceum Og\u00f3lnokszta\u0142c\u0105ce Politechniki Bia\u0142ostockiej)<br \/>\n<b>III miejsce<\/b> &#8211; Filip Misiuk, Jakub Brodzi\u0144ski  (Akademickie Liceum Og\u00f3lnokszta\u0142c\u0105ce Politechniki Bia\u0142ostockiej)<\/p>\n<h2>Etap fina\u0142owy konkursu D\u017cemik 2025<\/h2>\n<p>(29.05.2025 r.)<\/p>\n<p>&nbsp;<\/p>\n<div><span class=\"gmail-s2\"><b>Data:<\/b><\/span><span class=\"gmail-Apple-converted-space\">&nbsp;<\/span>11 czerwca 2025 r.<\/div>\n<div><span class=\"gmail-s2\"><b>Miejsce:<\/b><\/span><span class=\"gmail-Apple-converted-space\">&nbsp;<\/span>Wydzia\u0142 Informatyki, Politechnika Bia\u0142ostocka, ul. Wiejska 45A, Bia\u0142ystok<\/div>\n<div><span class=\"gmail-s2\"><b>Sala:<\/b><\/span><span class=\"gmail-Apple-converted-space\">&nbsp;<\/span>WA-12B<\/div>\n<div>\n<p class=\"gmail-p2\"><b>Harmonogram wydarzenia:<\/b><\/p>\n<ul>\n<li>11:00\u201313:00 \u2013 prezentacje projekt\u00f3w<\/li>\n<li>13:00\u201314:00 \u2013 przerwa<\/li>\n<li>14:00\u201314:30 \u2013 gala fina\u0142owa i og\u0142oszenie wynik\u00f3w<\/li>\n<\/ul>\n<p>Szczeg\u00f3\u0142y dotycz\u0105ce zasad prezentacji projekt\u00f3w zostan\u0105 przes\u0142ane uczestnikom drog\u0105 mailow\u0105.<\/p>\n<\/div>\n<h2>Etap I D\u017cemika 2025 zako\u0144czony \u2013 og\u0142aszamy zakwalifikowane zespo\u0142y!<\/h2>\n<p>(29.05.2025 r.)<\/p>\n<p>Zako\u0144czyli\u015bmy pierwszy etap tegorocznej edycji konkursu D\u017cemik. Jury mia\u0142o okazj\u0119 zapozna\u0107 si\u0119 z wieloma niezwykle kreatywnymi i dopracowanymi projektami \u2013 serdecznie dzi\u0119kujemy wszystkim zespo\u0142om za udzia\u0142.<\/p>\n<p>Z przyjemno\u015bci\u0105 publikujemy list\u0119 dru\u017cyn zakwalifikowanych do fina\u0142owego etapu konkursu:<\/p>\n<h3>Kategoria JUNIOR<\/h3>\n<p>Micha\u0142 G\u00f3rczy\u0144ski<br \/>\nAleksandra Ko\u0142dys<br \/>\nKacper \u0141aski, Jakub Po\u0142udniak<br \/>\nAdrian Rybnik, Damian Rybnik<br \/>\nBartosz Siemionczyk<\/p>\n<h3>Kategoria KADET<\/h3>\n<div id=\"isPasted\">Julia Bajena<\/div>\n<div>Sebastian Dryl<\/div>\n<div>Adam Stanis\u0142aw Ko\u0142dys<\/div>\n<div>Kacper Ryszkiewicz<\/div>\n<div>Micha\u0142 Wr\u00f3blewski, Krzysztof Wr\u00f3blewski<\/div>\n<div>&nbsp;<\/div>\n<h3>Kategoria SENIOR<\/h3>\n<p>Krystian Chrzanowski<br \/>\nBartosz Cyrynowski, Bartosz Lubosz Ku\u0107<br \/>\nRyszard Konopko, Micha\u0142 Jan Buczy\u0144ski<br \/>\nFilip Misiuk, Jakub Bodzi\u0144ski<br \/>\nDawid Krzysztof \u017bukiewicz, Andrzej Muciu\u015b<\/p>\n<h2>&nbsp;<\/h2>\n<h2>Pierwszy etap konkursu D\u017cemik 2024 zako\u0144czony<\/h2>\n<p>(17.05.2025 r.)<\/p>\n<p>Dzi\u0119kujemy wszystkim zespo\u0142om za udzia\u0142 w tegorocznej edycji konkursu D\u017cemik i za nades\u0142anie swoich gier. Tegoroczny temat \u2013 \u201eSzko\u0142a latania\u201d \u2013 zosta\u0142 potraktowany z du\u017c\u0105 kreatywno\u015bci\u0105, a przes\u0142ane projekty pokazuj\u0105 ogromne zaanga\u017cowanie i pomys\u0142owo\u015b\u0107 uczestnik\u00f3w.<\/p>\n<p>Zako\u0144czenie pierwszego etapu oznacza rozpocz\u0119cie procesu oceny prac przez nasze jury. Wyniki zostan\u0105 og\u0142oszone w przysz\u0142ym tygodniu.<\/p>\n<p>Zespo\u0142y, kt\u00f3re zakwalifikuj\u0105 si\u0119 do kolejnego etapu, otrzymaj\u0105 indywidualne powiadomienia wraz z zaproszeniem do zaprezentowania swoich gier.<\/p>\n<p>Raz jeszcze gratulujemy wszystkim uczestnikom i dzi\u0119kujemy za pasj\u0119 oraz tw\u00f3rcz\u0105 energi\u0119 w\u0142o\u017con\u0105 w realizacj\u0119 projekt\u00f3w.<br \/>\nCzekamy z niecierpliwo\u015bci\u0105 na kolejny etap konkursu!<\/p>\n<h2>D\u017cemik 2025 &#8211; has\u0142o przewodnie<\/h2>\n<p>(23.04.2025 r.)<\/p>\n<div dir=\"ltr\">\n<p class=\"\" data-start=\"153\" data-end=\"531\">Z przyjemno\u015bci\u0105 informujemy, \u017ce wystartowa\u0142a kolejna edycja konkursu D\u017cemik, organizowanego przez Wydzia\u0142 Informatyki Politechniki Bia\u0142ostockiej. W tym roku has\u0142em przewodnim wydarzenia jest <strong>\u201eSzko\u0142a latania\u201d<\/strong> \u2013 temat otwarty, daj\u0105cy uczestnikom du\u017c\u0105 swobod\u0119 interpretacyjn\u0105 i kreatywn\u0105.<\/p>\n<p>Zach\u0119camy zespo\u0142y do tworzenia gier inspirowanych w\u0142asn\u0105 wizj\u0105 tego, czym mo\u017ce by\u0107 \u201eszko\u0142a latania\u201d.<\/p>\n<p>Ka\u017cdy zesp\u00f3\u0142 otrzyma\u0142 indywidualny link do folderu, w kt\u00f3rym nale\u017cy umie\u015bci\u0107 gotow\u0105 gr\u0119. Termin nadsy\u0142ania prac mija 16 maja.<\/p>\n<p>W przypadku pyta\u0144 lub problem\u00f3w technicznych, prosimy o kontakt pod adresem: dzemik@pb.edu.pl<\/p>\n<h2>Rusza D\u017cemik 2025!<\/h2>\n<p>(03.04.2025 r.)<\/p>\n<div dir=\"ltr\">\n<p class=\"\" data-start=\"153\" data-end=\"531\">Masz pasj\u0119 do programowania? Uwielbiasz tworzy\u0107 gry komputerowe? Zapraszamy Ci\u0119 do udzia\u0142u w kolejnej edycji <strong data-start=\"262\" data-end=\"273\">D\u017cemiku<\/strong> \u2013 wyj\u0105tkowego wydarzenia organizowanego przez <a href=\"https:\/\/wi.pb.edu.pl\"><strong data-start=\"320\" data-end=\"370\">Wydzia\u0142 Informatyki Politechniki Bia\u0142ostockiej<\/strong><\/a>, we wsp\u00f3\u0142pracy z <strong data-start=\"388\" data-end=\"460\">Ko\u0142em Naukowym Biometrii Politechniki Bia\u0142ostockiej<\/strong>&nbsp;oraz <a href=\"https:\/\/bialostocki.pti.org.pl\/\"><strong data-start=\"466\" data-end=\"530\">Oddzia\u0142em Bia\u0142ostockim Polskiego Towarzystwa Informatycznego<\/strong><\/a>.<\/p>\n<p class=\"\" data-start=\"533\" data-end=\"601\"><strong data-start=\"533\" data-end=\"560\">Na czym polega konkurs?<\/strong><br data-start=\"560\" data-end=\"563\">D\u017cemik 2025 sk\u0142ada si\u0119 z dw\u00f3ch etap\u00f3w:<\/p>\n<ol data-start=\"603\" data-end=\"1152\">\n<li class=\"\" data-start=\"603\" data-end=\"804\">\n<p class=\"\" data-start=\"606\" data-end=\"804\"><strong data-start=\"606\" data-end=\"625\">Etap I (online)<\/strong> \u2013 od 23 kwietnia do 16 maja 2025<br data-start=\"658\" data-end=\"661\">Zdalna rywalizacja, w kt\u00f3rej uczestnicy tworz\u0105 w\u0142asn\u0105 gr\u0119 na temat og\u0142oszony przez jury. Pe\u0142na dowolno\u015b\u0107 miejsca \u2013 wystarczy komputer i pomys\u0142!<\/p>\n<\/li>\n<li class=\"\" data-start=\"806\" data-end=\"1152\">\n<p class=\"\" data-start=\"809\" data-end=\"1152\"><strong data-start=\"86\" data-end=\"117\">Etap II (forma stacjonarna)<\/strong> \u2013 11 czerwca 2025<br data-start=\"134\" data-end=\"137\"><strong data-start=\"137\" data-end=\"234\">Fina\u0142 konkursu odb\u0119dzie si\u0119 na Wydziale Informatyki Politechniki Bia\u0142ostockiej w Bia\u0142ymstoku.<\/strong><br data-start=\"234\" data-end=\"237\">Do fina\u0142u zaproszeni zostan\u0105 autorzy najlepiej ocenionych przez Jury rozwi\u0105za\u0144 z Etapu I. Finali\u015bci zaprezentuj\u0105 swoje gry przed jury i publiczno\u015bci\u0105, opowiedz\u0105 o procesie tworzenia i zastosowanych rozwi\u0105zaniach. To w\u0142a\u015bnie podczas fina\u0142u wy\u0142onimy zwyci\u0119zc\u00f3w ka\u017cdej z kategorii!<\/p>\n<\/li>\n<\/ol>\n<p class=\"\" data-start=\"1154\" data-end=\"1365\"><strong data-start=\"1154\" data-end=\"1169\">Rejestracja<\/strong><br data-start=\"1169\" data-end=\"1172\">Formularz zg\u0142oszeniowy b\u0119dzie dost\u0119pny w dniach <strong data-start=\"1220\" data-end=\"1242\">9\u201322 kwietnia 2025<\/strong>.<br data-start=\"1243\" data-end=\"1246\">Pami\u0119tajcie o do\u0142\u0105czeniu skanu lub zdj\u0119cia zgody rodzica\/opiekuna prawnego (zgodnie z za\u0142\u0105cznikiem nr 1 do regulaminu).<\/p>\n<p class=\"\" data-start=\"1367\" data-end=\"1473\"><strong data-start=\"1367\" data-end=\"1393\">Kto mo\u017ce wzi\u0105\u0107 udzia\u0142?<\/strong><br data-start=\"1393\" data-end=\"1396\">Konkurs przeznaczony jest dla m\u0142odych tw\u00f3rc\u00f3w w trzech kategoriach wiekowych:<\/p>\n<ul data-start=\"1474\" data-end=\"1499\">\n<li class=\"\" data-start=\"1474\" data-end=\"1482\">\n<p class=\"\" data-start=\"1476\" data-end=\"1482\">Junior (klasy IV-VI szko\u0142y podstawowej)<\/p>\n<\/li>\n<li class=\"\" data-start=\"1483\" data-end=\"1490\">\n<p class=\"\" data-start=\"1485\" data-end=\"1490\">Kadet (klasy VII-VIII szko\u0142y podstawowej )<\/p>\n<\/li>\n<li class=\"\" data-start=\"1491\" data-end=\"1499\">\n<p class=\"\" data-start=\"1493\" data-end=\"1499\">Senior (szko\u0142y ponadpodstawowe (do 18 roku \u017cycia)<\/p>\n<\/li>\n<\/ul>\n<p class=\"\" data-start=\"1501\" data-end=\"1560\">Mo\u017cna startowa\u0107 indywidualnie lub w zespo\u0142ach dwuosobowych.<\/p>\n<p class=\"\" data-start=\"1562\" data-end=\"1726\"><strong data-start=\"1562\" data-end=\"1592\">Technologia? Ty wybierasz!<\/strong><br data-start=\"1592\" data-end=\"1595\">Od Scratcha i Kodu, po Unity3D, Godot czy inne narz\u0119dzia \u2013 masz pe\u0142n\u0105 dowolno\u015b\u0107 technologiczn\u0105 (po ewentualnej konsultacji z jury).<\/p>\n<p class=\"\" data-start=\"1728\" data-end=\"1850\"><strong data-start=\"1728\" data-end=\"1744\">Co oceniamy?<\/strong><br data-start=\"1744\" data-end=\"1747\">Liczy si\u0119 kreatywno\u015b\u0107, wk\u0142ad w\u0142asny, dzia\u0142aj\u0105ca gra oraz jako\u015b\u0107 kodu \u017ar\u00f3d\u0142owego.<\/p>\n<p class=\"\" data-start=\"1852\" data-end=\"1993\">Pe\u0142ny regulamin i szczeg\u00f3\u0142y znajdziesz na stronie konkursu. Do zobaczenia!<\/p>\n<\/div>\n<\/div>\n","protected":false},"excerpt":{"rendered":"<p>Fina\u0142 konkursu D\u017cemik 2025 (11.06.2025 r.) Konkurs D\u017cemik 2025 dobieg\u0142 ko\u0144ca \u2013 za nami emocjonuj\u0105ce<a class=\"read-more\" href=\"https:\/\/wi.pb.edu.pl\/dzemik\/konkurs-2025\/\" title=\"Poka\u017c artyku\u0142 D\u017cemik 2025\">wi\u0119cej<\/a><\/p>\n","protected":false},"author":12,"featured_media":0,"parent":0,"menu_order":0,"comment_status":"closed","ping_status":"closed","template":"","meta":{"inline_featured_image":false,"ngg_post_thumbnail":0,"footnotes":""},"class_list":["post-165","page","type-page","status-publish","hentry"],"acf":[],"yoast_head":"<!-- This site is optimized with the Yoast SEO plugin v26.4 - https:\/\/yoast.com\/wordpress\/plugins\/seo\/ -->\n<title>D\u017cemik 2025 - Konkurs pisania gier komputerowych &quot;D\u017cemik&quot;<\/title>\n<meta name=\"robots\" content=\"index, follow, max-snippet:-1, max-image-preview:large, max-video-preview:-1\" \/>\n<link rel=\"canonical\" href=\"https:\/\/wi.pb.edu.pl\/dzemik\/konkurs-2025\/\" \/>\n<meta property=\"og:locale\" content=\"pl_PL\" \/>\n<meta property=\"og:type\" content=\"article\" \/>\n<meta property=\"og:title\" content=\"D\u017cemik 2025 - Konkurs pisania gier komputerowych &quot;D\u017cemik&quot;\" \/>\n<meta property=\"og:description\" content=\"Fina\u0142 konkursu D\u017cemik 2025 (11.06.2025 r.) Konkurs D\u017cemik 2025 dobieg\u0142 ko\u0144ca \u2013 za nami emocjonuj\u0105cewi\u0119cej\" \/>\n<meta property=\"og:url\" content=\"https:\/\/wi.pb.edu.pl\/dzemik\/konkurs-2025\/\" \/>\n<meta property=\"og:site_name\" content=\"Konkurs pisania gier komputerowych &quot;D\u017cemik&quot;\" \/>\n<meta property=\"article:modified_time\" content=\"2025-06-12T08:58:02+00:00\" \/>\n<meta name=\"twitter:card\" content=\"summary_large_image\" \/>\n<meta name=\"twitter:label1\" content=\"Szacowany czas czytania\" \/>\n\t<meta name=\"twitter:data1\" content=\"5 minut\" \/>\n<script type=\"application\/ld+json\" class=\"yoast-schema-graph\">{\"@context\":\"https:\/\/schema.org\",\"@graph\":[{\"@type\":\"WebPage\",\"@id\":\"https:\/\/wi.pb.edu.pl\/dzemik\/konkurs-2025\/\",\"url\":\"https:\/\/wi.pb.edu.pl\/dzemik\/konkurs-2025\/\",\"name\":\"D\u017cemik 2025 - Konkurs pisania gier komputerowych \\\"D\u017cemik\\\"\",\"isPartOf\":{\"@id\":\"https:\/\/wi.pb.edu.pl\/dzemik\/#website\"},\"datePublished\":\"2025-04-03T07:50:18+00:00\",\"dateModified\":\"2025-06-12T08:58:02+00:00\",\"breadcrumb\":{\"@id\":\"https:\/\/wi.pb.edu.pl\/dzemik\/konkurs-2025\/#breadcrumb\"},\"inLanguage\":\"pl-PL\",\"potentialAction\":[{\"@type\":\"ReadAction\",\"target\":[\"https:\/\/wi.pb.edu.pl\/dzemik\/konkurs-2025\/\"]}]},{\"@type\":\"BreadcrumbList\",\"@id\":\"https:\/\/wi.pb.edu.pl\/dzemik\/konkurs-2025\/#breadcrumb\",\"itemListElement\":[{\"@type\":\"ListItem\",\"position\":1,\"name\":\"Strona g\u0142\u00f3wna\",\"item\":\"https:\/\/wi.pb.edu.pl\/dzemik\/\"},{\"@type\":\"ListItem\",\"position\":2,\"name\":\"D\u017cemik 2025\"}]},{\"@type\":\"WebSite\",\"@id\":\"https:\/\/wi.pb.edu.pl\/dzemik\/#website\",\"url\":\"https:\/\/wi.pb.edu.pl\/dzemik\/\",\"name\":\"Konkurs pisania gier komputerowych \\\"D\u017cemik\\\"\",\"description\":\"\",\"potentialAction\":[{\"@type\":\"SearchAction\",\"target\":{\"@type\":\"EntryPoint\",\"urlTemplate\":\"https:\/\/wi.pb.edu.pl\/dzemik\/?s={search_term_string}\"},\"query-input\":{\"@type\":\"PropertyValueSpecification\",\"valueRequired\":true,\"valueName\":\"search_term_string\"}}],\"inLanguage\":\"pl-PL\"}]}<\/script>\n<!-- \/ Yoast SEO plugin. -->","yoast_head_json":{"title":"D\u017cemik 2025 - Konkurs pisania gier komputerowych \"D\u017cemik\"","robots":{"index":"index","follow":"follow","max-snippet":"max-snippet:-1","max-image-preview":"max-image-preview:large","max-video-preview":"max-video-preview:-1"},"canonical":"https:\/\/wi.pb.edu.pl\/dzemik\/konkurs-2025\/","og_locale":"pl_PL","og_type":"article","og_title":"D\u017cemik 2025 - Konkurs pisania gier komputerowych \"D\u017cemik\"","og_description":"Fina\u0142 konkursu D\u017cemik 2025 (11.06.2025 r.) Konkurs D\u017cemik 2025 dobieg\u0142 ko\u0144ca \u2013 za nami emocjonuj\u0105cewi\u0119cej","og_url":"https:\/\/wi.pb.edu.pl\/dzemik\/konkurs-2025\/","og_site_name":"Konkurs pisania gier komputerowych \"D\u017cemik\"","article_modified_time":"2025-06-12T08:58:02+00:00","twitter_card":"summary_large_image","twitter_misc":{"Szacowany czas czytania":"5 minut"},"schema":{"@context":"https:\/\/schema.org","@graph":[{"@type":"WebPage","@id":"https:\/\/wi.pb.edu.pl\/dzemik\/konkurs-2025\/","url":"https:\/\/wi.pb.edu.pl\/dzemik\/konkurs-2025\/","name":"D\u017cemik 2025 - Konkurs pisania gier komputerowych \"D\u017cemik\"","isPartOf":{"@id":"https:\/\/wi.pb.edu.pl\/dzemik\/#website"},"datePublished":"2025-04-03T07:50:18+00:00","dateModified":"2025-06-12T08:58:02+00:00","breadcrumb":{"@id":"https:\/\/wi.pb.edu.pl\/dzemik\/konkurs-2025\/#breadcrumb"},"inLanguage":"pl-PL","potentialAction":[{"@type":"ReadAction","target":["https:\/\/wi.pb.edu.pl\/dzemik\/konkurs-2025\/"]}]},{"@type":"BreadcrumbList","@id":"https:\/\/wi.pb.edu.pl\/dzemik\/konkurs-2025\/#breadcrumb","itemListElement":[{"@type":"ListItem","position":1,"name":"Strona g\u0142\u00f3wna","item":"https:\/\/wi.pb.edu.pl\/dzemik\/"},{"@type":"ListItem","position":2,"name":"D\u017cemik 2025"}]},{"@type":"WebSite","@id":"https:\/\/wi.pb.edu.pl\/dzemik\/#website","url":"https:\/\/wi.pb.edu.pl\/dzemik\/","name":"Konkurs pisania gier komputerowych \"D\u017cemik\"","description":"","potentialAction":[{"@type":"SearchAction","target":{"@type":"EntryPoint","urlTemplate":"https:\/\/wi.pb.edu.pl\/dzemik\/?s={search_term_string}"},"query-input":{"@type":"PropertyValueSpecification","valueRequired":true,"valueName":"search_term_string"}}],"inLanguage":"pl-PL"}]}},"_links":{"self":[{"href":"https:\/\/wi.pb.edu.pl\/dzemik\/wp-json\/wp\/v2\/pages\/165","targetHints":{"allow":["GET"]}}],"collection":[{"href":"https:\/\/wi.pb.edu.pl\/dzemik\/wp-json\/wp\/v2\/pages"}],"about":[{"href":"https:\/\/wi.pb.edu.pl\/dzemik\/wp-json\/wp\/v2\/types\/page"}],"author":[{"embeddable":true,"href":"https:\/\/wi.pb.edu.pl\/dzemik\/wp-json\/wp\/v2\/users\/12"}],"replies":[{"embeddable":true,"href":"https:\/\/wi.pb.edu.pl\/dzemik\/wp-json\/wp\/v2\/comments?post=165"}],"version-history":[{"count":19,"href":"https:\/\/wi.pb.edu.pl\/dzemik\/wp-json\/wp\/v2\/pages\/165\/revisions"}],"predecessor-version":[{"id":212,"href":"https:\/\/wi.pb.edu.pl\/dzemik\/wp-json\/wp\/v2\/pages\/165\/revisions\/212"}],"wp:attachment":[{"href":"https:\/\/wi.pb.edu.pl\/dzemik\/wp-json\/wp\/v2\/media?parent=165"}],"curies":[{"name":"wp","href":"https:\/\/api.w.org\/{rel}","templated":true}]}}