{"id":220,"date":"2026-04-16T09:57:39","date_gmt":"2026-04-16T07:57:39","guid":{"rendered":"https:\/\/wi.pb.edu.pl\/dzemik\/?page_id=220"},"modified":"2026-04-16T14:17:08","modified_gmt":"2026-04-16T12:17:08","slug":"konkurs-2026","status":"publish","type":"page","link":"https:\/\/wi.pb.edu.pl\/dzemik\/konkurs-2026\/","title":{"rendered":"D\u017cemik 2026"},"content":{"rendered":"<h2>Rusza D\u017cemik 2026!<\/h2>\n<p>(16.04.2026 r.)<\/p>\n<div dir=\"ltr\">\n<p class=\"\" data-start=\"153\" data-end=\"531\">Masz pasj\u0119 do programowania? Uwielbiasz tworzy\u0107 gry komputerowe? Zapraszamy Ci\u0119 do udzia\u0142u w kolejnej edycji <strong data-start=\"262\" data-end=\"273\">D\u017cemiku<\/strong> \u2013 wyj\u0105tkowego wydarzenia organizowanego przez <a href=\"https:\/\/wi.pb.edu.pl\"><strong data-start=\"320\" data-end=\"370\">Wydzia\u0142 Informatyki Politechniki Bia\u0142ostockiej<\/strong><\/a>, we wsp\u00f3\u0142pracy z <strong data-start=\"388\" data-end=\"460\">Ko\u0142em Naukowym Biometrii Politechniki Bia\u0142ostockiej<\/strong>&nbsp;oraz <a href=\"https:\/\/bialostocki.pti.org.pl\/\"><strong data-start=\"466\" data-end=\"530\">Oddzia\u0142em Bia\u0142ostockim Polskiego Towarzystwa Informatycznego<\/strong><\/a>.<\/p>\n<p class=\"\" data-start=\"533\" data-end=\"601\"><strong data-start=\"533\" data-end=\"560\">Na czym polega konkurs?<\/strong><br data-start=\"560\" data-end=\"563\">D\u017cemik 2025 sk\u0142ada si\u0119 z dw\u00f3ch etap\u00f3w:<\/p>\n<ol data-start=\"603\" data-end=\"1152\">\n<li class=\"\" data-start=\"603\" data-end=\"804\">\n<p class=\"\" data-start=\"606\" data-end=\"804\"><strong data-start=\"606\" data-end=\"625\">Etap I (online)<\/strong> \u2013 od 30 kwietnia do 17 maja 2026 r.<br data-start=\"658\" data-end=\"661\">Zdalna rywalizacja, w kt\u00f3rej uczestnicy tworz\u0105 w\u0142asn\u0105 gr\u0119 na temat og\u0142oszony przez jury. Pe\u0142na dowolno\u015b\u0107 miejsca \u2013 wystarczy komputer i pomys\u0142!<\/p>\n<\/li>\n<li class=\"\" data-start=\"806\" data-end=\"1152\">\n<p class=\"\" data-start=\"809\" data-end=\"1152\"><strong data-start=\"86\" data-end=\"117\">Etap II (forma stacjonarna)<\/strong> \u2013 03 czerwca 2026 r.<br data-start=\"134\" data-end=\"137\"><strong data-start=\"137\" data-end=\"234\">Fina\u0142 konkursu odb\u0119dzie si\u0119 na Wydziale Informatyki Politechniki Bia\u0142ostockiej w Bia\u0142ymstoku.<\/strong><br data-start=\"234\" data-end=\"237\">Do fina\u0142u zaproszeni zostan\u0105 autorzy najlepiej ocenionych przez Jury rozwi\u0105za\u0144 z Etapu I. Finali\u015bci zaprezentuj\u0105 swoje gry przed jury i publiczno\u015bci\u0105, opowiedz\u0105 o procesie tworzenia i zastosowanych rozwi\u0105zaniach. To w\u0142a\u015bnie podczas fina\u0142u wy\u0142onimy zwyci\u0119zc\u00f3w ka\u017cdej z kategorii!<\/p>\n<\/li>\n<\/ol>\n<p class=\"\" data-start=\"1154\" data-end=\"1365\"><strong data-start=\"1154\" data-end=\"1169\">Rejestracja<\/strong><br data-start=\"1169\" data-end=\"1172\">Formularz zg\u0142oszeniowy b\u0119dzie dost\u0119pny w dniach <strong data-start=\"1220\" data-end=\"1242\">20\u201330 kwietnia 2026 r<\/strong>.<br data-start=\"1243\" data-end=\"1246\">Pami\u0119tajcie o do\u0142\u0105czeniu skanu lub zdj\u0119cia zgody rodzica\/opiekuna prawnego (zgodnie z za\u0142\u0105cznikiem nr 1 do regulaminu).<\/p>\n<p class=\"\" data-start=\"1367\" data-end=\"1473\"><strong data-start=\"1367\" data-end=\"1393\">Kto mo\u017ce wzi\u0105\u0107 udzia\u0142?<\/strong><br data-start=\"1393\" data-end=\"1396\">Konkurs przeznaczony jest dla m\u0142odych tw\u00f3rc\u00f3w w trzech kategoriach wiekowych:<\/p>\n<ul data-start=\"1474\" data-end=\"1499\">\n<li class=\"\" data-start=\"1474\" data-end=\"1482\">\n<p class=\"\" data-start=\"1476\" data-end=\"1482\">Junior (klasy IV-VI szko\u0142y podstawowej)<\/p>\n<\/li>\n<li class=\"\" data-start=\"1483\" data-end=\"1490\">\n<p class=\"\" data-start=\"1485\" data-end=\"1490\">Kadet (klasy VII-VIII szko\u0142y podstawowej )<\/p>\n<\/li>\n<li class=\"\" data-start=\"1491\" data-end=\"1499\">\n<p class=\"\" data-start=\"1493\" data-end=\"1499\">Senior (szko\u0142y ponadpodstawowe (do 18 roku \u017cycia)<\/p>\n<\/li>\n<\/ul>\n<p class=\"\" data-start=\"1501\" data-end=\"1560\">Mo\u017cna startowa\u0107 indywidualnie lub w zespo\u0142ach dwuosobowych.<\/p>\n<p class=\"\" data-start=\"1562\" data-end=\"1726\"><strong data-start=\"1562\" data-end=\"1592\">Technologia? Ty wybierasz!<\/strong><br data-start=\"1592\" data-end=\"1595\">Od Scratcha i Kodu, po Unity3D, Godot czy inne narz\u0119dzia \u2013 masz pe\u0142n\u0105 dowolno\u015b\u0107 technologiczn\u0105 (po ewentualnej konsultacji z jury).<\/p>\n<p class=\"\" data-start=\"1728\" data-end=\"1850\"><strong data-start=\"1728\" data-end=\"1744\">Co oceniamy?<\/strong><br data-start=\"1744\" data-end=\"1747\">Liczy si\u0119 kreatywno\u015b\u0107, wk\u0142ad w\u0142asny, dzia\u0142aj\u0105ca gra oraz jako\u015b\u0107 kodu \u017ar\u00f3d\u0142owego.<\/p>\n<p class=\"\" data-start=\"1852\" data-end=\"1993\">Pe\u0142ny regulamin i szczeg\u00f3\u0142y znajdziesz na stronie konkursu. Do zobaczenia!<\/p>\n<\/div>\n","protected":false},"excerpt":{"rendered":"<p>Rusza D\u017cemik 2026! (16.04.2026 r.) Masz pasj\u0119 do programowania? Uwielbiasz tworzy\u0107 gry komputerowe? Zapraszamy Ci\u0119<a class=\"read-more\" href=\"https:\/\/wi.pb.edu.pl\/dzemik\/konkurs-2026\/\" title=\"Poka\u017c artyku\u0142 D\u017cemik 2026\">wi\u0119cej<\/a><\/p>\n","protected":false},"author":12,"featured_media":0,"parent":0,"menu_order":0,"comment_status":"closed","ping_status":"closed","template":"","meta":{"inline_featured_image":false,"ngg_post_thumbnail":0,"footnotes":""},"class_list":["post-220","page","type-page","status-publish","hentry"],"acf":[],"yoast_head":"<!-- This site is optimized with the Yoast SEO plugin v26.4 - https:\/\/yoast.com\/wordpress\/plugins\/seo\/ -->\n<title>D\u017cemik 2026 - Konkurs pisania gier komputerowych &quot;D\u017cemik&quot;<\/title>\n<meta name=\"robots\" content=\"index, follow, max-snippet:-1, max-image-preview:large, max-video-preview:-1\" \/>\n<link rel=\"canonical\" href=\"https:\/\/wi.pb.edu.pl\/dzemik\/konkurs-2026\/\" \/>\n<meta property=\"og:locale\" content=\"pl_PL\" \/>\n<meta property=\"og:type\" content=\"article\" \/>\n<meta property=\"og:title\" content=\"D\u017cemik 2026 - Konkurs pisania gier komputerowych &quot;D\u017cemik&quot;\" \/>\n<meta property=\"og:description\" content=\"Rusza D\u017cemik 2026! (16.04.2026 r.) Masz pasj\u0119 do programowania? Uwielbiasz tworzy\u0107 gry komputerowe? Zapraszamy Ci\u0119wi\u0119cej\" \/>\n<meta property=\"og:url\" content=\"https:\/\/wi.pb.edu.pl\/dzemik\/konkurs-2026\/\" \/>\n<meta property=\"og:site_name\" content=\"Konkurs pisania gier komputerowych &quot;D\u017cemik&quot;\" \/>\n<meta property=\"article:modified_time\" content=\"2026-04-16T12:17:08+00:00\" \/>\n<meta name=\"twitter:card\" content=\"summary_large_image\" \/>\n<meta name=\"twitter:label1\" content=\"Szacowany czas czytania\" \/>\n\t<meta name=\"twitter:data1\" content=\"2 minuty\" \/>\n<script type=\"application\/ld+json\" class=\"yoast-schema-graph\">{\"@context\":\"https:\/\/schema.org\",\"@graph\":[{\"@type\":\"WebPage\",\"@id\":\"https:\/\/wi.pb.edu.pl\/dzemik\/konkurs-2026\/\",\"url\":\"https:\/\/wi.pb.edu.pl\/dzemik\/konkurs-2026\/\",\"name\":\"D\u017cemik 2026 - Konkurs pisania gier komputerowych \\\"D\u017cemik\\\"\",\"isPartOf\":{\"@id\":\"https:\/\/wi.pb.edu.pl\/dzemik\/#website\"},\"datePublished\":\"2026-04-16T07:57:39+00:00\",\"dateModified\":\"2026-04-16T12:17:08+00:00\",\"breadcrumb\":{\"@id\":\"https:\/\/wi.pb.edu.pl\/dzemik\/konkurs-2026\/#breadcrumb\"},\"inLanguage\":\"pl-PL\",\"potentialAction\":[{\"@type\":\"ReadAction\",\"target\":[\"https:\/\/wi.pb.edu.pl\/dzemik\/konkurs-2026\/\"]}]},{\"@type\":\"BreadcrumbList\",\"@id\":\"https:\/\/wi.pb.edu.pl\/dzemik\/konkurs-2026\/#breadcrumb\",\"itemListElement\":[{\"@type\":\"ListItem\",\"position\":1,\"name\":\"Strona g\u0142\u00f3wna\",\"item\":\"https:\/\/wi.pb.edu.pl\/dzemik\/\"},{\"@type\":\"ListItem\",\"position\":2,\"name\":\"D\u017cemik 2026\"}]},{\"@type\":\"WebSite\",\"@id\":\"https:\/\/wi.pb.edu.pl\/dzemik\/#website\",\"url\":\"https:\/\/wi.pb.edu.pl\/dzemik\/\",\"name\":\"Konkurs pisania gier komputerowych \\\"D\u017cemik\\\"\",\"description\":\"\",\"potentialAction\":[{\"@type\":\"SearchAction\",\"target\":{\"@type\":\"EntryPoint\",\"urlTemplate\":\"https:\/\/wi.pb.edu.pl\/dzemik\/?s={search_term_string}\"},\"query-input\":{\"@type\":\"PropertyValueSpecification\",\"valueRequired\":true,\"valueName\":\"search_term_string\"}}],\"inLanguage\":\"pl-PL\"}]}<\/script>\n<!-- \/ Yoast SEO plugin. -->","yoast_head_json":{"title":"D\u017cemik 2026 - Konkurs pisania gier komputerowych \"D\u017cemik\"","robots":{"index":"index","follow":"follow","max-snippet":"max-snippet:-1","max-image-preview":"max-image-preview:large","max-video-preview":"max-video-preview:-1"},"canonical":"https:\/\/wi.pb.edu.pl\/dzemik\/konkurs-2026\/","og_locale":"pl_PL","og_type":"article","og_title":"D\u017cemik 2026 - Konkurs pisania gier komputerowych \"D\u017cemik\"","og_description":"Rusza D\u017cemik 2026! (16.04.2026 r.) Masz pasj\u0119 do programowania? Uwielbiasz tworzy\u0107 gry komputerowe? Zapraszamy Ci\u0119wi\u0119cej","og_url":"https:\/\/wi.pb.edu.pl\/dzemik\/konkurs-2026\/","og_site_name":"Konkurs pisania gier komputerowych \"D\u017cemik\"","article_modified_time":"2026-04-16T12:17:08+00:00","twitter_card":"summary_large_image","twitter_misc":{"Szacowany czas czytania":"2 minuty"},"schema":{"@context":"https:\/\/schema.org","@graph":[{"@type":"WebPage","@id":"https:\/\/wi.pb.edu.pl\/dzemik\/konkurs-2026\/","url":"https:\/\/wi.pb.edu.pl\/dzemik\/konkurs-2026\/","name":"D\u017cemik 2026 - Konkurs pisania gier komputerowych \"D\u017cemik\"","isPartOf":{"@id":"https:\/\/wi.pb.edu.pl\/dzemik\/#website"},"datePublished":"2026-04-16T07:57:39+00:00","dateModified":"2026-04-16T12:17:08+00:00","breadcrumb":{"@id":"https:\/\/wi.pb.edu.pl\/dzemik\/konkurs-2026\/#breadcrumb"},"inLanguage":"pl-PL","potentialAction":[{"@type":"ReadAction","target":["https:\/\/wi.pb.edu.pl\/dzemik\/konkurs-2026\/"]}]},{"@type":"BreadcrumbList","@id":"https:\/\/wi.pb.edu.pl\/dzemik\/konkurs-2026\/#breadcrumb","itemListElement":[{"@type":"ListItem","position":1,"name":"Strona g\u0142\u00f3wna","item":"https:\/\/wi.pb.edu.pl\/dzemik\/"},{"@type":"ListItem","position":2,"name":"D\u017cemik 2026"}]},{"@type":"WebSite","@id":"https:\/\/wi.pb.edu.pl\/dzemik\/#website","url":"https:\/\/wi.pb.edu.pl\/dzemik\/","name":"Konkurs pisania gier komputerowych \"D\u017cemik\"","description":"","potentialAction":[{"@type":"SearchAction","target":{"@type":"EntryPoint","urlTemplate":"https:\/\/wi.pb.edu.pl\/dzemik\/?s={search_term_string}"},"query-input":{"@type":"PropertyValueSpecification","valueRequired":true,"valueName":"search_term_string"}}],"inLanguage":"pl-PL"}]}},"_links":{"self":[{"href":"https:\/\/wi.pb.edu.pl\/dzemik\/wp-json\/wp\/v2\/pages\/220","targetHints":{"allow":["GET"]}}],"collection":[{"href":"https:\/\/wi.pb.edu.pl\/dzemik\/wp-json\/wp\/v2\/pages"}],"about":[{"href":"https:\/\/wi.pb.edu.pl\/dzemik\/wp-json\/wp\/v2\/types\/page"}],"author":[{"embeddable":true,"href":"https:\/\/wi.pb.edu.pl\/dzemik\/wp-json\/wp\/v2\/users\/12"}],"replies":[{"embeddable":true,"href":"https:\/\/wi.pb.edu.pl\/dzemik\/wp-json\/wp\/v2\/comments?post=220"}],"version-history":[{"count":3,"href":"https:\/\/wi.pb.edu.pl\/dzemik\/wp-json\/wp\/v2\/pages\/220\/revisions"}],"predecessor-version":[{"id":225,"href":"https:\/\/wi.pb.edu.pl\/dzemik\/wp-json\/wp\/v2\/pages\/220\/revisions\/225"}],"wp:attachment":[{"href":"https:\/\/wi.pb.edu.pl\/dzemik\/wp-json\/wp\/v2\/media?parent=220"}],"curies":[{"name":"wp","href":"https:\/\/api.w.org\/{rel}","templated":true}]}}