{"id":237,"date":"2026-04-16T14:10:29","date_gmt":"2026-04-16T12:10:29","guid":{"rendered":"https:\/\/wi.pb.edu.pl\/dzemik\/?page_id=237"},"modified":"2026-04-16T14:15:29","modified_gmt":"2026-04-16T12:15:29","slug":"terminarz-2026","status":"publish","type":"page","link":"https:\/\/wi.pb.edu.pl\/dzemik\/konkurs-2026\/terminarz-2026\/","title":{"rendered":"Terminarz 2026"},"content":{"rendered":"<p>&nbsp;<\/p>\n<table style=\"width: 80%\" cellpadding=\"5\">\n<tbody>\n<tr>\n<td style=\"width: 57.5099%\" width=\"255\">Rejestracja<\/td>\n<td style=\"width: 50.43%\" width=\"208\">20.04.2026 r. \u2013&nbsp; 30.04.2026 r.<\/td>\n<\/tr>\n<tr>\n<td>&nbsp;<\/td>\n<\/tr>\n<tr>\n<td style=\"width: 57.5099%\" width=\"255\">Og\u0142oszenie tematu<\/td>\n<td style=\"width: 50.43%\" width=\"208\">30.04.2026 r.<\/td>\n<\/tr>\n<tr>\n<td>&nbsp;<\/td>\n<\/tr>\n<tr>\n<td style=\"width: 57.5099%\" width=\"255\">Rozwi\u0105zywanie zada\u0144<\/td>\n<td style=\"width: 50.43%\" width=\"208\">30.04.2026 r. \u2013 17.05.2026 r.<\/td>\n<\/tr>\n<tr>\n<td>&nbsp;<\/td>\n<\/tr>\n<tr>\n<td style=\"width: 57.5099%\" width=\"255\">Og\u0142oszenie wynik\u00f3w pierwszego etapu<\/td>\n<td style=\"width: 50.43%\" width=\"208\">26.05.2026 r.<\/td>\n<\/tr>\n<tr>\n<td>&nbsp;<\/td>\n<\/tr>\n<tr>\n<td style=\"width: 57.5099%\" width=\"255\">Etap fina\u0142owy<\/td>\n<td style=\"width: 50.43%\" width=\"208\">03.06.2026 r.<\/td>\n<\/tr>\n<\/tbody>\n<\/table>\n","protected":false},"excerpt":{"rendered":"<p>&nbsp; Rejestracja 20.04.2026 r. \u2013&nbsp; 30.04.2026 r. &nbsp; Og\u0142oszenie tematu 30.04.2026 r. &nbsp; Rozwi\u0105zywanie zada\u0144<a class=\"read-more\" href=\"https:\/\/wi.pb.edu.pl\/dzemik\/konkurs-2026\/terminarz-2026\/\" title=\"Poka\u017c artyku\u0142 Terminarz 2026\">wi\u0119cej<\/a><\/p>\n","protected":false},"author":12,"featured_media":0,"parent":220,"menu_order":0,"comment_status":"closed","ping_status":"closed","template":"","meta":{"inline_featured_image":false,"ngg_post_thumbnail":0,"footnotes":""},"class_list":["post-237","page","type-page","status-publish","hentry"],"acf":[],"yoast_head":"<!-- This site is optimized with the Yoast SEO plugin v26.4 - https:\/\/yoast.com\/wordpress\/plugins\/seo\/ -->\n<title>Terminarz 2026 - Konkurs pisania gier komputerowych &quot;D\u017cemik&quot;<\/title>\n<meta name=\"robots\" content=\"index, follow, max-snippet:-1, max-image-preview:large, max-video-preview:-1\" \/>\n<link rel=\"canonical\" href=\"https:\/\/wi.pb.edu.pl\/dzemik\/konkurs-2026\/terminarz-2026\/\" \/>\n<meta property=\"og:locale\" content=\"pl_PL\" \/>\n<meta property=\"og:type\" content=\"article\" \/>\n<meta property=\"og:title\" content=\"Terminarz 2026 - Konkurs pisania gier komputerowych &quot;D\u017cemik&quot;\" \/>\n<meta property=\"og:description\" content=\"&nbsp; Rejestracja 20.04.2026 r. \u2013&nbsp; 30.04.2026 r. &nbsp; Og\u0142oszenie tematu 30.04.2026 r. &nbsp; Rozwi\u0105zywanie zada\u0144wi\u0119cej\" \/>\n<meta property=\"og:url\" content=\"https:\/\/wi.pb.edu.pl\/dzemik\/konkurs-2026\/terminarz-2026\/\" \/>\n<meta property=\"og:site_name\" content=\"Konkurs pisania gier komputerowych &quot;D\u017cemik&quot;\" \/>\n<meta property=\"article:modified_time\" content=\"2026-04-16T12:15:29+00:00\" \/>\n<meta name=\"twitter:card\" content=\"summary_large_image\" \/>\n<meta name=\"twitter:label1\" content=\"Szacowany czas czytania\" \/>\n\t<meta name=\"twitter:data1\" content=\"1 minuta\" \/>\n<script type=\"application\/ld+json\" class=\"yoast-schema-graph\">{\"@context\":\"https:\/\/schema.org\",\"@graph\":[{\"@type\":\"WebPage\",\"@id\":\"https:\/\/wi.pb.edu.pl\/dzemik\/konkurs-2026\/terminarz-2026\/\",\"url\":\"https:\/\/wi.pb.edu.pl\/dzemik\/konkurs-2026\/terminarz-2026\/\",\"name\":\"Terminarz 2026 - Konkurs pisania gier komputerowych \\\"D\u017cemik\\\"\",\"isPartOf\":{\"@id\":\"https:\/\/wi.pb.edu.pl\/dzemik\/#website\"},\"datePublished\":\"2026-04-16T12:10:29+00:00\",\"dateModified\":\"2026-04-16T12:15:29+00:00\",\"breadcrumb\":{\"@id\":\"https:\/\/wi.pb.edu.pl\/dzemik\/konkurs-2026\/terminarz-2026\/#breadcrumb\"},\"inLanguage\":\"pl-PL\",\"potentialAction\":[{\"@type\":\"ReadAction\",\"target\":[\"https:\/\/wi.pb.edu.pl\/dzemik\/konkurs-2026\/terminarz-2026\/\"]}]},{\"@type\":\"BreadcrumbList\",\"@id\":\"https:\/\/wi.pb.edu.pl\/dzemik\/konkurs-2026\/terminarz-2026\/#breadcrumb\",\"itemListElement\":[{\"@type\":\"ListItem\",\"position\":1,\"name\":\"Strona g\u0142\u00f3wna\",\"item\":\"https:\/\/wi.pb.edu.pl\/dzemik\/\"},{\"@type\":\"ListItem\",\"position\":2,\"name\":\"D\u017cemik 2026\",\"item\":\"https:\/\/wi.pb.edu.pl\/dzemik\/konkurs-2026\/\"},{\"@type\":\"ListItem\",\"position\":3,\"name\":\"Terminarz 2026\"}]},{\"@type\":\"WebSite\",\"@id\":\"https:\/\/wi.pb.edu.pl\/dzemik\/#website\",\"url\":\"https:\/\/wi.pb.edu.pl\/dzemik\/\",\"name\":\"Konkurs pisania gier komputerowych \\\"D\u017cemik\\\"\",\"description\":\"\",\"potentialAction\":[{\"@type\":\"SearchAction\",\"target\":{\"@type\":\"EntryPoint\",\"urlTemplate\":\"https:\/\/wi.pb.edu.pl\/dzemik\/?s={search_term_string}\"},\"query-input\":{\"@type\":\"PropertyValueSpecification\",\"valueRequired\":true,\"valueName\":\"search_term_string\"}}],\"inLanguage\":\"pl-PL\"}]}<\/script>\n<!-- \/ Yoast SEO plugin. -->","yoast_head_json":{"title":"Terminarz 2026 - Konkurs pisania gier komputerowych \"D\u017cemik\"","robots":{"index":"index","follow":"follow","max-snippet":"max-snippet:-1","max-image-preview":"max-image-preview:large","max-video-preview":"max-video-preview:-1"},"canonical":"https:\/\/wi.pb.edu.pl\/dzemik\/konkurs-2026\/terminarz-2026\/","og_locale":"pl_PL","og_type":"article","og_title":"Terminarz 2026 - Konkurs pisania gier komputerowych \"D\u017cemik\"","og_description":"&nbsp; Rejestracja 20.04.2026 r. \u2013&nbsp; 30.04.2026 r. &nbsp; Og\u0142oszenie tematu 30.04.2026 r. &nbsp; Rozwi\u0105zywanie zada\u0144wi\u0119cej","og_url":"https:\/\/wi.pb.edu.pl\/dzemik\/konkurs-2026\/terminarz-2026\/","og_site_name":"Konkurs pisania gier komputerowych \"D\u017cemik\"","article_modified_time":"2026-04-16T12:15:29+00:00","twitter_card":"summary_large_image","twitter_misc":{"Szacowany czas czytania":"1 minuta"},"schema":{"@context":"https:\/\/schema.org","@graph":[{"@type":"WebPage","@id":"https:\/\/wi.pb.edu.pl\/dzemik\/konkurs-2026\/terminarz-2026\/","url":"https:\/\/wi.pb.edu.pl\/dzemik\/konkurs-2026\/terminarz-2026\/","name":"Terminarz 2026 - Konkurs pisania gier komputerowych \"D\u017cemik\"","isPartOf":{"@id":"https:\/\/wi.pb.edu.pl\/dzemik\/#website"},"datePublished":"2026-04-16T12:10:29+00:00","dateModified":"2026-04-16T12:15:29+00:00","breadcrumb":{"@id":"https:\/\/wi.pb.edu.pl\/dzemik\/konkurs-2026\/terminarz-2026\/#breadcrumb"},"inLanguage":"pl-PL","potentialAction":[{"@type":"ReadAction","target":["https:\/\/wi.pb.edu.pl\/dzemik\/konkurs-2026\/terminarz-2026\/"]}]},{"@type":"BreadcrumbList","@id":"https:\/\/wi.pb.edu.pl\/dzemik\/konkurs-2026\/terminarz-2026\/#breadcrumb","itemListElement":[{"@type":"ListItem","position":1,"name":"Strona g\u0142\u00f3wna","item":"https:\/\/wi.pb.edu.pl\/dzemik\/"},{"@type":"ListItem","position":2,"name":"D\u017cemik 2026","item":"https:\/\/wi.pb.edu.pl\/dzemik\/konkurs-2026\/"},{"@type":"ListItem","position":3,"name":"Terminarz 2026"}]},{"@type":"WebSite","@id":"https:\/\/wi.pb.edu.pl\/dzemik\/#website","url":"https:\/\/wi.pb.edu.pl\/dzemik\/","name":"Konkurs pisania gier komputerowych \"D\u017cemik\"","description":"","potentialAction":[{"@type":"SearchAction","target":{"@type":"EntryPoint","urlTemplate":"https:\/\/wi.pb.edu.pl\/dzemik\/?s={search_term_string}"},"query-input":{"@type":"PropertyValueSpecification","valueRequired":true,"valueName":"search_term_string"}}],"inLanguage":"pl-PL"}]}},"_links":{"self":[{"href":"https:\/\/wi.pb.edu.pl\/dzemik\/wp-json\/wp\/v2\/pages\/237","targetHints":{"allow":["GET"]}}],"collection":[{"href":"https:\/\/wi.pb.edu.pl\/dzemik\/wp-json\/wp\/v2\/pages"}],"about":[{"href":"https:\/\/wi.pb.edu.pl\/dzemik\/wp-json\/wp\/v2\/types\/page"}],"author":[{"embeddable":true,"href":"https:\/\/wi.pb.edu.pl\/dzemik\/wp-json\/wp\/v2\/users\/12"}],"replies":[{"embeddable":true,"href":"https:\/\/wi.pb.edu.pl\/dzemik\/wp-json\/wp\/v2\/comments?post=237"}],"version-history":[{"count":3,"href":"https:\/\/wi.pb.edu.pl\/dzemik\/wp-json\/wp\/v2\/pages\/237\/revisions"}],"predecessor-version":[{"id":246,"href":"https:\/\/wi.pb.edu.pl\/dzemik\/wp-json\/wp\/v2\/pages\/237\/revisions\/246"}],"up":[{"embeddable":true,"href":"https:\/\/wi.pb.edu.pl\/dzemik\/wp-json\/wp\/v2\/pages\/220"}],"wp:attachment":[{"href":"https:\/\/wi.pb.edu.pl\/dzemik\/wp-json\/wp\/v2\/media?parent=237"}],"curies":[{"name":"wp","href":"https:\/\/api.w.org\/{rel}","templated":true}]}}