{"id":27,"date":"2024-01-28T20:23:34","date_gmt":"2024-01-28T19:23:34","guid":{"rendered":"https:\/\/wi.pb.edu.pl\/dzemik\/?page_id=27"},"modified":"2024-01-28T20:36:56","modified_gmt":"2024-01-28T19:36:56","slug":"redakcja-serwisu-www","status":"publish","type":"page","link":"https:\/\/wi.pb.edu.pl\/dzemik\/redakcja-serwisu-www\/","title":{"rendered":"Redakcja serwisu www"},"content":{"rendered":"<p><img loading=\"lazy\" decoding=\"async\" class=\"alignleft wp-image-5194 animated zoomIn\" style=\"margin-top: 14px\" src=\"https:\/\/pb.edu.pl\/wp-content\/uploads\/2017\/10\/redakcja-kontakt-640x360.jpg\" alt=\"\" width=\"400\" height=\"225\"><br \/>\nUwagi dotycz\u0105ce <strong>funkcjonowania<\/strong> oraz <strong>zawarto\u015bci (opisy, fotografie itp.)<\/strong> poszczeg\u00f3lnych stron www serwisu internetowego prosz\u0119 przysy\u0142a\u0107 na adres:<br \/>\n <i class=\"fal fa-envelope\"><\/i> <a href=\"#\" rel=\"nofollow\"  onclick=\"this.href='mailto:' + 'wi.laboratorium' + '@' + 'pb.edu.pl'\">wi.laboratorium [at] pb.edu.pl<\/a>\n","protected":false},"excerpt":{"rendered":"<p>Uwagi dotycz\u0105ce funkcjonowania oraz zawarto\u015bci (opisy, fotografie itp.) poszczeg\u00f3lnych stron www serwisu internetowego prosz\u0119 przysy\u0142a\u0107<a class=\"read-more\" href=\"https:\/\/wi.pb.edu.pl\/dzemik\/redakcja-serwisu-www\/\" title=\"Poka\u017c artyku\u0142 Redakcja serwisu www\">wi\u0119cej<\/a><\/p>\n","protected":false},"author":2,"featured_media":0,"parent":0,"menu_order":11,"comment_status":"closed","ping_status":"closed","template":"","meta":{"inline_featured_image":false,"ngg_post_thumbnail":0,"footnotes":""},"class_list":["post-27","page","type-page","status-publish","hentry"],"acf":[],"yoast_head":"<!-- This site is optimized with the Yoast SEO plugin v26.4 - https:\/\/yoast.com\/wordpress\/plugins\/seo\/ -->\n<title>Redakcja serwisu www - Konkurs pisania gier komputerowych &quot;D\u017cemik&quot;<\/title>\n<meta name=\"robots\" content=\"index, follow, max-snippet:-1, max-image-preview:large, max-video-preview:-1\" \/>\n<link rel=\"canonical\" href=\"https:\/\/wi.pb.edu.pl\/dzemik\/redakcja-serwisu-www\/\" \/>\n<meta property=\"og:locale\" content=\"pl_PL\" \/>\n<meta property=\"og:type\" content=\"article\" \/>\n<meta property=\"og:title\" content=\"Redakcja serwisu www - Konkurs pisania gier komputerowych &quot;D\u017cemik&quot;\" \/>\n<meta property=\"og:description\" content=\"Uwagi dotycz\u0105ce funkcjonowania oraz zawarto\u015bci (opisy, fotografie itp.) poszczeg\u00f3lnych stron www serwisu internetowego prosz\u0119 przysy\u0142a\u0107wi\u0119cej\" \/>\n<meta property=\"og:url\" content=\"https:\/\/wi.pb.edu.pl\/dzemik\/redakcja-serwisu-www\/\" \/>\n<meta property=\"og:site_name\" content=\"Konkurs pisania gier komputerowych &quot;D\u017cemik&quot;\" \/>\n<meta property=\"article:modified_time\" content=\"2024-01-28T19:36:56+00:00\" \/>\n<meta property=\"og:image\" content=\"https:\/\/pb.edu.pl\/wp-content\/uploads\/2017\/10\/redakcja-kontakt-640x360.jpg\" \/>\n<meta name=\"twitter:card\" content=\"summary_large_image\" \/>\n<meta name=\"twitter:label1\" content=\"Szacowany czas czytania\" \/>\n\t<meta name=\"twitter:data1\" content=\"1 minuta\" \/>\n<script type=\"application\/ld+json\" class=\"yoast-schema-graph\">{\"@context\":\"https:\/\/schema.org\",\"@graph\":[{\"@type\":\"WebPage\",\"@id\":\"https:\/\/wi.pb.edu.pl\/dzemik\/redakcja-serwisu-www\/\",\"url\":\"https:\/\/wi.pb.edu.pl\/dzemik\/redakcja-serwisu-www\/\",\"name\":\"Redakcja serwisu www - Konkurs pisania gier komputerowych \\\"D\u017cemik\\\"\",\"isPartOf\":{\"@id\":\"https:\/\/wi.pb.edu.pl\/dzemik\/#website\"},\"primaryImageOfPage\":{\"@id\":\"https:\/\/wi.pb.edu.pl\/dzemik\/redakcja-serwisu-www\/#primaryimage\"},\"image\":{\"@id\":\"https:\/\/wi.pb.edu.pl\/dzemik\/redakcja-serwisu-www\/#primaryimage\"},\"thumbnailUrl\":\"https:\/\/pb.edu.pl\/wp-content\/uploads\/2017\/10\/redakcja-kontakt-640x360.jpg\",\"datePublished\":\"2024-01-28T19:23:34+00:00\",\"dateModified\":\"2024-01-28T19:36:56+00:00\",\"breadcrumb\":{\"@id\":\"https:\/\/wi.pb.edu.pl\/dzemik\/redakcja-serwisu-www\/#breadcrumb\"},\"inLanguage\":\"pl-PL\",\"potentialAction\":[{\"@type\":\"ReadAction\",\"target\":[\"https:\/\/wi.pb.edu.pl\/dzemik\/redakcja-serwisu-www\/\"]}]},{\"@type\":\"ImageObject\",\"inLanguage\":\"pl-PL\",\"@id\":\"https:\/\/wi.pb.edu.pl\/dzemik\/redakcja-serwisu-www\/#primaryimage\",\"url\":\"https:\/\/pb.edu.pl\/wp-content\/uploads\/2017\/10\/redakcja-kontakt-640x360.jpg\",\"contentUrl\":\"https:\/\/pb.edu.pl\/wp-content\/uploads\/2017\/10\/redakcja-kontakt-640x360.jpg\"},{\"@type\":\"BreadcrumbList\",\"@id\":\"https:\/\/wi.pb.edu.pl\/dzemik\/redakcja-serwisu-www\/#breadcrumb\",\"itemListElement\":[{\"@type\":\"ListItem\",\"position\":1,\"name\":\"Strona g\u0142\u00f3wna\",\"item\":\"https:\/\/wi.pb.edu.pl\/dzemik\/\"},{\"@type\":\"ListItem\",\"position\":2,\"name\":\"Redakcja serwisu www\"}]},{\"@type\":\"WebSite\",\"@id\":\"https:\/\/wi.pb.edu.pl\/dzemik\/#website\",\"url\":\"https:\/\/wi.pb.edu.pl\/dzemik\/\",\"name\":\"Konkurs pisania gier komputerowych \\\"D\u017cemik\\\"\",\"description\":\"\",\"potentialAction\":[{\"@type\":\"SearchAction\",\"target\":{\"@type\":\"EntryPoint\",\"urlTemplate\":\"https:\/\/wi.pb.edu.pl\/dzemik\/?s={search_term_string}\"},\"query-input\":{\"@type\":\"PropertyValueSpecification\",\"valueRequired\":true,\"valueName\":\"search_term_string\"}}],\"inLanguage\":\"pl-PL\"}]}<\/script>\n<!-- \/ Yoast SEO plugin. -->","yoast_head_json":{"title":"Redakcja serwisu www - Konkurs pisania gier komputerowych \"D\u017cemik\"","robots":{"index":"index","follow":"follow","max-snippet":"max-snippet:-1","max-image-preview":"max-image-preview:large","max-video-preview":"max-video-preview:-1"},"canonical":"https:\/\/wi.pb.edu.pl\/dzemik\/redakcja-serwisu-www\/","og_locale":"pl_PL","og_type":"article","og_title":"Redakcja serwisu www - Konkurs pisania gier komputerowych \"D\u017cemik\"","og_description":"Uwagi dotycz\u0105ce funkcjonowania oraz zawarto\u015bci (opisy, fotografie itp.) poszczeg\u00f3lnych stron www serwisu internetowego prosz\u0119 przysy\u0142a\u0107wi\u0119cej","og_url":"https:\/\/wi.pb.edu.pl\/dzemik\/redakcja-serwisu-www\/","og_site_name":"Konkurs pisania gier komputerowych \"D\u017cemik\"","article_modified_time":"2024-01-28T19:36:56+00:00","og_image":[{"url":"https:\/\/pb.edu.pl\/wp-content\/uploads\/2017\/10\/redakcja-kontakt-640x360.jpg","type":"","width":"","height":""}],"twitter_card":"summary_large_image","twitter_misc":{"Szacowany czas czytania":"1 minuta"},"schema":{"@context":"https:\/\/schema.org","@graph":[{"@type":"WebPage","@id":"https:\/\/wi.pb.edu.pl\/dzemik\/redakcja-serwisu-www\/","url":"https:\/\/wi.pb.edu.pl\/dzemik\/redakcja-serwisu-www\/","name":"Redakcja serwisu www - Konkurs pisania gier komputerowych \"D\u017cemik\"","isPartOf":{"@id":"https:\/\/wi.pb.edu.pl\/dzemik\/#website"},"primaryImageOfPage":{"@id":"https:\/\/wi.pb.edu.pl\/dzemik\/redakcja-serwisu-www\/#primaryimage"},"image":{"@id":"https:\/\/wi.pb.edu.pl\/dzemik\/redakcja-serwisu-www\/#primaryimage"},"thumbnailUrl":"https:\/\/pb.edu.pl\/wp-content\/uploads\/2017\/10\/redakcja-kontakt-640x360.jpg","datePublished":"2024-01-28T19:23:34+00:00","dateModified":"2024-01-28T19:36:56+00:00","breadcrumb":{"@id":"https:\/\/wi.pb.edu.pl\/dzemik\/redakcja-serwisu-www\/#breadcrumb"},"inLanguage":"pl-PL","potentialAction":[{"@type":"ReadAction","target":["https:\/\/wi.pb.edu.pl\/dzemik\/redakcja-serwisu-www\/"]}]},{"@type":"ImageObject","inLanguage":"pl-PL","@id":"https:\/\/wi.pb.edu.pl\/dzemik\/redakcja-serwisu-www\/#primaryimage","url":"https:\/\/pb.edu.pl\/wp-content\/uploads\/2017\/10\/redakcja-kontakt-640x360.jpg","contentUrl":"https:\/\/pb.edu.pl\/wp-content\/uploads\/2017\/10\/redakcja-kontakt-640x360.jpg"},{"@type":"BreadcrumbList","@id":"https:\/\/wi.pb.edu.pl\/dzemik\/redakcja-serwisu-www\/#breadcrumb","itemListElement":[{"@type":"ListItem","position":1,"name":"Strona g\u0142\u00f3wna","item":"https:\/\/wi.pb.edu.pl\/dzemik\/"},{"@type":"ListItem","position":2,"name":"Redakcja serwisu www"}]},{"@type":"WebSite","@id":"https:\/\/wi.pb.edu.pl\/dzemik\/#website","url":"https:\/\/wi.pb.edu.pl\/dzemik\/","name":"Konkurs pisania gier komputerowych \"D\u017cemik\"","description":"","potentialAction":[{"@type":"SearchAction","target":{"@type":"EntryPoint","urlTemplate":"https:\/\/wi.pb.edu.pl\/dzemik\/?s={search_term_string}"},"query-input":{"@type":"PropertyValueSpecification","valueRequired":true,"valueName":"search_term_string"}}],"inLanguage":"pl-PL"}]}},"_links":{"self":[{"href":"https:\/\/wi.pb.edu.pl\/dzemik\/wp-json\/wp\/v2\/pages\/27","targetHints":{"allow":["GET"]}}],"collection":[{"href":"https:\/\/wi.pb.edu.pl\/dzemik\/wp-json\/wp\/v2\/pages"}],"about":[{"href":"https:\/\/wi.pb.edu.pl\/dzemik\/wp-json\/wp\/v2\/types\/page"}],"author":[{"embeddable":true,"href":"https:\/\/wi.pb.edu.pl\/dzemik\/wp-json\/wp\/v2\/users\/2"}],"replies":[{"embeddable":true,"href":"https:\/\/wi.pb.edu.pl\/dzemik\/wp-json\/wp\/v2\/comments?post=27"}],"version-history":[{"count":4,"href":"https:\/\/wi.pb.edu.pl\/dzemik\/wp-json\/wp\/v2\/pages\/27\/revisions"}],"predecessor-version":[{"id":31,"href":"https:\/\/wi.pb.edu.pl\/dzemik\/wp-json\/wp\/v2\/pages\/27\/revisions\/31"}],"wp:attachment":[{"href":"https:\/\/wi.pb.edu.pl\/dzemik\/wp-json\/wp\/v2\/media?parent=27"}],"curies":[{"name":"wp","href":"https:\/\/api.w.org\/{rel}","templated":true}]}}