{"id":62,"date":"2024-01-29T23:35:34","date_gmt":"2024-01-29T22:35:34","guid":{"rendered":"https:\/\/wi.pb.edu.pl\/dzemik\/?page_id=62"},"modified":"2026-04-20T23:05:39","modified_gmt":"2026-04-20T21:05:39","slug":"formularz-zgloszeniowy","status":"publish","type":"page","link":"https:\/\/wi.pb.edu.pl\/dzemik\/formularz-zgloszeniowy\/","title":{"rendered":"Formularz zg\u0142oszeniowy"},"content":{"rendered":"\n<div class=\"wpcf7 no-js\" id=\"wpcf7-f124-o1\" lang=\"pl-PL\" dir=\"ltr\" data-wpcf7-id=\"124\">\n<div class=\"screen-reader-response\"><p role=\"status\" aria-live=\"polite\" aria-atomic=\"true\"><\/p> <ul><\/ul><\/div>\n<form action=\"\/dzemik\/wp-json\/wp\/v2\/pages\/62#wpcf7-f124-o1\" method=\"post\" class=\"wpcf7-form init\" aria-label=\"Formularz kontaktowy\" enctype=\"multipart\/form-data\" novalidate=\"novalidate\" data-status=\"init\">\n<fieldset class=\"hidden-fields-container\"><input type=\"hidden\" name=\"_wpcf7\" value=\"124\" \/><input type=\"hidden\" name=\"_wpcf7_version\" value=\"6.1.3\" \/><input type=\"hidden\" name=\"_wpcf7_locale\" value=\"pl_PL\" \/><input type=\"hidden\" name=\"_wpcf7_unit_tag\" value=\"wpcf7-f124-o1\" \/><input type=\"hidden\" name=\"_wpcf7_container_post\" value=\"0\" \/><input type=\"hidden\" name=\"_wpcf7_posted_data_hash\" value=\"\" \/><input type=\"hidden\" name=\"_wpcf7cf_hidden_group_fields\" value=\"[]\" \/><input type=\"hidden\" name=\"_wpcf7cf_hidden_groups\" value=\"[]\" \/><input type=\"hidden\" name=\"_wpcf7cf_visible_groups\" value=\"[]\" \/><input type=\"hidden\" name=\"_wpcf7cf_repeaters\" value=\"[]\" \/><input type=\"hidden\" name=\"_wpcf7cf_steps\" value=\"{}\" \/><input type=\"hidden\" name=\"_wpcf7cf_options\" value=\"{&quot;form_id&quot;:124,&quot;conditions&quot;:[{&quot;then_field&quot;:&quot;grupa-inna&quot;,&quot;and_rules&quot;:[{&quot;if_field&quot;:&quot;technologia&quot;,&quot;operator&quot;:&quot;equals&quot;,&quot;if_value&quot;:&quot;inna&quot;}]}],&quot;settings&quot;:{&quot;animation&quot;:&quot;yes&quot;,&quot;animation_intime&quot;:200,&quot;animation_outtime&quot;:200,&quot;conditions_ui&quot;:&quot;normal&quot;,&quot;notice_dismissed&quot;:false}}\" \/>\n<\/fieldset>\n<div class=\"wpcf7-turnstile cf-turnstile\" data-sitekey=\"0x4AAAAAACDP-G-k0g-pygWP\" data-response-field-name=\"_wpcf7_turnstile_response\"><\/div>\n\n<div class=\"row\">\n\t<div class=\"col-md-4\">\n\t\t<p><label for=\"imie1\"> 1. Imi\u0119 i nazwisko (ucze\u0144 nr 1): *<\/label><br \/>\n<span class=\"wpcf7-form-control-wrap\" data-name=\"imie1\"><input size=\"40\" maxlength=\"400\" class=\"wpcf7-form-control wpcf7-text wpcf7-validates-as-required\" id=\"imie1\" aria-required=\"true\" aria-invalid=\"false\" value=\"\" type=\"text\" name=\"imie1\" \/><\/span>\n\t\t<\/p>\n\t<\/div>\n\t<div class=\"col-md-4\">\n\t\t<p><label for=\"email_uczen1\"> 2. Adres e-mail (ucze\u0144 nr 1)<\/label><br \/>\n<span class=\"wpcf7-form-control-wrap\" data-name=\"email_uczen1\"><input size=\"40\" maxlength=\"400\" class=\"wpcf7-form-control wpcf7-email wpcf7-text wpcf7-validates-as-email\" id=\"email_uczen1\" aria-invalid=\"false\" value=\"\" type=\"email\" name=\"email_uczen1\" \/><\/span>\n\t\t<\/p>\n\t<\/div>\n<\/div>\n<div class=\"row\">\n\t<div class=\"col-md-4\">\n\t\t<p><label for=\"imie2\"> 3. Imi\u0119 i nazwisko (ucznia 2) <\/label><br \/>\n<span class=\"wpcf7-form-control-wrap\" data-name=\"imie2\"><input size=\"40\" maxlength=\"400\" class=\"wpcf7-form-control wpcf7-text\" id=\"imie2\" aria-invalid=\"false\" value=\"\" type=\"text\" name=\"imie2\" \/><\/span>\n\t\t<\/p>\n\t<\/div>\n\t<div class=\"col-md-4\">\n\t\t<p><label for=\"email_uczen2\"> 4. Adres e-mail (ucze\u0144 nr 2)<\/label><br \/>\n<span class=\"wpcf7-form-control-wrap\" data-name=\"email_uczen2\"><input size=\"40\" maxlength=\"400\" class=\"wpcf7-form-control wpcf7-email wpcf7-text wpcf7-validates-as-email\" id=\"email_uczen2\" aria-invalid=\"false\" value=\"\" type=\"email\" name=\"email_uczen2\" \/><\/span>\n\t\t<\/p>\n\t<\/div>\n<\/div>\n<div class=\"row\">\n\t<div class=\"col-md-4\">\n\t\t<p><label for=\"nazwa\"> 5. Nazwa dru\u017cyny: <\/label><br \/>\n<span class=\"wpcf7-form-control-wrap\" data-name=\"nazwa\"><input size=\"40\" maxlength=\"400\" class=\"wpcf7-form-control wpcf7-text\" id=\"nazwa\" aria-invalid=\"false\" value=\"\" type=\"text\" name=\"nazwa\" \/><\/span>\n\t\t<\/p>\n\t<\/div>\n\t<div class=\"col-md-12\">\n\t\t<p><strong>6. Szko\u0142a<\/strong>\n\t\t<\/p>\n\t<\/div>\n\t<div class=\"col-md-12\">\n\t\t<p><label for=\"szkola_nazwa\"> Pe\u0142na nazwa szko\u0142y: *<\/label><br \/>\n<span class=\"wpcf7-form-control-wrap\" data-name=\"szkola_nazwa\"><input size=\"40\" maxlength=\"400\" class=\"wpcf7-form-control wpcf7-text wpcf7-validates-as-required\" id=\"szkola_nazwa\" aria-required=\"true\" aria-invalid=\"false\" value=\"\" type=\"text\" name=\"szkola_nazwa\" \/><\/span>\n\t\t<\/p>\n\t<\/div>\n\t<div class=\"col-md-4\">\n\t\t<p><label for=\"szkola_kod\"> Kod pocztowy*<\/label><br \/>\n<span class=\"wpcf7-form-control-wrap\" data-name=\"szkola_kod\"><input size=\"40\" maxlength=\"400\" class=\"wpcf7-form-control wpcf7-text wpcf7-validates-as-required\" id=\"szkola_kod\" aria-required=\"true\" aria-invalid=\"false\" value=\"\" type=\"text\" name=\"szkola_kod\" \/><\/span>\n\t\t<\/p>\n\t<\/div>\n\t<div class=\"col-md-4\">\n\t\t<p><label for=\"szkola_miejscowosc\"> Miejscowo\u015b\u0107*<\/label><br \/>\n<span class=\"wpcf7-form-control-wrap\" data-name=\"szkola_miejscowosc\"><input size=\"40\" maxlength=\"400\" class=\"wpcf7-form-control wpcf7-text wpcf7-validates-as-required\" id=\"szkola_miejscowosc\" aria-required=\"true\" aria-invalid=\"false\" value=\"\" type=\"text\" name=\"szkola_miejscowosc\" \/><\/span>\n\t\t<\/p>\n\t<\/div>\n\t<div class=\"col-md-12\">\n\t\t<p><label for=\"szkola_adres\"> Adres (ulica, numer):*<\/label><br \/>\n<span class=\"wpcf7-form-control-wrap\" data-name=\"szkola_adres\"><input size=\"40\" maxlength=\"400\" class=\"wpcf7-form-control wpcf7-text wpcf7-validates-as-required\" id=\"szkola_adres\" aria-required=\"true\" aria-invalid=\"false\" value=\"\" type=\"text\" name=\"szkola_adres\" \/><\/span>\n\t\t<\/p>\n\t<\/div>\n\t<div class=\"col-md-6\">\n\t\t<p><label for=\"kategoria\"> 7. Kategoria : *<\/label><br \/>\n<span class=\"wpcf7-form-control-wrap\" data-name=\"kategoria\"><span class=\"wpcf7-form-control wpcf7-radio\" id=\"kategoria\"><span class=\"wpcf7-list-item first\"><label><input type=\"radio\" name=\"kategoria\" value=\"junior\" \/><span class=\"wpcf7-list-item-label\">junior<\/span><\/label><\/span><span class=\"wpcf7-list-item\"><label><input type=\"radio\" name=\"kategoria\" value=\"kadet\" \/><span class=\"wpcf7-list-item-label\">kadet<\/span><\/label><\/span><span class=\"wpcf7-list-item last\"><label><input type=\"radio\" name=\"kategoria\" value=\"senior\" \/><span class=\"wpcf7-list-item-label\">senior<\/span><\/label><\/span><\/span><\/span>\n\t\t<\/p>\n\t<\/div>\n\t<div class=\"col-md-6\">\n\t\t<p><label for=\"technologia\"> 8. Technologia: *<\/label><br \/>\n<span class=\"wpcf7-form-control-wrap\" data-name=\"technologia\"><span class=\"wpcf7-form-control wpcf7-radio\" id=\"technologia\"><span class=\"wpcf7-list-item first\"><label><input type=\"radio\" name=\"technologia\" value=\"scratch\" \/><span class=\"wpcf7-list-item-label\">scratch<\/span><\/label><\/span><span class=\"wpcf7-list-item\"><label><input type=\"radio\" name=\"technologia\" value=\"kodu\" \/><span class=\"wpcf7-list-item-label\">kodu<\/span><\/label><\/span><span class=\"wpcf7-list-item\"><label><input type=\"radio\" name=\"technologia\" value=\"unity\" \/><span class=\"wpcf7-list-item-label\">unity<\/span><\/label><\/span><span class=\"wpcf7-list-item\"><label><input type=\"radio\" name=\"technologia\" value=\"godot\" \/><span class=\"wpcf7-list-item-label\">godot<\/span><\/label><\/span><span class=\"wpcf7-list-item last\"><label><input type=\"radio\" name=\"technologia\" value=\"inna\" \/><span class=\"wpcf7-list-item-label\">inna<\/span><\/label><\/span><\/span><\/span>\n\t\t<\/p>\n\t\t<div data-id=\"grupa-inna\" data-orig_data_id=\"grupa-inna\" data-clear_on_hide class=\"\" data-class=\"wpcf7cf_group\">\n\t\t\t<p><label for=\"technologia-inna\"> Podaj technologi\u0119: *<\/label><br \/>\n<span class=\"wpcf7-form-control-wrap\" data-name=\"technologia-inna\"><input size=\"40\" maxlength=\"400\" class=\"wpcf7-form-control wpcf7-text wpcf7-validates-as-required\" id=\"technologia-inna\" aria-required=\"true\" aria-invalid=\"false\" value=\"\" type=\"text\" name=\"technologia-inna\" \/><\/span>\n\t\t\t<\/p>\n\t\t<\/div>\n\t<\/div>\n\t<p>&nbsp;\n\t<\/p>\n\t<div class=\"col-md-7\">\n\t\t<p><label for=\"opiekun\"> 9. Imi\u0119 i nazwisko opiekuna (nauczyciel, rodzic lub opiekun prawny): *<\/label><br \/>\n<span class=\"wpcf7-form-control-wrap\" data-name=\"opiekun\"><input size=\"40\" maxlength=\"400\" class=\"wpcf7-form-control wpcf7-text wpcf7-validates-as-required\" id=\"opiekun\" aria-required=\"true\" aria-invalid=\"false\" value=\"\" type=\"text\" name=\"opiekun\" \/><\/span>\n\t\t<\/p>\n\t<\/div>\n\t<div class=\"col-md-5\">\n\t\t<p><label for=\"email\"> 10. Adres e-mail do opiekuna: *<\/label><br \/>\n<span class=\"wpcf7-form-control-wrap\" data-name=\"email\"><input size=\"40\" maxlength=\"400\" class=\"wpcf7-form-control wpcf7-email wpcf7-validates-as-required wpcf7-text wpcf7-validates-as-email\" id=\"email\" aria-required=\"true\" aria-invalid=\"false\" value=\"\" type=\"email\" name=\"email\" \/><\/span>\n\t\t<\/p>\n\t<\/div>\n\t<div class=\"col-md-12\">\n\t\t<p><label for=\"uwagi\"> 11. Uwagi: <\/label><br \/>\n<span class=\"wpcf7-form-control-wrap\" data-name=\"uwagi\"><input size=\"40\" maxlength=\"400\" class=\"wpcf7-form-control wpcf7-text\" id=\"uwagi\" aria-invalid=\"false\" value=\"\" type=\"text\" name=\"uwagi\" \/><\/span>\n\t\t<\/p>\n\t<\/div>\n\t<div class=\"col-md-12\">\n\t\t<p><label for=\"uwagi\"> 12. Podpisana zgoda opiekuna - patrz <a href=\"https:\/\/wi.pb.edu.pl\/dzemik\/wp-content\/uploads\/sites\/7\/2026\/04\/zalacznik_nr_1_do_regulaminu-2026.docx\">za\u0142\u0105cznik nr 1 do Regulaminu<\/a>: *<\/label>\n\t\t<\/p>\n\t\t<p>Maksymalny rozmiar pliku 5MB\n\t\t<\/p>\n\t\t<p><span class=\"wpcf7-form-control-wrap\" data-name=\"zgoda\"><input size=\"40\" class=\"wpcf7-form-control wpcf7-file\" accept=\".pdf\" aria-invalid=\"false\" type=\"file\" name=\"zgoda\" \/><\/span>\n\t\t<\/p>\n\t<\/div>\n<\/div>\n<div class=\"row\">\n\t<div class=\"col-md-12\">\n\t<hr \/>\n\t<\/div>\n<\/div>\n<div class=\"row\">\n\t<div class=\"col-md-12\">\n\t\t<p><span class=\"wpcf7-form-control-wrap\" data-name=\"acceptance-102\"><span class=\"wpcf7-form-control wpcf7-acceptance\"><span class=\"wpcf7-list-item\"><label><input type=\"checkbox\" name=\"acceptance-102\" value=\"1\" aria-invalid=\"false\" \/><span class=\"wpcf7-list-item-label\">O\u015bwiadczam, \u017ce zapozna\u0142am\/-em si\u0119 z Regulaminem Konkursu pisania gier komputerowych \"D\u017cemik\" organizowanym        przez Wydzia\u0142 Informatyki Politechniki Bia\u0142ostockiej.<\/span><\/label><\/span><\/span><\/span>\n\t\t<\/p>\n\t\t<p><a title=\"otworzy si\u0119 w nowej karcie\" class=\"pdf\" href=\"https:\/\/wi.pb.edu.pl\/dzemik\/wp-content\/uploads\/sites\/7\/2026\/04\/Regulamin-2026.pdf\" target=\"_blank\">Regulamin Konkursu pisania gier komputerowych \"D\u017cemik\"<\/a>\n\t\t<\/p>\n\t\t<p><span class=\"wpcf7-form-control-wrap\" data-name=\"acceptance-103\"><span class=\"wpcf7-form-control wpcf7-acceptance\"><span class=\"wpcf7-list-item\"><label><input type=\"checkbox\" name=\"acceptance-103\" value=\"1\" aria-invalid=\"false\" \/><span class=\"wpcf7-list-item-label\">O\u015bwiadczam, \u017ce podane w formularzu dane s\u0105 prawdziwe.<\/span><\/label><\/span><\/span><\/span>\n\t\t<\/p>\n\t\t<p><span class=\"wpcf7-form-control-wrap\" data-name=\"acceptance-104\"><span class=\"wpcf7-form-control wpcf7-acceptance\"><span class=\"wpcf7-list-item\"><label><input type=\"checkbox\" name=\"acceptance-104\" value=\"1\" aria-invalid=\"false\" \/><span class=\"wpcf7-list-item-label\">Zapozna\u0142am\/-em si\u0119 z dokumentem Informacja Administratora w zwi\u0105zku z przetwarzaniem danych na potrzeby rejestracji do Konkursu Konkursu pisania gier komputerowych \"D\u017cemik\" \u2013 zgodnie z art. 13 ust. 1 i 2 Rozporz\u0105dzenia Parlamentu Europejskiego i Rady (UE) 2016\/679 z dnia 27 kwietnia 2016 r. w sprawie ochrony os\u00f3b fizycznych w zwi\u0105zku z przetwarzaniem danych osobowych i w sprawie swobodnego przep\u0142ywu takich danych oraz uchylenia dyrektywy 95\/46\/WE (zwanego dalej RODO).<\/span><\/label><\/span><\/span><\/span>\n\t\t<\/p>\n\t\t<p><a title=\"otworzy si\u0119 w nowej karcie\" class=\"pdf\" href=\"https:\/\/wi.pb.edu.pl\/dzemik\/wp-content\/uploads\/sites\/7\/2026\/04\/RODO-2026.pdf\" target=\"_blank\" data-id=\"59\">Informacja o przetwarzaniu danych osobowych <span>(PDF, wersja dost\u0119pna cyfrowo, 195 KB)<\/span><\/a>\n\t\t<\/p>\n\t<\/div>\n<\/div>\n<div class=\"row\">\n\t<div class=\"col-md-12 text-right\">\n\t\t<p><input class=\"wpcf7-form-control wpcf7-submit has-spinner\" type=\"submit\" value=\"Wy\u015blij zg\u0142oszenie\" \/>\n\t\t<\/p>\n\t<\/div>\n<\/div><div class=\"wpcf7-response-output\" aria-hidden=\"true\"><\/div>\n<\/form>\n<\/div>\n\n<p><!-- [contact-form-7 id=\"dab4c43\" title=\"Test\"] --><\/p>\n<p><!-- Rejestracja wkr\u00f3tce si\u0119 rozpocznie --><br \/>\n<!-- Pola oznaczone (*) musz\u0105 by\u0107 wype\u0142nione obowi\u0105zkowo. --><\/p>\n","protected":false},"excerpt":{"rendered":"","protected":false},"author":2,"featured_media":0,"parent":0,"menu_order":2,"comment_status":"closed","ping_status":"closed","template":"","meta":{"inline_featured_image":false,"ngg_post_thumbnail":0,"footnotes":""},"class_list":["post-62","page","type-page","status-publish","hentry"],"acf":[],"yoast_head":"<!-- This site is optimized with the Yoast SEO plugin v26.4 - https:\/\/yoast.com\/wordpress\/plugins\/seo\/ -->\n<title>Formularz zg\u0142oszeniowy - Konkurs pisania gier komputerowych &quot;D\u017cemik&quot;<\/title>\n<meta name=\"robots\" content=\"index, follow, max-snippet:-1, max-image-preview:large, max-video-preview:-1\" \/>\n<link rel=\"canonical\" href=\"https:\/\/wi.pb.edu.pl\/dzemik\/formularz-zgloszeniowy\/\" \/>\n<meta property=\"og:locale\" content=\"pl_PL\" \/>\n<meta property=\"og:type\" content=\"article\" \/>\n<meta property=\"og:title\" content=\"Formularz zg\u0142oszeniowy - Konkurs pisania gier komputerowych &quot;D\u017cemik&quot;\" \/>\n<meta property=\"og:url\" content=\"https:\/\/wi.pb.edu.pl\/dzemik\/formularz-zgloszeniowy\/\" \/>\n<meta property=\"og:site_name\" content=\"Konkurs pisania gier komputerowych &quot;D\u017cemik&quot;\" \/>\n<meta property=\"article:modified_time\" content=\"2026-04-20T21:05:39+00:00\" \/>\n<meta name=\"twitter:card\" content=\"summary_large_image\" \/>\n<meta name=\"twitter:label1\" content=\"Szacowany czas czytania\" \/>\n\t<meta name=\"twitter:data1\" content=\"1 minuta\" \/>\n<script type=\"application\/ld+json\" class=\"yoast-schema-graph\">{\"@context\":\"https:\/\/schema.org\",\"@graph\":[{\"@type\":\"WebPage\",\"@id\":\"https:\/\/wi.pb.edu.pl\/dzemik\/formularz-zgloszeniowy\/\",\"url\":\"https:\/\/wi.pb.edu.pl\/dzemik\/formularz-zgloszeniowy\/\",\"name\":\"Formularz zg\u0142oszeniowy - Konkurs pisania gier komputerowych \\\"D\u017cemik\\\"\",\"isPartOf\":{\"@id\":\"https:\/\/wi.pb.edu.pl\/dzemik\/#website\"},\"datePublished\":\"2024-01-29T22:35:34+00:00\",\"dateModified\":\"2026-04-20T21:05:39+00:00\",\"breadcrumb\":{\"@id\":\"https:\/\/wi.pb.edu.pl\/dzemik\/formularz-zgloszeniowy\/#breadcrumb\"},\"inLanguage\":\"pl-PL\",\"potentialAction\":[{\"@type\":\"ReadAction\",\"target\":[\"https:\/\/wi.pb.edu.pl\/dzemik\/formularz-zgloszeniowy\/\"]}]},{\"@type\":\"BreadcrumbList\",\"@id\":\"https:\/\/wi.pb.edu.pl\/dzemik\/formularz-zgloszeniowy\/#breadcrumb\",\"itemListElement\":[{\"@type\":\"ListItem\",\"position\":1,\"name\":\"Strona g\u0142\u00f3wna\",\"item\":\"https:\/\/wi.pb.edu.pl\/dzemik\/\"},{\"@type\":\"ListItem\",\"position\":2,\"name\":\"Formularz zg\u0142oszeniowy\"}]},{\"@type\":\"WebSite\",\"@id\":\"https:\/\/wi.pb.edu.pl\/dzemik\/#website\",\"url\":\"https:\/\/wi.pb.edu.pl\/dzemik\/\",\"name\":\"Konkurs pisania gier komputerowych \\\"D\u017cemik\\\"\",\"description\":\"\",\"potentialAction\":[{\"@type\":\"SearchAction\",\"target\":{\"@type\":\"EntryPoint\",\"urlTemplate\":\"https:\/\/wi.pb.edu.pl\/dzemik\/?s={search_term_string}\"},\"query-input\":{\"@type\":\"PropertyValueSpecification\",\"valueRequired\":true,\"valueName\":\"search_term_string\"}}],\"inLanguage\":\"pl-PL\"}]}<\/script>\n<!-- \/ Yoast SEO plugin. -->","yoast_head_json":{"title":"Formularz zg\u0142oszeniowy - Konkurs pisania gier komputerowych \"D\u017cemik\"","robots":{"index":"index","follow":"follow","max-snippet":"max-snippet:-1","max-image-preview":"max-image-preview:large","max-video-preview":"max-video-preview:-1"},"canonical":"https:\/\/wi.pb.edu.pl\/dzemik\/formularz-zgloszeniowy\/","og_locale":"pl_PL","og_type":"article","og_title":"Formularz zg\u0142oszeniowy - Konkurs pisania gier komputerowych \"D\u017cemik\"","og_url":"https:\/\/wi.pb.edu.pl\/dzemik\/formularz-zgloszeniowy\/","og_site_name":"Konkurs pisania gier komputerowych \"D\u017cemik\"","article_modified_time":"2026-04-20T21:05:39+00:00","twitter_card":"summary_large_image","twitter_misc":{"Szacowany czas czytania":"1 minuta"},"schema":{"@context":"https:\/\/schema.org","@graph":[{"@type":"WebPage","@id":"https:\/\/wi.pb.edu.pl\/dzemik\/formularz-zgloszeniowy\/","url":"https:\/\/wi.pb.edu.pl\/dzemik\/formularz-zgloszeniowy\/","name":"Formularz zg\u0142oszeniowy - Konkurs pisania gier komputerowych \"D\u017cemik\"","isPartOf":{"@id":"https:\/\/wi.pb.edu.pl\/dzemik\/#website"},"datePublished":"2024-01-29T22:35:34+00:00","dateModified":"2026-04-20T21:05:39+00:00","breadcrumb":{"@id":"https:\/\/wi.pb.edu.pl\/dzemik\/formularz-zgloszeniowy\/#breadcrumb"},"inLanguage":"pl-PL","potentialAction":[{"@type":"ReadAction","target":["https:\/\/wi.pb.edu.pl\/dzemik\/formularz-zgloszeniowy\/"]}]},{"@type":"BreadcrumbList","@id":"https:\/\/wi.pb.edu.pl\/dzemik\/formularz-zgloszeniowy\/#breadcrumb","itemListElement":[{"@type":"ListItem","position":1,"name":"Strona g\u0142\u00f3wna","item":"https:\/\/wi.pb.edu.pl\/dzemik\/"},{"@type":"ListItem","position":2,"name":"Formularz zg\u0142oszeniowy"}]},{"@type":"WebSite","@id":"https:\/\/wi.pb.edu.pl\/dzemik\/#website","url":"https:\/\/wi.pb.edu.pl\/dzemik\/","name":"Konkurs pisania gier komputerowych \"D\u017cemik\"","description":"","potentialAction":[{"@type":"SearchAction","target":{"@type":"EntryPoint","urlTemplate":"https:\/\/wi.pb.edu.pl\/dzemik\/?s={search_term_string}"},"query-input":{"@type":"PropertyValueSpecification","valueRequired":true,"valueName":"search_term_string"}}],"inLanguage":"pl-PL"}]}},"_links":{"self":[{"href":"https:\/\/wi.pb.edu.pl\/dzemik\/wp-json\/wp\/v2\/pages\/62","targetHints":{"allow":["GET"]}}],"collection":[{"href":"https:\/\/wi.pb.edu.pl\/dzemik\/wp-json\/wp\/v2\/pages"}],"about":[{"href":"https:\/\/wi.pb.edu.pl\/dzemik\/wp-json\/wp\/v2\/types\/page"}],"author":[{"embeddable":true,"href":"https:\/\/wi.pb.edu.pl\/dzemik\/wp-json\/wp\/v2\/users\/2"}],"replies":[{"embeddable":true,"href":"https:\/\/wi.pb.edu.pl\/dzemik\/wp-json\/wp\/v2\/comments?post=62"}],"version-history":[{"count":3,"href":"https:\/\/wi.pb.edu.pl\/dzemik\/wp-json\/wp\/v2\/pages\/62\/revisions"}],"predecessor-version":[{"id":296,"href":"https:\/\/wi.pb.edu.pl\/dzemik\/wp-json\/wp\/v2\/pages\/62\/revisions\/296"}],"wp:attachment":[{"href":"https:\/\/wi.pb.edu.pl\/dzemik\/wp-json\/wp\/v2\/media?parent=62"}],"curies":[{"name":"wp","href":"https:\/\/api.w.org\/{rel}","templated":true}]}}