{"id":10096,"date":"2018-02-11T15:53:38","date_gmt":"2018-02-11T15:53:38","guid":{"rendered":"https:\/\/wi.pb.edu.pl\/kandydaci\/"},"modified":"2024-03-28T11:20:20","modified_gmt":"2024-03-28T10:20:20","slug":"admission","status":"publish","type":"page","link":"https:\/\/wi.pb.edu.pl\/en\/admission\/","title":{"rendered":"Admission"},"content":{"rendered":"<p><img loading=\"lazy\" decoding=\"async\" class=\"alignnone size-full wp-image-8894\" src=\"https:\/\/wi.pb.edu.pl\/wp-content\/uploads\/2018\/04\/Kandydaci_Tadejko_1240.jpg\" alt=\"Teacher\" width=\"1240\" height=\"827\" srcset=\"https:\/\/wi.pb.edu.pl\/wp-content\/uploads\/2018\/04\/Kandydaci_Tadejko_1240.jpg 1240w, https:\/\/wi.pb.edu.pl\/wp-content\/uploads\/2018\/04\/Kandydaci_Tadejko_1240-300x200.jpg 300w, https:\/\/wi.pb.edu.pl\/wp-content\/uploads\/2018\/04\/Kandydaci_Tadejko_1240-1024x683.jpg 1024w, https:\/\/wi.pb.edu.pl\/wp-content\/uploads\/2018\/04\/Kandydaci_Tadejko_1240-768x512.jpg 768w, https:\/\/wi.pb.edu.pl\/wp-content\/uploads\/2018\/04\/Kandydaci_Tadejko_1240-480x320.jpg 480w\" sizes=\"auto, (max-width: 1240px) 100vw, 1240px\" \/><\/p>\n<div class=\"lead font-500\"><strong>Faculty of Computer Science<\/strong> offers following courses in English for international full time students&#8230;<\/div>\n<div class=\"text-right\"><a class=\"button text-center animated zoomIn lead font-500\" href=\"\/en\/admission\/study-offer\/\">Find out more<\/a><\/div>\n<p>&nbsp;<\/p>\n","protected":false},"excerpt":{"rendered":"<p>Faculty of Computer Science offers following courses in English for international full time students&#8230; Find<a class=\"read-more\" href=\"https:\/\/wi.pb.edu.pl\/en\/admission\/\" title=\"Poka\u017c artyku\u0142 Admission\">more<\/a><\/p>\n","protected":false},"author":2,"featured_media":8894,"parent":0,"menu_order":9,"comment_status":"closed","ping_status":"closed","template":"","meta":{"inline_featured_image":false,"ngg_post_thumbnail":0,"footnotes":""},"class_list":["post-10096","page","type-page","status-publish","has-post-thumbnail","hentry"],"acf":[],"yoast_head":"<!-- This site is optimized with the Yoast SEO plugin v26.4 - https:\/\/yoast.com\/wordpress\/plugins\/seo\/ -->\n<title>Admission - Faculty of Computer Science<\/title>\n<meta name=\"description\" content=\"Absolwenci kierunk\u00f3w: informatyka, informatyka i ekonometria, matematyka stosowana, to obecnie najbardziej poszukiwani specjali\u015bci na rynku bran\u017cy IT.\" \/>\n<meta name=\"robots\" content=\"index, follow, max-snippet:-1, max-image-preview:large, max-video-preview:-1\" \/>\n<link rel=\"canonical\" href=\"https:\/\/wi.pb.edu.pl\/en\/admission\/\" \/>\n<meta property=\"og:locale\" content=\"en_US\" \/>\n<meta property=\"og:type\" content=\"article\" \/>\n<meta property=\"og:title\" content=\"Admission - Faculty of Computer Science\" \/>\n<meta property=\"og:description\" content=\"Absolwenci kierunk\u00f3w: informatyka, informatyka i ekonometria, matematyka stosowana, to obecnie najbardziej poszukiwani specjali\u015bci na rynku bran\u017cy IT.\" \/>\n<meta property=\"og:url\" content=\"https:\/\/wi.pb.edu.pl\/en\/admission\/\" \/>\n<meta property=\"og:site_name\" content=\"Faculty of Computer Science\" \/>\n<meta property=\"article:modified_time\" content=\"2024-03-28T10:20:20+00:00\" \/>\n<meta property=\"og:image\" content=\"https:\/\/wi.pb.edu.pl\/wp-content\/uploads\/2018\/04\/Kandydaci_Tadejko_1240.jpg\" \/>\n\t<meta property=\"og:image:width\" content=\"1240\" \/>\n\t<meta property=\"og:image:height\" content=\"827\" \/>\n\t<meta property=\"og:image:type\" content=\"image\/jpeg\" \/>\n<meta name=\"twitter:label1\" content=\"Est. reading time\" \/>\n\t<meta name=\"twitter:data1\" content=\"1 minute\" \/>\n<script type=\"application\/ld+json\" class=\"yoast-schema-graph\">{\"@context\":\"https:\/\/schema.org\",\"@graph\":[{\"@type\":\"WebPage\",\"@id\":\"https:\/\/wi.pb.edu.pl\/en\/admission\/\",\"url\":\"https:\/\/wi.pb.edu.pl\/en\/admission\/\",\"name\":\"Admission - Faculty of Computer Science\",\"isPartOf\":{\"@id\":\"https:\/\/wi.pb.edu.pl\/en\/#website\"},\"primaryImageOfPage\":{\"@id\":\"https:\/\/wi.pb.edu.pl\/en\/admission\/#primaryimage\"},\"image\":{\"@id\":\"https:\/\/wi.pb.edu.pl\/en\/admission\/#primaryimage\"},\"thumbnailUrl\":\"https:\/\/wi.pb.edu.pl\/wp-content\/uploads\/2018\/04\/Kandydaci_Tadejko_1240.jpg\",\"datePublished\":\"2018-02-11T15:53:38+00:00\",\"dateModified\":\"2024-03-28T10:20:20+00:00\",\"description\":\"Absolwenci kierunk\u00f3w: informatyka, informatyka i ekonometria, matematyka stosowana, to obecnie najbardziej poszukiwani specjali\u015bci na rynku bran\u017cy IT.\",\"breadcrumb\":{\"@id\":\"https:\/\/wi.pb.edu.pl\/en\/admission\/#breadcrumb\"},\"inLanguage\":\"en-US\",\"potentialAction\":[{\"@type\":\"ReadAction\",\"target\":[\"https:\/\/wi.pb.edu.pl\/en\/admission\/\"]}]},{\"@type\":\"ImageObject\",\"inLanguage\":\"en-US\",\"@id\":\"https:\/\/wi.pb.edu.pl\/en\/admission\/#primaryimage\",\"url\":\"https:\/\/wi.pb.edu.pl\/wp-content\/uploads\/2018\/04\/Kandydaci_Tadejko_1240.jpg\",\"contentUrl\":\"https:\/\/wi.pb.edu.pl\/wp-content\/uploads\/2018\/04\/Kandydaci_Tadejko_1240.jpg\",\"width\":1240,\"height\":827,\"caption\":\"Teacher\"},{\"@type\":\"BreadcrumbList\",\"@id\":\"https:\/\/wi.pb.edu.pl\/en\/admission\/#breadcrumb\",\"itemListElement\":[{\"@type\":\"ListItem\",\"position\":1,\"name\":\"Strona g\u0142\u00f3wna\",\"item\":\"https:\/\/wi.pb.edu.pl\/en\/\"},{\"@type\":\"ListItem\",\"position\":2,\"name\":\"Admission\"}]},{\"@type\":\"WebSite\",\"@id\":\"https:\/\/wi.pb.edu.pl\/en\/#website\",\"url\":\"https:\/\/wi.pb.edu.pl\/en\/\",\"name\":\"Faculty of Computer Science\",\"description\":\"\",\"potentialAction\":[{\"@type\":\"SearchAction\",\"target\":{\"@type\":\"EntryPoint\",\"urlTemplate\":\"https:\/\/wi.pb.edu.pl\/en\/?s={search_term_string}\"},\"query-input\":{\"@type\":\"PropertyValueSpecification\",\"valueRequired\":true,\"valueName\":\"search_term_string\"}}],\"inLanguage\":\"en-US\"}]}<\/script>\n<!-- \/ Yoast SEO plugin. -->","yoast_head_json":{"title":"Admission - Faculty of Computer Science","description":"Absolwenci kierunk\u00f3w: informatyka, informatyka i ekonometria, matematyka stosowana, to obecnie najbardziej poszukiwani specjali\u015bci na rynku bran\u017cy IT.","robots":{"index":"index","follow":"follow","max-snippet":"max-snippet:-1","max-image-preview":"max-image-preview:large","max-video-preview":"max-video-preview:-1"},"canonical":"https:\/\/wi.pb.edu.pl\/en\/admission\/","og_locale":"en_US","og_type":"article","og_title":"Admission - Faculty of Computer Science","og_description":"Absolwenci kierunk\u00f3w: informatyka, informatyka i ekonometria, matematyka stosowana, to obecnie najbardziej poszukiwani specjali\u015bci na rynku bran\u017cy IT.","og_url":"https:\/\/wi.pb.edu.pl\/en\/admission\/","og_site_name":"Faculty of Computer Science","article_modified_time":"2024-03-28T10:20:20+00:00","og_image":[{"width":1240,"height":827,"url":"https:\/\/wi.pb.edu.pl\/wp-content\/uploads\/2018\/04\/Kandydaci_Tadejko_1240.jpg","type":"image\/jpeg"}],"twitter_misc":{"Est. reading time":"1 minute"},"schema":{"@context":"https:\/\/schema.org","@graph":[{"@type":"WebPage","@id":"https:\/\/wi.pb.edu.pl\/en\/admission\/","url":"https:\/\/wi.pb.edu.pl\/en\/admission\/","name":"Admission - Faculty of Computer Science","isPartOf":{"@id":"https:\/\/wi.pb.edu.pl\/en\/#website"},"primaryImageOfPage":{"@id":"https:\/\/wi.pb.edu.pl\/en\/admission\/#primaryimage"},"image":{"@id":"https:\/\/wi.pb.edu.pl\/en\/admission\/#primaryimage"},"thumbnailUrl":"https:\/\/wi.pb.edu.pl\/wp-content\/uploads\/2018\/04\/Kandydaci_Tadejko_1240.jpg","datePublished":"2018-02-11T15:53:38+00:00","dateModified":"2024-03-28T10:20:20+00:00","description":"Absolwenci kierunk\u00f3w: informatyka, informatyka i ekonometria, matematyka stosowana, to obecnie najbardziej poszukiwani specjali\u015bci na rynku bran\u017cy IT.","breadcrumb":{"@id":"https:\/\/wi.pb.edu.pl\/en\/admission\/#breadcrumb"},"inLanguage":"en-US","potentialAction":[{"@type":"ReadAction","target":["https:\/\/wi.pb.edu.pl\/en\/admission\/"]}]},{"@type":"ImageObject","inLanguage":"en-US","@id":"https:\/\/wi.pb.edu.pl\/en\/admission\/#primaryimage","url":"https:\/\/wi.pb.edu.pl\/wp-content\/uploads\/2018\/04\/Kandydaci_Tadejko_1240.jpg","contentUrl":"https:\/\/wi.pb.edu.pl\/wp-content\/uploads\/2018\/04\/Kandydaci_Tadejko_1240.jpg","width":1240,"height":827,"caption":"Teacher"},{"@type":"BreadcrumbList","@id":"https:\/\/wi.pb.edu.pl\/en\/admission\/#breadcrumb","itemListElement":[{"@type":"ListItem","position":1,"name":"Strona g\u0142\u00f3wna","item":"https:\/\/wi.pb.edu.pl\/en\/"},{"@type":"ListItem","position":2,"name":"Admission"}]},{"@type":"WebSite","@id":"https:\/\/wi.pb.edu.pl\/en\/#website","url":"https:\/\/wi.pb.edu.pl\/en\/","name":"Faculty of Computer Science","description":"","potentialAction":[{"@type":"SearchAction","target":{"@type":"EntryPoint","urlTemplate":"https:\/\/wi.pb.edu.pl\/en\/?s={search_term_string}"},"query-input":{"@type":"PropertyValueSpecification","valueRequired":true,"valueName":"search_term_string"}}],"inLanguage":"en-US"}]}},"_links":{"self":[{"href":"https:\/\/wi.pb.edu.pl\/en\/wp-json\/wp\/v2\/pages\/10096","targetHints":{"allow":["GET"]}}],"collection":[{"href":"https:\/\/wi.pb.edu.pl\/en\/wp-json\/wp\/v2\/pages"}],"about":[{"href":"https:\/\/wi.pb.edu.pl\/en\/wp-json\/wp\/v2\/types\/page"}],"author":[{"embeddable":true,"href":"https:\/\/wi.pb.edu.pl\/en\/wp-json\/wp\/v2\/users\/2"}],"replies":[{"embeddable":true,"href":"https:\/\/wi.pb.edu.pl\/en\/wp-json\/wp\/v2\/comments?post=10096"}],"version-history":[{"count":12,"href":"https:\/\/wi.pb.edu.pl\/en\/wp-json\/wp\/v2\/pages\/10096\/revisions"}],"predecessor-version":[{"id":13080,"href":"https:\/\/wi.pb.edu.pl\/en\/wp-json\/wp\/v2\/pages\/10096\/revisions\/13080"}],"wp:featuredmedia":[{"embeddable":true,"href":"https:\/\/wi.pb.edu.pl\/en\/wp-json\/wp\/v2\/media\/8894"}],"wp:attachment":[{"href":"https:\/\/wi.pb.edu.pl\/en\/wp-json\/wp\/v2\/media?parent=10096"}],"curies":[{"name":"wp","href":"https:\/\/api.w.org\/{rel}","templated":true}]}}