{"id":10274,"date":"2022-06-21T21:47:52","date_gmt":"2022-06-21T20:47:52","guid":{"rendered":"https:\/\/wi.pb.edu.pl\/?page_id=10274"},"modified":"2022-06-21T22:05:57","modified_gmt":"2022-06-21T21:05:57","slug":"scientific-cooperation","status":"publish","type":"page","link":"https:\/\/wi.pb.edu.pl\/en\/cooperation\/scientific-cooperation\/","title":{"rendered":"Scientific cooperation"},"content":{"rendered":"<p>&nbsp;<\/p>\n<table class=\"table\" style=\"width: 99.9275%;\">\n<tbody>\n<tr>\n<td style=\"width: 32px;\">#<\/td>\n<td style=\"width: 210px;\"><strong>Country<\/strong><\/td>\n<td style=\"width: 451px;\"><strong>University<\/strong><\/td>\n<td style=\"width: 685px;\">&nbsp;<strong>Title of cooperator<\/strong><\/td>\n<\/tr>\n<tr>\n<td style=\"width: 32px;\" rowspan=\"2\">1.<\/td>\n<td style=\"width: 210px;\" rowspan=\"2\"><strong>Estonia\/Estonia<\/strong><\/td>\n<td style=\"width: 451px;\" rowspan=\"2\">Instytut Cybernetyki przy Politechnice w Tallinie&nbsp;<strong>\/&nbsp;<\/strong>Institute of Cybernetics at Tallin Technical University<\/td>\n<td style=\"width: 685px;\">Observer form for control systems defined on time scales<\/td>\n<\/tr>\n<tr>\n<td style=\"width: 685px;\">Metody algebraiczne w nieliniowej teorii sterowania-projekt badawczy.&nbsp;<strong>\/&nbsp;<\/strong>&nbsp;Algebraic Tools and Software for Automatic Control.<\/td>\n<\/tr>\n<tr>\n<td style=\"width: 32px;\">2.<\/td>\n<td style=\"width: 210px;\"><strong>Portugalia\/Portugal<\/strong><\/td>\n<td style=\"width: 451px;\">Uniwersytet w Aveiro&nbsp;<strong>\/&nbsp;<\/strong>University of Aveiro<\/td>\n<td style=\"width: 685px;\">Zastosowania i popularyzacja matematyki.&nbsp;<strong>\/&nbsp;<\/strong>Applications and popularization of Mathematics.<\/td>\n<\/tr>\n<tr>\n<td style=\"width: 32px;\">3.<\/td>\n<td style=\"width: 210px;\"><strong>Francja\/France<\/strong><\/td>\n<td style=\"width: 451px;\">Uniwersytet Rennes 1&nbsp;<strong>\/&nbsp;<\/strong>University of Rennes 1<\/td>\n<td style=\"width: 685px;\">Wsp\u00f3\u0142praca w ramach programu Polonium oraz Programu roboczego Modelowanie i przetwarzanie obraz\u00f3w biomedycznych.&nbsp;<strong>\/&nbsp;<\/strong>Biomedical image modeling and processing.<\/td>\n<\/tr>\n<tr>\n<td style=\"width: 32px;\">4.<\/td>\n<td style=\"width: 210px;\"><strong>Portugalia\/Portugal<\/strong><\/td>\n<td style=\"width: 451px;\">University of Tras-os-Montes e Alto Douro<\/td>\n<td style=\"width: 685px;\">Zastosowanie i popularyzacja matematyki.&nbsp;<strong>\/&nbsp;<\/strong>Applications and popularization of Mathematics.<\/td>\n<\/tr>\n<tr>\n<td style=\"width: 32px;\">5.<\/td>\n<td style=\"width: 210px;\"><strong>Japonia\/Japan<\/strong><\/td>\n<td style=\"width: 451px;\">Tokyo Metropolitan University<\/td>\n<td style=\"width: 685px;\">Rozpoznawanie odr\u0119cznego pisma japo\u0144skiego<\/td>\n<\/tr>\n<tr>\n<td style=\"width: 32px;\">6.<\/td>\n<td style=\"width: 210px;\"><strong>Indie\/India<\/strong><\/td>\n<td style=\"width: 451px;\">University of Calcutta<\/td>\n<td style=\"width: 685px;\">Wykrywanie granicy \u017arenicy oka ludzkiego oraz analiza obraz\u00f3w medycznych w celu detekcji zmian patologicznych oraz oceny mo\u017cliwo\u015bci rozwoju choroby<\/td>\n<\/tr>\n<tr>\n<td style=\"width: 32px;\">7.<\/td>\n<td style=\"width: 210px;\"><strong>Rumunia\/Romania<\/strong><\/td>\n<td style=\"width: 451px;\">West University of Timisoara<\/td>\n<td style=\"width: 685px;\">Cooperation in the field of modernization, standardization and adjustment of a university curriculum and courses of training to the university&#8217;s educational requirements as well as in the field of science and technology by carrying out joint research projects and technical expertise, transfer of technologies and management methodology.<\/td>\n<\/tr>\n<\/tbody>\n<\/table>\n","protected":false},"excerpt":{"rendered":"<p>&nbsp; # Country University &nbsp;Title of cooperator 1. Estonia\/Estonia Instytut Cybernetyki przy Politechnice w Tallinie&nbsp;\/&nbsp;Institute<a class=\"read-more\" href=\"https:\/\/wi.pb.edu.pl\/en\/cooperation\/scientific-cooperation\/\" title=\"Poka\u017c artyku\u0142 Scientific cooperation\">more<\/a><\/p>\n","protected":false},"author":2,"featured_media":0,"parent":10261,"menu_order":2,"comment_status":"closed","ping_status":"closed","template":"","meta":{"inline_featured_image":false,"ngg_post_thumbnail":0,"footnotes":""},"class_list":["post-10274","page","type-page","status-publish","hentry"],"acf":[],"yoast_head":"<!-- This site is optimized with the Yoast SEO plugin v26.4 - https:\/\/yoast.com\/wordpress\/plugins\/seo\/ -->\n<title>Scientific cooperation - Faculty of Computer Science<\/title>\n<meta name=\"description\" content=\"&nbsp; # Country University &nbsp;Title of cooperator 1. Estonia\/Estonia Instytut Cybernetyki przy Politechnice w Tallinie&nbsp;\/&nbsp;Institute of\" \/>\n<meta name=\"robots\" content=\"index, follow, max-snippet:-1, max-image-preview:large, max-video-preview:-1\" \/>\n<link rel=\"canonical\" href=\"https:\/\/wi.pb.edu.pl\/en\/cooperation\/scientific-cooperation\/\" \/>\n<meta property=\"og:locale\" content=\"en_US\" \/>\n<meta property=\"og:type\" content=\"article\" \/>\n<meta property=\"og:title\" content=\"Scientific cooperation - Faculty of Computer Science\" \/>\n<meta property=\"og:description\" content=\"&nbsp; # Country University &nbsp;Title of cooperator 1. Estonia\/Estonia Instytut Cybernetyki przy Politechnice w Tallinie&nbsp;\/&nbsp;Institute of\" \/>\n<meta property=\"og:url\" content=\"https:\/\/wi.pb.edu.pl\/en\/cooperation\/scientific-cooperation\/\" \/>\n<meta property=\"og:site_name\" content=\"Faculty of Computer Science\" \/>\n<meta property=\"article:modified_time\" content=\"2022-06-21T21:05:57+00:00\" \/>\n<meta name=\"twitter:label1\" content=\"Est. reading time\" \/>\n\t<meta name=\"twitter:data1\" content=\"1 minute\" \/>\n<script type=\"application\/ld+json\" class=\"yoast-schema-graph\">{\"@context\":\"https:\/\/schema.org\",\"@graph\":[{\"@type\":\"WebPage\",\"@id\":\"https:\/\/wi.pb.edu.pl\/en\/cooperation\/scientific-cooperation\/\",\"url\":\"https:\/\/wi.pb.edu.pl\/en\/cooperation\/scientific-cooperation\/\",\"name\":\"Scientific cooperation - Faculty of Computer Science\",\"isPartOf\":{\"@id\":\"https:\/\/wi.pb.edu.pl\/en\/#website\"},\"datePublished\":\"2022-06-21T20:47:52+00:00\",\"dateModified\":\"2022-06-21T21:05:57+00:00\",\"description\":\"&nbsp; # Country University &nbsp;Title of cooperator 1. Estonia\/Estonia Instytut Cybernetyki przy Politechnice w Tallinie&nbsp;\/&nbsp;Institute of\",\"breadcrumb\":{\"@id\":\"https:\/\/wi.pb.edu.pl\/en\/cooperation\/scientific-cooperation\/#breadcrumb\"},\"inLanguage\":\"en-US\",\"potentialAction\":[{\"@type\":\"ReadAction\",\"target\":[\"https:\/\/wi.pb.edu.pl\/en\/cooperation\/scientific-cooperation\/\"]}]},{\"@type\":\"BreadcrumbList\",\"@id\":\"https:\/\/wi.pb.edu.pl\/en\/cooperation\/scientific-cooperation\/#breadcrumb\",\"itemListElement\":[{\"@type\":\"ListItem\",\"position\":1,\"name\":\"Strona g\u0142\u00f3wna\",\"item\":\"https:\/\/wi.pb.edu.pl\/en\/\"},{\"@type\":\"ListItem\",\"position\":2,\"name\":\"Cooperation\",\"item\":\"https:\/\/wi.pb.edu.pl\/en\/cooperation\/\"},{\"@type\":\"ListItem\",\"position\":3,\"name\":\"Scientific cooperation\"}]},{\"@type\":\"WebSite\",\"@id\":\"https:\/\/wi.pb.edu.pl\/en\/#website\",\"url\":\"https:\/\/wi.pb.edu.pl\/en\/\",\"name\":\"Faculty of Computer Science\",\"description\":\"\",\"potentialAction\":[{\"@type\":\"SearchAction\",\"target\":{\"@type\":\"EntryPoint\",\"urlTemplate\":\"https:\/\/wi.pb.edu.pl\/en\/?s={search_term_string}\"},\"query-input\":{\"@type\":\"PropertyValueSpecification\",\"valueRequired\":true,\"valueName\":\"search_term_string\"}}],\"inLanguage\":\"en-US\"}]}<\/script>\n<!-- \/ Yoast SEO plugin. -->","yoast_head_json":{"title":"Scientific cooperation - Faculty of Computer Science","description":"&nbsp; # Country University &nbsp;Title of cooperator 1. Estonia\/Estonia Instytut Cybernetyki przy Politechnice w Tallinie&nbsp;\/&nbsp;Institute of","robots":{"index":"index","follow":"follow","max-snippet":"max-snippet:-1","max-image-preview":"max-image-preview:large","max-video-preview":"max-video-preview:-1"},"canonical":"https:\/\/wi.pb.edu.pl\/en\/cooperation\/scientific-cooperation\/","og_locale":"en_US","og_type":"article","og_title":"Scientific cooperation - Faculty of Computer Science","og_description":"&nbsp; # Country University &nbsp;Title of cooperator 1. Estonia\/Estonia Instytut Cybernetyki przy Politechnice w Tallinie&nbsp;\/&nbsp;Institute of","og_url":"https:\/\/wi.pb.edu.pl\/en\/cooperation\/scientific-cooperation\/","og_site_name":"Faculty of Computer Science","article_modified_time":"2022-06-21T21:05:57+00:00","twitter_misc":{"Est. reading time":"1 minute"},"schema":{"@context":"https:\/\/schema.org","@graph":[{"@type":"WebPage","@id":"https:\/\/wi.pb.edu.pl\/en\/cooperation\/scientific-cooperation\/","url":"https:\/\/wi.pb.edu.pl\/en\/cooperation\/scientific-cooperation\/","name":"Scientific cooperation - Faculty of Computer Science","isPartOf":{"@id":"https:\/\/wi.pb.edu.pl\/en\/#website"},"datePublished":"2022-06-21T20:47:52+00:00","dateModified":"2022-06-21T21:05:57+00:00","description":"&nbsp; # Country University &nbsp;Title of cooperator 1. Estonia\/Estonia Instytut Cybernetyki przy Politechnice w Tallinie&nbsp;\/&nbsp;Institute of","breadcrumb":{"@id":"https:\/\/wi.pb.edu.pl\/en\/cooperation\/scientific-cooperation\/#breadcrumb"},"inLanguage":"en-US","potentialAction":[{"@type":"ReadAction","target":["https:\/\/wi.pb.edu.pl\/en\/cooperation\/scientific-cooperation\/"]}]},{"@type":"BreadcrumbList","@id":"https:\/\/wi.pb.edu.pl\/en\/cooperation\/scientific-cooperation\/#breadcrumb","itemListElement":[{"@type":"ListItem","position":1,"name":"Strona g\u0142\u00f3wna","item":"https:\/\/wi.pb.edu.pl\/en\/"},{"@type":"ListItem","position":2,"name":"Cooperation","item":"https:\/\/wi.pb.edu.pl\/en\/cooperation\/"},{"@type":"ListItem","position":3,"name":"Scientific cooperation"}]},{"@type":"WebSite","@id":"https:\/\/wi.pb.edu.pl\/en\/#website","url":"https:\/\/wi.pb.edu.pl\/en\/","name":"Faculty of Computer Science","description":"","potentialAction":[{"@type":"SearchAction","target":{"@type":"EntryPoint","urlTemplate":"https:\/\/wi.pb.edu.pl\/en\/?s={search_term_string}"},"query-input":{"@type":"PropertyValueSpecification","valueRequired":true,"valueName":"search_term_string"}}],"inLanguage":"en-US"}]}},"_links":{"self":[{"href":"https:\/\/wi.pb.edu.pl\/en\/wp-json\/wp\/v2\/pages\/10274","targetHints":{"allow":["GET"]}}],"collection":[{"href":"https:\/\/wi.pb.edu.pl\/en\/wp-json\/wp\/v2\/pages"}],"about":[{"href":"https:\/\/wi.pb.edu.pl\/en\/wp-json\/wp\/v2\/types\/page"}],"author":[{"embeddable":true,"href":"https:\/\/wi.pb.edu.pl\/en\/wp-json\/wp\/v2\/users\/2"}],"replies":[{"embeddable":true,"href":"https:\/\/wi.pb.edu.pl\/en\/wp-json\/wp\/v2\/comments?post=10274"}],"version-history":[{"count":2,"href":"https:\/\/wi.pb.edu.pl\/en\/wp-json\/wp\/v2\/pages\/10274\/revisions"}],"predecessor-version":[{"id":10298,"href":"https:\/\/wi.pb.edu.pl\/en\/wp-json\/wp\/v2\/pages\/10274\/revisions\/10298"}],"up":[{"embeddable":true,"href":"https:\/\/wi.pb.edu.pl\/en\/wp-json\/wp\/v2\/pages\/10261"}],"wp:attachment":[{"href":"https:\/\/wi.pb.edu.pl\/en\/wp-json\/wp\/v2\/media?parent=10274"}],"curies":[{"name":"wp","href":"https:\/\/api.w.org\/{rel}","templated":true}]}}