{"id":10293,"date":"2022-06-21T22:01:54","date_gmt":"2022-06-21T21:01:54","guid":{"rendered":"https:\/\/wi.pb.edu.pl\/?page_id=10293"},"modified":"2022-06-21T22:03:04","modified_gmt":"2022-06-21T21:03:04","slug":"t-samojlik-books-and-projects","status":"publish","type":"page","link":"https:\/\/wi.pb.edu.pl\/en\/cooperation\/t-samojlik-books-and-projects\/","title":{"rendered":"T. Samojlik Books and Projects"},"content":{"rendered":"<figure id=\"attachment_120\" aria-describedby=\"caption-attachment-120\" style=\"width: 300px\" class=\"wp-caption alignnone\"><img loading=\"lazy\" decoding=\"async\" class=\"wp-image-120 size-medium\" src=\"https:\/\/wi.pb.edu.pl\/en\/wp-content\/uploads\/sites\/2\/2018\/04\/Samojlik-fot.Igor-Banaszczyk-300x225.jpg\" alt=\"\" width=\"300\" height=\"225\"><figcaption id=\"caption-attachment-120\" class=\"wp-caption-text\">phot. Igor Banaszczyk<\/figcaption><\/figure>\n<p>&nbsp;<\/p>\n<div class=\"panel-group\" id=\"custom-collapse-0\">\n<div class=\"panel panel-default\">\n\t\t\t\t<div class=\"panel-heading\">\n\t\t\t\t\t<div class=\"panel-title\">\n\t\t\t\t\t\t<a class=\"collapsed h4\" data-toggle=\"collapse\" data-parent=\"#custom-collapse-0\" href=\"#custom-collapse-0-0\">About author<\/a>\n\t\t\t\t\t<\/div>\n\t\t\t\t<\/div>\n\t\t\t\t<div id=\"custom-collapse-0-0\" class=\"panel-collapse collapse\">\n\t\t\t\t\t<div class=\"panel-body\">\n<p>Tomasz Samojlik is an author of comics and books for children. He has created characters like Pompik the bison and Dobrzyk, the shrew of destiny. He was born in 1978 in Hajn\u00f3wka. He has a PhD in biology and works at the Mammal Research Institute of the Polish Science Academy in Bia\u0142owie\u017ca. His research interests include environmental history and historical ecology, especially the impact of man on Bia\u0142owie\u017ca Primeval Forest. His most known creations are educational comics which popularize science and knowledge of nature and its history. Main characters in Samojlik&#8217;s works are the European bison and the shrew &#8211; the biggest and the smallest mammals in Europe. More about his creations:&nbsp;<a href=\"http:\/\/wiedzmun.blogspot.com\/\" target=\"_blank\" rel=\"noopener\">wiedzmun.blogspot.com<\/a>, Twitter: @wiedzmun<\/p>\n<ul>\n<li>Samojlik T. 2015. Powr\u00f3t rz\u0119sorka. Kultura Gniewu, Warszawa.<\/li>\n<li>Samojlik T. 2014. Ryj\u00f3wka przeznaczenia. Wydanie drugie, zmienione. Kultura Gniewu, Warszawa.<\/li>\n<li>Samojlik T. 2014. Ostatni \u017cubr. Wydanie trzecie, zmienione. Kultura Gniewu, Warszawa.<\/li>\n<li>Samojlik T. 2014. Forest beekeeper and the treasure of pushcha. Centrala, Londyn.<\/li>\n<li>Samojlik T. 2013. Bartnik Ignat i skarb puszczy. Centrala, Pozna\u0144.<\/li>\n<li>Samojlik T. 2013. Norka zag\u0142ady. Kultura Gniewu, Warszawa.<\/li>\n<li>Samojlik T. 2012. Naucz\u0119 ci\u0119 p\u0142ywa\u0107, moja wyderko. Urz\u0105d Miasta Hajn\u00f3wka, Hajn\u00f3wka.<\/li>\n<li>Samojlik T. 2012. Wilk Ambaras. WWF Polska, Warszawa.<\/li>\n<li>Samojlik T. 2012. Ryj\u00f3wka przeznaczenia. Instytut Biologii Ssak\u00f3w PAN, Bia\u0142owie\u017ca.<\/li>\n<li>Samojlik T. 2011. \u017bubr Pompik. Kolory jesieni i pozosta\u0142e historie. Wydawnictwo Aksjomat, Krak\u00f3w.<\/li>\n<li>Samojlik T. 2011. The Last Bison. Instytut Biologii Ssak\u00f3w PAN, Bia\u0142owie\u017ca.<\/li>\n<li>Samojlik T. 2010. \u017bubr \u017bor\u017c. Zak\u0142ad Badania Ssak\u00f3w PAN, Bia\u0142owie\u017ca.<\/li>\n<li>Samojlik T. 2010. \u017bubr Pompik. Letni zmierzch i inne opowie\u015bci. Wydawnictwo Aksjomat, Krak\u00f3w.<\/li>\n<li>Samojlik T. 2010. \u017bubr Pompik. Zapach wiosny i inne historie. Wydawnictwo Aksjomat, Krak\u00f3w.<\/li>\n<li>Samojlik T. 2009. Ostatni \u017cubr. Zak\u0142ad Badania Ssak\u00f3w PAN, Bia\u0142owie\u017ca.<\/li>\n<li>Samojlik T. 2008. \u017bubr Pompik. Tropy na \u015bniegu i inne opowie\u015bci. Wydawnictwo Aksjomat, Krak\u00f3w.<\/li>\n<\/ul>\n<p><b>Graphics for books<\/b><\/p>\n<ul>\n<li>Miko\u0142uszko W. 2015. Z tat\u0105 w przyrod\u0119. Multico Oficyna Wydawnicza, Warszawa.<\/li>\n<li>Musielak M. 2014. Sportowa rodzinka. Wydawnictwa Sportowe i Naukowe, Warszawa.<\/li>\n<li>Miko\u0142uszko W. 2012. Tato, a po co? Multico Oficyna Wydawnicza, Warszawa.<\/li>\n<li>Maruszczak M. 2012. Cia\u0142o. Jak to dzia\u0142a? Multico Oficyna Wydawnicza, Warszawa.<\/li>\n<li>Miko\u0142uszko W. 2010. Tato, a dlaczego? Multico Oficyna Wydawnicza, Warszawa.<\/li>\n<\/ul>\n<\/div>\n\t\t\t\t<\/div>\n\t\t\t<\/div>\n<\/div>\n<div class=\"h3\">Graphics for Faculty of Computer Science<\/div>\nngg_shortcode_0_placeholder\n<p>&nbsp;<\/p>\n<div class=\"h3\">ITEKO<\/div>\nngg_shortcode_1_placeholder\n<p>&nbsp;<\/p>\n<div class=\"h3\">CV &#8211; Covers of comics and books<\/div>\nngg_shortcode_2_placeholder\n","protected":false},"excerpt":{"rendered":"<p>&nbsp; Graphics for Faculty of Computer Science &#8221; order_by=&#8221;sortorder&#8221; order_direction=&#8221;ASC&#8221; returns=&#8221;included&#8221; maximum_entity_count=&#8221;500&#8243;] &nbsp; ITEKO &#8221;<a class=\"read-more\" href=\"https:\/\/wi.pb.edu.pl\/en\/cooperation\/t-samojlik-books-and-projects\/\" title=\"Poka\u017c artyku\u0142 T. Samojlik Books and Projects\">more<\/a><\/p>\n","protected":false},"author":2,"featured_media":0,"parent":10261,"menu_order":4,"comment_status":"closed","ping_status":"closed","template":"","meta":{"inline_featured_image":false,"ngg_post_thumbnail":0,"footnotes":""},"class_list":["post-10293","page","type-page","status-publish","hentry"],"acf":[],"yoast_head":"<!-- This site is optimized with the Yoast SEO plugin v26.4 - https:\/\/yoast.com\/wordpress\/plugins\/seo\/ -->\n<title>T. Samojlik Books and Projects - Faculty of Computer Science<\/title>\n<meta name=\"description\" content=\"&nbsp; Graphics for Faculty of Computer Science &quot; order_by=&quot;sortorder&quot; order_direction=&quot;ASC&quot; returns=&quot;included&quot; maximum_entity_count=&quot;500&quot;] &nbsp; ITEKO &quot;\" \/>\n<meta name=\"robots\" content=\"index, follow, max-snippet:-1, max-image-preview:large, max-video-preview:-1\" \/>\n<link rel=\"canonical\" href=\"https:\/\/wi.pb.edu.pl\/en\/cooperation\/t-samojlik-books-and-projects\/\" \/>\n<meta property=\"og:locale\" content=\"en_US\" \/>\n<meta property=\"og:type\" content=\"article\" \/>\n<meta property=\"og:title\" content=\"T. Samojlik Books and Projects - Faculty of Computer Science\" \/>\n<meta property=\"og:description\" content=\"&nbsp; Graphics for Faculty of Computer Science &quot; order_by=&quot;sortorder&quot; order_direction=&quot;ASC&quot; returns=&quot;included&quot; maximum_entity_count=&quot;500&quot;] &nbsp; ITEKO &quot;\" \/>\n<meta property=\"og:url\" content=\"https:\/\/wi.pb.edu.pl\/en\/cooperation\/t-samojlik-books-and-projects\/\" \/>\n<meta property=\"og:site_name\" content=\"Faculty of Computer Science\" \/>\n<meta property=\"article:modified_time\" content=\"2022-06-21T21:03:04+00:00\" \/>\n<meta property=\"og:image\" content=\"https:\/\/wi.pb.edu.pl\/en\/wp-content\/uploads\/sites\/2\/2018\/04\/Samojlik-fot.Igor-Banaszczyk-300x225.jpg\" \/>\n<meta name=\"twitter:label1\" content=\"Est. reading time\" \/>\n\t<meta name=\"twitter:data1\" content=\"3 minutes\" \/>\n<script type=\"application\/ld+json\" class=\"yoast-schema-graph\">{\"@context\":\"https:\/\/schema.org\",\"@graph\":[{\"@type\":\"WebPage\",\"@id\":\"https:\/\/wi.pb.edu.pl\/en\/cooperation\/t-samojlik-books-and-projects\/\",\"url\":\"https:\/\/wi.pb.edu.pl\/en\/cooperation\/t-samojlik-books-and-projects\/\",\"name\":\"T. Samojlik Books and Projects - Faculty of Computer Science\",\"isPartOf\":{\"@id\":\"https:\/\/wi.pb.edu.pl\/en\/#website\"},\"primaryImageOfPage\":{\"@id\":\"https:\/\/wi.pb.edu.pl\/en\/cooperation\/t-samojlik-books-and-projects\/#primaryimage\"},\"image\":{\"@id\":\"https:\/\/wi.pb.edu.pl\/en\/cooperation\/t-samojlik-books-and-projects\/#primaryimage\"},\"thumbnailUrl\":\"https:\/\/wi.pb.edu.pl\/en\/wp-content\/uploads\/sites\/2\/2018\/04\/Samojlik-fot.Igor-Banaszczyk-300x225.jpg\",\"datePublished\":\"2022-06-21T21:01:54+00:00\",\"dateModified\":\"2022-06-21T21:03:04+00:00\",\"description\":\"&nbsp; Graphics for Faculty of Computer Science \\\" order_by=\\\"sortorder\\\" order_direction=\\\"ASC\\\" returns=\\\"included\\\" maximum_entity_count=\\\"500\\\"] &nbsp; ITEKO \\\"\",\"breadcrumb\":{\"@id\":\"https:\/\/wi.pb.edu.pl\/en\/cooperation\/t-samojlik-books-and-projects\/#breadcrumb\"},\"inLanguage\":\"en-US\",\"potentialAction\":[{\"@type\":\"ReadAction\",\"target\":[\"https:\/\/wi.pb.edu.pl\/en\/cooperation\/t-samojlik-books-and-projects\/\"]}]},{\"@type\":\"ImageObject\",\"inLanguage\":\"en-US\",\"@id\":\"https:\/\/wi.pb.edu.pl\/en\/cooperation\/t-samojlik-books-and-projects\/#primaryimage\",\"url\":\"https:\/\/wi.pb.edu.pl\/en\/wp-content\/uploads\/sites\/2\/2018\/04\/Samojlik-fot.Igor-Banaszczyk-300x225.jpg\",\"contentUrl\":\"https:\/\/wi.pb.edu.pl\/en\/wp-content\/uploads\/sites\/2\/2018\/04\/Samojlik-fot.Igor-Banaszczyk-300x225.jpg\"},{\"@type\":\"BreadcrumbList\",\"@id\":\"https:\/\/wi.pb.edu.pl\/en\/cooperation\/t-samojlik-books-and-projects\/#breadcrumb\",\"itemListElement\":[{\"@type\":\"ListItem\",\"position\":1,\"name\":\"Strona g\u0142\u00f3wna\",\"item\":\"https:\/\/wi.pb.edu.pl\/en\/\"},{\"@type\":\"ListItem\",\"position\":2,\"name\":\"Cooperation\",\"item\":\"https:\/\/wi.pb.edu.pl\/en\/cooperation\/\"},{\"@type\":\"ListItem\",\"position\":3,\"name\":\"T. Samojlik Books and Projects\"}]},{\"@type\":\"WebSite\",\"@id\":\"https:\/\/wi.pb.edu.pl\/en\/#website\",\"url\":\"https:\/\/wi.pb.edu.pl\/en\/\",\"name\":\"Faculty of Computer Science\",\"description\":\"\",\"potentialAction\":[{\"@type\":\"SearchAction\",\"target\":{\"@type\":\"EntryPoint\",\"urlTemplate\":\"https:\/\/wi.pb.edu.pl\/en\/?s={search_term_string}\"},\"query-input\":{\"@type\":\"PropertyValueSpecification\",\"valueRequired\":true,\"valueName\":\"search_term_string\"}}],\"inLanguage\":\"en-US\"}]}<\/script>\n<!-- \/ Yoast SEO plugin. -->","yoast_head_json":{"title":"T. Samojlik Books and Projects - Faculty of Computer Science","description":"&nbsp; Graphics for Faculty of Computer Science \" order_by=\"sortorder\" order_direction=\"ASC\" returns=\"included\" maximum_entity_count=\"500\"] &nbsp; ITEKO \"","robots":{"index":"index","follow":"follow","max-snippet":"max-snippet:-1","max-image-preview":"max-image-preview:large","max-video-preview":"max-video-preview:-1"},"canonical":"https:\/\/wi.pb.edu.pl\/en\/cooperation\/t-samojlik-books-and-projects\/","og_locale":"en_US","og_type":"article","og_title":"T. Samojlik Books and Projects - Faculty of Computer Science","og_description":"&nbsp; Graphics for Faculty of Computer Science \" order_by=\"sortorder\" order_direction=\"ASC\" returns=\"included\" maximum_entity_count=\"500\"] &nbsp; ITEKO \"","og_url":"https:\/\/wi.pb.edu.pl\/en\/cooperation\/t-samojlik-books-and-projects\/","og_site_name":"Faculty of Computer Science","article_modified_time":"2022-06-21T21:03:04+00:00","og_image":[{"url":"https:\/\/wi.pb.edu.pl\/en\/wp-content\/uploads\/sites\/2\/2018\/04\/Samojlik-fot.Igor-Banaszczyk-300x225.jpg","type":"","width":"","height":""}],"twitter_misc":{"Est. reading time":"3 minutes"},"schema":{"@context":"https:\/\/schema.org","@graph":[{"@type":"WebPage","@id":"https:\/\/wi.pb.edu.pl\/en\/cooperation\/t-samojlik-books-and-projects\/","url":"https:\/\/wi.pb.edu.pl\/en\/cooperation\/t-samojlik-books-and-projects\/","name":"T. Samojlik Books and Projects - Faculty of Computer Science","isPartOf":{"@id":"https:\/\/wi.pb.edu.pl\/en\/#website"},"primaryImageOfPage":{"@id":"https:\/\/wi.pb.edu.pl\/en\/cooperation\/t-samojlik-books-and-projects\/#primaryimage"},"image":{"@id":"https:\/\/wi.pb.edu.pl\/en\/cooperation\/t-samojlik-books-and-projects\/#primaryimage"},"thumbnailUrl":"https:\/\/wi.pb.edu.pl\/en\/wp-content\/uploads\/sites\/2\/2018\/04\/Samojlik-fot.Igor-Banaszczyk-300x225.jpg","datePublished":"2022-06-21T21:01:54+00:00","dateModified":"2022-06-21T21:03:04+00:00","description":"&nbsp; Graphics for Faculty of Computer Science \" order_by=\"sortorder\" order_direction=\"ASC\" returns=\"included\" maximum_entity_count=\"500\"] &nbsp; ITEKO \"","breadcrumb":{"@id":"https:\/\/wi.pb.edu.pl\/en\/cooperation\/t-samojlik-books-and-projects\/#breadcrumb"},"inLanguage":"en-US","potentialAction":[{"@type":"ReadAction","target":["https:\/\/wi.pb.edu.pl\/en\/cooperation\/t-samojlik-books-and-projects\/"]}]},{"@type":"ImageObject","inLanguage":"en-US","@id":"https:\/\/wi.pb.edu.pl\/en\/cooperation\/t-samojlik-books-and-projects\/#primaryimage","url":"https:\/\/wi.pb.edu.pl\/en\/wp-content\/uploads\/sites\/2\/2018\/04\/Samojlik-fot.Igor-Banaszczyk-300x225.jpg","contentUrl":"https:\/\/wi.pb.edu.pl\/en\/wp-content\/uploads\/sites\/2\/2018\/04\/Samojlik-fot.Igor-Banaszczyk-300x225.jpg"},{"@type":"BreadcrumbList","@id":"https:\/\/wi.pb.edu.pl\/en\/cooperation\/t-samojlik-books-and-projects\/#breadcrumb","itemListElement":[{"@type":"ListItem","position":1,"name":"Strona g\u0142\u00f3wna","item":"https:\/\/wi.pb.edu.pl\/en\/"},{"@type":"ListItem","position":2,"name":"Cooperation","item":"https:\/\/wi.pb.edu.pl\/en\/cooperation\/"},{"@type":"ListItem","position":3,"name":"T. Samojlik Books and Projects"}]},{"@type":"WebSite","@id":"https:\/\/wi.pb.edu.pl\/en\/#website","url":"https:\/\/wi.pb.edu.pl\/en\/","name":"Faculty of Computer Science","description":"","potentialAction":[{"@type":"SearchAction","target":{"@type":"EntryPoint","urlTemplate":"https:\/\/wi.pb.edu.pl\/en\/?s={search_term_string}"},"query-input":{"@type":"PropertyValueSpecification","valueRequired":true,"valueName":"search_term_string"}}],"inLanguage":"en-US"}]}},"_links":{"self":[{"href":"https:\/\/wi.pb.edu.pl\/en\/wp-json\/wp\/v2\/pages\/10293","targetHints":{"allow":["GET"]}}],"collection":[{"href":"https:\/\/wi.pb.edu.pl\/en\/wp-json\/wp\/v2\/pages"}],"about":[{"href":"https:\/\/wi.pb.edu.pl\/en\/wp-json\/wp\/v2\/types\/page"}],"author":[{"embeddable":true,"href":"https:\/\/wi.pb.edu.pl\/en\/wp-json\/wp\/v2\/users\/2"}],"replies":[{"embeddable":true,"href":"https:\/\/wi.pb.edu.pl\/en\/wp-json\/wp\/v2\/comments?post=10293"}],"version-history":[{"count":2,"href":"https:\/\/wi.pb.edu.pl\/en\/wp-json\/wp\/v2\/pages\/10293\/revisions"}],"predecessor-version":[{"id":10295,"href":"https:\/\/wi.pb.edu.pl\/en\/wp-json\/wp\/v2\/pages\/10293\/revisions\/10295"}],"up":[{"embeddable":true,"href":"https:\/\/wi.pb.edu.pl\/en\/wp-json\/wp\/v2\/pages\/10261"}],"wp:attachment":[{"href":"https:\/\/wi.pb.edu.pl\/en\/wp-json\/wp\/v2\/media?parent=10293"}],"curies":[{"name":"wp","href":"https:\/\/api.w.org\/{rel}","templated":true}]}}