{"id":10434,"date":"2018-03-16T09:28:34","date_gmt":"2018-03-16T09:28:34","guid":{"rendered":"https:\/\/wi.pb.edu.pl\/faculty\/institutes-and-departments\/katedra-systemow-informacyjnych-i-sieci-komputerowych\/"},"modified":"2026-02-13T14:18:30","modified_gmt":"2026-02-13T13:18:30","slug":"department-of-information-systems-and-computer-networks","status":"publish","type":"page","link":"https:\/\/wi.pb.edu.pl\/en\/faculty\/institutes-and-departments\/department-of-information-systems-and-computer-networks\/","title":{"rendered":"Department of Information Systems and Computer Networks"},"content":{"rendered":"<h2>Head of Department &#8211; Prof. Jaros\u0142aw Stepaniuk, DSc, PhD<\/h2>\n<p><i class=\"fal fa-envelope\"><\/i> <a href=\"#\" rel=\"nofollow\"  onclick=\"this.href='mailto:' + 'j.stepaniuk' + '@' + 'pb.edu.pl'\">j.stepaniuk [at] pb.edu.pl<\/a>&nbsp;<\/p>\n<h1><a name=\"_tu9pmjtlxoe\"><\/a><span lang=\"pl\">Department of Information Systems and Computer Networks<\/span><\/h1>\n<p>The Department of Information Systems and Computer Networks was established in 2001. The staff of the Department work on topics related to artificial intelligence (AI) and modern computer networks, especially network security.<\/p>\n<h2>Scientific and didactic employees<\/h2>\n<div class=\"table-responsive\">\n<table class=\"table table-striped table borderless\" style=\"width: 93.0146%;height: 569px\">\n<thead>\n<tr>\n<th style=\"width: 32.7168%\">Name and surname<\/th>\n<th style=\"width: 6.49392%\">Room<\/th>\n<th style=\"width: 32.8462%\">Phone<\/th>\n<th style=\"width: 34.88%\">E-mail<\/th>\n<\/tr>\n<tr>\n<td style=\"width: 32.7168%\">Eugenia Bus\u0142owska, PhD, Eng<\/td>\n<td style=\"width: 6.49392%\">B9<\/td>\n<td style=\"width: 32.8462%\">85 746 91 65<\/td>\n<td style=\"width: 34.88%\"><a href=\"#\" rel=\"nofollow\"  onclick=\"this.href='mailto:' + 'e.buslowska' + '@' + 'pb.edu.pl'\">e.buslowska [at] pb.edu.pl<\/a><\/td>\n<\/tr>\n<tr>\n<td style=\"width: 32.7168%\">Andrzej Chmielewski, PhD, Eng<\/td>\n<td style=\"width: 6.49392%\">A119<\/td>\n<td style=\"width: 32.8462%\">85 746 90 53, 85 746 91 77<\/td>\n<td style=\"width: 34.88%\"><a href=\"#\" rel=\"nofollow\"  onclick=\"this.href='mailto:' + 'a.chmielewski' + '@' + 'pb.edu.pl'\">a.chmielewski [at] pb.edu.pl<\/a><\/td>\n<\/tr>\n<tr>\n<td style=\"width: 32.7168%\">Bart\u0142omiej Chmielewski, MSc, Eng<\/td>\n<td style=\"width: 6.49392%\">B09<\/td>\n<td style=\"width: 32.8462%\">&nbsp;<\/td>\n<td style=\"width: 34.88%\"><a href=\"#\" rel=\"nofollow\"  onclick=\"this.href='mailto:' + 'bartlomiej.chmielewski' + '@' + 'pb.edu.pl'\">bartlomiej.chmielewski [at] pb.edu.pl<\/a><\/td>\n<\/tr>\n<tr>\n<td style=\"width: 32.7168%\">Mateusz Choroma\u0144ski, MSc, Eng<\/td>\n<td style=\"width: 6.49392%\">A215<\/td>\n<td style=\"width: 32.8462%\">85 746 90 79<\/td>\n<td style=\"width: 34.88%\"><a href=\"#\" rel=\"nofollow\"  onclick=\"this.href='mailto:' + 'm.choromanski' + '@' + 'pb.edu.pl'\">m.choromanski [at] pb.edu.pl<\/a><\/td>\n<\/tr>\n<tr>\n<td style=\"width: 32.7168%\">Jacek Grekow, DSc, PhD, Eng<\/td>\n<td style=\"width: 6.49392%\">A126<\/td>\n<td style=\"width: 32.8462%\">85 746 91 69<\/td>\n<td style=\"width: 34.88%\"><a href=\"#\" rel=\"nofollow\"  onclick=\"this.href='mailto:' + 'j.grekow' + '@' + 'pb.edu.pl'\">j.grekow [at] pb.edu.pl<\/a><\/td>\n<\/tr>\n<tr>\n<td style=\"width: 32.7168%\">Tomasz Grze\u015b, PhD, Eng<\/td>\n<td style=\"width: 6.49392%\">A131<\/td>\n<td style=\"width: 32.8462%\">85 746 91 60<\/td>\n<td style=\"width: 34.88%\"><a href=\"#\" rel=\"nofollow\"  onclick=\"this.href='mailto:' + 't.grzes' + '@' + 'pb.edu.pl'\">t.grzes [at] pb.edu.pl<\/a><\/td>\n<\/tr>\n<tr>\n<td style=\"width: 32.7168%\">Piotr Ho\u0144ko, DSc, PhD<\/td>\n<td style=\"width: 6.49392%\">A107<\/td>\n<td style=\"width: 32.8462%\">85 746 91 09<\/td>\n<td style=\"width: 34.88%\"><a href=\"#\" rel=\"nofollow\"  onclick=\"this.href='mailto:' + 'p.honko' + '@' + 'pb.edu.pl'\">p.honko [at] pb.edu.pl<\/a><\/td>\n<\/tr>\n<tr>\n<td style=\"width: 32.7168%\">Dariusz Jankowski, MSc, Eng<\/td>\n<td style=\"width: 6.49392%\">A110<\/td>\n<td style=\"width: 32.8462%\">85 746 91 65<\/td>\n<td style=\"width: 34.88%\"><a href=\"#\" rel=\"nofollow\"  onclick=\"this.href='mailto:' + 'd.jankowski' + '@' + 'pb.edu.pl'\">d.jankowski [at] pb.edu.pl<\/a><\/td>\n<\/tr>\n<tr>\n<td style=\"width: 32.7168%\">Izabela Justyna Kartowicz-Stolarska, MSc, Eng<\/td>\n<td style=\"width: 6.49392%\">B9<\/td>\n<td style=\"width: 32.8462%\">85 746 91 65<\/td>\n<td style=\"width: 34.88%\"><a href=\"#\" rel=\"nofollow\"  onclick=\"this.href='mailto:' + 'i.stolarska' + '@' + 'pb.edu.pl'\">i.stolarska [at] pb.edu.pl<\/a><\/td>\n<\/tr>\n<tr>\n<td style=\"width: 32.7168%\">Marek Kopczewski, MSc, Eng<\/td>\n<td style=\"width: 6.49392%\">C8<\/td>\n<td style=\"width: 32.8462%\">85 746 91 08<\/td>\n<td style=\"width: 34.88%\"><a href=\"#\" rel=\"nofollow\"  onclick=\"this.href='mailto:' + 'marek.kopczewski' + '@' + 'pb.edu.pl'\">marek.kopczewski [at] pb.edu.pl<\/a><\/td>\n<\/tr>\n<tr>\n<td style=\"width: 32.7168%\">Maciej Kopczy\u0144ski, PhD, Eng<\/td>\n<td style=\"width: 6.49392%\">A137<\/td>\n<td style=\"width: 32.8462%\">85 746 91 77<\/td>\n<td style=\"width: 34.88%\"><a href=\"#\" rel=\"nofollow\"  onclick=\"this.href='mailto:' + 'm.kopczynski' + '@' + 'pb.edu.pl'\">m.kopczynski [at] pb.edu.pl<\/a><\/td>\n<\/tr>\n<tr>\n<td style=\"width: 32.7168%\">Urszula Ku\u017celewska, PhD, Eng<\/td>\n<td style=\"width: 6.49392%\">A137<\/td>\n<td style=\"width: 32.8462%\">85 746 91 77<\/td>\n<td style=\"width: 34.88%\"><a href=\"#\" rel=\"nofollow\"  onclick=\"this.href='mailto:' + 'u.kuzelewska' + '@' + 'pb.edu.pl'\">u.kuzelewska [at] pb.edu.pl<\/a><\/td>\n<\/tr>\n<tr>\n<td style=\"width: 32.7168%\">Piotr Mojkowski, MSc, Eng<\/td>\n<td style=\"width: 6.49392%\">A104<\/td>\n<td style=\"width: 32.8462%\"><\/td>\n<td style=\"width: 34.88%\"><a href=\"#\" rel=\"nofollow\"  onclick=\"this.href='mailto:' + 'piotr.mojkowski' + '@' + 'pb.edu.pl'\">piotr.mojkowski [at] pb.edu.pl<\/a><\/td>\n<\/tr>\n<tr>\n<td style=\"width: 32.7168%\">Ireneusz Mrozek, DSc, PhD, Eng<\/td>\n<td style=\"width: 6.49392%\">B9, A117<\/td>\n<td style=\"width: 32.8462%\">85 746 91 65, 85 746 96 64<\/td>\n<td style=\"width: 34.88%\"><a href=\"#\" rel=\"nofollow\"  onclick=\"this.href='mailto:' + 'i.mrozek' + '@' + 'pb.edu.pl'\">i.mrozek [at] pb.edu.pl<\/a><\/td>\n<\/tr>\n<tr>\n<td style=\"width: 32.7168%\">Patryk Or\u0142owski, MSc, Eng<\/td>\n<td style=\"width: 6.49392%\">B9, A104<\/td>\n<td style=\"width: 32.8462%\">4<\/td>\n<td style=\"width: 34.88%\"><a href=\"#\" rel=\"nofollow\"  onclick=\"this.href='mailto:' + 'patryk.orlowski' + '@' + 'pb.edu.pl'\">patryk.orlowski [at] pb.edu.pl<\/a><\/td>\n<\/tr>\n<tr>\n<td style=\"width: 32.7168%\">Prof. Jaros\u0142aw Stepaniuk, DSc, PhD&nbsp;<\/td>\n<td style=\"width: 6.49392%\">A124<\/td>\n<td style=\"width: 32.8462%\">85 746 90 54<\/td>\n<td style=\"width: 34.88%\"><a href=\"#\" rel=\"nofollow\"  onclick=\"this.href='mailto:' + 'j.stepaniuk' + '@' + 'pb.edu.pl'\">j.stepaniuk [at] pb.edu.pl<\/a><\/td>\n<\/tr>\n<\/thead>\n<\/table>\n<\/div>\n<h2 class=\"western\">Research<\/h2>\n<p>Research in the Department includes the development of AI methods such as: recommendation systems, conversational systems, music generation with specific emotions, artificial immune systems and their use in network and system security, granular computing and the Polish School of Artificial Intelligence (rough set theory), FPGA systems and their use in hardware implementations of AI methods. The Department also works on RAM memory testing, focusing on transparent tests and their BIST implementations (Built-In Self-Test).<\/p>\n<p>The staff of the Department teach courses related to artificial intelligence, with a special focus on the design and application of advanced AI systems and data mining. They also conduct classes in the areas of computer networks and network security.<\/p>\n<p>In addition, courses are offered in database systems, web application design and development, mobile device programming, and topics related to the Internet of Things (IoT).<\/p>\n<p>The Department also offers, at the Master\u2019s level, a specialization called \u201cIntelligent Internet Technologies\u201d, as well as two postgraduate programs:<\/p>\n<ul>\n<li>Security of Computer Systems and Networks<\/li>\n<li>Cybersecurity \u2013 Practical Threat Analysis<\/li>\n<\/ul>\n<p>The Department runs a student research group called \u201cGo Security\u201d, focused on cybersecurity. The group\u2019s meetings take the form of practical workshops and lectures conducted in cooperation with experts from EY Technology Consulting.<\/p>\n<p>The Department\u2019s employees have performed and continue to perform important organisational functions in the authorities of the Faculty of Computer Science.<\/p>\n<p>For many years, the department staff have been co-organisers of the Wojew\u00f3dzki Konkurs Informatyczny for primary schools. They conduct cyclic lectures for high school students, e.g. for the Zesp\u00f3\u0142 Szk\u00f3\u0142 Elektrycznych in Bia\u0142ystok, or online lectures as part of cooperation with the Centrum Kompetencji Bia\u0142ostockiego Obszaru Funkcjonalnego, and they conduct classes for children as part of the Podlaski Uniwersytet Dzieci\u0119cy. Moreover, they actively participated in the organisation of the last two editions of the Programistok programming conference, which took place at the Bia\u0142ystok University of Technology. For several years they were also mentors to teams as part of the ImagineCup competition.<\/p>\n<h1>Examples of Completed and Ongoing Research and Educational Projects<\/h1>\n<ul>\n<li>2024 \u2013 2029 PB 5.0 \u2013 Adapting the Educational Offer of Bialystok University of Technology to the Needs of a Modern Economy and the Green and Digital Transformation<\/li>\n<\/ul>\n<ul>\n<li>2019 \u2013 2023 ZIREG \u2013 Integrated Programme of Bialystok University of Technology for Regional Development (Project No. POWR.03.05.00-00-ZR22\/18)<\/li>\n<\/ul>\n<ul>\n<li>2019 \u2013 2023 PB 2.0 \u2013 Integrated Development Programme (Project No. POWR.03.05.00-00-Z228\/18)<\/li>\n<\/ul>\n<ul>\n<li>2022 \u2013 2023 Future Technologies in Today\u2019s School (Leader: Foundation Partnership for Development; Partners: Bialystok University of Technology \u2013 Faculty of Computer Science, Keilir Academy (Iceland))<\/li>\n<\/ul>\n<ul>\n<li>2020 \u2013 2023 NCBiR Grant (R&amp;D Projects of Enterprises): \u201cAn Audit Model Based on Continuous Risk Assessment and Control Mechanisms Using Statistical Methods and Artificial Intelligence\u201d<\/li>\n<\/ul>\n<ul>\n<li>2020 \u2013 2022 Research Project in the Field of Artificial Intelligence in Conversational Systems (R&amp;D Projects of Enterprises, Next Sell 2.0)<\/li>\n<\/ul>\n<ul>\n<li>2022 COST Action: CA16227 \u2013 Investigation and Mathematical Analysis of Avant-garde Disease Control via Mosquito Nano-Tech-Repellents Lisbon, Portugal<\/li>\n<\/ul>\n<ul>\n<li>2018 \u2013 2019 Podlasie Academy of the Young Engineer \u2013 POWER 2014\u20132020<\/li>\n<\/ul>\n<ul>\n<li>2013 \u2013 2016 NCN Project \u201cGROSHEC \u2013 Towards a Processor of Rough Set Methods\u201d<\/li>\n<\/ul>\n","protected":false},"excerpt":{"rendered":"<p>Head of Department &#8211; Prof. Jaros\u0142aw Stepaniuk, DSc, PhD &nbsp; Department of Information Systems and<a class=\"read-more\" href=\"https:\/\/wi.pb.edu.pl\/en\/faculty\/institutes-and-departments\/department-of-information-systems-and-computer-networks\/\" title=\"Poka\u017c artyku\u0142 Department of Information Systems and Computer Networks\">more<\/a><\/p>\n","protected":false},"author":12,"featured_media":0,"parent":10414,"menu_order":5,"comment_status":"closed","ping_status":"closed","template":"","meta":{"inline_featured_image":false,"ngg_post_thumbnail":0,"footnotes":""},"class_list":["post-10434","page","type-page","status-publish","hentry"],"acf":[],"yoast_head":"<!-- This site is optimized with the Yoast SEO plugin v26.4 - https:\/\/yoast.com\/wordpress\/plugins\/seo\/ -->\n<title>Department of Information Systems and Computer Networks - Faculty of Computer Science<\/title>\n<meta name=\"description\" content=\"Head of Department - Prof. Jaros\u0142aw Stepaniuk, DSc, PhD &nbsp; Department of Information Systems and Computer Networks The Department of Information\" \/>\n<meta name=\"robots\" content=\"index, follow, max-snippet:-1, max-image-preview:large, max-video-preview:-1\" \/>\n<link rel=\"canonical\" href=\"https:\/\/wi.pb.edu.pl\/en\/faculty\/institutes-and-departments\/department-of-information-systems-and-computer-networks\/\" \/>\n<meta property=\"og:locale\" content=\"en_US\" \/>\n<meta property=\"og:type\" content=\"article\" \/>\n<meta property=\"og:title\" content=\"Department of Information Systems and Computer Networks - Faculty of Computer Science\" \/>\n<meta property=\"og:description\" content=\"Head of Department - Prof. Jaros\u0142aw Stepaniuk, DSc, PhD &nbsp; Department of Information Systems and Computer Networks The Department of Information\" \/>\n<meta property=\"og:url\" content=\"https:\/\/wi.pb.edu.pl\/en\/faculty\/institutes-and-departments\/department-of-information-systems-and-computer-networks\/\" \/>\n<meta property=\"og:site_name\" content=\"Faculty of Computer Science\" \/>\n<meta property=\"article:modified_time\" content=\"2026-02-13T13:18:30+00:00\" \/>\n<meta name=\"twitter:label1\" content=\"Est. reading time\" \/>\n\t<meta name=\"twitter:data1\" content=\"5 minutes\" \/>\n<script type=\"application\/ld+json\" class=\"yoast-schema-graph\">{\"@context\":\"https:\/\/schema.org\",\"@graph\":[{\"@type\":\"WebPage\",\"@id\":\"https:\/\/wi.pb.edu.pl\/en\/faculty\/institutes-and-departments\/department-of-information-systems-and-computer-networks\/\",\"url\":\"https:\/\/wi.pb.edu.pl\/en\/faculty\/institutes-and-departments\/department-of-information-systems-and-computer-networks\/\",\"name\":\"Department of Information Systems and Computer Networks - Faculty of Computer Science\",\"isPartOf\":{\"@id\":\"https:\/\/wi.pb.edu.pl\/en\/#website\"},\"datePublished\":\"2018-03-16T09:28:34+00:00\",\"dateModified\":\"2026-02-13T13:18:30+00:00\",\"description\":\"Head of Department - Prof. Jaros\u0142aw Stepaniuk, DSc, PhD &nbsp; Department of Information Systems and Computer Networks The Department of Information\",\"breadcrumb\":{\"@id\":\"https:\/\/wi.pb.edu.pl\/en\/faculty\/institutes-and-departments\/department-of-information-systems-and-computer-networks\/#breadcrumb\"},\"inLanguage\":\"en-US\",\"potentialAction\":[{\"@type\":\"ReadAction\",\"target\":[\"https:\/\/wi.pb.edu.pl\/en\/faculty\/institutes-and-departments\/department-of-information-systems-and-computer-networks\/\"]}]},{\"@type\":\"BreadcrumbList\",\"@id\":\"https:\/\/wi.pb.edu.pl\/en\/faculty\/institutes-and-departments\/department-of-information-systems-and-computer-networks\/#breadcrumb\",\"itemListElement\":[{\"@type\":\"ListItem\",\"position\":1,\"name\":\"Strona g\u0142\u00f3wna\",\"item\":\"https:\/\/wi.pb.edu.pl\/en\/\"},{\"@type\":\"ListItem\",\"position\":2,\"name\":\"Faculty\",\"item\":\"https:\/\/wi.pb.edu.pl\/en\/faculty\/\"},{\"@type\":\"ListItem\",\"position\":3,\"name\":\"Institutes and Departments\",\"item\":\"https:\/\/wi.pb.edu.pl\/en\/faculty\/institutes-and-departments\/\"},{\"@type\":\"ListItem\",\"position\":4,\"name\":\"Department of Information Systems and Computer Networks\"}]},{\"@type\":\"WebSite\",\"@id\":\"https:\/\/wi.pb.edu.pl\/en\/#website\",\"url\":\"https:\/\/wi.pb.edu.pl\/en\/\",\"name\":\"Faculty of Computer Science\",\"description\":\"\",\"potentialAction\":[{\"@type\":\"SearchAction\",\"target\":{\"@type\":\"EntryPoint\",\"urlTemplate\":\"https:\/\/wi.pb.edu.pl\/en\/?s={search_term_string}\"},\"query-input\":{\"@type\":\"PropertyValueSpecification\",\"valueRequired\":true,\"valueName\":\"search_term_string\"}}],\"inLanguage\":\"en-US\"}]}<\/script>\n<!-- \/ Yoast SEO plugin. -->","yoast_head_json":{"title":"Department of Information Systems and Computer Networks - Faculty of Computer Science","description":"Head of Department - Prof. Jaros\u0142aw Stepaniuk, DSc, PhD &nbsp; Department of Information Systems and Computer Networks The Department of Information","robots":{"index":"index","follow":"follow","max-snippet":"max-snippet:-1","max-image-preview":"max-image-preview:large","max-video-preview":"max-video-preview:-1"},"canonical":"https:\/\/wi.pb.edu.pl\/en\/faculty\/institutes-and-departments\/department-of-information-systems-and-computer-networks\/","og_locale":"en_US","og_type":"article","og_title":"Department of Information Systems and Computer Networks - Faculty of Computer Science","og_description":"Head of Department - Prof. Jaros\u0142aw Stepaniuk, DSc, PhD &nbsp; Department of Information Systems and Computer Networks The Department of Information","og_url":"https:\/\/wi.pb.edu.pl\/en\/faculty\/institutes-and-departments\/department-of-information-systems-and-computer-networks\/","og_site_name":"Faculty of Computer Science","article_modified_time":"2026-02-13T13:18:30+00:00","twitter_misc":{"Est. reading time":"5 minutes"},"schema":{"@context":"https:\/\/schema.org","@graph":[{"@type":"WebPage","@id":"https:\/\/wi.pb.edu.pl\/en\/faculty\/institutes-and-departments\/department-of-information-systems-and-computer-networks\/","url":"https:\/\/wi.pb.edu.pl\/en\/faculty\/institutes-and-departments\/department-of-information-systems-and-computer-networks\/","name":"Department of Information Systems and Computer Networks - Faculty of Computer Science","isPartOf":{"@id":"https:\/\/wi.pb.edu.pl\/en\/#website"},"datePublished":"2018-03-16T09:28:34+00:00","dateModified":"2026-02-13T13:18:30+00:00","description":"Head of Department - Prof. Jaros\u0142aw Stepaniuk, DSc, PhD &nbsp; Department of Information Systems and Computer Networks The Department of Information","breadcrumb":{"@id":"https:\/\/wi.pb.edu.pl\/en\/faculty\/institutes-and-departments\/department-of-information-systems-and-computer-networks\/#breadcrumb"},"inLanguage":"en-US","potentialAction":[{"@type":"ReadAction","target":["https:\/\/wi.pb.edu.pl\/en\/faculty\/institutes-and-departments\/department-of-information-systems-and-computer-networks\/"]}]},{"@type":"BreadcrumbList","@id":"https:\/\/wi.pb.edu.pl\/en\/faculty\/institutes-and-departments\/department-of-information-systems-and-computer-networks\/#breadcrumb","itemListElement":[{"@type":"ListItem","position":1,"name":"Strona g\u0142\u00f3wna","item":"https:\/\/wi.pb.edu.pl\/en\/"},{"@type":"ListItem","position":2,"name":"Faculty","item":"https:\/\/wi.pb.edu.pl\/en\/faculty\/"},{"@type":"ListItem","position":3,"name":"Institutes and Departments","item":"https:\/\/wi.pb.edu.pl\/en\/faculty\/institutes-and-departments\/"},{"@type":"ListItem","position":4,"name":"Department of Information Systems and Computer Networks"}]},{"@type":"WebSite","@id":"https:\/\/wi.pb.edu.pl\/en\/#website","url":"https:\/\/wi.pb.edu.pl\/en\/","name":"Faculty of Computer Science","description":"","potentialAction":[{"@type":"SearchAction","target":{"@type":"EntryPoint","urlTemplate":"https:\/\/wi.pb.edu.pl\/en\/?s={search_term_string}"},"query-input":{"@type":"PropertyValueSpecification","valueRequired":true,"valueName":"search_term_string"}}],"inLanguage":"en-US"}]}},"_links":{"self":[{"href":"https:\/\/wi.pb.edu.pl\/en\/wp-json\/wp\/v2\/pages\/10434","targetHints":{"allow":["GET"]}}],"collection":[{"href":"https:\/\/wi.pb.edu.pl\/en\/wp-json\/wp\/v2\/pages"}],"about":[{"href":"https:\/\/wi.pb.edu.pl\/en\/wp-json\/wp\/v2\/types\/page"}],"author":[{"embeddable":true,"href":"https:\/\/wi.pb.edu.pl\/en\/wp-json\/wp\/v2\/users\/12"}],"replies":[{"embeddable":true,"href":"https:\/\/wi.pb.edu.pl\/en\/wp-json\/wp\/v2\/comments?post=10434"}],"version-history":[{"count":12,"href":"https:\/\/wi.pb.edu.pl\/en\/wp-json\/wp\/v2\/pages\/10434\/revisions"}],"predecessor-version":[{"id":16665,"href":"https:\/\/wi.pb.edu.pl\/en\/wp-json\/wp\/v2\/pages\/10434\/revisions\/16665"}],"up":[{"embeddable":true,"href":"https:\/\/wi.pb.edu.pl\/en\/wp-json\/wp\/v2\/pages\/10414"}],"wp:attachment":[{"href":"https:\/\/wi.pb.edu.pl\/en\/wp-json\/wp\/v2\/media?parent=10434"}],"curies":[{"name":"wp","href":"https:\/\/api.w.org\/{rel}","templated":true}]}}