{"id":10516,"date":"2022-06-24T20:16:21","date_gmt":"2022-06-24T19:16:21","guid":{"rendered":"https:\/\/wi.pb.edu.pl\/?page_id=10516"},"modified":"2022-06-24T20:33:34","modified_gmt":"2022-06-24T19:33:34","slug":"research-projects","status":"publish","type":"page","link":"https:\/\/wi.pb.edu.pl\/en\/projects\/research-projects\/","title":{"rendered":"Research projects"},"content":{"rendered":"<div class=\"panel-group\" id=\"custom-collapse-0\">\n<div class=\"panel panel-default\">\n\t\t\t\t<div class=\"panel-heading\">\n\t\t\t\t\t<div class=\"panel-title\">\n\t\t\t\t\t\t<a class=\"collapsed h4\" data-toggle=\"collapse\" data-parent=\"#custom-collapse-0\" href=\"#custom-collapse-0-0\">Software Department<\/a>\n\t\t\t\t\t<\/div>\n\t\t\t\t<\/div>\n\t\t\t\t<div id=\"custom-collapse-0-0\" class=\"panel-collapse collapse\">\n\t\t\t\t\t<div class=\"panel-body\">\n<div class=\"h2\">Some of ongoing research projects<\/div>\n<div class=\"h3\">International projects:<\/div>\n<ul style=\"list-style-type: disc;\">\n<li><strong>European Cooperation in Science &amp; Technology (COST)<\/strong> project; Number: BM1304 (project title: Applications of MR imaging and spectroscopy techniques in neuromuscular disease: collaboration on outcome measures and pattern recognition for diagnostics and therapy development). Participation in management committee and WG4 working group (work topic: Explore strategies for muscle imaging texture analysis) (years: 2013 &#8211; 2017). Link: http:\/\/myo-mri.eu\/working-group\/explore-strategies.<\/li>\n<li>ImPRESS project &#8211; International Interdisciplinary PhD studies in Biomedical Research and Biostatistics. Supporting the career and training in omic-based research and biostatistics by inter-national and-sectoral mobility. Project of the Medical University of Bialystok, in which the Bialystok University of Technology is a partner university. The project includes training in large-scale technology-based research and biostatistics and career support for young scientists through international and inter-sectoral mobility. The project is funded under the call of <strong>COFUNF<\/strong> 2016 Maria Sk\u0142odowska-Curie of the <strong>Horizon 2020<\/strong> Programme. (years: 2018 &#8211; 2023). Link: <a title=\"Will open on a new website\" href=\"http:\/\/cordis.europa.eu\/project\/rcn\/210603_en.html\" target=\"_blank\" rel=\"noopener\">http:\/\/cordis.europa.eu\/project\/rcn\/210603_en.html<\/a><\/li>\n<\/ul>\n<div class=\"h3\">National projects:<\/div>\n<ul style=\"list-style-type: disc;\">\n<li><strong>STRATEGMED MOBIT<\/strong> project funded by The National Centre for Research and Development (<strong>NCRD<\/strong>): &#8220;Creation of a reference model for Personalized Diagnostics of Cancer Tumors based on the analysis of tumor heterogeneity using genomic biomarkers, transcriptome and metabolome and PET\/MRI imaging studies as a tool for implementing and monitoring individualized therapy&#8221;. Number: STRATEGMED2\/266484\/2\/NCBR\/2015&nbsp; (years: 2015 &#8211; 2018). The main objective of the MOBIT project is to create a novel model of personalized diagnosis of cancerous tumors based on an innovative system of biobanking of biological material and large-scale omic analyses of patients with the most common malignancies.<\/li>\n<li>project funded by <strong>NCRD<\/strong> under the <strong>Intelligent Development<\/strong> Operational Programme 2014 &#8211; 2020: &#8220;Sensor system in vehicles for post-accident condition recognition with information transmission to eCall reception point&#8221; (years: 2017 &#8211; 2020). The aim of the project is to develop methods to pre-determine the condition and number of injured people using smart sensors and transmitting them according to eCall standards to an emergency response center.<\/li>\n<li>project funded by <strong>National Science Centre<\/strong> (<strong>NSC<\/strong>) (call: <strong>PRELUDIUM<\/strong> 5): &#8220;Evolutionary algorithms in global model tree induction&#8221;. Number: 2013\/09\/N\/ST6\/04083 (years: 2014 &#8211; 2017).<\/li>\n<li>project co-financed by European Funds, under the Operational Programme Intelligent Development (measure 2.3 &#8220;Pro-innovative services for enterprises&#8221;, sub-measure 2.3.2 &#8220;Innovation vouchers for SMEs&#8221;): \u201cImplementation of a system for automatic recognition of features of medical products from textual sources describing their properties\u201d (years: 2017 &#8211; 2018).<\/li>\n<li>project funded by <strong>NSC<\/strong> (call: <strong>OPUS<\/strong> 17): &#8220;Relative relation analysis in integrated omics data mining&#8221;, Number: 2019\/33\/B\/ST6\/02386. The aim of this study is to verify the hypothesis that analysis of integrated omics data using relationships and dependencies between characteristics of an individual patient can be successfully used for prognosis and diagnostic support (years: 2020 &#8211; 2023).<\/li>\n<li>project funded by <strong>NSC<\/strong> (call: <strong>PRELUDIUM<\/strong> 13): &#8220;Image segmentation methods integrating texture analysis and deformable models&#8221; Number: 2017\/25\/N\/ST6\/01849. The aim of the work is to develop new segmentation methods, their validation and efficient implementation, allowing their practical application in the analysis of medical imaging (years: 2018 &#8211; 2023).&nbsp;&nbsp;<\/li>\n<li>commissioned work (Powszechna Kasa Oszcz\u0119dno\u015bci Bank Polski Sp\u00f3\u0142ka Akcyjna): &#8220;Audit model based on continuous risk assessment methodology and control mechanisms using statistical methods and artificial intelligence&#8221; (years: 2021 &#8211; 2023)<\/li>\n<li>internal grants at Bialystok University of Technology<\/li>\n<\/ul>\n<\/div>\n\t\t\t\t<\/div>\n\t\t\t<\/div>\n<div class=\"panel panel-default\">\n\t\t\t\t<div class=\"panel-heading\">\n\t\t\t\t\t<div class=\"panel-title\">\n\t\t\t\t\t\t<a class=\"collapsed h4\" data-toggle=\"collapse\" data-parent=\"#custom-collapse-0\" href=\"#custom-collapse-0-1\">Department of Theoretical Computer Science<\/a>\n\t\t\t\t\t<\/div>\n\t\t\t\t<\/div>\n\t\t\t\t<div id=\"custom-collapse-0-1\" class=\"panel-collapse collapse\">\n\t\t\t\t\t<div class=\"panel-body\">\n<p>The Department realized the National Science Center project number 2016\/21\/B\/HS4\/02004 (2017-2020). Several members of the Department took part in projects financed by the National Science Center carried out in other institutions.<\/p>\n<\/div>\n\t\t\t\t<\/div>\n\t\t\t<\/div>\n<div class=\"panel panel-default\">\n\t\t\t\t<div class=\"panel-heading\">\n\t\t\t\t\t<div class=\"panel-title\">\n\t\t\t\t\t\t<a class=\"collapsed h4\" data-toggle=\"collapse\" data-parent=\"#custom-collapse-0\" href=\"#custom-collapse-0-2\">Department of Digital Media and Computer Graphics<\/a>\n\t\t\t\t\t<\/div>\n\t\t\t\t<\/div>\n\t\t\t\t<div id=\"custom-collapse-0-2\" class=\"panel-collapse collapse\">\n\t\t\t\t\t<div class=\"panel-body\">\n<div class=\"h2\">Research projects carried out within the Department<\/div>\n<div class=\"h3\">International projects:<\/div>\n<ul>\n<li>International project Multifunctional Innovative Learning Assisting Network for VET in Advanced Manufacturing,The main goal of the MILAN project is the elaboration of an innovative training course in the field of Virtual Reality and Augmented Reality usage in the education of Robotics and Automation. Project website <a title=\"Will open on a new website\" href=\"http:\/\/milan-project.eu\" target=\"_blank\" rel=\"noopener\">http:\/\/milan-project.eu<\/a><\/li>\n<li>European Network on Ion Track Technology (Contract HPRN-CT-2000-00047).<\/li>\n<li>European RTN Marie Curie &#8220;CELLION&#8221; MRTN-CT-2003-503923<\/li>\n<li>EURONS Contract number 506065<\/li>\n<li>AVAL (Autonomous Vessel with an Air Look), POIR.04.01.04-00-0025\/16-00<\/li>\n<li>Modular surveying-inspecting system based on a flying multirotor platform powered from a ground station, POIR.01.02.00-00-0072\/16<\/li>\n<\/ul>\n<div class=\"h3\">National projects:<\/div>\n<ul>\n<li>National project \u201eMOOC@PB-Nowoczesne technologie w procesie kszta\u0142cenia\u201d<br \/>\nAs a part of the project, e-learning courses will be created on the Polish MOOC (massive open online course) educational platform available at navoica.pl. The courses will be intended for everyone interested in learning and acquiring new competences and skills. The courses will be free. The Faculty of Computer Science has prepared the following courses: Analysis and processing of biometric images, Human recognition using biometric methods<br \/>\nType of competition: Operational Program KNOWLEDGE EDUCATION DEVELOPMENT III. Higher education for the economy and development, 3.1 Competences in higher education.<\/li>\n<li>Modular observation and inspection system based on a multi-rotor flying platform powered from a ground station (MISIO)<\/li>\n<li>Autonomous Vessel with Air Look (AVAL)<br \/>\nProject title: Application research in the field of navigation, control, communication and data exchange technologies between autonomous ships and aircraft.<br \/>\nProject number: POIR.04.01.04-00-0025\/16, <a title=\"Will open on a new website\" href=\"http:\/\/aval-project.pl\/\" target=\"_blank\" rel=\"noopener\">http:\/\/aval-project.pl\/<\/a><\/li>\n<li>Vehicle sensor system for post-accident recognition with information transmission to the eCall reception desk<br \/>\nInstitution, type: NCBiR, Smart Growth Operational Programme 2014-2020 action 4.1, sub-action 4.1.2<br \/>\n<a title=\"Will open on a new website\" href=\"http:\/\/ecall.wi.pb.edu.pl\" target=\"_blank\" rel=\"noopener\">http:\/\/ecall.wi.pb.edu.pl<\/a><\/li>\n<li>Project Biometrics and telecare basics for personal computers, mobile devices and embedded systems (\u201ePodstawy biometrii i teleopieki na komputery osobiste, urz\u0105dzenia mobilne i systemy wbudowane\u201d),<br \/>\nThe Motorola Solutions Foundation \u2013 Thematic areas:<br \/>\nThe Motorola Solutions Foundation will focus its activities on two key areas: (1) technological and engineering education, and (2) public safety education. Programs that successfully combine these two content areas are a priority.<\/li>\n<li>2021: ZIREG &#8211; Integrated Program of Bialystok University of Technology for Regional Development &#8211; Development of teaching materials for the subject &#8220;Advanced Internet of Things&#8221;<\/li>\n<li>Development of an e-learning course for the NAVOICA platform entitled &#8220;Introduction to sensor programming&#8221;. Works carried out as part of the project MOOC@PB (POWR.03.01.00-IP.08-00-MOC\/18).<\/li>\n<\/ul>\n<\/div>\n\t\t\t\t<\/div>\n\t\t\t<\/div>\n<div class=\"panel panel-default\">\n\t\t\t\t<div class=\"panel-heading\">\n\t\t\t\t\t<div class=\"panel-title\">\n\t\t\t\t\t\t<a class=\"collapsed h4\" data-toggle=\"collapse\" data-parent=\"#custom-collapse-0\" href=\"#custom-collapse-0-3\">Department of Information Systems and Computer Networks<\/a>\n\t\t\t\t\t<\/div>\n\t\t\t\t<\/div>\n\t\t\t\t<div id=\"custom-collapse-0-3\" class=\"panel-collapse collapse\">\n\t\t\t\t\t<div class=\"panel-body\">\n<div class=\"h2\">Examples of Research and Development projects<\/div>\n<ul>\n<li>2020 \u2013 2023: The National Centre for Research and Development grant \u201eAudit model based on the methodology of continuous risk assessment and control mechanisms using statistical methods and artificial intelligence\u201d<\/li>\n<li>2020-2022: Implementation of a project in the field of artificial intelligence in conversational systems (Next Sell 2.0)<\/li>\n<\/ul>\n<\/div>\n\t\t\t\t<\/div>\n\t\t\t<\/div>\n<\/div>\n","protected":false},"excerpt":{"rendered":"","protected":false},"author":2,"featured_media":0,"parent":10362,"menu_order":1,"comment_status":"closed","ping_status":"closed","template":"","meta":{"inline_featured_image":false,"ngg_post_thumbnail":0,"footnotes":""},"class_list":["post-10516","page","type-page","status-publish","hentry"],"acf":[],"yoast_head":"<!-- This site is optimized with the Yoast SEO plugin v26.4 - https:\/\/yoast.com\/wordpress\/plugins\/seo\/ -->\n<title>Research projects - Faculty of Computer Science<\/title>\n<meta name=\"robots\" content=\"index, follow, max-snippet:-1, max-image-preview:large, max-video-preview:-1\" \/>\n<link rel=\"canonical\" href=\"https:\/\/wi.pb.edu.pl\/en\/projects\/research-projects\/\" \/>\n<meta property=\"og:locale\" content=\"en_US\" \/>\n<meta property=\"og:type\" content=\"article\" \/>\n<meta property=\"og:title\" content=\"Research projects - Faculty of Computer Science\" \/>\n<meta property=\"og:url\" content=\"https:\/\/wi.pb.edu.pl\/en\/projects\/research-projects\/\" \/>\n<meta property=\"og:site_name\" content=\"Faculty of Computer Science\" \/>\n<meta property=\"article:modified_time\" content=\"2022-06-24T19:33:34+00:00\" \/>\n<meta name=\"twitter:label1\" content=\"Est. reading time\" \/>\n\t<meta name=\"twitter:data1\" content=\"5 minutes\" \/>\n<script type=\"application\/ld+json\" class=\"yoast-schema-graph\">{\"@context\":\"https:\/\/schema.org\",\"@graph\":[{\"@type\":\"WebPage\",\"@id\":\"https:\/\/wi.pb.edu.pl\/en\/projects\/research-projects\/\",\"url\":\"https:\/\/wi.pb.edu.pl\/en\/projects\/research-projects\/\",\"name\":\"Research projects - Faculty of Computer Science\",\"isPartOf\":{\"@id\":\"https:\/\/wi.pb.edu.pl\/en\/#website\"},\"datePublished\":\"2022-06-24T19:16:21+00:00\",\"dateModified\":\"2022-06-24T19:33:34+00:00\",\"breadcrumb\":{\"@id\":\"https:\/\/wi.pb.edu.pl\/en\/projects\/research-projects\/#breadcrumb\"},\"inLanguage\":\"en-US\",\"potentialAction\":[{\"@type\":\"ReadAction\",\"target\":[\"https:\/\/wi.pb.edu.pl\/en\/projects\/research-projects\/\"]}]},{\"@type\":\"BreadcrumbList\",\"@id\":\"https:\/\/wi.pb.edu.pl\/en\/projects\/research-projects\/#breadcrumb\",\"itemListElement\":[{\"@type\":\"ListItem\",\"position\":1,\"name\":\"Strona g\u0142\u00f3wna\",\"item\":\"https:\/\/wi.pb.edu.pl\/en\/\"},{\"@type\":\"ListItem\",\"position\":2,\"name\":\"Projects\",\"item\":\"https:\/\/wi.pb.edu.pl\/en\/projects\/\"},{\"@type\":\"ListItem\",\"position\":3,\"name\":\"Research projects\"}]},{\"@type\":\"WebSite\",\"@id\":\"https:\/\/wi.pb.edu.pl\/en\/#website\",\"url\":\"https:\/\/wi.pb.edu.pl\/en\/\",\"name\":\"Faculty of Computer Science\",\"description\":\"\",\"potentialAction\":[{\"@type\":\"SearchAction\",\"target\":{\"@type\":\"EntryPoint\",\"urlTemplate\":\"https:\/\/wi.pb.edu.pl\/en\/?s={search_term_string}\"},\"query-input\":{\"@type\":\"PropertyValueSpecification\",\"valueRequired\":true,\"valueName\":\"search_term_string\"}}],\"inLanguage\":\"en-US\"}]}<\/script>\n<!-- \/ Yoast SEO plugin. -->","yoast_head_json":{"title":"Research projects - Faculty of Computer Science","robots":{"index":"index","follow":"follow","max-snippet":"max-snippet:-1","max-image-preview":"max-image-preview:large","max-video-preview":"max-video-preview:-1"},"canonical":"https:\/\/wi.pb.edu.pl\/en\/projects\/research-projects\/","og_locale":"en_US","og_type":"article","og_title":"Research projects - Faculty of Computer Science","og_url":"https:\/\/wi.pb.edu.pl\/en\/projects\/research-projects\/","og_site_name":"Faculty of Computer Science","article_modified_time":"2022-06-24T19:33:34+00:00","twitter_misc":{"Est. reading time":"5 minutes"},"schema":{"@context":"https:\/\/schema.org","@graph":[{"@type":"WebPage","@id":"https:\/\/wi.pb.edu.pl\/en\/projects\/research-projects\/","url":"https:\/\/wi.pb.edu.pl\/en\/projects\/research-projects\/","name":"Research projects - Faculty of Computer Science","isPartOf":{"@id":"https:\/\/wi.pb.edu.pl\/en\/#website"},"datePublished":"2022-06-24T19:16:21+00:00","dateModified":"2022-06-24T19:33:34+00:00","breadcrumb":{"@id":"https:\/\/wi.pb.edu.pl\/en\/projects\/research-projects\/#breadcrumb"},"inLanguage":"en-US","potentialAction":[{"@type":"ReadAction","target":["https:\/\/wi.pb.edu.pl\/en\/projects\/research-projects\/"]}]},{"@type":"BreadcrumbList","@id":"https:\/\/wi.pb.edu.pl\/en\/projects\/research-projects\/#breadcrumb","itemListElement":[{"@type":"ListItem","position":1,"name":"Strona g\u0142\u00f3wna","item":"https:\/\/wi.pb.edu.pl\/en\/"},{"@type":"ListItem","position":2,"name":"Projects","item":"https:\/\/wi.pb.edu.pl\/en\/projects\/"},{"@type":"ListItem","position":3,"name":"Research projects"}]},{"@type":"WebSite","@id":"https:\/\/wi.pb.edu.pl\/en\/#website","url":"https:\/\/wi.pb.edu.pl\/en\/","name":"Faculty of Computer Science","description":"","potentialAction":[{"@type":"SearchAction","target":{"@type":"EntryPoint","urlTemplate":"https:\/\/wi.pb.edu.pl\/en\/?s={search_term_string}"},"query-input":{"@type":"PropertyValueSpecification","valueRequired":true,"valueName":"search_term_string"}}],"inLanguage":"en-US"}]}},"_links":{"self":[{"href":"https:\/\/wi.pb.edu.pl\/en\/wp-json\/wp\/v2\/pages\/10516","targetHints":{"allow":["GET"]}}],"collection":[{"href":"https:\/\/wi.pb.edu.pl\/en\/wp-json\/wp\/v2\/pages"}],"about":[{"href":"https:\/\/wi.pb.edu.pl\/en\/wp-json\/wp\/v2\/types\/page"}],"author":[{"embeddable":true,"href":"https:\/\/wi.pb.edu.pl\/en\/wp-json\/wp\/v2\/users\/2"}],"replies":[{"embeddable":true,"href":"https:\/\/wi.pb.edu.pl\/en\/wp-json\/wp\/v2\/comments?post=10516"}],"version-history":[{"count":11,"href":"https:\/\/wi.pb.edu.pl\/en\/wp-json\/wp\/v2\/pages\/10516\/revisions"}],"predecessor-version":[{"id":10529,"href":"https:\/\/wi.pb.edu.pl\/en\/wp-json\/wp\/v2\/pages\/10516\/revisions\/10529"}],"up":[{"embeddable":true,"href":"https:\/\/wi.pb.edu.pl\/en\/wp-json\/wp\/v2\/pages\/10362"}],"wp:attachment":[{"href":"https:\/\/wi.pb.edu.pl\/en\/wp-json\/wp\/v2\/media?parent=10516"}],"curies":[{"name":"wp","href":"https:\/\/api.w.org\/{rel}","templated":true}]}}