{"id":12986,"date":"2018-02-11T16:01:30","date_gmt":"2018-02-11T16:01:30","guid":{"rendered":"https:\/\/wi.pb.edu.pl\/admission\/dlaczego-wi\/"},"modified":"2024-03-26T13:24:01","modified_gmt":"2024-03-26T12:24:01","slug":"study-at-the-faculty-of-computer-science","status":"publish","type":"page","link":"https:\/\/wi.pb.edu.pl\/en\/admission\/study-at-the-faculty-of-computer-science\/","title":{"rendered":"Study at the Faculty of Computer Science"},"content":{"rendered":"<div class=\"row\">\n<div class=\"col-md-6\"><a href=\"https:\/\/wi.pb.edu.pl\/wp-content\/uploads\/2024\/03\/BUT_brochure_23.10.2020.pdf?\" title=\"Will open on a new tab\" target=\"_blank\" rel=\"noopener\"><\/p>\n<figure><figcaption>Bialystok Univesity of Technology brochure (PDF, digitally accessible, 6 MB)<\/figcaption><img decoding=\"async\" src=\"https:\/\/we.pb.edu.pl\/en\/wp-content\/uploads\/sites\/2\/2022\/03\/en-thumbnail-but-brochure.png\" style=\"width: 360px\" alt=\"Fragment of the title page of the brochure.\"><\/figure>\n<p><\/a><\/div>\n<div class=\"col-md-6\"><a href=\"https:\/\/wi.pb.edu.pl\/wp-content\/uploads\/2024\/03\/Faculty-of-Computer-Science-brochure-22.pdf?\" title=\"Will open on a new tab\" target=\"_blank\" rel=\"noopener\"><\/p>\n<figure><figcaption>Computer Science brochure (PDF, digitally accessible, 4 MB)<\/figcaption><img decoding=\"async\" src=\"https:\/\/wi.pb.edu.pl\/wp-content\/uploads\/2024\/03\/Faculty-of-Computer-Science-brochure-22_wycinek.png\" style=\"width: 360px\" alt=\"Fragment of the title page of the brochure.\"><\/figure>\n<p><\/a><\/div>\n<\/div>\n<h2>Contact<\/h2>\n<div class=\"well\">\n<div style=\"font-size: 90%;font-weight: 600\">Dean&#8217;s Representative for Foreign Language Studies<\/div>\n<div style=\"text-align: center;margin-top: 1em\">\n<div style=\"font-size: 115%;font-weight: 600\">Anna \u0141upi\u0144ska-Dubicka, PhD, Eng<\/div>\n<div aria-label=\"email\"><i class=\"fa fa-envelope-o\" aria-hidden=\"true\"><\/i> <a href=\"#\" rel=\"nofollow\"  onclick=\"this.href='mailto:' + 'a.lupinska' + '@' + 'pb.edu.pl'\">a.lupinska [at] pb.edu.pl<\/a><\/div>\n<div style=\"margin-top: 0.5em\">Bialystok University of Technology<\/div>\n<div style=\"margin-top: 0.5em\">Faculty of Computer Science<\/div>\n<div style=\"margin-top: 0.5em\">45A Wiejska Street,15-351 Bialystok, Poland<\/div>\n<div style=\"margin-top: 0.5em\">Room: A218\/235<\/div>\n<\/div>\n<\/div>\n","protected":false},"excerpt":{"rendered":"<p>Contact<\/p>\n","protected":false},"author":2,"featured_media":0,"parent":10096,"menu_order":1,"comment_status":"closed","ping_status":"closed","template":"","meta":{"inline_featured_image":false,"ngg_post_thumbnail":0,"footnotes":""},"class_list":["post-12986","page","type-page","status-publish","hentry"],"acf":[],"yoast_head":"<!-- This site is optimized with the Yoast SEO plugin v26.4 - https:\/\/yoast.com\/wordpress\/plugins\/seo\/ -->\n<title>Study at the Faculty of Computer Science - Faculty of Computer Science<\/title>\n<meta name=\"description\" content=\"Dlaczego warto studiowa\u0107 na Wydziale Informatyki? Nasi absolwenci maj\u0105 prac\u0119.\" \/>\n<meta name=\"robots\" content=\"index, follow, max-snippet:-1, max-image-preview:large, max-video-preview:-1\" \/>\n<link rel=\"canonical\" href=\"https:\/\/wi.pb.edu.pl\/en\/admission\/study-at-the-faculty-of-computer-science\/\" \/>\n<meta property=\"og:locale\" content=\"en_US\" \/>\n<meta property=\"og:type\" content=\"article\" \/>\n<meta property=\"og:title\" content=\"Study at the Faculty of Computer Science - Faculty of Computer Science\" \/>\n<meta property=\"og:description\" content=\"Dlaczego warto studiowa\u0107 na Wydziale Informatyki? Nasi absolwenci maj\u0105 prac\u0119.\" \/>\n<meta property=\"og:url\" content=\"https:\/\/wi.pb.edu.pl\/en\/admission\/study-at-the-faculty-of-computer-science\/\" \/>\n<meta property=\"og:site_name\" content=\"Faculty of Computer Science\" \/>\n<meta property=\"article:modified_time\" content=\"2024-03-26T12:24:01+00:00\" \/>\n<meta property=\"og:image\" content=\"https:\/\/we.pb.edu.pl\/en\/wp-content\/uploads\/sites\/2\/2022\/03\/en-thumbnail-but-brochure.png\" \/>\n<meta name=\"twitter:label1\" content=\"Est. reading time\" \/>\n\t<meta name=\"twitter:data1\" content=\"1 minute\" \/>\n<script type=\"application\/ld+json\" class=\"yoast-schema-graph\">{\"@context\":\"https:\/\/schema.org\",\"@graph\":[{\"@type\":\"WebPage\",\"@id\":\"https:\/\/wi.pb.edu.pl\/en\/admission\/study-at-the-faculty-of-computer-science\/\",\"url\":\"https:\/\/wi.pb.edu.pl\/en\/admission\/study-at-the-faculty-of-computer-science\/\",\"name\":\"Study at the Faculty of Computer Science - Faculty of Computer Science\",\"isPartOf\":{\"@id\":\"https:\/\/wi.pb.edu.pl\/en\/#website\"},\"primaryImageOfPage\":{\"@id\":\"https:\/\/wi.pb.edu.pl\/en\/admission\/study-at-the-faculty-of-computer-science\/#primaryimage\"},\"image\":{\"@id\":\"https:\/\/wi.pb.edu.pl\/en\/admission\/study-at-the-faculty-of-computer-science\/#primaryimage\"},\"thumbnailUrl\":\"https:\/\/we.pb.edu.pl\/en\/wp-content\/uploads\/sites\/2\/2022\/03\/en-thumbnail-but-brochure.png\",\"datePublished\":\"2018-02-11T16:01:30+00:00\",\"dateModified\":\"2024-03-26T12:24:01+00:00\",\"description\":\"Dlaczego warto studiowa\u0107 na Wydziale Informatyki? Nasi absolwenci maj\u0105 prac\u0119.\",\"breadcrumb\":{\"@id\":\"https:\/\/wi.pb.edu.pl\/en\/admission\/study-at-the-faculty-of-computer-science\/#breadcrumb\"},\"inLanguage\":\"en-US\",\"potentialAction\":[{\"@type\":\"ReadAction\",\"target\":[\"https:\/\/wi.pb.edu.pl\/en\/admission\/study-at-the-faculty-of-computer-science\/\"]}]},{\"@type\":\"ImageObject\",\"inLanguage\":\"en-US\",\"@id\":\"https:\/\/wi.pb.edu.pl\/en\/admission\/study-at-the-faculty-of-computer-science\/#primaryimage\",\"url\":\"https:\/\/we.pb.edu.pl\/en\/wp-content\/uploads\/sites\/2\/2022\/03\/en-thumbnail-but-brochure.png\",\"contentUrl\":\"https:\/\/we.pb.edu.pl\/en\/wp-content\/uploads\/sites\/2\/2022\/03\/en-thumbnail-but-brochure.png\"},{\"@type\":\"BreadcrumbList\",\"@id\":\"https:\/\/wi.pb.edu.pl\/en\/admission\/study-at-the-faculty-of-computer-science\/#breadcrumb\",\"itemListElement\":[{\"@type\":\"ListItem\",\"position\":1,\"name\":\"Strona g\u0142\u00f3wna\",\"item\":\"https:\/\/wi.pb.edu.pl\/en\/\"},{\"@type\":\"ListItem\",\"position\":2,\"name\":\"Admission\",\"item\":\"https:\/\/wi.pb.edu.pl\/en\/admission\/\"},{\"@type\":\"ListItem\",\"position\":3,\"name\":\"Study at the Faculty of Computer Science\"}]},{\"@type\":\"WebSite\",\"@id\":\"https:\/\/wi.pb.edu.pl\/en\/#website\",\"url\":\"https:\/\/wi.pb.edu.pl\/en\/\",\"name\":\"Faculty of Computer Science\",\"description\":\"\",\"potentialAction\":[{\"@type\":\"SearchAction\",\"target\":{\"@type\":\"EntryPoint\",\"urlTemplate\":\"https:\/\/wi.pb.edu.pl\/en\/?s={search_term_string}\"},\"query-input\":{\"@type\":\"PropertyValueSpecification\",\"valueRequired\":true,\"valueName\":\"search_term_string\"}}],\"inLanguage\":\"en-US\"}]}<\/script>\n<!-- \/ Yoast SEO plugin. -->","yoast_head_json":{"title":"Study at the Faculty of Computer Science - Faculty of Computer Science","description":"Dlaczego warto studiowa\u0107 na Wydziale Informatyki? Nasi absolwenci maj\u0105 prac\u0119.","robots":{"index":"index","follow":"follow","max-snippet":"max-snippet:-1","max-image-preview":"max-image-preview:large","max-video-preview":"max-video-preview:-1"},"canonical":"https:\/\/wi.pb.edu.pl\/en\/admission\/study-at-the-faculty-of-computer-science\/","og_locale":"en_US","og_type":"article","og_title":"Study at the Faculty of Computer Science - Faculty of Computer Science","og_description":"Dlaczego warto studiowa\u0107 na Wydziale Informatyki? Nasi absolwenci maj\u0105 prac\u0119.","og_url":"https:\/\/wi.pb.edu.pl\/en\/admission\/study-at-the-faculty-of-computer-science\/","og_site_name":"Faculty of Computer Science","article_modified_time":"2024-03-26T12:24:01+00:00","og_image":[{"url":"https:\/\/we.pb.edu.pl\/en\/wp-content\/uploads\/sites\/2\/2022\/03\/en-thumbnail-but-brochure.png","type":"","width":"","height":""}],"twitter_misc":{"Est. reading time":"1 minute"},"schema":{"@context":"https:\/\/schema.org","@graph":[{"@type":"WebPage","@id":"https:\/\/wi.pb.edu.pl\/en\/admission\/study-at-the-faculty-of-computer-science\/","url":"https:\/\/wi.pb.edu.pl\/en\/admission\/study-at-the-faculty-of-computer-science\/","name":"Study at the Faculty of Computer Science - Faculty of Computer Science","isPartOf":{"@id":"https:\/\/wi.pb.edu.pl\/en\/#website"},"primaryImageOfPage":{"@id":"https:\/\/wi.pb.edu.pl\/en\/admission\/study-at-the-faculty-of-computer-science\/#primaryimage"},"image":{"@id":"https:\/\/wi.pb.edu.pl\/en\/admission\/study-at-the-faculty-of-computer-science\/#primaryimage"},"thumbnailUrl":"https:\/\/we.pb.edu.pl\/en\/wp-content\/uploads\/sites\/2\/2022\/03\/en-thumbnail-but-brochure.png","datePublished":"2018-02-11T16:01:30+00:00","dateModified":"2024-03-26T12:24:01+00:00","description":"Dlaczego warto studiowa\u0107 na Wydziale Informatyki? Nasi absolwenci maj\u0105 prac\u0119.","breadcrumb":{"@id":"https:\/\/wi.pb.edu.pl\/en\/admission\/study-at-the-faculty-of-computer-science\/#breadcrumb"},"inLanguage":"en-US","potentialAction":[{"@type":"ReadAction","target":["https:\/\/wi.pb.edu.pl\/en\/admission\/study-at-the-faculty-of-computer-science\/"]}]},{"@type":"ImageObject","inLanguage":"en-US","@id":"https:\/\/wi.pb.edu.pl\/en\/admission\/study-at-the-faculty-of-computer-science\/#primaryimage","url":"https:\/\/we.pb.edu.pl\/en\/wp-content\/uploads\/sites\/2\/2022\/03\/en-thumbnail-but-brochure.png","contentUrl":"https:\/\/we.pb.edu.pl\/en\/wp-content\/uploads\/sites\/2\/2022\/03\/en-thumbnail-but-brochure.png"},{"@type":"BreadcrumbList","@id":"https:\/\/wi.pb.edu.pl\/en\/admission\/study-at-the-faculty-of-computer-science\/#breadcrumb","itemListElement":[{"@type":"ListItem","position":1,"name":"Strona g\u0142\u00f3wna","item":"https:\/\/wi.pb.edu.pl\/en\/"},{"@type":"ListItem","position":2,"name":"Admission","item":"https:\/\/wi.pb.edu.pl\/en\/admission\/"},{"@type":"ListItem","position":3,"name":"Study at the Faculty of Computer Science"}]},{"@type":"WebSite","@id":"https:\/\/wi.pb.edu.pl\/en\/#website","url":"https:\/\/wi.pb.edu.pl\/en\/","name":"Faculty of Computer Science","description":"","potentialAction":[{"@type":"SearchAction","target":{"@type":"EntryPoint","urlTemplate":"https:\/\/wi.pb.edu.pl\/en\/?s={search_term_string}"},"query-input":{"@type":"PropertyValueSpecification","valueRequired":true,"valueName":"search_term_string"}}],"inLanguage":"en-US"}]}},"_links":{"self":[{"href":"https:\/\/wi.pb.edu.pl\/en\/wp-json\/wp\/v2\/pages\/12986","targetHints":{"allow":["GET"]}}],"collection":[{"href":"https:\/\/wi.pb.edu.pl\/en\/wp-json\/wp\/v2\/pages"}],"about":[{"href":"https:\/\/wi.pb.edu.pl\/en\/wp-json\/wp\/v2\/types\/page"}],"author":[{"embeddable":true,"href":"https:\/\/wi.pb.edu.pl\/en\/wp-json\/wp\/v2\/users\/2"}],"replies":[{"embeddable":true,"href":"https:\/\/wi.pb.edu.pl\/en\/wp-json\/wp\/v2\/comments?post=12986"}],"version-history":[{"count":14,"href":"https:\/\/wi.pb.edu.pl\/en\/wp-json\/wp\/v2\/pages\/12986\/revisions"}],"predecessor-version":[{"id":13011,"href":"https:\/\/wi.pb.edu.pl\/en\/wp-json\/wp\/v2\/pages\/12986\/revisions\/13011"}],"up":[{"embeddable":true,"href":"https:\/\/wi.pb.edu.pl\/en\/wp-json\/wp\/v2\/pages\/10096"}],"wp:attachment":[{"href":"https:\/\/wi.pb.edu.pl\/en\/wp-json\/wp\/v2\/media?parent=12986"}],"curies":[{"name":"wp","href":"https:\/\/api.w.org\/{rel}","templated":true}]}}