{"id":16876,"date":"2026-04-16T12:32:50","date_gmt":"2026-04-16T11:32:50","guid":{"rendered":"https:\/\/wi.pb.edu.pl\/science-clubs\/"},"modified":"2026-04-16T12:36:28","modified_gmt":"2026-04-16T11:36:28","slug":"science-clubs","status":"publish","type":"page","link":"https:\/\/wi.pb.edu.pl\/en\/students\/science-clubs\/","title":{"rendered":"Science Clubs"},"content":{"rendered":"<div class=\"panel-group\" id=\"custom-collapse-0\">\n<div class=\"panel panel-default\">\n\t\t\t\t<div class=\"panel-heading\">\n\t\t\t\t\t<div class=\"panel-title\">\n\t\t\t\t\t\t<a class=\"collapsed h4\" data-toggle=\"collapse\" data-parent=\"#custom-collapse-0\" href=\"#custom-collapse-0-0\">Biometrics Student Research Group of the Bialystok University of Technology<\/a>\n\t\t\t\t\t<\/div>\n\t\t\t\t<\/div>\n\t\t\t\t<div id=\"custom-collapse-0-0\" class=\"panel-collapse collapse\">\n\t\t\t\t\t<div class=\"panel-body\">\n<div><b>Supervisor:<\/b> prof. dr hab. in\u017c. Khalid Saed<\/div>\n<div>&nbsp;<\/div>\n<div><b>Area of activity<\/b><br \/>\nThe scope of scientific interests of the Group members includes digital image processing and analysis, signal processing, analysis and modeling of electronic systems, biometrics, pattern recognition, Internet of Things, and the security of applications, devices, and computer networks based on biometric features.<\/div>\n<\/div>\n\t\t\t\t<\/div>\n\t\t\t<\/div>\n<\/div>\n<div class=\"panel-group\" id=\"custom-collapse-1\">\n<div class=\"panel panel-default\">\n\t\t\t\t<div class=\"panel-heading\">\n\t\t\t\t\t<div class=\"panel-title\">\n\t\t\t\t\t\t<a class=\"collapsed h4\" data-toggle=\"collapse\" data-parent=\"#custom-collapse-1\" href=\"#custom-collapse-1-1\">Mobile Intelligent Systems<\/a>\n\t\t\t\t\t<\/div>\n\t\t\t\t<\/div>\n\t\t\t\t<div id=\"custom-collapse-1-1\" class=\"panel-collapse collapse\">\n\t\t\t\t\t<div class=\"panel-body\">\n<div><b>Supervisor:<\/b> dr in\u017c. Teodora Dimitrova-Grekow<\/div>\n<div>&nbsp;<\/div>\n<div><b>Area of activity<\/b><br \/>\nMSI members focus on programming and building LEGO Mindstorms NXT robots. They work with MicroCamp 2.0 (Atmega8) and Robo (PIC) kits. They also develop their own Linefollower prototypes. The group organizes internal Linefollower competitions and inter-departmental Sumo tournaments. The flagship project of MSI is the periodically organized national competition Eastrobo. Students participating in the group&#8217;s life expand their knowledge in the field of artificial intelligence and self-learning systems. They win awards in national competitions.<\/div>\n<div>&nbsp;<\/div>\n<div><b>Details<\/b> <a title=\"opens in a new tab\" href=\"https:\/\/www.facebook.com\/MobilneSystemyInteligentne\" target=\"_blank\" rel=\"noopener noreferrer\">Mobile Intelligent Systems<\/a><\/div>\n<\/div>\n\t\t\t\t<\/div>\n\t\t\t<\/div>\n<\/div>\n<div class=\"panel-group\" id=\"custom-collapse-2\">\n<div class=\"panel panel-default\">\n\t\t\t\t<div class=\"panel-heading\">\n\t\t\t\t\t<div class=\"panel-title\">\n\t\t\t\t\t\t<a class=\"collapsed h4\" data-toggle=\"collapse\" data-parent=\"#custom-collapse-2\" href=\"#custom-collapse-2-2\">Games Student Research Group<\/a>\n\t\t\t\t\t<\/div>\n\t\t\t\t<\/div>\n\t\t\t\t<div id=\"custom-collapse-2-2\" class=\"panel-collapse collapse\">\n\t\t\t\t\t<div class=\"panel-body\">\n<div><b>Supervisor:<\/b> dr hab. Dorota Mozyrska, prof. PB<\/div>\n<div>&nbsp;<\/div>\n<div><b>Area of activity<\/b><br \/>\nOriginally, the Group brought together students interested in chess. Today, the repertoire of games has expanded significantly, and the members of the Group are open to new logical, board, or card challenges. They periodically organize Games Night at the Bialystok University of Technology \u2013 an event addressed to all game enthusiasts.<\/div>\n<div>&nbsp;<\/div>\n<div><b>Details<\/b> <a title=\"opens in a new tab\" href=\"https:\/\/www.facebook.com\/KoloNaukoweGier\" target=\"_blank\" rel=\"noopener noreferrer\">Games Student Research Group<\/a><\/div>\n<\/div>\n\t\t\t\t<\/div>\n\t\t\t<\/div>\n<\/div>\n<div class=\"panel-group\" id=\"custom-collapse-3\">\n<div class=\"panel panel-default\">\n\t\t\t\t<div class=\"panel-heading\">\n\t\t\t\t\t<div class=\"panel-title\">\n\t\t\t\t\t\t<a class=\"collapsed h4\" data-toggle=\"collapse\" data-parent=\"#custom-collapse-3\" href=\"#custom-collapse-3-3\">Math4You<\/a>\n\t\t\t\t\t<\/div>\n\t\t\t\t<\/div>\n\t\t\t\t<div id=\"custom-collapse-3-3\" class=\"panel-collapse collapse\">\n\t\t\t\t\t<div class=\"panel-body\">\n<div><b>Supervisor:<\/b> dr Marzena Filipowicz-Chomko, dr hab. Ewa Girejko<\/div>\n<div>&nbsp;<\/div>\n<div><b>Area of activity<\/b><br \/>\nMathematics is everywhere! Enthusiasts associated with the Math4You group know this well. In addition to scientific activity, they try to actively popularize the &#8220;Queen of Sciences&#8221; among students and school youth. Members of the Group participate in scientific conferences and competitions, and also conduct workshops and lectures. They are involved in organizing many university events, e.g., Pi Day, Podlasie Mathematics Days, and the &#8220;Mathematical Christmas Tree&#8221; competition.<\/div>\n<div>&nbsp;<\/div>\n<div><b>Details<\/b> <a title=\"opens in a new tab\" href=\"https:\/\/www.facebook.com\/KoloMath4You\" target=\"_blank\" rel=\"noopener noreferrer\">Math4You<\/a><\/div>\n<\/div>\n\t\t\t\t<\/div>\n\t\t\t<\/div>\n<\/div>\n<div class=\"panel-group\" id=\"custom-collapse-4\">\n<div class=\"panel panel-default\">\n\t\t\t\t<div class=\"panel-heading\">\n\t\t\t\t\t<div class=\"panel-title\">\n\t\t\t\t\t\t<a class=\"collapsed h4\" data-toggle=\"collapse\" data-parent=\"#custom-collapse-4\" href=\"#custom-collapse-4-4\">GoSecurity<\/a>\n\t\t\t\t\t<\/div>\n\t\t\t\t<\/div>\n\t\t\t\t<div id=\"custom-collapse-4-4\" class=\"panel-collapse collapse\">\n\t\t\t\t\t<div class=\"panel-body\">\n<div><b>Supervisor:<\/b> dr in\u017c. Andrzej Chmielewski, prof. PB, dr hab. Ireneusz Mrozek, prof. PB<\/div>\n<div>&nbsp;<\/div>\n<div><b>Area of activity<\/b><br \/>\nThe &#8220;Go Security&#8221; Student Research Group is a group of people interested in computer network security issues. It is worth joining them to jointly explore the construction of secure information exchange and storage systems, methods of securing access to end devices in the network, and to consider what errors enable hacker attacks.<\/div>\n<div>&nbsp;<\/div>\n<div><b>Details<\/b> <a title=\"opens in a new tab\" href=\"https:\/\/www.facebook.com\/gosecu\" target=\"_blank\" rel=\"noopener noreferrer\">GoSecurity<\/a><\/div>\n<\/div>\n\t\t\t\t<\/div>\n\t\t\t<\/div>\n<\/div>\n<div class=\"panel-group\" id=\"custom-collapse-5\">\n<div class=\"panel panel-default\">\n\t\t\t\t<div class=\"panel-heading\">\n\t\t\t\t\t<div class=\"panel-title\">\n\t\t\t\t\t\t<a class=\"collapsed h4\" data-toggle=\"collapse\" data-parent=\"#custom-collapse-5\" href=\"#custom-collapse-5-5\">VectoR Game Creators<\/a>\n\t\t\t\t\t<\/div>\n\t\t\t\t<\/div>\n\t\t\t\t<div id=\"custom-collapse-5-5\" class=\"panel-collapse collapse\">\n\t\t\t\t\t<div class=\"panel-body\">\n<div><b>Supervisor:<\/b> dr in\u017c. Tomasz \u0141ukaszuk<\/div>\n<div>&nbsp;<\/div>\n<div><b>Area of activity<\/b><br \/>\nThe VectoR Student Research Group from the Faculty of Computer Science of the Bialystok University of Technology brings together enthusiasts of game creation and VR technology.<\/div>\n<div>&nbsp;<\/div>\n<div><b>Details<\/b> <a title=\"opens in a new tab\" href=\"https:\/\/www.facebook.com\/VectorGameDev\" target=\"_blank\" rel=\"noopener noreferrer\">VectoR<\/a><\/div>\n<\/div>\n\t\t\t\t<\/div>\n\t\t\t<\/div>\n<\/div>\n<div class=\"panel-group\" id=\"custom-collapse-6\">\n<div class=\"panel panel-default\">\n\t\t\t\t<div class=\"panel-heading\">\n\t\t\t\t\t<div class=\"panel-title\">\n\t\t\t\t\t\t<a class=\"collapsed h4\" data-toggle=\"collapse\" data-parent=\"#custom-collapse-6\" href=\"#custom-collapse-6-6\">Data Pigeons<\/a>\n\t\t\t\t\t<\/div>\n\t\t\t\t<\/div>\n\t\t\t\t<div id=\"custom-collapse-6-6\" class=\"panel-collapse collapse\">\n\t\t\t\t\t<div class=\"panel-body\">\n<div><b>Supervisor:<\/b> dr in\u017c. Magdalena Topczewska<\/div>\n<div>&nbsp;<\/div>\n<div><b>Area of activity<\/b><br \/>\nDeepening scientific knowledge in the field of statistics, machine learning, and other related fields. Promoting science and ethical standards.<\/div>\n<div>&nbsp;<\/div>\n<div><b>Details<\/b> <a title=\"opens in a new tab\" href=\"https:\/\/www.facebook.com\/groups\/1024176352497142\" target=\"_blank\" rel=\"noopener noreferrer\">Data Pigeons<\/a><\/div>\n<\/div>\n\t\t\t\t<\/div>\n\t\t\t<\/div>\n<\/div>\n<div class=\"panel-group\" id=\"custom-collapse-7\">\n<div class=\"panel panel-default\">\n\t\t\t\t<div class=\"panel-heading\">\n\t\t\t\t\t<div class=\"panel-title\">\n\t\t\t\t\t\t<a class=\"collapsed h4\" data-toggle=\"collapse\" data-parent=\"#custom-collapse-7\" href=\"#custom-collapse-7-7\">E-games<\/a>\n\t\t\t\t\t<\/div>\n\t\t\t\t<\/div>\n\t\t\t\t<div id=\"custom-collapse-7-7\" class=\"panel-collapse collapse\">\n\t\t\t\t\t<div class=\"panel-body\">\n<div><b>Supervisor:<\/b> dr in\u017c. Marek Tab\u0119dzki<\/div>\n<div>&nbsp;<\/div>\n<div><b>Area of activity<\/b><br \/>\nDeepening knowledge and skills in the field of electronic sports. Representation of the university in national and international competitions. Analysis of the development of electronic sports.<\/div>\n<div><b>Details<\/b> <a title=\"opens in a new tab\" href=\"https:\/\/www.facebook.com\/DuchyPuszczy\" target=\"_blank\" rel=\"noopener noreferrer\">E-games<\/a><\/div>\n<div>&nbsp;<\/div>\n<\/div>\n\t\t\t\t<\/div>\n\t\t\t<\/div>\n<\/div>\n<div class=\"panel-group\" id=\"custom-collapse-8\">\n<div class=\"panel panel-default\">\n\t\t\t\t<div class=\"panel-heading\">\n\t\t\t\t\t<div class=\"panel-title\">\n\t\t\t\t\t\t<a class=\"collapsed h4\" data-toggle=\"collapse\" data-parent=\"#custom-collapse-8\" href=\"#custom-collapse-8-8\">ARMUM<\/a>\n\t\t\t\t\t<\/div>\n\t\t\t\t<\/div>\n\t\t\t\t<div id=\"custom-collapse-8-8\" class=\"panel-collapse collapse\">\n\t\t\t\t\t<div class=\"panel-body\">\n<div><b>Supervisor:<\/b> dr in\u017c. Tomasz Grzes, dr in\u017c. Miros\u0142aw Omieljanowicz<\/div>\n<div>&nbsp;<\/div>\n<div><b>Area of activity<\/b><br \/>\nThe &#8216;ARMUM&#8217; Student Research Group for Embedded Systems and Machine Learning brings together students interested in modern technologies in the field of embedded systems, automation, artificial intelligence, and machine learning. Members of the Group carry out research and development projects, developing practical competencies in areas such as microcontroller programming, control algorithms, or industrial communication. An important element of the Group&#8217;s activity is cooperation with the PLUM company, which supports the technical development of students and enables them to participate in projects close to industrial realities.<\/div>\n<div>&nbsp;<\/div>\n<\/div>\n\t\t\t\t<\/div>\n\t\t\t<\/div>\n<\/div>\n","protected":false},"excerpt":{"rendered":"","protected":false},"author":2,"featured_media":0,"parent":10103,"menu_order":3,"comment_status":"closed","ping_status":"closed","template":"","meta":{"inline_featured_image":false,"ngg_post_thumbnail":0,"footnotes":""},"class_list":["post-16876","page","type-page","status-publish","hentry"],"acf":[],"yoast_head":"<!-- This site is optimized with the Yoast SEO plugin v26.4 - https:\/\/yoast.com\/wordpress\/plugins\/seo\/ -->\n<title>Science Clubs - Faculty of Computer Science<\/title>\n<meta name=\"robots\" content=\"index, follow, max-snippet:-1, max-image-preview:large, max-video-preview:-1\" \/>\n<link rel=\"canonical\" href=\"https:\/\/wi.pb.edu.pl\/en\/students\/science-clubs\/\" \/>\n<meta property=\"og:locale\" content=\"en_US\" \/>\n<meta property=\"og:type\" content=\"article\" \/>\n<meta property=\"og:title\" content=\"Science Clubs - Faculty of Computer Science\" \/>\n<meta property=\"og:url\" content=\"https:\/\/wi.pb.edu.pl\/en\/students\/science-clubs\/\" \/>\n<meta property=\"og:site_name\" content=\"Faculty of Computer Science\" \/>\n<meta property=\"article:modified_time\" content=\"2026-04-16T11:36:28+00:00\" \/>\n<meta name=\"twitter:label1\" content=\"Est. reading time\" \/>\n\t<meta name=\"twitter:data1\" content=\"4 minutes\" \/>\n<script type=\"application\/ld+json\" class=\"yoast-schema-graph\">{\"@context\":\"https:\/\/schema.org\",\"@graph\":[{\"@type\":\"WebPage\",\"@id\":\"https:\/\/wi.pb.edu.pl\/en\/students\/science-clubs\/\",\"url\":\"https:\/\/wi.pb.edu.pl\/en\/students\/science-clubs\/\",\"name\":\"Science Clubs - Faculty of Computer Science\",\"isPartOf\":{\"@id\":\"https:\/\/wi.pb.edu.pl\/en\/#website\"},\"datePublished\":\"2026-04-16T11:32:50+00:00\",\"dateModified\":\"2026-04-16T11:36:28+00:00\",\"breadcrumb\":{\"@id\":\"https:\/\/wi.pb.edu.pl\/en\/students\/science-clubs\/#breadcrumb\"},\"inLanguage\":\"en-US\",\"potentialAction\":[{\"@type\":\"ReadAction\",\"target\":[\"https:\/\/wi.pb.edu.pl\/en\/students\/science-clubs\/\"]}]},{\"@type\":\"BreadcrumbList\",\"@id\":\"https:\/\/wi.pb.edu.pl\/en\/students\/science-clubs\/#breadcrumb\",\"itemListElement\":[{\"@type\":\"ListItem\",\"position\":1,\"name\":\"Strona g\u0142\u00f3wna\",\"item\":\"https:\/\/wi.pb.edu.pl\/en\/\"},{\"@type\":\"ListItem\",\"position\":2,\"name\":\"Students\",\"item\":\"https:\/\/wi.pb.edu.pl\/en\/students\/\"},{\"@type\":\"ListItem\",\"position\":3,\"name\":\"Science Clubs\"}]},{\"@type\":\"WebSite\",\"@id\":\"https:\/\/wi.pb.edu.pl\/en\/#website\",\"url\":\"https:\/\/wi.pb.edu.pl\/en\/\",\"name\":\"Faculty of Computer Science\",\"description\":\"\",\"potentialAction\":[{\"@type\":\"SearchAction\",\"target\":{\"@type\":\"EntryPoint\",\"urlTemplate\":\"https:\/\/wi.pb.edu.pl\/en\/?s={search_term_string}\"},\"query-input\":{\"@type\":\"PropertyValueSpecification\",\"valueRequired\":true,\"valueName\":\"search_term_string\"}}],\"inLanguage\":\"en-US\"}]}<\/script>\n<!-- \/ Yoast SEO plugin. -->","yoast_head_json":{"title":"Science Clubs - Faculty of Computer Science","robots":{"index":"index","follow":"follow","max-snippet":"max-snippet:-1","max-image-preview":"max-image-preview:large","max-video-preview":"max-video-preview:-1"},"canonical":"https:\/\/wi.pb.edu.pl\/en\/students\/science-clubs\/","og_locale":"en_US","og_type":"article","og_title":"Science Clubs - Faculty of Computer Science","og_url":"https:\/\/wi.pb.edu.pl\/en\/students\/science-clubs\/","og_site_name":"Faculty of Computer Science","article_modified_time":"2026-04-16T11:36:28+00:00","twitter_misc":{"Est. reading time":"4 minutes"},"schema":{"@context":"https:\/\/schema.org","@graph":[{"@type":"WebPage","@id":"https:\/\/wi.pb.edu.pl\/en\/students\/science-clubs\/","url":"https:\/\/wi.pb.edu.pl\/en\/students\/science-clubs\/","name":"Science Clubs - Faculty of Computer Science","isPartOf":{"@id":"https:\/\/wi.pb.edu.pl\/en\/#website"},"datePublished":"2026-04-16T11:32:50+00:00","dateModified":"2026-04-16T11:36:28+00:00","breadcrumb":{"@id":"https:\/\/wi.pb.edu.pl\/en\/students\/science-clubs\/#breadcrumb"},"inLanguage":"en-US","potentialAction":[{"@type":"ReadAction","target":["https:\/\/wi.pb.edu.pl\/en\/students\/science-clubs\/"]}]},{"@type":"BreadcrumbList","@id":"https:\/\/wi.pb.edu.pl\/en\/students\/science-clubs\/#breadcrumb","itemListElement":[{"@type":"ListItem","position":1,"name":"Strona g\u0142\u00f3wna","item":"https:\/\/wi.pb.edu.pl\/en\/"},{"@type":"ListItem","position":2,"name":"Students","item":"https:\/\/wi.pb.edu.pl\/en\/students\/"},{"@type":"ListItem","position":3,"name":"Science Clubs"}]},{"@type":"WebSite","@id":"https:\/\/wi.pb.edu.pl\/en\/#website","url":"https:\/\/wi.pb.edu.pl\/en\/","name":"Faculty of Computer Science","description":"","potentialAction":[{"@type":"SearchAction","target":{"@type":"EntryPoint","urlTemplate":"https:\/\/wi.pb.edu.pl\/en\/?s={search_term_string}"},"query-input":{"@type":"PropertyValueSpecification","valueRequired":true,"valueName":"search_term_string"}}],"inLanguage":"en-US"}]}},"_links":{"self":[{"href":"https:\/\/wi.pb.edu.pl\/en\/wp-json\/wp\/v2\/pages\/16876","targetHints":{"allow":["GET"]}}],"collection":[{"href":"https:\/\/wi.pb.edu.pl\/en\/wp-json\/wp\/v2\/pages"}],"about":[{"href":"https:\/\/wi.pb.edu.pl\/en\/wp-json\/wp\/v2\/types\/page"}],"author":[{"embeddable":true,"href":"https:\/\/wi.pb.edu.pl\/en\/wp-json\/wp\/v2\/users\/2"}],"replies":[{"embeddable":true,"href":"https:\/\/wi.pb.edu.pl\/en\/wp-json\/wp\/v2\/comments?post=16876"}],"version-history":[{"count":1,"href":"https:\/\/wi.pb.edu.pl\/en\/wp-json\/wp\/v2\/pages\/16876\/revisions"}],"predecessor-version":[{"id":16877,"href":"https:\/\/wi.pb.edu.pl\/en\/wp-json\/wp\/v2\/pages\/16876\/revisions\/16877"}],"up":[{"embeddable":true,"href":"https:\/\/wi.pb.edu.pl\/en\/wp-json\/wp\/v2\/pages\/10103"}],"wp:attachment":[{"href":"https:\/\/wi.pb.edu.pl\/en\/wp-json\/wp\/v2\/media?parent=16876"}],"curies":[{"name":"wp","href":"https:\/\/api.w.org\/{rel}","templated":true}]}}