{"id":100,"date":"2024-07-16T10:15:40","date_gmt":"2024-07-16T08:15:40","guid":{"rendered":"https:\/\/wi.pb.edu.pl\/p\/?page_id=100"},"modified":"2024-07-16T11:32:36","modified_gmt":"2024-07-16T09:32:36","slug":"wprowadzenie-do-badan-naukowych","status":"publish","type":"page","link":"https:\/\/wi.pb.edu.pl\/p\/marek-j-druzdzel\/zajecia\/wprowadzenie-do-badan-naukowych\/","title":{"rendered":"Wprowadzenie do bada\u0144 naukowych"},"content":{"rendered":"<p>Semestr letni 2023-2024, srody, 19:20-20:50 (sala WA-12B \/ Aula B)<br \/>\nBudynek Rektoratu Politechniki Bialostockiej, Wiejska 45-A, Bialystok<\/p>\n<p>Spotykamy sie co tydzien w pierwszej polowie semestru.<br \/>\nDaty spotkan:<br \/>\n6, 13, 20, 27 marzec<br \/>\n3, 10, 17, 24 kwiecien<\/p>\n<p>Instruktor:&nbsp;Marek J. Druzdzel<\/p>\n<blockquote><p><i>&#8222;Science is not science fiction. It accepts the tests of observation and experiment, acknowledges the supremacy of fact over wish or hope. The smallest experiment can crash to earth the most attractive theory.&#8221;&nbsp;<\/i>&#8212; Herbert A. Simon<\/p><\/blockquote>\n<p>Wyklad &#8222;Wprowadzenie do badan naukowych&#8221; wprowadza student\u00f3w drugiego stopnia informatyki do bogatej dziedziny badan empirycznych (czyli doswiadczalnych), prowadzac ich przez meandry problem\u00f3w powiazanych z poznawaniem swiata.<\/p>\n<p>Wyklad nie ma na celu nauczenia formalnych szczeg\u00f3l\u00f3w procedur statystycznych ani uczynienia sluchaczy doswiadczonymi praktykami w zakresie okreslonych narzedzi projektowych. To mozna i powinno sie zdobyc na innych specjalistycznych kursach. Celem tego wykladu jest rozwiniecie w sluchaczach szerokich zdolnosci krytycznych, a nacisk polozony bedzie na podstawowy proces dociekan naukowych. Wyklad ma na celu poprawe zdolnosci do myslenia o pytaniach badawczych i formalnego formulowania ich oraz do wyboru sposob\u00f3w ich rozwiazywania poprzez ilosciowe badania empiryczne.<\/p>\n<p>Podejscie przyjete na tym kursie jest nieco nieortodoksyjne w por\u00f3wnaniu z tym, co mozna znalezc w istniejacych podrecznikach i kursach na temat projektowania eksperyment\u00f3w. Zaczniemy od koncepcji przyczynowosci i graf\u00f3w przyczynowych oraz tego, jak reprezentuja one statystyczna niezaleznosc. Grafy przyczynowe sa bliskie ukierunkowanym modelom probabilistycznym, takim jak sieci bayesowskie, coraz czesciej stosowane w systemach wspomagania decyzji. Pomoze to w uzyskaniu wgladu w strukture eksperyment\u00f3w naukowych i zrozumieniu, na czym polegaja eksperymenty. Jak kazdy wyklad na temat projektowania eksperyment\u00f3w, ten r\u00f3wniez obejmie podstawy projektowania eksperyment\u00f3w i tematy, kt\u00f3re sa z nim bezposrednio zwiazane, takie jak identyfikacja i artykulowanie problem\u00f3w badawczych, formulowanie testowalnych hipotez, pomiary i gromadzenie danych, artefakty zachodzace pomiedzy podmiotem i eksperymentatorem i ich kontrola, opisywanie i wyswietlanie danych, interpretacja i wyciaganie wniosk\u00f3w z analizy danych oraz raportowanie wynik\u00f3w badan i ich implikacji. Kurs obejmie r\u00f3wniez mniej ortodoksyjne tematy, a mianowicie metody badawcze stosowane w informatyce, w szczeg\u00f3lnosci symulacja i odkrywanie komputerowe.<\/p>\n<p>Ci z Panstwa, kt\u00f3rzy beda chcieli pobawic sie programem GeNIe, kt\u00f3rego uzywac bede na zajeciach do demonstracji graf\u00f3w przyczynowo-skutkowych oraz do odkrywania przyczynowosci z danych, moga zaladowac go pod nastepujacym adresem:&nbsp;<a href=\"https:\/\/www.bayesfusion.com\/\">https:\/\/www.bayesfusion.com\/<\/a>. Wersja akademicka jest darmowa dla cel\u00f3w dydaktycznych i badawczych.<\/p>\n<p>Zaliczenie wykladu odbedzie sie na podstawie projektu, skladajacego sie przykladowo z opisu problemu naukowego i propozycji eksperymentalnego rozwiazania go. Sprawozdanie z projektu o dlugosci co najwyzej pieciu stron nalezy zlozyc w ciagu tygodnia po zakonczeniu wyklad\u00f3w. Dokladne terminy podam na zajeciach. Projekt mozna wykonac w grupach dwuosobowych.<\/p>\n<p>Zarys tresci wykladu i daty spotkan:<\/p>\n<menu>\n<li>Znaczenie metod empirycznych (6 marca)<\/li>\n<li>Niepewnosc, statystyka (13 marca)<\/li>\n<li>Przyczynowosc i prawdopodobienstwo (20 marca)<\/li>\n<li>Klasyczne projektowanie eksperymentow (27 marca, 3 kwietnia)<\/li>\n<li>Odkrywanie przyczynowosci z danych (10 kwietnia)<\/li>\n<li>Metody oparte na obliczeniach, symulacja, sztuczne spoleczenstwa (17 i 24 kwietnia)<\/li>\n<\/menu>\n<h4>Materialy z wykladu<\/h4>\n<p><a class=\"pdf\" href=\"https:\/\/wi.pb.edu.pl\/p\/wp-content\/uploads\/sites\/3\/2024\/07\/00-Plan-spotkan.pdf\">Plan spotkan.pdf<\/a><\/p>\n<p><a class=\"pdf\" href=\"https:\/\/wi.pb.edu.pl\/p\/wp-content\/uploads\/sites\/3\/2024\/07\/01-Statistics.pdf\">Statistics.pdf<\/a><\/p>\n<p><a class=\"pdf\" href=\"https:\/\/wi.pb.edu.pl\/p\/wp-content\/uploads\/sites\/3\/2024\/07\/Causal-Graphs.pdf\">Causal Graphs.pdf<\/a>&nbsp;<\/p>\n<p><a class=\"pdf\" href=\"https:\/\/wi.pb.edu.pl\/p\/wp-content\/uploads\/sites\/3\/2024\/07\/Experimental-Designs.pdf\">Experimental Designs.pdf&nbsp;<\/a><\/p>\n<p><a class=\"pdf\" href=\"https:\/\/wi.pb.edu.pl\/p\/wp-content\/uploads\/sites\/3\/2024\/07\/Factorial-Designs.pdf\">Factorial Designs.pdf<\/a><\/p>\n<p><a class=\"pdf\" href=\"https:\/\/wi.pb.edu.pl\/p\/wp-content\/uploads\/sites\/3\/2024\/07\/Freud.pdf\">Freud.pdf&nbsp;<\/a><\/p>\n<p><a class=\"pdf\" href=\"https:\/\/wi.pb.edu.pl\/p\/wp-content\/uploads\/sites\/3\/2024\/07\/Problems-In-the-Laboratory.pdf\">Problems In the Laboratory.pdf&nbsp;<\/a><\/p>\n<p><a class=\"pdf\" href=\"https:\/\/wi.pb.edu.pl\/p\/wp-content\/uploads\/sites\/3\/2024\/07\/Quasi-Experimental-Designs.pdf\">Quasi-Experimental Designs.pdf&nbsp;<\/a><\/p>\n<p><a class=\"pdf\" href=\"https:\/\/wi.pb.edu.pl\/p\/wp-content\/uploads\/sites\/3\/2024\/07\/Simulation.pdf\">Simulation.pdf&nbsp;<\/a><\/p>\n","protected":false},"excerpt":{"rendered":"<p>Semestr letni 2023-2024, srody, 19:20-20:50 (sala WA-12B \/ Aula B) Budynek Rektoratu Politechniki Bialostockiej, Wiejska<a class=\"read-more\" href=\"https:\/\/wi.pb.edu.pl\/p\/marek-j-druzdzel\/zajecia\/wprowadzenie-do-badan-naukowych\/\" title=\"Poka\u017c artyku\u0142 Wprowadzenie do bada\u0144 naukowych\">wi\u0119cej<\/a><\/p>\n","protected":false},"author":14,"featured_media":0,"parent":98,"menu_order":0,"comment_status":"closed","ping_status":"closed","template":"","meta":{"inline_featured_image":false,"ngg_post_thumbnail":0,"footnotes":""},"class_list":["post-100","page","type-page","status-publish","hentry"],"acf":[],"yoast_head":"<!-- This site is optimized with the Yoast SEO plugin v26.4 - https:\/\/yoast.com\/wordpress\/plugins\/seo\/ -->\n<title>Wprowadzenie do bada\u0144 naukowych - Strony pracownik\u00f3w Wydzia\u0142u Informatyki Politechniki Bia\u0142ostockiej<\/title>\n<meta name=\"robots\" content=\"index, follow, max-snippet:-1, max-image-preview:large, max-video-preview:-1\" \/>\n<link rel=\"canonical\" href=\"https:\/\/wi.pb.edu.pl\/p\/marek-j-druzdzel\/zajecia\/wprowadzenie-do-badan-naukowych\/\" \/>\n<meta property=\"og:locale\" content=\"pl_PL\" \/>\n<meta property=\"og:type\" content=\"article\" \/>\n<meta property=\"og:title\" content=\"Wprowadzenie do bada\u0144 naukowych - Strony pracownik\u00f3w Wydzia\u0142u Informatyki Politechniki Bia\u0142ostockiej\" \/>\n<meta property=\"og:description\" content=\"Semestr letni 2023-2024, srody, 19:20-20:50 (sala WA-12B \/ Aula B) Budynek Rektoratu Politechniki Bialostockiej, Wiejskawi\u0119cej\" \/>\n<meta property=\"og:url\" content=\"https:\/\/wi.pb.edu.pl\/p\/marek-j-druzdzel\/zajecia\/wprowadzenie-do-badan-naukowych\/\" \/>\n<meta property=\"og:site_name\" content=\"Strony pracownik\u00f3w Wydzia\u0142u Informatyki Politechniki Bia\u0142ostockiej\" \/>\n<meta property=\"article:modified_time\" content=\"2024-07-16T09:32:36+00:00\" \/>\n<meta name=\"twitter:card\" content=\"summary_large_image\" \/>\n<meta name=\"twitter:label1\" content=\"Szacowany czas czytania\" \/>\n\t<meta name=\"twitter:data1\" content=\"3 minuty\" \/>\n<script type=\"application\/ld+json\" class=\"yoast-schema-graph\">{\"@context\":\"https:\/\/schema.org\",\"@graph\":[{\"@type\":\"WebPage\",\"@id\":\"https:\/\/wi.pb.edu.pl\/p\/marek-j-druzdzel\/zajecia\/wprowadzenie-do-badan-naukowych\/\",\"url\":\"https:\/\/wi.pb.edu.pl\/p\/marek-j-druzdzel\/zajecia\/wprowadzenie-do-badan-naukowych\/\",\"name\":\"Wprowadzenie do bada\u0144 naukowych - Strony pracownik\u00f3w Wydzia\u0142u Informatyki Politechniki Bia\u0142ostockiej\",\"isPartOf\":{\"@id\":\"https:\/\/wi.pb.edu.pl\/p\/#website\"},\"datePublished\":\"2024-07-16T08:15:40+00:00\",\"dateModified\":\"2024-07-16T09:32:36+00:00\",\"breadcrumb\":{\"@id\":\"https:\/\/wi.pb.edu.pl\/p\/marek-j-druzdzel\/zajecia\/wprowadzenie-do-badan-naukowych\/#breadcrumb\"},\"inLanguage\":\"pl-PL\",\"potentialAction\":[{\"@type\":\"ReadAction\",\"target\":[\"https:\/\/wi.pb.edu.pl\/p\/marek-j-druzdzel\/zajecia\/wprowadzenie-do-badan-naukowych\/\"]}]},{\"@type\":\"BreadcrumbList\",\"@id\":\"https:\/\/wi.pb.edu.pl\/p\/marek-j-druzdzel\/zajecia\/wprowadzenie-do-badan-naukowych\/#breadcrumb\",\"itemListElement\":[{\"@type\":\"ListItem\",\"position\":1,\"name\":\"Strona g\u0142\u00f3wna\",\"item\":\"https:\/\/wi.pb.edu.pl\/p\/\"},{\"@type\":\"ListItem\",\"position\":2,\"name\":\"dr hab. in\u017c. Marek J. Dru\u017cdzel\",\"item\":\"https:\/\/wi.pb.edu.pl\/p\/marek-j-druzdzel\/\"},{\"@type\":\"ListItem\",\"position\":3,\"name\":\"Zaj\u0119cia\",\"item\":\"https:\/\/wi.pb.edu.pl\/p\/marek-j-druzdzel\/zajecia\/\"},{\"@type\":\"ListItem\",\"position\":4,\"name\":\"Wprowadzenie do bada\u0144 naukowych\"}]},{\"@type\":\"WebSite\",\"@id\":\"https:\/\/wi.pb.edu.pl\/p\/#website\",\"url\":\"https:\/\/wi.pb.edu.pl\/p\/\",\"name\":\"Strony pracownik\u00f3w Wydzia\u0142u Informatyki Politechniki Bia\u0142ostockiej\",\"description\":\"\",\"potentialAction\":[{\"@type\":\"SearchAction\",\"target\":{\"@type\":\"EntryPoint\",\"urlTemplate\":\"https:\/\/wi.pb.edu.pl\/p\/?s={search_term_string}\"},\"query-input\":{\"@type\":\"PropertyValueSpecification\",\"valueRequired\":true,\"valueName\":\"search_term_string\"}}],\"inLanguage\":\"pl-PL\"}]}<\/script>\n<!-- \/ Yoast SEO plugin. -->","yoast_head_json":{"title":"Wprowadzenie do bada\u0144 naukowych - Strony pracownik\u00f3w Wydzia\u0142u Informatyki Politechniki Bia\u0142ostockiej","robots":{"index":"index","follow":"follow","max-snippet":"max-snippet:-1","max-image-preview":"max-image-preview:large","max-video-preview":"max-video-preview:-1"},"canonical":"https:\/\/wi.pb.edu.pl\/p\/marek-j-druzdzel\/zajecia\/wprowadzenie-do-badan-naukowych\/","og_locale":"pl_PL","og_type":"article","og_title":"Wprowadzenie do bada\u0144 naukowych - Strony pracownik\u00f3w Wydzia\u0142u Informatyki Politechniki Bia\u0142ostockiej","og_description":"Semestr letni 2023-2024, srody, 19:20-20:50 (sala WA-12B \/ Aula B) Budynek Rektoratu Politechniki Bialostockiej, Wiejskawi\u0119cej","og_url":"https:\/\/wi.pb.edu.pl\/p\/marek-j-druzdzel\/zajecia\/wprowadzenie-do-badan-naukowych\/","og_site_name":"Strony pracownik\u00f3w Wydzia\u0142u Informatyki Politechniki Bia\u0142ostockiej","article_modified_time":"2024-07-16T09:32:36+00:00","twitter_card":"summary_large_image","twitter_misc":{"Szacowany czas czytania":"3 minuty"},"schema":{"@context":"https:\/\/schema.org","@graph":[{"@type":"WebPage","@id":"https:\/\/wi.pb.edu.pl\/p\/marek-j-druzdzel\/zajecia\/wprowadzenie-do-badan-naukowych\/","url":"https:\/\/wi.pb.edu.pl\/p\/marek-j-druzdzel\/zajecia\/wprowadzenie-do-badan-naukowych\/","name":"Wprowadzenie do bada\u0144 naukowych - Strony pracownik\u00f3w Wydzia\u0142u Informatyki Politechniki Bia\u0142ostockiej","isPartOf":{"@id":"https:\/\/wi.pb.edu.pl\/p\/#website"},"datePublished":"2024-07-16T08:15:40+00:00","dateModified":"2024-07-16T09:32:36+00:00","breadcrumb":{"@id":"https:\/\/wi.pb.edu.pl\/p\/marek-j-druzdzel\/zajecia\/wprowadzenie-do-badan-naukowych\/#breadcrumb"},"inLanguage":"pl-PL","potentialAction":[{"@type":"ReadAction","target":["https:\/\/wi.pb.edu.pl\/p\/marek-j-druzdzel\/zajecia\/wprowadzenie-do-badan-naukowych\/"]}]},{"@type":"BreadcrumbList","@id":"https:\/\/wi.pb.edu.pl\/p\/marek-j-druzdzel\/zajecia\/wprowadzenie-do-badan-naukowych\/#breadcrumb","itemListElement":[{"@type":"ListItem","position":1,"name":"Strona g\u0142\u00f3wna","item":"https:\/\/wi.pb.edu.pl\/p\/"},{"@type":"ListItem","position":2,"name":"dr hab. in\u017c. Marek J. Dru\u017cdzel","item":"https:\/\/wi.pb.edu.pl\/p\/marek-j-druzdzel\/"},{"@type":"ListItem","position":3,"name":"Zaj\u0119cia","item":"https:\/\/wi.pb.edu.pl\/p\/marek-j-druzdzel\/zajecia\/"},{"@type":"ListItem","position":4,"name":"Wprowadzenie do bada\u0144 naukowych"}]},{"@type":"WebSite","@id":"https:\/\/wi.pb.edu.pl\/p\/#website","url":"https:\/\/wi.pb.edu.pl\/p\/","name":"Strony pracownik\u00f3w Wydzia\u0142u Informatyki Politechniki Bia\u0142ostockiej","description":"","potentialAction":[{"@type":"SearchAction","target":{"@type":"EntryPoint","urlTemplate":"https:\/\/wi.pb.edu.pl\/p\/?s={search_term_string}"},"query-input":{"@type":"PropertyValueSpecification","valueRequired":true,"valueName":"search_term_string"}}],"inLanguage":"pl-PL"}]}},"_links":{"self":[{"href":"https:\/\/wi.pb.edu.pl\/p\/wp-json\/wp\/v2\/pages\/100","targetHints":{"allow":["GET"]}}],"collection":[{"href":"https:\/\/wi.pb.edu.pl\/p\/wp-json\/wp\/v2\/pages"}],"about":[{"href":"https:\/\/wi.pb.edu.pl\/p\/wp-json\/wp\/v2\/types\/page"}],"author":[{"embeddable":true,"href":"https:\/\/wi.pb.edu.pl\/p\/wp-json\/wp\/v2\/users\/14"}],"replies":[{"embeddable":true,"href":"https:\/\/wi.pb.edu.pl\/p\/wp-json\/wp\/v2\/comments?post=100"}],"version-history":[{"count":4,"href":"https:\/\/wi.pb.edu.pl\/p\/wp-json\/wp\/v2\/pages\/100\/revisions"}],"predecessor-version":[{"id":170,"href":"https:\/\/wi.pb.edu.pl\/p\/wp-json\/wp\/v2\/pages\/100\/revisions\/170"}],"up":[{"embeddable":true,"href":"https:\/\/wi.pb.edu.pl\/p\/wp-json\/wp\/v2\/pages\/98"}],"wp:attachment":[{"href":"https:\/\/wi.pb.edu.pl\/p\/wp-json\/wp\/v2\/media?parent=100"}],"curies":[{"name":"wp","href":"https:\/\/api.w.org\/{rel}","templated":true}]}}