{"id":1003,"date":"2024-07-22T10:07:10","date_gmt":"2024-07-22T08:07:10","guid":{"rendered":"https:\/\/wi.pb.edu.pl\/p\/?page_id=1003"},"modified":"2024-07-22T10:07:10","modified_gmt":"2024-07-22T08:07:10","slug":"aplikacje-webowe-w-asp-mvc-niestacjonarne","status":"publish","type":"page","link":"https:\/\/wi.pb.edu.pl\/p\/maciej-kopczynski\/aplikacje-webowe-w-asp-mvc-niestacjonarne\/","title":{"rendered":"Aplikacje webowe w ASP MVC &#8211; niestacjonarne"},"content":{"rendered":"<h2>Aplikacje webowe w ASP MVC &#8211; wyk\u0142ad<\/h2>\n<p>&nbsp;<\/p>\n<ul>\n<li style=\"list-style-type: none\">\n<ul>\n<li class=\"subj\">Wyk\u0142ad 1 &#8211; aplikacje WWW<\/li>\n<li class=\"subj\">Wyk\u0142ad 2 &#8211; architektura aplikacji MVC<\/li>\n<li class=\"subj\">Wyk\u0142ad 3 &#8211; mechanizmy utrzymywania stanu aplikacji<\/li>\n<li class=\"subj\">Wyk\u0142ad 4 &#8211; rozwi\u0105zanie ModelBinder<\/li>\n<li class=\"subj\">Wyk\u0142ad 5 &#8211; bazy danych i Entity Framework<\/li>\n<li class=\"subj\">Wyk\u0142ad 6 &#8211; bazy danych i LINQ<\/li>\n<li class=\"subj\">Wyk\u0142ad 7 &#8211; Identity i obs\u0142uga u\u017cytkownik\u00f3w<\/li>\n<\/ul>\n<\/li>\n<\/ul>\n<p>&nbsp;<\/p>\n<ul>\n<li style=\"list-style-type: none\">\n<ul>\n<li class=\"subj\"><a href=\"https:\/\/wi.pb.edu.pl\/p\/wp-content\/uploads\/sites\/3\/2024\/07\/Projekty-1.pdf\">Tematy projekt\u00f3w<\/a><\/li>\n<\/ul>\n<\/li>\n<\/ul>\n<p>&nbsp;<\/p>\n<ul>\n<li class=\"subj\"><a href=\"https:\/\/wi.pb.edu.pl\/p\/wp-content\/uploads\/sites\/3\/2024\/07\/Zasady-1.pdf\">Zasady zaliczenia PS<\/a><\/li>\n<\/ul>\n","protected":false},"excerpt":{"rendered":"<p>Aplikacje webowe w ASP MVC &#8211; wyk\u0142ad &nbsp; Wyk\u0142ad 1 &#8211; aplikacje WWW Wyk\u0142ad 2<a class=\"read-more\" href=\"https:\/\/wi.pb.edu.pl\/p\/maciej-kopczynski\/aplikacje-webowe-w-asp-mvc-niestacjonarne\/\" title=\"Poka\u017c artyku\u0142 Aplikacje webowe w ASP MVC &#8211; niestacjonarne\">wi\u0119cej<\/a><\/p>\n","protected":false},"author":14,"featured_media":0,"parent":993,"menu_order":0,"comment_status":"closed","ping_status":"closed","template":"","meta":{"inline_featured_image":false,"ngg_post_thumbnail":0,"footnotes":""},"class_list":["post-1003","page","type-page","status-publish","hentry"],"acf":[],"yoast_head":"<!-- This site is optimized with the Yoast SEO plugin v26.4 - https:\/\/yoast.com\/wordpress\/plugins\/seo\/ -->\n<title>Aplikacje webowe w ASP MVC - niestacjonarne - Strony pracownik\u00f3w Wydzia\u0142u Informatyki Politechniki Bia\u0142ostockiej<\/title>\n<meta name=\"robots\" content=\"index, follow, max-snippet:-1, max-image-preview:large, max-video-preview:-1\" \/>\n<link rel=\"canonical\" href=\"https:\/\/wi.pb.edu.pl\/p\/maciej-kopczynski\/aplikacje-webowe-w-asp-mvc-niestacjonarne\/\" \/>\n<meta property=\"og:locale\" content=\"pl_PL\" \/>\n<meta property=\"og:type\" content=\"article\" \/>\n<meta property=\"og:title\" content=\"Aplikacje webowe w ASP MVC - niestacjonarne - Strony pracownik\u00f3w Wydzia\u0142u Informatyki Politechniki Bia\u0142ostockiej\" \/>\n<meta property=\"og:description\" content=\"Aplikacje webowe w ASP MVC &#8211; wyk\u0142ad &nbsp; Wyk\u0142ad 1 &#8211; aplikacje WWW Wyk\u0142ad 2wi\u0119cej\" \/>\n<meta property=\"og:url\" content=\"https:\/\/wi.pb.edu.pl\/p\/maciej-kopczynski\/aplikacje-webowe-w-asp-mvc-niestacjonarne\/\" \/>\n<meta property=\"og:site_name\" content=\"Strony pracownik\u00f3w Wydzia\u0142u Informatyki Politechniki Bia\u0142ostockiej\" \/>\n<meta name=\"twitter:card\" content=\"summary_large_image\" \/>\n<meta name=\"twitter:label1\" content=\"Szacowany czas czytania\" \/>\n\t<meta name=\"twitter:data1\" content=\"1 minuta\" \/>\n<script type=\"application\/ld+json\" class=\"yoast-schema-graph\">{\"@context\":\"https:\/\/schema.org\",\"@graph\":[{\"@type\":\"WebPage\",\"@id\":\"https:\/\/wi.pb.edu.pl\/p\/maciej-kopczynski\/aplikacje-webowe-w-asp-mvc-niestacjonarne\/\",\"url\":\"https:\/\/wi.pb.edu.pl\/p\/maciej-kopczynski\/aplikacje-webowe-w-asp-mvc-niestacjonarne\/\",\"name\":\"Aplikacje webowe w ASP MVC - niestacjonarne - Strony pracownik\u00f3w Wydzia\u0142u Informatyki Politechniki Bia\u0142ostockiej\",\"isPartOf\":{\"@id\":\"https:\/\/wi.pb.edu.pl\/p\/#website\"},\"datePublished\":\"2024-07-22T08:07:10+00:00\",\"breadcrumb\":{\"@id\":\"https:\/\/wi.pb.edu.pl\/p\/maciej-kopczynski\/aplikacje-webowe-w-asp-mvc-niestacjonarne\/#breadcrumb\"},\"inLanguage\":\"pl-PL\",\"potentialAction\":[{\"@type\":\"ReadAction\",\"target\":[\"https:\/\/wi.pb.edu.pl\/p\/maciej-kopczynski\/aplikacje-webowe-w-asp-mvc-niestacjonarne\/\"]}]},{\"@type\":\"BreadcrumbList\",\"@id\":\"https:\/\/wi.pb.edu.pl\/p\/maciej-kopczynski\/aplikacje-webowe-w-asp-mvc-niestacjonarne\/#breadcrumb\",\"itemListElement\":[{\"@type\":\"ListItem\",\"position\":1,\"name\":\"Strona g\u0142\u00f3wna\",\"item\":\"https:\/\/wi.pb.edu.pl\/p\/\"},{\"@type\":\"ListItem\",\"position\":2,\"name\":\"dr in\u017c. Maciej Kopczy\u0144ski\",\"item\":\"https:\/\/wi.pb.edu.pl\/p\/maciej-kopczynski\/\"},{\"@type\":\"ListItem\",\"position\":3,\"name\":\"Aplikacje webowe w ASP MVC &#8211; niestacjonarne\"}]},{\"@type\":\"WebSite\",\"@id\":\"https:\/\/wi.pb.edu.pl\/p\/#website\",\"url\":\"https:\/\/wi.pb.edu.pl\/p\/\",\"name\":\"Strony pracownik\u00f3w Wydzia\u0142u Informatyki Politechniki Bia\u0142ostockiej\",\"description\":\"\",\"potentialAction\":[{\"@type\":\"SearchAction\",\"target\":{\"@type\":\"EntryPoint\",\"urlTemplate\":\"https:\/\/wi.pb.edu.pl\/p\/?s={search_term_string}\"},\"query-input\":{\"@type\":\"PropertyValueSpecification\",\"valueRequired\":true,\"valueName\":\"search_term_string\"}}],\"inLanguage\":\"pl-PL\"}]}<\/script>\n<!-- \/ Yoast SEO plugin. -->","yoast_head_json":{"title":"Aplikacje webowe w ASP MVC - niestacjonarne - Strony pracownik\u00f3w Wydzia\u0142u Informatyki Politechniki Bia\u0142ostockiej","robots":{"index":"index","follow":"follow","max-snippet":"max-snippet:-1","max-image-preview":"max-image-preview:large","max-video-preview":"max-video-preview:-1"},"canonical":"https:\/\/wi.pb.edu.pl\/p\/maciej-kopczynski\/aplikacje-webowe-w-asp-mvc-niestacjonarne\/","og_locale":"pl_PL","og_type":"article","og_title":"Aplikacje webowe w ASP MVC - niestacjonarne - Strony pracownik\u00f3w Wydzia\u0142u Informatyki Politechniki Bia\u0142ostockiej","og_description":"Aplikacje webowe w ASP MVC &#8211; wyk\u0142ad &nbsp; Wyk\u0142ad 1 &#8211; aplikacje WWW Wyk\u0142ad 2wi\u0119cej","og_url":"https:\/\/wi.pb.edu.pl\/p\/maciej-kopczynski\/aplikacje-webowe-w-asp-mvc-niestacjonarne\/","og_site_name":"Strony pracownik\u00f3w Wydzia\u0142u Informatyki Politechniki Bia\u0142ostockiej","twitter_card":"summary_large_image","twitter_misc":{"Szacowany czas czytania":"1 minuta"},"schema":{"@context":"https:\/\/schema.org","@graph":[{"@type":"WebPage","@id":"https:\/\/wi.pb.edu.pl\/p\/maciej-kopczynski\/aplikacje-webowe-w-asp-mvc-niestacjonarne\/","url":"https:\/\/wi.pb.edu.pl\/p\/maciej-kopczynski\/aplikacje-webowe-w-asp-mvc-niestacjonarne\/","name":"Aplikacje webowe w ASP MVC - niestacjonarne - Strony pracownik\u00f3w Wydzia\u0142u Informatyki Politechniki Bia\u0142ostockiej","isPartOf":{"@id":"https:\/\/wi.pb.edu.pl\/p\/#website"},"datePublished":"2024-07-22T08:07:10+00:00","breadcrumb":{"@id":"https:\/\/wi.pb.edu.pl\/p\/maciej-kopczynski\/aplikacje-webowe-w-asp-mvc-niestacjonarne\/#breadcrumb"},"inLanguage":"pl-PL","potentialAction":[{"@type":"ReadAction","target":["https:\/\/wi.pb.edu.pl\/p\/maciej-kopczynski\/aplikacje-webowe-w-asp-mvc-niestacjonarne\/"]}]},{"@type":"BreadcrumbList","@id":"https:\/\/wi.pb.edu.pl\/p\/maciej-kopczynski\/aplikacje-webowe-w-asp-mvc-niestacjonarne\/#breadcrumb","itemListElement":[{"@type":"ListItem","position":1,"name":"Strona g\u0142\u00f3wna","item":"https:\/\/wi.pb.edu.pl\/p\/"},{"@type":"ListItem","position":2,"name":"dr in\u017c. Maciej Kopczy\u0144ski","item":"https:\/\/wi.pb.edu.pl\/p\/maciej-kopczynski\/"},{"@type":"ListItem","position":3,"name":"Aplikacje webowe w ASP MVC &#8211; niestacjonarne"}]},{"@type":"WebSite","@id":"https:\/\/wi.pb.edu.pl\/p\/#website","url":"https:\/\/wi.pb.edu.pl\/p\/","name":"Strony pracownik\u00f3w Wydzia\u0142u Informatyki Politechniki Bia\u0142ostockiej","description":"","potentialAction":[{"@type":"SearchAction","target":{"@type":"EntryPoint","urlTemplate":"https:\/\/wi.pb.edu.pl\/p\/?s={search_term_string}"},"query-input":{"@type":"PropertyValueSpecification","valueRequired":true,"valueName":"search_term_string"}}],"inLanguage":"pl-PL"}]}},"_links":{"self":[{"href":"https:\/\/wi.pb.edu.pl\/p\/wp-json\/wp\/v2\/pages\/1003","targetHints":{"allow":["GET"]}}],"collection":[{"href":"https:\/\/wi.pb.edu.pl\/p\/wp-json\/wp\/v2\/pages"}],"about":[{"href":"https:\/\/wi.pb.edu.pl\/p\/wp-json\/wp\/v2\/types\/page"}],"author":[{"embeddable":true,"href":"https:\/\/wi.pb.edu.pl\/p\/wp-json\/wp\/v2\/users\/14"}],"replies":[{"embeddable":true,"href":"https:\/\/wi.pb.edu.pl\/p\/wp-json\/wp\/v2\/comments?post=1003"}],"version-history":[{"count":1,"href":"https:\/\/wi.pb.edu.pl\/p\/wp-json\/wp\/v2\/pages\/1003\/revisions"}],"predecessor-version":[{"id":1006,"href":"https:\/\/wi.pb.edu.pl\/p\/wp-json\/wp\/v2\/pages\/1003\/revisions\/1006"}],"up":[{"embeddable":true,"href":"https:\/\/wi.pb.edu.pl\/p\/wp-json\/wp\/v2\/pages\/993"}],"wp:attachment":[{"href":"https:\/\/wi.pb.edu.pl\/p\/wp-json\/wp\/v2\/media?parent=1003"}],"curies":[{"name":"wp","href":"https:\/\/api.w.org\/{rel}","templated":true}]}}