{"id":1015,"date":"2024-07-22T10:13:23","date_gmt":"2024-07-22T08:13:23","guid":{"rendered":"https:\/\/wi.pb.edu.pl\/p\/?page_id=1015"},"modified":"2024-09-17T10:13:26","modified_gmt":"2024-09-17T08:13:26","slug":"joanna-goscik","status":"publish","type":"page","link":"https:\/\/wi.pb.edu.pl\/p\/joanna-goscik\/","title":{"rendered":"mgr in\u017c. Joanna Go\u015bcik"},"content":{"rendered":"<p>M&nbsp;I&nbsp;E&nbsp;J&nbsp;S&nbsp;C&nbsp;E&nbsp;&nbsp;&nbsp;P&nbsp;R&nbsp;A&nbsp;C&nbsp;Y<\/p>\n<table>\n<tbody>\n<tr>\n<td><a class=\"tekst\" href=\"http:\/\/www.wi.pb.edu.pl\/\" target=\"_blank\" rel=\"noopener\">Wydzia\u0142 Informatyki Politechniki Bia\u0142ostockiej<\/a><br \/>\nKatedra Oprogramowania<\/td>\n<\/tr>\n<\/tbody>\n<\/table>\n<div>&nbsp;<\/div>\n<p>D&nbsp;A&nbsp;N&nbsp;E&nbsp;&nbsp;&nbsp;A&nbsp;D&nbsp;R&nbsp;E&nbsp;S&nbsp;O&nbsp;W&nbsp;E<\/p>\n<div>\n<table>\n<tbody>\n<tr>\n<td>Politechnika Bia\u0142ostocka<br \/>\nul. Wiejska 45A<br \/>\n15-351 Bia\u0142ystok<\/td>\n<td>Pok\u00f3j 204<\/td>\n<td>Telefon: (085) 746-91-63<\/td>\n<\/tr>\n<tr>\n<td colspan=\"3\">Adres email: j.goscik@pb.edu.pl<\/td>\n<\/tr>\n<\/tbody>\n<\/table>\n<\/div>\n<p>&nbsp;<\/p>\n<p><a title=\"Dydaktyka\" href=\"https:\/\/wi.pb.edu.pl\/p\/joanna-goscik\/dydaktyka\/\">Dydaktyka<\/a><\/p>\n<p><a title=\"Badania\" href=\"https:\/\/wi.pb.edu.pl\/p\/joanna-goscik\/badania\/\">Badania<\/a><\/p>\n","protected":false},"excerpt":{"rendered":"<p>M&nbsp;I&nbsp;E&nbsp;J&nbsp;S&nbsp;C&nbsp;E&nbsp;&nbsp;&nbsp;P&nbsp;R&nbsp;A&nbsp;C&nbsp;Y Wydzia\u0142 Informatyki Politechniki Bia\u0142ostockiej Katedra Oprogramowania &nbsp; D&nbsp;A&nbsp;N&nbsp;E&nbsp;&nbsp;&nbsp;A&nbsp;D&nbsp;R&nbsp;E&nbsp;S&nbsp;O&nbsp;W&nbsp;E Politechnika Bia\u0142ostocka ul. Wiejska 45A 15-351<a class=\"read-more\" href=\"https:\/\/wi.pb.edu.pl\/p\/joanna-goscik\/\" title=\"Poka\u017c artyku\u0142 mgr in\u017c. Joanna Go\u015bcik\">wi\u0119cej<\/a><\/p>\n","protected":false},"author":14,"featured_media":0,"parent":0,"menu_order":0,"comment_status":"closed","ping_status":"closed","template":"","meta":{"inline_featured_image":false,"ngg_post_thumbnail":0,"footnotes":""},"class_list":["post-1015","page","type-page","status-publish","hentry"],"acf":[],"yoast_head":"<!-- This site is optimized with the Yoast SEO plugin v26.4 - https:\/\/yoast.com\/wordpress\/plugins\/seo\/ -->\n<title>mgr in\u017c. Joanna Go\u015bcik - Strony pracownik\u00f3w Wydzia\u0142u Informatyki Politechniki Bia\u0142ostockiej<\/title>\n<meta name=\"robots\" content=\"index, follow, max-snippet:-1, max-image-preview:large, max-video-preview:-1\" \/>\n<link rel=\"canonical\" href=\"https:\/\/wi.pb.edu.pl\/p\/joanna-goscik\/\" \/>\n<meta property=\"og:locale\" content=\"pl_PL\" \/>\n<meta property=\"og:type\" content=\"article\" \/>\n<meta property=\"og:title\" content=\"mgr in\u017c. Joanna Go\u015bcik - Strony pracownik\u00f3w Wydzia\u0142u Informatyki Politechniki Bia\u0142ostockiej\" \/>\n<meta property=\"og:description\" content=\"M&nbsp;I&nbsp;E&nbsp;J&nbsp;S&nbsp;C&nbsp;E&nbsp;&nbsp;&nbsp;P&nbsp;R&nbsp;A&nbsp;C&nbsp;Y Wydzia\u0142 Informatyki Politechniki Bia\u0142ostockiej Katedra Oprogramowania &nbsp; D&nbsp;A&nbsp;N&nbsp;E&nbsp;&nbsp;&nbsp;A&nbsp;D&nbsp;R&nbsp;E&nbsp;S&nbsp;O&nbsp;W&nbsp;E Politechnika Bia\u0142ostocka ul. Wiejska 45A 15-351wi\u0119cej\" \/>\n<meta property=\"og:url\" content=\"https:\/\/wi.pb.edu.pl\/p\/joanna-goscik\/\" \/>\n<meta property=\"og:site_name\" content=\"Strony pracownik\u00f3w Wydzia\u0142u Informatyki Politechniki Bia\u0142ostockiej\" \/>\n<meta property=\"article:modified_time\" content=\"2024-09-17T08:13:26+00:00\" \/>\n<meta name=\"twitter:card\" content=\"summary_large_image\" \/>\n<meta name=\"twitter:label1\" content=\"Szacowany czas czytania\" \/>\n\t<meta name=\"twitter:data1\" content=\"1 minuta\" \/>\n<script type=\"application\/ld+json\" class=\"yoast-schema-graph\">{\"@context\":\"https:\/\/schema.org\",\"@graph\":[{\"@type\":\"WebPage\",\"@id\":\"https:\/\/wi.pb.edu.pl\/p\/joanna-goscik\/\",\"url\":\"https:\/\/wi.pb.edu.pl\/p\/joanna-goscik\/\",\"name\":\"mgr in\u017c. Joanna Go\u015bcik - Strony pracownik\u00f3w Wydzia\u0142u Informatyki Politechniki Bia\u0142ostockiej\",\"isPartOf\":{\"@id\":\"https:\/\/wi.pb.edu.pl\/p\/#website\"},\"datePublished\":\"2024-07-22T08:13:23+00:00\",\"dateModified\":\"2024-09-17T08:13:26+00:00\",\"breadcrumb\":{\"@id\":\"https:\/\/wi.pb.edu.pl\/p\/joanna-goscik\/#breadcrumb\"},\"inLanguage\":\"pl-PL\",\"potentialAction\":[{\"@type\":\"ReadAction\",\"target\":[\"https:\/\/wi.pb.edu.pl\/p\/joanna-goscik\/\"]}]},{\"@type\":\"BreadcrumbList\",\"@id\":\"https:\/\/wi.pb.edu.pl\/p\/joanna-goscik\/#breadcrumb\",\"itemListElement\":[{\"@type\":\"ListItem\",\"position\":1,\"name\":\"Strona g\u0142\u00f3wna\",\"item\":\"https:\/\/wi.pb.edu.pl\/p\/\"},{\"@type\":\"ListItem\",\"position\":2,\"name\":\"mgr in\u017c. Joanna Go\u015bcik\"}]},{\"@type\":\"WebSite\",\"@id\":\"https:\/\/wi.pb.edu.pl\/p\/#website\",\"url\":\"https:\/\/wi.pb.edu.pl\/p\/\",\"name\":\"Strony pracownik\u00f3w Wydzia\u0142u Informatyki Politechniki Bia\u0142ostockiej\",\"description\":\"\",\"potentialAction\":[{\"@type\":\"SearchAction\",\"target\":{\"@type\":\"EntryPoint\",\"urlTemplate\":\"https:\/\/wi.pb.edu.pl\/p\/?s={search_term_string}\"},\"query-input\":{\"@type\":\"PropertyValueSpecification\",\"valueRequired\":true,\"valueName\":\"search_term_string\"}}],\"inLanguage\":\"pl-PL\"}]}<\/script>\n<!-- \/ Yoast SEO plugin. -->","yoast_head_json":{"title":"mgr in\u017c. Joanna Go\u015bcik - Strony pracownik\u00f3w Wydzia\u0142u Informatyki Politechniki Bia\u0142ostockiej","robots":{"index":"index","follow":"follow","max-snippet":"max-snippet:-1","max-image-preview":"max-image-preview:large","max-video-preview":"max-video-preview:-1"},"canonical":"https:\/\/wi.pb.edu.pl\/p\/joanna-goscik\/","og_locale":"pl_PL","og_type":"article","og_title":"mgr in\u017c. Joanna Go\u015bcik - Strony pracownik\u00f3w Wydzia\u0142u Informatyki Politechniki Bia\u0142ostockiej","og_description":"M&nbsp;I&nbsp;E&nbsp;J&nbsp;S&nbsp;C&nbsp;E&nbsp;&nbsp;&nbsp;P&nbsp;R&nbsp;A&nbsp;C&nbsp;Y Wydzia\u0142 Informatyki Politechniki Bia\u0142ostockiej Katedra Oprogramowania &nbsp; D&nbsp;A&nbsp;N&nbsp;E&nbsp;&nbsp;&nbsp;A&nbsp;D&nbsp;R&nbsp;E&nbsp;S&nbsp;O&nbsp;W&nbsp;E Politechnika Bia\u0142ostocka ul. Wiejska 45A 15-351wi\u0119cej","og_url":"https:\/\/wi.pb.edu.pl\/p\/joanna-goscik\/","og_site_name":"Strony pracownik\u00f3w Wydzia\u0142u Informatyki Politechniki Bia\u0142ostockiej","article_modified_time":"2024-09-17T08:13:26+00:00","twitter_card":"summary_large_image","twitter_misc":{"Szacowany czas czytania":"1 minuta"},"schema":{"@context":"https:\/\/schema.org","@graph":[{"@type":"WebPage","@id":"https:\/\/wi.pb.edu.pl\/p\/joanna-goscik\/","url":"https:\/\/wi.pb.edu.pl\/p\/joanna-goscik\/","name":"mgr in\u017c. Joanna Go\u015bcik - Strony pracownik\u00f3w Wydzia\u0142u Informatyki Politechniki Bia\u0142ostockiej","isPartOf":{"@id":"https:\/\/wi.pb.edu.pl\/p\/#website"},"datePublished":"2024-07-22T08:13:23+00:00","dateModified":"2024-09-17T08:13:26+00:00","breadcrumb":{"@id":"https:\/\/wi.pb.edu.pl\/p\/joanna-goscik\/#breadcrumb"},"inLanguage":"pl-PL","potentialAction":[{"@type":"ReadAction","target":["https:\/\/wi.pb.edu.pl\/p\/joanna-goscik\/"]}]},{"@type":"BreadcrumbList","@id":"https:\/\/wi.pb.edu.pl\/p\/joanna-goscik\/#breadcrumb","itemListElement":[{"@type":"ListItem","position":1,"name":"Strona g\u0142\u00f3wna","item":"https:\/\/wi.pb.edu.pl\/p\/"},{"@type":"ListItem","position":2,"name":"mgr in\u017c. Joanna Go\u015bcik"}]},{"@type":"WebSite","@id":"https:\/\/wi.pb.edu.pl\/p\/#website","url":"https:\/\/wi.pb.edu.pl\/p\/","name":"Strony pracownik\u00f3w Wydzia\u0142u Informatyki Politechniki Bia\u0142ostockiej","description":"","potentialAction":[{"@type":"SearchAction","target":{"@type":"EntryPoint","urlTemplate":"https:\/\/wi.pb.edu.pl\/p\/?s={search_term_string}"},"query-input":{"@type":"PropertyValueSpecification","valueRequired":true,"valueName":"search_term_string"}}],"inLanguage":"pl-PL"}]}},"_links":{"self":[{"href":"https:\/\/wi.pb.edu.pl\/p\/wp-json\/wp\/v2\/pages\/1015","targetHints":{"allow":["GET"]}}],"collection":[{"href":"https:\/\/wi.pb.edu.pl\/p\/wp-json\/wp\/v2\/pages"}],"about":[{"href":"https:\/\/wi.pb.edu.pl\/p\/wp-json\/wp\/v2\/types\/page"}],"author":[{"embeddable":true,"href":"https:\/\/wi.pb.edu.pl\/p\/wp-json\/wp\/v2\/users\/14"}],"replies":[{"embeddable":true,"href":"https:\/\/wi.pb.edu.pl\/p\/wp-json\/wp\/v2\/comments?post=1015"}],"version-history":[{"count":5,"href":"https:\/\/wi.pb.edu.pl\/p\/wp-json\/wp\/v2\/pages\/1015\/revisions"}],"predecessor-version":[{"id":1864,"href":"https:\/\/wi.pb.edu.pl\/p\/wp-json\/wp\/v2\/pages\/1015\/revisions\/1864"}],"wp:attachment":[{"href":"https:\/\/wi.pb.edu.pl\/p\/wp-json\/wp\/v2\/media?parent=1015"}],"curies":[{"name":"wp","href":"https:\/\/api.w.org\/{rel}","templated":true}]}}