{"id":1019,"date":"2024-07-22T10:21:29","date_gmt":"2024-07-22T08:21:29","guid":{"rendered":"https:\/\/wi.pb.edu.pl\/p\/?page_id=1019"},"modified":"2024-07-22T10:21:29","modified_gmt":"2024-07-22T08:21:29","slug":"badania","status":"publish","type":"page","link":"https:\/\/wi.pb.edu.pl\/p\/joanna-goscik\/badania\/","title":{"rendered":"Badania"},"content":{"rendered":"<div>K&nbsp;L&nbsp;A&nbsp;S&nbsp;T&nbsp;R&nbsp;Y&nbsp;&nbsp;I&nbsp;&nbsp; S&nbsp;U&nbsp;P&nbsp;E&nbsp;R&nbsp;K&nbsp;O&nbsp;M&nbsp;P&nbsp;U&nbsp;T&nbsp;E&nbsp;R&nbsp;Y&nbsp;&nbsp; W&nbsp;&nbsp;P&nbsp;O&nbsp;L&nbsp;S&nbsp;C&nbsp;E<\/div>\n<div>&nbsp;<\/div>\n<table>\n<tbody>\n<tr>\n<td>&nbsp;<\/td>\n<td>\n<div>\n<div>I&nbsp;N&nbsp;S&nbsp;T&nbsp;Y&nbsp;T&nbsp;U&nbsp;C&nbsp;J&nbsp;A<\/div>\n<\/div>\n<\/td>\n<td>\n<div>\n<div>K&nbsp;L&nbsp;A&nbsp;S&nbsp;T&nbsp;E&nbsp;R<\/div>\n<\/div>\n<\/td>\n<\/tr>\n<tr>\n<td colspan=\"3\">&nbsp;<\/td>\n<\/tr>\n<tr>\n<td>&nbsp;<\/td>\n<td>Centrum Informatyczne Tr\u00f3jmiejskiej Akademickiej Sieci Komputerowej, CI TASK, (<a href=\"http:\/\/www.task.gda.pl\/\">www<\/a>)<\/td>\n<td>Galeon, (<a href=\"http:\/\/wiki.task.gda.pl\/wiki\/SGI_Altix_3700\">www<\/a>)<\/td>\n<\/tr>\n<tr>\n<td colspan=\"3\">&nbsp;<\/td>\n<\/tr>\n<tr>\n<td>&nbsp;<\/td>\n<td>Centrum Informatyczne Tr\u00f3jmiejskiej Akademickiej Sieci Komputerowej, CI TASK, (<a href=\"http:\/\/www.task.gda.pl\/\">www<\/a>)<\/td>\n<td>Holk, (<a href=\"http:\/\/wiki.task.gda.pl\/wiki\/Holk\">www<\/a>)<\/td>\n<\/tr>\n<tr>\n<td colspan=\"3\">&nbsp;<\/td>\n<\/tr>\n<tr>\n<td>&nbsp;<\/td>\n<td>Wroc\u0142awskie Centrum Sieciowo-Superkomputerowe, WCSS, (<a href=\"http:\/\/www.wcss.wroc.pl\/\">www<\/a>)<\/td>\n<td>Gromada, (<a href=\"http:\/\/www.kdm.wcss.wroc.pl\/wiki\/index.php\/Gromada\">www<\/a>)<\/td>\n<\/tr>\n<tr>\n<td colspan=\"3\">&nbsp;<\/td>\n<\/tr>\n<tr>\n<td>&nbsp;<\/td>\n<td>Wroc\u0142awskie Centrum Sieciowo-Superkomputerowe, WCSS, (<a href=\"http:\/\/www.wcss.wroc.pl\/\">www<\/a>)<\/td>\n<td>Leo, (<a href=\"http:\/\/www.kdm.wcss.wroc.pl\/wiki\/index.php\/Leo\">www<\/a>)<\/td>\n<\/tr>\n<tr>\n<td colspan=\"3\">&nbsp;<\/td>\n<\/tr>\n<tr>\n<td>&nbsp;<\/td>\n<td>Wroc\u0142awskie Centrum Sieciowo-Superkomputerowe, WCSS, (<a href=\"http:\/\/www.wcss.wroc.pl\/\">www<\/a>)<\/td>\n<td>Nova, (<a href=\"http:\/\/www.kdm.wcss.wroc.pl\/wiki\/index.php\/Nova\">www<\/a>)<\/td>\n<\/tr>\n<tr>\n<td colspan=\"3\">&nbsp;<\/td>\n<\/tr>\n<tr>\n<td>&nbsp;<\/td>\n<td>Wroc\u0142awskie Centrum Sieciowo-Superkomputerowe, WCSS, (<a href=\"http:\/\/www.wcss.wroc.pl\/\">www<\/a>)<\/td>\n<td>Uk\u0142ad, (<a href=\"http:\/\/www.kdm.wcss.wroc.pl\/wiki\/index.php\/Uk%C5%82ad\">www<\/a>)<\/td>\n<\/tr>\n<tr>\n<td colspan=\"3\">&nbsp;<\/td>\n<\/tr>\n<tr>\n<td>&nbsp;<\/td>\n<td>Akademickie Centrum Komputerowe CYFRONET AGH, (<a href=\"http:\/\/www.cyfronet.krakow.pl\/\">www<\/a>)<\/td>\n<td>Ares, (<a href=\"http:\/\/www.cyf-kr.edu.pl\/uslugi_obliczeniowe\/?a=ares\">www<\/a>)<\/td>\n<\/tr>\n<tr>\n<td colspan=\"3\">&nbsp;<\/td>\n<\/tr>\n<tr>\n<td>&nbsp;<\/td>\n<td>Akademickie Centrum Komputerowe CYFRONET AGH, (<a href=\"http:\/\/www.cyfronet.krakow.pl\/\">www<\/a>)<\/td>\n<td>Baribal, (<a href=\"http:\/\/www.cyfronet.pl\/uslugi_obliczeniowe\/?a=baribal\">www<\/a>)<\/td>\n<\/tr>\n<tr>\n<td colspan=\"3\">&nbsp;<\/td>\n<\/tr>\n<tr>\n<td>&nbsp;<\/td>\n<td>Akademickie Centrum Komputerowe CYFRONET AGH, (<a href=\"http:\/\/www.cyfronet.krakow.pl\/\">www<\/a>)<\/td>\n<td>Clx, (<a href=\"http:\/\/www.cyf-kr.edu.pl\/uslugi_obliczeniowe\/?a=clx\">www<\/a>)<\/td>\n<\/tr>\n<tr>\n<td colspan=\"3\">&nbsp;<\/td>\n<\/tr>\n<tr>\n<td>&nbsp;<\/td>\n<td>Akademickie Centrum Komputerowe CYFRONET AGH, (<a href=\"http:\/\/www.cyfronet.krakow.pl\/\">www<\/a>)<\/td>\n<td>Mars, (<a href=\"http:\/\/www.cyf-kr.edu.pl\/uslugi_obliczeniowe\/?a=mars\">www<\/a>)<\/td>\n<\/tr>\n<tr>\n<td colspan=\"3\">&nbsp;<\/td>\n<\/tr>\n<tr>\n<td>&nbsp;<\/td>\n<td>Akademickie Centrum Komputerowe CYFRONET AGH, (<a href=\"http:\/\/www.cyfronet.krakow.pl\/\">www<\/a>)<\/td>\n<td>Panda, (<a href=\"http:\/\/www.cyfronet.pl\/uslugi_obliczeniowe\/?a=panda\">www<\/a>)<\/td>\n<\/tr>\n<tr>\n<td colspan=\"3\">&nbsp;<\/td>\n<\/tr>\n<tr>\n<td>&nbsp;<\/td>\n<td>Akademickie Centrum Komputerowe CYFRONET AGH, (<a href=\"http:\/\/www.cyfronet.krakow.pl\/\">www<\/a>)<\/td>\n<td>Zeus, (<a href=\"http:\/\/www.cyf-kr.edu.pl\/uslugi_obliczeniowe\/?a=rack\">www<\/a>)<\/td>\n<\/tr>\n<tr>\n<td colspan=\"3\">&nbsp;<\/td>\n<\/tr>\n<tr>\n<td>&nbsp;<\/td>\n<td>Pozna\u0144skie Centrum Superkoputerowo Sieciowe, PCSS, (<a href=\"http:\/\/www.man.poznan.pl\/pcss\/public\/main\/index.html\">www<\/a>)<\/td>\n<td>Fangorn, (<a href=\"http:\/\/www.man.poznan.pl\/zasoby\/komputery_obliczeniowe\/fangorn\/index.html\">www<\/a>)<\/td>\n<\/tr>\n<tr>\n<td colspan=\"3\">&nbsp;<\/td>\n<\/tr>\n<tr>\n<td>&nbsp;<\/td>\n<td>Pozna\u0144skie Centrum Superkoputerowo Sieciowe, PCSS, (<a href=\"http:\/\/www.man.poznan.pl\/pcss\/public\/main\/index.html\">www<\/a>)<\/td>\n<td>Guarana, (<a href=\"http:\/\/www.man.poznan.pl\/zasoby\/komputery_obliczeniowe\/guarana\/index.html\">www<\/a>)<\/td>\n<\/tr>\n<tr>\n<td colspan=\"3\">&nbsp;<\/td>\n<\/tr>\n<tr>\n<td>&nbsp;<\/td>\n<td>Pozna\u0144skie Centrum Superkoputerowo Sieciowe, PCSS, (<a href=\"http:\/\/www.man.poznan.pl\/pcss\/public\/main\/index.html\">www<\/a>)<\/td>\n<td>Sherwood, (<a href=\"http:\/\/www.man.poznan.pl\/zasoby\/komputery_obliczeniowe\/sherwood\/index.html\">www<\/a>)<\/td>\n<\/tr>\n<tr>\n<td colspan=\"3\">&nbsp;<\/td>\n<\/tr>\n<tr>\n<td>&nbsp;<\/td>\n<td>Interdyscyplinarne Centrum Modelowania Matematycznego i Komputerowego, ICM, (<a href=\"http:\/\/www.icm.edu.pl\/\">www<\/a>)<\/td>\n<td>Halo, (<a href=\"http:\/\/www.icm.edu.pl\/kdm\/Halo\">www<\/a>)<\/td>\n<\/tr>\n<tr>\n<td colspan=\"3\">&nbsp;<\/td>\n<\/tr>\n<tr>\n<td>&nbsp;<\/td>\n<td>Interdyscyplinarne Centrum Modelowania Matematycznego i Komputerowego, ICM, (<a href=\"http:\/\/www.icm.edu.pl\/\">www<\/a>)<\/td>\n<td>Tornado, (<a href=\"http:\/\/www.icm.edu.pl\/kdm\/Tornado\">www<\/a>)<\/td>\n<\/tr>\n<tr>\n<td colspan=\"3\">&nbsp;<\/td>\n<\/tr>\n<tr>\n<td>&nbsp;<\/td>\n<td>Uniwersytet Adama Mickiewicza w Poznaniu, Wydzia\u0142 Matematyki i Informatyki, (<a href=\"http:\/\/www.amu.edu.pl\/index.php?linkid=2103\">www<\/a>)<\/td>\n<td>(<a href=\"http:\/\/klaster.wmid.amu.edu.pl\/index.htm\">www<\/a>)<\/td>\n<\/tr>\n<tr>\n<td colspan=\"3\">&nbsp;<\/td>\n<\/tr>\n<tr>\n<td>&nbsp;<\/td>\n<td>Uniwersytet Miko\u0142aja Kopernika, Uczelniane Centrum Informatyczne, (<a href=\"http:\/\/www.uci.umk.pl\/\">www<\/a>)<\/td>\n<td>(<a href=\"http:\/\/www.uci.umk.pl\/pracownicy\/obliczeniowe\/sprzet\/\">www<\/a>)<\/td>\n<\/tr>\n<tr>\n<td colspan=\"3\">&nbsp;<\/td>\n<\/tr>\n<tr>\n<td>&nbsp;<\/td>\n<td>Uniwersytet Warszawski, Wydzia\u0142 Chemii, (<a href=\"http:\/\/www.chem.uw.edu.pl\/\">www<\/a>)<\/td>\n<td>Dodek, (<a href=\"http:\/\/www.comparex.de\/pl\/pl\/aboutus\/success_stories\/610_warsaw.html\">www<\/a>)<\/td>\n<\/tr>\n<tr>\n<td colspan=\"3\">&nbsp;<\/td>\n<\/tr>\n<tr>\n<td>&nbsp;<\/td>\n<td>Uniwersytet Warszawski, Wydzia\u0142 Chemii, Pracownia Teorii Biopolimer\u00f3w, (<a href=\"http:\/\/www.biocomp.chem.uw.edu.pl\/strona_glowna.php\">www<\/a>)<\/td>\n<td>(<a href=\"http:\/\/www.biocomp.chem.uw.edu.pl\/komputery.php\">www<\/a>)<\/td>\n<\/tr>\n<tr>\n<td colspan=\"3\">&nbsp;<\/td>\n<\/tr>\n<tr>\n<td>&nbsp;<\/td>\n<td>Uniwersytet Warszawski, Wydzia\u0142 Fizyki, Instytut Fizyki Teoretycznej, KTSJA (<a href=\"http:\/\/www.fuw.edu.pl\/~werner\/KTSJA\/\">www<\/a>)<\/td>\n<td>Szpak, (<a href=\"http:\/\/www.fuw.edu.pl\/~dobaczew\/klaster\/klaster.html\">www<\/a>)<\/td>\n<\/tr>\n<tr>\n<td colspan=\"3\">&nbsp;<\/td>\n<\/tr>\n<tr>\n<td>&nbsp;<\/td>\n<td>Politechnika Cz\u0119stochowska, Instytut Informatyki Teoretycznej i Stosowanej, (<a href=\"http:\/\/icis.pcz.pl\/\">www<\/a>)<\/td>\n<td>Accord, (<a href=\"http:\/\/eltoro.icis.pcz.pl\/\">www<\/a>)<\/td>\n<\/tr>\n<tr>\n<td colspan=\"3\">&nbsp;<\/td>\n<\/tr>\n<tr>\n<td>&nbsp;<\/td>\n<td>Instytut Maszyn Przep\u0142ywowych PAN, Zak\u0142ad Przep\u0142yw\u00f3w Transonicznych i Metod Numerycznych, (<a href=\"http:\/\/www.imp.gda.pl\/struktura\/o2\/z2\/index.html\">www<\/a>)<\/td>\n<td>(<a href=\"http:\/\/www.imp.gda.pl\/struktura\/o2\/z2\/subpages\/numerical.html\">www<\/a>)<\/td>\n<\/tr>\n<\/tbody>\n<\/table>\n","protected":false},"excerpt":{"rendered":"<p>K&nbsp;L&nbsp;A&nbsp;S&nbsp;T&nbsp;R&nbsp;Y&nbsp;&nbsp;I&nbsp;&nbsp; S&nbsp;U&nbsp;P&nbsp;E&nbsp;R&nbsp;K&nbsp;O&nbsp;M&nbsp;P&nbsp;U&nbsp;T&nbsp;E&nbsp;R&nbsp;Y&nbsp;&nbsp; W&nbsp;&nbsp;P&nbsp;O&nbsp;L&nbsp;S&nbsp;C&nbsp;E &nbsp; &nbsp; I&nbsp;N&nbsp;S&nbsp;T&nbsp;Y&nbsp;T&nbsp;U&nbsp;C&nbsp;J&nbsp;A K&nbsp;L&nbsp;A&nbsp;S&nbsp;T&nbsp;E&nbsp;R &nbsp; &nbsp; Centrum Informatyczne Tr\u00f3jmiejskiej Akademickiej Sieci Komputerowej,<a class=\"read-more\" href=\"https:\/\/wi.pb.edu.pl\/p\/joanna-goscik\/badania\/\" title=\"Poka\u017c artyku\u0142 Badania\">wi\u0119cej<\/a><\/p>\n","protected":false},"author":14,"featured_media":0,"parent":1015,"menu_order":0,"comment_status":"closed","ping_status":"closed","template":"","meta":{"inline_featured_image":false,"ngg_post_thumbnail":0,"footnotes":""},"class_list":["post-1019","page","type-page","status-publish","hentry"],"acf":[],"yoast_head":"<!-- This site is optimized with the Yoast SEO plugin v26.4 - https:\/\/yoast.com\/wordpress\/plugins\/seo\/ -->\n<title>Badania - Strony pracownik\u00f3w Wydzia\u0142u Informatyki Politechniki Bia\u0142ostockiej<\/title>\n<meta name=\"robots\" content=\"index, follow, max-snippet:-1, max-image-preview:large, max-video-preview:-1\" \/>\n<link rel=\"canonical\" href=\"https:\/\/wi.pb.edu.pl\/p\/joanna-goscik\/badania\/\" \/>\n<meta property=\"og:locale\" content=\"pl_PL\" \/>\n<meta property=\"og:type\" content=\"article\" \/>\n<meta property=\"og:title\" content=\"Badania - Strony pracownik\u00f3w Wydzia\u0142u Informatyki Politechniki Bia\u0142ostockiej\" \/>\n<meta property=\"og:description\" content=\"K&nbsp;L&nbsp;A&nbsp;S&nbsp;T&nbsp;R&nbsp;Y&nbsp;&nbsp;I&nbsp;&nbsp; S&nbsp;U&nbsp;P&nbsp;E&nbsp;R&nbsp;K&nbsp;O&nbsp;M&nbsp;P&nbsp;U&nbsp;T&nbsp;E&nbsp;R&nbsp;Y&nbsp;&nbsp; W&nbsp;&nbsp;P&nbsp;O&nbsp;L&nbsp;S&nbsp;C&nbsp;E &nbsp; &nbsp; I&nbsp;N&nbsp;S&nbsp;T&nbsp;Y&nbsp;T&nbsp;U&nbsp;C&nbsp;J&nbsp;A K&nbsp;L&nbsp;A&nbsp;S&nbsp;T&nbsp;E&nbsp;R &nbsp; &nbsp; Centrum Informatyczne Tr\u00f3jmiejskiej Akademickiej Sieci Komputerowej,wi\u0119cej\" \/>\n<meta property=\"og:url\" content=\"https:\/\/wi.pb.edu.pl\/p\/joanna-goscik\/badania\/\" \/>\n<meta property=\"og:site_name\" content=\"Strony pracownik\u00f3w Wydzia\u0142u Informatyki Politechniki Bia\u0142ostockiej\" \/>\n<meta name=\"twitter:card\" content=\"summary_large_image\" \/>\n<meta name=\"twitter:label1\" content=\"Szacowany czas czytania\" \/>\n\t<meta name=\"twitter:data1\" content=\"2 minuty\" \/>\n<script type=\"application\/ld+json\" class=\"yoast-schema-graph\">{\"@context\":\"https:\/\/schema.org\",\"@graph\":[{\"@type\":\"WebPage\",\"@id\":\"https:\/\/wi.pb.edu.pl\/p\/joanna-goscik\/badania\/\",\"url\":\"https:\/\/wi.pb.edu.pl\/p\/joanna-goscik\/badania\/\",\"name\":\"Badania - Strony pracownik\u00f3w Wydzia\u0142u Informatyki Politechniki Bia\u0142ostockiej\",\"isPartOf\":{\"@id\":\"https:\/\/wi.pb.edu.pl\/p\/#website\"},\"datePublished\":\"2024-07-22T08:21:29+00:00\",\"breadcrumb\":{\"@id\":\"https:\/\/wi.pb.edu.pl\/p\/joanna-goscik\/badania\/#breadcrumb\"},\"inLanguage\":\"pl-PL\",\"potentialAction\":[{\"@type\":\"ReadAction\",\"target\":[\"https:\/\/wi.pb.edu.pl\/p\/joanna-goscik\/badania\/\"]}]},{\"@type\":\"BreadcrumbList\",\"@id\":\"https:\/\/wi.pb.edu.pl\/p\/joanna-goscik\/badania\/#breadcrumb\",\"itemListElement\":[{\"@type\":\"ListItem\",\"position\":1,\"name\":\"Strona g\u0142\u00f3wna\",\"item\":\"https:\/\/wi.pb.edu.pl\/p\/\"},{\"@type\":\"ListItem\",\"position\":2,\"name\":\"mgr in\u017c. Joanna Go\u015bcik\",\"item\":\"https:\/\/wi.pb.edu.pl\/p\/joanna-goscik\/\"},{\"@type\":\"ListItem\",\"position\":3,\"name\":\"Badania\"}]},{\"@type\":\"WebSite\",\"@id\":\"https:\/\/wi.pb.edu.pl\/p\/#website\",\"url\":\"https:\/\/wi.pb.edu.pl\/p\/\",\"name\":\"Strony pracownik\u00f3w Wydzia\u0142u Informatyki Politechniki Bia\u0142ostockiej\",\"description\":\"\",\"potentialAction\":[{\"@type\":\"SearchAction\",\"target\":{\"@type\":\"EntryPoint\",\"urlTemplate\":\"https:\/\/wi.pb.edu.pl\/p\/?s={search_term_string}\"},\"query-input\":{\"@type\":\"PropertyValueSpecification\",\"valueRequired\":true,\"valueName\":\"search_term_string\"}}],\"inLanguage\":\"pl-PL\"}]}<\/script>\n<!-- \/ Yoast SEO plugin. -->","yoast_head_json":{"title":"Badania - Strony pracownik\u00f3w Wydzia\u0142u Informatyki Politechniki Bia\u0142ostockiej","robots":{"index":"index","follow":"follow","max-snippet":"max-snippet:-1","max-image-preview":"max-image-preview:large","max-video-preview":"max-video-preview:-1"},"canonical":"https:\/\/wi.pb.edu.pl\/p\/joanna-goscik\/badania\/","og_locale":"pl_PL","og_type":"article","og_title":"Badania - Strony pracownik\u00f3w Wydzia\u0142u Informatyki Politechniki Bia\u0142ostockiej","og_description":"K&nbsp;L&nbsp;A&nbsp;S&nbsp;T&nbsp;R&nbsp;Y&nbsp;&nbsp;I&nbsp;&nbsp; S&nbsp;U&nbsp;P&nbsp;E&nbsp;R&nbsp;K&nbsp;O&nbsp;M&nbsp;P&nbsp;U&nbsp;T&nbsp;E&nbsp;R&nbsp;Y&nbsp;&nbsp; W&nbsp;&nbsp;P&nbsp;O&nbsp;L&nbsp;S&nbsp;C&nbsp;E &nbsp; &nbsp; I&nbsp;N&nbsp;S&nbsp;T&nbsp;Y&nbsp;T&nbsp;U&nbsp;C&nbsp;J&nbsp;A K&nbsp;L&nbsp;A&nbsp;S&nbsp;T&nbsp;E&nbsp;R &nbsp; &nbsp; Centrum Informatyczne Tr\u00f3jmiejskiej Akademickiej Sieci Komputerowej,wi\u0119cej","og_url":"https:\/\/wi.pb.edu.pl\/p\/joanna-goscik\/badania\/","og_site_name":"Strony pracownik\u00f3w Wydzia\u0142u Informatyki Politechniki Bia\u0142ostockiej","twitter_card":"summary_large_image","twitter_misc":{"Szacowany czas czytania":"2 minuty"},"schema":{"@context":"https:\/\/schema.org","@graph":[{"@type":"WebPage","@id":"https:\/\/wi.pb.edu.pl\/p\/joanna-goscik\/badania\/","url":"https:\/\/wi.pb.edu.pl\/p\/joanna-goscik\/badania\/","name":"Badania - Strony pracownik\u00f3w Wydzia\u0142u Informatyki Politechniki Bia\u0142ostockiej","isPartOf":{"@id":"https:\/\/wi.pb.edu.pl\/p\/#website"},"datePublished":"2024-07-22T08:21:29+00:00","breadcrumb":{"@id":"https:\/\/wi.pb.edu.pl\/p\/joanna-goscik\/badania\/#breadcrumb"},"inLanguage":"pl-PL","potentialAction":[{"@type":"ReadAction","target":["https:\/\/wi.pb.edu.pl\/p\/joanna-goscik\/badania\/"]}]},{"@type":"BreadcrumbList","@id":"https:\/\/wi.pb.edu.pl\/p\/joanna-goscik\/badania\/#breadcrumb","itemListElement":[{"@type":"ListItem","position":1,"name":"Strona g\u0142\u00f3wna","item":"https:\/\/wi.pb.edu.pl\/p\/"},{"@type":"ListItem","position":2,"name":"mgr in\u017c. Joanna Go\u015bcik","item":"https:\/\/wi.pb.edu.pl\/p\/joanna-goscik\/"},{"@type":"ListItem","position":3,"name":"Badania"}]},{"@type":"WebSite","@id":"https:\/\/wi.pb.edu.pl\/p\/#website","url":"https:\/\/wi.pb.edu.pl\/p\/","name":"Strony pracownik\u00f3w Wydzia\u0142u Informatyki Politechniki Bia\u0142ostockiej","description":"","potentialAction":[{"@type":"SearchAction","target":{"@type":"EntryPoint","urlTemplate":"https:\/\/wi.pb.edu.pl\/p\/?s={search_term_string}"},"query-input":{"@type":"PropertyValueSpecification","valueRequired":true,"valueName":"search_term_string"}}],"inLanguage":"pl-PL"}]}},"_links":{"self":[{"href":"https:\/\/wi.pb.edu.pl\/p\/wp-json\/wp\/v2\/pages\/1019","targetHints":{"allow":["GET"]}}],"collection":[{"href":"https:\/\/wi.pb.edu.pl\/p\/wp-json\/wp\/v2\/pages"}],"about":[{"href":"https:\/\/wi.pb.edu.pl\/p\/wp-json\/wp\/v2\/types\/page"}],"author":[{"embeddable":true,"href":"https:\/\/wi.pb.edu.pl\/p\/wp-json\/wp\/v2\/users\/14"}],"replies":[{"embeddable":true,"href":"https:\/\/wi.pb.edu.pl\/p\/wp-json\/wp\/v2\/comments?post=1019"}],"version-history":[{"count":2,"href":"https:\/\/wi.pb.edu.pl\/p\/wp-json\/wp\/v2\/pages\/1019\/revisions"}],"predecessor-version":[{"id":1498,"href":"https:\/\/wi.pb.edu.pl\/p\/wp-json\/wp\/v2\/pages\/1019\/revisions\/1498"}],"up":[{"embeddable":true,"href":"https:\/\/wi.pb.edu.pl\/p\/wp-json\/wp\/v2\/pages\/1015"}],"wp:attachment":[{"href":"https:\/\/wi.pb.edu.pl\/p\/wp-json\/wp\/v2\/media?parent=1019"}],"curies":[{"name":"wp","href":"https:\/\/api.w.org\/{rel}","templated":true}]}}