{"id":1024,"date":"2024-07-22T10:24:51","date_gmt":"2024-07-22T08:24:51","guid":{"rendered":"https:\/\/wi.pb.edu.pl\/p\/?page_id=1024"},"modified":"2024-07-22T11:21:26","modified_gmt":"2024-07-22T09:21:26","slug":"dydaktyka-semestr-zimowy-2013-2014","status":"publish","type":"page","link":"https:\/\/wi.pb.edu.pl\/p\/joanna-goscik\/dydaktyka\/dydaktyka-semestr-zimowy-2013-2014\/","title":{"rendered":"Dydaktyka semestr zimowy 2013\/2014"},"content":{"rendered":"<p><a style=\"color: #23527c\" title=\"Bazy danych\" href=\"https:\/\/wi.pb.edu.pl\/p\/katedra-oprogramowania\/mgr-inz-joanna-goscik\/dydaktyka\/bazy-danych\/\">Bazy danych<\/a><\/p>\n<p><a style=\"font-size: 1.5rem;color: #23527c\" title=\"Technologie baz danych\" href=\"https:\/\/wi.pb.edu.pl\/p\/katedra-oprogramowania\/mgr-inz-joanna-goscik\/dydaktyka\/dydaktyka-semestr-zimowy-2013-2014\/technologie-baz-danych\/\">Technologie baz danych<\/a><\/p>\n<p><a style=\"color: #23527c\" title=\"Metody probabilistyczne i statystyka\" href=\"https:\/\/wi.pb.edu.pl\/p\/katedra-oprogramowania\/mgr-inz-joanna-goscik\/dydaktyka\/dydaktyka-semestr-zimowy-2013-2014\/metody-probabilistyczne-i-statystyka\/\">Statystyka i analiza danych<\/a><\/p>\n<p><a style=\"color: #23527c\" title=\"Systemy ekspertowe\" href=\"https:\/\/wi.pb.edu.pl\/p\/katedra-oprogramowania\/mgr-inz-joanna-goscik\/dydaktyka\/dydaktyka-semestr-zimowy-2013-2014\/systemy-ekspertowe\/\">Systemy ekspertowe<\/a><\/p>\n","protected":false},"excerpt":{"rendered":"<p>Bazy danych Technologie baz danych Statystyka i analiza danych Systemy ekspertowe<\/p>\n","protected":false},"author":14,"featured_media":0,"parent":1021,"menu_order":0,"comment_status":"closed","ping_status":"closed","template":"","meta":{"inline_featured_image":false,"ngg_post_thumbnail":0,"footnotes":""},"class_list":["post-1024","page","type-page","status-publish","hentry"],"acf":[],"yoast_head":"<!-- This site is optimized with the Yoast SEO plugin v26.4 - https:\/\/yoast.com\/wordpress\/plugins\/seo\/ -->\n<title>Dydaktyka semestr zimowy 2013\/2014 - Strony pracownik\u00f3w Wydzia\u0142u Informatyki Politechniki Bia\u0142ostockiej<\/title>\n<meta name=\"robots\" content=\"index, follow, max-snippet:-1, max-image-preview:large, max-video-preview:-1\" \/>\n<link rel=\"canonical\" href=\"https:\/\/wi.pb.edu.pl\/p\/joanna-goscik\/dydaktyka\/dydaktyka-semestr-zimowy-2013-2014\/\" \/>\n<meta property=\"og:locale\" content=\"pl_PL\" \/>\n<meta property=\"og:type\" content=\"article\" \/>\n<meta property=\"og:title\" content=\"Dydaktyka semestr zimowy 2013\/2014 - Strony pracownik\u00f3w Wydzia\u0142u Informatyki Politechniki Bia\u0142ostockiej\" \/>\n<meta property=\"og:description\" content=\"Bazy danych Technologie baz danych Statystyka i analiza danych Systemy ekspertowe\" \/>\n<meta property=\"og:url\" content=\"https:\/\/wi.pb.edu.pl\/p\/joanna-goscik\/dydaktyka\/dydaktyka-semestr-zimowy-2013-2014\/\" \/>\n<meta property=\"og:site_name\" content=\"Strony pracownik\u00f3w Wydzia\u0142u Informatyki Politechniki Bia\u0142ostockiej\" \/>\n<meta property=\"article:modified_time\" content=\"2024-07-22T09:21:26+00:00\" \/>\n<meta name=\"twitter:card\" content=\"summary_large_image\" \/>\n<meta name=\"twitter:label1\" content=\"Szacowany czas czytania\" \/>\n\t<meta name=\"twitter:data1\" content=\"1 minuta\" \/>\n<script type=\"application\/ld+json\" class=\"yoast-schema-graph\">{\"@context\":\"https:\/\/schema.org\",\"@graph\":[{\"@type\":\"WebPage\",\"@id\":\"https:\/\/wi.pb.edu.pl\/p\/joanna-goscik\/dydaktyka\/dydaktyka-semestr-zimowy-2013-2014\/\",\"url\":\"https:\/\/wi.pb.edu.pl\/p\/joanna-goscik\/dydaktyka\/dydaktyka-semestr-zimowy-2013-2014\/\",\"name\":\"Dydaktyka semestr zimowy 2013\/2014 - Strony pracownik\u00f3w Wydzia\u0142u Informatyki Politechniki Bia\u0142ostockiej\",\"isPartOf\":{\"@id\":\"https:\/\/wi.pb.edu.pl\/p\/#website\"},\"datePublished\":\"2024-07-22T08:24:51+00:00\",\"dateModified\":\"2024-07-22T09:21:26+00:00\",\"breadcrumb\":{\"@id\":\"https:\/\/wi.pb.edu.pl\/p\/joanna-goscik\/dydaktyka\/dydaktyka-semestr-zimowy-2013-2014\/#breadcrumb\"},\"inLanguage\":\"pl-PL\",\"potentialAction\":[{\"@type\":\"ReadAction\",\"target\":[\"https:\/\/wi.pb.edu.pl\/p\/joanna-goscik\/dydaktyka\/dydaktyka-semestr-zimowy-2013-2014\/\"]}]},{\"@type\":\"BreadcrumbList\",\"@id\":\"https:\/\/wi.pb.edu.pl\/p\/joanna-goscik\/dydaktyka\/dydaktyka-semestr-zimowy-2013-2014\/#breadcrumb\",\"itemListElement\":[{\"@type\":\"ListItem\",\"position\":1,\"name\":\"Strona g\u0142\u00f3wna\",\"item\":\"https:\/\/wi.pb.edu.pl\/p\/\"},{\"@type\":\"ListItem\",\"position\":2,\"name\":\"mgr in\u017c. Joanna Go\u015bcik\",\"item\":\"https:\/\/wi.pb.edu.pl\/p\/joanna-goscik\/\"},{\"@type\":\"ListItem\",\"position\":3,\"name\":\"Dydaktyka\",\"item\":\"https:\/\/wi.pb.edu.pl\/p\/joanna-goscik\/dydaktyka\/\"},{\"@type\":\"ListItem\",\"position\":4,\"name\":\"Dydaktyka semestr zimowy 2013\/2014\"}]},{\"@type\":\"WebSite\",\"@id\":\"https:\/\/wi.pb.edu.pl\/p\/#website\",\"url\":\"https:\/\/wi.pb.edu.pl\/p\/\",\"name\":\"Strony pracownik\u00f3w Wydzia\u0142u Informatyki Politechniki Bia\u0142ostockiej\",\"description\":\"\",\"potentialAction\":[{\"@type\":\"SearchAction\",\"target\":{\"@type\":\"EntryPoint\",\"urlTemplate\":\"https:\/\/wi.pb.edu.pl\/p\/?s={search_term_string}\"},\"query-input\":{\"@type\":\"PropertyValueSpecification\",\"valueRequired\":true,\"valueName\":\"search_term_string\"}}],\"inLanguage\":\"pl-PL\"}]}<\/script>\n<!-- \/ Yoast SEO plugin. -->","yoast_head_json":{"title":"Dydaktyka semestr zimowy 2013\/2014 - Strony pracownik\u00f3w Wydzia\u0142u Informatyki Politechniki Bia\u0142ostockiej","robots":{"index":"index","follow":"follow","max-snippet":"max-snippet:-1","max-image-preview":"max-image-preview:large","max-video-preview":"max-video-preview:-1"},"canonical":"https:\/\/wi.pb.edu.pl\/p\/joanna-goscik\/dydaktyka\/dydaktyka-semestr-zimowy-2013-2014\/","og_locale":"pl_PL","og_type":"article","og_title":"Dydaktyka semestr zimowy 2013\/2014 - Strony pracownik\u00f3w Wydzia\u0142u Informatyki Politechniki Bia\u0142ostockiej","og_description":"Bazy danych Technologie baz danych Statystyka i analiza danych Systemy ekspertowe","og_url":"https:\/\/wi.pb.edu.pl\/p\/joanna-goscik\/dydaktyka\/dydaktyka-semestr-zimowy-2013-2014\/","og_site_name":"Strony pracownik\u00f3w Wydzia\u0142u Informatyki Politechniki Bia\u0142ostockiej","article_modified_time":"2024-07-22T09:21:26+00:00","twitter_card":"summary_large_image","twitter_misc":{"Szacowany czas czytania":"1 minuta"},"schema":{"@context":"https:\/\/schema.org","@graph":[{"@type":"WebPage","@id":"https:\/\/wi.pb.edu.pl\/p\/joanna-goscik\/dydaktyka\/dydaktyka-semestr-zimowy-2013-2014\/","url":"https:\/\/wi.pb.edu.pl\/p\/joanna-goscik\/dydaktyka\/dydaktyka-semestr-zimowy-2013-2014\/","name":"Dydaktyka semestr zimowy 2013\/2014 - Strony pracownik\u00f3w Wydzia\u0142u Informatyki Politechniki Bia\u0142ostockiej","isPartOf":{"@id":"https:\/\/wi.pb.edu.pl\/p\/#website"},"datePublished":"2024-07-22T08:24:51+00:00","dateModified":"2024-07-22T09:21:26+00:00","breadcrumb":{"@id":"https:\/\/wi.pb.edu.pl\/p\/joanna-goscik\/dydaktyka\/dydaktyka-semestr-zimowy-2013-2014\/#breadcrumb"},"inLanguage":"pl-PL","potentialAction":[{"@type":"ReadAction","target":["https:\/\/wi.pb.edu.pl\/p\/joanna-goscik\/dydaktyka\/dydaktyka-semestr-zimowy-2013-2014\/"]}]},{"@type":"BreadcrumbList","@id":"https:\/\/wi.pb.edu.pl\/p\/joanna-goscik\/dydaktyka\/dydaktyka-semestr-zimowy-2013-2014\/#breadcrumb","itemListElement":[{"@type":"ListItem","position":1,"name":"Strona g\u0142\u00f3wna","item":"https:\/\/wi.pb.edu.pl\/p\/"},{"@type":"ListItem","position":2,"name":"mgr in\u017c. Joanna Go\u015bcik","item":"https:\/\/wi.pb.edu.pl\/p\/joanna-goscik\/"},{"@type":"ListItem","position":3,"name":"Dydaktyka","item":"https:\/\/wi.pb.edu.pl\/p\/joanna-goscik\/dydaktyka\/"},{"@type":"ListItem","position":4,"name":"Dydaktyka semestr zimowy 2013\/2014"}]},{"@type":"WebSite","@id":"https:\/\/wi.pb.edu.pl\/p\/#website","url":"https:\/\/wi.pb.edu.pl\/p\/","name":"Strony pracownik\u00f3w Wydzia\u0142u Informatyki Politechniki Bia\u0142ostockiej","description":"","potentialAction":[{"@type":"SearchAction","target":{"@type":"EntryPoint","urlTemplate":"https:\/\/wi.pb.edu.pl\/p\/?s={search_term_string}"},"query-input":{"@type":"PropertyValueSpecification","valueRequired":true,"valueName":"search_term_string"}}],"inLanguage":"pl-PL"}]}},"_links":{"self":[{"href":"https:\/\/wi.pb.edu.pl\/p\/wp-json\/wp\/v2\/pages\/1024","targetHints":{"allow":["GET"]}}],"collection":[{"href":"https:\/\/wi.pb.edu.pl\/p\/wp-json\/wp\/v2\/pages"}],"about":[{"href":"https:\/\/wi.pb.edu.pl\/p\/wp-json\/wp\/v2\/types\/page"}],"author":[{"embeddable":true,"href":"https:\/\/wi.pb.edu.pl\/p\/wp-json\/wp\/v2\/users\/14"}],"replies":[{"embeddable":true,"href":"https:\/\/wi.pb.edu.pl\/p\/wp-json\/wp\/v2\/comments?post=1024"}],"version-history":[{"count":6,"href":"https:\/\/wi.pb.edu.pl\/p\/wp-json\/wp\/v2\/pages\/1024\/revisions"}],"predecessor-version":[{"id":1086,"href":"https:\/\/wi.pb.edu.pl\/p\/wp-json\/wp\/v2\/pages\/1024\/revisions\/1086"}],"up":[{"embeddable":true,"href":"https:\/\/wi.pb.edu.pl\/p\/wp-json\/wp\/v2\/pages\/1021"}],"wp:attachment":[{"href":"https:\/\/wi.pb.edu.pl\/p\/wp-json\/wp\/v2\/media?parent=1024"}],"curies":[{"name":"wp","href":"https:\/\/api.w.org\/{rel}","templated":true}]}}