{"id":1055,"date":"2024-07-22T11:08:05","date_gmt":"2024-07-22T09:08:05","guid":{"rendered":"https:\/\/wi.pb.edu.pl\/p\/?page_id=1055"},"modified":"2024-07-25T11:56:46","modified_gmt":"2024-07-25T09:56:46","slug":"technologie-baz-danych","status":"publish","type":"page","link":"https:\/\/wi.pb.edu.pl\/p\/joanna-goscik\/dydaktyka\/dydaktyka-semestr-zimowy-2013-2014\/technologie-baz-danych\/","title":{"rendered":"Technologie baz danych"},"content":{"rendered":"<div><b>S&nbsp;T&nbsp;U&nbsp;D&nbsp;I&nbsp;A&nbsp;&nbsp;S&nbsp;T&nbsp;A&nbsp;C&nbsp;J&nbsp;O&nbsp;N&nbsp;A&nbsp;R&nbsp;N&nbsp;E<\/b><\/div>\n<div class=\"table-responsive\">\n<table class=\"table table-no-bordered\">\n<tbody>\n<tr>\n<td>&nbsp;&#8211;&nbsp;normalizacja&nbsp;&#8211;&nbsp;<\/td>\n<td>1<\/td>\n<td><a href=\"https:\/\/wi.pb.edu.pl\/p\/wp-content\/uploads\/sites\/3\/2024\/07\/PS_1.pdf\">pdf<\/a><\/td>\n<\/tr>\n<tr>\n<td>&nbsp;&#8211;&nbsp;zapytania proste&nbsp;&#8211;&nbsp;<\/td>\n<td>2<\/td>\n<td><a href=\"https:\/\/wi.pb.edu.pl\/p\/wp-content\/uploads\/sites\/3\/2024\/07\/PS_2.pdf\">pdf<\/a><\/td>\n<\/tr>\n<tr>\n<td>&nbsp;&#8211;&nbsp;zapytania grupuj\u0105ce&nbsp;&#8211;&nbsp;<\/td>\n<td>3<\/td>\n<td><a href=\"https:\/\/wi.pb.edu.pl\/p\/wp-content\/uploads\/sites\/3\/2024\/07\/PS_3.pdf\">pdf<\/a><\/td>\n<\/tr>\n<tr>\n<td>&nbsp;&#8211;&nbsp;podzapytania&nbsp;&#8211;&nbsp;<\/td>\n<td>4<\/td>\n<td><a href=\"https:\/\/wi.pb.edu.pl\/p\/wp-content\/uploads\/sites\/3\/2024\/07\/PS_4.pdf\">pdf<\/a><\/td>\n<\/tr>\n<tr>\n<td>&nbsp;&#8211;&nbsp;podzapytania ci\u0105g dalszy&nbsp;&#8211;&nbsp;<\/td>\n<td>5<\/td>\n<td><a href=\"https:\/\/wi.pb.edu.pl\/p\/wp-content\/uploads\/sites\/3\/2024\/07\/PS_5.pdf\">pdf<\/a><\/td>\n<\/tr>\n<tr>\n<td>&nbsp;&#8211;&nbsp;PL\/SQL 1&nbsp;&#8211;&nbsp;<\/td>\n<td>6<\/td>\n<td><a href=\"https:\/\/wi.pb.edu.pl\/p\/wp-content\/uploads\/sites\/3\/2024\/07\/TBD_PLSQL_1.pdf\">pdf<\/a><\/td>\n<\/tr>\n<tr>\n<td>&nbsp;&#8211;&nbsp;PL\/SQL 2&nbsp;&#8211;&nbsp;<\/td>\n<td>7<\/td>\n<td><a href=\"https:\/\/wi.pb.edu.pl\/p\/wp-content\/uploads\/sites\/3\/2024\/07\/TBD_PLSQL_2.pdf\">pdf<\/a><\/td>\n<\/tr>\n<tr>\n<td>&nbsp;&#8211;&nbsp;DDL, DML&nbsp;&#8211;&nbsp;<\/td>\n<td>8<\/td>\n<td><a href=\"https:\/\/wi.pb.edu.pl\/p\/wp-content\/uploads\/sites\/3\/2024\/07\/PS_9_DDL_DML.pdf\">pdf<\/a><\/td>\n<\/tr>\n<\/tbody>\n<\/table>\n<\/div>\n","protected":false},"excerpt":{"rendered":"<p>S&nbsp;T&nbsp;U&nbsp;D&nbsp;I&nbsp;A&nbsp;&nbsp;S&nbsp;T&nbsp;A&nbsp;C&nbsp;J&nbsp;O&nbsp;N&nbsp;A&nbsp;R&nbsp;N&nbsp;E &nbsp;&#8211;&nbsp;normalizacja&nbsp;&#8211;&nbsp; 1 pdf &nbsp;&#8211;&nbsp;zapytania proste&nbsp;&#8211;&nbsp; 2 pdf &nbsp;&#8211;&nbsp;zapytania grupuj\u0105ce&nbsp;&#8211;&nbsp; 3 pdf &nbsp;&#8211;&nbsp;podzapytania&nbsp;&#8211;&nbsp; 4 pdf<a class=\"read-more\" href=\"https:\/\/wi.pb.edu.pl\/p\/joanna-goscik\/dydaktyka\/dydaktyka-semestr-zimowy-2013-2014\/technologie-baz-danych\/\" title=\"Poka\u017c artyku\u0142 Technologie baz danych\">wi\u0119cej<\/a><\/p>\n","protected":false},"author":14,"featured_media":0,"parent":1024,"menu_order":0,"comment_status":"closed","ping_status":"closed","template":"","meta":{"inline_featured_image":false,"ngg_post_thumbnail":0,"footnotes":""},"class_list":["post-1055","page","type-page","status-publish","hentry"],"acf":[],"yoast_head":"<!-- This site is optimized with the Yoast SEO plugin v26.4 - https:\/\/yoast.com\/wordpress\/plugins\/seo\/ -->\n<title>Technologie baz danych - Strony pracownik\u00f3w Wydzia\u0142u Informatyki Politechniki Bia\u0142ostockiej<\/title>\n<meta name=\"robots\" content=\"index, follow, max-snippet:-1, max-image-preview:large, max-video-preview:-1\" \/>\n<link rel=\"canonical\" href=\"https:\/\/wi.pb.edu.pl\/p\/joanna-goscik\/dydaktyka\/dydaktyka-semestr-zimowy-2013-2014\/technologie-baz-danych\/\" \/>\n<meta property=\"og:locale\" content=\"pl_PL\" \/>\n<meta property=\"og:type\" content=\"article\" \/>\n<meta property=\"og:title\" content=\"Technologie baz danych - Strony pracownik\u00f3w Wydzia\u0142u Informatyki Politechniki Bia\u0142ostockiej\" \/>\n<meta property=\"og:description\" content=\"S&nbsp;T&nbsp;U&nbsp;D&nbsp;I&nbsp;A&nbsp;&nbsp;S&nbsp;T&nbsp;A&nbsp;C&nbsp;J&nbsp;O&nbsp;N&nbsp;A&nbsp;R&nbsp;N&nbsp;E &nbsp;&#8211;&nbsp;normalizacja&nbsp;&#8211;&nbsp; 1 pdf &nbsp;&#8211;&nbsp;zapytania proste&nbsp;&#8211;&nbsp; 2 pdf &nbsp;&#8211;&nbsp;zapytania grupuj\u0105ce&nbsp;&#8211;&nbsp; 3 pdf &nbsp;&#8211;&nbsp;podzapytania&nbsp;&#8211;&nbsp; 4 pdfwi\u0119cej\" \/>\n<meta property=\"og:url\" content=\"https:\/\/wi.pb.edu.pl\/p\/joanna-goscik\/dydaktyka\/dydaktyka-semestr-zimowy-2013-2014\/technologie-baz-danych\/\" \/>\n<meta property=\"og:site_name\" content=\"Strony pracownik\u00f3w Wydzia\u0142u Informatyki Politechniki Bia\u0142ostockiej\" \/>\n<meta property=\"article:modified_time\" content=\"2024-07-25T09:56:46+00:00\" \/>\n<meta name=\"twitter:card\" content=\"summary_large_image\" \/>\n<meta name=\"twitter:label1\" content=\"Szacowany czas czytania\" \/>\n\t<meta name=\"twitter:data1\" content=\"1 minuta\" \/>\n<script type=\"application\/ld+json\" class=\"yoast-schema-graph\">{\"@context\":\"https:\/\/schema.org\",\"@graph\":[{\"@type\":\"WebPage\",\"@id\":\"https:\/\/wi.pb.edu.pl\/p\/joanna-goscik\/dydaktyka\/dydaktyka-semestr-zimowy-2013-2014\/technologie-baz-danych\/\",\"url\":\"https:\/\/wi.pb.edu.pl\/p\/joanna-goscik\/dydaktyka\/dydaktyka-semestr-zimowy-2013-2014\/technologie-baz-danych\/\",\"name\":\"Technologie baz danych - Strony pracownik\u00f3w Wydzia\u0142u Informatyki Politechniki Bia\u0142ostockiej\",\"isPartOf\":{\"@id\":\"https:\/\/wi.pb.edu.pl\/p\/#website\"},\"datePublished\":\"2024-07-22T09:08:05+00:00\",\"dateModified\":\"2024-07-25T09:56:46+00:00\",\"breadcrumb\":{\"@id\":\"https:\/\/wi.pb.edu.pl\/p\/joanna-goscik\/dydaktyka\/dydaktyka-semestr-zimowy-2013-2014\/technologie-baz-danych\/#breadcrumb\"},\"inLanguage\":\"pl-PL\",\"potentialAction\":[{\"@type\":\"ReadAction\",\"target\":[\"https:\/\/wi.pb.edu.pl\/p\/joanna-goscik\/dydaktyka\/dydaktyka-semestr-zimowy-2013-2014\/technologie-baz-danych\/\"]}]},{\"@type\":\"BreadcrumbList\",\"@id\":\"https:\/\/wi.pb.edu.pl\/p\/joanna-goscik\/dydaktyka\/dydaktyka-semestr-zimowy-2013-2014\/technologie-baz-danych\/#breadcrumb\",\"itemListElement\":[{\"@type\":\"ListItem\",\"position\":1,\"name\":\"Strona g\u0142\u00f3wna\",\"item\":\"https:\/\/wi.pb.edu.pl\/p\/\"},{\"@type\":\"ListItem\",\"position\":2,\"name\":\"mgr in\u017c. Joanna Go\u015bcik\",\"item\":\"https:\/\/wi.pb.edu.pl\/p\/joanna-goscik\/\"},{\"@type\":\"ListItem\",\"position\":3,\"name\":\"Dydaktyka\",\"item\":\"https:\/\/wi.pb.edu.pl\/p\/joanna-goscik\/dydaktyka\/\"},{\"@type\":\"ListItem\",\"position\":4,\"name\":\"Dydaktyka semestr zimowy 2013\/2014\",\"item\":\"https:\/\/wi.pb.edu.pl\/p\/joanna-goscik\/dydaktyka\/dydaktyka-semestr-zimowy-2013-2014\/\"},{\"@type\":\"ListItem\",\"position\":5,\"name\":\"Technologie baz danych\"}]},{\"@type\":\"WebSite\",\"@id\":\"https:\/\/wi.pb.edu.pl\/p\/#website\",\"url\":\"https:\/\/wi.pb.edu.pl\/p\/\",\"name\":\"Strony pracownik\u00f3w Wydzia\u0142u Informatyki Politechniki Bia\u0142ostockiej\",\"description\":\"\",\"potentialAction\":[{\"@type\":\"SearchAction\",\"target\":{\"@type\":\"EntryPoint\",\"urlTemplate\":\"https:\/\/wi.pb.edu.pl\/p\/?s={search_term_string}\"},\"query-input\":{\"@type\":\"PropertyValueSpecification\",\"valueRequired\":true,\"valueName\":\"search_term_string\"}}],\"inLanguage\":\"pl-PL\"}]}<\/script>\n<!-- \/ Yoast SEO plugin. -->","yoast_head_json":{"title":"Technologie baz danych - Strony pracownik\u00f3w Wydzia\u0142u Informatyki Politechniki Bia\u0142ostockiej","robots":{"index":"index","follow":"follow","max-snippet":"max-snippet:-1","max-image-preview":"max-image-preview:large","max-video-preview":"max-video-preview:-1"},"canonical":"https:\/\/wi.pb.edu.pl\/p\/joanna-goscik\/dydaktyka\/dydaktyka-semestr-zimowy-2013-2014\/technologie-baz-danych\/","og_locale":"pl_PL","og_type":"article","og_title":"Technologie baz danych - Strony pracownik\u00f3w Wydzia\u0142u Informatyki Politechniki Bia\u0142ostockiej","og_description":"S&nbsp;T&nbsp;U&nbsp;D&nbsp;I&nbsp;A&nbsp;&nbsp;S&nbsp;T&nbsp;A&nbsp;C&nbsp;J&nbsp;O&nbsp;N&nbsp;A&nbsp;R&nbsp;N&nbsp;E &nbsp;&#8211;&nbsp;normalizacja&nbsp;&#8211;&nbsp; 1 pdf &nbsp;&#8211;&nbsp;zapytania proste&nbsp;&#8211;&nbsp; 2 pdf &nbsp;&#8211;&nbsp;zapytania grupuj\u0105ce&nbsp;&#8211;&nbsp; 3 pdf &nbsp;&#8211;&nbsp;podzapytania&nbsp;&#8211;&nbsp; 4 pdfwi\u0119cej","og_url":"https:\/\/wi.pb.edu.pl\/p\/joanna-goscik\/dydaktyka\/dydaktyka-semestr-zimowy-2013-2014\/technologie-baz-danych\/","og_site_name":"Strony pracownik\u00f3w Wydzia\u0142u Informatyki Politechniki Bia\u0142ostockiej","article_modified_time":"2024-07-25T09:56:46+00:00","twitter_card":"summary_large_image","twitter_misc":{"Szacowany czas czytania":"1 minuta"},"schema":{"@context":"https:\/\/schema.org","@graph":[{"@type":"WebPage","@id":"https:\/\/wi.pb.edu.pl\/p\/joanna-goscik\/dydaktyka\/dydaktyka-semestr-zimowy-2013-2014\/technologie-baz-danych\/","url":"https:\/\/wi.pb.edu.pl\/p\/joanna-goscik\/dydaktyka\/dydaktyka-semestr-zimowy-2013-2014\/technologie-baz-danych\/","name":"Technologie baz danych - Strony pracownik\u00f3w Wydzia\u0142u Informatyki Politechniki Bia\u0142ostockiej","isPartOf":{"@id":"https:\/\/wi.pb.edu.pl\/p\/#website"},"datePublished":"2024-07-22T09:08:05+00:00","dateModified":"2024-07-25T09:56:46+00:00","breadcrumb":{"@id":"https:\/\/wi.pb.edu.pl\/p\/joanna-goscik\/dydaktyka\/dydaktyka-semestr-zimowy-2013-2014\/technologie-baz-danych\/#breadcrumb"},"inLanguage":"pl-PL","potentialAction":[{"@type":"ReadAction","target":["https:\/\/wi.pb.edu.pl\/p\/joanna-goscik\/dydaktyka\/dydaktyka-semestr-zimowy-2013-2014\/technologie-baz-danych\/"]}]},{"@type":"BreadcrumbList","@id":"https:\/\/wi.pb.edu.pl\/p\/joanna-goscik\/dydaktyka\/dydaktyka-semestr-zimowy-2013-2014\/technologie-baz-danych\/#breadcrumb","itemListElement":[{"@type":"ListItem","position":1,"name":"Strona g\u0142\u00f3wna","item":"https:\/\/wi.pb.edu.pl\/p\/"},{"@type":"ListItem","position":2,"name":"mgr in\u017c. Joanna Go\u015bcik","item":"https:\/\/wi.pb.edu.pl\/p\/joanna-goscik\/"},{"@type":"ListItem","position":3,"name":"Dydaktyka","item":"https:\/\/wi.pb.edu.pl\/p\/joanna-goscik\/dydaktyka\/"},{"@type":"ListItem","position":4,"name":"Dydaktyka semestr zimowy 2013\/2014","item":"https:\/\/wi.pb.edu.pl\/p\/joanna-goscik\/dydaktyka\/dydaktyka-semestr-zimowy-2013-2014\/"},{"@type":"ListItem","position":5,"name":"Technologie baz danych"}]},{"@type":"WebSite","@id":"https:\/\/wi.pb.edu.pl\/p\/#website","url":"https:\/\/wi.pb.edu.pl\/p\/","name":"Strony pracownik\u00f3w Wydzia\u0142u Informatyki Politechniki Bia\u0142ostockiej","description":"","potentialAction":[{"@type":"SearchAction","target":{"@type":"EntryPoint","urlTemplate":"https:\/\/wi.pb.edu.pl\/p\/?s={search_term_string}"},"query-input":{"@type":"PropertyValueSpecification","valueRequired":true,"valueName":"search_term_string"}}],"inLanguage":"pl-PL"}]}},"_links":{"self":[{"href":"https:\/\/wi.pb.edu.pl\/p\/wp-json\/wp\/v2\/pages\/1055","targetHints":{"allow":["GET"]}}],"collection":[{"href":"https:\/\/wi.pb.edu.pl\/p\/wp-json\/wp\/v2\/pages"}],"about":[{"href":"https:\/\/wi.pb.edu.pl\/p\/wp-json\/wp\/v2\/types\/page"}],"author":[{"embeddable":true,"href":"https:\/\/wi.pb.edu.pl\/p\/wp-json\/wp\/v2\/users\/14"}],"replies":[{"embeddable":true,"href":"https:\/\/wi.pb.edu.pl\/p\/wp-json\/wp\/v2\/comments?post=1055"}],"version-history":[{"count":3,"href":"https:\/\/wi.pb.edu.pl\/p\/wp-json\/wp\/v2\/pages\/1055\/revisions"}],"predecessor-version":[{"id":1544,"href":"https:\/\/wi.pb.edu.pl\/p\/wp-json\/wp\/v2\/pages\/1055\/revisions\/1544"}],"up":[{"embeddable":true,"href":"https:\/\/wi.pb.edu.pl\/p\/wp-json\/wp\/v2\/pages\/1024"}],"wp:attachment":[{"href":"https:\/\/wi.pb.edu.pl\/p\/wp-json\/wp\/v2\/media?parent=1055"}],"curies":[{"name":"wp","href":"https:\/\/api.w.org\/{rel}","templated":true}]}}