{"id":1088,"date":"2024-07-22T11:25:02","date_gmt":"2024-07-22T09:25:02","guid":{"rendered":"https:\/\/wi.pb.edu.pl\/p\/?page_id=1088"},"modified":"2024-09-17T10:38:38","modified_gmt":"2024-09-17T08:38:38","slug":"irena-bulatowa","status":"publish","type":"page","link":"https:\/\/wi.pb.edu.pl\/p\/irena-bulatowa\/","title":{"rendered":"dr in\u017c. Irena Bu\u0142atowa"},"content":{"rendered":"<p><b>Katedra Medi\u00f3w Cyfrowych i Grafiki Komputerowej<\/b><\/p>\n<p><b>Wydzia\u0142 Informatyki<\/b><\/p>\n<p><b>Politechnika Bia\u0142ostocka<\/b><\/p>\n<p>ul Wiejska 45A<\/p>\n<p>15-351&nbsp;Bia\u0142ystok<\/p>\n<p><b>&nbsp;<\/b><\/p>\n<p><b>pok\u00f3j&nbsp;133<\/b><\/p>\n<p>Tel. 085-746-91-62<\/p>\n<p>Adres e-mail:<\/p>\n<p><a href=\"mailto:irena@ii.pb.bialystok.pl\"><b>irena@ii.pb.bialystok.pl<\/b><\/a><\/p>\n<p>&nbsp;<\/p>\n<p>&nbsp;<\/p>\n<p>&nbsp;<\/p>\n<p><a title=\"Dydaktyka\" href=\"https:\/\/wi.pb.edu.pl\/p\/irena-bulatowa\/dydaktyka\/\">Dydaktyka<\/a><\/p>\n<p>&nbsp;<\/p>\n","protected":false},"excerpt":{"rendered":"<p>Katedra Medi\u00f3w Cyfrowych i Grafiki Komputerowej Wydzia\u0142 Informatyki Politechnika Bia\u0142ostocka ul Wiejska 45A 15-351&nbsp;Bia\u0142ystok &nbsp;<a class=\"read-more\" href=\"https:\/\/wi.pb.edu.pl\/p\/irena-bulatowa\/\" title=\"Poka\u017c artyku\u0142 dr in\u017c. Irena Bu\u0142atowa\">wi\u0119cej<\/a><\/p>\n","protected":false},"author":14,"featured_media":0,"parent":0,"menu_order":0,"comment_status":"closed","ping_status":"closed","template":"","meta":{"inline_featured_image":false,"ngg_post_thumbnail":0,"footnotes":""},"class_list":["post-1088","page","type-page","status-publish","hentry"],"acf":[],"yoast_head":"<!-- This site is optimized with the Yoast SEO plugin v26.4 - https:\/\/yoast.com\/wordpress\/plugins\/seo\/ -->\n<title>dr in\u017c. Irena Bu\u0142atowa - Strony pracownik\u00f3w Wydzia\u0142u Informatyki Politechniki Bia\u0142ostockiej<\/title>\n<meta name=\"robots\" content=\"index, follow, max-snippet:-1, max-image-preview:large, max-video-preview:-1\" \/>\n<link rel=\"canonical\" href=\"https:\/\/wi.pb.edu.pl\/p\/irena-bulatowa\/\" \/>\n<meta property=\"og:locale\" content=\"pl_PL\" \/>\n<meta property=\"og:type\" content=\"article\" \/>\n<meta property=\"og:title\" content=\"dr in\u017c. Irena Bu\u0142atowa - Strony pracownik\u00f3w Wydzia\u0142u Informatyki Politechniki Bia\u0142ostockiej\" \/>\n<meta property=\"og:description\" content=\"Katedra Medi\u00f3w Cyfrowych i Grafiki Komputerowej Wydzia\u0142 Informatyki Politechnika Bia\u0142ostocka ul Wiejska 45A 15-351&nbsp;Bia\u0142ystok &nbsp;wi\u0119cej\" \/>\n<meta property=\"og:url\" content=\"https:\/\/wi.pb.edu.pl\/p\/irena-bulatowa\/\" \/>\n<meta property=\"og:site_name\" content=\"Strony pracownik\u00f3w Wydzia\u0142u Informatyki Politechniki Bia\u0142ostockiej\" \/>\n<meta property=\"article:modified_time\" content=\"2024-09-17T08:38:38+00:00\" \/>\n<meta name=\"twitter:card\" content=\"summary_large_image\" \/>\n<meta name=\"twitter:label1\" content=\"Szacowany czas czytania\" \/>\n\t<meta name=\"twitter:data1\" content=\"1 minuta\" \/>\n<script type=\"application\/ld+json\" class=\"yoast-schema-graph\">{\"@context\":\"https:\/\/schema.org\",\"@graph\":[{\"@type\":\"WebPage\",\"@id\":\"https:\/\/wi.pb.edu.pl\/p\/irena-bulatowa\/\",\"url\":\"https:\/\/wi.pb.edu.pl\/p\/irena-bulatowa\/\",\"name\":\"dr in\u017c. Irena Bu\u0142atowa - Strony pracownik\u00f3w Wydzia\u0142u Informatyki Politechniki Bia\u0142ostockiej\",\"isPartOf\":{\"@id\":\"https:\/\/wi.pb.edu.pl\/p\/#website\"},\"datePublished\":\"2024-07-22T09:25:02+00:00\",\"dateModified\":\"2024-09-17T08:38:38+00:00\",\"breadcrumb\":{\"@id\":\"https:\/\/wi.pb.edu.pl\/p\/irena-bulatowa\/#breadcrumb\"},\"inLanguage\":\"pl-PL\",\"potentialAction\":[{\"@type\":\"ReadAction\",\"target\":[\"https:\/\/wi.pb.edu.pl\/p\/irena-bulatowa\/\"]}]},{\"@type\":\"BreadcrumbList\",\"@id\":\"https:\/\/wi.pb.edu.pl\/p\/irena-bulatowa\/#breadcrumb\",\"itemListElement\":[{\"@type\":\"ListItem\",\"position\":1,\"name\":\"Strona g\u0142\u00f3wna\",\"item\":\"https:\/\/wi.pb.edu.pl\/p\/\"},{\"@type\":\"ListItem\",\"position\":2,\"name\":\"dr in\u017c. Irena Bu\u0142atowa\"}]},{\"@type\":\"WebSite\",\"@id\":\"https:\/\/wi.pb.edu.pl\/p\/#website\",\"url\":\"https:\/\/wi.pb.edu.pl\/p\/\",\"name\":\"Strony pracownik\u00f3w Wydzia\u0142u Informatyki Politechniki Bia\u0142ostockiej\",\"description\":\"\",\"potentialAction\":[{\"@type\":\"SearchAction\",\"target\":{\"@type\":\"EntryPoint\",\"urlTemplate\":\"https:\/\/wi.pb.edu.pl\/p\/?s={search_term_string}\"},\"query-input\":{\"@type\":\"PropertyValueSpecification\",\"valueRequired\":true,\"valueName\":\"search_term_string\"}}],\"inLanguage\":\"pl-PL\"}]}<\/script>\n<!-- \/ Yoast SEO plugin. -->","yoast_head_json":{"title":"dr in\u017c. Irena Bu\u0142atowa - Strony pracownik\u00f3w Wydzia\u0142u Informatyki Politechniki Bia\u0142ostockiej","robots":{"index":"index","follow":"follow","max-snippet":"max-snippet:-1","max-image-preview":"max-image-preview:large","max-video-preview":"max-video-preview:-1"},"canonical":"https:\/\/wi.pb.edu.pl\/p\/irena-bulatowa\/","og_locale":"pl_PL","og_type":"article","og_title":"dr in\u017c. Irena Bu\u0142atowa - Strony pracownik\u00f3w Wydzia\u0142u Informatyki Politechniki Bia\u0142ostockiej","og_description":"Katedra Medi\u00f3w Cyfrowych i Grafiki Komputerowej Wydzia\u0142 Informatyki Politechnika Bia\u0142ostocka ul Wiejska 45A 15-351&nbsp;Bia\u0142ystok &nbsp;wi\u0119cej","og_url":"https:\/\/wi.pb.edu.pl\/p\/irena-bulatowa\/","og_site_name":"Strony pracownik\u00f3w Wydzia\u0142u Informatyki Politechniki Bia\u0142ostockiej","article_modified_time":"2024-09-17T08:38:38+00:00","twitter_card":"summary_large_image","twitter_misc":{"Szacowany czas czytania":"1 minuta"},"schema":{"@context":"https:\/\/schema.org","@graph":[{"@type":"WebPage","@id":"https:\/\/wi.pb.edu.pl\/p\/irena-bulatowa\/","url":"https:\/\/wi.pb.edu.pl\/p\/irena-bulatowa\/","name":"dr in\u017c. Irena Bu\u0142atowa - Strony pracownik\u00f3w Wydzia\u0142u Informatyki Politechniki Bia\u0142ostockiej","isPartOf":{"@id":"https:\/\/wi.pb.edu.pl\/p\/#website"},"datePublished":"2024-07-22T09:25:02+00:00","dateModified":"2024-09-17T08:38:38+00:00","breadcrumb":{"@id":"https:\/\/wi.pb.edu.pl\/p\/irena-bulatowa\/#breadcrumb"},"inLanguage":"pl-PL","potentialAction":[{"@type":"ReadAction","target":["https:\/\/wi.pb.edu.pl\/p\/irena-bulatowa\/"]}]},{"@type":"BreadcrumbList","@id":"https:\/\/wi.pb.edu.pl\/p\/irena-bulatowa\/#breadcrumb","itemListElement":[{"@type":"ListItem","position":1,"name":"Strona g\u0142\u00f3wna","item":"https:\/\/wi.pb.edu.pl\/p\/"},{"@type":"ListItem","position":2,"name":"dr in\u017c. Irena Bu\u0142atowa"}]},{"@type":"WebSite","@id":"https:\/\/wi.pb.edu.pl\/p\/#website","url":"https:\/\/wi.pb.edu.pl\/p\/","name":"Strony pracownik\u00f3w Wydzia\u0142u Informatyki Politechniki Bia\u0142ostockiej","description":"","potentialAction":[{"@type":"SearchAction","target":{"@type":"EntryPoint","urlTemplate":"https:\/\/wi.pb.edu.pl\/p\/?s={search_term_string}"},"query-input":{"@type":"PropertyValueSpecification","valueRequired":true,"valueName":"search_term_string"}}],"inLanguage":"pl-PL"}]}},"_links":{"self":[{"href":"https:\/\/wi.pb.edu.pl\/p\/wp-json\/wp\/v2\/pages\/1088","targetHints":{"allow":["GET"]}}],"collection":[{"href":"https:\/\/wi.pb.edu.pl\/p\/wp-json\/wp\/v2\/pages"}],"about":[{"href":"https:\/\/wi.pb.edu.pl\/p\/wp-json\/wp\/v2\/types\/page"}],"author":[{"embeddable":true,"href":"https:\/\/wi.pb.edu.pl\/p\/wp-json\/wp\/v2\/users\/14"}],"replies":[{"embeddable":true,"href":"https:\/\/wi.pb.edu.pl\/p\/wp-json\/wp\/v2\/comments?post=1088"}],"version-history":[{"count":4,"href":"https:\/\/wi.pb.edu.pl\/p\/wp-json\/wp\/v2\/pages\/1088\/revisions"}],"predecessor-version":[{"id":1887,"href":"https:\/\/wi.pb.edu.pl\/p\/wp-json\/wp\/v2\/pages\/1088\/revisions\/1887"}],"wp:attachment":[{"href":"https:\/\/wi.pb.edu.pl\/p\/wp-json\/wp\/v2\/media?parent=1088"}],"curies":[{"name":"wp","href":"https:\/\/api.w.org\/{rel}","templated":true}]}}