{"id":1091,"date":"2024-07-22T11:29:24","date_gmt":"2024-07-22T09:29:24","guid":{"rendered":"https:\/\/wi.pb.edu.pl\/p\/?page_id=1091"},"modified":"2024-07-22T11:34:31","modified_gmt":"2024-07-22T09:34:31","slug":"dydaktyka","status":"publish","type":"page","link":"https:\/\/wi.pb.edu.pl\/p\/irena-bulatowa\/dydaktyka\/","title":{"rendered":"Dydaktyka"},"content":{"rendered":"<ul>\n<li>Wprowadzenie do informatyki<\/li>\n<li><a title=\"ASK\" href=\"https:\/\/wi.pb.edu.pl\/p\/katedra-mediow-cyfrowych-i-grafiki-komputerowej\/dr-inz-irena-bulatowa\/dydaktyka\/ask\/\">Architektura system\u00f3w komputerowych<\/a><\/li>\n<li>Programowanie niskopoziomowe (Asembler)<\/li>\n<li><a title=\"Mikrokontrolery\" href=\"https:\/\/wi.pb.edu.pl\/p\/katedra-mediow-cyfrowych-i-grafiki-komputerowej\/dr-inz-irena-bulatowa\/dydaktyka\/mikrokontrolery\/\">Mikrokontrolery w systemach wbudowanych<\/a><\/li>\n<li>Interfejsy komunikacyjne<\/li>\n<\/ul>\n","protected":false},"excerpt":{"rendered":"<p>Wprowadzenie do informatyki Architektura system\u00f3w komputerowych Programowanie niskopoziomowe (Asembler) Mikrokontrolery w systemach wbudowanych Interfejsy komunikacyjne<\/p>\n","protected":false},"author":14,"featured_media":0,"parent":1088,"menu_order":0,"comment_status":"closed","ping_status":"closed","template":"","meta":{"inline_featured_image":false,"ngg_post_thumbnail":0,"footnotes":""},"class_list":["post-1091","page","type-page","status-publish","hentry"],"acf":[],"yoast_head":"<!-- This site is optimized with the Yoast SEO plugin v26.4 - https:\/\/yoast.com\/wordpress\/plugins\/seo\/ -->\n<title>Dydaktyka - Strony pracownik\u00f3w Wydzia\u0142u Informatyki Politechniki Bia\u0142ostockiej<\/title>\n<meta name=\"robots\" content=\"index, follow, max-snippet:-1, max-image-preview:large, max-video-preview:-1\" \/>\n<link rel=\"canonical\" href=\"https:\/\/wi.pb.edu.pl\/p\/irena-bulatowa\/dydaktyka\/\" \/>\n<meta property=\"og:locale\" content=\"pl_PL\" \/>\n<meta property=\"og:type\" content=\"article\" \/>\n<meta property=\"og:title\" content=\"Dydaktyka - Strony pracownik\u00f3w Wydzia\u0142u Informatyki Politechniki Bia\u0142ostockiej\" \/>\n<meta property=\"og:description\" content=\"Wprowadzenie do informatyki Architektura system\u00f3w komputerowych Programowanie niskopoziomowe (Asembler) Mikrokontrolery w systemach wbudowanych Interfejsy komunikacyjne\" \/>\n<meta property=\"og:url\" content=\"https:\/\/wi.pb.edu.pl\/p\/irena-bulatowa\/dydaktyka\/\" \/>\n<meta property=\"og:site_name\" content=\"Strony pracownik\u00f3w Wydzia\u0142u Informatyki Politechniki Bia\u0142ostockiej\" \/>\n<meta property=\"article:modified_time\" content=\"2024-07-22T09:34:31+00:00\" \/>\n<meta name=\"twitter:card\" content=\"summary_large_image\" \/>\n<meta name=\"twitter:label1\" content=\"Szacowany czas czytania\" \/>\n\t<meta name=\"twitter:data1\" content=\"1 minuta\" \/>\n<script type=\"application\/ld+json\" class=\"yoast-schema-graph\">{\"@context\":\"https:\/\/schema.org\",\"@graph\":[{\"@type\":\"WebPage\",\"@id\":\"https:\/\/wi.pb.edu.pl\/p\/irena-bulatowa\/dydaktyka\/\",\"url\":\"https:\/\/wi.pb.edu.pl\/p\/irena-bulatowa\/dydaktyka\/\",\"name\":\"Dydaktyka - Strony pracownik\u00f3w Wydzia\u0142u Informatyki Politechniki Bia\u0142ostockiej\",\"isPartOf\":{\"@id\":\"https:\/\/wi.pb.edu.pl\/p\/#website\"},\"datePublished\":\"2024-07-22T09:29:24+00:00\",\"dateModified\":\"2024-07-22T09:34:31+00:00\",\"breadcrumb\":{\"@id\":\"https:\/\/wi.pb.edu.pl\/p\/irena-bulatowa\/dydaktyka\/#breadcrumb\"},\"inLanguage\":\"pl-PL\",\"potentialAction\":[{\"@type\":\"ReadAction\",\"target\":[\"https:\/\/wi.pb.edu.pl\/p\/irena-bulatowa\/dydaktyka\/\"]}]},{\"@type\":\"BreadcrumbList\",\"@id\":\"https:\/\/wi.pb.edu.pl\/p\/irena-bulatowa\/dydaktyka\/#breadcrumb\",\"itemListElement\":[{\"@type\":\"ListItem\",\"position\":1,\"name\":\"Strona g\u0142\u00f3wna\",\"item\":\"https:\/\/wi.pb.edu.pl\/p\/\"},{\"@type\":\"ListItem\",\"position\":2,\"name\":\"dr in\u017c. Irena Bu\u0142atowa\",\"item\":\"https:\/\/wi.pb.edu.pl\/p\/irena-bulatowa\/\"},{\"@type\":\"ListItem\",\"position\":3,\"name\":\"Dydaktyka\"}]},{\"@type\":\"WebSite\",\"@id\":\"https:\/\/wi.pb.edu.pl\/p\/#website\",\"url\":\"https:\/\/wi.pb.edu.pl\/p\/\",\"name\":\"Strony pracownik\u00f3w Wydzia\u0142u Informatyki Politechniki Bia\u0142ostockiej\",\"description\":\"\",\"potentialAction\":[{\"@type\":\"SearchAction\",\"target\":{\"@type\":\"EntryPoint\",\"urlTemplate\":\"https:\/\/wi.pb.edu.pl\/p\/?s={search_term_string}\"},\"query-input\":{\"@type\":\"PropertyValueSpecification\",\"valueRequired\":true,\"valueName\":\"search_term_string\"}}],\"inLanguage\":\"pl-PL\"}]}<\/script>\n<!-- \/ Yoast SEO plugin. -->","yoast_head_json":{"title":"Dydaktyka - Strony pracownik\u00f3w Wydzia\u0142u Informatyki Politechniki Bia\u0142ostockiej","robots":{"index":"index","follow":"follow","max-snippet":"max-snippet:-1","max-image-preview":"max-image-preview:large","max-video-preview":"max-video-preview:-1"},"canonical":"https:\/\/wi.pb.edu.pl\/p\/irena-bulatowa\/dydaktyka\/","og_locale":"pl_PL","og_type":"article","og_title":"Dydaktyka - Strony pracownik\u00f3w Wydzia\u0142u Informatyki Politechniki Bia\u0142ostockiej","og_description":"Wprowadzenie do informatyki Architektura system\u00f3w komputerowych Programowanie niskopoziomowe (Asembler) Mikrokontrolery w systemach wbudowanych Interfejsy komunikacyjne","og_url":"https:\/\/wi.pb.edu.pl\/p\/irena-bulatowa\/dydaktyka\/","og_site_name":"Strony pracownik\u00f3w Wydzia\u0142u Informatyki Politechniki Bia\u0142ostockiej","article_modified_time":"2024-07-22T09:34:31+00:00","twitter_card":"summary_large_image","twitter_misc":{"Szacowany czas czytania":"1 minuta"},"schema":{"@context":"https:\/\/schema.org","@graph":[{"@type":"WebPage","@id":"https:\/\/wi.pb.edu.pl\/p\/irena-bulatowa\/dydaktyka\/","url":"https:\/\/wi.pb.edu.pl\/p\/irena-bulatowa\/dydaktyka\/","name":"Dydaktyka - Strony pracownik\u00f3w Wydzia\u0142u Informatyki Politechniki Bia\u0142ostockiej","isPartOf":{"@id":"https:\/\/wi.pb.edu.pl\/p\/#website"},"datePublished":"2024-07-22T09:29:24+00:00","dateModified":"2024-07-22T09:34:31+00:00","breadcrumb":{"@id":"https:\/\/wi.pb.edu.pl\/p\/irena-bulatowa\/dydaktyka\/#breadcrumb"},"inLanguage":"pl-PL","potentialAction":[{"@type":"ReadAction","target":["https:\/\/wi.pb.edu.pl\/p\/irena-bulatowa\/dydaktyka\/"]}]},{"@type":"BreadcrumbList","@id":"https:\/\/wi.pb.edu.pl\/p\/irena-bulatowa\/dydaktyka\/#breadcrumb","itemListElement":[{"@type":"ListItem","position":1,"name":"Strona g\u0142\u00f3wna","item":"https:\/\/wi.pb.edu.pl\/p\/"},{"@type":"ListItem","position":2,"name":"dr in\u017c. Irena Bu\u0142atowa","item":"https:\/\/wi.pb.edu.pl\/p\/irena-bulatowa\/"},{"@type":"ListItem","position":3,"name":"Dydaktyka"}]},{"@type":"WebSite","@id":"https:\/\/wi.pb.edu.pl\/p\/#website","url":"https:\/\/wi.pb.edu.pl\/p\/","name":"Strony pracownik\u00f3w Wydzia\u0142u Informatyki Politechniki Bia\u0142ostockiej","description":"","potentialAction":[{"@type":"SearchAction","target":{"@type":"EntryPoint","urlTemplate":"https:\/\/wi.pb.edu.pl\/p\/?s={search_term_string}"},"query-input":{"@type":"PropertyValueSpecification","valueRequired":true,"valueName":"search_term_string"}}],"inLanguage":"pl-PL"}]}},"_links":{"self":[{"href":"https:\/\/wi.pb.edu.pl\/p\/wp-json\/wp\/v2\/pages\/1091","targetHints":{"allow":["GET"]}}],"collection":[{"href":"https:\/\/wi.pb.edu.pl\/p\/wp-json\/wp\/v2\/pages"}],"about":[{"href":"https:\/\/wi.pb.edu.pl\/p\/wp-json\/wp\/v2\/types\/page"}],"author":[{"embeddable":true,"href":"https:\/\/wi.pb.edu.pl\/p\/wp-json\/wp\/v2\/users\/14"}],"replies":[{"embeddable":true,"href":"https:\/\/wi.pb.edu.pl\/p\/wp-json\/wp\/v2\/comments?post=1091"}],"version-history":[{"count":3,"href":"https:\/\/wi.pb.edu.pl\/p\/wp-json\/wp\/v2\/pages\/1091\/revisions"}],"predecessor-version":[{"id":1098,"href":"https:\/\/wi.pb.edu.pl\/p\/wp-json\/wp\/v2\/pages\/1091\/revisions\/1098"}],"up":[{"embeddable":true,"href":"https:\/\/wi.pb.edu.pl\/p\/wp-json\/wp\/v2\/pages\/1088"}],"wp:attachment":[{"href":"https:\/\/wi.pb.edu.pl\/p\/wp-json\/wp\/v2\/media?parent=1091"}],"curies":[{"name":"wp","href":"https:\/\/api.w.org\/{rel}","templated":true}]}}