{"id":1094,"date":"2024-07-22T11:32:57","date_gmt":"2024-07-22T09:32:57","guid":{"rendered":"https:\/\/wi.pb.edu.pl\/p\/?page_id=1094"},"modified":"2024-07-22T11:32:57","modified_gmt":"2024-07-22T09:32:57","slug":"ask","status":"publish","type":"page","link":"https:\/\/wi.pb.edu.pl\/p\/irena-bulatowa\/dydaktyka\/ask\/","title":{"rendered":"ASK"},"content":{"rendered":"<p>Definicja poj\u0119cia architektury i&nbsp; organizacji. Hierarchiczne przedstawienie systemu komputerowego. Model architektury Von-Neumanna. Architektura&nbsp; harwardzka. Klasyfikacja Flynna system\u00f3w komputerowych.<\/p>\n<p>Systemy&nbsp; magistral. Klasyfikacja&nbsp;magistral.&nbsp; Synchroniczna i asynchroniczna realizacja protolo\u0142\u00f3w transmisji na magistrali. Sposoby&nbsp; realizacji i algorytmy arbitra\u017cu. Architektura ISA (EISA).&nbsp; Architektura Vesa Local Bus. Architektura PCI. Architektura DIB. Architektura&nbsp; QPA. Port&nbsp;AGP.&nbsp; Architektura koncentrator\u00f3w (AHA). Architektura oparta na magistrali PCI Express.<\/p>\n<p>Organizacja pami\u0119ci.&nbsp; Klasyfikacja i podstawowe charakterystyki system\u00f3w pami\u0119ci. Hierarchia pami\u0119ci.&nbsp; Typy pami\u0119ci o dost\u0119pie swobodnym.<\/p>\n<p>Pami\u0119ci dynamiczne. Kontroler pami\u0119ci dynamicznej. Sekwencja&nbsp; adresowania kom\u00f3rek pami\u0119ci dynamicznej. Organizacja pami\u0119ci DRAM. Pami\u0119\u0107&nbsp; dynamiczna z przeplotem.<\/p>\n<p>Sposoby zwi\u0119kszenia wydajno\u015bci pami\u0119ci dynamicznych. Tryb&nbsp; stronicowy. Szybki tryb stronicowy. Tryb statycznej kolumny. Tryb pakietowy.&nbsp; Szybki tryb stronicowy z rozszerzonym wyprowadzeniem danych (EDO RAM). Tryb&nbsp; pakietowy EDO (BEDO RAM).\u00c2&nbsp; Potokowy tryb pakietowy EDO (PBEDO RAM). Dynamiczne&nbsp; pami\u0119ci synchroniczne. Synchroniczne pami\u0119ci DDR i VCM. Pami\u0119ci dynamiczne z&nbsp; protoko\u0142em komunikacji (Rambus, Synclink). Protok\u00f3\u0142 Ramlink. Modu\u0142owa organizacja pami\u0119ci.&nbsp; Pami\u0119ci statyczne.<\/p>\n<p>Pami\u0119\u0107 podr\u0119czna. Zasada lokalno\u015bci przestrzennej i czasowej.&nbsp; Wsp\u00f3\u0142czynnik trafie\u0144. Typy organizacji pami\u0119ci podr\u0119cznych. Ca\u0142kowicie&nbsp; asocjacyjna pami\u0119\u0107 podr\u0119czna. Pami\u0119\u0107 podr\u0119czna z odwzorowaniem bezpo\u015brednim.&nbsp; Pami\u0119\u0107 podr\u0119czna ze zbiorowym odwzorowaniem asocjacyjnym. Algorytmy wymiany&nbsp; zawarto\u015bci pami\u0119ci podr\u0119cznej. Strategie zapisu. Zachowanie sp\u00f3jno\u015bci&nbsp; wielopoziomowego systemu pami\u0119ci. Model MESI. Wsp\u00f3lne i oddzielne pami\u0119ci&nbsp; podr\u0119czne. Topologie&nbsp; pamieci podrecznych look-througth, look-aside, back-side. Advanced Transfer Cache. Pami\u0119\u0107 podr\u0119czna Trace&nbsp; Cache.<\/p>\n<p>Struktura i funkcje bloku CPU.&nbsp; Potokowe przetwarzanie rozkaz\u00f3w. Wst\u0119pne pobranie rozkaz\u00f3w. Superpotokowo\u015b\u0107.&nbsp; Mechanizmy wspomagania realizacji wielozadaniowych system\u00f3w operacyjnych.&nbsp; Sposoby zarz\u0105dzania pami\u0119ci\u0105 w systemie wielozadaniowym. Segmentacja.&nbsp; Stronicowanie. Mechanizmy ochrony zada\u0144 i danych. Prze\u0142\u0105czenie zadan. Pami\u0119\u0107&nbsp; wirtualna. Prognozowanie wykonania rozkaz\u00f3w skok\u00f3w. Prognoza statyczna i&nbsp; dynamiczna. Struktura bufor\u00f3w BPB, BTB.<\/p>\n<p>Superskalarno\u015b\u0107. Podstawowe ograniczenia i zale\u017cno\u015bci. Sposoby zwi\u0119kszenia stopnia r\u00f3wnoleg\u0142o\u015bci przetwarzania w architekturach superskalarnych. Architektura P6. Dynamiczne wykonywanie&nbsp; rozkaz\u00f3w. Analiza przep\u0142ywu danych. Wykonanie rozkaz\u00f3w poza&nbsp; kolejno\u015b\u0107i\u0105.&nbsp;Spekulatywne wykonanie.&nbsp; Przemianowanie rejestr\u00f3w.&nbsp; Architektura NetBurst. Hyperpotokowo\u015b\u0107. Advanced Dynamic Execution.&nbsp;<\/p>\n<p>Architektury z redukowan\u0105 list\u0105 rozkaz\u00f3w (RISC). Podstawowe&nbsp; cechy architektur RISC i CISC. Architektura VLIW. Zapewnienie r\u00f3wnoleg\u0142osci na&nbsp; poziomie kompilatora. Architektura IA-64.<\/p>\n","protected":false},"excerpt":{"rendered":"<p>Definicja poj\u0119cia architektury i&nbsp; organizacji. Hierarchiczne przedstawienie systemu komputerowego. Model architektury Von-Neumanna. Architektura&nbsp; harwardzka. Klasyfikacja<a class=\"read-more\" href=\"https:\/\/wi.pb.edu.pl\/p\/irena-bulatowa\/dydaktyka\/ask\/\" title=\"Poka\u017c artyku\u0142 ASK\">wi\u0119cej<\/a><\/p>\n","protected":false},"author":14,"featured_media":0,"parent":1091,"menu_order":0,"comment_status":"closed","ping_status":"closed","template":"","meta":{"inline_featured_image":false,"ngg_post_thumbnail":0,"footnotes":""},"class_list":["post-1094","page","type-page","status-publish","hentry"],"acf":[],"yoast_head":"<!-- This site is optimized with the Yoast SEO plugin v26.4 - https:\/\/yoast.com\/wordpress\/plugins\/seo\/ -->\n<title>ASK - Strony pracownik\u00f3w Wydzia\u0142u Informatyki Politechniki Bia\u0142ostockiej<\/title>\n<meta name=\"robots\" content=\"index, follow, max-snippet:-1, max-image-preview:large, max-video-preview:-1\" \/>\n<link rel=\"canonical\" href=\"https:\/\/wi.pb.edu.pl\/p\/irena-bulatowa\/dydaktyka\/ask\/\" \/>\n<meta property=\"og:locale\" content=\"pl_PL\" \/>\n<meta property=\"og:type\" content=\"article\" \/>\n<meta property=\"og:title\" content=\"ASK - Strony pracownik\u00f3w Wydzia\u0142u Informatyki Politechniki Bia\u0142ostockiej\" \/>\n<meta property=\"og:description\" content=\"Definicja poj\u0119cia architektury i&nbsp; organizacji. Hierarchiczne przedstawienie systemu komputerowego. Model architektury Von-Neumanna. Architektura&nbsp; harwardzka. Klasyfikacjawi\u0119cej\" \/>\n<meta property=\"og:url\" content=\"https:\/\/wi.pb.edu.pl\/p\/irena-bulatowa\/dydaktyka\/ask\/\" \/>\n<meta property=\"og:site_name\" content=\"Strony pracownik\u00f3w Wydzia\u0142u Informatyki Politechniki Bia\u0142ostockiej\" \/>\n<meta name=\"twitter:card\" content=\"summary_large_image\" \/>\n<meta name=\"twitter:label1\" content=\"Szacowany czas czytania\" \/>\n\t<meta name=\"twitter:data1\" content=\"2 minuty\" \/>\n<script type=\"application\/ld+json\" class=\"yoast-schema-graph\">{\"@context\":\"https:\/\/schema.org\",\"@graph\":[{\"@type\":\"WebPage\",\"@id\":\"https:\/\/wi.pb.edu.pl\/p\/irena-bulatowa\/dydaktyka\/ask\/\",\"url\":\"https:\/\/wi.pb.edu.pl\/p\/irena-bulatowa\/dydaktyka\/ask\/\",\"name\":\"ASK - Strony pracownik\u00f3w Wydzia\u0142u Informatyki Politechniki Bia\u0142ostockiej\",\"isPartOf\":{\"@id\":\"https:\/\/wi.pb.edu.pl\/p\/#website\"},\"datePublished\":\"2024-07-22T09:32:57+00:00\",\"breadcrumb\":{\"@id\":\"https:\/\/wi.pb.edu.pl\/p\/irena-bulatowa\/dydaktyka\/ask\/#breadcrumb\"},\"inLanguage\":\"pl-PL\",\"potentialAction\":[{\"@type\":\"ReadAction\",\"target\":[\"https:\/\/wi.pb.edu.pl\/p\/irena-bulatowa\/dydaktyka\/ask\/\"]}]},{\"@type\":\"BreadcrumbList\",\"@id\":\"https:\/\/wi.pb.edu.pl\/p\/irena-bulatowa\/dydaktyka\/ask\/#breadcrumb\",\"itemListElement\":[{\"@type\":\"ListItem\",\"position\":1,\"name\":\"Strona g\u0142\u00f3wna\",\"item\":\"https:\/\/wi.pb.edu.pl\/p\/\"},{\"@type\":\"ListItem\",\"position\":2,\"name\":\"dr in\u017c. Irena Bu\u0142atowa\",\"item\":\"https:\/\/wi.pb.edu.pl\/p\/irena-bulatowa\/\"},{\"@type\":\"ListItem\",\"position\":3,\"name\":\"Dydaktyka\",\"item\":\"https:\/\/wi.pb.edu.pl\/p\/irena-bulatowa\/dydaktyka\/\"},{\"@type\":\"ListItem\",\"position\":4,\"name\":\"ASK\"}]},{\"@type\":\"WebSite\",\"@id\":\"https:\/\/wi.pb.edu.pl\/p\/#website\",\"url\":\"https:\/\/wi.pb.edu.pl\/p\/\",\"name\":\"Strony pracownik\u00f3w Wydzia\u0142u Informatyki Politechniki Bia\u0142ostockiej\",\"description\":\"\",\"potentialAction\":[{\"@type\":\"SearchAction\",\"target\":{\"@type\":\"EntryPoint\",\"urlTemplate\":\"https:\/\/wi.pb.edu.pl\/p\/?s={search_term_string}\"},\"query-input\":{\"@type\":\"PropertyValueSpecification\",\"valueRequired\":true,\"valueName\":\"search_term_string\"}}],\"inLanguage\":\"pl-PL\"}]}<\/script>\n<!-- \/ Yoast SEO plugin. -->","yoast_head_json":{"title":"ASK - Strony pracownik\u00f3w Wydzia\u0142u Informatyki Politechniki Bia\u0142ostockiej","robots":{"index":"index","follow":"follow","max-snippet":"max-snippet:-1","max-image-preview":"max-image-preview:large","max-video-preview":"max-video-preview:-1"},"canonical":"https:\/\/wi.pb.edu.pl\/p\/irena-bulatowa\/dydaktyka\/ask\/","og_locale":"pl_PL","og_type":"article","og_title":"ASK - Strony pracownik\u00f3w Wydzia\u0142u Informatyki Politechniki Bia\u0142ostockiej","og_description":"Definicja poj\u0119cia architektury i&nbsp; organizacji. Hierarchiczne przedstawienie systemu komputerowego. Model architektury Von-Neumanna. Architektura&nbsp; harwardzka. Klasyfikacjawi\u0119cej","og_url":"https:\/\/wi.pb.edu.pl\/p\/irena-bulatowa\/dydaktyka\/ask\/","og_site_name":"Strony pracownik\u00f3w Wydzia\u0142u Informatyki Politechniki Bia\u0142ostockiej","twitter_card":"summary_large_image","twitter_misc":{"Szacowany czas czytania":"2 minuty"},"schema":{"@context":"https:\/\/schema.org","@graph":[{"@type":"WebPage","@id":"https:\/\/wi.pb.edu.pl\/p\/irena-bulatowa\/dydaktyka\/ask\/","url":"https:\/\/wi.pb.edu.pl\/p\/irena-bulatowa\/dydaktyka\/ask\/","name":"ASK - Strony pracownik\u00f3w Wydzia\u0142u Informatyki Politechniki Bia\u0142ostockiej","isPartOf":{"@id":"https:\/\/wi.pb.edu.pl\/p\/#website"},"datePublished":"2024-07-22T09:32:57+00:00","breadcrumb":{"@id":"https:\/\/wi.pb.edu.pl\/p\/irena-bulatowa\/dydaktyka\/ask\/#breadcrumb"},"inLanguage":"pl-PL","potentialAction":[{"@type":"ReadAction","target":["https:\/\/wi.pb.edu.pl\/p\/irena-bulatowa\/dydaktyka\/ask\/"]}]},{"@type":"BreadcrumbList","@id":"https:\/\/wi.pb.edu.pl\/p\/irena-bulatowa\/dydaktyka\/ask\/#breadcrumb","itemListElement":[{"@type":"ListItem","position":1,"name":"Strona g\u0142\u00f3wna","item":"https:\/\/wi.pb.edu.pl\/p\/"},{"@type":"ListItem","position":2,"name":"dr in\u017c. Irena Bu\u0142atowa","item":"https:\/\/wi.pb.edu.pl\/p\/irena-bulatowa\/"},{"@type":"ListItem","position":3,"name":"Dydaktyka","item":"https:\/\/wi.pb.edu.pl\/p\/irena-bulatowa\/dydaktyka\/"},{"@type":"ListItem","position":4,"name":"ASK"}]},{"@type":"WebSite","@id":"https:\/\/wi.pb.edu.pl\/p\/#website","url":"https:\/\/wi.pb.edu.pl\/p\/","name":"Strony pracownik\u00f3w Wydzia\u0142u Informatyki Politechniki Bia\u0142ostockiej","description":"","potentialAction":[{"@type":"SearchAction","target":{"@type":"EntryPoint","urlTemplate":"https:\/\/wi.pb.edu.pl\/p\/?s={search_term_string}"},"query-input":{"@type":"PropertyValueSpecification","valueRequired":true,"valueName":"search_term_string"}}],"inLanguage":"pl-PL"}]}},"_links":{"self":[{"href":"https:\/\/wi.pb.edu.pl\/p\/wp-json\/wp\/v2\/pages\/1094","targetHints":{"allow":["GET"]}}],"collection":[{"href":"https:\/\/wi.pb.edu.pl\/p\/wp-json\/wp\/v2\/pages"}],"about":[{"href":"https:\/\/wi.pb.edu.pl\/p\/wp-json\/wp\/v2\/types\/page"}],"author":[{"embeddable":true,"href":"https:\/\/wi.pb.edu.pl\/p\/wp-json\/wp\/v2\/users\/14"}],"replies":[{"embeddable":true,"href":"https:\/\/wi.pb.edu.pl\/p\/wp-json\/wp\/v2\/comments?post=1094"}],"version-history":[{"count":1,"href":"https:\/\/wi.pb.edu.pl\/p\/wp-json\/wp\/v2\/pages\/1094\/revisions"}],"predecessor-version":[{"id":1095,"href":"https:\/\/wi.pb.edu.pl\/p\/wp-json\/wp\/v2\/pages\/1094\/revisions\/1095"}],"up":[{"embeddable":true,"href":"https:\/\/wi.pb.edu.pl\/p\/wp-json\/wp\/v2\/pages\/1091"}],"wp:attachment":[{"href":"https:\/\/wi.pb.edu.pl\/p\/wp-json\/wp\/v2\/media?parent=1094"}],"curies":[{"name":"wp","href":"https:\/\/api.w.org\/{rel}","templated":true}]}}