{"id":1096,"date":"2024-07-22T11:33:55","date_gmt":"2024-07-22T09:33:55","guid":{"rendered":"https:\/\/wi.pb.edu.pl\/p\/?page_id=1096"},"modified":"2024-07-22T11:33:55","modified_gmt":"2024-07-22T09:33:55","slug":"mikrokontrolery","status":"publish","type":"page","link":"https:\/\/wi.pb.edu.pl\/p\/irena-bulatowa\/dydaktyka\/mikrokontrolery\/","title":{"rendered":"Mikrokontrolery"},"content":{"rendered":"<p>Wyk\u0142ad 1 Mikrokontrolery<\/p>\n<p>Wyk\u0142ad 2 Organizacja pami\u0119ci danych<\/p>\n<p>Wyk\u0142ad 3 Pami\u0119\u0107 programu<\/p>\n<p>Wyk\u0142ad 4 Porty I\/O, EEPROM<\/p>\n<p>Wyk\u0142ad 5 Licznik T0<\/p>\n<p>Wyk\u0142ad 6 Liczniki T1, T2<\/p>\n<p>Wyk\u0142ad 7 Uk\u0142ad przerwa\u0144, zarz\u0105dzanie moc\u0105, WDT<\/p>\n<p>Wyk\u0142ad 8 Interfejsy USART, SPI<\/p>\n<p>Wyk\u0142ad 9 Interfejs TWI, komparator analog., przetwornik A\/C<\/p>\n<p>Rejestry SFR ATmega32<\/p>\n","protected":false},"excerpt":{"rendered":"<p>Wyk\u0142ad 1 Mikrokontrolery Wyk\u0142ad 2 Organizacja pami\u0119ci danych Wyk\u0142ad 3 Pami\u0119\u0107 programu Wyk\u0142ad 4 Porty<a class=\"read-more\" href=\"https:\/\/wi.pb.edu.pl\/p\/irena-bulatowa\/dydaktyka\/mikrokontrolery\/\" title=\"Poka\u017c artyku\u0142 Mikrokontrolery\">wi\u0119cej<\/a><\/p>\n","protected":false},"author":14,"featured_media":0,"parent":1091,"menu_order":0,"comment_status":"closed","ping_status":"closed","template":"","meta":{"inline_featured_image":false,"ngg_post_thumbnail":0,"footnotes":""},"class_list":["post-1096","page","type-page","status-publish","hentry"],"acf":[],"yoast_head":"<!-- This site is optimized with the Yoast SEO plugin v26.4 - https:\/\/yoast.com\/wordpress\/plugins\/seo\/ -->\n<title>Mikrokontrolery - Strony pracownik\u00f3w Wydzia\u0142u Informatyki Politechniki Bia\u0142ostockiej<\/title>\n<meta name=\"robots\" content=\"index, follow, max-snippet:-1, max-image-preview:large, max-video-preview:-1\" \/>\n<link rel=\"canonical\" href=\"https:\/\/wi.pb.edu.pl\/p\/irena-bulatowa\/dydaktyka\/mikrokontrolery\/\" \/>\n<meta property=\"og:locale\" content=\"pl_PL\" \/>\n<meta property=\"og:type\" content=\"article\" \/>\n<meta property=\"og:title\" content=\"Mikrokontrolery - Strony pracownik\u00f3w Wydzia\u0142u Informatyki Politechniki Bia\u0142ostockiej\" \/>\n<meta property=\"og:description\" content=\"Wyk\u0142ad 1 Mikrokontrolery Wyk\u0142ad 2 Organizacja pami\u0119ci danych Wyk\u0142ad 3 Pami\u0119\u0107 programu Wyk\u0142ad 4 Portywi\u0119cej\" \/>\n<meta property=\"og:url\" content=\"https:\/\/wi.pb.edu.pl\/p\/irena-bulatowa\/dydaktyka\/mikrokontrolery\/\" \/>\n<meta property=\"og:site_name\" content=\"Strony pracownik\u00f3w Wydzia\u0142u Informatyki Politechniki Bia\u0142ostockiej\" \/>\n<meta name=\"twitter:card\" content=\"summary_large_image\" \/>\n<meta name=\"twitter:label1\" content=\"Szacowany czas czytania\" \/>\n\t<meta name=\"twitter:data1\" content=\"1 minuta\" \/>\n<script type=\"application\/ld+json\" class=\"yoast-schema-graph\">{\"@context\":\"https:\/\/schema.org\",\"@graph\":[{\"@type\":\"WebPage\",\"@id\":\"https:\/\/wi.pb.edu.pl\/p\/irena-bulatowa\/dydaktyka\/mikrokontrolery\/\",\"url\":\"https:\/\/wi.pb.edu.pl\/p\/irena-bulatowa\/dydaktyka\/mikrokontrolery\/\",\"name\":\"Mikrokontrolery - Strony pracownik\u00f3w Wydzia\u0142u Informatyki Politechniki Bia\u0142ostockiej\",\"isPartOf\":{\"@id\":\"https:\/\/wi.pb.edu.pl\/p\/#website\"},\"datePublished\":\"2024-07-22T09:33:55+00:00\",\"breadcrumb\":{\"@id\":\"https:\/\/wi.pb.edu.pl\/p\/irena-bulatowa\/dydaktyka\/mikrokontrolery\/#breadcrumb\"},\"inLanguage\":\"pl-PL\",\"potentialAction\":[{\"@type\":\"ReadAction\",\"target\":[\"https:\/\/wi.pb.edu.pl\/p\/irena-bulatowa\/dydaktyka\/mikrokontrolery\/\"]}]},{\"@type\":\"BreadcrumbList\",\"@id\":\"https:\/\/wi.pb.edu.pl\/p\/irena-bulatowa\/dydaktyka\/mikrokontrolery\/#breadcrumb\",\"itemListElement\":[{\"@type\":\"ListItem\",\"position\":1,\"name\":\"Strona g\u0142\u00f3wna\",\"item\":\"https:\/\/wi.pb.edu.pl\/p\/\"},{\"@type\":\"ListItem\",\"position\":2,\"name\":\"dr in\u017c. Irena Bu\u0142atowa\",\"item\":\"https:\/\/wi.pb.edu.pl\/p\/irena-bulatowa\/\"},{\"@type\":\"ListItem\",\"position\":3,\"name\":\"Dydaktyka\",\"item\":\"https:\/\/wi.pb.edu.pl\/p\/irena-bulatowa\/dydaktyka\/\"},{\"@type\":\"ListItem\",\"position\":4,\"name\":\"Mikrokontrolery\"}]},{\"@type\":\"WebSite\",\"@id\":\"https:\/\/wi.pb.edu.pl\/p\/#website\",\"url\":\"https:\/\/wi.pb.edu.pl\/p\/\",\"name\":\"Strony pracownik\u00f3w Wydzia\u0142u Informatyki Politechniki Bia\u0142ostockiej\",\"description\":\"\",\"potentialAction\":[{\"@type\":\"SearchAction\",\"target\":{\"@type\":\"EntryPoint\",\"urlTemplate\":\"https:\/\/wi.pb.edu.pl\/p\/?s={search_term_string}\"},\"query-input\":{\"@type\":\"PropertyValueSpecification\",\"valueRequired\":true,\"valueName\":\"search_term_string\"}}],\"inLanguage\":\"pl-PL\"}]}<\/script>\n<!-- \/ Yoast SEO plugin. -->","yoast_head_json":{"title":"Mikrokontrolery - Strony pracownik\u00f3w Wydzia\u0142u Informatyki Politechniki Bia\u0142ostockiej","robots":{"index":"index","follow":"follow","max-snippet":"max-snippet:-1","max-image-preview":"max-image-preview:large","max-video-preview":"max-video-preview:-1"},"canonical":"https:\/\/wi.pb.edu.pl\/p\/irena-bulatowa\/dydaktyka\/mikrokontrolery\/","og_locale":"pl_PL","og_type":"article","og_title":"Mikrokontrolery - Strony pracownik\u00f3w Wydzia\u0142u Informatyki Politechniki Bia\u0142ostockiej","og_description":"Wyk\u0142ad 1 Mikrokontrolery Wyk\u0142ad 2 Organizacja pami\u0119ci danych Wyk\u0142ad 3 Pami\u0119\u0107 programu Wyk\u0142ad 4 Portywi\u0119cej","og_url":"https:\/\/wi.pb.edu.pl\/p\/irena-bulatowa\/dydaktyka\/mikrokontrolery\/","og_site_name":"Strony pracownik\u00f3w Wydzia\u0142u Informatyki Politechniki Bia\u0142ostockiej","twitter_card":"summary_large_image","twitter_misc":{"Szacowany czas czytania":"1 minuta"},"schema":{"@context":"https:\/\/schema.org","@graph":[{"@type":"WebPage","@id":"https:\/\/wi.pb.edu.pl\/p\/irena-bulatowa\/dydaktyka\/mikrokontrolery\/","url":"https:\/\/wi.pb.edu.pl\/p\/irena-bulatowa\/dydaktyka\/mikrokontrolery\/","name":"Mikrokontrolery - Strony pracownik\u00f3w Wydzia\u0142u Informatyki Politechniki Bia\u0142ostockiej","isPartOf":{"@id":"https:\/\/wi.pb.edu.pl\/p\/#website"},"datePublished":"2024-07-22T09:33:55+00:00","breadcrumb":{"@id":"https:\/\/wi.pb.edu.pl\/p\/irena-bulatowa\/dydaktyka\/mikrokontrolery\/#breadcrumb"},"inLanguage":"pl-PL","potentialAction":[{"@type":"ReadAction","target":["https:\/\/wi.pb.edu.pl\/p\/irena-bulatowa\/dydaktyka\/mikrokontrolery\/"]}]},{"@type":"BreadcrumbList","@id":"https:\/\/wi.pb.edu.pl\/p\/irena-bulatowa\/dydaktyka\/mikrokontrolery\/#breadcrumb","itemListElement":[{"@type":"ListItem","position":1,"name":"Strona g\u0142\u00f3wna","item":"https:\/\/wi.pb.edu.pl\/p\/"},{"@type":"ListItem","position":2,"name":"dr in\u017c. Irena Bu\u0142atowa","item":"https:\/\/wi.pb.edu.pl\/p\/irena-bulatowa\/"},{"@type":"ListItem","position":3,"name":"Dydaktyka","item":"https:\/\/wi.pb.edu.pl\/p\/irena-bulatowa\/dydaktyka\/"},{"@type":"ListItem","position":4,"name":"Mikrokontrolery"}]},{"@type":"WebSite","@id":"https:\/\/wi.pb.edu.pl\/p\/#website","url":"https:\/\/wi.pb.edu.pl\/p\/","name":"Strony pracownik\u00f3w Wydzia\u0142u Informatyki Politechniki Bia\u0142ostockiej","description":"","potentialAction":[{"@type":"SearchAction","target":{"@type":"EntryPoint","urlTemplate":"https:\/\/wi.pb.edu.pl\/p\/?s={search_term_string}"},"query-input":{"@type":"PropertyValueSpecification","valueRequired":true,"valueName":"search_term_string"}}],"inLanguage":"pl-PL"}]}},"_links":{"self":[{"href":"https:\/\/wi.pb.edu.pl\/p\/wp-json\/wp\/v2\/pages\/1096","targetHints":{"allow":["GET"]}}],"collection":[{"href":"https:\/\/wi.pb.edu.pl\/p\/wp-json\/wp\/v2\/pages"}],"about":[{"href":"https:\/\/wi.pb.edu.pl\/p\/wp-json\/wp\/v2\/types\/page"}],"author":[{"embeddable":true,"href":"https:\/\/wi.pb.edu.pl\/p\/wp-json\/wp\/v2\/users\/14"}],"replies":[{"embeddable":true,"href":"https:\/\/wi.pb.edu.pl\/p\/wp-json\/wp\/v2\/comments?post=1096"}],"version-history":[{"count":1,"href":"https:\/\/wi.pb.edu.pl\/p\/wp-json\/wp\/v2\/pages\/1096\/revisions"}],"predecessor-version":[{"id":1097,"href":"https:\/\/wi.pb.edu.pl\/p\/wp-json\/wp\/v2\/pages\/1096\/revisions\/1097"}],"up":[{"embeddable":true,"href":"https:\/\/wi.pb.edu.pl\/p\/wp-json\/wp\/v2\/pages\/1091"}],"wp:attachment":[{"href":"https:\/\/wi.pb.edu.pl\/p\/wp-json\/wp\/v2\/media?parent=1096"}],"curies":[{"name":"wp","href":"https:\/\/api.w.org\/{rel}","templated":true}]}}