{"id":1101,"date":"2024-07-22T11:38:35","date_gmt":"2024-07-22T09:38:35","guid":{"rendered":"https:\/\/wi.pb.edu.pl\/p\/?page_id=1101"},"modified":"2024-07-22T11:38:35","modified_gmt":"2024-07-22T09:38:35","slug":"bits-h","status":"publish","type":"page","link":"https:\/\/wi.pb.edu.pl\/p\/marcin-skoczylas\/bits-h\/","title":{"rendered":"bits.h"},"content":{"rendered":"<pre>\/* 32bit bitvector defines *\/\r\n#define BV00\t\t(1 &lt;&lt;  0)\r\n#define BV01\t\t(1 &lt;&lt;  1)\r\n#define BV02\t\t(1 &lt;&lt;  2)\r\n#define BV03\t\t(1 &lt;&lt;  3)\r\n#define BV04\t\t(1 &lt;&lt;  4)\r\n#define BV05\t\t(1 &lt;&lt;  5)\r\n#define BV06\t\t(1 &lt;&lt;  6)\r\n#define BV07\t\t(1 &lt;&lt;  7)\r\n#define BV08\t\t(1 &lt;&lt;  8)\r\n#define BV09\t\t(1 &lt;&lt;  9)\r\n#define BV10\t\t(1 &lt;&lt; 10)\r\n#define BV11\t\t(1 &lt;&lt; 11)\r\n#define BV12\t\t(1 &lt;&lt; 12)\r\n#define BV13\t\t(1 &lt;&lt; 13)\r\n#define BV14\t\t(1 &lt;&lt; 14)\r\n#define BV15\t\t(1 &lt;&lt; 15)\r\n#define BV16\t\t(1 &lt;&lt; 16)\r\n#define BV17\t\t(1 &lt;&lt; 17)\r\n#define BV18\t\t(1 &lt;&lt; 18)\r\n#define BV19\t\t(1 &lt;&lt; 19)\r\n#define BV20\t\t(1 &lt;&lt; 20)\r\n#define BV21\t\t(1 &lt;&lt; 21)\r\n#define BV22\t\t(1 &lt;&lt; 22)\r\n#define BV23\t\t(1 &lt;&lt; 23)\r\n#define BV24\t\t(1 &lt;&lt; 24)\r\n#define BV25\t\t(1 &lt;&lt; 25)\r\n#define BV26\t\t(1 &lt;&lt; 26)\r\n#define BV27\t\t(1 &lt;&lt; 27)\r\n#define BV28\t\t(1 &lt;&lt; 28)\r\n#define BV29\t\t(1 &lt;&lt; 29)\r\n#define BV30\t\t(1 &lt;&lt; 30)\r\n#define BV31\t\t(1 &lt;&lt; 31)\r\n\r\n\/*\r\n * Old-style Bit manipulation macros\r\n * The bit passed is the actual value of the bit (Use the BV## defines)\r\n *\/\r\n#define IS_SET(flag, bit)\t((flag) &amp; (bit))\r\n#define SET_BIT(var, bit)\t((var) |= (bit))\r\n#define REMOVE_BIT(var, bit)\t((var) &amp;= ~(bit))\r\n#define TOGGLE_BIT(var, bit)\t((var) ^= (bit))<\/pre>\n","protected":false},"excerpt":{"rendered":"<p>\/* 32bit bitvector defines *\/ #define BV00 (1 &lt;&lt; 0) #define BV01 (1 &lt;&lt; 1)<a class=\"read-more\" href=\"https:\/\/wi.pb.edu.pl\/p\/marcin-skoczylas\/bits-h\/\" title=\"Poka\u017c artyku\u0142 bits.h\">wi\u0119cej<\/a><\/p>\n","protected":false},"author":14,"featured_media":0,"parent":1100,"menu_order":0,"comment_status":"closed","ping_status":"closed","template":"","meta":{"inline_featured_image":false,"ngg_post_thumbnail":0,"footnotes":""},"class_list":["post-1101","page","type-page","status-publish","hentry"],"acf":[],"yoast_head":"<!-- This site is optimized with the Yoast SEO plugin v26.4 - https:\/\/yoast.com\/wordpress\/plugins\/seo\/ -->\n<title>bits.h - Strony pracownik\u00f3w Wydzia\u0142u Informatyki Politechniki Bia\u0142ostockiej<\/title>\n<meta name=\"robots\" content=\"index, follow, max-snippet:-1, max-image-preview:large, max-video-preview:-1\" \/>\n<link rel=\"canonical\" href=\"https:\/\/wi.pb.edu.pl\/p\/marcin-skoczylas\/bits-h\/\" \/>\n<meta property=\"og:locale\" content=\"pl_PL\" \/>\n<meta property=\"og:type\" content=\"article\" \/>\n<meta property=\"og:title\" content=\"bits.h - Strony pracownik\u00f3w Wydzia\u0142u Informatyki Politechniki Bia\u0142ostockiej\" \/>\n<meta property=\"og:description\" content=\"\/* 32bit bitvector defines *\/ #define BV00 (1 &lt;&lt; 0) #define BV01 (1 &lt;&lt; 1)wi\u0119cej\" \/>\n<meta property=\"og:url\" content=\"https:\/\/wi.pb.edu.pl\/p\/marcin-skoczylas\/bits-h\/\" \/>\n<meta property=\"og:site_name\" content=\"Strony pracownik\u00f3w Wydzia\u0142u Informatyki Politechniki Bia\u0142ostockiej\" \/>\n<meta name=\"twitter:card\" content=\"summary_large_image\" \/>\n<script type=\"application\/ld+json\" class=\"yoast-schema-graph\">{\"@context\":\"https:\/\/schema.org\",\"@graph\":[{\"@type\":\"WebPage\",\"@id\":\"https:\/\/wi.pb.edu.pl\/p\/marcin-skoczylas\/bits-h\/\",\"url\":\"https:\/\/wi.pb.edu.pl\/p\/marcin-skoczylas\/bits-h\/\",\"name\":\"bits.h - Strony pracownik\u00f3w Wydzia\u0142u Informatyki Politechniki Bia\u0142ostockiej\",\"isPartOf\":{\"@id\":\"https:\/\/wi.pb.edu.pl\/p\/#website\"},\"datePublished\":\"2024-07-22T09:38:35+00:00\",\"breadcrumb\":{\"@id\":\"https:\/\/wi.pb.edu.pl\/p\/marcin-skoczylas\/bits-h\/#breadcrumb\"},\"inLanguage\":\"pl-PL\",\"potentialAction\":[{\"@type\":\"ReadAction\",\"target\":[\"https:\/\/wi.pb.edu.pl\/p\/marcin-skoczylas\/bits-h\/\"]}]},{\"@type\":\"BreadcrumbList\",\"@id\":\"https:\/\/wi.pb.edu.pl\/p\/marcin-skoczylas\/bits-h\/#breadcrumb\",\"itemListElement\":[{\"@type\":\"ListItem\",\"position\":1,\"name\":\"Strona g\u0142\u00f3wna\",\"item\":\"https:\/\/wi.pb.edu.pl\/p\/\"},{\"@type\":\"ListItem\",\"position\":2,\"name\":\"dr in\u017c. Marcin Skoczylas\",\"item\":\"https:\/\/wi.pb.edu.pl\/p\/marcin-skoczylas\/\"},{\"@type\":\"ListItem\",\"position\":3,\"name\":\"bits.h\"}]},{\"@type\":\"WebSite\",\"@id\":\"https:\/\/wi.pb.edu.pl\/p\/#website\",\"url\":\"https:\/\/wi.pb.edu.pl\/p\/\",\"name\":\"Strony pracownik\u00f3w Wydzia\u0142u Informatyki Politechniki Bia\u0142ostockiej\",\"description\":\"\",\"potentialAction\":[{\"@type\":\"SearchAction\",\"target\":{\"@type\":\"EntryPoint\",\"urlTemplate\":\"https:\/\/wi.pb.edu.pl\/p\/?s={search_term_string}\"},\"query-input\":{\"@type\":\"PropertyValueSpecification\",\"valueRequired\":true,\"valueName\":\"search_term_string\"}}],\"inLanguage\":\"pl-PL\"}]}<\/script>\n<!-- \/ Yoast SEO plugin. -->","yoast_head_json":{"title":"bits.h - Strony pracownik\u00f3w Wydzia\u0142u Informatyki Politechniki Bia\u0142ostockiej","robots":{"index":"index","follow":"follow","max-snippet":"max-snippet:-1","max-image-preview":"max-image-preview:large","max-video-preview":"max-video-preview:-1"},"canonical":"https:\/\/wi.pb.edu.pl\/p\/marcin-skoczylas\/bits-h\/","og_locale":"pl_PL","og_type":"article","og_title":"bits.h - Strony pracownik\u00f3w Wydzia\u0142u Informatyki Politechniki Bia\u0142ostockiej","og_description":"\/* 32bit bitvector defines *\/ #define BV00 (1 &lt;&lt; 0) #define BV01 (1 &lt;&lt; 1)wi\u0119cej","og_url":"https:\/\/wi.pb.edu.pl\/p\/marcin-skoczylas\/bits-h\/","og_site_name":"Strony pracownik\u00f3w Wydzia\u0142u Informatyki Politechniki Bia\u0142ostockiej","twitter_card":"summary_large_image","schema":{"@context":"https:\/\/schema.org","@graph":[{"@type":"WebPage","@id":"https:\/\/wi.pb.edu.pl\/p\/marcin-skoczylas\/bits-h\/","url":"https:\/\/wi.pb.edu.pl\/p\/marcin-skoczylas\/bits-h\/","name":"bits.h - Strony pracownik\u00f3w Wydzia\u0142u Informatyki Politechniki Bia\u0142ostockiej","isPartOf":{"@id":"https:\/\/wi.pb.edu.pl\/p\/#website"},"datePublished":"2024-07-22T09:38:35+00:00","breadcrumb":{"@id":"https:\/\/wi.pb.edu.pl\/p\/marcin-skoczylas\/bits-h\/#breadcrumb"},"inLanguage":"pl-PL","potentialAction":[{"@type":"ReadAction","target":["https:\/\/wi.pb.edu.pl\/p\/marcin-skoczylas\/bits-h\/"]}]},{"@type":"BreadcrumbList","@id":"https:\/\/wi.pb.edu.pl\/p\/marcin-skoczylas\/bits-h\/#breadcrumb","itemListElement":[{"@type":"ListItem","position":1,"name":"Strona g\u0142\u00f3wna","item":"https:\/\/wi.pb.edu.pl\/p\/"},{"@type":"ListItem","position":2,"name":"dr in\u017c. Marcin Skoczylas","item":"https:\/\/wi.pb.edu.pl\/p\/marcin-skoczylas\/"},{"@type":"ListItem","position":3,"name":"bits.h"}]},{"@type":"WebSite","@id":"https:\/\/wi.pb.edu.pl\/p\/#website","url":"https:\/\/wi.pb.edu.pl\/p\/","name":"Strony pracownik\u00f3w Wydzia\u0142u Informatyki Politechniki Bia\u0142ostockiej","description":"","potentialAction":[{"@type":"SearchAction","target":{"@type":"EntryPoint","urlTemplate":"https:\/\/wi.pb.edu.pl\/p\/?s={search_term_string}"},"query-input":{"@type":"PropertyValueSpecification","valueRequired":true,"valueName":"search_term_string"}}],"inLanguage":"pl-PL"}]}},"_links":{"self":[{"href":"https:\/\/wi.pb.edu.pl\/p\/wp-json\/wp\/v2\/pages\/1101","targetHints":{"allow":["GET"]}}],"collection":[{"href":"https:\/\/wi.pb.edu.pl\/p\/wp-json\/wp\/v2\/pages"}],"about":[{"href":"https:\/\/wi.pb.edu.pl\/p\/wp-json\/wp\/v2\/types\/page"}],"author":[{"embeddable":true,"href":"https:\/\/wi.pb.edu.pl\/p\/wp-json\/wp\/v2\/users\/14"}],"replies":[{"embeddable":true,"href":"https:\/\/wi.pb.edu.pl\/p\/wp-json\/wp\/v2\/comments?post=1101"}],"version-history":[{"count":1,"href":"https:\/\/wi.pb.edu.pl\/p\/wp-json\/wp\/v2\/pages\/1101\/revisions"}],"predecessor-version":[{"id":1103,"href":"https:\/\/wi.pb.edu.pl\/p\/wp-json\/wp\/v2\/pages\/1101\/revisions\/1103"}],"up":[{"embeddable":true,"href":"https:\/\/wi.pb.edu.pl\/p\/wp-json\/wp\/v2\/pages\/1100"}],"wp:attachment":[{"href":"https:\/\/wi.pb.edu.pl\/p\/wp-json\/wp\/v2\/media?parent=1101"}],"curies":[{"name":"wp","href":"https:\/\/api.w.org\/{rel}","templated":true}]}}