{"id":1107,"date":"2024-07-22T11:49:47","date_gmt":"2024-07-22T09:49:47","guid":{"rendered":"https:\/\/wi.pb.edu.pl\/p\/?page_id=1107"},"modified":"2024-09-17T10:32:23","modified_gmt":"2024-09-17T08:32:23","slug":"list-of-publications","status":"publish","type":"page","link":"https:\/\/wi.pb.edu.pl\/p\/tomasz-lukaszuk\/list-of-publications\/","title":{"rendered":"List of Publications"},"content":{"rendered":"<ul>\n<li>&nbsp; Bobrowski L.,&nbsp;<b>\u0141ukaszuk T.<\/b>, H. Wasyluk,&nbsp;<i>Ranked modeling of casual sequences of diseases for the purpose of early diagnosis<\/i>, s.23-31, Computers in medical activity eds. Edward Kacki, Marek Rudnicki, Joanna Stempczynska, Advances in Intelligent and Soft Computing, vol. 65, Berlin, Springer, 2009<\/li>\n<li>&nbsp; Bobrowski L.,&nbsp;<b>\u0141ukaszuk T.<\/b>,&nbsp;<i>Feature selection based on relaxed linear separability<\/i>, s.43-58, Biocybernetical and Biomedical Engineering, vol.29, nr 2, 2009<\/li>\n<li><a href=\"https:\/\/wi.pb.edu.pl\/p\/wp-content\/uploads\/sites\/3\/2024\/07\/2009znpb-feature_selection.pdf\">pdf<\/a>&nbsp;&nbsp;<b>\u0141ukaszuk T.<\/b>,&nbsp;<i>Feature selection using CPL criterion functions<\/i>, s.85-95, Zeszyty Naukowe Politechniki Bia\u0142ostockiej. Informatyka Z.4, Bia\u0142ystok, 2009<\/li>\n<li>&nbsp; Podsiadly-Marczykowska T.,&nbsp;<b>\u0141ukaszuk T.<\/b>, Wr\u00f3blewska A., Bobrowski L., Przelaskowski A.,&nbsp;<i>Classification of pleomorphic clustered microcalcification labeled with BI-RADS<\/i>, s.366-373, Image processing &amp; communications challenges, eds. Ryszard S. Choras, Antoni Zab\u0142udowski, Academy Publishing House EXIT, Warsaw, 2009<\/li>\n<\/ul>\n<p><b>&#8211; 2008 &#8211;<\/b><\/p>\n<ul>\n<li><a href=\"https:\/\/wi.pb.edu.pl\/p\/wp-content\/uploads\/sites\/3\/2024\/07\/2008znpb-szeregowanie_zadan.pdf\">pdf<\/a>&nbsp; Bobrowski L.,&nbsp;<b>\u0141ukaszuk T.<\/b>,&nbsp;<i>Szeregowanie zada\u0144 obliczeniowych z zastosowaniem modelu rangowego<\/i>, s.5-21, Zeszyty Naukowe Politechniki Bia\u0142ostockiej. Informatyka Z.3, Bia\u0142ystok, 2008 (in Polish)<\/li>\n<li>&nbsp;&nbsp;<b>\u0141ukaszuk T.<\/b>,&nbsp;<i>Feature selection using CPL criterion functions<\/i>, s.11-12, Technologie eksploracji i reprezentacji wiedzy : III Konferencja, Ho\u0142ny Mejera, 10-14.09.2008 r., Bia\u0142ystok, 2008<\/li>\n<li>&nbsp;&nbsp;<b>\u0141ukaszuk T.<\/b>, Topczewska M., Wasyluk H., Bobrowski L.,&nbsp;<i>Examples of medical data with linearly separable feature subsets<\/i>, s.87-89, 99th ICB Seminar : 7th International Seminar on Statistics and Clinical Practice, Warszawa, 2008<\/li>\n<\/ul>\n<p><b>&#8211; 2007 &#8211;<\/b><\/p>\n<ul>\n<li>&nbsp; Bobrowski L.,&nbsp;<b>\u0141ukaszuk T.<\/b>, Wasyluk H.,&nbsp;<i>Ranked modeling of liver diseases sequence<\/i>, [on-line], European Journal for Biomedical Informatics, Vol.1, nr 1, 2007<\/li>\n<li>&nbsp; Bobrowski L.,&nbsp;<b>\u0141ukaszuk T.<\/b>, Wasyluk H.,&nbsp;<i>Ranked modelling of disease sequences for early diagnosis<\/i>, s.15-16 , Proceedings of International Conference: Computers in medical activity, \u0141\u00f3dz 19-21.09.2007, \u0141\u00f3dz, 2007<\/li>\n<li>&nbsp; Bobrowski L.,&nbsp;<b>\u0141ukaszuk T.<\/b>,&nbsp;<i>Ranked modeling on time-data with inexact timing<\/i>, cd-rom, Proceedings of the 6th EUROSIM Congress on modelling and simulation, Ljubljana, Slovenia, September 9-13, 2007<\/li>\n<li><a href=\"https:\/\/wi.pb.edu.pl\/p\/wp-content\/uploads\/sites\/3\/2024\/07\/2007znpb-temporalnosc_w_modelach.pdf\">pdf<\/a>&nbsp;&nbsp;<b>\u0141ukaszuk T.<\/b>, Bobrowski L.,&nbsp;<i>Temporalno\u015b\u0107 w modelach rangowych<\/i>, s.79-91, Zeszyty Naukowe Politechniki Bia\u0142ostockiej. Informatyka Z.2, Bia\u0142ystok, 2007 (in Polish)<\/li>\n<\/ul>\n<p><b>&#8211; 2006 &#8211;<\/b><\/p>\n<ul>\n<li><a href=\"https:\/\/wi.pb.edu.pl\/p\/wp-content\/uploads\/sites\/3\/2024\/07\/2006kzm-metody_taksonomiczne.pdf\">pdf<\/a>&nbsp; Sikorska-Piwowska Z.,&nbsp;<b>\u0141ukaszuk T.<\/b>,&nbsp;<i>Metody taksonomiczne w modelowaniu ewolucji dinozaur\u00f3w<\/i>, s.9, XXXV Og\u00f3lnopolska Konferencja Zastosowa\u0144 Matematyki, Zakopane-Koscielisko, 11-19.09.2006, Warszawa, 2006 (in Polish)<\/li>\n<li><a href=\"https:\/\/wi.pb.edu.pl\/p\/wp-content\/uploads\/sites\/3\/2024\/07\/2006ptsk-modelowanie_dlugich.pdf\">pdf<\/a>&nbsp; Topczewska M.,&nbsp;<b>\u0141ukaszuk T.<\/b>, Bobrowski L.,&nbsp;<i>Modelowanie &#8222;d\u0142ugich&#8221; zbior\u00f3w danych z przyk\u0142adami zastosowa\u0144<\/i>, s.111, Symulacja w badaniach i rozwoju : XIII Warsztaty Naukowe PTSK, Wydaw. Politechniki Radomskiej, Radom, 2006 (in Polish)<\/li>\n<\/ul>\n<p><b>&#8211; 2005 &#8211;<\/b><\/p>\n<ul>\n<li><a href=\"https:\/\/wi.pb.edu.pl\/p\/wp-content\/uploads\/sites\/3\/2024\/07\/2005mcb-ranked_linear.pdf\">pdf<\/a>&nbsp; Bobrowski L.,&nbsp;<b>\u0141ukaszuk T.<\/b>,&nbsp;<i>Ranked linear modeling in survival analysis<\/i>, p.61-67, Sixth International Seminar on Statistics and Clinical Practice: 81th Seminar of the International Centre of Biocybernetics, Lecture Notes of the ICB Seminars, ed. by Bobrowski L., Doroszewski J., Kulikowski C., Victor N., 2005<\/li>\n<\/ul>\n<p><b>&#8211; 2004 &#8211;<\/b><\/p>\n<ul>\n<li><a href=\"https:\/\/wi.pb.edu.pl\/p\/wp-content\/uploads\/sites\/3\/2024\/07\/2004ptsk-pozyskiwanie_wiedzy.pdf\">pdf<\/a>&nbsp;&nbsp;<b>\u0141ukaszuk T.<\/b>, Bobrowski L.,&nbsp;<i>Pozyskiwanie wiedzy z baz danych z pomoc\u0105 sieci neuropodobnych<\/i>, S.191-196, Symulacja w Badaniach i Rozwoju: X Warsztaty Naukowe PTSK , Zakopane, 10-12 wrzesnia 2003, Wydaw. Politechniki Krakowskiej, Krak\u00f3w, 2004 (in Polish)<\/li>\n<li><a href=\"https:\/\/wi.pb.edu.pl\/p\/wp-content\/uploads\/sites\/3\/2024\/07\/2004icaisc-selection_of_the_linearly.pdf\">pdf<\/a>&nbsp; Bobrowski L.,&nbsp;<b>\u0141ukaszuk T<\/b>.,&nbsp;<i>Selection of the linearly separable feature subsets<\/i>, The 7th International Conference on Artificial Intelligence and Soft Computing (ICAISC), Zakopane Poland, June 2004, Eds. L. Rutkowski, J. Siekemann, R. Tadeusiewicz, L. Zadeh, Lecture Notes in AI Vol. 3070, pp. 544-549.<\/li>\n<\/ul>\n","protected":false},"excerpt":{"rendered":"<p>&nbsp; Bobrowski L.,&nbsp;\u0141ukaszuk T., H. Wasyluk,&nbsp;Ranked modeling of casual sequences of diseases for the purpose<a class=\"read-more\" href=\"https:\/\/wi.pb.edu.pl\/p\/tomasz-lukaszuk\/list-of-publications\/\" title=\"Poka\u017c artyku\u0142 List of Publications\">wi\u0119cej<\/a><\/p>\n","protected":false},"author":14,"featured_media":0,"parent":1105,"menu_order":0,"comment_status":"closed","ping_status":"closed","template":"","meta":{"inline_featured_image":false,"ngg_post_thumbnail":0,"footnotes":""},"class_list":["post-1107","page","type-page","status-publish","hentry"],"acf":[],"yoast_head":"<!-- This site is optimized with the Yoast SEO plugin v26.4 - https:\/\/yoast.com\/wordpress\/plugins\/seo\/ -->\n<title>List of Publications - Strony pracownik\u00f3w Wydzia\u0142u Informatyki Politechniki Bia\u0142ostockiej<\/title>\n<meta name=\"robots\" content=\"index, follow, max-snippet:-1, max-image-preview:large, max-video-preview:-1\" \/>\n<link rel=\"canonical\" href=\"https:\/\/wi.pb.edu.pl\/p\/tomasz-lukaszuk\/list-of-publications\/\" \/>\n<meta property=\"og:locale\" content=\"pl_PL\" \/>\n<meta property=\"og:type\" content=\"article\" \/>\n<meta property=\"og:title\" content=\"List of Publications - Strony pracownik\u00f3w Wydzia\u0142u Informatyki Politechniki Bia\u0142ostockiej\" \/>\n<meta property=\"og:description\" content=\"&nbsp; Bobrowski L.,&nbsp;\u0141ukaszuk T., H. Wasyluk,&nbsp;Ranked modeling of casual sequences of diseases for the purposewi\u0119cej\" \/>\n<meta property=\"og:url\" content=\"https:\/\/wi.pb.edu.pl\/p\/tomasz-lukaszuk\/list-of-publications\/\" \/>\n<meta property=\"og:site_name\" content=\"Strony pracownik\u00f3w Wydzia\u0142u Informatyki Politechniki Bia\u0142ostockiej\" \/>\n<meta property=\"article:modified_time\" content=\"2024-09-17T08:32:23+00:00\" \/>\n<meta name=\"twitter:card\" content=\"summary_large_image\" \/>\n<meta name=\"twitter:label1\" content=\"Szacowany czas czytania\" \/>\n\t<meta name=\"twitter:data1\" content=\"3 minuty\" \/>\n<script type=\"application\/ld+json\" class=\"yoast-schema-graph\">{\"@context\":\"https:\/\/schema.org\",\"@graph\":[{\"@type\":\"WebPage\",\"@id\":\"https:\/\/wi.pb.edu.pl\/p\/tomasz-lukaszuk\/list-of-publications\/\",\"url\":\"https:\/\/wi.pb.edu.pl\/p\/tomasz-lukaszuk\/list-of-publications\/\",\"name\":\"List of Publications - Strony pracownik\u00f3w Wydzia\u0142u Informatyki Politechniki Bia\u0142ostockiej\",\"isPartOf\":{\"@id\":\"https:\/\/wi.pb.edu.pl\/p\/#website\"},\"datePublished\":\"2024-07-22T09:49:47+00:00\",\"dateModified\":\"2024-09-17T08:32:23+00:00\",\"breadcrumb\":{\"@id\":\"https:\/\/wi.pb.edu.pl\/p\/tomasz-lukaszuk\/list-of-publications\/#breadcrumb\"},\"inLanguage\":\"pl-PL\",\"potentialAction\":[{\"@type\":\"ReadAction\",\"target\":[\"https:\/\/wi.pb.edu.pl\/p\/tomasz-lukaszuk\/list-of-publications\/\"]}]},{\"@type\":\"BreadcrumbList\",\"@id\":\"https:\/\/wi.pb.edu.pl\/p\/tomasz-lukaszuk\/list-of-publications\/#breadcrumb\",\"itemListElement\":[{\"@type\":\"ListItem\",\"position\":1,\"name\":\"Strona g\u0142\u00f3wna\",\"item\":\"https:\/\/wi.pb.edu.pl\/p\/\"},{\"@type\":\"ListItem\",\"position\":2,\"name\":\"dr in\u017c. Tomasz \u0141ukaszuk\",\"item\":\"https:\/\/wi.pb.edu.pl\/p\/tomasz-lukaszuk\/\"},{\"@type\":\"ListItem\",\"position\":3,\"name\":\"List of Publications\"}]},{\"@type\":\"WebSite\",\"@id\":\"https:\/\/wi.pb.edu.pl\/p\/#website\",\"url\":\"https:\/\/wi.pb.edu.pl\/p\/\",\"name\":\"Strony pracownik\u00f3w Wydzia\u0142u Informatyki Politechniki Bia\u0142ostockiej\",\"description\":\"\",\"potentialAction\":[{\"@type\":\"SearchAction\",\"target\":{\"@type\":\"EntryPoint\",\"urlTemplate\":\"https:\/\/wi.pb.edu.pl\/p\/?s={search_term_string}\"},\"query-input\":{\"@type\":\"PropertyValueSpecification\",\"valueRequired\":true,\"valueName\":\"search_term_string\"}}],\"inLanguage\":\"pl-PL\"}]}<\/script>\n<!-- \/ Yoast SEO plugin. -->","yoast_head_json":{"title":"List of Publications - Strony pracownik\u00f3w Wydzia\u0142u Informatyki Politechniki Bia\u0142ostockiej","robots":{"index":"index","follow":"follow","max-snippet":"max-snippet:-1","max-image-preview":"max-image-preview:large","max-video-preview":"max-video-preview:-1"},"canonical":"https:\/\/wi.pb.edu.pl\/p\/tomasz-lukaszuk\/list-of-publications\/","og_locale":"pl_PL","og_type":"article","og_title":"List of Publications - Strony pracownik\u00f3w Wydzia\u0142u Informatyki Politechniki Bia\u0142ostockiej","og_description":"&nbsp; Bobrowski L.,&nbsp;\u0141ukaszuk T., H. Wasyluk,&nbsp;Ranked modeling of casual sequences of diseases for the purposewi\u0119cej","og_url":"https:\/\/wi.pb.edu.pl\/p\/tomasz-lukaszuk\/list-of-publications\/","og_site_name":"Strony pracownik\u00f3w Wydzia\u0142u Informatyki Politechniki Bia\u0142ostockiej","article_modified_time":"2024-09-17T08:32:23+00:00","twitter_card":"summary_large_image","twitter_misc":{"Szacowany czas czytania":"3 minuty"},"schema":{"@context":"https:\/\/schema.org","@graph":[{"@type":"WebPage","@id":"https:\/\/wi.pb.edu.pl\/p\/tomasz-lukaszuk\/list-of-publications\/","url":"https:\/\/wi.pb.edu.pl\/p\/tomasz-lukaszuk\/list-of-publications\/","name":"List of Publications - Strony pracownik\u00f3w Wydzia\u0142u Informatyki Politechniki Bia\u0142ostockiej","isPartOf":{"@id":"https:\/\/wi.pb.edu.pl\/p\/#website"},"datePublished":"2024-07-22T09:49:47+00:00","dateModified":"2024-09-17T08:32:23+00:00","breadcrumb":{"@id":"https:\/\/wi.pb.edu.pl\/p\/tomasz-lukaszuk\/list-of-publications\/#breadcrumb"},"inLanguage":"pl-PL","potentialAction":[{"@type":"ReadAction","target":["https:\/\/wi.pb.edu.pl\/p\/tomasz-lukaszuk\/list-of-publications\/"]}]},{"@type":"BreadcrumbList","@id":"https:\/\/wi.pb.edu.pl\/p\/tomasz-lukaszuk\/list-of-publications\/#breadcrumb","itemListElement":[{"@type":"ListItem","position":1,"name":"Strona g\u0142\u00f3wna","item":"https:\/\/wi.pb.edu.pl\/p\/"},{"@type":"ListItem","position":2,"name":"dr in\u017c. Tomasz \u0141ukaszuk","item":"https:\/\/wi.pb.edu.pl\/p\/tomasz-lukaszuk\/"},{"@type":"ListItem","position":3,"name":"List of Publications"}]},{"@type":"WebSite","@id":"https:\/\/wi.pb.edu.pl\/p\/#website","url":"https:\/\/wi.pb.edu.pl\/p\/","name":"Strony pracownik\u00f3w Wydzia\u0142u Informatyki Politechniki Bia\u0142ostockiej","description":"","potentialAction":[{"@type":"SearchAction","target":{"@type":"EntryPoint","urlTemplate":"https:\/\/wi.pb.edu.pl\/p\/?s={search_term_string}"},"query-input":{"@type":"PropertyValueSpecification","valueRequired":true,"valueName":"search_term_string"}}],"inLanguage":"pl-PL"}]}},"_links":{"self":[{"href":"https:\/\/wi.pb.edu.pl\/p\/wp-json\/wp\/v2\/pages\/1107","targetHints":{"allow":["GET"]}}],"collection":[{"href":"https:\/\/wi.pb.edu.pl\/p\/wp-json\/wp\/v2\/pages"}],"about":[{"href":"https:\/\/wi.pb.edu.pl\/p\/wp-json\/wp\/v2\/types\/page"}],"author":[{"embeddable":true,"href":"https:\/\/wi.pb.edu.pl\/p\/wp-json\/wp\/v2\/users\/14"}],"replies":[{"embeddable":true,"href":"https:\/\/wi.pb.edu.pl\/p\/wp-json\/wp\/v2\/comments?post=1107"}],"version-history":[{"count":4,"href":"https:\/\/wi.pb.edu.pl\/p\/wp-json\/wp\/v2\/pages\/1107\/revisions"}],"predecessor-version":[{"id":1119,"href":"https:\/\/wi.pb.edu.pl\/p\/wp-json\/wp\/v2\/pages\/1107\/revisions\/1119"}],"up":[{"embeddable":true,"href":"https:\/\/wi.pb.edu.pl\/p\/wp-json\/wp\/v2\/pages\/1105"}],"wp:attachment":[{"href":"https:\/\/wi.pb.edu.pl\/p\/wp-json\/wp\/v2\/media?parent=1107"}],"curies":[{"name":"wp","href":"https:\/\/api.w.org\/{rel}","templated":true}]}}