{"id":1120,"date":"2024-07-22T11:59:03","date_gmt":"2024-07-22T09:59:03","guid":{"rendered":"https:\/\/wi.pb.edu.pl\/p\/?page_id=1120"},"modified":"2024-07-22T11:59:03","modified_gmt":"2024-07-22T09:59:03","slug":"open-source-frameworks-for-rapid-application-development","status":"publish","type":"page","link":"https:\/\/wi.pb.edu.pl\/p\/tomasz-lukaszuk\/open-source-frameworks-for-rapid-application-development\/","title":{"rendered":"Open Source Frameworks for Rapid Application Development"},"content":{"rendered":"<hr>\n<h3>Software<\/h3>\n<ul>\n<li><a href=\"https:\/\/repl.it\/\">Python and Ruby interpreter online<\/a><\/li>\n<li><a href=\"https:\/\/www.jetbrains.com\/pycharm\/download\/\">IDE PyCharm<\/a><\/li>\n<li><a href=\"https:\/\/www.jetbrains.com\/ruby\/download\/\">IDE RubyMime<\/a><\/li>\n<li><a href=\"https:\/\/code.visualstudio.com\/download\">IDE VSC<\/a><\/li>\n<\/ul>\n<h3>Lectures<\/h3>\n<ul>\n<li>osfrad_lectures.zip<\/li>\n<\/ul>\n<hr>\n<h3>Task 1 &#8211; python exercises<\/h3>\n<p>deadline: 31-10-2023 (send by email t.lukaszuk@pb.edu.pl)<br \/>\n<a href=\"https:\/\/wi.pb.edu.pl\/p\/wp-content\/uploads\/sites\/3\/2024\/07\/python_exercises.pdf\">python_exercises.pdf<\/a><\/p>\n<hr>\n<h3>Task 2 &#8211; ruby exercises<\/h3>\n<p>deadline: 14-11-2023 (send by email t.lukaszuk@pb.edu.pl)<br \/>\n<a href=\"https:\/\/wi.pb.edu.pl\/p\/wp-content\/uploads\/sites\/3\/2024\/07\/ruby_exercises.pdf\">ruby_exercises.pdf<\/a><\/p>\n<hr>\n<h3>Task 3 &#8211; The sample application in Django<\/h3>\n<p>deadline: 28-11-2023 (send by email t.lukaszuk@pb.edu.pl)<br \/>\n<a href=\"https:\/\/wi.pb.edu.pl\/p\/wp-content\/uploads\/sites\/3\/2024\/07\/django_app.pdf\">django_app.pdf<\/a><\/p>\n<hr>\n<h3>Task 4 &#8211; The sample application in Ruby on Rails<\/h3>\n<p>deadline: 12-12-2023 (send by email t.lukaszuk@pb.edu.pl)<br \/>\n<a href=\"https:\/\/wi.pb.edu.pl\/p\/wp-content\/uploads\/sites\/3\/2024\/07\/rails_app.pdf\">rails_app.pdf<\/a><\/p>\n<hr>\n<h3>Main task &#8211; Application in Django or Ruby on Rails<\/h3>\n<p>deadline: 25-01-2024 (presentation of application)<br \/>\n<a href=\"https:\/\/wi.pb.edu.pl\/p\/wp-content\/uploads\/sites\/3\/2024\/07\/drafts2014.pdf\">drafts<\/a><br \/>\n<a href=\"https:\/\/wi.pb.edu.pl\/p\/wp-content\/uploads\/sites\/3\/2024\/07\/project_subtasks.txt\">project_subtasks.txt<\/a><\/p>\n<hr>\n<p>Example application musicshop<\/p>\n","protected":false},"excerpt":{"rendered":"<p>Software Python and Ruby interpreter online IDE PyCharm IDE RubyMime IDE VSC Lectures osfrad_lectures.zip Task<a class=\"read-more\" href=\"https:\/\/wi.pb.edu.pl\/p\/tomasz-lukaszuk\/open-source-frameworks-for-rapid-application-development\/\" title=\"Poka\u017c artyku\u0142 Open Source Frameworks for Rapid Application Development\">wi\u0119cej<\/a><\/p>\n","protected":false},"author":14,"featured_media":0,"parent":1105,"menu_order":0,"comment_status":"closed","ping_status":"closed","template":"","meta":{"inline_featured_image":false,"ngg_post_thumbnail":0,"footnotes":""},"class_list":["post-1120","page","type-page","status-publish","hentry"],"acf":[],"yoast_head":"<!-- This site is optimized with the Yoast SEO plugin v26.4 - https:\/\/yoast.com\/wordpress\/plugins\/seo\/ -->\n<title>Open Source Frameworks for Rapid Application Development - Strony pracownik\u00f3w Wydzia\u0142u Informatyki Politechniki Bia\u0142ostockiej<\/title>\n<meta name=\"robots\" content=\"index, follow, max-snippet:-1, max-image-preview:large, max-video-preview:-1\" \/>\n<link rel=\"canonical\" href=\"https:\/\/wi.pb.edu.pl\/p\/tomasz-lukaszuk\/open-source-frameworks-for-rapid-application-development\/\" \/>\n<meta property=\"og:locale\" content=\"pl_PL\" \/>\n<meta property=\"og:type\" content=\"article\" \/>\n<meta property=\"og:title\" content=\"Open Source Frameworks for Rapid Application Development - Strony pracownik\u00f3w Wydzia\u0142u Informatyki Politechniki Bia\u0142ostockiej\" \/>\n<meta property=\"og:description\" content=\"Software Python and Ruby interpreter online IDE PyCharm IDE RubyMime IDE VSC Lectures osfrad_lectures.zip Taskwi\u0119cej\" \/>\n<meta property=\"og:url\" content=\"https:\/\/wi.pb.edu.pl\/p\/tomasz-lukaszuk\/open-source-frameworks-for-rapid-application-development\/\" \/>\n<meta property=\"og:site_name\" content=\"Strony pracownik\u00f3w Wydzia\u0142u Informatyki Politechniki Bia\u0142ostockiej\" \/>\n<meta name=\"twitter:card\" content=\"summary_large_image\" \/>\n<meta name=\"twitter:label1\" content=\"Szacowany czas czytania\" \/>\n\t<meta name=\"twitter:data1\" content=\"1 minuta\" \/>\n<script type=\"application\/ld+json\" class=\"yoast-schema-graph\">{\"@context\":\"https:\/\/schema.org\",\"@graph\":[{\"@type\":\"WebPage\",\"@id\":\"https:\/\/wi.pb.edu.pl\/p\/tomasz-lukaszuk\/open-source-frameworks-for-rapid-application-development\/\",\"url\":\"https:\/\/wi.pb.edu.pl\/p\/tomasz-lukaszuk\/open-source-frameworks-for-rapid-application-development\/\",\"name\":\"Open Source Frameworks for Rapid Application Development - Strony pracownik\u00f3w Wydzia\u0142u Informatyki Politechniki Bia\u0142ostockiej\",\"isPartOf\":{\"@id\":\"https:\/\/wi.pb.edu.pl\/p\/#website\"},\"datePublished\":\"2024-07-22T09:59:03+00:00\",\"breadcrumb\":{\"@id\":\"https:\/\/wi.pb.edu.pl\/p\/tomasz-lukaszuk\/open-source-frameworks-for-rapid-application-development\/#breadcrumb\"},\"inLanguage\":\"pl-PL\",\"potentialAction\":[{\"@type\":\"ReadAction\",\"target\":[\"https:\/\/wi.pb.edu.pl\/p\/tomasz-lukaszuk\/open-source-frameworks-for-rapid-application-development\/\"]}]},{\"@type\":\"BreadcrumbList\",\"@id\":\"https:\/\/wi.pb.edu.pl\/p\/tomasz-lukaszuk\/open-source-frameworks-for-rapid-application-development\/#breadcrumb\",\"itemListElement\":[{\"@type\":\"ListItem\",\"position\":1,\"name\":\"Strona g\u0142\u00f3wna\",\"item\":\"https:\/\/wi.pb.edu.pl\/p\/\"},{\"@type\":\"ListItem\",\"position\":2,\"name\":\"dr in\u017c. Tomasz \u0141ukaszuk\",\"item\":\"https:\/\/wi.pb.edu.pl\/p\/tomasz-lukaszuk\/\"},{\"@type\":\"ListItem\",\"position\":3,\"name\":\"Open Source Frameworks for Rapid Application Development\"}]},{\"@type\":\"WebSite\",\"@id\":\"https:\/\/wi.pb.edu.pl\/p\/#website\",\"url\":\"https:\/\/wi.pb.edu.pl\/p\/\",\"name\":\"Strony pracownik\u00f3w Wydzia\u0142u Informatyki Politechniki Bia\u0142ostockiej\",\"description\":\"\",\"potentialAction\":[{\"@type\":\"SearchAction\",\"target\":{\"@type\":\"EntryPoint\",\"urlTemplate\":\"https:\/\/wi.pb.edu.pl\/p\/?s={search_term_string}\"},\"query-input\":{\"@type\":\"PropertyValueSpecification\",\"valueRequired\":true,\"valueName\":\"search_term_string\"}}],\"inLanguage\":\"pl-PL\"}]}<\/script>\n<!-- \/ Yoast SEO plugin. -->","yoast_head_json":{"title":"Open Source Frameworks for Rapid Application Development - Strony pracownik\u00f3w Wydzia\u0142u Informatyki Politechniki Bia\u0142ostockiej","robots":{"index":"index","follow":"follow","max-snippet":"max-snippet:-1","max-image-preview":"max-image-preview:large","max-video-preview":"max-video-preview:-1"},"canonical":"https:\/\/wi.pb.edu.pl\/p\/tomasz-lukaszuk\/open-source-frameworks-for-rapid-application-development\/","og_locale":"pl_PL","og_type":"article","og_title":"Open Source Frameworks for Rapid Application Development - Strony pracownik\u00f3w Wydzia\u0142u Informatyki Politechniki Bia\u0142ostockiej","og_description":"Software Python and Ruby interpreter online IDE PyCharm IDE RubyMime IDE VSC Lectures osfrad_lectures.zip Taskwi\u0119cej","og_url":"https:\/\/wi.pb.edu.pl\/p\/tomasz-lukaszuk\/open-source-frameworks-for-rapid-application-development\/","og_site_name":"Strony pracownik\u00f3w Wydzia\u0142u Informatyki Politechniki Bia\u0142ostockiej","twitter_card":"summary_large_image","twitter_misc":{"Szacowany czas czytania":"1 minuta"},"schema":{"@context":"https:\/\/schema.org","@graph":[{"@type":"WebPage","@id":"https:\/\/wi.pb.edu.pl\/p\/tomasz-lukaszuk\/open-source-frameworks-for-rapid-application-development\/","url":"https:\/\/wi.pb.edu.pl\/p\/tomasz-lukaszuk\/open-source-frameworks-for-rapid-application-development\/","name":"Open Source Frameworks for Rapid Application Development - Strony pracownik\u00f3w Wydzia\u0142u Informatyki Politechniki Bia\u0142ostockiej","isPartOf":{"@id":"https:\/\/wi.pb.edu.pl\/p\/#website"},"datePublished":"2024-07-22T09:59:03+00:00","breadcrumb":{"@id":"https:\/\/wi.pb.edu.pl\/p\/tomasz-lukaszuk\/open-source-frameworks-for-rapid-application-development\/#breadcrumb"},"inLanguage":"pl-PL","potentialAction":[{"@type":"ReadAction","target":["https:\/\/wi.pb.edu.pl\/p\/tomasz-lukaszuk\/open-source-frameworks-for-rapid-application-development\/"]}]},{"@type":"BreadcrumbList","@id":"https:\/\/wi.pb.edu.pl\/p\/tomasz-lukaszuk\/open-source-frameworks-for-rapid-application-development\/#breadcrumb","itemListElement":[{"@type":"ListItem","position":1,"name":"Strona g\u0142\u00f3wna","item":"https:\/\/wi.pb.edu.pl\/p\/"},{"@type":"ListItem","position":2,"name":"dr in\u017c. Tomasz \u0141ukaszuk","item":"https:\/\/wi.pb.edu.pl\/p\/tomasz-lukaszuk\/"},{"@type":"ListItem","position":3,"name":"Open Source Frameworks for Rapid Application Development"}]},{"@type":"WebSite","@id":"https:\/\/wi.pb.edu.pl\/p\/#website","url":"https:\/\/wi.pb.edu.pl\/p\/","name":"Strony pracownik\u00f3w Wydzia\u0142u Informatyki Politechniki Bia\u0142ostockiej","description":"","potentialAction":[{"@type":"SearchAction","target":{"@type":"EntryPoint","urlTemplate":"https:\/\/wi.pb.edu.pl\/p\/?s={search_term_string}"},"query-input":{"@type":"PropertyValueSpecification","valueRequired":true,"valueName":"search_term_string"}}],"inLanguage":"pl-PL"}]}},"_links":{"self":[{"href":"https:\/\/wi.pb.edu.pl\/p\/wp-json\/wp\/v2\/pages\/1120","targetHints":{"allow":["GET"]}}],"collection":[{"href":"https:\/\/wi.pb.edu.pl\/p\/wp-json\/wp\/v2\/pages"}],"about":[{"href":"https:\/\/wi.pb.edu.pl\/p\/wp-json\/wp\/v2\/types\/page"}],"author":[{"embeddable":true,"href":"https:\/\/wi.pb.edu.pl\/p\/wp-json\/wp\/v2\/users\/14"}],"replies":[{"embeddable":true,"href":"https:\/\/wi.pb.edu.pl\/p\/wp-json\/wp\/v2\/comments?post=1120"}],"version-history":[{"count":1,"href":"https:\/\/wi.pb.edu.pl\/p\/wp-json\/wp\/v2\/pages\/1120\/revisions"}],"predecessor-version":[{"id":1126,"href":"https:\/\/wi.pb.edu.pl\/p\/wp-json\/wp\/v2\/pages\/1120\/revisions\/1126"}],"up":[{"embeddable":true,"href":"https:\/\/wi.pb.edu.pl\/p\/wp-json\/wp\/v2\/pages\/1105"}],"wp:attachment":[{"href":"https:\/\/wi.pb.edu.pl\/p\/wp-json\/wp\/v2\/media?parent=1120"}],"curies":[{"name":"wp","href":"https:\/\/api.w.org\/{rel}","templated":true}]}}