{"id":1136,"date":"2024-07-22T12:11:14","date_gmt":"2024-07-22T10:11:14","guid":{"rendered":"https:\/\/wi.pb.edu.pl\/p\/?page_id=1136"},"modified":"2024-09-17T10:34:41","modified_gmt":"2024-09-17T08:34:41","slug":"materialy-do-zajec","status":"publish","type":"page","link":"https:\/\/wi.pb.edu.pl\/p\/tomasz-lukaszuk\/materialy-do-zajec\/","title":{"rendered":"Materia\u0142y do zaj\u0119\u0107"},"content":{"rendered":"<hr>\n<h4>In\u017cynieria oprogramowania<\/h4>\n<ul>\n<li><a href=\"https:\/\/wi.pb.edu.pl\/p\/marek-kretowski\/dydaktyka\/inzynieria-oprogramowania\/inzynieria-oprogramowania-pracownia-specjalistyczna\/\">Program zaj\u0119\u0107 pracowni specjalistycznej &#8211; studia stacjonarne<\/a><\/li>\n<li><a href=\"https:\/\/wi.pb.edu.pl\/p\/marek-kretowski\/dydaktyka\/inzynieria-oprogramowania-z\/inzynieria-oprogramowania-pracownia-specjalistyczna\/\">Program zaj\u0119\u0107 pracowni specjalistycznej &#8211; studia niestacjonarne<\/a><\/li>\n<li><a title=\"Materia\u0142y do zaj\u0119\u0107\" href=\"https:\/\/wi.pb.edu.pl\/p\/tomasz-lukaszuk\/materialy-do-zajec\/\">Przyk\u0142adowe tre\u015bci zada\u0144 projektowych<\/a><\/li>\n<li><a href=\"https:\/\/wi.pb.edu.pl\/p\/marek-kretowski\/dydaktyka\/pracownia-specjalistyczna-wprawki-uml\/\">Wprawki UML<\/a><\/li>\n<li><a href=\"https:\/\/wi.pb.edu.pl\/p\/marek-kretowski\/dydaktyka\/zrodla-wiedzy\/pomocnik-uml\/\">Pomocnik UML<\/a><\/li>\n<li><a href=\"http:\/\/cez.wi.pb.edu.pl\/moodle19\/course\/view.php?id=379\">Kurs eLearningowy w CEZ-WIPB<\/a><\/li>\n<li><a href=\"http:\/\/cez.wi.pb.edu.pl\/moodle19\/course\/view.php?id=478\">Kurs w CEZ-WIPB &#8211; studia niestacjonarne<\/a><\/li>\n<li><a href=\"https:\/\/wi.pb.edu.pl\/p\/marek-kretowski\/dydaktyka\/inzynieria-oprogramowania-p-ti\/\">Program zaj\u0119\u0107 pracowni specjalistycznej &#8211; studia niestacjonarne podyplomowe<\/a><\/li>\n<li><a title=\"Pracownia specjalistyczna \u2013 wprawki UML\" href=\"https:\/\/wi.pb.edu.pl\/p\/marek-kretowski\/dydaktyka\/pracownia-specjalistyczna-wprawki-uml\/\">Wprawki UML(A,B)<\/a>,&nbsp;<a title=\"WprawkiC\" href=\"https:\/\/wi.pb.edu.pl\/p\/tomasz-lukaszuk\/materialy-do-zajec\/wprawkic\/\">Wprawki UML(C)<\/a><\/li>\n<\/ul>\n<hr>\n<h4>Rozwi\u0105zania szkieletowe w tworzeniu aplikacji<\/h4>\n<ul>\n<li><a href=\"http:\/\/cez.wi.pb.edu.pl\/moodle19\/course\/view.php?id=170\">Kurs w CEZ-WIPB<\/a><\/li>\n<li><a href=\"http:\/\/cez.wi.pb.edu.pl\/moodle19\/course\/view.php?id=563\">Kurs w CEZ-WIPB &#8211; studia niestacjonarne<\/a><\/li>\n<\/ul>\n<hr>\n<h4>Budowa aplikacji sieciowych<\/h4>\n<ul>\n<li><a href=\"http:\/\/cez.wi.pb.edu.pl\/moodle19\/course\/view.php?id=397\">Kurs w CEZ-WIPB<\/a><\/li>\n<\/ul>\n<hr>\n<h4>Programowanie aplikacji w j\u0119zyku JavaScript<\/h4>\n<ul>\n<li><a href=\"https:\/\/cez2.wi.pb.edu.pl\/moodle\/course\/view.php?id=259\">Kurs w CEZ2-WIPB<\/a><\/li>\n<\/ul>\n","protected":false},"excerpt":{"rendered":"<p>In\u017cynieria oprogramowania Program zaj\u0119\u0107 pracowni specjalistycznej &#8211; studia stacjonarne Program zaj\u0119\u0107 pracowni specjalistycznej &#8211; studia<a class=\"read-more\" href=\"https:\/\/wi.pb.edu.pl\/p\/tomasz-lukaszuk\/materialy-do-zajec\/\" title=\"Poka\u017c artyku\u0142 Materia\u0142y do zaj\u0119\u0107\">wi\u0119cej<\/a><\/p>\n","protected":false},"author":14,"featured_media":0,"parent":1105,"menu_order":0,"comment_status":"closed","ping_status":"closed","template":"","meta":{"inline_featured_image":false,"ngg_post_thumbnail":0,"footnotes":""},"class_list":["post-1136","page","type-page","status-publish","hentry"],"acf":[],"yoast_head":"<!-- This site is optimized with the Yoast SEO plugin v26.4 - https:\/\/yoast.com\/wordpress\/plugins\/seo\/ -->\n<title>Materia\u0142y do zaj\u0119\u0107 - Strony pracownik\u00f3w Wydzia\u0142u Informatyki Politechniki Bia\u0142ostockiej<\/title>\n<meta name=\"robots\" content=\"index, follow, max-snippet:-1, max-image-preview:large, max-video-preview:-1\" \/>\n<link rel=\"canonical\" href=\"https:\/\/wi.pb.edu.pl\/p\/tomasz-lukaszuk\/materialy-do-zajec\/\" \/>\n<meta property=\"og:locale\" content=\"pl_PL\" \/>\n<meta property=\"og:type\" content=\"article\" \/>\n<meta property=\"og:title\" content=\"Materia\u0142y do zaj\u0119\u0107 - Strony pracownik\u00f3w Wydzia\u0142u Informatyki Politechniki Bia\u0142ostockiej\" \/>\n<meta property=\"og:description\" content=\"In\u017cynieria oprogramowania Program zaj\u0119\u0107 pracowni specjalistycznej &#8211; studia stacjonarne Program zaj\u0119\u0107 pracowni specjalistycznej &#8211; studiawi\u0119cej\" \/>\n<meta property=\"og:url\" content=\"https:\/\/wi.pb.edu.pl\/p\/tomasz-lukaszuk\/materialy-do-zajec\/\" \/>\n<meta property=\"og:site_name\" content=\"Strony pracownik\u00f3w Wydzia\u0142u Informatyki Politechniki Bia\u0142ostockiej\" \/>\n<meta property=\"article:modified_time\" content=\"2024-09-17T08:34:41+00:00\" \/>\n<meta name=\"twitter:card\" content=\"summary_large_image\" \/>\n<meta name=\"twitter:label1\" content=\"Szacowany czas czytania\" \/>\n\t<meta name=\"twitter:data1\" content=\"1 minuta\" \/>\n<script type=\"application\/ld+json\" class=\"yoast-schema-graph\">{\"@context\":\"https:\/\/schema.org\",\"@graph\":[{\"@type\":\"WebPage\",\"@id\":\"https:\/\/wi.pb.edu.pl\/p\/tomasz-lukaszuk\/materialy-do-zajec\/\",\"url\":\"https:\/\/wi.pb.edu.pl\/p\/tomasz-lukaszuk\/materialy-do-zajec\/\",\"name\":\"Materia\u0142y do zaj\u0119\u0107 - Strony pracownik\u00f3w Wydzia\u0142u Informatyki Politechniki Bia\u0142ostockiej\",\"isPartOf\":{\"@id\":\"https:\/\/wi.pb.edu.pl\/p\/#website\"},\"datePublished\":\"2024-07-22T10:11:14+00:00\",\"dateModified\":\"2024-09-17T08:34:41+00:00\",\"breadcrumb\":{\"@id\":\"https:\/\/wi.pb.edu.pl\/p\/tomasz-lukaszuk\/materialy-do-zajec\/#breadcrumb\"},\"inLanguage\":\"pl-PL\",\"potentialAction\":[{\"@type\":\"ReadAction\",\"target\":[\"https:\/\/wi.pb.edu.pl\/p\/tomasz-lukaszuk\/materialy-do-zajec\/\"]}]},{\"@type\":\"BreadcrumbList\",\"@id\":\"https:\/\/wi.pb.edu.pl\/p\/tomasz-lukaszuk\/materialy-do-zajec\/#breadcrumb\",\"itemListElement\":[{\"@type\":\"ListItem\",\"position\":1,\"name\":\"Strona g\u0142\u00f3wna\",\"item\":\"https:\/\/wi.pb.edu.pl\/p\/\"},{\"@type\":\"ListItem\",\"position\":2,\"name\":\"dr in\u017c. Tomasz \u0141ukaszuk\",\"item\":\"https:\/\/wi.pb.edu.pl\/p\/tomasz-lukaszuk\/\"},{\"@type\":\"ListItem\",\"position\":3,\"name\":\"Materia\u0142y do zaj\u0119\u0107\"}]},{\"@type\":\"WebSite\",\"@id\":\"https:\/\/wi.pb.edu.pl\/p\/#website\",\"url\":\"https:\/\/wi.pb.edu.pl\/p\/\",\"name\":\"Strony pracownik\u00f3w Wydzia\u0142u Informatyki Politechniki Bia\u0142ostockiej\",\"description\":\"\",\"potentialAction\":[{\"@type\":\"SearchAction\",\"target\":{\"@type\":\"EntryPoint\",\"urlTemplate\":\"https:\/\/wi.pb.edu.pl\/p\/?s={search_term_string}\"},\"query-input\":{\"@type\":\"PropertyValueSpecification\",\"valueRequired\":true,\"valueName\":\"search_term_string\"}}],\"inLanguage\":\"pl-PL\"}]}<\/script>\n<!-- \/ Yoast SEO plugin. -->","yoast_head_json":{"title":"Materia\u0142y do zaj\u0119\u0107 - Strony pracownik\u00f3w Wydzia\u0142u Informatyki Politechniki Bia\u0142ostockiej","robots":{"index":"index","follow":"follow","max-snippet":"max-snippet:-1","max-image-preview":"max-image-preview:large","max-video-preview":"max-video-preview:-1"},"canonical":"https:\/\/wi.pb.edu.pl\/p\/tomasz-lukaszuk\/materialy-do-zajec\/","og_locale":"pl_PL","og_type":"article","og_title":"Materia\u0142y do zaj\u0119\u0107 - Strony pracownik\u00f3w Wydzia\u0142u Informatyki Politechniki Bia\u0142ostockiej","og_description":"In\u017cynieria oprogramowania Program zaj\u0119\u0107 pracowni specjalistycznej &#8211; studia stacjonarne Program zaj\u0119\u0107 pracowni specjalistycznej &#8211; studiawi\u0119cej","og_url":"https:\/\/wi.pb.edu.pl\/p\/tomasz-lukaszuk\/materialy-do-zajec\/","og_site_name":"Strony pracownik\u00f3w Wydzia\u0142u Informatyki Politechniki Bia\u0142ostockiej","article_modified_time":"2024-09-17T08:34:41+00:00","twitter_card":"summary_large_image","twitter_misc":{"Szacowany czas czytania":"1 minuta"},"schema":{"@context":"https:\/\/schema.org","@graph":[{"@type":"WebPage","@id":"https:\/\/wi.pb.edu.pl\/p\/tomasz-lukaszuk\/materialy-do-zajec\/","url":"https:\/\/wi.pb.edu.pl\/p\/tomasz-lukaszuk\/materialy-do-zajec\/","name":"Materia\u0142y do zaj\u0119\u0107 - Strony pracownik\u00f3w Wydzia\u0142u Informatyki Politechniki Bia\u0142ostockiej","isPartOf":{"@id":"https:\/\/wi.pb.edu.pl\/p\/#website"},"datePublished":"2024-07-22T10:11:14+00:00","dateModified":"2024-09-17T08:34:41+00:00","breadcrumb":{"@id":"https:\/\/wi.pb.edu.pl\/p\/tomasz-lukaszuk\/materialy-do-zajec\/#breadcrumb"},"inLanguage":"pl-PL","potentialAction":[{"@type":"ReadAction","target":["https:\/\/wi.pb.edu.pl\/p\/tomasz-lukaszuk\/materialy-do-zajec\/"]}]},{"@type":"BreadcrumbList","@id":"https:\/\/wi.pb.edu.pl\/p\/tomasz-lukaszuk\/materialy-do-zajec\/#breadcrumb","itemListElement":[{"@type":"ListItem","position":1,"name":"Strona g\u0142\u00f3wna","item":"https:\/\/wi.pb.edu.pl\/p\/"},{"@type":"ListItem","position":2,"name":"dr in\u017c. Tomasz \u0141ukaszuk","item":"https:\/\/wi.pb.edu.pl\/p\/tomasz-lukaszuk\/"},{"@type":"ListItem","position":3,"name":"Materia\u0142y do zaj\u0119\u0107"}]},{"@type":"WebSite","@id":"https:\/\/wi.pb.edu.pl\/p\/#website","url":"https:\/\/wi.pb.edu.pl\/p\/","name":"Strony pracownik\u00f3w Wydzia\u0142u Informatyki Politechniki Bia\u0142ostockiej","description":"","potentialAction":[{"@type":"SearchAction","target":{"@type":"EntryPoint","urlTemplate":"https:\/\/wi.pb.edu.pl\/p\/?s={search_term_string}"},"query-input":{"@type":"PropertyValueSpecification","valueRequired":true,"valueName":"search_term_string"}}],"inLanguage":"pl-PL"}]}},"_links":{"self":[{"href":"https:\/\/wi.pb.edu.pl\/p\/wp-json\/wp\/v2\/pages\/1136","targetHints":{"allow":["GET"]}}],"collection":[{"href":"https:\/\/wi.pb.edu.pl\/p\/wp-json\/wp\/v2\/pages"}],"about":[{"href":"https:\/\/wi.pb.edu.pl\/p\/wp-json\/wp\/v2\/types\/page"}],"author":[{"embeddable":true,"href":"https:\/\/wi.pb.edu.pl\/p\/wp-json\/wp\/v2\/users\/14"}],"replies":[{"embeddable":true,"href":"https:\/\/wi.pb.edu.pl\/p\/wp-json\/wp\/v2\/comments?post=1136"}],"version-history":[{"count":4,"href":"https:\/\/wi.pb.edu.pl\/p\/wp-json\/wp\/v2\/pages\/1136\/revisions"}],"predecessor-version":[{"id":1883,"href":"https:\/\/wi.pb.edu.pl\/p\/wp-json\/wp\/v2\/pages\/1136\/revisions\/1883"}],"up":[{"embeddable":true,"href":"https:\/\/wi.pb.edu.pl\/p\/wp-json\/wp\/v2\/pages\/1105"}],"wp:attachment":[{"href":"https:\/\/wi.pb.edu.pl\/p\/wp-json\/wp\/v2\/media?parent=1136"}],"curies":[{"name":"wp","href":"https:\/\/api.w.org\/{rel}","templated":true}]}}