{"id":1150,"date":"2024-07-22T12:29:04","date_gmt":"2024-07-22T10:29:04","guid":{"rendered":"https:\/\/wi.pb.edu.pl\/p\/?page_id=1150"},"modified":"2024-09-16T13:32:42","modified_gmt":"2024-09-16T11:32:42","slug":"pawel-tadejko","status":"publish","type":"page","link":"https:\/\/wi.pb.edu.pl\/p\/pawel-tadejko\/","title":{"rendered":"dr in\u017c. Pawe\u0142 Tadejko"},"content":{"rendered":"<div class=\"tab_body\">\n<p><strong>Witam,<\/strong><\/p>\n<p>&#8230;na mojej stronie domowej wyk\u0142adowcy Wydzia\u0142u Informatyki Politechniki Bia\u0142ostockiej<\/p>\n<p>Swoj\u0105 przygod\u0119 z informatyk\u0105 rozpocz\u0105\u0142em do\u015b\u0107 wcze\u015bnie. Na pocz\u0105tku by\u0142o to przedszkole o profilu informatycznym, a potem podstaw\u00f3wka z rozszerzon\u0105 matematyk\u0105. W czasach kiedy najlepsz\u0105 kart\u0105 grafiki na PC by\u0142o&nbsp;<a href=\"http:\/\/pl.wikipedia.org\/wiki\/Color_Graphics_Adapter\">CGA<\/a>, na Politechnice Bia\u0142ostockiej nie by\u0142o jeszcze Wydzia\u0142u Informatyki (wtedy Instytutu), napisa\u0142em sw\u00f3j pierszy program w BASICu na&nbsp;<a href=\"http:\/\/pl.wikipedia.org\/wiki\/Rodzina_8-bitowych_Atari\">ATARI 800XL<\/a>. Zastanawi\u0105j\u0105ce, \u017ce po raz pierwszy u\u017cy\u0142em intuicyjnie do tego celu p\u0119tli FOR nie wiedz\u0105c w og\u00f3le co to p\u0119tla. \ud83d\ude09<\/p>\n<p>Na studia informatyczne wybra\u0142em si\u0119 z czystej ciekawo\u015bci i&#8230; po gor\u0105cych namowach wychowawczyni (&#8222;Pawe\u0142, zastan\u00f3w si\u0119, przecie\u017c po technikum nie masz \u017cadnych szans&#8230;&#8221;). S\u0142owo Informatyka brzmia\u0142o jednak tak tajemniczo&#8230; cokolwiek mia\u0142oby znaczy\u0107.<\/p>\n<p>Obecnie pracuj\u0119 na stanowisku wyk\u0142adowcy na Wydziale Informatyki Politechniki Bia\u0142ostockiej. Praca w kilku firmach bran\u017cy IT, pozwoli\u0142a mi zdoby\u0107 dodatkowe do\u015bwiadczenie praktyczne w obszarach programowania, a p\u00f3\u017aniej&#8230; in\u017cynierii oprogramowania, zarz\u0105dzania projektami oraz projektowania architektur system\u00f3w informatycznych.<\/p>\n<\/div>\n<div class=\"tab_body\">\n<p>&nbsp;<\/p>\n<p>&nbsp;<\/p>\n<\/div>\n<div class=\"row\">\n<div class=\"col-sm-4 text-center\"><a class=\"button text-center animated zoomIn lead\" style=\"width: 100%\" title=\"O mnie\" href=\"https:\/\/wi.pb.edu.pl\/p\/pawel-tadejko\/o-mnie\/\">O mnie<\/a><\/div>\n<div class=\"col-sm-4 text-center\"><a class=\"button text-center animated zoomIn lead\" style=\"width: 100%\" title=\"Dydaktyka\" href=\"https:\/\/wi.pb.edu.pl\/p\/pawel-tadejko\/dydaktyka\/\">Dydaktyka<\/a><\/div>\n<div class=\"col-sm-4 text-center\"><a class=\"button text-center animated zoomIn lead\" style=\"width: 100%\" title=\"Nauka\" href=\"https:\/\/wi.pb.edu.pl\/p\/pawel-tadejko\/nauka\/\">Nauka<\/a><\/div>\n<div class=\"col-sm-4 text-center\"><a class=\"button text-center animated zoomIn lead\" style=\"width: 100%\" title=\"Pasja\" href=\"https:\/\/wi.pb.edu.pl\/p\/pawel-tadejko\/pasja\/\">Pasja<\/a><\/div>\n<div class=\"col-sm-4 text-center\"><a class=\"button text-center animated zoomIn lead\" style=\"width: 100%\" title=\"Oferta\" href=\"https:\/\/wi.pb.edu.pl\/pawel-tadejko\/oferta\/\">Oferta<\/a><\/div>\n<div class=\"col-sm-4 text-center\"><a class=\"button text-center animated zoomIn lead\" style=\"width: 100%\" title=\"Kontakt\" href=\"https:\/\/wi.pb.edu.pl\/p\/pawel-tadejko\/kontakt\/\">Kontakt<\/a><\/div>\n<\/div>\n","protected":false},"excerpt":{"rendered":"<p>Witam, &#8230;na mojej stronie domowej wyk\u0142adowcy Wydzia\u0142u Informatyki Politechniki Bia\u0142ostockiej Swoj\u0105 przygod\u0119 z informatyk\u0105 rozpocz\u0105\u0142em<a class=\"read-more\" href=\"https:\/\/wi.pb.edu.pl\/p\/pawel-tadejko\/\" title=\"Poka\u017c artyku\u0142 dr in\u017c. Pawe\u0142 Tadejko\">wi\u0119cej<\/a><\/p>\n","protected":false},"author":14,"featured_media":0,"parent":0,"menu_order":0,"comment_status":"closed","ping_status":"closed","template":"","meta":{"inline_featured_image":false,"ngg_post_thumbnail":0,"footnotes":""},"class_list":["post-1150","page","type-page","status-publish","hentry"],"acf":[],"yoast_head":"<!-- This site is optimized with the Yoast SEO plugin v26.4 - https:\/\/yoast.com\/wordpress\/plugins\/seo\/ -->\n<title>dr in\u017c. Pawe\u0142 Tadejko - Strony pracownik\u00f3w Wydzia\u0142u Informatyki Politechniki Bia\u0142ostockiej<\/title>\n<meta name=\"robots\" content=\"index, follow, max-snippet:-1, max-image-preview:large, max-video-preview:-1\" \/>\n<link rel=\"canonical\" href=\"https:\/\/wi.pb.edu.pl\/p\/pawel-tadejko\/\" \/>\n<meta property=\"og:locale\" content=\"pl_PL\" \/>\n<meta property=\"og:type\" content=\"article\" \/>\n<meta property=\"og:title\" content=\"dr in\u017c. Pawe\u0142 Tadejko - Strony pracownik\u00f3w Wydzia\u0142u Informatyki Politechniki Bia\u0142ostockiej\" \/>\n<meta property=\"og:description\" content=\"Witam, &#8230;na mojej stronie domowej wyk\u0142adowcy Wydzia\u0142u Informatyki Politechniki Bia\u0142ostockiej Swoj\u0105 przygod\u0119 z informatyk\u0105 rozpocz\u0105\u0142emwi\u0119cej\" \/>\n<meta property=\"og:url\" content=\"https:\/\/wi.pb.edu.pl\/p\/pawel-tadejko\/\" \/>\n<meta property=\"og:site_name\" content=\"Strony pracownik\u00f3w Wydzia\u0142u Informatyki Politechniki Bia\u0142ostockiej\" \/>\n<meta property=\"article:modified_time\" content=\"2024-09-16T11:32:42+00:00\" \/>\n<meta name=\"twitter:card\" content=\"summary_large_image\" \/>\n<meta name=\"twitter:label1\" content=\"Szacowany czas czytania\" \/>\n\t<meta name=\"twitter:data1\" content=\"1 minuta\" \/>\n<script type=\"application\/ld+json\" class=\"yoast-schema-graph\">{\"@context\":\"https:\/\/schema.org\",\"@graph\":[{\"@type\":\"WebPage\",\"@id\":\"https:\/\/wi.pb.edu.pl\/p\/pawel-tadejko\/\",\"url\":\"https:\/\/wi.pb.edu.pl\/p\/pawel-tadejko\/\",\"name\":\"dr in\u017c. Pawe\u0142 Tadejko - Strony pracownik\u00f3w Wydzia\u0142u Informatyki Politechniki Bia\u0142ostockiej\",\"isPartOf\":{\"@id\":\"https:\/\/wi.pb.edu.pl\/p\/#website\"},\"datePublished\":\"2024-07-22T10:29:04+00:00\",\"dateModified\":\"2024-09-16T11:32:42+00:00\",\"breadcrumb\":{\"@id\":\"https:\/\/wi.pb.edu.pl\/p\/pawel-tadejko\/#breadcrumb\"},\"inLanguage\":\"pl-PL\",\"potentialAction\":[{\"@type\":\"ReadAction\",\"target\":[\"https:\/\/wi.pb.edu.pl\/p\/pawel-tadejko\/\"]}]},{\"@type\":\"BreadcrumbList\",\"@id\":\"https:\/\/wi.pb.edu.pl\/p\/pawel-tadejko\/#breadcrumb\",\"itemListElement\":[{\"@type\":\"ListItem\",\"position\":1,\"name\":\"Strona g\u0142\u00f3wna\",\"item\":\"https:\/\/wi.pb.edu.pl\/p\/\"},{\"@type\":\"ListItem\",\"position\":2,\"name\":\"dr in\u017c. Pawe\u0142 Tadejko\"}]},{\"@type\":\"WebSite\",\"@id\":\"https:\/\/wi.pb.edu.pl\/p\/#website\",\"url\":\"https:\/\/wi.pb.edu.pl\/p\/\",\"name\":\"Strony pracownik\u00f3w Wydzia\u0142u Informatyki Politechniki Bia\u0142ostockiej\",\"description\":\"\",\"potentialAction\":[{\"@type\":\"SearchAction\",\"target\":{\"@type\":\"EntryPoint\",\"urlTemplate\":\"https:\/\/wi.pb.edu.pl\/p\/?s={search_term_string}\"},\"query-input\":{\"@type\":\"PropertyValueSpecification\",\"valueRequired\":true,\"valueName\":\"search_term_string\"}}],\"inLanguage\":\"pl-PL\"}]}<\/script>\n<!-- \/ Yoast SEO plugin. -->","yoast_head_json":{"title":"dr in\u017c. Pawe\u0142 Tadejko - Strony pracownik\u00f3w Wydzia\u0142u Informatyki Politechniki Bia\u0142ostockiej","robots":{"index":"index","follow":"follow","max-snippet":"max-snippet:-1","max-image-preview":"max-image-preview:large","max-video-preview":"max-video-preview:-1"},"canonical":"https:\/\/wi.pb.edu.pl\/p\/pawel-tadejko\/","og_locale":"pl_PL","og_type":"article","og_title":"dr in\u017c. Pawe\u0142 Tadejko - Strony pracownik\u00f3w Wydzia\u0142u Informatyki Politechniki Bia\u0142ostockiej","og_description":"Witam, &#8230;na mojej stronie domowej wyk\u0142adowcy Wydzia\u0142u Informatyki Politechniki Bia\u0142ostockiej Swoj\u0105 przygod\u0119 z informatyk\u0105 rozpocz\u0105\u0142emwi\u0119cej","og_url":"https:\/\/wi.pb.edu.pl\/p\/pawel-tadejko\/","og_site_name":"Strony pracownik\u00f3w Wydzia\u0142u Informatyki Politechniki Bia\u0142ostockiej","article_modified_time":"2024-09-16T11:32:42+00:00","twitter_card":"summary_large_image","twitter_misc":{"Szacowany czas czytania":"1 minuta"},"schema":{"@context":"https:\/\/schema.org","@graph":[{"@type":"WebPage","@id":"https:\/\/wi.pb.edu.pl\/p\/pawel-tadejko\/","url":"https:\/\/wi.pb.edu.pl\/p\/pawel-tadejko\/","name":"dr in\u017c. Pawe\u0142 Tadejko - Strony pracownik\u00f3w Wydzia\u0142u Informatyki Politechniki Bia\u0142ostockiej","isPartOf":{"@id":"https:\/\/wi.pb.edu.pl\/p\/#website"},"datePublished":"2024-07-22T10:29:04+00:00","dateModified":"2024-09-16T11:32:42+00:00","breadcrumb":{"@id":"https:\/\/wi.pb.edu.pl\/p\/pawel-tadejko\/#breadcrumb"},"inLanguage":"pl-PL","potentialAction":[{"@type":"ReadAction","target":["https:\/\/wi.pb.edu.pl\/p\/pawel-tadejko\/"]}]},{"@type":"BreadcrumbList","@id":"https:\/\/wi.pb.edu.pl\/p\/pawel-tadejko\/#breadcrumb","itemListElement":[{"@type":"ListItem","position":1,"name":"Strona g\u0142\u00f3wna","item":"https:\/\/wi.pb.edu.pl\/p\/"},{"@type":"ListItem","position":2,"name":"dr in\u017c. Pawe\u0142 Tadejko"}]},{"@type":"WebSite","@id":"https:\/\/wi.pb.edu.pl\/p\/#website","url":"https:\/\/wi.pb.edu.pl\/p\/","name":"Strony pracownik\u00f3w Wydzia\u0142u Informatyki Politechniki Bia\u0142ostockiej","description":"","potentialAction":[{"@type":"SearchAction","target":{"@type":"EntryPoint","urlTemplate":"https:\/\/wi.pb.edu.pl\/p\/?s={search_term_string}"},"query-input":{"@type":"PropertyValueSpecification","valueRequired":true,"valueName":"search_term_string"}}],"inLanguage":"pl-PL"}]}},"_links":{"self":[{"href":"https:\/\/wi.pb.edu.pl\/p\/wp-json\/wp\/v2\/pages\/1150","targetHints":{"allow":["GET"]}}],"collection":[{"href":"https:\/\/wi.pb.edu.pl\/p\/wp-json\/wp\/v2\/pages"}],"about":[{"href":"https:\/\/wi.pb.edu.pl\/p\/wp-json\/wp\/v2\/types\/page"}],"author":[{"embeddable":true,"href":"https:\/\/wi.pb.edu.pl\/p\/wp-json\/wp\/v2\/users\/14"}],"replies":[{"embeddable":true,"href":"https:\/\/wi.pb.edu.pl\/p\/wp-json\/wp\/v2\/comments?post=1150"}],"version-history":[{"count":5,"href":"https:\/\/wi.pb.edu.pl\/p\/wp-json\/wp\/v2\/pages\/1150\/revisions"}],"predecessor-version":[{"id":1851,"href":"https:\/\/wi.pb.edu.pl\/p\/wp-json\/wp\/v2\/pages\/1150\/revisions\/1851"}],"wp:attachment":[{"href":"https:\/\/wi.pb.edu.pl\/p\/wp-json\/wp\/v2\/media?parent=1150"}],"curies":[{"name":"wp","href":"https:\/\/api.w.org\/{rel}","templated":true}]}}