{"id":1154,"date":"2024-07-22T12:34:42","date_gmt":"2024-07-22T10:34:42","guid":{"rendered":"https:\/\/wi.pb.edu.pl\/p\/?page_id=1154"},"modified":"2024-07-22T12:35:00","modified_gmt":"2024-07-22T10:35:00","slug":"o-mnie","status":"publish","type":"page","link":"https:\/\/wi.pb.edu.pl\/p\/pawel-tadejko\/o-mnie\/","title":{"rendered":"O mnie"},"content":{"rendered":"<p>Przez ostatnie kilka lat pe\u0142ni\u0119 rol\u0119 Architekta System\u00f3w IT w Sygnity S.A.. Zakres moich obowi\u0105zk\u00f3w obejmuje: analiz\u0119 wymaga\u0144 i projektowanie architektur logicznych i fizycznych rozwi\u0105za\u0144 informatycznych; tworzenie koncepcji zintegrowanych rozwi\u0105za\u0144 IT z wykorzystaniem architektury SOA oraz architektur komponentowych; analiz\u0119 koncepcyjna i projektowanie system\u00f3w IT z wykorzystaniem j\u0119zyka UML oraz metodyk obiektowych.<\/p>\n<p>W ten spos\u00f3b zdoby\u0142em szerokie do\u015bwiadczenia w tworzeniu architektur, analizie i projektowaniu zintegrowanych system\u00f3w informatycznych. Nabyte wiadomo\u015bci teoretyczne uda\u0142o mi si\u0119 z sukcesem wykorzysta\u0107 wielokrotnie w praktyce. Potwierdzona szkoleniami i certyfikatami, teoretyczna i praktyczna znajomo\u015b\u0107 obejmuje obszary metodyk zarz\u0105dzania projektami: PMBoK, PRINCE2; zagadnie\u0144 in\u017cynierii oprogramowania m.in. RUP i metodyk lekkich Agile, znajomo\u015b\u0107 metodyk obiektowych i j\u0119zyka UML (w tym narz\u0119dzi, m.in. Rational, Sparx Enterprise Architect).<\/p>\n<p>&nbsp;<\/p>\n<p>Wielokrotnie bra\u0142em udzia\u0142 w du\u017cych, cz\u0119sto centralnych projektach informatycznych, prowadzonych na poziomie ministerialnym (Ministerstwo Spraw Wewn\u0119trznych i Administracji, Ministerstwo Spraw Zagranicznych) czy Komend G\u0142\u00f3wnych Policji \/ Stra\u017cy Po\u017carnej.<\/p>\n<p>&nbsp;<\/p>\n<p>Przebyte kursy:<\/p>\n<ul>\n<li>Architektura korporacyjna TOGAF 8 for Practitioners (Architecting the Enterprise \/ 2009)<\/li>\n<li>Designing and Implementing OLAP Solutions with MS SQL Server 2000 (Politechnika Bia\u0142ostocka, Studium Informatyki w Zarz\u0105dzaniu i Biznesie \/ 2007)<\/li>\n<li>Praktyczne modelowanie UML 2.0 z wykorzystaniem Enterprise Architect (Erudis Process Management \/ 2006)<\/li>\n<li>PMI \/ PMBoK &#8211; Prowadzenie projekt\u00f3w informatycznych zgodnie z metodyk\u0105 PMBoK (ComputerLand S.A. \/ 2004)<\/li>\n<li>System jako\u015bci w produkcji oprogramowania (ComputerLand S.A. \/ 2002)<\/li>\n<li>Designer 6i: Kurs podstawowy (Oracle Polska \/ 2001)<\/li>\n<li>Profesjonalna obs\u0142uga klienta (GB Resources \/ 2001)<\/li>\n<li>Szkolenie w zakresie ochrony informacji niejawnych (ComputerLand S.A. \/ 2000)<\/li>\n<\/ul>\n<p>&nbsp;<\/p>\n<p>W ostatnich latach poszerzy\u0142em swoje do\u015bwiadczenia o znajomo\u015b\u0107 obszaru Programu Operacyjnego Innowacyjna Gospodarka oraz naby\u0142em praktyczne umiejetno\u015bci podczas prac nad przygotowywaniem projekt\u00f3w w szczeg\u00f3lno\u015bci z dzia\u0142ania 1.4-4.1 oraz 8.1\/8.2.<\/p>\n","protected":false},"excerpt":{"rendered":"<p>Przez ostatnie kilka lat pe\u0142ni\u0119 rol\u0119 Architekta System\u00f3w IT w Sygnity S.A.. Zakres moich obowi\u0105zk\u00f3w<a class=\"read-more\" href=\"https:\/\/wi.pb.edu.pl\/p\/pawel-tadejko\/o-mnie\/\" title=\"Poka\u017c artyku\u0142 O mnie\">wi\u0119cej<\/a><\/p>\n","protected":false},"author":14,"featured_media":0,"parent":1150,"menu_order":0,"comment_status":"closed","ping_status":"closed","template":"","meta":{"inline_featured_image":false,"ngg_post_thumbnail":0,"footnotes":""},"class_list":["post-1154","page","type-page","status-publish","hentry"],"acf":[],"yoast_head":"<!-- This site is optimized with the Yoast SEO plugin v26.4 - https:\/\/yoast.com\/wordpress\/plugins\/seo\/ -->\n<title>O mnie - Strony pracownik\u00f3w Wydzia\u0142u Informatyki Politechniki Bia\u0142ostockiej<\/title>\n<meta name=\"robots\" content=\"index, follow, max-snippet:-1, max-image-preview:large, max-video-preview:-1\" \/>\n<link rel=\"canonical\" href=\"https:\/\/wi.pb.edu.pl\/p\/pawel-tadejko\/o-mnie\/\" \/>\n<meta property=\"og:locale\" content=\"pl_PL\" \/>\n<meta property=\"og:type\" content=\"article\" \/>\n<meta property=\"og:title\" content=\"O mnie - Strony pracownik\u00f3w Wydzia\u0142u Informatyki Politechniki Bia\u0142ostockiej\" \/>\n<meta property=\"og:description\" content=\"Przez ostatnie kilka lat pe\u0142ni\u0119 rol\u0119 Architekta System\u00f3w IT w Sygnity S.A.. Zakres moich obowi\u0105zk\u00f3wwi\u0119cej\" \/>\n<meta property=\"og:url\" content=\"https:\/\/wi.pb.edu.pl\/p\/pawel-tadejko\/o-mnie\/\" \/>\n<meta property=\"og:site_name\" content=\"Strony pracownik\u00f3w Wydzia\u0142u Informatyki Politechniki Bia\u0142ostockiej\" \/>\n<meta property=\"article:modified_time\" content=\"2024-07-22T10:35:00+00:00\" \/>\n<meta name=\"twitter:card\" content=\"summary_large_image\" \/>\n<meta name=\"twitter:label1\" content=\"Szacowany czas czytania\" \/>\n\t<meta name=\"twitter:data1\" content=\"2 minuty\" \/>\n<script type=\"application\/ld+json\" class=\"yoast-schema-graph\">{\"@context\":\"https:\/\/schema.org\",\"@graph\":[{\"@type\":\"WebPage\",\"@id\":\"https:\/\/wi.pb.edu.pl\/p\/pawel-tadejko\/o-mnie\/\",\"url\":\"https:\/\/wi.pb.edu.pl\/p\/pawel-tadejko\/o-mnie\/\",\"name\":\"O mnie - Strony pracownik\u00f3w Wydzia\u0142u Informatyki Politechniki Bia\u0142ostockiej\",\"isPartOf\":{\"@id\":\"https:\/\/wi.pb.edu.pl\/p\/#website\"},\"datePublished\":\"2024-07-22T10:34:42+00:00\",\"dateModified\":\"2024-07-22T10:35:00+00:00\",\"breadcrumb\":{\"@id\":\"https:\/\/wi.pb.edu.pl\/p\/pawel-tadejko\/o-mnie\/#breadcrumb\"},\"inLanguage\":\"pl-PL\",\"potentialAction\":[{\"@type\":\"ReadAction\",\"target\":[\"https:\/\/wi.pb.edu.pl\/p\/pawel-tadejko\/o-mnie\/\"]}]},{\"@type\":\"BreadcrumbList\",\"@id\":\"https:\/\/wi.pb.edu.pl\/p\/pawel-tadejko\/o-mnie\/#breadcrumb\",\"itemListElement\":[{\"@type\":\"ListItem\",\"position\":1,\"name\":\"Strona g\u0142\u00f3wna\",\"item\":\"https:\/\/wi.pb.edu.pl\/p\/\"},{\"@type\":\"ListItem\",\"position\":2,\"name\":\"dr in\u017c. Pawe\u0142 Tadejko\",\"item\":\"https:\/\/wi.pb.edu.pl\/p\/pawel-tadejko\/\"},{\"@type\":\"ListItem\",\"position\":3,\"name\":\"O mnie\"}]},{\"@type\":\"WebSite\",\"@id\":\"https:\/\/wi.pb.edu.pl\/p\/#website\",\"url\":\"https:\/\/wi.pb.edu.pl\/p\/\",\"name\":\"Strony pracownik\u00f3w Wydzia\u0142u Informatyki Politechniki Bia\u0142ostockiej\",\"description\":\"\",\"potentialAction\":[{\"@type\":\"SearchAction\",\"target\":{\"@type\":\"EntryPoint\",\"urlTemplate\":\"https:\/\/wi.pb.edu.pl\/p\/?s={search_term_string}\"},\"query-input\":{\"@type\":\"PropertyValueSpecification\",\"valueRequired\":true,\"valueName\":\"search_term_string\"}}],\"inLanguage\":\"pl-PL\"}]}<\/script>\n<!-- \/ Yoast SEO plugin. -->","yoast_head_json":{"title":"O mnie - Strony pracownik\u00f3w Wydzia\u0142u Informatyki Politechniki Bia\u0142ostockiej","robots":{"index":"index","follow":"follow","max-snippet":"max-snippet:-1","max-image-preview":"max-image-preview:large","max-video-preview":"max-video-preview:-1"},"canonical":"https:\/\/wi.pb.edu.pl\/p\/pawel-tadejko\/o-mnie\/","og_locale":"pl_PL","og_type":"article","og_title":"O mnie - Strony pracownik\u00f3w Wydzia\u0142u Informatyki Politechniki Bia\u0142ostockiej","og_description":"Przez ostatnie kilka lat pe\u0142ni\u0119 rol\u0119 Architekta System\u00f3w IT w Sygnity S.A.. Zakres moich obowi\u0105zk\u00f3wwi\u0119cej","og_url":"https:\/\/wi.pb.edu.pl\/p\/pawel-tadejko\/o-mnie\/","og_site_name":"Strony pracownik\u00f3w Wydzia\u0142u Informatyki Politechniki Bia\u0142ostockiej","article_modified_time":"2024-07-22T10:35:00+00:00","twitter_card":"summary_large_image","twitter_misc":{"Szacowany czas czytania":"2 minuty"},"schema":{"@context":"https:\/\/schema.org","@graph":[{"@type":"WebPage","@id":"https:\/\/wi.pb.edu.pl\/p\/pawel-tadejko\/o-mnie\/","url":"https:\/\/wi.pb.edu.pl\/p\/pawel-tadejko\/o-mnie\/","name":"O mnie - Strony pracownik\u00f3w Wydzia\u0142u Informatyki Politechniki Bia\u0142ostockiej","isPartOf":{"@id":"https:\/\/wi.pb.edu.pl\/p\/#website"},"datePublished":"2024-07-22T10:34:42+00:00","dateModified":"2024-07-22T10:35:00+00:00","breadcrumb":{"@id":"https:\/\/wi.pb.edu.pl\/p\/pawel-tadejko\/o-mnie\/#breadcrumb"},"inLanguage":"pl-PL","potentialAction":[{"@type":"ReadAction","target":["https:\/\/wi.pb.edu.pl\/p\/pawel-tadejko\/o-mnie\/"]}]},{"@type":"BreadcrumbList","@id":"https:\/\/wi.pb.edu.pl\/p\/pawel-tadejko\/o-mnie\/#breadcrumb","itemListElement":[{"@type":"ListItem","position":1,"name":"Strona g\u0142\u00f3wna","item":"https:\/\/wi.pb.edu.pl\/p\/"},{"@type":"ListItem","position":2,"name":"dr in\u017c. Pawe\u0142 Tadejko","item":"https:\/\/wi.pb.edu.pl\/p\/pawel-tadejko\/"},{"@type":"ListItem","position":3,"name":"O mnie"}]},{"@type":"WebSite","@id":"https:\/\/wi.pb.edu.pl\/p\/#website","url":"https:\/\/wi.pb.edu.pl\/p\/","name":"Strony pracownik\u00f3w Wydzia\u0142u Informatyki Politechniki Bia\u0142ostockiej","description":"","potentialAction":[{"@type":"SearchAction","target":{"@type":"EntryPoint","urlTemplate":"https:\/\/wi.pb.edu.pl\/p\/?s={search_term_string}"},"query-input":{"@type":"PropertyValueSpecification","valueRequired":true,"valueName":"search_term_string"}}],"inLanguage":"pl-PL"}]}},"_links":{"self":[{"href":"https:\/\/wi.pb.edu.pl\/p\/wp-json\/wp\/v2\/pages\/1154","targetHints":{"allow":["GET"]}}],"collection":[{"href":"https:\/\/wi.pb.edu.pl\/p\/wp-json\/wp\/v2\/pages"}],"about":[{"href":"https:\/\/wi.pb.edu.pl\/p\/wp-json\/wp\/v2\/types\/page"}],"author":[{"embeddable":true,"href":"https:\/\/wi.pb.edu.pl\/p\/wp-json\/wp\/v2\/users\/14"}],"replies":[{"embeddable":true,"href":"https:\/\/wi.pb.edu.pl\/p\/wp-json\/wp\/v2\/comments?post=1154"}],"version-history":[{"count":2,"href":"https:\/\/wi.pb.edu.pl\/p\/wp-json\/wp\/v2\/pages\/1154\/revisions"}],"predecessor-version":[{"id":1156,"href":"https:\/\/wi.pb.edu.pl\/p\/wp-json\/wp\/v2\/pages\/1154\/revisions\/1156"}],"up":[{"embeddable":true,"href":"https:\/\/wi.pb.edu.pl\/p\/wp-json\/wp\/v2\/pages\/1150"}],"wp:attachment":[{"href":"https:\/\/wi.pb.edu.pl\/p\/wp-json\/wp\/v2\/media?parent=1154"}],"curies":[{"name":"wp","href":"https:\/\/api.w.org\/{rel}","templated":true}]}}