{"id":1157,"date":"2024-07-22T12:35:54","date_gmt":"2024-07-22T10:35:54","guid":{"rendered":"https:\/\/wi.pb.edu.pl\/p\/?page_id=1157"},"modified":"2024-07-22T12:35:54","modified_gmt":"2024-07-22T10:35:54","slug":"dydaktyka","status":"publish","type":"page","link":"https:\/\/wi.pb.edu.pl\/p\/pawel-tadejko\/dydaktyka\/","title":{"rendered":"Dydaktyka"},"content":{"rendered":"<p>Tematyka prowadzonych zaj\u0119\u0107 przesz\u0142a dos\u0107 du\u017c\u0105 ewolucj\u0119 je\u015bli chodzi o zakres i obszar merytoryczny. Pomijaj\u0105c niechlubny epizod z elektronik\u0105, moja przygoda dydaktyczna zaczyna\u0142a si\u0119 od przedmiot\u00f3w w\u0142a\u015bciwie sprz\u0119towych takich jak architektura komputer\u00f3w czy programowanie w j\u0119zyku assembler. Do najch\u0119tniej i najcz\u0119\u015bciej prowadzonych w ostatnich latach przedmiot\u00f3w nale\u017c\u0105 m.in. Grafika Komputerowa, Sieci Komputerowe i r\u00f3\u017cne wariacje w temacie programowania aplikacji internetowych: Programowanie w \u015arodowisku Sieciowym, Aplikacje Internetowe, Programowanie Aplikacji WWW.<\/p>\n<p>&nbsp;<\/p>\n<p>Tak przy okazji&#8230; Zadania projektowe powinny by\u0107 wysy\u0142ane tylko i wy\u0142\u0105cznie poprzez platform\u0119 e-learningow\u0105 moodle Wydzia\u0142u Informatyki PB,&nbsp;<a href=\"http:\/\/cez.wipb.pl\/moodle\/\">Centrum Edukacji Zdalnej WI\/PB<\/a><\/p>\n<p>&nbsp;<\/p>\n<p>Bie\u017c\u0105ce informacje dydaktyczne, terminy konsultacji oraz informacje zwi\u0105zane z zaliczeniami i organizacj\u0105 sesji s\u0105 umieszczane na&nbsp;<a href=\"http:\/\/ptadejko.blogspot.com\/\">moim blogu dydaktycznym<\/a>.<\/p>\n","protected":false},"excerpt":{"rendered":"<p>Tematyka prowadzonych zaj\u0119\u0107 przesz\u0142a dos\u0107 du\u017c\u0105 ewolucj\u0119 je\u015bli chodzi o zakres i obszar merytoryczny. Pomijaj\u0105c<a class=\"read-more\" href=\"https:\/\/wi.pb.edu.pl\/p\/pawel-tadejko\/dydaktyka\/\" title=\"Poka\u017c artyku\u0142 Dydaktyka\">wi\u0119cej<\/a><\/p>\n","protected":false},"author":14,"featured_media":0,"parent":1150,"menu_order":0,"comment_status":"closed","ping_status":"closed","template":"","meta":{"inline_featured_image":false,"ngg_post_thumbnail":0,"footnotes":""},"class_list":["post-1157","page","type-page","status-publish","hentry"],"acf":[],"yoast_head":"<!-- This site is optimized with the Yoast SEO plugin v26.4 - https:\/\/yoast.com\/wordpress\/plugins\/seo\/ -->\n<title>Dydaktyka - Strony pracownik\u00f3w Wydzia\u0142u Informatyki Politechniki Bia\u0142ostockiej<\/title>\n<meta name=\"robots\" content=\"index, follow, max-snippet:-1, max-image-preview:large, max-video-preview:-1\" \/>\n<link rel=\"canonical\" href=\"https:\/\/wi.pb.edu.pl\/p\/pawel-tadejko\/dydaktyka\/\" \/>\n<meta property=\"og:locale\" content=\"pl_PL\" \/>\n<meta property=\"og:type\" content=\"article\" \/>\n<meta property=\"og:title\" content=\"Dydaktyka - Strony pracownik\u00f3w Wydzia\u0142u Informatyki Politechniki Bia\u0142ostockiej\" \/>\n<meta property=\"og:description\" content=\"Tematyka prowadzonych zaj\u0119\u0107 przesz\u0142a dos\u0107 du\u017c\u0105 ewolucj\u0119 je\u015bli chodzi o zakres i obszar merytoryczny. Pomijaj\u0105cwi\u0119cej\" \/>\n<meta property=\"og:url\" content=\"https:\/\/wi.pb.edu.pl\/p\/pawel-tadejko\/dydaktyka\/\" \/>\n<meta property=\"og:site_name\" content=\"Strony pracownik\u00f3w Wydzia\u0142u Informatyki Politechniki Bia\u0142ostockiej\" \/>\n<meta name=\"twitter:card\" content=\"summary_large_image\" \/>\n<meta name=\"twitter:label1\" content=\"Szacowany czas czytania\" \/>\n\t<meta name=\"twitter:data1\" content=\"1 minuta\" \/>\n<script type=\"application\/ld+json\" class=\"yoast-schema-graph\">{\"@context\":\"https:\/\/schema.org\",\"@graph\":[{\"@type\":\"WebPage\",\"@id\":\"https:\/\/wi.pb.edu.pl\/p\/pawel-tadejko\/dydaktyka\/\",\"url\":\"https:\/\/wi.pb.edu.pl\/p\/pawel-tadejko\/dydaktyka\/\",\"name\":\"Dydaktyka - Strony pracownik\u00f3w Wydzia\u0142u Informatyki Politechniki Bia\u0142ostockiej\",\"isPartOf\":{\"@id\":\"https:\/\/wi.pb.edu.pl\/p\/#website\"},\"datePublished\":\"2024-07-22T10:35:54+00:00\",\"breadcrumb\":{\"@id\":\"https:\/\/wi.pb.edu.pl\/p\/pawel-tadejko\/dydaktyka\/#breadcrumb\"},\"inLanguage\":\"pl-PL\",\"potentialAction\":[{\"@type\":\"ReadAction\",\"target\":[\"https:\/\/wi.pb.edu.pl\/p\/pawel-tadejko\/dydaktyka\/\"]}]},{\"@type\":\"BreadcrumbList\",\"@id\":\"https:\/\/wi.pb.edu.pl\/p\/pawel-tadejko\/dydaktyka\/#breadcrumb\",\"itemListElement\":[{\"@type\":\"ListItem\",\"position\":1,\"name\":\"Strona g\u0142\u00f3wna\",\"item\":\"https:\/\/wi.pb.edu.pl\/p\/\"},{\"@type\":\"ListItem\",\"position\":2,\"name\":\"dr in\u017c. Pawe\u0142 Tadejko\",\"item\":\"https:\/\/wi.pb.edu.pl\/p\/pawel-tadejko\/\"},{\"@type\":\"ListItem\",\"position\":3,\"name\":\"Dydaktyka\"}]},{\"@type\":\"WebSite\",\"@id\":\"https:\/\/wi.pb.edu.pl\/p\/#website\",\"url\":\"https:\/\/wi.pb.edu.pl\/p\/\",\"name\":\"Strony pracownik\u00f3w Wydzia\u0142u Informatyki Politechniki Bia\u0142ostockiej\",\"description\":\"\",\"potentialAction\":[{\"@type\":\"SearchAction\",\"target\":{\"@type\":\"EntryPoint\",\"urlTemplate\":\"https:\/\/wi.pb.edu.pl\/p\/?s={search_term_string}\"},\"query-input\":{\"@type\":\"PropertyValueSpecification\",\"valueRequired\":true,\"valueName\":\"search_term_string\"}}],\"inLanguage\":\"pl-PL\"}]}<\/script>\n<!-- \/ Yoast SEO plugin. -->","yoast_head_json":{"title":"Dydaktyka - Strony pracownik\u00f3w Wydzia\u0142u Informatyki Politechniki Bia\u0142ostockiej","robots":{"index":"index","follow":"follow","max-snippet":"max-snippet:-1","max-image-preview":"max-image-preview:large","max-video-preview":"max-video-preview:-1"},"canonical":"https:\/\/wi.pb.edu.pl\/p\/pawel-tadejko\/dydaktyka\/","og_locale":"pl_PL","og_type":"article","og_title":"Dydaktyka - Strony pracownik\u00f3w Wydzia\u0142u Informatyki Politechniki Bia\u0142ostockiej","og_description":"Tematyka prowadzonych zaj\u0119\u0107 przesz\u0142a dos\u0107 du\u017c\u0105 ewolucj\u0119 je\u015bli chodzi o zakres i obszar merytoryczny. Pomijaj\u0105cwi\u0119cej","og_url":"https:\/\/wi.pb.edu.pl\/p\/pawel-tadejko\/dydaktyka\/","og_site_name":"Strony pracownik\u00f3w Wydzia\u0142u Informatyki Politechniki Bia\u0142ostockiej","twitter_card":"summary_large_image","twitter_misc":{"Szacowany czas czytania":"1 minuta"},"schema":{"@context":"https:\/\/schema.org","@graph":[{"@type":"WebPage","@id":"https:\/\/wi.pb.edu.pl\/p\/pawel-tadejko\/dydaktyka\/","url":"https:\/\/wi.pb.edu.pl\/p\/pawel-tadejko\/dydaktyka\/","name":"Dydaktyka - Strony pracownik\u00f3w Wydzia\u0142u Informatyki Politechniki Bia\u0142ostockiej","isPartOf":{"@id":"https:\/\/wi.pb.edu.pl\/p\/#website"},"datePublished":"2024-07-22T10:35:54+00:00","breadcrumb":{"@id":"https:\/\/wi.pb.edu.pl\/p\/pawel-tadejko\/dydaktyka\/#breadcrumb"},"inLanguage":"pl-PL","potentialAction":[{"@type":"ReadAction","target":["https:\/\/wi.pb.edu.pl\/p\/pawel-tadejko\/dydaktyka\/"]}]},{"@type":"BreadcrumbList","@id":"https:\/\/wi.pb.edu.pl\/p\/pawel-tadejko\/dydaktyka\/#breadcrumb","itemListElement":[{"@type":"ListItem","position":1,"name":"Strona g\u0142\u00f3wna","item":"https:\/\/wi.pb.edu.pl\/p\/"},{"@type":"ListItem","position":2,"name":"dr in\u017c. Pawe\u0142 Tadejko","item":"https:\/\/wi.pb.edu.pl\/p\/pawel-tadejko\/"},{"@type":"ListItem","position":3,"name":"Dydaktyka"}]},{"@type":"WebSite","@id":"https:\/\/wi.pb.edu.pl\/p\/#website","url":"https:\/\/wi.pb.edu.pl\/p\/","name":"Strony pracownik\u00f3w Wydzia\u0142u Informatyki Politechniki Bia\u0142ostockiej","description":"","potentialAction":[{"@type":"SearchAction","target":{"@type":"EntryPoint","urlTemplate":"https:\/\/wi.pb.edu.pl\/p\/?s={search_term_string}"},"query-input":{"@type":"PropertyValueSpecification","valueRequired":true,"valueName":"search_term_string"}}],"inLanguage":"pl-PL"}]}},"_links":{"self":[{"href":"https:\/\/wi.pb.edu.pl\/p\/wp-json\/wp\/v2\/pages\/1157","targetHints":{"allow":["GET"]}}],"collection":[{"href":"https:\/\/wi.pb.edu.pl\/p\/wp-json\/wp\/v2\/pages"}],"about":[{"href":"https:\/\/wi.pb.edu.pl\/p\/wp-json\/wp\/v2\/types\/page"}],"author":[{"embeddable":true,"href":"https:\/\/wi.pb.edu.pl\/p\/wp-json\/wp\/v2\/users\/14"}],"replies":[{"embeddable":true,"href":"https:\/\/wi.pb.edu.pl\/p\/wp-json\/wp\/v2\/comments?post=1157"}],"version-history":[{"count":1,"href":"https:\/\/wi.pb.edu.pl\/p\/wp-json\/wp\/v2\/pages\/1157\/revisions"}],"predecessor-version":[{"id":1158,"href":"https:\/\/wi.pb.edu.pl\/p\/wp-json\/wp\/v2\/pages\/1157\/revisions\/1158"}],"up":[{"embeddable":true,"href":"https:\/\/wi.pb.edu.pl\/p\/wp-json\/wp\/v2\/pages\/1150"}],"wp:attachment":[{"href":"https:\/\/wi.pb.edu.pl\/p\/wp-json\/wp\/v2\/media?parent=1157"}],"curies":[{"name":"wp","href":"https:\/\/api.w.org\/{rel}","templated":true}]}}