{"id":1161,"date":"2024-07-22T12:37:31","date_gmt":"2024-07-22T10:37:31","guid":{"rendered":"https:\/\/wi.pb.edu.pl\/p\/?page_id=1161"},"modified":"2024-07-22T12:37:31","modified_gmt":"2024-07-22T10:37:31","slug":"pasja","status":"publish","type":"page","link":"https:\/\/wi.pb.edu.pl\/p\/pawel-tadejko\/pasja\/","title":{"rendered":"Pasja"},"content":{"rendered":"<p>Swego czasu moj\u0105 pas\u0105 by\u0142o programowanie. Jednak kiedy u\u015bwiadomi\u0142em sobie, \u017ce powodzenie we wdro\u017ceniu du\u017cych system\u00f3w informatycznych tylko w niewielkim stopniu zale\u017cy od \u015bwietnych programist\u00f3w&#8230; a na odkrywanie nowych algorytm\u00f3w, kt\u00f3re zrewolucjonizuj\u0105 \u015bwiat s\u0105 nik\u0142e szanse, m\u00f3j zapa\u0142 troch\u0119 os\u0142ab\u0142 i postanowi\u0142em spr\u00f3bowa\u0107 czego\u015b innego&#8230;<\/p>\n<p>&nbsp;<\/p>\n<p>W ka\u017cdym b\u0105d\u017a razie obecnie za pasj\u0119 mo\u017cna uzna\u0107 fotografi\u0119. Bo czy\u017c kupowanie kolejnego obiektywu za r\u00f3wnowarto\u015b\u0107 trzech zwyk\u0142ych amatorskich lustrzanek, albo wstawanie 3 razy w tygodniu o 3-ciej nad ranem (a w\u0142a\u015bciwie w \u015brodku nocy) mo\u017cna nazwa\u0107 normalnym zachowaniem? Tylko pasja wymaga takiego po\u015bwi\u0119cenia.<\/p>\n<p>&nbsp;<\/p>\n<p><a href=\"http:\/\/paweltadejko.com\/\">Moja strona z portfolio fotograficznym<\/a><\/p>\n<p>&nbsp;<\/p>\n<p><a href=\"http:\/\/blog.magiapodlasia.pl\/\">M\u00f3j FotoBlog Krajobrazowy Podlasia<\/a><\/p>\n","protected":false},"excerpt":{"rendered":"<p>Swego czasu moj\u0105 pas\u0105 by\u0142o programowanie. Jednak kiedy u\u015bwiadomi\u0142em sobie, \u017ce powodzenie we wdro\u017ceniu du\u017cych<a class=\"read-more\" href=\"https:\/\/wi.pb.edu.pl\/p\/pawel-tadejko\/pasja\/\" title=\"Poka\u017c artyku\u0142 Pasja\">wi\u0119cej<\/a><\/p>\n","protected":false},"author":14,"featured_media":0,"parent":1150,"menu_order":0,"comment_status":"closed","ping_status":"closed","template":"","meta":{"inline_featured_image":false,"ngg_post_thumbnail":0,"footnotes":""},"class_list":["post-1161","page","type-page","status-publish","hentry"],"acf":[],"yoast_head":"<!-- This site is optimized with the Yoast SEO plugin v26.4 - https:\/\/yoast.com\/wordpress\/plugins\/seo\/ -->\n<title>Pasja - Strony pracownik\u00f3w Wydzia\u0142u Informatyki Politechniki Bia\u0142ostockiej<\/title>\n<meta name=\"robots\" content=\"index, follow, max-snippet:-1, max-image-preview:large, max-video-preview:-1\" \/>\n<link rel=\"canonical\" href=\"https:\/\/wi.pb.edu.pl\/p\/pawel-tadejko\/pasja\/\" \/>\n<meta property=\"og:locale\" content=\"pl_PL\" \/>\n<meta property=\"og:type\" content=\"article\" \/>\n<meta property=\"og:title\" content=\"Pasja - Strony pracownik\u00f3w Wydzia\u0142u Informatyki Politechniki Bia\u0142ostockiej\" \/>\n<meta property=\"og:description\" content=\"Swego czasu moj\u0105 pas\u0105 by\u0142o programowanie. Jednak kiedy u\u015bwiadomi\u0142em sobie, \u017ce powodzenie we wdro\u017ceniu du\u017cychwi\u0119cej\" \/>\n<meta property=\"og:url\" content=\"https:\/\/wi.pb.edu.pl\/p\/pawel-tadejko\/pasja\/\" \/>\n<meta property=\"og:site_name\" content=\"Strony pracownik\u00f3w Wydzia\u0142u Informatyki Politechniki Bia\u0142ostockiej\" \/>\n<meta name=\"twitter:card\" content=\"summary_large_image\" \/>\n<meta name=\"twitter:label1\" content=\"Szacowany czas czytania\" \/>\n\t<meta name=\"twitter:data1\" content=\"1 minuta\" \/>\n<script type=\"application\/ld+json\" class=\"yoast-schema-graph\">{\"@context\":\"https:\/\/schema.org\",\"@graph\":[{\"@type\":\"WebPage\",\"@id\":\"https:\/\/wi.pb.edu.pl\/p\/pawel-tadejko\/pasja\/\",\"url\":\"https:\/\/wi.pb.edu.pl\/p\/pawel-tadejko\/pasja\/\",\"name\":\"Pasja - Strony pracownik\u00f3w Wydzia\u0142u Informatyki Politechniki Bia\u0142ostockiej\",\"isPartOf\":{\"@id\":\"https:\/\/wi.pb.edu.pl\/p\/#website\"},\"datePublished\":\"2024-07-22T10:37:31+00:00\",\"breadcrumb\":{\"@id\":\"https:\/\/wi.pb.edu.pl\/p\/pawel-tadejko\/pasja\/#breadcrumb\"},\"inLanguage\":\"pl-PL\",\"potentialAction\":[{\"@type\":\"ReadAction\",\"target\":[\"https:\/\/wi.pb.edu.pl\/p\/pawel-tadejko\/pasja\/\"]}]},{\"@type\":\"BreadcrumbList\",\"@id\":\"https:\/\/wi.pb.edu.pl\/p\/pawel-tadejko\/pasja\/#breadcrumb\",\"itemListElement\":[{\"@type\":\"ListItem\",\"position\":1,\"name\":\"Strona g\u0142\u00f3wna\",\"item\":\"https:\/\/wi.pb.edu.pl\/p\/\"},{\"@type\":\"ListItem\",\"position\":2,\"name\":\"dr in\u017c. Pawe\u0142 Tadejko\",\"item\":\"https:\/\/wi.pb.edu.pl\/p\/pawel-tadejko\/\"},{\"@type\":\"ListItem\",\"position\":3,\"name\":\"Pasja\"}]},{\"@type\":\"WebSite\",\"@id\":\"https:\/\/wi.pb.edu.pl\/p\/#website\",\"url\":\"https:\/\/wi.pb.edu.pl\/p\/\",\"name\":\"Strony pracownik\u00f3w Wydzia\u0142u Informatyki Politechniki Bia\u0142ostockiej\",\"description\":\"\",\"potentialAction\":[{\"@type\":\"SearchAction\",\"target\":{\"@type\":\"EntryPoint\",\"urlTemplate\":\"https:\/\/wi.pb.edu.pl\/p\/?s={search_term_string}\"},\"query-input\":{\"@type\":\"PropertyValueSpecification\",\"valueRequired\":true,\"valueName\":\"search_term_string\"}}],\"inLanguage\":\"pl-PL\"}]}<\/script>\n<!-- \/ Yoast SEO plugin. -->","yoast_head_json":{"title":"Pasja - Strony pracownik\u00f3w Wydzia\u0142u Informatyki Politechniki Bia\u0142ostockiej","robots":{"index":"index","follow":"follow","max-snippet":"max-snippet:-1","max-image-preview":"max-image-preview:large","max-video-preview":"max-video-preview:-1"},"canonical":"https:\/\/wi.pb.edu.pl\/p\/pawel-tadejko\/pasja\/","og_locale":"pl_PL","og_type":"article","og_title":"Pasja - Strony pracownik\u00f3w Wydzia\u0142u Informatyki Politechniki Bia\u0142ostockiej","og_description":"Swego czasu moj\u0105 pas\u0105 by\u0142o programowanie. Jednak kiedy u\u015bwiadomi\u0142em sobie, \u017ce powodzenie we wdro\u017ceniu du\u017cychwi\u0119cej","og_url":"https:\/\/wi.pb.edu.pl\/p\/pawel-tadejko\/pasja\/","og_site_name":"Strony pracownik\u00f3w Wydzia\u0142u Informatyki Politechniki Bia\u0142ostockiej","twitter_card":"summary_large_image","twitter_misc":{"Szacowany czas czytania":"1 minuta"},"schema":{"@context":"https:\/\/schema.org","@graph":[{"@type":"WebPage","@id":"https:\/\/wi.pb.edu.pl\/p\/pawel-tadejko\/pasja\/","url":"https:\/\/wi.pb.edu.pl\/p\/pawel-tadejko\/pasja\/","name":"Pasja - Strony pracownik\u00f3w Wydzia\u0142u Informatyki Politechniki Bia\u0142ostockiej","isPartOf":{"@id":"https:\/\/wi.pb.edu.pl\/p\/#website"},"datePublished":"2024-07-22T10:37:31+00:00","breadcrumb":{"@id":"https:\/\/wi.pb.edu.pl\/p\/pawel-tadejko\/pasja\/#breadcrumb"},"inLanguage":"pl-PL","potentialAction":[{"@type":"ReadAction","target":["https:\/\/wi.pb.edu.pl\/p\/pawel-tadejko\/pasja\/"]}]},{"@type":"BreadcrumbList","@id":"https:\/\/wi.pb.edu.pl\/p\/pawel-tadejko\/pasja\/#breadcrumb","itemListElement":[{"@type":"ListItem","position":1,"name":"Strona g\u0142\u00f3wna","item":"https:\/\/wi.pb.edu.pl\/p\/"},{"@type":"ListItem","position":2,"name":"dr in\u017c. Pawe\u0142 Tadejko","item":"https:\/\/wi.pb.edu.pl\/p\/pawel-tadejko\/"},{"@type":"ListItem","position":3,"name":"Pasja"}]},{"@type":"WebSite","@id":"https:\/\/wi.pb.edu.pl\/p\/#website","url":"https:\/\/wi.pb.edu.pl\/p\/","name":"Strony pracownik\u00f3w Wydzia\u0142u Informatyki Politechniki Bia\u0142ostockiej","description":"","potentialAction":[{"@type":"SearchAction","target":{"@type":"EntryPoint","urlTemplate":"https:\/\/wi.pb.edu.pl\/p\/?s={search_term_string}"},"query-input":{"@type":"PropertyValueSpecification","valueRequired":true,"valueName":"search_term_string"}}],"inLanguage":"pl-PL"}]}},"_links":{"self":[{"href":"https:\/\/wi.pb.edu.pl\/p\/wp-json\/wp\/v2\/pages\/1161","targetHints":{"allow":["GET"]}}],"collection":[{"href":"https:\/\/wi.pb.edu.pl\/p\/wp-json\/wp\/v2\/pages"}],"about":[{"href":"https:\/\/wi.pb.edu.pl\/p\/wp-json\/wp\/v2\/types\/page"}],"author":[{"embeddable":true,"href":"https:\/\/wi.pb.edu.pl\/p\/wp-json\/wp\/v2\/users\/14"}],"replies":[{"embeddable":true,"href":"https:\/\/wi.pb.edu.pl\/p\/wp-json\/wp\/v2\/comments?post=1161"}],"version-history":[{"count":1,"href":"https:\/\/wi.pb.edu.pl\/p\/wp-json\/wp\/v2\/pages\/1161\/revisions"}],"predecessor-version":[{"id":1162,"href":"https:\/\/wi.pb.edu.pl\/p\/wp-json\/wp\/v2\/pages\/1161\/revisions\/1162"}],"up":[{"embeddable":true,"href":"https:\/\/wi.pb.edu.pl\/p\/wp-json\/wp\/v2\/pages\/1150"}],"wp:attachment":[{"href":"https:\/\/wi.pb.edu.pl\/p\/wp-json\/wp\/v2\/media?parent=1161"}],"curies":[{"name":"wp","href":"https:\/\/api.w.org\/{rel}","templated":true}]}}