{"id":1173,"date":"2024-07-23T08:45:53","date_gmt":"2024-07-23T06:45:53","guid":{"rendered":"https:\/\/wi.pb.edu.pl\/p\/?page_id=1173"},"modified":"2024-09-17T09:52:46","modified_gmt":"2024-09-17T07:52:46","slug":"anna-borowska","status":"publish","type":"page","link":"https:\/\/wi.pb.edu.pl\/p\/anna-borowska\/","title":{"rendered":"dr in\u017c. Anna Borowska"},"content":{"rendered":"<p><b>Wykszta\u0142cenie:<\/b><br \/>\n&nbsp;<i>dr nauk technicznych<\/i>&nbsp;(<i>informatyka<\/i>), (Politechnika Bia\u0142ostocka)<br \/>\n&nbsp;mgr matematyki (Uniwersytet w Bia\u0142ymstoku)<br \/>\n&nbsp;mgr in\u017c. informatyki, specjalno\u015b\u0107 in\u017cynieria oprogramowania (Politechnika Bia\u0142ostocka)<\/p>\n<p><b>Zainteresowania:<\/b>&nbsp;elementy kryptologii (wybrane metody krypto analizy), algorytmy probabilistyczne w dziedzinach sko\u0144czonych (w\u0142asno\u015bci, metody weryfikacji i redukcji warto\u015bciowa\u0144), jednorodne \u0142a\u0144cuchy Markova, logika algorytmiczna, uk\u0142adanie zada\u0144 programistycznych w ramach turnieju w programowaniu zespo\u0142owym<\/p>\n<p><b>Prowadzone przedmioty:<\/b>&nbsp;analiza matematyczna I i II, matematyka dyskretna, programowanie (C, C++, Java), algorytmy i struktury danych I i II, matematyczne podstawy kryptologii, komputerowe narz\u0119dzia matematyki<\/p>\n<p><b>Materia\u0142y dla student\u00f3w:<\/b><br \/>\n&nbsp;<a href=\"https:\/\/cez.wi.pb.edu.pl\/moodle\/login\/index.php\">https:\/\/cez.wi.pb.edu.pl\/moodle\/login\/index.php<\/a><br \/>\n&nbsp;matematyka dyskretna,&nbsp;algorytmy i struktury danych,&nbsp;analiza matematyczna,&nbsp;matematyczne podstawy kryptologii<\/p>\n<p><span style=\"font-size: large\"><b>Materia\u0142y dla student\u00f3w:<\/b><\/span><\/p>\n<p><b>Matematyka Dyskretna<\/b><\/p>\n<p>Literatura:<br \/>\n[1]. Bryant Victor: Aspekty kombinatoryki, Wydawnictwo Naukowo-Techniczne, Warszawa 1997,<br \/>\n[2]. Graham Ronald L., Knuth Donald E., Patashnik Oren: Matematyka konkretna, Wydawnictwo Naukowe PWN, Warszawa 1998,<br \/>\n[3]. Knuth Donald E.: Sztuka programowania, t. 1-3, Wydawnictwo Naukowo-Techniczne, Warszawa 2003,<br \/>\n[4]. Lipski Witold: Kombinatoryka dla programist\u00f3w, Wydawnictwo Naukowo-Techniczne, Warszawa 1982,<br \/>\n[5]. Ross Kenneth A., Wright Charles R.B.: Matematyka dyskretna, Wydawnictwo Naukowe PWN, Warszawa 2001,<br \/>\n[6]. Wilson Robin J.: Wstep do teorii graf\u00f3w, Wydawnictwo Naukowe PWN, Warszawa 1998,<\/p>\n<p>\u0106wiczenia:<br \/>\n[1].&nbsp;\u0106wiczenie 01<br \/>\n[2].&nbsp;\u0106wiczenie 02<br \/>\n[3].&nbsp;\u0106wiczenie 03<br \/>\n[4].&nbsp;\u0106wiczenie 04<br \/>\n[5].&nbsp;\u0106wiczenie 05<br \/>\n[6].&nbsp;\u0106wiczenie 06<br \/>\n[7].&nbsp;\u0106wiczenie 07<br \/>\n[8].&nbsp;\u0106wiczenie 08<br \/>\n[9].&nbsp;\u0106wiczenie 09<br \/>\n[10].&nbsp;\u0106wiczenie 10<br \/>\n[11].&nbsp;\u0106wiczenie 11<br \/>\n[12].&nbsp;\u0106wiczenie 12<br \/>\n[13].&nbsp;\u0106wiczenie 13<br \/>\n[14].&nbsp;\u0106wiczenie 14<\/p>\n<p>&nbsp;<b>Analiza Matematyczna<\/b><\/p>\n<p>Literatura:<br \/>\n[1]. Gewert M., Skoczylas Z.: Analiza matematyczna 1. Definicje, twierdzenia, wzory, Wydanie 17, Wroc\u0142aw 2007,<br \/>\n[2]. Gewert M., Skoczylas Z.: Analiza matematyczna 1. Przyk\u0142ady i zadania, Wydanie 13, Wroc\u0142aw 2004,<br \/>\n[3]. Gewert M., Skoczylas Z.: Analiza matematyczna 2. Definicje, twierdzenia, wzory, Wydanie 7, Wroc\u0142aw 1999,<br \/>\n[4]. Gewert M., Skoczylas Z.: Analiza matematyczna 2. Przyk\u0142ady i zadania, Wydanie 14, Wroc\u0142aw 2006,<\/p>\n<p>\u0106wiczenia:<br \/>\n[1].&nbsp;<a href=\"https:\/\/wi.pb.edu.pl\/p\/wp-content\/uploads\/sites\/3\/2024\/07\/AM2012Cw01.pdf\">\u0106wiczenie 01<\/a><br \/>\n[2].&nbsp;<a href=\"https:\/\/wi.pb.edu.pl\/p\/wp-content\/uploads\/sites\/3\/2024\/07\/AM2012Cw02.pdf\">\u0106wiczenie 02<\/a><br \/>\n[3].&nbsp;<a href=\"https:\/\/wi.pb.edu.pl\/p\/wp-content\/uploads\/sites\/3\/2024\/07\/AM2012Cw03.pdf\">\u0106wiczenie 03<\/a><br \/>\n[4].&nbsp;<a href=\"https:\/\/wi.pb.edu.pl\/p\/wp-content\/uploads\/sites\/3\/2024\/07\/AM2012Cw04.pdf\">\u0106wiczenie 04<\/a><br \/>\n[5].&nbsp;<a href=\"https:\/\/wi.pb.edu.pl\/p\/wp-content\/uploads\/sites\/3\/2024\/07\/AM2012Cw05.pdf\">\u0106wiczenie 05<\/a><br \/>\n[6].&nbsp;<a href=\"https:\/\/wi.pb.edu.pl\/p\/wp-content\/uploads\/sites\/3\/2024\/07\/AM2012Cw06.pdf\">\u0106wiczenie 06<\/a><br \/>\n[7].&nbsp;<a href=\"https:\/\/wi.pb.edu.pl\/p\/wp-content\/uploads\/sites\/3\/2024\/07\/AM2012Cw07.pdf\">\u0106wiczenie 07<\/a><br \/>\n[8].&nbsp;<a href=\"https:\/\/wi.pb.edu.pl\/p\/wp-content\/uploads\/sites\/3\/2024\/07\/AM2012Cw08koloI.pdf\">\u0106wiczenie 08<\/a><br \/>\n[9].&nbsp;<a href=\"https:\/\/wi.pb.edu.pl\/p\/wp-content\/uploads\/sites\/3\/2024\/07\/AM2012Cw0910.pdf\">\u0106wiczenie 09<\/a><br \/>\n[10].&nbsp;<a href=\"https:\/\/wi.pb.edu.pl\/p\/wp-content\/uploads\/sites\/3\/2024\/07\/AM2012Cw0910.pdf\">\u0106wiczenie 10<\/a><br \/>\n[11].&nbsp;<a href=\"https:\/\/wi.pb.edu.pl\/p\/wp-content\/uploads\/sites\/3\/2024\/07\/AM2012Cw11.pdf\">\u0106wiczenie 11<\/a><br \/>\n[12].&nbsp;<a href=\"https:\/\/wi.pb.edu.pl\/p\/wp-content\/uploads\/sites\/3\/2024\/07\/AM2012Cw12.pdf\">\u0106wiczenie 12<\/a><br \/>\n[13].&nbsp;<a href=\"https:\/\/wi.pb.edu.pl\/p\/wp-content\/uploads\/sites\/3\/2024\/07\/AM2012Cw13.pdf\">\u0106wiczenie 13<\/a><br \/>\n[14].&nbsp;<a href=\"https:\/\/wi.pb.edu.pl\/p\/wp-content\/uploads\/sites\/3\/2024\/07\/AM2012Cw14.pdf\">\u0106wiczenie 14<\/a><br \/>\n[15].&nbsp;<a href=\"https:\/\/wi.pb.edu.pl\/p\/wp-content\/uploads\/sites\/3\/2024\/07\/AM2012Cw15koloII.pdf\">\u0106wiczenie 15<\/a><\/p>\n<p>&nbsp;<b>Matematyczne Podstawy Kryptografii<\/b><\/p>\n<p>Literatura:<br \/>\n[1]. Brynski M.: Elements of the Galois Theory, Alfa Publishing House, Warsaw, 1985,<br \/>\n[2]. Buchmann J.A.: Introduction to Cryptography, PWN, Warsaw, 2006,<br \/>\n[3]. Deavours C.A., Kruh L.: Machine Cryptography and Modern Cryptanalysis, Artech House Publishers, 1985,<br \/>\n[4]. Garlinski J.: Enigma. Mystery of the Second World War, University of Maria Curie-Sklodowska Publishing House, Lublin, 1989,<br \/>\n[5]. Grajek M.: Enigma. Closer to the Truth, REBIS Publishing House, Poznan, 2007,<br \/>\n[6]. Katz J., Lindell Y.: Introduction to Modern Cryptography, Chapman and Hall\/CRC, 2007,<br \/>\n[7]. Koblitz N.: Algebraic Aspects of Cryptography, WNT, Warsaw, 2000,<br \/>\n[8]. Koblitz N.: A Course in Number Theory and Cryptography, WNT, Warsaw, 2006,<br \/>\n[9]. Lang S.: Linear Algebra, Springer-Verlag New York, 1987,<br \/>\n[10]. Menezes A.J., van Oorschot P.C., Vanstone S.A.: Handbook of Applied Cryptography (Discrete Mathematics and Its Applications), CRC Press, 1996,<br \/>\n[11]. Mostowski A., Stark M.: Elements of Higher Algebra, PWN, Warsaw, 1970,<br \/>\n[12]. Pieprzyk J., Hardjono T., Seberry J.: Fundamentals of Computer Security, Springer-Verlag Berlin Heidelberg, Germany, 2003,<br \/>\n[13]. Rejewski M.: How did Polish Mathematicians Decipher the Enigma, In: Polish Mathematics Association Yearbooks, Series 2nd: Mathematical News, (23), 1980,<br \/>\n[14]. Scott W.R.: Group Theory, Courier Dover Publications, 1964,<br \/>\n[15]. Seberry J., Pieprzyk J: Cryptography: An Introduction to Computer Security, Prentice-Hall, Sydney, 1988,<br \/>\n[16]. Stoklosa J., Bilski T., Pankowski T.: Data Security in Computer Systems, PWN,Warsaw, 2001,<\/p>\n<p>\u0106wiczenia:<br \/>\n[1-2].&nbsp;<a href=\"https:\/\/wi.pb.edu.pl\/p\/wp-content\/uploads\/sites\/3\/2024\/07\/Krypt2011_PS0102.pdf\">\u0106wiczenie 01-02<\/a><br \/>\n[3].&nbsp;<a href=\"https:\/\/wi.pb.edu.pl\/p\/wp-content\/uploads\/sites\/3\/2024\/07\/Krypt2011_PS03.pdf\">\u0106wiczenie 03<\/a><br \/>\n[4].&nbsp;<a href=\"https:\/\/wi.pb.edu.pl\/p\/wp-content\/uploads\/sites\/3\/2024\/07\/Krypt2011_PS04.pdf\">\u0106wiczenie 04<\/a><br \/>\n[5].&nbsp;<a href=\"https:\/\/wi.pb.edu.pl\/p\/wp-content\/uploads\/sites\/3\/2024\/07\/Krypt2011_PS05.pdf\">\u0106wiczenie 05<\/a><br \/>\n[6].&nbsp;<a href=\"https:\/\/wi.pb.edu.pl\/p\/wp-content\/uploads\/sites\/3\/2024\/07\/Krypt2011_PS06.pdf\">\u0106wiczenie 06<\/a><br \/>\n[7].&nbsp;<a href=\"https:\/\/wi.pb.edu.pl\/p\/wp-content\/uploads\/sites\/3\/2024\/07\/Krypt2011_PS07.pdf\">\u0106wiczenie 07<\/a><br \/>\n[8].&nbsp;<a href=\"https:\/\/wi.pb.edu.pl\/p\/wp-content\/uploads\/sites\/3\/2024\/07\/Krypt2011_PS08.pdf\">\u0106wiczenie 08<\/a><br \/>\n[9].&nbsp;<a href=\"https:\/\/wi.pb.edu.pl\/p\/wp-content\/uploads\/sites\/3\/2024\/07\/Krypt2011_PS09koloI.pdf\">\u0106wiczenie 09<\/a><br \/>\n[10].&nbsp;<a href=\"https:\/\/wi.pb.edu.pl\/p\/wp-content\/uploads\/sites\/3\/2024\/07\/Krypt2011_PS10.pdf\">\u0106wiczenie 10<\/a><br \/>\n[11].&nbsp;<a href=\"https:\/\/wi.pb.edu.pl\/p\/wp-content\/uploads\/sites\/3\/2024\/07\/Krypt2011_PS11.pdf\">\u0106wiczenie 11<\/a><br \/>\n[12].&nbsp;<a href=\"https:\/\/wi.pb.edu.pl\/p\/wp-content\/uploads\/sites\/3\/2024\/07\/Krypt2011_PS12.pdf\">\u0106wiczenie 12<\/a><br \/>\n[13].&nbsp;<a href=\"https:\/\/wi.pb.edu.pl\/p\/wp-content\/uploads\/sites\/3\/2024\/07\/Krypt2011_PS13.pdf\">\u0106wiczenie 13<\/a><br \/>\n[14].&nbsp;<a href=\"https:\/\/wi.pb.edu.pl\/p\/wp-content\/uploads\/sites\/3\/2024\/07\/Krypt2011_zadania.pdf\">\u0106wiczenie 14<\/a><\/p>\n<p align=\"center\">&nbsp;<\/p>\n<p>&nbsp;<\/p>\n","protected":false},"excerpt":{"rendered":"<p>Wykszta\u0142cenie: &nbsp;dr nauk technicznych&nbsp;(informatyka), (Politechnika Bia\u0142ostocka) &nbsp;mgr matematyki (Uniwersytet w Bia\u0142ymstoku) &nbsp;mgr in\u017c. informatyki, specjalno\u015b\u0107<a class=\"read-more\" href=\"https:\/\/wi.pb.edu.pl\/p\/anna-borowska\/\" title=\"Poka\u017c artyku\u0142 dr in\u017c. Anna Borowska\">wi\u0119cej<\/a><\/p>\n","protected":false},"author":14,"featured_media":0,"parent":0,"menu_order":0,"comment_status":"closed","ping_status":"closed","template":"","meta":{"inline_featured_image":false,"ngg_post_thumbnail":0,"footnotes":""},"class_list":["post-1173","page","type-page","status-publish","hentry"],"acf":[],"yoast_head":"<!-- This site is optimized with the Yoast SEO plugin v26.4 - https:\/\/yoast.com\/wordpress\/plugins\/seo\/ -->\n<title>dr in\u017c. Anna Borowska - Strony pracownik\u00f3w Wydzia\u0142u Informatyki Politechniki Bia\u0142ostockiej<\/title>\n<meta name=\"robots\" content=\"index, follow, max-snippet:-1, max-image-preview:large, max-video-preview:-1\" \/>\n<link rel=\"canonical\" href=\"https:\/\/wi.pb.edu.pl\/p\/anna-borowska\/\" \/>\n<meta property=\"og:locale\" content=\"pl_PL\" \/>\n<meta property=\"og:type\" content=\"article\" \/>\n<meta property=\"og:title\" content=\"dr in\u017c. Anna Borowska - Strony pracownik\u00f3w Wydzia\u0142u Informatyki Politechniki Bia\u0142ostockiej\" \/>\n<meta property=\"og:description\" content=\"Wykszta\u0142cenie: &nbsp;dr nauk technicznych&nbsp;(informatyka), (Politechnika Bia\u0142ostocka) &nbsp;mgr matematyki (Uniwersytet w Bia\u0142ymstoku) &nbsp;mgr in\u017c. informatyki, specjalno\u015b\u0107wi\u0119cej\" \/>\n<meta property=\"og:url\" content=\"https:\/\/wi.pb.edu.pl\/p\/anna-borowska\/\" \/>\n<meta property=\"og:site_name\" content=\"Strony pracownik\u00f3w Wydzia\u0142u Informatyki Politechniki Bia\u0142ostockiej\" \/>\n<meta property=\"article:modified_time\" content=\"2024-09-17T07:52:46+00:00\" \/>\n<meta name=\"twitter:card\" content=\"summary_large_image\" \/>\n<meta name=\"twitter:label1\" content=\"Szacowany czas czytania\" \/>\n\t<meta name=\"twitter:data1\" content=\"4 minuty\" \/>\n<script type=\"application\/ld+json\" class=\"yoast-schema-graph\">{\"@context\":\"https:\/\/schema.org\",\"@graph\":[{\"@type\":\"WebPage\",\"@id\":\"https:\/\/wi.pb.edu.pl\/p\/anna-borowska\/\",\"url\":\"https:\/\/wi.pb.edu.pl\/p\/anna-borowska\/\",\"name\":\"dr in\u017c. Anna Borowska - Strony pracownik\u00f3w Wydzia\u0142u Informatyki Politechniki Bia\u0142ostockiej\",\"isPartOf\":{\"@id\":\"https:\/\/wi.pb.edu.pl\/p\/#website\"},\"datePublished\":\"2024-07-23T06:45:53+00:00\",\"dateModified\":\"2024-09-17T07:52:46+00:00\",\"breadcrumb\":{\"@id\":\"https:\/\/wi.pb.edu.pl\/p\/anna-borowska\/#breadcrumb\"},\"inLanguage\":\"pl-PL\",\"potentialAction\":[{\"@type\":\"ReadAction\",\"target\":[\"https:\/\/wi.pb.edu.pl\/p\/anna-borowska\/\"]}]},{\"@type\":\"BreadcrumbList\",\"@id\":\"https:\/\/wi.pb.edu.pl\/p\/anna-borowska\/#breadcrumb\",\"itemListElement\":[{\"@type\":\"ListItem\",\"position\":1,\"name\":\"Strona g\u0142\u00f3wna\",\"item\":\"https:\/\/wi.pb.edu.pl\/p\/\"},{\"@type\":\"ListItem\",\"position\":2,\"name\":\"dr in\u017c. Anna Borowska\"}]},{\"@type\":\"WebSite\",\"@id\":\"https:\/\/wi.pb.edu.pl\/p\/#website\",\"url\":\"https:\/\/wi.pb.edu.pl\/p\/\",\"name\":\"Strony pracownik\u00f3w Wydzia\u0142u Informatyki Politechniki Bia\u0142ostockiej\",\"description\":\"\",\"potentialAction\":[{\"@type\":\"SearchAction\",\"target\":{\"@type\":\"EntryPoint\",\"urlTemplate\":\"https:\/\/wi.pb.edu.pl\/p\/?s={search_term_string}\"},\"query-input\":{\"@type\":\"PropertyValueSpecification\",\"valueRequired\":true,\"valueName\":\"search_term_string\"}}],\"inLanguage\":\"pl-PL\"}]}<\/script>\n<!-- \/ Yoast SEO plugin. -->","yoast_head_json":{"title":"dr in\u017c. Anna Borowska - Strony pracownik\u00f3w Wydzia\u0142u Informatyki Politechniki Bia\u0142ostockiej","robots":{"index":"index","follow":"follow","max-snippet":"max-snippet:-1","max-image-preview":"max-image-preview:large","max-video-preview":"max-video-preview:-1"},"canonical":"https:\/\/wi.pb.edu.pl\/p\/anna-borowska\/","og_locale":"pl_PL","og_type":"article","og_title":"dr in\u017c. Anna Borowska - Strony pracownik\u00f3w Wydzia\u0142u Informatyki Politechniki Bia\u0142ostockiej","og_description":"Wykszta\u0142cenie: &nbsp;dr nauk technicznych&nbsp;(informatyka), (Politechnika Bia\u0142ostocka) &nbsp;mgr matematyki (Uniwersytet w Bia\u0142ymstoku) &nbsp;mgr in\u017c. informatyki, specjalno\u015b\u0107wi\u0119cej","og_url":"https:\/\/wi.pb.edu.pl\/p\/anna-borowska\/","og_site_name":"Strony pracownik\u00f3w Wydzia\u0142u Informatyki Politechniki Bia\u0142ostockiej","article_modified_time":"2024-09-17T07:52:46+00:00","twitter_card":"summary_large_image","twitter_misc":{"Szacowany czas czytania":"4 minuty"},"schema":{"@context":"https:\/\/schema.org","@graph":[{"@type":"WebPage","@id":"https:\/\/wi.pb.edu.pl\/p\/anna-borowska\/","url":"https:\/\/wi.pb.edu.pl\/p\/anna-borowska\/","name":"dr in\u017c. Anna Borowska - Strony pracownik\u00f3w Wydzia\u0142u Informatyki Politechniki Bia\u0142ostockiej","isPartOf":{"@id":"https:\/\/wi.pb.edu.pl\/p\/#website"},"datePublished":"2024-07-23T06:45:53+00:00","dateModified":"2024-09-17T07:52:46+00:00","breadcrumb":{"@id":"https:\/\/wi.pb.edu.pl\/p\/anna-borowska\/#breadcrumb"},"inLanguage":"pl-PL","potentialAction":[{"@type":"ReadAction","target":["https:\/\/wi.pb.edu.pl\/p\/anna-borowska\/"]}]},{"@type":"BreadcrumbList","@id":"https:\/\/wi.pb.edu.pl\/p\/anna-borowska\/#breadcrumb","itemListElement":[{"@type":"ListItem","position":1,"name":"Strona g\u0142\u00f3wna","item":"https:\/\/wi.pb.edu.pl\/p\/"},{"@type":"ListItem","position":2,"name":"dr in\u017c. Anna Borowska"}]},{"@type":"WebSite","@id":"https:\/\/wi.pb.edu.pl\/p\/#website","url":"https:\/\/wi.pb.edu.pl\/p\/","name":"Strony pracownik\u00f3w Wydzia\u0142u Informatyki Politechniki Bia\u0142ostockiej","description":"","potentialAction":[{"@type":"SearchAction","target":{"@type":"EntryPoint","urlTemplate":"https:\/\/wi.pb.edu.pl\/p\/?s={search_term_string}"},"query-input":{"@type":"PropertyValueSpecification","valueRequired":true,"valueName":"search_term_string"}}],"inLanguage":"pl-PL"}]}},"_links":{"self":[{"href":"https:\/\/wi.pb.edu.pl\/p\/wp-json\/wp\/v2\/pages\/1173","targetHints":{"allow":["GET"]}}],"collection":[{"href":"https:\/\/wi.pb.edu.pl\/p\/wp-json\/wp\/v2\/pages"}],"about":[{"href":"https:\/\/wi.pb.edu.pl\/p\/wp-json\/wp\/v2\/types\/page"}],"author":[{"embeddable":true,"href":"https:\/\/wi.pb.edu.pl\/p\/wp-json\/wp\/v2\/users\/14"}],"replies":[{"embeddable":true,"href":"https:\/\/wi.pb.edu.pl\/p\/wp-json\/wp\/v2\/comments?post=1173"}],"version-history":[{"count":4,"href":"https:\/\/wi.pb.edu.pl\/p\/wp-json\/wp\/v2\/pages\/1173\/revisions"}],"predecessor-version":[{"id":1204,"href":"https:\/\/wi.pb.edu.pl\/p\/wp-json\/wp\/v2\/pages\/1173\/revisions\/1204"}],"wp:attachment":[{"href":"https:\/\/wi.pb.edu.pl\/p\/wp-json\/wp\/v2\/media?parent=1173"}],"curies":[{"name":"wp","href":"https:\/\/api.w.org\/{rel}","templated":true}]}}