{"id":119,"date":"2024-07-16T10:38:51","date_gmt":"2024-07-16T08:38:51","guid":{"rendered":"https:\/\/wi.pb.edu.pl\/p\/?page_id=119"},"modified":"2024-07-16T11:33:30","modified_gmt":"2024-07-16T09:33:30","slug":"metodyki-badan-eksperymentalnych","status":"publish","type":"page","link":"https:\/\/wi.pb.edu.pl\/p\/marek-j-druzdzel\/zajecia\/metodyki-badan-eksperymentalnych\/","title":{"rendered":"Metodyki bada\u0144 eksperymentalnych (Szko\u0142a Doktorska)"},"content":{"rendered":"<p>Semestr letni 2023-2024, czwartki, 17:40-19:10 (sala WA-29C)<br \/>\nSpotykamy sie co tydzien w pierwszej polowie semestru<br \/>\nBudynek Rektoratu Politechniki Bialostockiej, Wiejska 45-A, Bialystok<br \/>\nWykladowca:&nbsp;Marek J. Druzdzel<\/p>\n<blockquote><p><i>&#8222;Science is not science fiction. It accepts the tests of observation and experiment, acknowledges the supremacy of fact over wish or hope. The smallest experiment can crash to earth the most attractive theory.&#8221;&nbsp;<\/i>&#8212; Herbert A. Simon<\/p><\/blockquote>\n<p>Wyklad &#8222;Metodyki badan eksperymentalnych&#8221; wprowadza student\u00f3w doktoranckich do bogatej dziedziny badan empirycznych (czyli doswiadczalnych), prowadzac ich przez meandry problem\u00f3w powiazanych z poznawaniem swiata.<\/p>\n<p>Wyklad nie ma na celu nauczenia formalnych szczeg\u00f3l\u00f3w procedur statystycznych ani uczynienia sluchaczy doswiadczonymi praktykami w zakresie okreslonych narzedzi projektowych. To mozna i powinno sie zdobyc na innych specjalistycznych kursach. Celem tego wykladu jest rozwiniecie w sluchaczach szerokich zdolnosci krytycznych, a nacisk polozony bedzie na podstawowy proces dociekan naukowych. Wyklad ma na celu poprawe zdolnosci do myslenia o pytaniach badawczych i formalnego formulowania ich oraz do wyboru sposob\u00f3w ich rozwiazywania poprzez ilosciowe badania empiryczne.<\/p>\n<p>Podejscie przyjete na tym kursie jest nieco nieortodoksyjne w por\u00f3wnaniu z tym, co mozna znalezc w istniejacych podrecznikach i kursach na temat projektowania eksperyment\u00f3w. Zaczniemy od koncepcji przyczynowosci i graf\u00f3w przyczynowych oraz tego, jak reprezentuja one statystyczna niezaleznosc. Grafy przyczynowe sa bliskie ukierunkowanym modelom probabilistycznym, takim jak sieci bayesowskie, coraz czesciej stosowane w systemach wspomagania decyzji. Pomoze to w uzyskaniu wgladu w strukture eksperyment\u00f3w naukowych i zrozumieniu, na czym polegaja eksperymenty. Jak kazdy wyklad na temat projektowania eksperyment\u00f3w, ten r\u00f3wniez obejmie podstawy projektowania eksperyment\u00f3w i tematy, kt\u00f3re sa z nim bezposrednio zwiazane, takie jak identyfikacja i artykulowanie problem\u00f3w badawczych, formulowanie testowalnych hipotez, pomiary i gromadzenie danych, artefakty zachodzace pomiedzy podmiotem i eksperymentatorem i ich kontrola, opisywanie i wyswietlanie danych, interpretacja i wyciaganie wniosk\u00f3w z analizy danych oraz raportowanie wynik\u00f3w badan i ich implikacji. Kurs obejmie r\u00f3wniez mniej ortodoksyjne tematy, a mianowicie odkrywanie struktur przyczynowo-skutkowych z danych i symulacja komputerowa.<\/p>\n<p>Ci z Panstwa, kt\u00f3rzy beda chcieli pobawic sie programem GeNIe, kt\u00f3rego uzywac bede na zajeciach do demonstracji graf\u00f3w przyczynowo-skutkowych oraz do odkrywania przyczynowosci z danych, moga zaladowac go pod nastepujacym adresem:&nbsp;<a href=\"https:\/\/www.bayesfusion.com\/\">https:\/\/www.bayesfusion.com\/<\/a>. Wersja akademicka jest darmowa dla cel\u00f3w dydaktycznych i badawczych.<\/p>\n<p>Zaliczenie wykladu odbedzie sie na podstawie projektu, skladajacego sie z opisu problemu naukowego i propozycji eksperymentalnego rozwiazania go. Idealnie wybrany problem naukowy powinien byc czescia (przyszlego) doktoratu. Sprawozdanie z projektu o dlugosci co najwyzej pieciu stron nalezy zlozyc w ciagu tygodnia po zakonczeniu wyklad\u00f3w.<\/p>\n<p>Zarys tresci wykladu i daty spotkan:<\/p>\n<menu>\n<li>Znaczenie metod empirycznych (7 marca)<\/li>\n<li>Niepewnosc, statystyka (14 marca)<\/li>\n<li>Przyczynowosc i prawdopodobienstwo (21 marca)<\/li>\n<li>Klasyczne projektowanie eksperymentow (28 marca i 4 kwietnia)<\/li>\n<li>Problemy w laboratorium (11 kwietnia)<\/li>\n<li>Odkrywanie przyczynowosci z danych (18 i 25 kwietnia)<\/li>\n<li>Metody intensywne obliczeniowo (9 maja)<\/li>\n<li>Symulacja, sztuczne spoleczenstwa (16 maja)<\/li>\n<\/menu>\n<h4>Materialy z wykladu<\/h4>\n<p><a class=\"pdf\" href=\"https:\/\/wi.pb.edu.pl\/p\/wp-content\/uploads\/sites\/3\/2024\/07\/00-Plan-spotkan.pdf\">00 Plan spotkan.pdf<\/a><\/p>\n<p><a class=\"pdf\" href=\"https:\/\/wi.pb.edu.pl\/p\/wp-content\/uploads\/sites\/3\/2024\/07\/01-Fisher.pdf\">01 Fisher.pdf&nbsp;<\/a><\/p>\n<p><a class=\"pdf\" href=\"https:\/\/wi.pb.edu.pl\/p\/wp-content\/uploads\/sites\/3\/2024\/07\/01-Statistics.pdf\">01 Statistics.pdf<\/a><\/p>\n<p><a class=\"pdf\" href=\"https:\/\/wi.pb.edu.pl\/p\/wp-content\/uploads\/sites\/3\/2024\/07\/Causal-Graphs.pdf\">02 Causal Graphs.pdf<\/a><\/p>\n<p>2024-03-07.mp3<\/p>\n<p>2024-03-14.mp3&nbsp;<\/p>\n<p>2024-03-21.mp3<\/p>\n<p>2024-03-28a.mp3&nbsp;<\/p>\n<p>2024-03-28b.mp3<\/p>\n<p>2024-04-04.mp3&nbsp;<\/p>\n<p>2024-04-11.mp3<\/p>\n<p>2024-04-18.mp3&nbsp;<\/p>\n<p>2024-04-25.mp3&nbsp;<\/p>\n<p>2024-05-09.mp3&nbsp;<\/p>\n<p>2024-05-16.mp3&nbsp;<\/p>\n<p><a class=\"pdf\" href=\"https:\/\/wi.pb.edu.pl\/p\/wp-content\/uploads\/sites\/3\/2024\/07\/Experimental-Designs.pdf\">Experimental Designs.pdf&nbsp;<\/a><\/p>\n<p><a class=\"pdf\" href=\"https:\/\/wi.pb.edu.pl\/p\/wp-content\/uploads\/sites\/3\/2024\/07\/Factorial-Designs.pdf\">Factorial Designs.pdf&nbsp;<\/a><\/p>\n<p><a class=\"pdf\" href=\"https:\/\/wi.pb.edu.pl\/p\/wp-content\/uploads\/sites\/3\/2024\/07\/Freud.pdf\">Freud.pdf<\/a><\/p>\n<p><a class=\"pdf\" href=\"https:\/\/wi.pb.edu.pl\/p\/wp-content\/uploads\/sites\/3\/2024\/07\/Learning-Bayesian-Networks-and-Causal-Discovery.pdf\">Learning Bayesian Networks and Causal Discovery.pdf&nbsp;<\/a><\/p>\n<p><a class=\"pdf\" href=\"https:\/\/wi.pb.edu.pl\/p\/wp-content\/uploads\/sites\/3\/2024\/07\/Problems-In-the-Laboratory.pdf\">Problems In the Laboratory.pdf&nbsp;<\/a><\/p>\n<p><a class=\"pdf\" href=\"https:\/\/wi.pb.edu.pl\/p\/wp-content\/uploads\/sites\/3\/2024\/07\/Quasi-Experimental-Designs.pdf\">Quasi-Experimental Designs.pdf<\/a><\/p>\n<p><a class=\"pdf\" href=\"https:\/\/wi.pb.edu.pl\/p\/wp-content\/uploads\/sites\/3\/2024\/07\/Simulation.pdf\">Simulation.pdf&nbsp;<\/a><\/p>\n","protected":false},"excerpt":{"rendered":"<p>Semestr letni 2023-2024, czwartki, 17:40-19:10 (sala WA-29C) Spotykamy sie co tydzien w pierwszej polowie semestru<a class=\"read-more\" href=\"https:\/\/wi.pb.edu.pl\/p\/marek-j-druzdzel\/zajecia\/metodyki-badan-eksperymentalnych\/\" title=\"Poka\u017c artyku\u0142 Metodyki bada\u0144 eksperymentalnych (Szko\u0142a Doktorska)\">wi\u0119cej<\/a><\/p>\n","protected":false},"author":14,"featured_media":0,"parent":98,"menu_order":0,"comment_status":"closed","ping_status":"closed","template":"","meta":{"inline_featured_image":false,"ngg_post_thumbnail":0,"footnotes":""},"class_list":["post-119","page","type-page","status-publish","hentry"],"acf":[],"yoast_head":"<!-- This site is optimized with the Yoast SEO plugin v26.4 - https:\/\/yoast.com\/wordpress\/plugins\/seo\/ -->\n<title>Metodyki bada\u0144 eksperymentalnych (Szko\u0142a Doktorska) - Strony pracownik\u00f3w Wydzia\u0142u Informatyki Politechniki Bia\u0142ostockiej<\/title>\n<meta name=\"robots\" content=\"index, follow, max-snippet:-1, max-image-preview:large, max-video-preview:-1\" \/>\n<link rel=\"canonical\" href=\"https:\/\/wi.pb.edu.pl\/p\/marek-j-druzdzel\/zajecia\/metodyki-badan-eksperymentalnych\/\" \/>\n<meta property=\"og:locale\" content=\"pl_PL\" \/>\n<meta property=\"og:type\" content=\"article\" \/>\n<meta property=\"og:title\" content=\"Metodyki bada\u0144 eksperymentalnych (Szko\u0142a Doktorska) - Strony pracownik\u00f3w Wydzia\u0142u Informatyki Politechniki Bia\u0142ostockiej\" \/>\n<meta property=\"og:description\" content=\"Semestr letni 2023-2024, czwartki, 17:40-19:10 (sala WA-29C) Spotykamy sie co tydzien w pierwszej polowie semestruwi\u0119cej\" \/>\n<meta property=\"og:url\" content=\"https:\/\/wi.pb.edu.pl\/p\/marek-j-druzdzel\/zajecia\/metodyki-badan-eksperymentalnych\/\" \/>\n<meta property=\"og:site_name\" content=\"Strony pracownik\u00f3w Wydzia\u0142u Informatyki Politechniki Bia\u0142ostockiej\" \/>\n<meta property=\"article:modified_time\" content=\"2024-07-16T09:33:30+00:00\" \/>\n<meta name=\"twitter:card\" content=\"summary_large_image\" \/>\n<meta name=\"twitter:label1\" content=\"Szacowany czas czytania\" \/>\n\t<meta name=\"twitter:data1\" content=\"3 minuty\" \/>\n<script type=\"application\/ld+json\" class=\"yoast-schema-graph\">{\"@context\":\"https:\/\/schema.org\",\"@graph\":[{\"@type\":\"WebPage\",\"@id\":\"https:\/\/wi.pb.edu.pl\/p\/marek-j-druzdzel\/zajecia\/metodyki-badan-eksperymentalnych\/\",\"url\":\"https:\/\/wi.pb.edu.pl\/p\/marek-j-druzdzel\/zajecia\/metodyki-badan-eksperymentalnych\/\",\"name\":\"Metodyki bada\u0144 eksperymentalnych (Szko\u0142a Doktorska) - Strony pracownik\u00f3w Wydzia\u0142u Informatyki Politechniki Bia\u0142ostockiej\",\"isPartOf\":{\"@id\":\"https:\/\/wi.pb.edu.pl\/p\/#website\"},\"datePublished\":\"2024-07-16T08:38:51+00:00\",\"dateModified\":\"2024-07-16T09:33:30+00:00\",\"breadcrumb\":{\"@id\":\"https:\/\/wi.pb.edu.pl\/p\/marek-j-druzdzel\/zajecia\/metodyki-badan-eksperymentalnych\/#breadcrumb\"},\"inLanguage\":\"pl-PL\",\"potentialAction\":[{\"@type\":\"ReadAction\",\"target\":[\"https:\/\/wi.pb.edu.pl\/p\/marek-j-druzdzel\/zajecia\/metodyki-badan-eksperymentalnych\/\"]}]},{\"@type\":\"BreadcrumbList\",\"@id\":\"https:\/\/wi.pb.edu.pl\/p\/marek-j-druzdzel\/zajecia\/metodyki-badan-eksperymentalnych\/#breadcrumb\",\"itemListElement\":[{\"@type\":\"ListItem\",\"position\":1,\"name\":\"Strona g\u0142\u00f3wna\",\"item\":\"https:\/\/wi.pb.edu.pl\/p\/\"},{\"@type\":\"ListItem\",\"position\":2,\"name\":\"dr hab. in\u017c. Marek J. Dru\u017cdzel\",\"item\":\"https:\/\/wi.pb.edu.pl\/p\/marek-j-druzdzel\/\"},{\"@type\":\"ListItem\",\"position\":3,\"name\":\"Zaj\u0119cia\",\"item\":\"https:\/\/wi.pb.edu.pl\/p\/marek-j-druzdzel\/zajecia\/\"},{\"@type\":\"ListItem\",\"position\":4,\"name\":\"Metodyki bada\u0144 eksperymentalnych (Szko\u0142a Doktorska)\"}]},{\"@type\":\"WebSite\",\"@id\":\"https:\/\/wi.pb.edu.pl\/p\/#website\",\"url\":\"https:\/\/wi.pb.edu.pl\/p\/\",\"name\":\"Strony pracownik\u00f3w Wydzia\u0142u Informatyki Politechniki Bia\u0142ostockiej\",\"description\":\"\",\"potentialAction\":[{\"@type\":\"SearchAction\",\"target\":{\"@type\":\"EntryPoint\",\"urlTemplate\":\"https:\/\/wi.pb.edu.pl\/p\/?s={search_term_string}\"},\"query-input\":{\"@type\":\"PropertyValueSpecification\",\"valueRequired\":true,\"valueName\":\"search_term_string\"}}],\"inLanguage\":\"pl-PL\"}]}<\/script>\n<!-- \/ Yoast SEO plugin. -->","yoast_head_json":{"title":"Metodyki bada\u0144 eksperymentalnych (Szko\u0142a Doktorska) - Strony pracownik\u00f3w Wydzia\u0142u Informatyki Politechniki Bia\u0142ostockiej","robots":{"index":"index","follow":"follow","max-snippet":"max-snippet:-1","max-image-preview":"max-image-preview:large","max-video-preview":"max-video-preview:-1"},"canonical":"https:\/\/wi.pb.edu.pl\/p\/marek-j-druzdzel\/zajecia\/metodyki-badan-eksperymentalnych\/","og_locale":"pl_PL","og_type":"article","og_title":"Metodyki bada\u0144 eksperymentalnych (Szko\u0142a Doktorska) - Strony pracownik\u00f3w Wydzia\u0142u Informatyki Politechniki Bia\u0142ostockiej","og_description":"Semestr letni 2023-2024, czwartki, 17:40-19:10 (sala WA-29C) Spotykamy sie co tydzien w pierwszej polowie semestruwi\u0119cej","og_url":"https:\/\/wi.pb.edu.pl\/p\/marek-j-druzdzel\/zajecia\/metodyki-badan-eksperymentalnych\/","og_site_name":"Strony pracownik\u00f3w Wydzia\u0142u Informatyki Politechniki Bia\u0142ostockiej","article_modified_time":"2024-07-16T09:33:30+00:00","twitter_card":"summary_large_image","twitter_misc":{"Szacowany czas czytania":"3 minuty"},"schema":{"@context":"https:\/\/schema.org","@graph":[{"@type":"WebPage","@id":"https:\/\/wi.pb.edu.pl\/p\/marek-j-druzdzel\/zajecia\/metodyki-badan-eksperymentalnych\/","url":"https:\/\/wi.pb.edu.pl\/p\/marek-j-druzdzel\/zajecia\/metodyki-badan-eksperymentalnych\/","name":"Metodyki bada\u0144 eksperymentalnych (Szko\u0142a Doktorska) - Strony pracownik\u00f3w Wydzia\u0142u Informatyki Politechniki Bia\u0142ostockiej","isPartOf":{"@id":"https:\/\/wi.pb.edu.pl\/p\/#website"},"datePublished":"2024-07-16T08:38:51+00:00","dateModified":"2024-07-16T09:33:30+00:00","breadcrumb":{"@id":"https:\/\/wi.pb.edu.pl\/p\/marek-j-druzdzel\/zajecia\/metodyki-badan-eksperymentalnych\/#breadcrumb"},"inLanguage":"pl-PL","potentialAction":[{"@type":"ReadAction","target":["https:\/\/wi.pb.edu.pl\/p\/marek-j-druzdzel\/zajecia\/metodyki-badan-eksperymentalnych\/"]}]},{"@type":"BreadcrumbList","@id":"https:\/\/wi.pb.edu.pl\/p\/marek-j-druzdzel\/zajecia\/metodyki-badan-eksperymentalnych\/#breadcrumb","itemListElement":[{"@type":"ListItem","position":1,"name":"Strona g\u0142\u00f3wna","item":"https:\/\/wi.pb.edu.pl\/p\/"},{"@type":"ListItem","position":2,"name":"dr hab. in\u017c. Marek J. Dru\u017cdzel","item":"https:\/\/wi.pb.edu.pl\/p\/marek-j-druzdzel\/"},{"@type":"ListItem","position":3,"name":"Zaj\u0119cia","item":"https:\/\/wi.pb.edu.pl\/p\/marek-j-druzdzel\/zajecia\/"},{"@type":"ListItem","position":4,"name":"Metodyki bada\u0144 eksperymentalnych (Szko\u0142a Doktorska)"}]},{"@type":"WebSite","@id":"https:\/\/wi.pb.edu.pl\/p\/#website","url":"https:\/\/wi.pb.edu.pl\/p\/","name":"Strony pracownik\u00f3w Wydzia\u0142u Informatyki Politechniki Bia\u0142ostockiej","description":"","potentialAction":[{"@type":"SearchAction","target":{"@type":"EntryPoint","urlTemplate":"https:\/\/wi.pb.edu.pl\/p\/?s={search_term_string}"},"query-input":{"@type":"PropertyValueSpecification","valueRequired":true,"valueName":"search_term_string"}}],"inLanguage":"pl-PL"}]}},"_links":{"self":[{"href":"https:\/\/wi.pb.edu.pl\/p\/wp-json\/wp\/v2\/pages\/119","targetHints":{"allow":["GET"]}}],"collection":[{"href":"https:\/\/wi.pb.edu.pl\/p\/wp-json\/wp\/v2\/pages"}],"about":[{"href":"https:\/\/wi.pb.edu.pl\/p\/wp-json\/wp\/v2\/types\/page"}],"author":[{"embeddable":true,"href":"https:\/\/wi.pb.edu.pl\/p\/wp-json\/wp\/v2\/users\/14"}],"replies":[{"embeddable":true,"href":"https:\/\/wi.pb.edu.pl\/p\/wp-json\/wp\/v2\/comments?post=119"}],"version-history":[{"count":4,"href":"https:\/\/wi.pb.edu.pl\/p\/wp-json\/wp\/v2\/pages\/119\/revisions"}],"predecessor-version":[{"id":171,"href":"https:\/\/wi.pb.edu.pl\/p\/wp-json\/wp\/v2\/pages\/119\/revisions\/171"}],"up":[{"embeddable":true,"href":"https:\/\/wi.pb.edu.pl\/p\/wp-json\/wp\/v2\/pages\/98"}],"wp:attachment":[{"href":"https:\/\/wi.pb.edu.pl\/p\/wp-json\/wp\/v2\/media?parent=119"}],"curies":[{"name":"wp","href":"https:\/\/api.w.org\/{rel}","templated":true}]}}