{"id":1211,"date":"2024-07-23T09:31:03","date_gmt":"2024-07-23T07:31:03","guid":{"rendered":"https:\/\/wi.pb.edu.pl\/p\/?page_id=1211"},"modified":"2024-07-23T09:31:28","modified_gmt":"2024-07-23T07:31:28","slug":"curriculum-vitae","status":"publish","type":"page","link":"https:\/\/wi.pb.edu.pl\/p\/krzysztof-jurczuk\/curriculum-vitae\/","title":{"rendered":"Curriculum Vitae"},"content":{"rendered":"<table style=\"width: 73.4859%;height: 1818px\" border=\"0&quot;\" width=\"1000\" cellpadding=\"2\">\n<tbody>\n<tr style=\"height: 75px\">\n<td style=\"height: 75px\" colspan=\"2&quot;\">\n<p style=\"text-align: center\"><b><span style=\"font-size: x-large\">Curriculum Vitae &#8211; Krzysztof Jurczuk<\/span><\/b><\/p>\n<p style=\"text-align: center\"><b>Faculty of Computer Science, Bialystok University of Technology<\/b><\/p>\n<p style=\"text-align: center\"><b>Wiejska 45a, 15-351 Bialystok, Poland<\/b><\/p>\n<\/td>\n<\/tr>\n<tr style=\"height: 42px\">\n<td style=\"height: 42px\" colspan=\"2&quot;\">&nbsp;<\/td>\n<\/tr>\n<tr style=\"height: 21px\">\n<td style=\"height: 21px\" colspan=\"2&quot;\"><b>EDUCATION<\/b><\/td>\n<\/tr>\n<tr style=\"height: 21px\">\n<td style=\"height: 21px\" width=\"100\">2009-2013<\/td>\n<td style=\"height: 21px\">PhD studies in Signal and Image Processing Laboratory (LTSI) at University of Rennes 1 (France)<\/td>\n<\/tr>\n<tr style=\"height: 21px\">\n<td style=\"height: 21px\">2004-2005<\/td>\n<td style=\"height: 21px\">CISCO network course, CCNA level<\/td>\n<\/tr>\n<tr style=\"height: 21px\">\n<td style=\"height: 21px\">2001-2006<\/td>\n<td style=\"height: 21px\">MSc studies at Faculty of Computer Science, Bialystok University of Technology (Poland), speciality: software engineering<\/td>\n<\/tr>\n<tr style=\"height: 21px\">\n<td style=\"height: 21px\">1997-2001<\/td>\n<td style=\"height: 21px\">Krzysztof Kamil Baczynski Secondary School in Bialystok<\/td>\n<\/tr>\n<tr style=\"height: 42px\">\n<td style=\"height: 42px\" colspan=\"2&quot;\">&nbsp;<\/td>\n<\/tr>\n<tr style=\"height: 21px\">\n<td style=\"height: 21px\" colspan=\"2&quot;\"><b>ACADEMIC DEGREES<\/b><\/td>\n<\/tr>\n<tr style=\"height: 126px\">\n<td style=\"height: 126px\" valign=\"top\">2013<\/td>\n<td style=\"height: 126px\">PhD with honors in:<br \/>\n&#8211; signal processing and telecommunication (University of Rennes 1, France)<br \/>\n&#8211; computer science (Bialystok University of Technology, Poland)<br \/>\nRealized under joint supervision (fr., co-tutelle)<br \/>\nThesis entitled: Parallel computing in modeling of magnetic resonance imaging<br \/>\nSupervisors: J. Bezy-Wendling (France), Marek Kretowski (Poland)<\/td>\n<\/tr>\n<tr style=\"height: 84px\">\n<td style=\"height: 84px\" valign=\"top\">2006<\/td>\n<td style=\"height: 84px\">MSc with honors in Computer Science, Faculty of Computer Science, Bialystok University of Technology, Poland<br \/>\nSupervisor: M. Kretowski<br \/>\nThesis entitled: Image reconstruction methods in magnetic resonance tomography<\/td>\n<\/tr>\n<tr style=\"height: 21px\">\n<td style=\"height: 21px\" colspan=\"2&quot;\">&nbsp;<\/td>\n<\/tr>\n<tr style=\"height: 21px\">\n<td style=\"height: 21px\" colspan=\"2&quot;\"><b>RESEARCH EXPERIENCE<\/b><\/td>\n<\/tr>\n<tr style=\"height: 63px\">\n<td style=\"height: 63px\" valign=\"top\">2016-present<\/td>\n<td style=\"height: 63px\">Medical University of Bialystok (Poland)<br \/>\nposition: project investigator<br \/>\nresearch areas: artificial intelligence, bioinformatics<\/td>\n<\/tr>\n<tr style=\"height: 63px\">\n<td style=\"height: 63px\" valign=\"top\">2014-present<\/td>\n<td style=\"height: 63px\">Faculty of Computer Science, Bialystok University of Technology (Poland)<br \/>\nposition: Assistant Professor (pol. adiunkt)<br \/>\nresearch areas: parallel computing, machine learning, data mining, computer modeling and simulations<\/td>\n<\/tr>\n<tr style=\"height: 84px\">\n<td style=\"height: 84px\" valign=\"top\">2009-2012<\/td>\n<td style=\"height: 84px\">Signal and Image Processing Laboratory (LTSI), University of Rennes 1 (France)<br \/>\nposition: Allocataire de recherches<br \/>\nresearch areas: modeling and simulation of magnetic resonance imaging, hemodynamics, imaging artifacts, lattice Boltzmann method<\/td>\n<\/tr>\n<tr style=\"height: 63px\">\n<td style=\"height: 63px\" valign=\"top\">2006-2014<\/td>\n<td style=\"height: 63px\">Faculty of Computer Science, Bialystok University of Technology<br \/>\nposition: Teaching and Research Assistant<br \/>\nresearch areas: parallel computing, cluster computing, computer modeling and simulations<\/td>\n<\/tr>\n<tr style=\"height: 63px\">\n<td style=\"height: 63px\" valign=\"top\">2005-2006<\/td>\n<td style=\"height: 63px\">Faculty of Computer Science, Bialystok University of Technology<br \/>\nposition: Teaching and Research Trainee<br \/>\nresearch areas: data mining<\/td>\n<\/tr>\n<tr style=\"height: 42px\">\n<td style=\"height: 42px\" colspan=\"2&quot;\">&nbsp;<\/td>\n<\/tr>\n<tr style=\"height: 21px\">\n<td style=\"height: 21px\" colspan=\"2&quot;\"><b>TEACHING EXPERIENCE<\/b><\/td>\n<\/tr>\n<tr style=\"height: 63px\">\n<td style=\"height: 63px\" valign=\"top\">2014-present<\/td>\n<td style=\"height: 63px\">Faculty of Computer Science, Bialystok University of Technology<br \/>\nposition: Assistant Professor (pol. adiunkt)<br \/>\nsubjects: software engineering, software development tools, parallel computing<\/td>\n<\/tr>\n<tr style=\"height: 63px\">\n<td style=\"height: 63px\" valign=\"top\">2014-present<\/td>\n<td style=\"height: 63px\">Faculty of Computer Science, Bialystok University of Technology<br \/>\nposition: Lecturer at Postgraduate Studies (pol. wykladowca na studiach podyplomowych)<br \/>\nsubjects: parallel computing, software engineering<\/td>\n<\/tr>\n<tr style=\"height: 42px\">\n<td style=\"height: 42px\" valign=\"top\">2017<\/td>\n<td style=\"height: 42px\">Computer Science Department, University of Las Palmas de Gran Canaria, Spain<br \/>\nErasmus +, one week teaching stay<\/td>\n<\/tr>\n<tr style=\"height: 84px\">\n<td style=\"height: 84px\" valign=\"top\">2006-2014<\/td>\n<td style=\"height: 84px\">Faculty of Computer Science, Bialystok University of Technology<br \/>\nposition: Teaching and Research Assistant<br \/>\nsubjects: software engineering, software development tools, object programming, data bases, probabilistic methods and statistics, methods of multidimensional data analysis<\/td>\n<\/tr>\n<tr style=\"height: 63px\">\n<td style=\"height: 63px\" valign=\"top\">2005-2006<\/td>\n<td style=\"height: 63px\">Faculty of Computer Science, Bialystok University of Technology<br \/>\nposition: Teaching and Research Trainee<br \/>\nsubjects: probabilistic methods and statistics, methods of multidimensional data analysis<\/td>\n<\/tr>\n<tr style=\"height: 42px\">\n<td style=\"height: 42px\" colspan=\"2&quot;\">&nbsp;<\/td>\n<\/tr>\n<tr style=\"height: 21px\">\n<td style=\"height: 21px\" colspan=\"2&quot;\"><b>HONORS<\/b><\/td>\n<\/tr>\n<tr style=\"height: 21px\">\n<td style=\"height: 21px\" valign=\"top\">2018-2023<\/td>\n<td style=\"height: 21px\">Awards of the President of Bialystok Technical University &#8211; 2xIII degree, 2xII degree<\/td>\n<\/tr>\n<tr style=\"height: 21px\">\n<td style=\"height: 21px\" valign=\"top\">2017<\/td>\n<td style=\"height: 21px\">Medal for long-Time Service from President of the Republic of Poland (bronze),<\/td>\n<\/tr>\n<tr style=\"height: 42px\">\n<td style=\"height: 42px\" valign=\"top\">2017<\/td>\n<td style=\"height: 42px\">Award (1st commendation) in Technotalents competition for the product &#8222;Big Data Mining for Healthcare&#8221; in business category<br \/>\nAward (1st commendation) in Technotalents competition for the product &#8222;Big Data Mining for Healthcare&#8221; in BUT category<\/td>\n<\/tr>\n<tr style=\"height: 42px\">\n<td style=\"height: 42px\" valign=\"top\">2014<\/td>\n<td style=\"height: 42px\">The Ministry of Science and Higher Education scholarship for outstanding young scientists conducting high-quality research and with impressive scientific achievements<\/td>\n<\/tr>\n<tr style=\"height: 21px\">\n<td style=\"height: 21px\" valign=\"top\">2013<\/td>\n<td style=\"height: 21px\">Award of the President of Bialystok Technical University &#8211; III degree<\/td>\n<\/tr>\n<tr style=\"height: 42px\">\n<td style=\"height: 42px\" valign=\"top\">2012-2013<\/td>\n<td style=\"height: 42px\">Scholarship in the framework of project &#8222;Scholarships for PhD students as a key of developing region Podlasie&#8221; financed by the European Union from the European Social Funds<\/td>\n<\/tr>\n<tr style=\"height: 21px\">\n<td style=\"height: 21px\" valign=\"top\">2009-2012<\/td>\n<td style=\"height: 21px\">PhD Scholarship of the Bretagne Region, France<\/td>\n<\/tr>\n<tr style=\"height: 21px\">\n<td style=\"height: 21px\" valign=\"top\">2005-2006<\/td>\n<td style=\"height: 21px\">Scholarship of the Ministry of National Education and Sport for academic performance<\/td>\n<\/tr>\n<tr style=\"height: 21px\">\n<td style=\"height: 21px\" valign=\"top\">2005<\/td>\n<td style=\"height: 21px\">Bronze Award in the Primus inter Pares contest organized by the Polish Society of Students, province branch<\/td>\n<\/tr>\n<tr style=\"height: 21px\">\n<td style=\"height: 21px\" valign=\"top\">2005<\/td>\n<td style=\"height: 21px\">Gold and Silver Awards in the Europrimus contest organized by the Science and Enterprise Support Foundation, province branch<\/td>\n<\/tr>\n<tr style=\"height: 21px\">\n<td style=\"height: 21px\" valign=\"top\">2004-2006<\/td>\n<td style=\"height: 21px\">Awards of the President of Bialystok University of Technology for very good achievements during MSc studies<\/td>\n<\/tr>\n<tr style=\"height: 42px\">\n<td style=\"height: 42px\" colspan=\"2&quot;\">&nbsp;<\/td>\n<\/tr>\n<tr style=\"height: 21px\">\n<td style=\"height: 21px\" colspan=\"2&quot;\"><b>RESEARCH INTERESTS<\/b><\/td>\n<\/tr>\n<tr style=\"height: 63px\">\n<td style=\"height: 63px\" colspan=\"2&quot;\">parallel and distributed computing (cluster computing, GPGPU, CUDA, MPI, OpenMP), biomedical applications of computer science, computational modeling, computer simulation, medical imaging (magnetic resonance imaging), computational fluid dynamics, data mining (evolutionary computation, decision trees), genomics, &#8230; (in detail)<\/td>\n<\/tr>\n<tr style=\"height: 42px\">\n<td style=\"height: 42px\" colspan=\"2&quot;\">&nbsp;<\/td>\n<\/tr>\n<tr style=\"height: 21px\">\n<td style=\"height: 21px\" colspan=\"2&quot;\"><b>FOREIGN LANGUAGES<\/b><\/td>\n<\/tr>\n<tr style=\"height: 21px\">\n<td style=\"height: 21px\" colspan=\"2&quot;\">English (fluent), French (basic), Russian (basic), German (basic)<\/td>\n<\/tr>\n<\/tbody>\n<\/table>\n","protected":false},"excerpt":{"rendered":"<p>Curriculum Vitae &#8211; Krzysztof Jurczuk Faculty of Computer Science, Bialystok University of Technology Wiejska 45a,<a class=\"read-more\" href=\"https:\/\/wi.pb.edu.pl\/p\/krzysztof-jurczuk\/curriculum-vitae\/\" title=\"Poka\u017c artyku\u0142 Curriculum Vitae\">wi\u0119cej<\/a><\/p>\n","protected":false},"author":14,"featured_media":0,"parent":1207,"menu_order":0,"comment_status":"closed","ping_status":"closed","template":"","meta":{"inline_featured_image":false,"ngg_post_thumbnail":0,"footnotes":""},"class_list":["post-1211","page","type-page","status-publish","hentry"],"acf":[],"yoast_head":"<!-- This site is optimized with the Yoast SEO plugin v26.4 - https:\/\/yoast.com\/wordpress\/plugins\/seo\/ -->\n<title>Curriculum Vitae - Strony pracownik\u00f3w Wydzia\u0142u Informatyki Politechniki Bia\u0142ostockiej<\/title>\n<meta name=\"robots\" content=\"index, follow, max-snippet:-1, max-image-preview:large, max-video-preview:-1\" \/>\n<link rel=\"canonical\" href=\"https:\/\/wi.pb.edu.pl\/p\/krzysztof-jurczuk\/curriculum-vitae\/\" \/>\n<meta property=\"og:locale\" content=\"pl_PL\" \/>\n<meta property=\"og:type\" content=\"article\" \/>\n<meta property=\"og:title\" content=\"Curriculum Vitae - Strony pracownik\u00f3w Wydzia\u0142u Informatyki Politechniki Bia\u0142ostockiej\" \/>\n<meta property=\"og:description\" content=\"Curriculum Vitae &#8211; Krzysztof Jurczuk Faculty of Computer Science, Bialystok University of Technology Wiejska 45a,wi\u0119cej\" \/>\n<meta property=\"og:url\" content=\"https:\/\/wi.pb.edu.pl\/p\/krzysztof-jurczuk\/curriculum-vitae\/\" \/>\n<meta property=\"og:site_name\" content=\"Strony pracownik\u00f3w Wydzia\u0142u Informatyki Politechniki Bia\u0142ostockiej\" \/>\n<meta property=\"article:modified_time\" content=\"2024-07-23T07:31:28+00:00\" \/>\n<meta name=\"twitter:card\" content=\"summary_large_image\" \/>\n<meta name=\"twitter:label1\" content=\"Szacowany czas czytania\" \/>\n\t<meta name=\"twitter:data1\" content=\"4 minuty\" \/>\n<script type=\"application\/ld+json\" class=\"yoast-schema-graph\">{\"@context\":\"https:\/\/schema.org\",\"@graph\":[{\"@type\":\"WebPage\",\"@id\":\"https:\/\/wi.pb.edu.pl\/p\/krzysztof-jurczuk\/curriculum-vitae\/\",\"url\":\"https:\/\/wi.pb.edu.pl\/p\/krzysztof-jurczuk\/curriculum-vitae\/\",\"name\":\"Curriculum Vitae - Strony pracownik\u00f3w Wydzia\u0142u Informatyki Politechniki Bia\u0142ostockiej\",\"isPartOf\":{\"@id\":\"https:\/\/wi.pb.edu.pl\/p\/#website\"},\"datePublished\":\"2024-07-23T07:31:03+00:00\",\"dateModified\":\"2024-07-23T07:31:28+00:00\",\"breadcrumb\":{\"@id\":\"https:\/\/wi.pb.edu.pl\/p\/krzysztof-jurczuk\/curriculum-vitae\/#breadcrumb\"},\"inLanguage\":\"pl-PL\",\"potentialAction\":[{\"@type\":\"ReadAction\",\"target\":[\"https:\/\/wi.pb.edu.pl\/p\/krzysztof-jurczuk\/curriculum-vitae\/\"]}]},{\"@type\":\"BreadcrumbList\",\"@id\":\"https:\/\/wi.pb.edu.pl\/p\/krzysztof-jurczuk\/curriculum-vitae\/#breadcrumb\",\"itemListElement\":[{\"@type\":\"ListItem\",\"position\":1,\"name\":\"Strona g\u0142\u00f3wna\",\"item\":\"https:\/\/wi.pb.edu.pl\/p\/\"},{\"@type\":\"ListItem\",\"position\":2,\"name\":\"dr in\u017c. Krzysztof Jurczuk\",\"item\":\"https:\/\/wi.pb.edu.pl\/p\/krzysztof-jurczuk\/\"},{\"@type\":\"ListItem\",\"position\":3,\"name\":\"Curriculum Vitae\"}]},{\"@type\":\"WebSite\",\"@id\":\"https:\/\/wi.pb.edu.pl\/p\/#website\",\"url\":\"https:\/\/wi.pb.edu.pl\/p\/\",\"name\":\"Strony pracownik\u00f3w Wydzia\u0142u Informatyki Politechniki Bia\u0142ostockiej\",\"description\":\"\",\"potentialAction\":[{\"@type\":\"SearchAction\",\"target\":{\"@type\":\"EntryPoint\",\"urlTemplate\":\"https:\/\/wi.pb.edu.pl\/p\/?s={search_term_string}\"},\"query-input\":{\"@type\":\"PropertyValueSpecification\",\"valueRequired\":true,\"valueName\":\"search_term_string\"}}],\"inLanguage\":\"pl-PL\"}]}<\/script>\n<!-- \/ Yoast SEO plugin. -->","yoast_head_json":{"title":"Curriculum Vitae - Strony pracownik\u00f3w Wydzia\u0142u Informatyki Politechniki Bia\u0142ostockiej","robots":{"index":"index","follow":"follow","max-snippet":"max-snippet:-1","max-image-preview":"max-image-preview:large","max-video-preview":"max-video-preview:-1"},"canonical":"https:\/\/wi.pb.edu.pl\/p\/krzysztof-jurczuk\/curriculum-vitae\/","og_locale":"pl_PL","og_type":"article","og_title":"Curriculum Vitae - Strony pracownik\u00f3w Wydzia\u0142u Informatyki Politechniki Bia\u0142ostockiej","og_description":"Curriculum Vitae &#8211; Krzysztof Jurczuk Faculty of Computer Science, Bialystok University of Technology Wiejska 45a,wi\u0119cej","og_url":"https:\/\/wi.pb.edu.pl\/p\/krzysztof-jurczuk\/curriculum-vitae\/","og_site_name":"Strony pracownik\u00f3w Wydzia\u0142u Informatyki Politechniki Bia\u0142ostockiej","article_modified_time":"2024-07-23T07:31:28+00:00","twitter_card":"summary_large_image","twitter_misc":{"Szacowany czas czytania":"4 minuty"},"schema":{"@context":"https:\/\/schema.org","@graph":[{"@type":"WebPage","@id":"https:\/\/wi.pb.edu.pl\/p\/krzysztof-jurczuk\/curriculum-vitae\/","url":"https:\/\/wi.pb.edu.pl\/p\/krzysztof-jurczuk\/curriculum-vitae\/","name":"Curriculum Vitae - Strony pracownik\u00f3w Wydzia\u0142u Informatyki Politechniki Bia\u0142ostockiej","isPartOf":{"@id":"https:\/\/wi.pb.edu.pl\/p\/#website"},"datePublished":"2024-07-23T07:31:03+00:00","dateModified":"2024-07-23T07:31:28+00:00","breadcrumb":{"@id":"https:\/\/wi.pb.edu.pl\/p\/krzysztof-jurczuk\/curriculum-vitae\/#breadcrumb"},"inLanguage":"pl-PL","potentialAction":[{"@type":"ReadAction","target":["https:\/\/wi.pb.edu.pl\/p\/krzysztof-jurczuk\/curriculum-vitae\/"]}]},{"@type":"BreadcrumbList","@id":"https:\/\/wi.pb.edu.pl\/p\/krzysztof-jurczuk\/curriculum-vitae\/#breadcrumb","itemListElement":[{"@type":"ListItem","position":1,"name":"Strona g\u0142\u00f3wna","item":"https:\/\/wi.pb.edu.pl\/p\/"},{"@type":"ListItem","position":2,"name":"dr in\u017c. Krzysztof Jurczuk","item":"https:\/\/wi.pb.edu.pl\/p\/krzysztof-jurczuk\/"},{"@type":"ListItem","position":3,"name":"Curriculum Vitae"}]},{"@type":"WebSite","@id":"https:\/\/wi.pb.edu.pl\/p\/#website","url":"https:\/\/wi.pb.edu.pl\/p\/","name":"Strony pracownik\u00f3w Wydzia\u0142u Informatyki Politechniki Bia\u0142ostockiej","description":"","potentialAction":[{"@type":"SearchAction","target":{"@type":"EntryPoint","urlTemplate":"https:\/\/wi.pb.edu.pl\/p\/?s={search_term_string}"},"query-input":{"@type":"PropertyValueSpecification","valueRequired":true,"valueName":"search_term_string"}}],"inLanguage":"pl-PL"}]}},"_links":{"self":[{"href":"https:\/\/wi.pb.edu.pl\/p\/wp-json\/wp\/v2\/pages\/1211","targetHints":{"allow":["GET"]}}],"collection":[{"href":"https:\/\/wi.pb.edu.pl\/p\/wp-json\/wp\/v2\/pages"}],"about":[{"href":"https:\/\/wi.pb.edu.pl\/p\/wp-json\/wp\/v2\/types\/page"}],"author":[{"embeddable":true,"href":"https:\/\/wi.pb.edu.pl\/p\/wp-json\/wp\/v2\/users\/14"}],"replies":[{"embeddable":true,"href":"https:\/\/wi.pb.edu.pl\/p\/wp-json\/wp\/v2\/comments?post=1211"}],"version-history":[{"count":2,"href":"https:\/\/wi.pb.edu.pl\/p\/wp-json\/wp\/v2\/pages\/1211\/revisions"}],"predecessor-version":[{"id":1213,"href":"https:\/\/wi.pb.edu.pl\/p\/wp-json\/wp\/v2\/pages\/1211\/revisions\/1213"}],"up":[{"embeddable":true,"href":"https:\/\/wi.pb.edu.pl\/p\/wp-json\/wp\/v2\/pages\/1207"}],"wp:attachment":[{"href":"https:\/\/wi.pb.edu.pl\/p\/wp-json\/wp\/v2\/media?parent=1211"}],"curies":[{"name":"wp","href":"https:\/\/api.w.org\/{rel}","templated":true}]}}