{"id":1214,"date":"2024-07-23T09:34:15","date_gmt":"2024-07-23T07:34:15","guid":{"rendered":"https:\/\/wi.pb.edu.pl\/p\/?page_id=1214"},"modified":"2024-07-23T09:34:15","modified_gmt":"2024-07-23T07:34:15","slug":"the-list-of-publications","status":"publish","type":"page","link":"https:\/\/wi.pb.edu.pl\/p\/krzysztof-jurczuk\/the-list-of-publications\/","title":{"rendered":"The List of Publications"},"content":{"rendered":"<p><span style=\"font-size: x-large\">Krzysztof Jurczuk &#8211; The List of Publications<\/span>&nbsp;<\/p>\n<p><span style=\"font-size: small\"><strong>2015-2023<\/strong><\/span><\/p>\n<ul>\n<li style=\"list-style-type: none\">\n<ul>\n<li>Czajkowski M.,&nbsp;<b>Jurczuk K.<\/b>, Kretowski M., Steering the interpretability of decision trees using lasso regression &#8211; an evolutionary perspective,&nbsp;<i><b>Information Science<\/b><\/i>, vol. 638: 118944, 2023.<\/li>\n<li><b>Jurczuk K.<\/b>, Czajkowski M., Kretowski M., From Random Forest to an interpretable decision tree &#8211; An evolutionary approach, GECCO&#8217;23, Lisbon, Portugal. GECCO 2023 Companion, pp. 291-294, 2023. (<a href=\"https:\/\/wi.pb.edu.pl\/p\/wp-content\/uploads\/sites\/3\/2024\/07\/gecco2023.pdf\"><span style=\"color: brown\">GECCO2023.pdf<\/span><\/a>)<\/li>\n<li>Czajkowski M.,&nbsp;<b>Jurczuk K.<\/b>, Kretowski M., Hierarchical relative expression analysis in multi-omics data classification, ICCS&#8217;23, Prague, Czechia. Lecture Notes in Computer Science, vol. 14074: 722-729, 2023. (<a href=\"https:\/\/wi.pb.edu.pl\/p\/wp-content\/uploads\/sites\/3\/2024\/07\/iccs2023.pdf\"><span style=\"color: brown\">ICCS2023.pdf<\/span><\/a>)<\/li>\n<li><b>Jurczuk K.<\/b>, Czajkowski M., Kretowski M. Compact in-memory representation of decision trees in GPU-accelerated evolutionary induction, PPAM&#8217;22, Gdansk, Poland. Lecture Notes in Computer Science, vol. 13826: 126-138, 2023 (<a href=\"https:\/\/wi.pb.edu.pl\/p\/wp-content\/uploads\/sites\/3\/2024\/07\/ppam2022.pdf\"><span style=\"color: brown\">PPAM2022.pdf<\/span><\/a>)<\/li>\n<\/ul>\n<\/li>\n<\/ul>\n<p>&nbsp;<\/p>\n<ul>\n<li style=\"list-style-type: none\">\n<ul>\n<li><b>Jurczuk K.<\/b>, Czajkowski M., Kretowski M., GPU-based acceleration of evolutionary induction of model trees,&nbsp;<i><b>Applied Soft Computing<\/b><\/i>, vol. 119: 108503, 2022 (<a href=\"https:\/\/wi.pb.edu.pl\/p\/wp-content\/uploads\/sites\/3\/2024\/07\/asc2022.pdf\"><span style=\"color: brown\">ASC2022.pdf<\/span><\/a>)<\/li>\n<\/ul>\n<\/li>\n<\/ul>\n<p>&nbsp;<\/p>\n<ul>\n<li style=\"list-style-type: none\">\n<ul>\n<li><b>Jurczuk K.<\/b>, Czajkowski M., Kretowski M., Multi-GPU approach to global induction of classification trees for large-scale data mining,&nbsp;<i><b>Applied Intelligence<\/b><\/i>, vol. 51: 5683\ufffd5700, 2021. (<a href=\"https:\/\/wi.pb.edu.pl\/p\/wp-content\/uploads\/sites\/3\/2024\/07\/ai2021.pdf\"><span style=\"color: brown\">AI2021.pdf<\/span><\/a>)<\/li>\n<li><b>Jurczuk K.<\/b>, Czajkowski M., Kretowski M., Fitness evaluation reuse for accelerating GPU-based evolutionary induction of decision trees,&nbsp;<i><b>International Journal of High Performance Computing Applications<\/b><\/i>, vol. 35(1): 20-32, 2021. (<a href=\"https:\/\/wi.pb.edu.pl\/p\/wp-content\/uploads\/sites\/3\/2024\/07\/ijhpca2020.pdf\"><span style=\"color: brown\">IJHPCA2020.pdf<\/span><\/a>)<\/li>\n<li>Reska D., Czajkowski M.,&nbsp;<b>Jurczuk K.<\/b>, Boldak C., Kwedlo W., Bauer W., Koszelew J., Kretowski M., Integration of solutions and services for multi-omics data analysis towards personalized medicine,&nbsp;<i><b>Biocybernetics and Biomedical Engineering<\/b><\/i>, vol. 41: 1646-1663, 2021. (<a href=\"https:\/\/wi.pb.edu.pl\/p\/wp-content\/uploads\/sites\/3\/2024\/07\/bbe2021.pdf\"><span style=\"color: brown\">BBE2021.pdf<\/span><\/a>)<\/li>\n<li>Czajkowski M.,&nbsp;<b>Jurczuk K.<\/b>, Kretowski M., Accelerated Evolutionary Induction of Heterogeneous Decision Trees for Gene Expression-Based Classification,&nbsp;<i>GECCO&#8217;21<\/i>, Lille, France. GECCO 2021 Proceedings, pp. 946-954, 2021. (<a href=\"https:\/\/wi.pb.edu.pl\/p\/wp-content\/uploads\/sites\/3\/2024\/07\/gecco2021a.pdf\"><span style=\"color: brown\">GECCO2021a.pdf<\/span><\/a>)<\/li>\n<li><b>Jurczuk K.<\/b>, Czajkowski M., Kretowski M., Understanding evolutionary induction of decision trees: A multi-tree repository approach,&nbsp;<i>GECCO&#8217;21<\/i>, Lille, France. GECCO 2021 Companion, pp. 155-156, 2021. (<a href=\"https:\/\/wi.pb.edu.pl\/p\/wp-content\/uploads\/sites\/3\/2024\/07\/gecco2021b.pdf\"><span style=\"color: brown\">GECCO2021b.pdf<\/span><\/a>)<\/li>\n<\/ul>\n<\/li>\n<\/ul>\n<p>&nbsp;<\/p>\n<ul>\n<li style=\"list-style-type: none\">\n<ul>\n<li>Czajkowski M.,&nbsp;<b>Jurczuk K.<\/b>, Kretowski M., Generic Relative Relations in Hierarchical Gene Expression Data Classification,&nbsp;<i>PPSN&#8217;20<\/i>, Leiden, Holand.&nbsp;<i>Lecture Notes in Computer Science<\/i>, vol. 12270: 372-384, 2020 (<a href=\"https:\/\/wi.pb.edu.pl\/p\/wp-content\/uploads\/sites\/3\/2024\/07\/ppsn2020.pdf\"><span style=\"color: brown\">PPSN2020.pdf<\/span><\/a>)<\/li>\n<li>Czajkowski M.,&nbsp;<b>Jurczuk K.<\/b>, Kretowski M., Tree Based Advanced Relative Expression Analysis,&nbsp;<i>ICCS&#8217;20<\/i>, Amsterdam, Holand.&nbsp;<i>Lecture Notes in Computer Science<\/i>, vol. 12139: 496-510, 2020 (<a href=\"https:\/\/wi.pb.edu.pl\/p\/wp-content\/uploads\/sites\/3\/2024\/07\/iccs2020.pdf\"><span style=\"color: brown\">ICCS2020.pdf<\/span><\/a>)<\/li>\n<li><b>Jurczuk K.<\/b>, Czajkowski M., Kretowski M., Accelerating GPU-based Evolutionary Induction of Decision Trees &#8211; Fitness Evaluation Reuse,&nbsp;<i>PPAM&#8217;19<\/i>, Bialystok, Poland.&nbsp;<i>Lecture Notes in Computer Science<\/i>, vol. 12043: 421-431, 2020 (<a href=\"https:\/\/wi.pb.edu.pl\/p\/wp-content\/uploads\/sites\/3\/2024\/07\/ppam2019b.pdf\"><span style=\"color: brown\">PPAM2019b.pdf<\/span><\/a>)<\/li>\n<li>Czajkowski M.,&nbsp;<b>Jurczuk K.<\/b>, Kretowski M., Relative Expression Classification Tree. A Preliminary GPU-based Implementation,&nbsp;<i>PPAM&#8217;19<\/i>, Bialystok, Poland.&nbsp;<i>Lecture Notes in Computer Science<\/i>, vol. 12043: 359-369, 2020 (<a href=\"https:\/\/wi.pb.edu.pl\/p\/wp-content\/uploads\/sites\/3\/2024\/07\/ppam2019a.pdf\"><span style=\"color: brown\">PPAM2019a.pdf<\/span><\/a>)<\/li>\n<\/ul>\n<\/li>\n<\/ul>\n<p>&nbsp;<\/p>\n<ul>\n<li style=\"list-style-type: none\">\n<ul>\n<li><b>Jurczuk K.<\/b>, Czajkowski M., Kretowski M., Multi-GPU approach for big data mining &#8211; global induction of decision trees,&nbsp;<i>GECCO&#8217;19<\/i>, Prague, Czech Republic.&nbsp;<i>GECCO 2019 Companion<\/i>, pp. 175-176, 2019. (<a href=\"https:\/\/wi.pb.edu.pl\/p\/wp-content\/uploads\/sites\/3\/2024\/07\/gecco2019b.pdf\"><span style=\"color: brown\">GECCO2019B.pdf<\/span><\/a>)<\/li>\n<\/ul>\n<\/li>\n<\/ul>\n<p>&nbsp;<\/p>\n<ul>\n<li style=\"list-style-type: none\">\n<ul>\n<li><b>Jurczuk K.<\/b>, Kretowski M., Johanne Bezy-Wendling, GPU-based computational modeling of magnetic resonance imaging of vascular structures,&nbsp;<i><b>The International Journal of High Performance Computing Applications<\/b><\/i>, vol. 32(4): 496-511, 2018. (<a href=\"https:\/\/wi.pb.edu.pl\/p\/wp-content\/uploads\/sites\/3\/2024\/07\/ijhpca2017.pdf\"><span style=\"color: brown\">IJHPCA2017.pdf<\/span><\/a>)<\/li>\n<li><b>Jurczuk K.<\/b>, Reska D., Kretowski M., What are the limits of evolutionary induction of decision trees?,&nbsp;<i>PPSN&#8217;18<\/i>, Coimbra, Portugal,&nbsp;<i>Lecture Notes in Computer Science<\/i>, vol. 11102: 461-473, 2018. (<a href=\"https:\/\/wi.pb.edu.pl\/p\/wp-content\/uploads\/sites\/3\/2024\/07\/ppsn2018.pdf\"><span style=\"color: brown\">PPSN2018.pdf<\/span><\/a>)<\/li>\n<li>Reska D.,&nbsp;<b>Jurczuk K.<\/b>, Kretowski M., Evolutionary induction of classification trees on Spark,&nbsp;<i>ICAISC&#8217;18<\/i>, Zakopane, Poland,&nbsp;<i>Lecture Notes in Artificial Intelligence<\/i>, vol. 10841: 514-523, 2018. (<a href=\"https:\/\/wi.pb.edu.pl\/p\/wp-content\/uploads\/sites\/3\/2024\/07\/icaisc2018.pdf\"><span style=\"color: brown\">ICAISC2018.pdf<\/span><\/a>)<\/li>\n<li>Simoncini C.,&nbsp;<b>Jurczuk K.<\/b>, Reska D., Esneault S., Nunes JC., Bellanger JJ., Saint-Jalmes H., Rolland Y., Eliat PA., Bezy-Wendling J., Kretowski M., Towards a patient-specific hepatic arterial modeling for microspheres distribution optimization in SIRT protocol,&nbsp;<i><b>Medical &amp; Biological Engineering &amp; Computing<\/b><\/i>, vol. 56: 515-529, 2018. (<a href=\"https:\/\/wi.pb.edu.pl\/p\/wp-content\/uploads\/sites\/3\/2024\/07\/mbec2018.pdf\"><span style=\"color: brown\">MBEC2018.pdf<\/span><\/a>)<\/li>\n<\/ul>\n<\/li>\n<\/ul>\n<p>&nbsp;<\/p>\n<ul>\n<li style=\"list-style-type: none\">\n<ul>\n<li><b>Jurczuk K.<\/b>, Czajkowski M., Kretowski M., GPU-accelerated evolutionary induction of regression trees,&nbsp;<i>TPNC&#8217;17<\/i>, Prague, Czech Republic,&nbsp;<i>Lecture Notes in Computer Science<\/i>, vol. 10687: 87-99, 2017. (<a href=\"https:\/\/wi.pb.edu.pl\/p\/wp-content\/uploads\/sites\/3\/2024\/07\/tpnc2017.pdf\"><span style=\"color: brown\">TPNC2017.pdf<\/span><\/a>)<\/li>\n<li><b>Jurczuk K.<\/b>, Czajkowski M., Kretowski M., Evolutionary induction of a decision tree for large scale data. a GPU-based approach,&nbsp;<i><b>Soft Computing<\/b><\/i>, vol. 21: 7363-79, 2017. (<a href=\"https:\/\/wi.pb.edu.pl\/p\/wp-content\/uploads\/sites\/3\/2024\/07\/sc2017.pdf\"><span style=\"color: brown\">SC2017.pdf<\/span><\/a>)<\/li>\n<li>Simoncini C., Rolland Y., Morgenthaler V.,&nbsp;<b>Jurczuk K.<\/b>, Saint-Jalmes H., Eliat P.-A., Kretowski M., Bezy-Wendling J., Blood flow simulation in patient-specific segmented hepatic arterial tree.&nbsp;<i><b>IRBM &#8211; Innovation and Research in BioMedical Engineering<\/b><\/i>&nbsp;vol. 38(3): 120-126, 2017. (<a href=\"https:\/\/wi.pb.edu.pl\/p\/wp-content\/uploads\/sites\/3\/2024\/07\/irbm2017.pdf\"><span style=\"color: brown\">IRBM2017.pdf<\/span><\/a>)<\/li>\n<\/ul>\n<\/li>\n<\/ul>\n<p>&nbsp;<\/p>\n<ul>\n<li style=\"list-style-type: none\">\n<ul>\n<li>Fiedorczuk K., Reska D.,&nbsp;<b>Jurczuk K.<\/b>, Kretowski M., The use of laser scanner and coordinate measurement machine in evaluation of geometrical precision in 3D PolyJet printing,&nbsp;<i>Mechanik<\/i>, vol. 11: 1604-1605, 2016 (<a href=\"http:\/\/www.mechanik.media.pl\/pliki\/do_pobrania\/artykuly\/22\/k066-067.pdf\"><span style=\"color: brown\">MECH2016.pdf<\/span><\/a>)<\/li>\n<li>Czajkowski M.,&nbsp;<b>Jurczuk K.<\/b>, Kretowski M., Hybrid Parallelization of Evolutionary Model Tree Induction,&nbsp;<i>ICAISC&#8217;16<\/i>, Zakopane, Poland,&nbsp;<i>Lecture Notes in Artificial Intelligence<\/i>, vol. 9692: 370-379, 2016. (<a href=\"https:\/\/wi.pb.edu.pl\/p\/wp-content\/uploads\/sites\/3\/2024\/07\/icaisc2016.pdf\"><span style=\"color: brown\">ICAISC2016.pdf<\/span><\/a>)<\/li>\n<li><b>Jurczuk K.<\/b>, Czajkowski M., Kretowski M., Using GPU to accelerate evolutionary induction of decision trees,&nbsp;<i>Advances in Data Science : International Workshop and Networking Event<\/i>, Holny Mejera, Poland, 2016.<\/li>\n<li><b>Jurczuk K.<\/b>, Murawski D., Kretowski M., Bezy-Wendling J., GPU accelerated simulations of magnetic resonance imaging of vascular structures,&nbsp;<i>PPAM&#8217;15<\/i>, Krakow, Poland,&nbsp;<i>Lecture Notes in Computer Science<\/i>&nbsp;vol. 9573: 389-398, 2016. (<a href=\"https:\/\/wi.pb.edu.pl\/p\/wp-content\/uploads\/sites\/3\/2024\/07\/ppam2015.pdf\"><span style=\"color: brown\">PPAM2016.pdf<\/span><\/a>)<\/li>\n<\/ul>\n<\/li>\n<\/ul>\n<p>&nbsp;<\/p>\n<ul>\n<li>Czajkowski M.,&nbsp;<b>Jurczuk K.<\/b>, Kretowski M., A parallel approach for evolutionary induced decision trees. MPI+OpenMP implementation,&nbsp;<i>ICAISC&#8217;15<\/i>, Zakopane, Poland,&nbsp;<i>Lecture Notes in Artificial Intelligence<\/i>, vol. 9119: 340-349, 2015. (<a href=\"https:\/\/wi.pb.edu.pl\/p\/wp-content\/uploads\/sites\/3\/2024\/07\/icaisc2015.pdf\"><span style=\"color: brown\">ICAISC2015.pdf<\/span><\/a>)<\/li>\n<li>Czajkowski M.,&nbsp;<b>Jurczuk K.<\/b>, Kretowski M., Can evolutionary induction of decision trees be applied for large datasets?,&nbsp;<i>Advances in Data Science : International Workshop and Networking Event<\/i>, Holny Mejera, Poland, 2015.<\/li>\n<\/ul>\n<p>&nbsp;<\/p>\n<p><span style=\"font-size: small\"><strong>2006-2014<\/strong><\/span><\/p>\n<ul>\n<li><b>Jurczuk K.<\/b>, Kretowski M., Eliat P.-A., Saint-Jalmes H., Bezy-Wendling J., In Silico Modeling of Magnetic Resonance Flow Imaging in Complex Vascular Networks,&nbsp;<i><b>IEEE Transactions on Medical Imaging<\/b><\/i>, vol. 33 (11): 2191-2209, 2014. (<a href=\"https:\/\/wi.pb.edu.pl\/p\/wp-content\/uploads\/sites\/3\/2024\/07\/ieee_tmi_2014.pdf\">IEEE_TMI_2014.pdf 2387 KB<\/a>)<\/li>\n<li>Reska D.,&nbsp;<b>Jurczuk K.<\/b>, Boldak C., Kretowski M., MESA: Complete approach for design and evaluation of segmentation methods using real and simulated tomographic images,&nbsp;<i><b>Biocybernetics and Biomedical Engineering<\/b><\/i>, vol. 34: 146-158, 2014. (<a href=\"https:\/\/wi.pb.edu.pl\/p\/wp-content\/uploads\/sites\/3\/2024\/07\/bbe2014.pdf\">BBE2014.pdf 2762 KB<\/a>)<\/li>\n<li><b>Jurczuk K.<\/b>, Kretowski M., Bellanger J.-J., Eliat P.-A., Saint-Jalmes H., Bezy-Wendling J., Computational modeling of MR flow imaging by the lattice Boltzmann method and Bloch equation,&nbsp;<i><b>Magnetic Resonance Imaging<\/b><\/i>, vol. 31 (7): 1163-1173, 2013. (<a href=\"https:\/\/wi.pb.edu.pl\/p\/wp-content\/uploads\/sites\/3\/2024\/07\/mri2013.pdf\">MRI2013.pdf 2034 KB<\/a>)<\/li>\n<li><b>Jurczuk K.<\/b>, Kretowski M., Eliat P.-A., Bellanger J.-J., Saint-Jalmes H., Bezy-Wendling J., A New Approach in Combined Modeling of MRI and Blood Flow: A Preliminary Study,&nbsp;<i>IEEE ISBI 2012<\/i>, Barcelona, Spain, pp. 812-815. (<a href=\"https:\/\/wi.pb.edu.pl\/p\/wp-content\/uploads\/sites\/3\/2024\/07\/isbi2012.pdf\">ISBI2012.pdf 571 KB<\/a>)<\/li>\n<li><b>Jurczuk K.<\/b>, Kretowski M., Bezy-Wendling J., Hierarchical Parallel Approach in Vascular Network Modeling &#8211; Hybrid MPI+OpenMP Implementation,&nbsp;<i>PPAM 2012<\/i>, Torun, Poland,&nbsp;<i>Lecture Notes in Computer Science<\/i>, vol. 7203: 376-385, 2012. (<a href=\"https:\/\/wi.pb.edu.pl\/p\/wp-content\/uploads\/sites\/3\/2024\/07\/ppam2011.pdf\">PPAM2011.pdf 425 KB<\/a>)<\/li>\n<li><b>Jurczuk K.<\/b>, Kretowski M., Bezy-Wendling J., Vascular system modeling in parallel environment &#8211; distributed and shared memory approaches,&nbsp;<i><b>IEEE Transaction on Information Technology in Biomedicine<\/b><\/i>, vol. 15 (4): 668-672, 2011. (<a href=\"https:\/\/wi.pb.edu.pl\/p\/wp-content\/uploads\/sites\/3\/2024\/07\/ieee_titb_2011.pdf\">IEEE_TITB_2011.pdf 512 KB<\/a>)<\/li>\n<li><b>Jurczuk K.<\/b>, Kretowski M., Bezy-Wendling J. Vascular network modeling &#8211; improved parallel implementation on computing cluster,&nbsp;<i>PPAM 2009<\/i>, Wroclaw, Poland,&nbsp;<i>Lecture Notes in Computer Science<\/i>, vol. 6067: 289-298, 2010. (<a href=\"https:\/\/wi.pb.edu.pl\/p\/wp-content\/uploads\/sites\/3\/2024\/07\/ppam2009.pdf\">PPAM2009.pdf 414 KB<\/a>)<\/li>\n<li><b>Jurczuk K.<\/b>, Kretowski M., Bezy-Wendling J. Load balancing in parallel implementation of vascular network modeling,&nbsp;<i>Zeszyty Naukowe Politechniki Bialostockiej. Informatyka<\/i>, vol. 6: 41-61, 2010. (<a href=\"http:\/\/www.wi.pb.edu.pl\/pliki\/nauka\/zeszyty\/z6\/Jurczuk,Kretowski-full.pdf\">ZNPB2010.pdf 749 KB<\/a>)<\/li>\n<li><b>Jurczuk K.<\/b>, Kretowski M., Virtual magnetic resonance imaging &#8211; parallel implementation in a cluster computing environment,&nbsp;<i><b>Biocybernetics and Biomedical Engineering<\/b><\/i>, vol. 29 (3): 31-46, 2009. (<a href=\"https:\/\/wi.pb.edu.pl\/p\/wp-content\/uploads\/sites\/3\/2024\/07\/bbe2009.pdf\">BBE2009.pdf 6.49 MB<\/a>)<\/li>\n<li><b>Jurczuk K.<\/b>, Kretowski M., Parallel implementation of vascular network modeling,&nbsp;<i>ICCS 2008<\/i>, Krakow, Poland,&nbsp;<i>Lecture Notes in Computer Science<\/i>, vol. 5101: 679-688, 2008. (<a href=\"https:\/\/wi.pb.edu.pl\/p\/wp-content\/uploads\/sites\/3\/2024\/07\/iccs2008.pdf\">ICCS2008.pdf 932 KB<\/a>)<\/li>\n<li><b>Jurczuk K.<\/b>, Kretowski M., Wirtualny skaner tomografii rezonansu magnetycznego &#8211; implementacja w srodowisku rozproszonym,&nbsp;<i>Proc. of XV National Conference Biocybernetics and Biomedical Engineering<\/i>, Wroclaw, Poland, 2007.<\/li>\n<li>Mescam M.,&nbsp;<b>Jurczuk K.<\/b>, Bezy-Wendling J., Kretowski M., Eliat P.-A., Bellanger J.-J., Couplage d&#8217;un modele vasculaire bi-niveau et d&#8217;un modele d&#8217;acquisition d&#8217;images: application a la simulation d&#8217;IRM dynamique du Carcinome Hepatocellulaire,&nbsp;<i>Proc. of XXI GRETSI Conference<\/i>, Troyes, France, 2007.<\/li>\n<li>Mescam M., Bezy-Wendling J., Kretowski M.,&nbsp;<b>Jurczuk K.<\/b>, Eliat P.-A., Olivie D., Coupling texture analysis and physiological modeling for liver dynamic MRI interpretation,&nbsp;<i>Proc. of the XXIX International Conference of the IEEE EMBS<\/i>, Lyon, France, pp. 4223-4226, 2007.<\/li>\n<li>Bezy-Wendling J., Kretowski M., Mescam M.,&nbsp;<b>Jurczuk K.<\/b>, Eliat P.-A., Simulation of Hepatocellular Carcinoma in MRI by Combined Macrovascular and Pharmacokinetic Models,&nbsp;<i>IEEE ISBI 2007<\/i>, Washington, USA, pp. 1272-1275, 2007.<\/li>\n<li><b>Jurczuk K.<\/b>, Platforma e-learning&#8217;u &#8211; efektywny i elastyczny oraz wygodny i ekonomiczny sposob nauczania,&nbsp;<i>National Conference &#8222;Rola i miejsce studenckich kol naukowych w rozwoju wspolczesnej nauki&#8221;<\/i>, Suprasl, Poland, chapter in the monograph&nbsp;<i>&#8222;Rola i miejsce studenckich kol naukowych w rozwoju wspolczesnej nauki&#8221;<\/i>, pp. 252-257, 2006.<\/li>\n<\/ul>\n","protected":false},"excerpt":{"rendered":"<p>Krzysztof Jurczuk &#8211; The List of Publications&nbsp; 2015-2023 Czajkowski M.,&nbsp;Jurczuk K., Kretowski M., Steering the<a class=\"read-more\" href=\"https:\/\/wi.pb.edu.pl\/p\/krzysztof-jurczuk\/the-list-of-publications\/\" title=\"Poka\u017c artyku\u0142 The List of Publications\">wi\u0119cej<\/a><\/p>\n","protected":false},"author":14,"featured_media":0,"parent":1207,"menu_order":0,"comment_status":"closed","ping_status":"closed","template":"","meta":{"inline_featured_image":false,"ngg_post_thumbnail":0,"footnotes":""},"class_list":["post-1214","page","type-page","status-publish","hentry"],"acf":[],"yoast_head":"<!-- This site is optimized with the Yoast SEO plugin v26.4 - https:\/\/yoast.com\/wordpress\/plugins\/seo\/ -->\n<title>The List of Publications - Strony pracownik\u00f3w Wydzia\u0142u Informatyki Politechniki Bia\u0142ostockiej<\/title>\n<meta name=\"robots\" content=\"index, follow, max-snippet:-1, max-image-preview:large, max-video-preview:-1\" \/>\n<link rel=\"canonical\" href=\"https:\/\/wi.pb.edu.pl\/p\/krzysztof-jurczuk\/the-list-of-publications\/\" \/>\n<meta property=\"og:locale\" content=\"pl_PL\" \/>\n<meta property=\"og:type\" content=\"article\" \/>\n<meta property=\"og:title\" content=\"The List of Publications - Strony pracownik\u00f3w Wydzia\u0142u Informatyki Politechniki Bia\u0142ostockiej\" \/>\n<meta property=\"og:description\" content=\"Krzysztof Jurczuk &#8211; The List of Publications&nbsp; 2015-2023 Czajkowski M.,&nbsp;Jurczuk K., Kretowski M., Steering thewi\u0119cej\" \/>\n<meta property=\"og:url\" content=\"https:\/\/wi.pb.edu.pl\/p\/krzysztof-jurczuk\/the-list-of-publications\/\" \/>\n<meta property=\"og:site_name\" content=\"Strony pracownik\u00f3w Wydzia\u0142u Informatyki Politechniki Bia\u0142ostockiej\" \/>\n<meta name=\"twitter:card\" content=\"summary_large_image\" \/>\n<meta name=\"twitter:label1\" content=\"Szacowany czas czytania\" \/>\n\t<meta name=\"twitter:data1\" content=\"8 minut\" \/>\n<script type=\"application\/ld+json\" class=\"yoast-schema-graph\">{\"@context\":\"https:\/\/schema.org\",\"@graph\":[{\"@type\":\"WebPage\",\"@id\":\"https:\/\/wi.pb.edu.pl\/p\/krzysztof-jurczuk\/the-list-of-publications\/\",\"url\":\"https:\/\/wi.pb.edu.pl\/p\/krzysztof-jurczuk\/the-list-of-publications\/\",\"name\":\"The List of Publications - Strony pracownik\u00f3w Wydzia\u0142u Informatyki Politechniki Bia\u0142ostockiej\",\"isPartOf\":{\"@id\":\"https:\/\/wi.pb.edu.pl\/p\/#website\"},\"datePublished\":\"2024-07-23T07:34:15+00:00\",\"breadcrumb\":{\"@id\":\"https:\/\/wi.pb.edu.pl\/p\/krzysztof-jurczuk\/the-list-of-publications\/#breadcrumb\"},\"inLanguage\":\"pl-PL\",\"potentialAction\":[{\"@type\":\"ReadAction\",\"target\":[\"https:\/\/wi.pb.edu.pl\/p\/krzysztof-jurczuk\/the-list-of-publications\/\"]}]},{\"@type\":\"BreadcrumbList\",\"@id\":\"https:\/\/wi.pb.edu.pl\/p\/krzysztof-jurczuk\/the-list-of-publications\/#breadcrumb\",\"itemListElement\":[{\"@type\":\"ListItem\",\"position\":1,\"name\":\"Strona g\u0142\u00f3wna\",\"item\":\"https:\/\/wi.pb.edu.pl\/p\/\"},{\"@type\":\"ListItem\",\"position\":2,\"name\":\"dr in\u017c. Krzysztof Jurczuk\",\"item\":\"https:\/\/wi.pb.edu.pl\/p\/krzysztof-jurczuk\/\"},{\"@type\":\"ListItem\",\"position\":3,\"name\":\"The List of Publications\"}]},{\"@type\":\"WebSite\",\"@id\":\"https:\/\/wi.pb.edu.pl\/p\/#website\",\"url\":\"https:\/\/wi.pb.edu.pl\/p\/\",\"name\":\"Strony pracownik\u00f3w Wydzia\u0142u Informatyki Politechniki Bia\u0142ostockiej\",\"description\":\"\",\"potentialAction\":[{\"@type\":\"SearchAction\",\"target\":{\"@type\":\"EntryPoint\",\"urlTemplate\":\"https:\/\/wi.pb.edu.pl\/p\/?s={search_term_string}\"},\"query-input\":{\"@type\":\"PropertyValueSpecification\",\"valueRequired\":true,\"valueName\":\"search_term_string\"}}],\"inLanguage\":\"pl-PL\"}]}<\/script>\n<!-- \/ Yoast SEO plugin. -->","yoast_head_json":{"title":"The List of Publications - Strony pracownik\u00f3w Wydzia\u0142u Informatyki Politechniki Bia\u0142ostockiej","robots":{"index":"index","follow":"follow","max-snippet":"max-snippet:-1","max-image-preview":"max-image-preview:large","max-video-preview":"max-video-preview:-1"},"canonical":"https:\/\/wi.pb.edu.pl\/p\/krzysztof-jurczuk\/the-list-of-publications\/","og_locale":"pl_PL","og_type":"article","og_title":"The List of Publications - Strony pracownik\u00f3w Wydzia\u0142u Informatyki Politechniki Bia\u0142ostockiej","og_description":"Krzysztof Jurczuk &#8211; The List of Publications&nbsp; 2015-2023 Czajkowski M.,&nbsp;Jurczuk K., Kretowski M., Steering thewi\u0119cej","og_url":"https:\/\/wi.pb.edu.pl\/p\/krzysztof-jurczuk\/the-list-of-publications\/","og_site_name":"Strony pracownik\u00f3w Wydzia\u0142u Informatyki Politechniki Bia\u0142ostockiej","twitter_card":"summary_large_image","twitter_misc":{"Szacowany czas czytania":"8 minut"},"schema":{"@context":"https:\/\/schema.org","@graph":[{"@type":"WebPage","@id":"https:\/\/wi.pb.edu.pl\/p\/krzysztof-jurczuk\/the-list-of-publications\/","url":"https:\/\/wi.pb.edu.pl\/p\/krzysztof-jurczuk\/the-list-of-publications\/","name":"The List of Publications - Strony pracownik\u00f3w Wydzia\u0142u Informatyki Politechniki Bia\u0142ostockiej","isPartOf":{"@id":"https:\/\/wi.pb.edu.pl\/p\/#website"},"datePublished":"2024-07-23T07:34:15+00:00","breadcrumb":{"@id":"https:\/\/wi.pb.edu.pl\/p\/krzysztof-jurczuk\/the-list-of-publications\/#breadcrumb"},"inLanguage":"pl-PL","potentialAction":[{"@type":"ReadAction","target":["https:\/\/wi.pb.edu.pl\/p\/krzysztof-jurczuk\/the-list-of-publications\/"]}]},{"@type":"BreadcrumbList","@id":"https:\/\/wi.pb.edu.pl\/p\/krzysztof-jurczuk\/the-list-of-publications\/#breadcrumb","itemListElement":[{"@type":"ListItem","position":1,"name":"Strona g\u0142\u00f3wna","item":"https:\/\/wi.pb.edu.pl\/p\/"},{"@type":"ListItem","position":2,"name":"dr in\u017c. Krzysztof Jurczuk","item":"https:\/\/wi.pb.edu.pl\/p\/krzysztof-jurczuk\/"},{"@type":"ListItem","position":3,"name":"The List of Publications"}]},{"@type":"WebSite","@id":"https:\/\/wi.pb.edu.pl\/p\/#website","url":"https:\/\/wi.pb.edu.pl\/p\/","name":"Strony pracownik\u00f3w Wydzia\u0142u Informatyki Politechniki Bia\u0142ostockiej","description":"","potentialAction":[{"@type":"SearchAction","target":{"@type":"EntryPoint","urlTemplate":"https:\/\/wi.pb.edu.pl\/p\/?s={search_term_string}"},"query-input":{"@type":"PropertyValueSpecification","valueRequired":true,"valueName":"search_term_string"}}],"inLanguage":"pl-PL"}]}},"_links":{"self":[{"href":"https:\/\/wi.pb.edu.pl\/p\/wp-json\/wp\/v2\/pages\/1214","targetHints":{"allow":["GET"]}}],"collection":[{"href":"https:\/\/wi.pb.edu.pl\/p\/wp-json\/wp\/v2\/pages"}],"about":[{"href":"https:\/\/wi.pb.edu.pl\/p\/wp-json\/wp\/v2\/types\/page"}],"author":[{"embeddable":true,"href":"https:\/\/wi.pb.edu.pl\/p\/wp-json\/wp\/v2\/users\/14"}],"replies":[{"embeddable":true,"href":"https:\/\/wi.pb.edu.pl\/p\/wp-json\/wp\/v2\/comments?post=1214"}],"version-history":[{"count":2,"href":"https:\/\/wi.pb.edu.pl\/p\/wp-json\/wp\/v2\/pages\/1214\/revisions"}],"predecessor-version":[{"id":1216,"href":"https:\/\/wi.pb.edu.pl\/p\/wp-json\/wp\/v2\/pages\/1214\/revisions\/1216"}],"up":[{"embeddable":true,"href":"https:\/\/wi.pb.edu.pl\/p\/wp-json\/wp\/v2\/pages\/1207"}],"wp:attachment":[{"href":"https:\/\/wi.pb.edu.pl\/p\/wp-json\/wp\/v2\/media?parent=1214"}],"curies":[{"name":"wp","href":"https:\/\/api.w.org\/{rel}","templated":true}]}}