{"id":1219,"date":"2024-07-23T09:37:53","date_gmt":"2024-07-23T07:37:53","guid":{"rendered":"https:\/\/wi.pb.edu.pl\/p\/?page_id=1219"},"modified":"2024-07-23T09:37:53","modified_gmt":"2024-07-23T07:37:53","slug":"dydaktyka","status":"publish","type":"page","link":"https:\/\/wi.pb.edu.pl\/p\/krzysztof-jurczuk\/dydaktyka\/","title":{"rendered":"Dydaktyka"},"content":{"rendered":"<p><b>Studia stacjonarne<\/b><br \/>\n<a href=\"https:\/\/cez2.wi.pb.edu.pl\/moodle\/course\/view.php?id=586\">In\ufffdyniera oprogramowania<\/a><br \/>\n<a href=\"https:\/\/cez2.wi.pb.edu.pl\/moodle\/course\/view.php?id=585\">Narz\ufffddzia Procesu Tworzenia Oprogramowania<\/a><br \/>\n<a href=\"https:\/\/cez2.wi.pb.edu.pl\/moodle\/course\/view.php?id=1048\">Obliczenia z wykorzystaniem akcelerator\ufffdw graficznych<\/a><br \/>\n<a href=\"https:\/\/cez2.wi.pb.edu.pl\/moodle\/course\/view.php?id=1029\">Analiza du\ufffdych zbior\ufffdw danych<\/a><br \/>\n<a href=\"https:\/\/cez2.wi.pb.edu.pl\/moodle\/course\/view.php?id=583\">Podstawy oprogramowania<\/a><\/p>\n<p>Bazy danych (w poprzednich latach)<br \/>\nMetody probabilstyczne i statystyka (w poprzednich latach)<br \/>\nInzyniera oprogramowania II (w poprzednich latach)<br \/>\nZaawansowana in\ufffdynieria oprogramowania(w poprzednich latach)<\/p>\n<p><b>Studia niestacjonarne<\/b><br \/>\n<a href=\"https:\/\/cez2.wi.pb.edu.pl\/moodle\/course\/view.php?id=631\">Narz\ufffddzia Procesu Tworzenia Oprogramowania<\/a><br \/>\n<a href=\"https:\/\/cez2.wi.pb.edu.pl\/moodle\/course\/view.php?id=587\">Obliczenia r\ufffdwnoleg\ufffde<\/a><\/p>\n<p>In\ufffdyniera oprogramowania (w poprzednich latach)<br \/>\nPodstawy programowania (w poprzednich latach)<br \/>\nInzyniera oprogramowania II (w poprzednich latach)<br \/>\nModele statystyczne (w poprzednich latach)<br \/>\nModele probabilistyczne i statystyka (w poprzednich latach)<\/p>\n<p>Documenty<br \/>\n<a href=\"https:\/\/wi.pb.edu.pl\/p\/wp-content\/uploads\/sites\/3\/2024\/07\/RationalPurify_Tutorial.pdf\">IBM Ratioanl Purify<\/a><br \/>\n<a href=\"https:\/\/wi.pb.edu.pl\/p\/wp-content\/uploads\/sites\/3\/2024\/07\/gprof_gcov_tutorial.pdf\">gprof &amp;&amp; gcov<\/a><br \/>\n<a href=\"https:\/\/wi.pb.edu.pl\/p\/wp-content\/uploads\/sites\/3\/2024\/07\/MS_VST_2005_Profiler_tutorial.pdf\">Visual Team Suite Profiler<\/a><br \/>\n<a href=\"https:\/\/wi.pb.edu.pl\/p\/wp-content\/uploads\/sites\/3\/2024\/07\/CLRProfiler_tutorial.pdf\">CLR Profiler<\/a><br \/>\n<a href=\"https:\/\/wi.pb.edu.pl\/p\/wp-content\/uploads\/sites\/3\/2024\/07\/MPEtutorial.pdf\">Profilowanie aplikacji rownoleglych\/rozproszonych za pomoca MPE<\/a><br \/>\n<a href=\"https:\/\/wi.pb.edu.pl\/p\/wp-content\/uploads\/sites\/3\/2024\/07\/Rtutorial.pdf\">Wprowadzenie do jezyka R<\/a><\/p>\n","protected":false},"excerpt":{"rendered":"<p>Studia stacjonarne In\ufffdyniera oprogramowania Narz\ufffddzia Procesu Tworzenia Oprogramowania Obliczenia z wykorzystaniem akcelerator\ufffdw graficznych Analiza du\ufffdych<a class=\"read-more\" href=\"https:\/\/wi.pb.edu.pl\/p\/krzysztof-jurczuk\/dydaktyka\/\" title=\"Poka\u017c artyku\u0142 Dydaktyka\">wi\u0119cej<\/a><\/p>\n","protected":false},"author":14,"featured_media":0,"parent":1207,"menu_order":0,"comment_status":"closed","ping_status":"closed","template":"","meta":{"inline_featured_image":false,"ngg_post_thumbnail":0,"footnotes":""},"class_list":["post-1219","page","type-page","status-publish","hentry"],"acf":[],"yoast_head":"<!-- This site is optimized with the Yoast SEO plugin v26.4 - https:\/\/yoast.com\/wordpress\/plugins\/seo\/ -->\n<title>Dydaktyka - Strony pracownik\u00f3w Wydzia\u0142u Informatyki Politechniki Bia\u0142ostockiej<\/title>\n<meta name=\"robots\" content=\"index, follow, max-snippet:-1, max-image-preview:large, max-video-preview:-1\" \/>\n<link rel=\"canonical\" href=\"https:\/\/wi.pb.edu.pl\/p\/krzysztof-jurczuk\/dydaktyka\/\" \/>\n<meta property=\"og:locale\" content=\"pl_PL\" \/>\n<meta property=\"og:type\" content=\"article\" \/>\n<meta property=\"og:title\" content=\"Dydaktyka - Strony pracownik\u00f3w Wydzia\u0142u Informatyki Politechniki Bia\u0142ostockiej\" \/>\n<meta property=\"og:description\" content=\"Studia stacjonarne In\ufffdyniera oprogramowania Narz\ufffddzia Procesu Tworzenia Oprogramowania Obliczenia z wykorzystaniem akcelerator\ufffdw graficznych Analiza du\ufffdychwi\u0119cej\" \/>\n<meta property=\"og:url\" content=\"https:\/\/wi.pb.edu.pl\/p\/krzysztof-jurczuk\/dydaktyka\/\" \/>\n<meta property=\"og:site_name\" content=\"Strony pracownik\u00f3w Wydzia\u0142u Informatyki Politechniki Bia\u0142ostockiej\" \/>\n<meta name=\"twitter:card\" content=\"summary_large_image\" \/>\n<meta name=\"twitter:label1\" content=\"Szacowany czas czytania\" \/>\n\t<meta name=\"twitter:data1\" content=\"1 minuta\" \/>\n<script type=\"application\/ld+json\" class=\"yoast-schema-graph\">{\"@context\":\"https:\/\/schema.org\",\"@graph\":[{\"@type\":\"WebPage\",\"@id\":\"https:\/\/wi.pb.edu.pl\/p\/krzysztof-jurczuk\/dydaktyka\/\",\"url\":\"https:\/\/wi.pb.edu.pl\/p\/krzysztof-jurczuk\/dydaktyka\/\",\"name\":\"Dydaktyka - Strony pracownik\u00f3w Wydzia\u0142u Informatyki Politechniki Bia\u0142ostockiej\",\"isPartOf\":{\"@id\":\"https:\/\/wi.pb.edu.pl\/p\/#website\"},\"datePublished\":\"2024-07-23T07:37:53+00:00\",\"breadcrumb\":{\"@id\":\"https:\/\/wi.pb.edu.pl\/p\/krzysztof-jurczuk\/dydaktyka\/#breadcrumb\"},\"inLanguage\":\"pl-PL\",\"potentialAction\":[{\"@type\":\"ReadAction\",\"target\":[\"https:\/\/wi.pb.edu.pl\/p\/krzysztof-jurczuk\/dydaktyka\/\"]}]},{\"@type\":\"BreadcrumbList\",\"@id\":\"https:\/\/wi.pb.edu.pl\/p\/krzysztof-jurczuk\/dydaktyka\/#breadcrumb\",\"itemListElement\":[{\"@type\":\"ListItem\",\"position\":1,\"name\":\"Strona g\u0142\u00f3wna\",\"item\":\"https:\/\/wi.pb.edu.pl\/p\/\"},{\"@type\":\"ListItem\",\"position\":2,\"name\":\"dr in\u017c. Krzysztof Jurczuk\",\"item\":\"https:\/\/wi.pb.edu.pl\/p\/krzysztof-jurczuk\/\"},{\"@type\":\"ListItem\",\"position\":3,\"name\":\"Dydaktyka\"}]},{\"@type\":\"WebSite\",\"@id\":\"https:\/\/wi.pb.edu.pl\/p\/#website\",\"url\":\"https:\/\/wi.pb.edu.pl\/p\/\",\"name\":\"Strony pracownik\u00f3w Wydzia\u0142u Informatyki Politechniki Bia\u0142ostockiej\",\"description\":\"\",\"potentialAction\":[{\"@type\":\"SearchAction\",\"target\":{\"@type\":\"EntryPoint\",\"urlTemplate\":\"https:\/\/wi.pb.edu.pl\/p\/?s={search_term_string}\"},\"query-input\":{\"@type\":\"PropertyValueSpecification\",\"valueRequired\":true,\"valueName\":\"search_term_string\"}}],\"inLanguage\":\"pl-PL\"}]}<\/script>\n<!-- \/ Yoast SEO plugin. -->","yoast_head_json":{"title":"Dydaktyka - Strony pracownik\u00f3w Wydzia\u0142u Informatyki Politechniki Bia\u0142ostockiej","robots":{"index":"index","follow":"follow","max-snippet":"max-snippet:-1","max-image-preview":"max-image-preview:large","max-video-preview":"max-video-preview:-1"},"canonical":"https:\/\/wi.pb.edu.pl\/p\/krzysztof-jurczuk\/dydaktyka\/","og_locale":"pl_PL","og_type":"article","og_title":"Dydaktyka - Strony pracownik\u00f3w Wydzia\u0142u Informatyki Politechniki Bia\u0142ostockiej","og_description":"Studia stacjonarne In\ufffdyniera oprogramowania Narz\ufffddzia Procesu Tworzenia Oprogramowania Obliczenia z wykorzystaniem akcelerator\ufffdw graficznych Analiza du\ufffdychwi\u0119cej","og_url":"https:\/\/wi.pb.edu.pl\/p\/krzysztof-jurczuk\/dydaktyka\/","og_site_name":"Strony pracownik\u00f3w Wydzia\u0142u Informatyki Politechniki Bia\u0142ostockiej","twitter_card":"summary_large_image","twitter_misc":{"Szacowany czas czytania":"1 minuta"},"schema":{"@context":"https:\/\/schema.org","@graph":[{"@type":"WebPage","@id":"https:\/\/wi.pb.edu.pl\/p\/krzysztof-jurczuk\/dydaktyka\/","url":"https:\/\/wi.pb.edu.pl\/p\/krzysztof-jurczuk\/dydaktyka\/","name":"Dydaktyka - Strony pracownik\u00f3w Wydzia\u0142u Informatyki Politechniki Bia\u0142ostockiej","isPartOf":{"@id":"https:\/\/wi.pb.edu.pl\/p\/#website"},"datePublished":"2024-07-23T07:37:53+00:00","breadcrumb":{"@id":"https:\/\/wi.pb.edu.pl\/p\/krzysztof-jurczuk\/dydaktyka\/#breadcrumb"},"inLanguage":"pl-PL","potentialAction":[{"@type":"ReadAction","target":["https:\/\/wi.pb.edu.pl\/p\/krzysztof-jurczuk\/dydaktyka\/"]}]},{"@type":"BreadcrumbList","@id":"https:\/\/wi.pb.edu.pl\/p\/krzysztof-jurczuk\/dydaktyka\/#breadcrumb","itemListElement":[{"@type":"ListItem","position":1,"name":"Strona g\u0142\u00f3wna","item":"https:\/\/wi.pb.edu.pl\/p\/"},{"@type":"ListItem","position":2,"name":"dr in\u017c. Krzysztof Jurczuk","item":"https:\/\/wi.pb.edu.pl\/p\/krzysztof-jurczuk\/"},{"@type":"ListItem","position":3,"name":"Dydaktyka"}]},{"@type":"WebSite","@id":"https:\/\/wi.pb.edu.pl\/p\/#website","url":"https:\/\/wi.pb.edu.pl\/p\/","name":"Strony pracownik\u00f3w Wydzia\u0142u Informatyki Politechniki Bia\u0142ostockiej","description":"","potentialAction":[{"@type":"SearchAction","target":{"@type":"EntryPoint","urlTemplate":"https:\/\/wi.pb.edu.pl\/p\/?s={search_term_string}"},"query-input":{"@type":"PropertyValueSpecification","valueRequired":true,"valueName":"search_term_string"}}],"inLanguage":"pl-PL"}]}},"_links":{"self":[{"href":"https:\/\/wi.pb.edu.pl\/p\/wp-json\/wp\/v2\/pages\/1219","targetHints":{"allow":["GET"]}}],"collection":[{"href":"https:\/\/wi.pb.edu.pl\/p\/wp-json\/wp\/v2\/pages"}],"about":[{"href":"https:\/\/wi.pb.edu.pl\/p\/wp-json\/wp\/v2\/types\/page"}],"author":[{"embeddable":true,"href":"https:\/\/wi.pb.edu.pl\/p\/wp-json\/wp\/v2\/users\/14"}],"replies":[{"embeddable":true,"href":"https:\/\/wi.pb.edu.pl\/p\/wp-json\/wp\/v2\/comments?post=1219"}],"version-history":[{"count":1,"href":"https:\/\/wi.pb.edu.pl\/p\/wp-json\/wp\/v2\/pages\/1219\/revisions"}],"predecessor-version":[{"id":1226,"href":"https:\/\/wi.pb.edu.pl\/p\/wp-json\/wp\/v2\/pages\/1219\/revisions\/1226"}],"up":[{"embeddable":true,"href":"https:\/\/wi.pb.edu.pl\/p\/wp-json\/wp\/v2\/pages\/1207"}],"wp:attachment":[{"href":"https:\/\/wi.pb.edu.pl\/p\/wp-json\/wp\/v2\/media?parent=1219"}],"curies":[{"name":"wp","href":"https:\/\/api.w.org\/{rel}","templated":true}]}}